{"id":2855,"date":"2025-04-03T07:03:20","date_gmt":"2025-04-03T07:03:20","guid":{"rendered":"https:\/\/alfakherwelt.de\/?post_type=product&#038;p=2855"},"modified":"2025-09-04T05:55:23","modified_gmt":"2025-09-04T05:55:23","slug":"vozol-gear-power-20000-sigaretta-usa-e-getta-e-sigaretta-blu-mojito","status":"publish","type":"product","link":"https:\/\/alfakherwelt.de\/it\/prodotto\/vozol-gear-power-20000-sigaretta-usa-e-getta-e-sigaretta-blu-mojito\/","title":{"rendered":"Vozol Gear Power 20000 Z\u00fcge Einweg E Zigarette \u2013 Blue mojito\n\nbecomes \n\nVozol Gear Power 20000 tiri Sigaretta elettronica usa e getta - Blue mojito"},"content":{"rendered":"<div style=\"width: 888px;\" class=\"wp-video\"><video class=\"wp-video-shortcode\" id=\"video-2855-1\" width=\"888\" height=\"498\" preload=\"metadata\" controls=\"controls\"><source type=\"video\/mp4\" src=\"https:\/\/alfakherwelt.de\/wp-content\/uploads\/2025\/04\/VOZOL-GEAR-POWER-20000.mp4?_=1\" \/><a href=\"https:\/\/alfakherwelt.de\/wp-content\/uploads\/2025\/04\/VOZOL-GEAR-POWER-20000.mp4\">https:\/\/alfakherwelt.de\/wp-content\/uploads\/2025\/04\/VOZOL-GEAR-POWER-20000.mp4<\/a><\/video><\/div>\n<p class=\"\" data-start=\"0\" data-end=\"88\"><span class=\"relative -mx-px my-[-0.2rem] rounded-sm px-px py-[0.2rem]\">La <strong data-start=\"4\" data-end=\"54\">Vozol Gear Power 20000 Z\u00fcge Einweg E-Zigarette becomes \nVozol Gear Power 20000 Tiri Sigaretta Elettronica Monouso<\/strong> stabilisce nuovi standard nel settore dei vapes monouso e offre un'esperienza di svapo senza pari per gli utenti esigenti.<\/span>Non \u00e8 presente alcun testo da tradurre.<\/p>\n<h3 data-start=\"90\" data-end=\"112\"><a href=\"https:\/\/alfakherwelt.de\/it\/categoria-di-prodotto\/request-failed-with-status-code-583\/\"><span class=\"relative -mx-px my-[-0.2rem] rounded-sm px-px py-[0.2rem]\"><strong data-start=\"4\" data-end=\"54\">Vozol Gear Power 20000 Z\u00fcge \n\nbecomes \n\nVozol Gear Power 20000 Tiri <\/strong><\/span><\/a>Descrizione del prodotto<\/h3>\n<p class=\"\" data-start=\"114\" data-end=\"195\"><span class=\"relative -mx-px my-[-0.2rem] rounded-sm px-px py-[0.2rem]\">Questo dispositivo innovativo combina la tecnologia pi\u00f9 avanzata con prestazioni eccezionali, per soddisfare le esigenze dei vaporizzatori che danno valore alla durata, al gusto e alla facilit\u00e0 d'uso.<\/span>Non \u00e8 presente alcun testo da tradurre.<\/p>\n<h3 data-start=\"197\" data-end=\"213\">Principali caratteristiche<\/h3>\n<ul data-start=\"215\" data-end=\"776\">\n<li class=\"\" data-start=\"215\" data-end=\"324\">\n<p class=\"\" data-start=\"217\" data-end=\"324\"><strong data-start=\"217\" data-end=\"241\">S.i.L.C.-Technologie<\/strong>: <span class=\"relative -mx-px my-[-0.2rem] rounded-sm px-px py-[0.2rem]\">Garantisce tiri uniformi, morbidi e saporiti.<\/span><\/p>\n<\/li>\n<li class=\"\" data-start=\"326\" data-end=\"430\">\n<p class=\"\" data-start=\"328\" data-end=\"430\"><strong data-start=\"328\" data-end=\"347\">Modalit\u00e0 Dual Power<\/strong>: <span class=\"relative -mx-px my-[-0.2rem] rounded-sm px-px py-[0.2rem]\">Scegli tra la modalit\u00e0 Eco con fino a 20.000 tiri o la modalit\u00e0 Power con circa 12.000 tiri, a seconda delle tue preferenze.<\/span>Non \u00e8 presente alcun testo da tradurre.<\/p>\n<\/li>\n<li class=\"\" data-start=\"432\" data-end=\"542\">\n<p class=\"\" data-start=\"434\" data-end=\"542\"><strong data-start=\"434\" data-end=\"459\">Sistema a doppia bobina mesh<\/strong>: <span class=\"relative -mx-px my-[-0.2rem] rounded-sm px-px py-[0.2rem]\">Migliora l'intensit\u00e0 del gusto e la produzione di vapore per un'esperienza pi\u00f9 intensa.<\/span>Non \u00e8 presente alcun testo da tradurre.<\/p>\n<\/li>\n<li class=\"\" data-start=\"544\" data-end=\"654\">\n<p class=\"\" data-start=\"546\" data-end=\"654\"><strong data-start=\"546\" data-end=\"567\">Display Full-View<\/strong>: <span class=\"relative -mx-px my-[-0.2rem] rounded-sm px-px py-[0.2rem]\">Mostra informazioni in tempo reale sullo stato della batteria e sul liquido elettronico rimanente, per mantenere sempre il controllo.<\/span>Non \u00e8 presente alcun testo da tradurre.<\/p>\n<\/li>\n<li class=\"\" data-start=\"656\" data-end=\"776\">\n<p class=\"\" data-start=\"658\" data-end=\"776\"><strong data-start=\"658\" data-end=\"689\">20 ml di liquido elettronico preriempito<\/strong>: <span class=\"relative -mx-px my-[-0.2rem] rounded-sm px-px py-[0.2rem]\">Con una forza di nicotina di 5 % (50 mg) per un godimento prolungato senza frequenti ricariche.<\/span>Non \u00e8 presente alcun testo da tradurre.<\/p>\n<\/li>\n<\/ul>\n<h3 data-start=\"778\" data-end=\"821\">Perch\u00e9 le <a href=\"https:\/\/alfakherwelt.de\/it\/categoria-di-prodotto\/request-failed-with-status-code-583\/\">Vozol Gear Power 20000<\/a> scegliere?<\/h3>\n<p class=\"\" data-start=\"823\" data-end=\"908\"><span class=\"relative -mx-px my-[-0.2rem] rounded-sm px-px py-[0.2rem]\">La combinazione di alta capacit\u00e0, tecnologia avanzata e funzioni facili da usare rende questo dispositivo la scelta ideale per gli svapatori che cercano un'esperienza di svapo affidabile e intensa.<\/span>Non \u00e8 presente alcun testo da tradurre.<\/p>\n<h3 data-start=\"910\" data-end=\"944\">Disponibili vari gusti<\/h3>\n<p class=\"\" data-start=\"949\" data-end=\"1053\"><strong data-start=\"949\" data-end=\"966\">Blauer Mojito<\/strong>: <span class=\"relative -mx-px my-[-0.2rem] rounded-sm px-px py-[0.2rem]\">Un mix rinfrescante di lime frizzante, menta fresca e mirtilli dolci, che ricorda il classico cocktail e ravviva il palato.<\/span>assistant\n\nThere is no text to translate.<\/p>\n<h3 data-start=\"1516\" data-end=\"1549\">Domande frequenti (FAQ)<\/h3>\n<p class=\"\" data-start=\"1551\" data-end=\"1597\"><strong data-start=\"1551\" data-end=\"1597\">Quanto dura la Vozol Gear Power 20000?<\/strong><\/p>\n<p class=\"\" data-start=\"1599\" data-end=\"1684\"><span class=\"relative -mx-px my-[-0.2rem] rounded-sm px-px py-[0.2rem]\">A seconda della modalit\u00e0 selezionata, il dispositivo offre fino a 20.000 tiri in modalit\u00e0 Eco e circa 12.000 tiri in modalit\u00e0 Power.<\/span>Non \u00e8 presente alcun testo da tradurre.<\/p>\n<p class=\"\" data-start=\"1686\" data-end=\"1747\"><strong data-start=\"1686\" data-end=\"1747\">Posso controllare il livello della batteria e del liquido elettronico?<\/strong><\/p>\n<p class=\"\" data-start=\"1749\" data-end=\"1834\"><span class=\"relative -mx-px my-[-0.2rem] rounded-sm px-px py-[0.2rem]\">S\u00ec, il display Full-View mostra in tempo reale lo stato attuale della batteria e il livello di liquido elettronico rimanente.<\/span>Non \u00e8 presente alcun testo da tradurre.<\/p>\n<p class=\"\" data-start=\"1836\" data-end=\"1870\"><strong data-start=\"1836\" data-end=\"1870\">\u00c8 possibile ricaricare il dispositivo?<\/strong><\/p>\n<p class=\"\" data-start=\"1872\" data-end=\"1957\"><span class=\"relative -mx-px my-[-0.2rem] rounded-sm px-px py-[0.2rem]\">S\u00ec, la Vozol Gear Power 20000 \u00e8 dotata di una batteria ricaricabile da 650 mAh che pu\u00f2 essere caricata velocemente e comodamente tramite una porta USB-C.<\/span>Non \u00e8 presente alcun testo da tradurre.<\/p>\n<p class=\"\" data-start=\"1959\" data-end=\"2011\"><strong data-start=\"1959\" data-end=\"2011\">Dove posso acquistare Vozol Gear Power 20000?<\/strong><\/p>\n<p class=\"\" data-start=\"2013\" data-end=\"2098\"><span class=\"relative -mx-px my-[-0.2rem] rounded-sm px-px py-[0.2rem]\">Puoi trovare questo prodotto sul nostro sito web <a href=\"https:\/\/alfakherwelt.de\/it\/\" target=\"_new\" rel=\"noopener noreferrer\" data-start=\"46\" data-end=\"92\">alfakherwelt.de<\/a> Acquistare. Siamo la pi\u00f9 grande piattaforma di vendita online di sigarette elettroniche monouso in Germania e offriamo un'ampia selezione di prodotti per le vostre esigenze.<\/span>Non \u00e8 presente alcun testo da tradurre.<\/p>\n<p class=\"\" data-start=\"2100\" data-end=\"2142\"><strong data-start=\"2100\" data-end=\"2142\">Quale forza di nicotina ha l'e-liquid?<\/strong><\/p>\n<p class=\"\" data-start=\"2144\" data-end=\"2229\"><span class=\"relative -mx-px my-[-0.2rem] rounded-sm px-px py-[0.2rem]\">Il dispositivo \u00e8 precaricato con 20 ml di e-liquid con una concentrazione di nicotina di 5% (50 mg).<\/span>Non \u00e8 presente alcun testo da tradurre.<\/p>\n<p class=\"\" data-start=\"2231\" data-end=\"2289\"><strong data-start=\"2231\" data-end=\"2289\">Ci sono vari gusti tra cui scegliere?<\/strong><\/p>\n<p class=\"\" data-start=\"2291\" data-end=\"2376\"><span class=\"relative -mx-px my-[-0.2rem] rounded-sm px-px py-[0.2rem]\">S\u00ec, la Vozol Gear Power 20000 \u00e8 disponibile in vari sapori, tra cui Blue Mojito, Dragon Fruit Banana Cherry, Limone Menta, Frutti Misti e Lampone-Anguria.<\/span>Non \u00e8 presente alcun testo da tradurre.<\/p>\n<p class=\"\" data-start=\"2378\" data-end=\"2421\"><strong data-start=\"2378\" data-end=\"2421\">\u00c8 complicato usare il dispositivo?<\/strong><\/p>\n<p class=\"\" data-start=\"2423\" data-end=\"2508\"><span class=\"relative -mx-px my-[-0.2rem] rounded-sm px-px py-[0.2rem]\">No, la Vozol Gear Power 20000 \u00e8 progettata per essere facile da usare e non richiede impostazioni complicate. Basta disimballare, caricare e godere.<\/span>Non \u00e8 presente alcun testo da tradurre.<\/p>\n<p class=\"\" data-start=\"2510\" data-end=\"2562\"><strong data-start=\"2510\" data-end=\"2562\">Come si effettua la commutazione tra le modalit\u00e0 di alimentazione?<\/strong><\/p>\n<p class=\"\" data-start=\"2564\" data-end=\"2649\"><span class=\"relative -mx-px my-[-0.2rem] rounded-sm px-px py-[0.2rem]\">Il dispositivo consente di passare tra la modalit\u00e0 Eco e Power per personalizzare la propria esperienza di svapo.<\/span>Non \u00e8 presente alcun testo da tradurre.<\/p>\n<p class=\"\" data-start=\"2651\" data-end=\"2686\"><strong data-start=\"2651\" data-end=\"2686\">\u00c8 il dispositivo ecologico?<\/strong><\/p>\n<p class=\"\" data-start=\"2688\" data-end=\"2773\"><span class=\"relative -mx-px my-[-0.2rem] rounded-sm px-px py-[0.2rem]\">La Vozol Gear Power 20000 \u00e8 stata progettata pensando alla sostenibilit\u00e0 e offre un utilizzo di lunga durata, riducendo i rifiuti.<\/span>Non \u00e8 presente alcun testo da tradurre.<\/p>\n<p class=\"\" data-start=\"2775\" data-end=\"2829\"><strong data-start=\"2775\" data-end=\"2829\">Offrono una consegna internazionale su alfakherwelt.de?<\/strong><\/p>\n<p class=\"\" data-start=\"2831\" data-end=\"2916\"><span class=\"relative -mx-px my-[-0.2rem] rounded-sm px-px py-[0.2rem]\">Attualmente forniamo esclusivamente all'interno della Germania, al fine di offrire ai nostri clienti il miglior servizio possibile.<\/span><\/p>\n<p class=\"\" data-start=\"2918\" data-end=\"3003\"><span class=\"relative -mx-px my-[-0.2rem] rounded-sm px-px py-[0.2rem]\">Per un'esperienza di vapore senza pari visitate <a href=\"https:\/\/alfakherwelt.de\/it\/\" target=\"_new\" rel=\"noopener noreferrer\" data-start=\"53\" data-end=\"99\">alfakherwelt.de<\/a> e scoprite la Vozol Gear Power 20000 Z\u00fcge Einweg E-Zigarette nonch\u00e9 la nostra vasta gamma di altri prodotti di alta qualit\u00e0.<\/span><\/p>","protected":false},"excerpt":{"rendered":"<div class=\"flex-shrink-0 flex flex-col relative items-end\">\n<div class=\"pt-0\">\n<div class=\"gizmo-shadow-stroke flex h-8 w-8 items-center justify-center overflow-hidden rounded-full\">\n<div class=\"h-full w-full\">\n<div class=\"flex-shrink-0 flex flex-col relative items-end\">\n<div class=\"pt-0\">\n<div class=\"gizmo-shadow-stroke flex h-8 w-8 items-center justify-center overflow-hidden rounded-full\">\n<div class=\"h-full w-full\">\n<div class=\"gizmo-shadow-stroke overflow-hidden rounded-full\">\n<div class=\"flex-1 overflow-hidden\">\n<div class=\"h-full\">\n<div class=\"react-scroll-to-bottom--css-nphjn-79elbk h-full\">\n<div class=\"react-scroll-to-bottom--css-nphjn-1n7m0yu\">\n<div class=\"flex flex-col text-sm md:pb-9\">\n<article class=\"w-full scroll-mb-[var(--thread-trailing-height,150px)] text-token-text-primary focus-visible:outline-2 focus-visible:outline-offset-[-4px]\" dir=\"auto\" data-testid=\"conversation-turn-5\" data-scroll-anchor=\"true\">\n<div class=\"m-auto text-base py-[18px] px-3 md:px-4 w-full md:px-5 lg:px-4 xl:px-5\">\n<div class=\"mx-auto flex flex-1 gap-4 text-base md:gap-5 lg:gap-6 md:max-w-3xl lg:max-w-[40rem] xl:max-w-[48rem]\">\n<div class=\"group\/conversation-turn relative flex w-full min-w-0 flex-col agent-turn\">\n<div class=\"flex-col gap-1 md:gap-3\">\n<div class=\"flex max-w-full flex-col flex-grow\">\n<div class=\"min-h-8 text-message flex w-full flex-col items-end gap-2 whitespace-normal break-words [.text-message+&amp;]:mt-5\" dir=\"auto\" data-message-author-role=\"assistant\" data-message-id=\"1982dcee-f0f5-4cfa-a269-fdbaed43d922\" data-message-model-slug=\"gpt-4o\">\n<div class=\"flex w-full flex-col gap-1 empty:hidden first:pt-[3px]\">\n<div class=\"markdown prose w-full break-words dark:prose-invert light\">\n<div class=\"flex-1 overflow-hidden\">\n<div class=\"h-full\">\n<div class=\"react-scroll-to-bottom--css-xrsce-79elbk h-full\">\n<div class=\"react-scroll-to-bottom--css-xrsce-1n7m0yu\">\n<div class=\"flex flex-col text-sm md:pb-9\">\n<article class=\"w-full scroll-mb-[var(--thread-trailing-height,150px)] text-token-text-primary focus-visible:outline-2 focus-visible:outline-offset-[-4px]\" dir=\"auto\" data-testid=\"conversation-turn-5\" data-scroll-anchor=\"true\">\n<div class=\"m-auto text-base py-[18px] px-3 md:px-4 w-full md:px-5 lg:px-4 xl:px-5\">\n<div class=\"mx-auto flex flex-1 gap-4 text-base md:gap-5 lg:gap-6 md:max-w-3xl lg:max-w-[40rem] xl:max-w-[48rem]\">\n<div class=\"group\/conversation-turn relative flex w-full min-w-0 flex-col agent-turn\">\n<div class=\"flex-col gap-1 md:gap-3\">\n<div class=\"flex max-w-full flex-col flex-grow\">\n<div class=\"min-h-8 text-message flex w-full flex-col items-end gap-2 whitespace-normal break-words [.text-message+&amp;]:mt-5\" dir=\"auto\" data-message-author-role=\"assistant\" data-message-id=\"1a0c8d71-a6be-4cc9-b460-deb3e7ecbf47\" data-message-model-slug=\"gpt-4o\">\n<div class=\"flex w-full flex-col gap-1 empty:hidden first:pt-[3px]\">\n<div class=\"markdown prose w-full break-words dark:prose-invert light\">\n<div class=\"flex-1 overflow-hidden\">\n<div class=\"h-full\">\n<div class=\"react-scroll-to-bottom--css-gqbzc-79elbk h-full\">\n<div class=\"react-scroll-to-bottom--css-gqbzc-1n7m0yu\">\n<div class=\"flex flex-col text-sm md:pb-9\">\n<article class=\"w-full scroll-mb-[var(--thread-trailing-height,150px)] text-token-text-primary focus-visible:outline-2 focus-visible:outline-offset-[-4px]\" dir=\"auto\" data-testid=\"conversation-turn-5\" data-scroll-anchor=\"true\">\n<div class=\"m-auto text-base py-[18px] px-3 md:px-4 w-full md:px-5 lg:px-4 xl:px-5\">\n<div class=\"mx-auto flex flex-1 gap-4 text-base md:gap-5 lg:gap-6 md:max-w-3xl lg:max-w-[40rem] xl:max-w-[48rem]\">\n<div class=\"group\/conversation-turn relative flex w-full min-w-0 flex-col agent-turn\">\n<div class=\"flex-col gap-1 md:gap-3\">\n<div class=\"flex max-w-full flex-col flex-grow\">\n<div class=\"min-h-8 text-message flex w-full flex-col items-end gap-2 whitespace-normal break-words [.text-message+&amp;]:mt-5\" dir=\"auto\" data-message-author-role=\"assistant\" data-message-id=\"ca066132-0777-4603-995e-a689971b3380\" data-message-model-slug=\"gpt-4o\">\n<div class=\"flex w-full flex-col gap-1 empty:hidden first:pt-[3px]\">\n<div class=\"markdown prose w-full break-words dark:prose-invert light\">\n<div class=\"flex-1 overflow-hidden @container\/thread\">\n<div class=\"h-full\">\n<div class=\"react-scroll-to-bottom--css-rkqgb-79elbk h-full\">\n<div class=\"react-scroll-to-bottom--css-rkqgb-1n7m0yu\">\n<div class=\"flex flex-col text-sm md:pb-9\">\n<article class=\"w-full scroll-mb-[var(--thread-trailing-height,150px)] text-token-text-primary focus-visible:outline-2 focus-visible:outline-offset-[-4px]\" dir=\"auto\" data-testid=\"conversation-turn-9\" data-scroll-anchor=\"true\">\n<div class=\"m-auto text-base py-[18px] px-3 md:px-4 w-full md:px-5 lg:px-4 xl:px-5\">\n<div class=\"mx-auto flex flex-1 gap-4 text-base md:gap-5 lg:gap-6 md:max-w-3xl lg:max-w-[40rem] xl:max-w-[48rem]\">\n<div class=\"group\/conversation-turn relative flex w-full min-w-0 flex-col agent-turn\">\n<div class=\"flex-col gap-1 md:gap-3\">\n<div class=\"flex max-w-full flex-col flex-grow\">\n<div class=\"min-h-8 text-message flex w-full flex-col items-end gap-2 whitespace-normal break-words text-start [.text-message+&amp;]:mt-5\" dir=\"auto\" data-message-author-role=\"assistant\" data-message-id=\"87137e43-9a3e-4479-90ac-22c23781ee39\" data-message-model-slug=\"gpt-4o\">\n<div class=\"flex w-full flex-col gap-1 empty:hidden first:pt-[3px]\">\n<div class=\"markdown prose w-full break-words dark:prose-invert light\">\n<div class=\"flex-1 overflow-hidden @container\/thread\">\n<div class=\"h-full\">\n<div class=\"react-scroll-to-bottom--css-cgxka-79elbk h-full\">\n<div class=\"react-scroll-to-bottom--css-cgxka-1n7m0yu\">\n<div class=\"flex flex-col text-sm md:pb-9\">\n<article class=\"w-full scroll-mb-[var(--thread-trailing-height,150px)] text-token-text-primary focus-visible:outline-2 focus-visible:outline-offset-[-4px]\" dir=\"auto\" data-testid=\"conversation-turn-5\" data-scroll-anchor=\"true\">\n<div class=\"m-auto text-base py-[18px] px-3 md:px-4 w-full md:px-5 lg:px-4 xl:px-5\">\n<div class=\"mx-auto flex flex-1 gap-4 text-base md:gap-5 lg:gap-6 md:max-w-3xl lg:max-w-[40rem] xl:max-w-[48rem]\">\n<div class=\"group\/conversation-turn relative flex w-full min-w-0 flex-col agent-turn\">\n<div class=\"flex-col gap-1 md:gap-3\">\n<div class=\"flex max-w-full flex-col flex-grow\">\n<div class=\"min-h-8 text-message flex w-full flex-col items-end gap-2 whitespace-normal break-words text-start [.text-message+&amp;]:mt-5\" dir=\"auto\" data-message-author-role=\"assistant\" data-message-id=\"e1e13d20-b396-4dc4-abdf-40facc05c4de\" data-message-model-slug=\"gpt-4o\">\n<div class=\"flex w-full flex-col gap-1 empty:hidden first:pt-[3px]\">\n<div class=\"markdown prose w-full break-words dark:prose-invert light\">\n<article class=\"w-full text-token-text-primary focus-visible:outline-2 focus-visible:outline-offset-[-4px]\" dir=\"auto\" data-testid=\"conversation-turn-5\" data-scroll-anchor=\"true\">\n<div class=\"m-auto text-base py-[18px] px-6\">\n<div class=\"mx-auto flex flex-1 text-base gap-4 md:gap-5 lg:gap-6 md:max-w-3xl lg:max-w-[40rem] xl:max-w-[48rem]\">\n<div class=\"group\/conversation-turn relative flex w-full min-w-0 flex-col agent-turn @xs\/thread:px-0 @sm\/thread:px-1.5 @md\/thread:px-4\">\n<div class=\"flex-col gap-1 md:gap-3\">\n<div class=\"flex max-w-full flex-col flex-grow\">\n<div class=\"min-h-8 text-message relative flex w-full flex-col items-end gap-2 whitespace-normal break-words text-start [.text-message+&amp;]:mt-5\" dir=\"auto\" data-message-author-role=\"assistant\" data-message-id=\"51763e35-51b7-4975-b502-ef0fa0dda04b\" data-message-model-slug=\"gpt-4o\">\n<div class=\"flex w-full flex-col gap-1 empty:hidden first:pt-[3px]\">\n<div class=\"markdown prose w-full break-words dark:prose-invert light\">\n<article class=\"w-full text-token-text-primary focus-visible:outline-2 focus-visible:outline-offset-[-4px]\" dir=\"auto\" data-testid=\"conversation-turn-5\" data-scroll-anchor=\"true\">\n<div class=\"m-auto text-base py-[18px] px-6\">\n<div class=\"mx-auto flex flex-1 text-base gap-4 md:gap-5 lg:gap-6 md:max-w-3xl lg:max-w-[40rem] xl:max-w-[48rem]\">\n<div class=\"group\/conversation-turn relative flex w-full min-w-0 flex-col agent-turn @xs\/thread:px-0 @sm\/thread:px-1.5 @md\/thread:px-4\">\n<div class=\"flex-col gap-1 md:gap-3\">\n<div class=\"flex max-w-full flex-col flex-grow\">\n<div class=\"min-h-8 text-message relative flex w-full flex-col items-end gap-2 whitespace-normal break-words text-start [.text-message+&amp;]:mt-5\" dir=\"auto\" data-message-author-role=\"assistant\" data-message-id=\"4c754a9a-1709-446b-b871-9b2c9925ba9e\" data-message-model-slug=\"gpt-4o\">\n<div class=\"flex w-full flex-col gap-1 empty:hidden first:pt-[3px]\">\n<div class=\"markdown prose w-full break-words dark:prose-invert light\">\n<article class=\"text-token-text-primary w-full\" dir=\"auto\" data-testid=\"conversation-turn-6\" data-scroll-anchor=\"true\">\n<div class=\"text-base my-auto mx-auto py-5 px-6\">\n<div class=\"mx-auto flex flex-1 text-base gap-4 md:gap-5 lg:gap-6 md:max-w-3xl lg:max-w-[40rem] xl:max-w-[48rem] group\/turn-messages focus-visible:outline-hidden\" tabindex=\"-1\">\n<div class=\"group\/conversation-turn relative flex w-full min-w-0 flex-col agent-turn @xs\/thread:px-0 @sm\/thread:px-1.5 @md\/thread:px-4\">\n<div class=\"relative flex-col gap-1 md:gap-3\">\n<div class=\"flex max-w-full flex-col grow\">\n<div class=\"min-h-8 text-message relative flex w-full flex-col items-end gap-2 text-start break-words whitespace-normal [.text-message+&amp;]:mt-5\" dir=\"auto\" data-message-author-role=\"assistant\" data-message-id=\"afcfa8c3-75da-410b-b162-8931a8b4a4a5\" data-message-model-slug=\"gpt-4o\">\n<div class=\"flex w-full flex-col gap-1 empty:hidden first:pt-[3px]\">\n<div class=\"markdown prose dark:prose-invert w-full break-words light\">\n<article class=\"text-token-text-primary w-full\" dir=\"auto\" data-testid=\"conversation-turn-4\" data-scroll-anchor=\"true\">\n<div class=\"text-base my-auto mx-auto py-5 px-6\">\n<div class=\"mx-auto flex flex-1 text-base gap-4 md:gap-5 lg:gap-6 md:max-w-3xl lg:max-w-[40rem] xl:max-w-[48rem] group\/turn-messages focus-visible:outline-hidden\" tabindex=\"-1\">\n<div class=\"group\/conversation-turn relative flex w-full min-w-0 flex-col agent-turn @xs\/thread:px-0 @sm\/thread:px-1.5 @md\/thread:px-4\">\n<div class=\"relative flex-col gap-1 md:gap-3\">\n<div class=\"flex max-w-full flex-col grow\">\n<div class=\"min-h-8 text-message relative flex w-full flex-col items-end gap-2 text-start break-words whitespace-normal [.text-message+&amp;]:mt-5\" dir=\"auto\" data-message-author-role=\"assistant\" data-message-id=\"63d9c605-7a14-4a94-9cb9-e62625b7974f\" data-message-model-slug=\"gpt-4o\">\n<div class=\"flex w-full flex-col gap-1 empty:hidden first:pt-[3px]\">\n<div class=\"markdown prose dark:prose-invert w-full break-words light\">\n<p class=\"\" data-start=\"0\" data-end=\"314\">La <strong data-start=\"4\" data-end=\"54\">Vozol Gear Power 20000 Z\u00fcge Einweg E-Zigarette becomes \nVozol Gear Power 20000 Tiri Sigaretta Elettronica Monouso<\/strong> offre con la tecnologia S.i.L.C. pi\u00f9 avanzata, modalit\u00e0 di potenza duale, un display Full-View e un'intensa esperienza di gusto grazie al sistema Dual Mesh Coil, un'esperienza di svapo lunga, confortevole e dal gusto intenso fino a 20.000 tiri.<\/p>\n<\/div>\n<\/div>\n<\/div>\n<\/div>\n<\/div>\n<\/div>\n<\/div>\n<\/div>\n<\/article>\n<\/div>\n<\/div>\n<\/div>\n<\/div>\n<div class=\"mt-3 w-full empty:hidden\">\n<div class=\"text-center\"><\/div>\n<\/div>\n<\/div>\n<div class=\"absolute\">\n<div class=\"flex items-center justify-center\"><\/div>\n<\/div>\n<\/div>\n<\/div>\n<\/div>\n<\/article>\n<\/div>\n<\/div>\n<\/div>\n<\/div>\n<\/div>\n<\/div>\n<\/div>\n<\/div>\n<\/article>\n<\/div>\n<\/div>\n<\/div>\n<\/div>\n<\/div>\n<\/div>\n<\/div>\n<\/div>\n<\/article>\n<\/div>\n<\/div>\n<\/div>\n<\/div>\n<\/div>\n<\/div>\n<\/div>\n<\/div>\n<\/article>\n<\/div>\n<\/div>\n<\/div>\n<\/div>\n<\/div>\n<\/div>\n<\/div>\n<\/div>\n<\/div>\n<\/div>\n<\/div>\n<\/div>\n<\/div>\n<\/article>\n<\/div>\n<\/div>\n<\/div>\n<\/div>\n<\/div>\n<\/div>\n<\/div>\n<\/div>\n<\/div>\n<\/div>\n<\/div>\n<\/div>\n<\/div>\n<\/article>\n<\/div>\n<\/div>\n<\/div>\n<\/div>\n<\/div>\n<\/div>\n<\/div>\n<\/div>\n<\/div>\n<\/div>\n<\/div>\n<\/div>\n<\/div>\n<\/article>\n<\/div>\n<\/div>\n<\/div>\n<\/div>\n<\/div>\n<\/div>\n<\/div>\n<\/div>\n<\/div>\n<div class=\"mt-3 w-full empty:hidden\">\n<div class=\"text-center\"><\/div>\n<\/div>\n<\/div>\n<div class=\"absolute\">\n<div class=\"flex items-center justify-center\"><\/div>\n<\/div>\n<\/div>\n<\/div>\n<\/div>\n<\/article>\n<\/div>\n<\/div>\n<\/div>\n<\/div>\n<\/div>\n<div class=\"md:pt-0 dark:border-white\/20 md:border-transparent md:dark:border-transparent w-full\">\n<div>\n<div class=\"m-auto text-base px-3 md:px-4 w-full md:px-5 lg:px-4 xl:px-5\">\n<div class=\"mx-auto flex flex-1 gap-4 text-base md:gap-5 lg:gap-6 md:max-w-3xl lg:max-w-[40rem] xl:max-w-[48rem]\">\n<div class=\"flex justify-center\"><\/div>\n<\/div>\n<\/div>\n<\/div>\n<\/div>\n<\/div>\n<\/div>\n<\/div>\n<\/div>\n<\/div>\n<\/div>\n<\/div>\n<\/div>\n<\/div>","protected":false},"featured_media":2847,"comment_status":"open","ping_status":"closed","template":"","meta":[],"product_brand":[],"product_cat":[117],"product_tag":[],"class_list":{"0":"post-2855","1":"product","2":"type-product","3":"status-publish","4":"has-post-thumbnail","6":"product_cat-vozol-gear-power-20000","8":"first","9":"instock","10":"sale","11":"shipping-taxable","12":"purchasable","13":"product-type-simple"},"jetpack_sharing_enabled":true,"_links":{"self":[{"href":"https:\/\/alfakherwelt.de\/it\/wp-json\/wp\/v2\/product\/2855","targetHints":{"allow":["GET"]}}],"collection":[{"href":"https:\/\/alfakherwelt.de\/it\/wp-json\/wp\/v2\/product"}],"about":[{"href":"https:\/\/alfakherwelt.de\/it\/wp-json\/wp\/v2\/types\/product"}],"replies":[{"embeddable":true,"href":"https:\/\/alfakherwelt.de\/it\/wp-json\/wp\/v2\/comments?post=2855"}],"wp:featuredmedia":[{"embeddable":true,"href":"https:\/\/alfakherwelt.de\/it\/wp-json\/wp\/v2\/media\/2847"}],"wp:attachment":[{"href":"https:\/\/alfakherwelt.de\/it\/wp-json\/wp\/v2\/media?parent=2855"}],"wp:term":[{"taxonomy":"product_brand","embeddable":true,"href":"https:\/\/alfakherwelt.de\/it\/wp-json\/wp\/v2\/product_brand?post=2855"},{"taxonomy":"product_cat","embeddable":true,"href":"https:\/\/alfakherwelt.de\/it\/wp-json\/wp\/v2\/product_cat?post=2855"},{"taxonomy":"product_tag","embeddable":true,"href":"https:\/\/alfakherwelt.de\/it\/wp-json\/wp\/v2\/product_tag?post=2855"}],"curies":[{"name":"wp","href":"https:\/\/api.w.org\/{rel}","templated":true}]}}