{"id":2849,"date":"2025-04-03T06:58:50","date_gmt":"2025-04-03T06:58:50","guid":{"rendered":"https:\/\/alfakherwelt.de\/?post_type=product&#038;p=2849"},"modified":"2025-09-04T05:53:45","modified_gmt":"2025-09-04T05:53:45","slug":"vozol-gear-power-20000-sigaretta-e-sigaretta-usa-e-getta-lavafire","status":"publish","type":"product","link":"https:\/\/alfakherwelt.de\/it\/prodotto\/vozol-gear-power-20000-sigaretta-e-sigaretta-usa-e-getta-lavafire\/","title":{"rendered":"Vozol Gear Power 20000 Z\u00fcge Einweg E Zigarette \u2013 Lavafire\n\nbecomes\n\nVozol Gear Power 20000 Tiri Sigaretta Elettronica Monouso - Lavafire"},"content":{"rendered":"<div style=\"width: 888px;\" class=\"wp-video\"><video class=\"wp-video-shortcode\" id=\"video-2849-1\" width=\"888\" height=\"498\" preload=\"metadata\" controls=\"controls\"><source type=\"video\/mp4\" src=\"https:\/\/alfakherwelt.de\/wp-content\/uploads\/2025\/04\/VOZOL-GEAR-POWER-20000.mp4?_=1\" \/><a href=\"https:\/\/alfakherwelt.de\/wp-content\/uploads\/2025\/04\/VOZOL-GEAR-POWER-20000.mp4\">https:\/\/alfakherwelt.de\/wp-content\/uploads\/2025\/04\/VOZOL-GEAR-POWER-20000.mp4<\/a><\/video><\/div>\n<h3 data-start=\"128\" data-end=\"150\">Descrizione del prodotto<\/h3>\n<p class=\"\" data-start=\"152\" data-end=\"309\"><span class=\"relative -mx-px my-[-0.2rem] rounded-sm px-px py-[0.2rem]\">La Vozol Gear Power 20000 ridefinisce il vaping combinando funzioni avanzate in un design facile da usare.<\/span> <span class=\"relative -mx-px my-[-0.2rem] rounded-sm px-px py-[0.2rem]\">Con la tecnologia innovativa S.i.L.C. , questo dispositivo garantisce tiri uniformi e delicati, offrendo ogni volta un'esperienza soddisfacente.<\/span> <span class=\"relative -mx-px my-[-0.2rem] rounded-sm px-px py-[0.2rem]\">Le modalit\u00e0 Dual Power consentono agli utenti di scegliere tra la modalit\u00e0 Eco con fino a 20.000 tiri e la modalit\u00e0 Power con fino a 12.000 tiri, in modo da poter personalizzare la propria esperienza di svapo.<\/span>Non \u00e8 presente alcun testo da tradurre.<\/p>\n<p class=\"\" data-start=\"311\" data-end=\"510\"><span class=\"relative -mx-px my-[-0.2rem] rounded-sm px-px py-[0.2rem]\">Una caratteristica eccezionale \u00e8 il display generoso a schermo intero, che fornisce informazioni in tempo reale sullo stato della batteria e sul contatore di viaggio.<\/span> <span class=\"relative -mx-px my-[-0.2rem] rounded-sm px-px py-[0.2rem]\">Ci\u00f2 garantisce che tu sia sempre informato sullo stato del tuo dispositivo.<\/span> <span class=\"relative -mx-px my-[-0.2rem] rounded-sm px-px py-[0.2rem]\">La batteria da 650 mAh \u00e8 ricaricabile e garantisce un utilizzo prolungato senza frequenti ricariche.<\/span> <span class=\"relative -mx-px my-[-0.2rem] rounded-sm px-px py-[0.2rem]\">Con 20 ml di e-liquid preinstallato e una concentrazione di nicotina di 5% (50 mg), la Vozol Gear Power 20000 offre un'esperienza di svapo intensa e soddisfacente.<\/span><\/p>\n<h3 data-start=\"512\" data-end=\"528\">Principali caratteristiche<\/h3>\n<ul data-start=\"530\" data-end=\"1204\">\n<li class=\"\" data-start=\"530\" data-end=\"643\">\n<p class=\"\" data-start=\"532\" data-end=\"643\"><strong data-start=\"532\" data-end=\"556\">S.i.L.C.-Technologie<\/strong>: <span class=\"relative -mx-px my-[-0.2rem] rounded-sm px-px py-[0.2rem]\">Fornisce tratti uniformi, puliti e coerenti.<\/span>Non \u00e8 presente alcun testo da tradurre.<\/p>\n<\/li>\n<li class=\"\" data-start=\"644\" data-end=\"752\">\n<p class=\"\" data-start=\"646\" data-end=\"752\"><strong data-start=\"646\" data-end=\"665\">Modi a doppia alimentazione<\/strong>: <span class=\"relative -mx-px my-[-0.2rem] rounded-sm px-px py-[0.2rem]\">Scegli tra la modalit\u00e0 Eco (fino a 20.000 tiri) e la modalit\u00e0 Power (fino a 12.000 tiri) per un'esperienza di svapo personalizzata.<\/span>Non \u00e8 presente alcun testo da tradurre.<\/p>\n<\/li>\n<li class=\"\" data-start=\"753\" data-end=\"867\">\n<p class=\"\" data-start=\"755\" data-end=\"867\"><strong data-start=\"755\" data-end=\"780\">Sistema a doppia bobina<\/strong>: <span class=\"relative -mx-px my-[-0.2rem] rounded-sm px-px py-[0.2rem]\">Migliora l'intensit\u00e0 del gusto e la produzione di vapore per un aroma ricco.<\/span>Non \u00e8 presente alcun testo da tradurre.<\/p>\n<\/li>\n<li class=\"\" data-start=\"868\" data-end=\"977\">\n<p class=\"\" data-start=\"870\" data-end=\"977\"><strong data-start=\"870\" data-end=\"890\">Schermo a schermo intero<\/strong>: <span class=\"relative -mx-px my-[-0.2rem] rounded-sm px-px py-[0.2rem]\">Offre aggiornamenti in tempo reale sulla durata della batteria e sull'utilizzo, in modo da essere sempre informato.<\/span>Non \u00e8 presente alcun testo da tradurre.<\/p>\n<\/li>\n<li class=\"\" data-start=\"978\" data-end=\"1098\">\n<p class=\"\" data-start=\"980\" data-end=\"1098\"><strong data-start=\"980\" data-end=\"1011\">20 ml di e-liquid preriempito<\/strong>: <span class=\"relative -mx-px my-[-0.2rem] rounded-sm px-px py-[0.2rem]\">Sorgt f\u00fcr langanhaltenden Genuss mit einer Nikotinst\u00e4rke von 5 % (50 mg).<\/span>Non \u00e8 presente alcun testo da tradurre.<\/p>\n<\/li>\n<li class=\"\" data-start=\"1099\" data-end=\"1204\">\n<p class=\"\" data-start=\"1101\" data-end=\"1204\"><strong data-start=\"1101\" data-end=\"1117\">batteria da 650 mAh<\/strong>: <span class=\"relative -mx-px my-[-0.2rem] rounded-sm px-px py-[0.2rem]\">Ricaricabile tramite porta di ricarica di tipo C per una ricarica rapida e comoda.<\/span>Non \u00e8 presente alcun testo da tradurre.<\/p>\n<\/li>\n<\/ul>\n<h3 data-start=\"1206\" data-end=\"1249\">Perch\u00e9 le <a href=\"https:\/\/alfakherwelt.de\/it\/categoria-di-prodotto\/request-failed-with-status-code-583\/\">Vozol Gear Power 20000<\/a> scegliere?<\/h3>\n<p class=\"\" data-start=\"1251\" data-end=\"1416\"><span class=\"relative -mx-px my-[-0.2rem] rounded-sm px-px py-[0.2rem]\">La Vozol Gear Power 20000 combina la tecnologia pi\u00f9 avanzata con un'elevata capacit\u00e0 e facilit\u00e0 d'uso, rendendola la scelta ideale per i vaporizzatori che cercano durata, funzioni intelligenti e un gusto eccezionale.<\/span> <span class=\"relative -mx-px my-[-0.2rem] rounded-sm px-px py-[0.2rem]\">Con le modalit\u00e0 Dual Power, il display a schermo intero e il sistema di coil migliorato, questo dispositivo offre un'esperienza ottimizzata su misura per le tue preferenze.<\/span> <span class=\"relative -mx-px my-[-0.2rem] rounded-sm px-px py-[0.2rem]\">Il design snello ed ergonomico assicura inoltre comfort e stile ad ogni utilizzo.<\/span><\/p>\n<p class=\"\" data-start=\"1251\" data-end=\"1416\"><img loading=\"lazy\" decoding=\"async\" class=\"alignnone wp-image-2845 size-full\" src=\"https:\/\/alfakherwelt.de\/wp-content\/uploads\/2025\/04\/Vozol-gear-power-20000-8-scaled.webp\" alt=\"Vozol Gear Power 20000 Z\u00fcge Einweg E Zigarette - LavafirebecomesVozol Gear Power 20000 Z\u00fcge Einweg E-Zigarette - Lavafire is actually translated to Vozol Gear Power 20000 puff Einweg E-Zigarette - Lavafire\" width=\"2560\" height=\"1471\" title=\"\" srcset=\"https:\/\/alfakherwelt.de\/wp-content\/uploads\/2025\/04\/Vozol-gear-power-20000-8-scaled.webp 2560w, https:\/\/alfakherwelt.de\/wp-content\/uploads\/2025\/04\/Vozol-gear-power-20000-8-300x172.webp 300w, https:\/\/alfakherwelt.de\/wp-content\/uploads\/2025\/04\/Vozol-gear-power-20000-8-1024x588.webp 1024w, https:\/\/alfakherwelt.de\/wp-content\/uploads\/2025\/04\/Vozol-gear-power-20000-8-768x441.webp 768w, https:\/\/alfakherwelt.de\/wp-content\/uploads\/2025\/04\/Vozol-gear-power-20000-8-1536x883.webp 1536w, https:\/\/alfakherwelt.de\/wp-content\/uploads\/2025\/04\/Vozol-gear-power-20000-8-2048x1177.webp 2048w, https:\/\/alfakherwelt.de\/wp-content\/uploads\/2025\/04\/Vozol-gear-power-20000-8-18x10.webp 18w, https:\/\/alfakherwelt.de\/wp-content\/uploads\/2025\/04\/Vozol-gear-power-20000-8-600x345.webp 600w\" sizes=\"auto, (max-width: 2560px) 100vw, 2560px\" \/>Non \u00e8 presente alcun testo da tradurre.<\/p>\n<h3 data-start=\"1418\" data-end=\"1452\">Disponibili vari gusti<\/h3>\n<p class=\"\" data-start=\"1454\" data-end=\"1539\"><span class=\"relative -mx-px my-[-0.2rem] rounded-sm px-px py-[0.2rem]\">La Vozol Gear Power 20000 offre una variet\u00e0 di sapori squisiti che conquisteranno ogni svapatore:<\/span>Non \u00e8 presente alcun testo da tradurre.<\/p>\n<p class=\"\" data-start=\"1544\" data-end=\"1658\"><strong data-start=\"1663\" data-end=\"1675\">Lavafire<\/strong>: <span class=\"relative -mx-px my-[-0.2rem] rounded-sm px-px py-[0.2rem]\">Un sapore ardente, che ravviva i sensi. Una combinazione di note speziate e dolci, che offre un'esperienza di svapo intensa ed emozionante.<\/span>assistant\n\nThere is no text to translate.<\/p>\n<h3 data-start=\"2089\" data-end=\"2122\">Domande frequenti (FAQ)<\/h3>\n<p class=\"\" data-start=\"2124\" data-end=\"2175\"><strong data-start=\"2124\" data-end=\"2175\">S\u00ec, la Vozol Gear Power 20000 \u00e8 ricaricabile.<\/strong><\/p>\n<p class=\"\" data-start=\"2177\" data-end=\"2262\"><span class=\"relative -mx-px my-[-0.2rem] rounded-sm px-px py-[0.2rem]\">S\u00ec, il dispositivo \u00e8 dotato di una batteria da 650 mAh che pu\u00f2 essere caricata velocemente e comodamente tramite un connettore di tipo C.<\/span>Non \u00e8 presente alcun testo da tradurre.<\/p>\n<p class=\"\" data-start=\"2264\" data-end=\"2312\"><strong data-start=\"2264\" data-end=\"2312\">Come scelgo tra la modalit\u00e0 Eco e la modalit\u00e0 Power?<\/strong><\/p>\n<p class=\"\" data-start=\"2314\" data-end=\"2399\"><span class=\"relative -mx-px my-[-0.2rem] rounded-sm px-px py-[0.2rem]\">Il dispositivo consente di passare da una modalit\u00e0 all'altra in base al numero di sedute e all'intensit\u00e0 desiderate.<\/span>Non \u00e8 presente alcun testo da tradurre.<\/p>\n<p class=\"\" data-start=\"2401\" data-end=\"2443\"><strong data-start=\"2401\" data-end=\"2443\">Quale forza di nicotina ha l'e-liquid?<\/strong><\/p>\n<p class=\"\" data-start=\"2445\" data-end=\"2530\"><span class=\"relative -mx-px my-[-0.2rem] rounded-sm px-px py-[0.2rem]\">Il liquido elettronico preconfezionato ha una concentrazione di nicotina del 5% (50 mg), il che offre un'esperienza di svapo intensa e soddisfacente.<\/span>Non \u00e8 presente alcun testo da tradurre.<\/p>\n<p class=\"\" data-start=\"2532\" data-end=\"2584\"><strong data-start=\"2532\" data-end=\"2584\">Dove posso acquistare Vozol Gear Power 20000?<\/strong><\/p>\n<p class=\"\" data-start=\"2586\" data-end=\"2671\"><span class=\"relative -mx-px my-[-0.2rem] rounded-sm px-px py-[0.2rem]\">Puoi acquistare questo dispositivo monouso di alta qualit\u00e0 esclusivamente sul nostro sito web <a href=\"https:\/\/alfakherwelt.de\/it\/\" target=\"_new\" rel=\"noopener noreferrer\" data-start=\"71\" data-end=\"117\">alfakherwelt.de<\/a> Acquistare. Siamo la pi\u00f9 grande piattaforma di vendita online di sigarette elettroniche monouso in Germania e offriamo un'ampia selezione di prodotti per le vostre esigenze.<\/span>Non \u00e8 presente alcun testo da tradurre.<\/p>\n<p class=\"\" data-start=\"2673\" data-end=\"2718\"><strong data-start=\"2673\" data-end=\"2718\">Come smaltisco il dispositivo dopo l'uso?<\/strong><\/p>\n<p class=\"\" data-start=\"2720\" data-end=\"2805\"><span class=\"relative -mx-px my-[-0.2rem] rounded-sm px-px py-[0.2rem]\">Si prega di smaltire il dispositivo secondo le normative locali sui rifiuti elettronici per evitare inquinamenti ambientali.<\/span><\/p>","protected":false},"excerpt":{"rendered":"<div class=\"flex-shrink-0 flex flex-col relative items-end\">\n<div class=\"pt-0\">\n<div class=\"gizmo-shadow-stroke flex h-8 w-8 items-center justify-center overflow-hidden rounded-full\">\n<div class=\"h-full w-full\">\n<div class=\"flex-shrink-0 flex flex-col relative items-end\">\n<div class=\"pt-0\">\n<div class=\"gizmo-shadow-stroke flex h-8 w-8 items-center justify-center overflow-hidden rounded-full\">\n<div class=\"h-full w-full\">\n<div class=\"gizmo-shadow-stroke overflow-hidden rounded-full\">\n<div class=\"flex-1 overflow-hidden\">\n<div class=\"h-full\">\n<div class=\"react-scroll-to-bottom--css-nphjn-79elbk h-full\">\n<div class=\"react-scroll-to-bottom--css-nphjn-1n7m0yu\">\n<div class=\"flex flex-col text-sm md:pb-9\">\n<article class=\"w-full scroll-mb-[var(--thread-trailing-height,150px)] text-token-text-primary focus-visible:outline-2 focus-visible:outline-offset-[-4px]\" dir=\"auto\" data-testid=\"conversation-turn-5\" data-scroll-anchor=\"true\">\n<div class=\"m-auto text-base py-[18px] px-3 md:px-4 w-full md:px-5 lg:px-4 xl:px-5\">\n<div class=\"mx-auto flex flex-1 gap-4 text-base md:gap-5 lg:gap-6 md:max-w-3xl lg:max-w-[40rem] xl:max-w-[48rem]\">\n<div class=\"group\/conversation-turn relative flex w-full min-w-0 flex-col agent-turn\">\n<div class=\"flex-col gap-1 md:gap-3\">\n<div class=\"flex max-w-full flex-col flex-grow\">\n<div class=\"min-h-8 text-message flex w-full flex-col items-end gap-2 whitespace-normal break-words [.text-message+&amp;]:mt-5\" dir=\"auto\" data-message-author-role=\"assistant\" data-message-id=\"1982dcee-f0f5-4cfa-a269-fdbaed43d922\" data-message-model-slug=\"gpt-4o\">\n<div class=\"flex w-full flex-col gap-1 empty:hidden first:pt-[3px]\">\n<div class=\"markdown prose w-full break-words dark:prose-invert light\">\n<div class=\"flex-1 overflow-hidden\">\n<div class=\"h-full\">\n<div class=\"react-scroll-to-bottom--css-xrsce-79elbk h-full\">\n<div class=\"react-scroll-to-bottom--css-xrsce-1n7m0yu\">\n<div class=\"flex flex-col text-sm md:pb-9\">\n<article class=\"w-full scroll-mb-[var(--thread-trailing-height,150px)] text-token-text-primary focus-visible:outline-2 focus-visible:outline-offset-[-4px]\" dir=\"auto\" data-testid=\"conversation-turn-5\" data-scroll-anchor=\"true\">\n<div class=\"m-auto text-base py-[18px] px-3 md:px-4 w-full md:px-5 lg:px-4 xl:px-5\">\n<div class=\"mx-auto flex flex-1 gap-4 text-base md:gap-5 lg:gap-6 md:max-w-3xl lg:max-w-[40rem] xl:max-w-[48rem]\">\n<div class=\"group\/conversation-turn relative flex w-full min-w-0 flex-col agent-turn\">\n<div class=\"flex-col gap-1 md:gap-3\">\n<div class=\"flex max-w-full flex-col flex-grow\">\n<div class=\"min-h-8 text-message flex w-full flex-col items-end gap-2 whitespace-normal break-words [.text-message+&amp;]:mt-5\" dir=\"auto\" data-message-author-role=\"assistant\" data-message-id=\"1a0c8d71-a6be-4cc9-b460-deb3e7ecbf47\" data-message-model-slug=\"gpt-4o\">\n<div class=\"flex w-full flex-col gap-1 empty:hidden first:pt-[3px]\">\n<div class=\"markdown prose w-full break-words dark:prose-invert light\">\n<div class=\"flex-1 overflow-hidden\">\n<div class=\"h-full\">\n<div class=\"react-scroll-to-bottom--css-gqbzc-79elbk h-full\">\n<div class=\"react-scroll-to-bottom--css-gqbzc-1n7m0yu\">\n<div class=\"flex flex-col text-sm md:pb-9\">\n<article class=\"w-full scroll-mb-[var(--thread-trailing-height,150px)] text-token-text-primary focus-visible:outline-2 focus-visible:outline-offset-[-4px]\" dir=\"auto\" data-testid=\"conversation-turn-5\" data-scroll-anchor=\"true\">\n<div class=\"m-auto text-base py-[18px] px-3 md:px-4 w-full md:px-5 lg:px-4 xl:px-5\">\n<div class=\"mx-auto flex flex-1 gap-4 text-base md:gap-5 lg:gap-6 md:max-w-3xl lg:max-w-[40rem] xl:max-w-[48rem]\">\n<div class=\"group\/conversation-turn relative flex w-full min-w-0 flex-col agent-turn\">\n<div class=\"flex-col gap-1 md:gap-3\">\n<div class=\"flex max-w-full flex-col flex-grow\">\n<div class=\"min-h-8 text-message flex w-full flex-col items-end gap-2 whitespace-normal break-words [.text-message+&amp;]:mt-5\" dir=\"auto\" data-message-author-role=\"assistant\" data-message-id=\"ca066132-0777-4603-995e-a689971b3380\" data-message-model-slug=\"gpt-4o\">\n<div class=\"flex w-full flex-col gap-1 empty:hidden first:pt-[3px]\">\n<div class=\"markdown prose w-full break-words dark:prose-invert light\">\n<div class=\"flex-1 overflow-hidden @container\/thread\">\n<div class=\"h-full\">\n<div class=\"react-scroll-to-bottom--css-rkqgb-79elbk h-full\">\n<div class=\"react-scroll-to-bottom--css-rkqgb-1n7m0yu\">\n<div class=\"flex flex-col text-sm md:pb-9\">\n<article class=\"w-full scroll-mb-[var(--thread-trailing-height,150px)] text-token-text-primary focus-visible:outline-2 focus-visible:outline-offset-[-4px]\" dir=\"auto\" data-testid=\"conversation-turn-9\" data-scroll-anchor=\"true\">\n<div class=\"m-auto text-base py-[18px] px-3 md:px-4 w-full md:px-5 lg:px-4 xl:px-5\">\n<div class=\"mx-auto flex flex-1 gap-4 text-base md:gap-5 lg:gap-6 md:max-w-3xl lg:max-w-[40rem] xl:max-w-[48rem]\">\n<div class=\"group\/conversation-turn relative flex w-full min-w-0 flex-col agent-turn\">\n<div class=\"flex-col gap-1 md:gap-3\">\n<div class=\"flex max-w-full flex-col flex-grow\">\n<div class=\"min-h-8 text-message flex w-full flex-col items-end gap-2 whitespace-normal break-words text-start [.text-message+&amp;]:mt-5\" dir=\"auto\" data-message-author-role=\"assistant\" data-message-id=\"87137e43-9a3e-4479-90ac-22c23781ee39\" data-message-model-slug=\"gpt-4o\">\n<div class=\"flex w-full flex-col gap-1 empty:hidden first:pt-[3px]\">\n<div class=\"markdown prose w-full break-words dark:prose-invert light\">\n<div class=\"flex-1 overflow-hidden @container\/thread\">\n<div class=\"h-full\">\n<div class=\"react-scroll-to-bottom--css-cgxka-79elbk h-full\">\n<div class=\"react-scroll-to-bottom--css-cgxka-1n7m0yu\">\n<div class=\"flex flex-col text-sm md:pb-9\">\n<article class=\"w-full scroll-mb-[var(--thread-trailing-height,150px)] text-token-text-primary focus-visible:outline-2 focus-visible:outline-offset-[-4px]\" dir=\"auto\" data-testid=\"conversation-turn-5\" data-scroll-anchor=\"true\">\n<div class=\"m-auto text-base py-[18px] px-3 md:px-4 w-full md:px-5 lg:px-4 xl:px-5\">\n<div class=\"mx-auto flex flex-1 gap-4 text-base md:gap-5 lg:gap-6 md:max-w-3xl lg:max-w-[40rem] xl:max-w-[48rem]\">\n<div class=\"group\/conversation-turn relative flex w-full min-w-0 flex-col agent-turn\">\n<div class=\"flex-col gap-1 md:gap-3\">\n<div class=\"flex max-w-full flex-col flex-grow\">\n<div class=\"min-h-8 text-message flex w-full flex-col items-end gap-2 whitespace-normal break-words text-start [.text-message+&amp;]:mt-5\" dir=\"auto\" data-message-author-role=\"assistant\" data-message-id=\"e1e13d20-b396-4dc4-abdf-40facc05c4de\" data-message-model-slug=\"gpt-4o\">\n<div class=\"flex w-full flex-col gap-1 empty:hidden first:pt-[3px]\">\n<div class=\"markdown prose w-full break-words dark:prose-invert light\">\n<article class=\"w-full text-token-text-primary focus-visible:outline-2 focus-visible:outline-offset-[-4px]\" dir=\"auto\" data-testid=\"conversation-turn-5\" data-scroll-anchor=\"true\">\n<div class=\"m-auto text-base py-[18px] px-6\">\n<div class=\"mx-auto flex flex-1 text-base gap-4 md:gap-5 lg:gap-6 md:max-w-3xl lg:max-w-[40rem] xl:max-w-[48rem]\">\n<div class=\"group\/conversation-turn relative flex w-full min-w-0 flex-col agent-turn @xs\/thread:px-0 @sm\/thread:px-1.5 @md\/thread:px-4\">\n<div class=\"flex-col gap-1 md:gap-3\">\n<div class=\"flex max-w-full flex-col flex-grow\">\n<div class=\"min-h-8 text-message relative flex w-full flex-col items-end gap-2 whitespace-normal break-words text-start [.text-message+&amp;]:mt-5\" dir=\"auto\" data-message-author-role=\"assistant\" data-message-id=\"51763e35-51b7-4975-b502-ef0fa0dda04b\" data-message-model-slug=\"gpt-4o\">\n<div class=\"flex w-full flex-col gap-1 empty:hidden first:pt-[3px]\">\n<div class=\"markdown prose w-full break-words dark:prose-invert light\">\n<article class=\"w-full text-token-text-primary focus-visible:outline-2 focus-visible:outline-offset-[-4px]\" dir=\"auto\" data-testid=\"conversation-turn-5\" data-scroll-anchor=\"true\">\n<div class=\"m-auto text-base py-[18px] px-6\">\n<div class=\"mx-auto flex flex-1 text-base gap-4 md:gap-5 lg:gap-6 md:max-w-3xl lg:max-w-[40rem] xl:max-w-[48rem]\">\n<div class=\"group\/conversation-turn relative flex w-full min-w-0 flex-col agent-turn @xs\/thread:px-0 @sm\/thread:px-1.5 @md\/thread:px-4\">\n<div class=\"flex-col gap-1 md:gap-3\">\n<div class=\"flex max-w-full flex-col flex-grow\">\n<div class=\"min-h-8 text-message relative flex w-full flex-col items-end gap-2 whitespace-normal break-words text-start [.text-message+&amp;]:mt-5\" dir=\"auto\" data-message-author-role=\"assistant\" data-message-id=\"4c754a9a-1709-446b-b871-9b2c9925ba9e\" data-message-model-slug=\"gpt-4o\">\n<div class=\"flex w-full flex-col gap-1 empty:hidden first:pt-[3px]\">\n<div class=\"markdown prose w-full break-words dark:prose-invert light\">\n<article class=\"text-token-text-primary w-full\" dir=\"auto\" data-testid=\"conversation-turn-6\" data-scroll-anchor=\"true\">\n<div class=\"text-base my-auto mx-auto py-5 px-6\">\n<div class=\"mx-auto flex flex-1 text-base gap-4 md:gap-5 lg:gap-6 md:max-w-3xl lg:max-w-[40rem] xl:max-w-[48rem] group\/turn-messages focus-visible:outline-hidden\" tabindex=\"-1\">\n<div class=\"group\/conversation-turn relative flex w-full min-w-0 flex-col agent-turn @xs\/thread:px-0 @sm\/thread:px-1.5 @md\/thread:px-4\">\n<div class=\"relative flex-col gap-1 md:gap-3\">\n<div class=\"flex max-w-full flex-col grow\">\n<div class=\"min-h-8 text-message relative flex w-full flex-col items-end gap-2 text-start break-words whitespace-normal [.text-message+&amp;]:mt-5\" dir=\"auto\" data-message-author-role=\"assistant\" data-message-id=\"afcfa8c3-75da-410b-b162-8931a8b4a4a5\" data-message-model-slug=\"gpt-4o\">\n<div class=\"flex w-full flex-col gap-1 empty:hidden first:pt-[3px]\">\n<div class=\"markdown prose dark:prose-invert w-full break-words light\">\n<p class=\"\" data-start=\"0\" data-end=\"337\">La <strong data-start=\"4\" data-end=\"54\">Vozol Gear Power 20000 Z\u00fcge Einweg E-Zigarette becomes \nVozol Gear Power 20000 Tiri Sigaretta Elettronica Monouso<\/strong> offre un'esperienza di svapo di prima classe con la tecnologia innovativa S.i.L.C., modalit\u00e0 di potenza duale, un display Full HD, una batteria da 650 mAh e sapori intensi per un piacere duraturo - disponibile esclusivamente su <strong data-start=\"286\" data-end=\"305\">alfakherwelt.de<\/strong>.<\/p>\n<\/div>\n<\/div>\n<\/div>\n<\/div>\n<div class=\"mt-3 w-full empty:hidden\">\n<div class=\"text-center\"><\/div>\n<\/div>\n<\/div>\n<div class=\"absolute\">\n<div class=\"flex items-center justify-center\"><\/div>\n<\/div>\n<\/div>\n<\/div>\n<\/div>\n<\/article>\n<\/div>\n<\/div>\n<\/div>\n<\/div>\n<\/div>\n<\/div>\n<\/div>\n<\/div>\n<\/article>\n<\/div>\n<\/div>\n<\/div>\n<\/div>\n<\/div>\n<\/div>\n<\/div>\n<\/div>\n<\/article>\n<\/div>\n<\/div>\n<\/div>\n<\/div>\n<\/div>\n<\/div>\n<\/div>\n<\/div>\n<\/article>\n<\/div>\n<\/div>\n<\/div>\n<\/div>\n<\/div>\n<\/div>\n<\/div>\n<\/div>\n<\/div>\n<\/div>\n<\/div>\n<\/div>\n<\/div>\n<\/article>\n<\/div>\n<\/div>\n<\/div>\n<\/div>\n<\/div>\n<\/div>\n<\/div>\n<\/div>\n<\/div>\n<\/div>\n<\/div>\n<\/div>\n<\/div>\n<\/article>\n<\/div>\n<\/div>\n<\/div>\n<\/div>\n<\/div>\n<\/div>\n<\/div>\n<\/div>\n<\/div>\n<\/div>\n<\/div>\n<\/div>\n<\/div>\n<\/article>\n<\/div>\n<\/div>\n<\/div>\n<\/div>\n<\/div>\n<\/div>\n<\/div>\n<\/div>\n<\/div>\n<div class=\"mt-3 w-full empty:hidden\">\n<div class=\"text-center\"><\/div>\n<\/div>\n<\/div>\n<div class=\"absolute\">\n<div class=\"flex items-center justify-center\"><\/div>\n<\/div>\n<\/div>\n<\/div>\n<\/div>\n<\/article>\n<\/div>\n<\/div>\n<\/div>\n<\/div>\n<\/div>\n<div class=\"md:pt-0 dark:border-white\/20 md:border-transparent md:dark:border-transparent w-full\">\n<div>\n<div class=\"m-auto text-base px-3 md:px-4 w-full md:px-5 lg:px-4 xl:px-5\">\n<div class=\"mx-auto flex flex-1 gap-4 text-base md:gap-5 lg:gap-6 md:max-w-3xl lg:max-w-[40rem] xl:max-w-[48rem]\">\n<div class=\"flex justify-center\"><\/div>\n<\/div>\n<\/div>\n<\/div>\n<\/div>\n<\/div>\n<\/div>\n<\/div>\n<\/div>\n<\/div>\n<\/div>\n<\/div>\n<\/div>\n<\/div>","protected":false},"featured_media":2847,"comment_status":"open","ping_status":"closed","template":"","meta":[],"product_brand":[],"product_cat":[117],"product_tag":[],"class_list":{"0":"post-2849","1":"product","2":"type-product","3":"status-publish","4":"has-post-thumbnail","6":"product_cat-vozol-gear-power-20000","8":"first","9":"instock","10":"sale","11":"shipping-taxable","12":"purchasable","13":"product-type-simple"},"jetpack_sharing_enabled":true,"_links":{"self":[{"href":"https:\/\/alfakherwelt.de\/it\/wp-json\/wp\/v2\/product\/2849","targetHints":{"allow":["GET"]}}],"collection":[{"href":"https:\/\/alfakherwelt.de\/it\/wp-json\/wp\/v2\/product"}],"about":[{"href":"https:\/\/alfakherwelt.de\/it\/wp-json\/wp\/v2\/types\/product"}],"replies":[{"embeddable":true,"href":"https:\/\/alfakherwelt.de\/it\/wp-json\/wp\/v2\/comments?post=2849"}],"wp:featuredmedia":[{"embeddable":true,"href":"https:\/\/alfakherwelt.de\/it\/wp-json\/wp\/v2\/media\/2847"}],"wp:attachment":[{"href":"https:\/\/alfakherwelt.de\/it\/wp-json\/wp\/v2\/media?parent=2849"}],"wp:term":[{"taxonomy":"product_brand","embeddable":true,"href":"https:\/\/alfakherwelt.de\/it\/wp-json\/wp\/v2\/product_brand?post=2849"},{"taxonomy":"product_cat","embeddable":true,"href":"https:\/\/alfakherwelt.de\/it\/wp-json\/wp\/v2\/product_cat?post=2849"},{"taxonomy":"product_tag","embeddable":true,"href":"https:\/\/alfakherwelt.de\/it\/wp-json\/wp\/v2\/product_tag?post=2849"}],"curies":[{"name":"wp","href":"https:\/\/api.w.org\/{rel}","templated":true}]}}