{"id":274,"date":"2024-09-03T07:18:05","date_gmt":"2024-09-03T07:18:05","guid":{"rendered":"https:\/\/alfakherwelt.de\/?post_type=product&#038;p=274"},"modified":"2025-05-12T06:57:25","modified_gmt":"2025-05-12T06:57:25","slug":"al-fakher-crown-bar-8000-sbuffi-usa-e-getta-e-sigaretta-lush-ice","status":"publish","type":"product","link":"https:\/\/alfakherwelt.de\/it\/prodotto\/al-fakher-crown-bar-8000-sbuffi-usa-e-getta-e-sigaretta-lush-ice\/","title":{"rendered":"AL Fakher Crown Bar 8000 Z\u00fcge Einweg E Zigarette \u2013 Lush Ice \ntraduzione:\nAL Fakher Crown Bar 8000 tiri sigaretta elettronica usa e getta - Lush Ice"},"content":{"rendered":"<div style=\"width: 362px;\" class=\"wp-video\"><video class=\"wp-video-shortcode\" id=\"video-274-1\" width=\"362\" height=\"640\" preload=\"metadata\" controls=\"controls\"><source type=\"video\/mp4\" src=\"https:\/\/alfakherwelt.de\/wp-content\/uploads\/2024\/09\/AL-Fakher-Vape-Blueberry-Gum.mp4?_=1\" \/><a href=\"https:\/\/alfakherwelt.de\/wp-content\/uploads\/2024\/09\/AL-Fakher-Vape-Blueberry-Gum.mp4\">https:\/\/alfakherwelt.de\/wp-content\/uploads\/2024\/09\/AL-Fakher-Vape-Blueberry-Gum.mp4<\/a><\/video><\/div>\n<h2>Introduzione al <a href=\"https:\/\/alfakherwelt.de\/it\/\">AL Fakher<\/a> Crown Bar 8000 Z\u00fcge \n\nbecomes \n\nCrown Bar 8000 Tiri <a href=\"https:\/\/alfakherwelt.de\/it\/\">Sigaretta elettronica monouso<\/a> Lush Ice<\/h2>\n<p>Il AL Fakher Crown Bar 8000 Puffs Vape \u00e8 molto pi\u00f9 di un semplice vaporizzatore monouso; \u00e8 un capolavoro della tradizione shisha, trasferito in un design moderno e portatile. Con la sua impressionante capacit\u00e0 di 8000 tiri, questo vaporizzatore offre una combinazione eccezionale di stile, prestazioni e comodit\u00e0. \u00c8 ideale per gli appassionati di vape in Germania che cercano una forte dose di nicotina e un'esperienza di gusto intensa.<\/p>\n<p>Il bar AL Fakher Crown colpisce per il suo design estetico, che non \u00e8 solo visivamente attraente, ma anche ergonomico. Grazie al suo profilo snello e al suo peso leggero, pu\u00f2 essere facilmente trasportato ovunque. Che sia nella vita quotidiana o in viaggio, questo vape \u00e8 il compagno perfetto per coloro che cercano l'esperienza di vaping definitiva.<\/p>\n<h3><strong>Perch\u00e9 questo <a href=\"https:\/\/alfakherwelt.de\/it\/categoria-di-prodotto\/al-fakher-crown-bar-8000\/\">AL Fakher Crown Bar 8000 Z\u00fcge \n\nbecomes \n\nAL Fakher Crown Bar 8000 tiri<\/a> scegliere?<\/strong><\/h3>\n<ul>\n<li><strong>Design elegante<\/strong>Il design elegante e colorato con il marchio inciso non \u00e8 solo un elemento di design, ma trasmette anche una sensazione di lusso e qualit\u00e0.<\/li>\n<li><strong>Alta portabilit\u00e0<\/strong>Grazie al design snello e leggero, si adatta perfettamente alla mano e a qualsiasi tasca, rendendolo il compagno di viaggio ideale.<\/li>\n<li><strong>Batteria longeva<\/strong>Con una batteria ricaricabile integrata da 600mAh e una moderna porta di tipo C, l'AL Fakher Crown Bar offre fino a 8000 tiri senza che sia necessaria una pausa. Una ricarica rapida e semplice garantisce che il tuo vaporizzatore sia sempre pronto all'uso.<\/li>\n<li><strong>Sistema attivato dal treno<\/strong>L'attivazione del treno consente una facile gestione senza la pressione di un pulsante, che \u00e8 particolarmente attraente per i principianti.<\/li>\n<li><strong>Dosaggio di nicotina perfetto<\/strong>Con 5% nicotina (50mg), il Vape offre una dose di nicotina forte e soddisfacente, che soddisfa anche gli utenti pi\u00f9 esigenti.<\/li>\n<\/ul>\n<h3><strong>Dettagli tecnici del <a href=\"https:\/\/alfakherwelt.de\/it\/categoria-di-prodotto\/al-fakher-crown-bar-8000\/\">AL Fakher Crown Bar 8000 Z\u00fcge \n\nbecomes \n\nAL Fakher Crown Bar 8000 tiri<\/a><\/strong><\/h3>\n<ul>\n<li><strong>Capacit\u00e0 di E-Liquido<\/strong>: 18 ml di liquido e-cig preriempito con sale di nicotina<\/li>\n<li><strong>Forza del nicotino<\/strong>: 5% (50mg) Nicotina<\/li>\n<li><strong>Batterie<\/strong>: Batteria ricaricabile da 600mAh<\/li>\n<li><strong>Anschluss<\/strong>: Tipo C per ricarica rapida (cavo non incluso)<\/li>\n<li><strong>Durata di vita<\/strong>: Circa 8.000 treni<\/li>\n<li><strong>Tipo di vaporizzatore<\/strong>Attivato tramite trascinamento (DTL-Vaping)<\/li>\n<\/ul>\n<h2><strong><img loading=\"lazy\" decoding=\"async\" class=\"alignnone wp-image-269 size-full\" src=\"https:\/\/alfakherwelt.de\/wp-content\/uploads\/2024\/09\/Lush_Ice_8000.webp\" alt=\"AL Fakher Crown Bar 8000 Z\u00fcge Einweg E Zigarette Lush Ice traduzione non necessaria, output: AL Fakher Crown Bar 8000 Z\u00fcge Einweg E Zigarette Lush Ice\" width=\"990\" height=\"990\" title=\"\" srcset=\"https:\/\/alfakherwelt.de\/wp-content\/uploads\/2024\/09\/Lush_Ice_8000.webp 990w, https:\/\/alfakherwelt.de\/wp-content\/uploads\/2024\/09\/Lush_Ice_8000-300x300.webp 300w, https:\/\/alfakherwelt.de\/wp-content\/uploads\/2024\/09\/Lush_Ice_8000-150x150.webp 150w, https:\/\/alfakherwelt.de\/wp-content\/uploads\/2024\/09\/Lush_Ice_8000-768x768.webp 768w, https:\/\/alfakherwelt.de\/wp-content\/uploads\/2024\/09\/Lush_Ice_8000-600x600.webp 600w, https:\/\/alfakherwelt.de\/wp-content\/uploads\/2024\/09\/Lush_Ice_8000-100x100.webp 100w\" sizes=\"auto, (max-width: 990px) 100vw, 990px\" \/><\/strong><\/h2>\n<h3><strong>Unica esperienza di gusto: una descrizione dettagliata degli aromi<\/strong><\/h3>\n<p>Il <a href=\"https:\/\/alfakherwelt.de\/it\/categoria-di-prodotto\/al-fakher-crown-bar-8000\/\">AL Fakher Crown Bar 8000 Z\u00fcge \n\nbecomes \n\nAL Fakher Crown Bar 8000 tiri<\/a> offre una variet\u00e0 di sapori intensi e unici che elevano l'esperienza di svapo a un nuovo livello. Uno dei sapori pi\u00f9 eccezionali \u00e8 \"Lush Ice\".<\/p>\n<p><strong>Lush Ice<\/strong>:<\/p>\n<ul>\n<li><strong>Anguria fresca<\/strong>Il sapore di Lush Ice inizia con un'esplosione rinfrescante di anguria succosa. La dolcezza naturale e la fruttuosit\u00e0 intensa dell'anguria assicurano un piacere immediato che vizia il palato. Questa nota di gusto \u00e8 perfetta per coloro che cercano un aroma rivitalizzante e estivo.<\/li>\n<li><strong>Nota fresca di mentolo<\/strong>La dolcezza del melone d'acqua \u00e8 accompagnata da un tocco di mentolo fresco, che dona al gusto una profondit\u00e0 rinfrescante. Il mentolo crea una piacevole sensazione di freschezza nella fase finale, che completa perfettamente l'esperienza di svapo e garantisce un effetto di freschezza prolungato.<\/li>\n<li><strong>Combinazione equilibrata<\/strong>La combinazione di anguria dolce e mentolo fresco \u00e8 cos\u00ec perfettamente bilanciata da produrre un sapore armonioso che \u00e8 allo stesso tempo rinfrescante e soddisfacente. Questo gusto \u00e8 ideale per coloro che cercano un'esperienza di svapo equilibrata ed allo stesso tempo emozionante.<\/li>\n<\/ul>\n<h3><strong>Conclusione: Perch\u00e9 lei questo <a href=\"https:\/\/alfakherwelt.de\/it\/\">AL Fakher<\/a> Crown Bar 8000 Z\u00fcge Vape compralo da noi<\/strong><\/h3>\n<p>Come principale rivenditore online di sigarette elettroniche monouso in Germania, offriamo non solo un'ampia selezione di prodotti di alta qualit\u00e0, ma anche un servizio clienti di prim'ordine. Il AL Fakher Crown Bar 8000 Puffs Vape \u00e8 il prodotto perfetto per chi cerca un'esperienza di svapo intensa, saporita e facile da usare. Con una durata della batteria eccezionale, un design elegante e un'esperienza di gusto imbattibile, questo svapo \u00e8 un must per ogni appassionato di svapo.<\/p>\n<p>Visitate ora il nostro sito web <a href=\"https:\/\/alfakherwelt.de\/it\/\" target=\"_new\" rel=\"noopener\">alfakherwelt.de<\/a> e assicurati di ottenere il tuo AL Fakher Crown Bar 8000 Puffs Vape. Scopri di persona perch\u00e9 questo vape \u00e8 cos\u00ec popolare in Germania e lasciati convincere dalla qualit\u00e0 e dal gusto!<\/p>","protected":false},"excerpt":{"rendered":"<div class=\"flex-shrink-0 flex flex-col relative items-end\">\n<div class=\"pt-0\">\n<div class=\"gizmo-shadow-stroke flex h-8 w-8 items-center justify-center overflow-hidden rounded-full\">\n<div class=\"h-full w-full\">Il AL Fakher Crown Bar 8000 Puffs Vape \u00e8 un dispositivo elegante, portatile e potente usa e getta, che con una capacit\u00e0 impressionante di 8000 tiri e aromi intensi come Lush Ice, offre un'esperienza di svapo senza pari, perfettamente adattata alle esigenze degli appassionati di svapo in Germania.<\/div>\n<\/div>\n<\/div>\n<\/div>","protected":false},"featured_media":268,"comment_status":"open","ping_status":"closed","template":"","meta":[],"product_brand":[],"product_cat":[15],"product_tag":[],"class_list":{"0":"post-274","1":"product","2":"type-product","3":"status-publish","4":"has-post-thumbnail","6":"product_cat-al-fakher-crown-bar-8000","8":"first","9":"outofstock","10":"sale","11":"shipping-taxable","12":"purchasable","13":"product-type-simple"},"jetpack_sharing_enabled":true,"_links":{"self":[{"href":"https:\/\/alfakherwelt.de\/it\/wp-json\/wp\/v2\/product\/274","targetHints":{"allow":["GET"]}}],"collection":[{"href":"https:\/\/alfakherwelt.de\/it\/wp-json\/wp\/v2\/product"}],"about":[{"href":"https:\/\/alfakherwelt.de\/it\/wp-json\/wp\/v2\/types\/product"}],"replies":[{"embeddable":true,"href":"https:\/\/alfakherwelt.de\/it\/wp-json\/wp\/v2\/comments?post=274"}],"wp:featuredmedia":[{"embeddable":true,"href":"https:\/\/alfakherwelt.de\/it\/wp-json\/wp\/v2\/media\/268"}],"wp:attachment":[{"href":"https:\/\/alfakherwelt.de\/it\/wp-json\/wp\/v2\/media?parent=274"}],"wp:term":[{"taxonomy":"product_brand","embeddable":true,"href":"https:\/\/alfakherwelt.de\/it\/wp-json\/wp\/v2\/product_brand?post=274"},{"taxonomy":"product_cat","embeddable":true,"href":"https:\/\/alfakherwelt.de\/it\/wp-json\/wp\/v2\/product_cat?post=274"},{"taxonomy":"product_tag","embeddable":true,"href":"https:\/\/alfakherwelt.de\/it\/wp-json\/wp\/v2\/product_tag?post=274"}],"curies":[{"name":"wp","href":"https:\/\/api.w.org\/{rel}","templated":true}]}}