{"id":2733,"date":"2025-03-26T07:12:17","date_gmt":"2025-03-26T07:12:17","guid":{"rendered":"https:\/\/alfakherwelt.de\/?post_type=product&#038;p=2733"},"modified":"2025-12-15T12:57:13","modified_gmt":"2025-12-15T12:57:13","slug":"fumot-randm-scatola-digitale-12000-cono-sigaretta-elettronica-usa-e-getta-cherry-cola","status":"publish","type":"product","link":"https:\/\/alfakherwelt.de\/it\/prodotto\/fumot-randm-scatola-digitale-12000-cono-sigaretta-elettronica-usa-e-getta-cherry-cola\/","title":{"rendered":"Fumot RandM Digital Box 12000 tiri Sigaretta elettronica usa e getta - Cherry Cola"},"content":{"rendered":"<div style=\"width: 640px;\" class=\"wp-video\"><video class=\"wp-video-shortcode\" id=\"video-2733-1\" width=\"640\" height=\"360\" preload=\"metadata\" controls=\"controls\"><source type=\"video\/mp4\" src=\"https:\/\/alfakherwelt.de\/wp-content\/uploads\/2024\/12\/Fumot-RandM-Digital-Box-120002.mp4?_=1\" \/><a href=\"https:\/\/alfakherwelt.de\/wp-content\/uploads\/2024\/12\/Fumot-RandM-Digital-Box-120002.mp4\">https:\/\/alfakherwelt.de\/wp-content\/uploads\/2024\/12\/Fumot-RandM-Digital-Box-120002.mp4<\/a><\/video><\/div>\n<h2><a href=\"https:\/\/alfakherwelt.de\/it\/categoria-di-prodotto\/scatola-digitale-randm-fumot-12000\/\">Fumot RandM Digital Box 12000 Z\u00fcge \n\nbecomes \n\nFumot RandM Digital Box 12000 puff<\/a> Sigaretta elettronica monouso: Il futuro dell'esperienza di svapo<\/h2>\n<p>La <strong>Fumot RandM Digital Box 12000 Z\u00fcge Einweg E Zigarette \n\nbecomes \n\nFumot RandM Digital Box 12000 tiri Sigaretta elettronica usa e getta<\/strong> di Fumot Tech \u00e8 il modo pi\u00f9 recente e avanzato per vivere l'esperienza di svapo. Questo <strong>Sigaretta elettronica monouso<\/strong> non \u00e8 solo attraverso la loro <strong>caratteristiche tecniche<\/strong> un punto culminante, ma anche attraverso la qualit\u00e0 degli aromi e la facilit\u00e0 d'uso. Con una capacit\u00e0 impressionante fino a <strong>12000 treni<\/strong>a uno <strong>batteria ricaricabile<\/strong>a uno <strong>moderno display a LED<\/strong> e una variet\u00e0 di <strong>opzioni gustative<\/strong> \u00c8 la scelta ideale per gli appassionati di vaporizzatori che cercano sia prestazioni che design.<\/p>\n<p>Se sei alla ricerca di una <strong>Sigaretta elettronica monouso con nicotina<\/strong> che le offrono un'eccezionale <strong>Esperienza di svapo<\/strong> in Germania offre, allora \u00e8 la <strong>Fumot RandM Digital Box 12000 Z\u00fcge \n\nbecomes \n\nFumot RandM Digital Box 12000 puff<\/strong> esattamente quello che fa per te. Questa innovativa <strong>Sigaretta elettronica monouso<\/strong> superer\u00e0 le vostre aspettative. Continuate a leggere per scoprire di pi\u00f9 sulle caratteristiche eccezionali e sui deliziosi sapori di questo <strong>Vape monouso<\/strong> per sapere, che si trovano su <strong>alfakherwelt.de<\/strong> disponibile - la pi\u00f9 grande piattaforma per <strong>Disposable Vapes in Germania<\/strong>.<\/p>\n<h3>Descrizione del prodotto<\/h3>\n<p>La <strong>Fumot RandM Digital Box 12000 Z\u00fcge Einweg E Zigarette \n\nbecomes \n\nFumot RandM Digital Box 12000 tiri Sigaretta elettronica usa e getta<\/strong> non \u00e8 solo un altro <strong>Vape monouso<\/strong>ma un vero capolavoro della tecnica e del design. Dotato di un <strong>E-liquid preconfezionato da 20ml<\/strong>che uno <strong>lunga durata di utilizzo<\/strong> fino a <strong>12000 treni<\/strong> offre, non dovete preoccuparvi di ricaricare o di continue sostituzioni. Il <strong>batteria ricaricabile da 550mAh<\/strong> assicura una <strong>lunga durata di vita<\/strong> e pu\u00f2 essere comodamente attraversato tramite il <strong>Connettore di tipo C<\/strong> essere caricati.<\/p>\n<p>Grazie alla <strong>Bobine a maglia<\/strong> \u00e8 il vapore con questo <strong>Sigaretta elettronica con nicotina<\/strong> soprattutto piacevole. La tecnologia Mesh assicura una formazione di vapore uniforme e pi\u00f9 intensa, che <strong>Gusto<\/strong> ogni sigarretta, ogni tiro, diventa un'esperienza di lusso. Inoltre, si assicura che il <strong>Regolatore di flusso d'aria<\/strong> per poter adattare il vapore secondo le tue preferenze, per godere dell'esperienza di vapore perfetta - sia che <strong>forte vapore<\/strong> o un leggero, dolce tiro.<\/p>\n<p>Un'altra caratteristica innovativa \u00e8 il <strong>Display a LED<\/strong>che in tempo reale il <strong>Consumo di e-liquid<\/strong> e il <strong>Stato della batteria<\/strong> mostra, in modo che tu possa sempre sapere quanta energia \u00e8 rimasta. Questo display non \u00e8 solo funzionale, ma conferisce al dispositivo anche una nota futuristica e moderna. E per rendere la vaporizzazione ancora pi\u00f9 emozionante, \u00e8 dotata di <strong>Fumot RandM Digital Box 12000<\/strong> sopra <strong>6 luci RGB<\/strong>che si accendono durante il vaping e sottolineano ulteriormente l'aspetto del dispositivo al buio.<\/p>\n<p>La <strong>Fumot RandM Digital Box<\/strong> offre <strong>2 livelli di nicotina (5% o 2%)<\/strong> e quindi la possibilit\u00e0, a seconda delle preferenze, di scegliere tra un prodotto pi\u00f9 forte o pi\u00f9 delicato <strong>Esperienza del nicotino<\/strong> da scegliere. Con <strong>fino a 48 diversi sapori<\/strong>tra cui <strong>fruttata<\/strong>, <strong>simile al mentolo<\/strong> e <strong>dolce<\/strong> Opzioni, trovate garantita la perfetta sfumatura di gusto per la vostra esperienza di svapo individuale.<\/p>\n<h3>Caratteristiche della Fumot RandM Digital Box 12000 Puffs<\/h3>\n<ul>\n<li><strong>20ml di capacit\u00e0 di e-liquid<\/strong>Genie\u00dfen Sie <strong>12000 treni<\/strong>senza dover essere rabboccato.<\/li>\n<li><strong>Batteria ricaricabile<\/strong>: Il <strong>550mAh batteria<\/strong> provvede a <strong>lunga durata di utilizzo<\/strong> e lascia che si v\u01b0\u1ee3t <strong>Connettore di tipo C<\/strong> caricare.<\/li>\n<li><strong>Regolatore di flusso d'aria<\/strong>Controlla <strong>Quantit\u00e0 di vapore<\/strong> Secondo la sua richiesta.<\/li>\n<li><strong>Bobine a maglia<\/strong>: Preoccuparsi per uno <strong>vapore uniforme<\/strong> e un sapore intenso.<\/li>\n<li><strong>Display a LED<\/strong>: Mostra il <strong>Consumo di e-liquid<\/strong> e il <strong>Stato della batteria<\/strong> an<\/li>\n<li><strong>6 luci RGB<\/strong>Aggiungi una dimensione visiva fresca all'esperienza di svapo.<\/li>\n<li><strong>Due livelli di nicotina (5% o 2%)<\/strong>: Regola la forza della nicotina in base alle tue esigenze.<\/li>\n<li><strong>Facile utilizzo<\/strong>: <strong>Attivazione di trazione<\/strong> - nessuna chiave o impostazione complessa richiesta.<\/li>\n<\/ul>\n<h3><a href=\"https:\/\/alfakherwelt.de\/it\/categoria-di-prodotto\/scatola-digitale-randm-fumot-12000\/\">Fumot RandM Digital Box 12000 Z\u00fcge \n\nbecomes \n\nFumot RandM Digital Box 12000 puff<\/a> Sapore di sigarette elettroniche usa e getta<\/h3>\n<h3 class=\"\" data-start=\"0\" data-end=\"63\"><strong data-start=\"4\" data-end=\"55\">Cherry Cola - Il classico con un tocco fruttato<\/strong> \ud83c\udf52\ud83e\udd64\u2728<\/h3>\n<p class=\"\" data-start=\"64\" data-end=\"339\">Sperimentate il gusto inconfondibile di <strong data-start=\"112\" data-end=\"127\">Cherry Cola<\/strong> In una unica esperienza di vapore! Questa miscela combina l'aroma dolce e speziato di cola con l'intensit\u00e0 fruttata di ciliegie mature - un perfetto equilibrio tra freschezza frizzante e dolcezza fruttata.<\/p>\n<p><img loading=\"lazy\" decoding=\"async\" class=\"alignnone wp-image-1443 size-full\" src=\"https:\/\/alfakherwelt.de\/wp-content\/uploads\/2024\/12\/3Fumot-RandM-Digital-Box-12000.webp\" alt=\"Fumot RandM Digital Box 12000 tiri Sigaretta elettronica usa e getta - Cherry Cola\" width=\"800\" height=\"800\" title=\"\" srcset=\"https:\/\/alfakherwelt.de\/wp-content\/uploads\/2024\/12\/3Fumot-RandM-Digital-Box-12000.webp 800w, https:\/\/alfakherwelt.de\/wp-content\/uploads\/2024\/12\/3Fumot-RandM-Digital-Box-12000-300x300.webp 300w, https:\/\/alfakherwelt.de\/wp-content\/uploads\/2024\/12\/3Fumot-RandM-Digital-Box-12000-150x150.webp 150w, https:\/\/alfakherwelt.de\/wp-content\/uploads\/2024\/12\/3Fumot-RandM-Digital-Box-12000-768x768.webp 768w, https:\/\/alfakherwelt.de\/wp-content\/uploads\/2024\/12\/3Fumot-RandM-Digital-Box-12000-12x12.webp 12w, https:\/\/alfakherwelt.de\/wp-content\/uploads\/2024\/12\/3Fumot-RandM-Digital-Box-12000-600x600.webp 600w, https:\/\/alfakherwelt.de\/wp-content\/uploads\/2024\/12\/3Fumot-RandM-Digital-Box-12000-100x100.webp 100w\" sizes=\"auto, (max-width: 800px) 100vw, 800px\" \/><\/p>\n<hr \/>\n<h3>Perch\u00e9 dovreste <a href=\"https:\/\/alfakherwelt.de\/it\/categoria-di-prodotto\/scatola-digitale-randm-fumot-12000\/\">Fumot RandM Digital Box 12000 Z\u00fcge \n\nbecomes \n\nFumot RandM Digital Box 12000 puff<\/a> Sigaretta elettronica usa e getta acquistare?<\/h3>\n<p>Ci sono molti motivi per cui le <strong>Fumot RandM Digital Box 12000 Z\u00fcge Einweg E Zigarette \n\nbecomes \n\nFumot RandM Digital Box 12000 tiri Sigaretta elettronica usa e getta<\/strong> la scelta perfetta per ogni vaporizzatore \u00e8. Non \u00e8 solo <strong>tecnicamente eccezionale<\/strong>ma offre anche una <strong>ampia scelta di sapori<\/strong> e una <strong>funzionalit\u00e0 facile da usare<\/strong>. La <strong>batteria ricaricabile<\/strong> assicura una <strong>lunga durata di vita<\/strong>e quello <strong>Display a LED<\/strong> offre una semplice <strong>Sorveglianza<\/strong> dello stato della batteria e del <strong>Consumo di e-liquid<\/strong>.<\/p>\n<ul>\n<li><strong>Grande capacit\u00e0 di e-liquid<\/strong>Con <strong>20ml<\/strong> E-Liquid e fino a <strong>12000 treni<\/strong> non deve preoccuparsi di ricaricare.<\/li>\n<li><strong>Duraturo ed efficace in termini di costi<\/strong>: La <strong>batteria ricaricabile<\/strong> e la lunga durata di utilizzo fanno le <strong>Fumot RandM Digital Box 12000<\/strong> a un'estrema <strong>economici<\/strong> Scegliere \nelezione \nsceelta \nopzione \nselezione \nelettorale<\/li>\n<li><strong>Sapore rinfrescante<\/strong>: Da <strong>Peach Ice<\/strong> fino a <strong>molti altri aromi<\/strong> - c'\u00e8 la scelta giusta per ogni gusto.<\/li>\n<li><strong>Facilit\u00e0 d'uso<\/strong>: Nessun tasto, semplicemente attraverso <strong>Trazione attivata<\/strong>.<\/li>\n<\/ul>\n<p>Acquista ora le <strong>Fumot RandM Digital Box 12000 Z\u00fcge Einweg E Zigarette \n\nbecomes \n\nFumot RandM Digital Box 12000 tiri Sigaretta elettronica usa e getta<\/strong> su <strong>alfakherwelt.de<\/strong>dei pi\u00f9 grandi <strong>Piattaforma online per sigarette elettroniche usa e getta in Germania<\/strong>e vivete il <strong>migliore esperienza di svapo<\/strong>!<\/p>\n<h3>Conclusione<\/h3>\n<p>La <strong>Fumot RandM Digital Box 12000 Z\u00fcge Einweg E Zigarette \n\nbecomes \n\nFumot RandM Digital Box 12000 tiri Sigaretta elettronica usa e getta<\/strong> stabilisce nuovi standard per la vaporizzazione ed \u00e8 dotata delle sue funzioni avanzate, del <strong>sapore rinfrescante<\/strong> e il <strong>prestazioni durature<\/strong> una delle migliori <strong>Sigarette elettroniche monouso<\/strong> Sul mercato. Prendi il tuo <strong>Fumot Digital Box<\/strong> e godetevi uno <strong>esperienza di svapo di lusso<\/strong> su <a href=\"https:\/\/alfakherwelt.de\/it\/\"><strong>alfakherwelt.de<\/strong><\/a>!<\/p>","protected":false},"excerpt":{"rendered":"<div class=\"flex-shrink-0 flex flex-col relative items-end\">\n<div class=\"pt-0\">\n<div class=\"gizmo-shadow-stroke flex h-8 w-8 items-center justify-center overflow-hidden rounded-full\">\n<div class=\"h-full w-full\">\n<div class=\"flex-shrink-0 flex flex-col relative items-end\">\n<div class=\"pt-0\">\n<div class=\"gizmo-shadow-stroke flex h-8 w-8 items-center justify-center overflow-hidden rounded-full\">\n<div class=\"h-full w-full\">\n<div class=\"gizmo-shadow-stroke overflow-hidden rounded-full\">\n<div class=\"flex-1 overflow-hidden\">\n<div class=\"h-full\">\n<div class=\"react-scroll-to-bottom--css-nphjn-79elbk h-full\">\n<div class=\"react-scroll-to-bottom--css-nphjn-1n7m0yu\">\n<div class=\"flex flex-col text-sm md:pb-9\">\n<article class=\"w-full scroll-mb-[var(--thread-trailing-height,150px)] text-token-text-primary focus-visible:outline-2 focus-visible:outline-offset-[-4px]\" dir=\"auto\" data-testid=\"conversation-turn-5\" data-scroll-anchor=\"true\">\n<div class=\"m-auto text-base py-[18px] px-3 md:px-4 w-full md:px-5 lg:px-4 xl:px-5\">\n<div class=\"mx-auto flex flex-1 gap-4 text-base md:gap-5 lg:gap-6 md:max-w-3xl lg:max-w-[40rem] xl:max-w-[48rem]\">\n<div class=\"group\/conversation-turn relative flex w-full min-w-0 flex-col agent-turn\">\n<div class=\"flex-col gap-1 md:gap-3\">\n<div class=\"flex max-w-full flex-col flex-grow\">\n<div class=\"min-h-8 text-message flex w-full flex-col items-end gap-2 whitespace-normal break-words [.text-message+&amp;]:mt-5\" dir=\"auto\" data-message-author-role=\"assistant\" data-message-id=\"1982dcee-f0f5-4cfa-a269-fdbaed43d922\" data-message-model-slug=\"gpt-4o\">\n<div class=\"flex w-full flex-col gap-1 empty:hidden first:pt-[3px]\">\n<div class=\"markdown prose w-full break-words dark:prose-invert light\">\n<div class=\"flex-1 overflow-hidden\">\n<div class=\"h-full\">\n<div class=\"react-scroll-to-bottom--css-xrsce-79elbk h-full\">\n<div class=\"react-scroll-to-bottom--css-xrsce-1n7m0yu\">\n<div class=\"flex flex-col text-sm md:pb-9\">\n<article class=\"w-full scroll-mb-[var(--thread-trailing-height,150px)] text-token-text-primary focus-visible:outline-2 focus-visible:outline-offset-[-4px]\" dir=\"auto\" data-testid=\"conversation-turn-5\" data-scroll-anchor=\"true\">\n<div class=\"m-auto text-base py-[18px] px-3 md:px-4 w-full md:px-5 lg:px-4 xl:px-5\">\n<div class=\"mx-auto flex flex-1 gap-4 text-base md:gap-5 lg:gap-6 md:max-w-3xl lg:max-w-[40rem] xl:max-w-[48rem]\">\n<div class=\"group\/conversation-turn relative flex w-full min-w-0 flex-col agent-turn\">\n<div class=\"flex-col gap-1 md:gap-3\">\n<div class=\"flex max-w-full flex-col flex-grow\">\n<div class=\"min-h-8 text-message flex w-full flex-col items-end gap-2 whitespace-normal break-words [.text-message+&amp;]:mt-5\" dir=\"auto\" data-message-author-role=\"assistant\" data-message-id=\"1a0c8d71-a6be-4cc9-b460-deb3e7ecbf47\" data-message-model-slug=\"gpt-4o\">\n<div class=\"flex w-full flex-col gap-1 empty:hidden first:pt-[3px]\">\n<div class=\"markdown prose w-full break-words dark:prose-invert light\">\n<div class=\"flex-1 overflow-hidden\">\n<div class=\"h-full\">\n<div class=\"react-scroll-to-bottom--css-gqbzc-79elbk h-full\">\n<div class=\"react-scroll-to-bottom--css-gqbzc-1n7m0yu\">\n<div class=\"flex flex-col text-sm md:pb-9\">\n<article class=\"w-full scroll-mb-[var(--thread-trailing-height,150px)] text-token-text-primary focus-visible:outline-2 focus-visible:outline-offset-[-4px]\" dir=\"auto\" data-testid=\"conversation-turn-5\" data-scroll-anchor=\"true\">\n<div class=\"m-auto text-base py-[18px] px-3 md:px-4 w-full md:px-5 lg:px-4 xl:px-5\">\n<div class=\"mx-auto flex flex-1 gap-4 text-base md:gap-5 lg:gap-6 md:max-w-3xl lg:max-w-[40rem] xl:max-w-[48rem]\">\n<div class=\"group\/conversation-turn relative flex w-full min-w-0 flex-col agent-turn\">\n<div class=\"flex-col gap-1 md:gap-3\">\n<div class=\"flex max-w-full flex-col flex-grow\">\n<div class=\"min-h-8 text-message flex w-full flex-col items-end gap-2 whitespace-normal break-words [.text-message+&amp;]:mt-5\" dir=\"auto\" data-message-author-role=\"assistant\" data-message-id=\"ca066132-0777-4603-995e-a689971b3380\" data-message-model-slug=\"gpt-4o\">\n<div class=\"flex w-full flex-col gap-1 empty:hidden first:pt-[3px]\">\n<div class=\"markdown prose w-full break-words dark:prose-invert light\">\n<p>La <strong>Fumot RandM Digital Box 12000 Z\u00fcge Einweg E Zigarette \n\nbecomes \n\nFumot RandM Digital Box 12000 tiri Sigaretta elettronica usa e getta<\/strong> offrono con il loro <strong>20ml E-Liquid<\/strong>uno <strong>batteria ricaricabile da 550mAh<\/strong>, <strong>fino a 12.000 tiri<\/strong>a uno <strong>Display a LED<\/strong>, <strong>6 luci RGB<\/strong>, <strong>Bobine a maglia<\/strong> e la possibilit\u00e0 di passare tra <strong>5% o 2% nicotina<\/strong> per scegliere un'esperienza di svapo eccezionale e individuale.<\/p>\n<\/div>\n<\/div>\n<\/div>\n<\/div>\n<\/div>\n<\/div>\n<\/div>\n<\/div>\n<\/article>\n<\/div>\n<\/div>\n<\/div>\n<\/div>\n<\/div>\n<\/div>\n<\/div>\n<\/div>\n<\/div>\n<\/div>\n<\/div>\n<\/div>\n<\/div>\n<\/article>\n<\/div>\n<\/div>\n<\/div>\n<\/div>\n<\/div>\n<\/div>\n<\/div>\n<\/div>\n<\/div>\n<div class=\"pr-2 lg:pr-0\"><\/div>\n<div class=\"mt-3 w-full empty:hidden\">\n<div class=\"text-center\"><\/div>\n<\/div>\n<\/div>\n<div class=\"absolute\">\n<div class=\"flex items-center justify-center\"><\/div>\n<\/div>\n<\/div>\n<\/div>\n<\/div>\n<\/article>\n<\/div>\n<\/div>\n<\/div>\n<\/div>\n<\/div>\n<div class=\"md:pt-0 dark:border-white\/20 md:border-transparent md:dark:border-transparent w-full\">\n<div>\n<div class=\"m-auto text-base px-3 md:px-4 w-full md:px-5 lg:px-4 xl:px-5\">\n<div class=\"mx-auto flex flex-1 gap-4 text-base md:gap-5 lg:gap-6 md:max-w-3xl lg:max-w-[40rem] xl:max-w-[48rem]\">\n<div class=\"flex justify-center\"><\/div>\n<\/div>\n<\/div>\n<\/div>\n<\/div>\n<\/div>\n<\/div>\n<\/div>\n<\/div>\n<\/div>\n<\/div>\n<\/div>\n<\/div>\n<\/div>","protected":false},"featured_media":2738,"comment_status":"open","ping_status":"closed","template":"","meta":[],"product_brand":[],"product_cat":[57],"product_tag":[],"class_list":{"0":"post-2733","1":"product","2":"type-product","3":"status-publish","4":"has-post-thumbnail","6":"product_cat-randm-fumot-digital-box-12000","8":"first","9":"instock","10":"sale","11":"shipping-taxable","12":"purchasable","13":"product-type-simple"},"jetpack_sharing_enabled":true,"_links":{"self":[{"href":"https:\/\/alfakherwelt.de\/it\/wp-json\/wp\/v2\/product\/2733","targetHints":{"allow":["GET"]}}],"collection":[{"href":"https:\/\/alfakherwelt.de\/it\/wp-json\/wp\/v2\/product"}],"about":[{"href":"https:\/\/alfakherwelt.de\/it\/wp-json\/wp\/v2\/types\/product"}],"replies":[{"embeddable":true,"href":"https:\/\/alfakherwelt.de\/it\/wp-json\/wp\/v2\/comments?post=2733"}],"wp:featuredmedia":[{"embeddable":true,"href":"https:\/\/alfakherwelt.de\/it\/wp-json\/wp\/v2\/media\/2738"}],"wp:attachment":[{"href":"https:\/\/alfakherwelt.de\/it\/wp-json\/wp\/v2\/media?parent=2733"}],"wp:term":[{"taxonomy":"product_brand","embeddable":true,"href":"https:\/\/alfakherwelt.de\/it\/wp-json\/wp\/v2\/product_brand?post=2733"},{"taxonomy":"product_cat","embeddable":true,"href":"https:\/\/alfakherwelt.de\/it\/wp-json\/wp\/v2\/product_cat?post=2733"},{"taxonomy":"product_tag","embeddable":true,"href":"https:\/\/alfakherwelt.de\/it\/wp-json\/wp\/v2\/product_tag?post=2733"}],"curies":[{"name":"wp","href":"https:\/\/api.w.org\/{rel}","templated":true}]}}