{"id":2728,"date":"2025-03-26T07:06:31","date_gmt":"2025-03-26T07:06:31","guid":{"rendered":"https:\/\/alfakherwelt.de\/?post_type=product&#038;p=2728"},"modified":"2025-03-26T07:24:19","modified_gmt":"2025-03-26T07:24:19","slug":"fumot-randm-scatola-digitale-12000-sigaro-monouso-e-sigaretta-bluesour-lampone","status":"publish","type":"product","link":"https:\/\/alfakherwelt.de\/it\/prodotto\/fumot-randm-scatola-digitale-12000-sigaro-monouso-e-sigaretta-bluesour-lampone\/","title":{"rendered":"Fumot RandM Digital Box 12000 Z\u00fcge Einweg E Zigarette \u2013 Bluesour Raspberry \n\nbecomes \n\nFumot RandM Digital Box 12000 tiri Sigaretta elettronica usa e getta - Bluesour Raspberry"},"content":{"rendered":"<div style=\"width: 640px;\" class=\"wp-video\"><video class=\"wp-video-shortcode\" id=\"video-2728-1\" width=\"640\" height=\"360\" preload=\"metadata\" controls=\"controls\"><source type=\"video\/mp4\" src=\"https:\/\/alfakherwelt.de\/wp-content\/uploads\/2024\/12\/Fumot-RandM-Digital-Box-120002.mp4?_=1\" \/><a href=\"https:\/\/alfakherwelt.de\/wp-content\/uploads\/2024\/12\/Fumot-RandM-Digital-Box-120002.mp4\">https:\/\/alfakherwelt.de\/wp-content\/uploads\/2024\/12\/Fumot-RandM-Digital-Box-120002.mp4<\/a><\/video><\/div>\n<h2><strong><a href=\"https:\/\/alfakherwelt.de\/it\/categoria-di-prodotto\/scatola-digitale-randm-fumot-12000\/\">Fumot RandM Digital Box 12000 Z\u00fcge \n\nbecomes \n\nFumot RandM Digital Box 12000 puff<\/a> Sigaretta elettronica usa e getta - La scelta perfetta per i vaper esigenti in Germania<\/strong><\/h2>\n<p>La <strong>Fumot RandM Digital Box 12000 Z\u00fcge Einweg E Zigarette \n\nbecomes \n\nFumot RandM Digital Box 12000 tiri Sigaretta elettronica usa e getta<\/strong> \u00e8 un capolavoro della moderna tecnologia del vapore e offre un'esperienza di fumo senza pari per tutti coloro che cercano un prodotto durevole, pratico e allo stesso tempo elegante <strong>Sigaretta elettronica monouso<\/strong> Cercare. Sviluppato per il vaper esigente, questo dispositivo innovativo combina raffinatezza tecnologica con un design sofisticato e una variet\u00e0 di funzioni che rendono la vaporizzazione un vero piacere.<\/p>\n<p>Con <strong>12000 treni<\/strong>a uno <strong>Schermo a LED<\/strong> e uno <strong>batteria ricaricabile da 550mAh carica<\/strong>che hanno superato un <strong>Connettore di ricarica di tipo C<\/strong> pu\u00f2 essere caricata, la Fumot RandM Digital Box offre un'esperienza di svapo unica. Qui scopri tutto ci\u00f2 che devi sapere su questa alta qualit\u00e0 <strong>Sigaretta elettronica monouso<\/strong> devono sapere, nonch\u00e9 la possibilit\u00e0 perfetta di applicarle direttamente su <strong>alfakherwelt.de<\/strong> acquistare - La tua piattaforma preferita per <strong>Sigaretta elettronica monouso<\/strong> in <strong>Deutschland<\/strong>.<\/p>\n<hr \/>\n<h3><strong>Produktmerkmale der <a href=\"https:\/\/alfakherwelt.de\/it\/categoria-di-prodotto\/scatola-digitale-randm-fumot-12000\/\">Fumot RandM Digital Box 12000 Z\u00fcge \n\nbecomes \n\nFumot RandM Digital Box 12000 puff<\/a> Sigaretta elettronica monouso<\/strong><\/h3>\n<ul>\n<li><strong>20ml di capacit\u00e0 di e-liquid<\/strong> - Una quantit\u00e0 generosa, sufficiente fino a <strong>12000 treni<\/strong> Va bene. Ideale per lunghe sessioni di vapore senza frequenti rabbocchi.<\/li>\n<li><strong>Portata di 12000 treni<\/strong> - Grazie alla combinazione ottimale di potente <strong>Tecnologia del sale di nicotina<\/strong> e un generoso serbatoio di e-liquid.<\/li>\n<li><strong>Batteria ricaricabile da 550mAh<\/strong> Con un pratico <strong>Connettore di tipo C<\/strong> Si pu\u00f2 ricaricare velocemente e facilmente la batteria, in modo da poter godere sempre di massima potenza.<\/li>\n<li><strong>Sei luci RGB<\/strong> Queste luci offrono non solo raffinatezza ottica, ma contribuiscono anche a farvi notare quando fumate al buio.<\/li>\n<li><strong>Interruttore di controllo del flusso d'aria<\/strong> Regola la dimensione del vapore in base alle tue preferenze, controllando liberamente la circolazione dell'aria.<\/li>\n<li><strong>Due livelli di nicotina sale<\/strong> \u2013 Scegliete tra 5% o 2% di nicotina, a seconda di quanto volete che sia intensa la vostra esperienza di svapo.<\/li>\n<li><strong>Tecnologia a bobina mesh<\/strong> \u2013 Questa garantisce un\u2019esperienza gustativa particolarmente intensa e permette una distribuzione uniforme del calore durante la vaporizzazione dell\u2019e-liquid.<\/li>\n<\/ul>\n<hr \/>\n<h3><strong>Perch\u00e9 le <a href=\"https:\/\/alfakherwelt.de\/it\/categoria-di-prodotto\/scatola-digitale-randm-fumot-12000\/\">Fumot RandM Digital Box 12000 Z\u00fcge \n\nbecomes \n\nFumot RandM Digital Box 12000 puff<\/a> Le sigarette elettroniche monouso dovrebbero essere la vostra prima scelta<\/strong><\/h3>\n<p><strong>La funzionalit\u00e0 incontra l'estetica<\/strong><br \/>\nLa <strong>Fumot RandM Digital Box 12000 Z\u00fcge Einweg E Zigarette \n\nbecomes \n\nFumot RandM Digital Box 12000 tiri Sigaretta elettronica usa e getta<\/strong> non \u00e8 solo un capolavoro tecnico, ma anche un highlight visivo. Con il suo design snello e leggero come una piuma, si adatta perfettamente alla mano e pu\u00f2 essere trasportata senza sforzo. Il <strong>Schermo a LED<\/strong> garantisce di avere sempre una visione precisa di quanta e-liquid \u00e8 rimasta e quanta energia ha ancora la batteria.<\/p>\n<p><strong>Design ergonomico per massimo comfort<\/strong><br \/>\nCon una riflessione approfondita <strong>costruzione ergonomica<\/strong> offre queste <strong>Sigaretta elettronica monouso<\/strong> un'esperienza di vapore estremamente piacevole. Il <strong>Sistema a bobina mesh<\/strong> aiuta a intensificare il gusto dell'e-liquid e allo stesso tempo a distribuire uniformemente il calore. La <strong>Produzione di vapore<\/strong> \u00e8 uniforme ed efficiente, in modo da poter godere ogni volta un sapore pieno ed intenso.<\/p>\n<p><strong>Applicazione semplice senza complicazioni<\/strong><br \/>\nCon il pratico <strong>Sistema di attivazione del treno<\/strong> Non hai bisogno di pulsanti o impostazioni complicate. Basta tirare e il vapore si attiva immediatamente. Ci\u00f2 rende l'esperienza di svapo con Fumot RandM Digital Box incredibilmente comoda. Che tu sia a casa o in viaggio, puoi sempre contare su un risultato costantemente buono.<\/p>\n<p><strong>Possibilit\u00e0 di utilizzo avanzate<\/strong><br \/>\nCon la possibilit\u00e0 di <strong>Controllo del flusso d'aria<\/strong> per regolare, avete il pieno controllo sulla vostra esperienza di svapo. Regolate la quantit\u00e0 di vapore secondo le vostre preferenze e godete della completa flessibilit\u00e0 - un vero punto di forza che questi <strong>Sigaretta elettronica monouso<\/strong> che si distingue dagli altri sul mercato.<\/p>\n<p><img loading=\"lazy\" decoding=\"async\" class=\"alignnone wp-image-1443 size-full\" src=\"https:\/\/alfakherwelt.de\/wp-content\/uploads\/2024\/12\/3Fumot-RandM-Digital-Box-12000.webp\" alt=\"Fumot RandM Digital Box 12000 Z\u00fcge Einweg E Zigarette - Bluesour Raspberry becomes Fumot RandM Digital Box 12000 puff Fumetto elettronico usa e getta - Bluesour Raspberry\" width=\"800\" height=\"800\" title=\"\" srcset=\"https:\/\/alfakherwelt.de\/wp-content\/uploads\/2024\/12\/3Fumot-RandM-Digital-Box-12000.webp 800w, https:\/\/alfakherwelt.de\/wp-content\/uploads\/2024\/12\/3Fumot-RandM-Digital-Box-12000-300x300.webp 300w, https:\/\/alfakherwelt.de\/wp-content\/uploads\/2024\/12\/3Fumot-RandM-Digital-Box-12000-150x150.webp 150w, https:\/\/alfakherwelt.de\/wp-content\/uploads\/2024\/12\/3Fumot-RandM-Digital-Box-12000-768x768.webp 768w, https:\/\/alfakherwelt.de\/wp-content\/uploads\/2024\/12\/3Fumot-RandM-Digital-Box-12000-12x12.webp 12w, https:\/\/alfakherwelt.de\/wp-content\/uploads\/2024\/12\/3Fumot-RandM-Digital-Box-12000-600x600.webp 600w, https:\/\/alfakherwelt.de\/wp-content\/uploads\/2024\/12\/3Fumot-RandM-Digital-Box-12000-100x100.webp 100w\" sizes=\"auto, (max-width: 800px) 100vw, 800px\" \/><\/p>\n<hr \/>\n<h3><strong>Scatola Fumot RandM Digital 12000 tiri Sigaretta elettronica usa e getta Variet\u00e0 di aromi<\/strong><\/h3>\n<p class=\"\" data-start=\"0\" data-end=\"68\"><strong data-start=\"0\" data-end=\"60\">Rinfrescante &amp; Intensivo - Blue Sour Raspberry E-Zigarette<\/strong> \ud83d\udc99\ud83c\udf47\u2728<\/p>\n<p class=\"\" data-start=\"70\" data-end=\"382\">Immergersi in un'emozionante esplosione di sapori con la nostra <strong data-start=\"137\" data-end=\"160\">Blue Sour Raspberry<\/strong> Sigaretta elettronica! Questo aroma eccezionale combina il dolce, maturo mirtillo con la fresca leggera acidit\u00e0 del lampone - un perfetto equilibrio tra dolce e acido per un'esperienza di svapo indimenticabile.<\/p>\n<hr \/>\n<h3><strong>Acquistare Vape su alfakherwelt.de - Il vostro primo indirizzo per sigarette elettroniche usa e getta in Germania<\/strong><\/h3>\n<p>Su <strong>alfakherwelt.de<\/strong>al pi\u00f9 grande <strong>Negozio online per sigarette elettroniche monouso in Germania<\/strong>Possono fare \n(Non \u00e8 stato possibile tradurre correttamente, La prego di fornire il testo completo da tradurre) <strong>Fumot RandM Digital Box 12000 Z\u00fcge Einweg E Zigarette \n\nbecomes \n\nFumot RandM Digital Box 12000 tiri Sigaretta elettronica usa e getta<\/strong> Acquista comodamente online. Approfitta della nostra vasta offerta e dei prezzi attraenti. Inoltre, ti garantiamo una consegna rapida e il miglior servizio clienti.<\/p>\n<p>Visitate<a href=\"https:\/\/alfakherwelt.de\/it\/\"> <strong>alfakherwelt.de<\/strong><\/a>per poter utilizzare il suo nuovo <strong>Sigaretta elettronica monouso<\/strong> Per ordinare e godere dell'esperienza di vaporizzazione definitiva. Che tu sia un fumatore esperto o un principiante, con la <strong>Fumot RandM Digital Box<\/strong> Sono sempre perfettamente equipaggiati.<\/p>\n<hr \/>\n<h3><strong>Fazit: Perch\u00e9 dovresti <a href=\"https:\/\/alfakherwelt.de\/it\/categoria-di-prodotto\/scatola-digitale-randm-fumot-12000\/\">Fumot RandM Digital Box 12000 Z\u00fcge \n\nbecomes \n\nFumot RandM Digital Box 12000 puff<\/a> Sigarette elettroniche monouso da comprare<\/strong><\/h3>\n<p>La <strong>Fumot RandM Digital Box 12000 Z\u00fcge Einweg E Zigarette \n\nbecomes \n\nFumot RandM Digital Box 12000 tiri Sigaretta elettronica usa e getta<\/strong> \u00e8 una scelta eccellente per tutti coloro che sono alla ricerca di un <strong>di alta qualit\u00e0, facile da usare<\/strong> e <strong>intenso di sapore<\/strong> esperienze di vapore. Con funzioni innovative come la <strong>Controllo del flusso d'aria<\/strong>al quale <strong>Schermo a LED<\/strong> e il <strong>Batteria ricaricabile 550mAh<\/strong> \u00e8 la soluzione perfetta per tutti coloro che non vogliono rinunciare alla qualit\u00e0 durante la vaporizzazione. Inoltre, la vasta selezione di <strong>Aromi<\/strong> e la <strong>lunga durata di utilizzo<\/strong> fino a <strong>12000 treni<\/strong> per garantire che tu possa godere di un'esperienza di svapo eccezionale ogni volta.<\/p>\n<p><strong>Visitate<a href=\"https:\/\/alfakherwelt.de\/it\/\"> alfakherwelt.de<\/a><\/strong>per poter <strong>Fumot RandM Digital Box 12000 Z\u00fcge Einweg E Zigarette \n\nbecomes \n\nFumot RandM Digital Box 12000 tiri Sigaretta elettronica usa e getta<\/strong> Per ordinare e vivere il vaping al massimo livello!<\/p>","protected":false},"excerpt":{"rendered":"<div class=\"flex-shrink-0 flex flex-col relative items-end\">\n<div class=\"pt-0\">\n<div class=\"gizmo-shadow-stroke flex h-8 w-8 items-center justify-center overflow-hidden rounded-full\">\n<div class=\"h-full w-full\">\n<div class=\"flex-shrink-0 flex flex-col relative items-end\">\n<div class=\"pt-0\">\n<div class=\"gizmo-shadow-stroke flex h-8 w-8 items-center justify-center overflow-hidden rounded-full\">\n<div class=\"h-full w-full\">\n<div class=\"gizmo-shadow-stroke overflow-hidden rounded-full\">\n<div class=\"flex-1 overflow-hidden\">\n<div class=\"h-full\">\n<div class=\"react-scroll-to-bottom--css-nphjn-79elbk h-full\">\n<div class=\"react-scroll-to-bottom--css-nphjn-1n7m0yu\">\n<div class=\"flex flex-col text-sm md:pb-9\">\n<article class=\"w-full scroll-mb-[var(--thread-trailing-height,150px)] text-token-text-primary focus-visible:outline-2 focus-visible:outline-offset-[-4px]\" dir=\"auto\" data-testid=\"conversation-turn-5\" data-scroll-anchor=\"true\">\n<div class=\"m-auto text-base py-[18px] px-3 md:px-4 w-full md:px-5 lg:px-4 xl:px-5\">\n<div class=\"mx-auto flex flex-1 gap-4 text-base md:gap-5 lg:gap-6 md:max-w-3xl lg:max-w-[40rem] xl:max-w-[48rem]\">\n<div class=\"group\/conversation-turn relative flex w-full min-w-0 flex-col agent-turn\">\n<div class=\"flex-col gap-1 md:gap-3\">\n<div class=\"flex max-w-full flex-col flex-grow\">\n<div class=\"min-h-8 text-message flex w-full flex-col items-end gap-2 whitespace-normal break-words [.text-message+&amp;]:mt-5\" dir=\"auto\" data-message-author-role=\"assistant\" data-message-id=\"1982dcee-f0f5-4cfa-a269-fdbaed43d922\" data-message-model-slug=\"gpt-4o\">\n<div class=\"flex w-full flex-col gap-1 empty:hidden first:pt-[3px]\">\n<div class=\"markdown prose w-full break-words dark:prose-invert light\">\n<div class=\"flex-1 overflow-hidden\">\n<div class=\"h-full\">\n<div class=\"react-scroll-to-bottom--css-xrsce-79elbk h-full\">\n<div class=\"react-scroll-to-bottom--css-xrsce-1n7m0yu\">\n<div class=\"flex flex-col text-sm md:pb-9\">\n<article class=\"w-full scroll-mb-[var(--thread-trailing-height,150px)] text-token-text-primary focus-visible:outline-2 focus-visible:outline-offset-[-4px]\" dir=\"auto\" data-testid=\"conversation-turn-5\" data-scroll-anchor=\"true\">\n<div class=\"m-auto text-base py-[18px] px-3 md:px-4 w-full md:px-5 lg:px-4 xl:px-5\">\n<div class=\"mx-auto flex flex-1 gap-4 text-base md:gap-5 lg:gap-6 md:max-w-3xl lg:max-w-[40rem] xl:max-w-[48rem]\">\n<div class=\"group\/conversation-turn relative flex w-full min-w-0 flex-col agent-turn\">\n<div class=\"flex-col gap-1 md:gap-3\">\n<div class=\"flex max-w-full flex-col flex-grow\">\n<div class=\"min-h-8 text-message flex w-full flex-col items-end gap-2 whitespace-normal break-words [.text-message+&amp;]:mt-5\" dir=\"auto\" data-message-author-role=\"assistant\" data-message-id=\"1a0c8d71-a6be-4cc9-b460-deb3e7ecbf47\" data-message-model-slug=\"gpt-4o\">\n<div class=\"flex w-full flex-col gap-1 empty:hidden first:pt-[3px]\">\n<div class=\"markdown prose w-full break-words dark:prose-invert light\">\n<div class=\"flex-1 overflow-hidden\">\n<div class=\"h-full\">\n<div class=\"react-scroll-to-bottom--css-gqbzc-79elbk h-full\">\n<div class=\"react-scroll-to-bottom--css-gqbzc-1n7m0yu\">\n<div class=\"flex flex-col text-sm md:pb-9\">\n<article class=\"w-full scroll-mb-[var(--thread-trailing-height,150px)] text-token-text-primary focus-visible:outline-2 focus-visible:outline-offset-[-4px]\" dir=\"auto\" data-testid=\"conversation-turn-5\" data-scroll-anchor=\"true\">\n<div class=\"m-auto text-base py-[18px] px-3 md:px-4 w-full md:px-5 lg:px-4 xl:px-5\">\n<div class=\"mx-auto flex flex-1 gap-4 text-base md:gap-5 lg:gap-6 md:max-w-3xl lg:max-w-[40rem] xl:max-w-[48rem]\">\n<div class=\"group\/conversation-turn relative flex w-full min-w-0 flex-col agent-turn\">\n<div class=\"flex-col gap-1 md:gap-3\">\n<div class=\"flex max-w-full flex-col flex-grow\">\n<div class=\"min-h-8 text-message flex w-full flex-col items-end gap-2 whitespace-normal break-words [.text-message+&amp;]:mt-5\" dir=\"auto\" data-message-author-role=\"assistant\" data-message-id=\"ca066132-0777-4603-995e-a689971b3380\" data-message-model-slug=\"gpt-4o\">\n<div class=\"flex w-full flex-col gap-1 empty:hidden first:pt-[3px]\">\n<div class=\"markdown prose w-full break-words dark:prose-invert light\">\n<p>La <strong>Fumot RandM Digital Box 12000 Z\u00fcge Einweg E Zigarette \n\nbecomes \n\nFumot RandM Digital Box 12000 tiri Sigaretta elettronica usa e getta<\/strong> offre con 20 ml di E-Liquid, una batteria ricaricabile da 550mAh, luci RGB, un sistema di controllo dell'aria e una selezione di gusti deliziosi, tra cui il rinfrescante Bluesour Raspberry , un'esperienza di svapo eccezionale fino a <strong>12000 treni<\/strong> e un design innovativo che unisce funzionalit\u00e0 e stile.<\/p>\n<\/div>\n<\/div>\n<\/div>\n<\/div>\n<\/div>\n<\/div>\n<\/div>\n<\/div>\n<\/article>\n<\/div>\n<\/div>\n<\/div>\n<\/div>\n<\/div>\n<\/div>\n<\/div>\n<\/div>\n<\/div>\n<\/div>\n<\/div>\n<\/div>\n<\/div>\n<\/article>\n<\/div>\n<\/div>\n<\/div>\n<\/div>\n<\/div>\n<\/div>\n<\/div>\n<\/div>\n<\/div>\n<div class=\"pr-2 lg:pr-0\"><\/div>\n<div class=\"mt-3 w-full empty:hidden\">\n<div class=\"text-center\"><\/div>\n<\/div>\n<\/div>\n<div class=\"absolute\">\n<div class=\"flex items-center justify-center\"><\/div>\n<\/div>\n<\/div>\n<\/div>\n<\/div>\n<\/article>\n<\/div>\n<\/div>\n<\/div>\n<\/div>\n<\/div>\n<div class=\"md:pt-0 dark:border-white\/20 md:border-transparent md:dark:border-transparent w-full\">\n<div>\n<div class=\"m-auto text-base px-3 md:px-4 w-full md:px-5 lg:px-4 xl:px-5\">\n<div class=\"mx-auto flex flex-1 gap-4 text-base md:gap-5 lg:gap-6 md:max-w-3xl lg:max-w-[40rem] xl:max-w-[48rem]\">\n<div class=\"flex justify-center\"><\/div>\n<\/div>\n<\/div>\n<\/div>\n<\/div>\n<\/div>\n<\/div>\n<\/div>\n<\/div>\n<\/div>\n<\/div>\n<\/div>\n<\/div>\n<\/div>","protected":false},"featured_media":2731,"comment_status":"open","ping_status":"closed","template":"","meta":[],"product_brand":[],"product_cat":[57],"product_tag":[],"class_list":{"0":"post-2728","1":"product","2":"type-product","3":"status-publish","4":"has-post-thumbnail","6":"product_cat-randm-fumot-digital-box-12000","8":"first","9":"instock","10":"sale","11":"shipping-taxable","12":"purchasable","13":"product-type-simple"},"jetpack_sharing_enabled":true,"_links":{"self":[{"href":"https:\/\/alfakherwelt.de\/it\/wp-json\/wp\/v2\/product\/2728","targetHints":{"allow":["GET"]}}],"collection":[{"href":"https:\/\/alfakherwelt.de\/it\/wp-json\/wp\/v2\/product"}],"about":[{"href":"https:\/\/alfakherwelt.de\/it\/wp-json\/wp\/v2\/types\/product"}],"replies":[{"embeddable":true,"href":"https:\/\/alfakherwelt.de\/it\/wp-json\/wp\/v2\/comments?post=2728"}],"wp:featuredmedia":[{"embeddable":true,"href":"https:\/\/alfakherwelt.de\/it\/wp-json\/wp\/v2\/media\/2731"}],"wp:attachment":[{"href":"https:\/\/alfakherwelt.de\/it\/wp-json\/wp\/v2\/media?parent=2728"}],"wp:term":[{"taxonomy":"product_brand","embeddable":true,"href":"https:\/\/alfakherwelt.de\/it\/wp-json\/wp\/v2\/product_brand?post=2728"},{"taxonomy":"product_cat","embeddable":true,"href":"https:\/\/alfakherwelt.de\/it\/wp-json\/wp\/v2\/product_cat?post=2728"},{"taxonomy":"product_tag","embeddable":true,"href":"https:\/\/alfakherwelt.de\/it\/wp-json\/wp\/v2\/product_tag?post=2728"}],"curies":[{"name":"wp","href":"https:\/\/api.w.org\/{rel}","templated":true}]}}