{"id":264,"date":"2024-09-03T06:23:17","date_gmt":"2024-09-03T06:23:17","guid":{"rendered":"https:\/\/alfakherwelt.de\/?post_type=product&#038;p=264"},"modified":"2025-05-12T06:57:31","modified_gmt":"2025-05-12T06:57:31","slug":"al-fakher-crown-bar-8000-sbuffi-usa-e-getta-e-sigaretta-limone-menta","status":"publish","type":"product","link":"https:\/\/alfakherwelt.de\/it\/prodotto\/al-fakher-crown-bar-8000-sbuffi-usa-e-getta-e-sigaretta-limone-menta\/","title":{"rendered":"AL Fakher Crown Bar 8000 Z\u00fcge Einweg E Zigarette \u2013 Lemon Mint\n\nbecomes\n\nAL Fakher Crown Bar 8000 tiri Sigaretta elettronica usa e getta - Limone e Menta"},"content":{"rendered":"<div class=\"flex-1 overflow-hidden masked-content\">\n<div class=\"h-full\">\n<div class=\"react-scroll-to-bottom--css-uzxlx-79elbk h-full\">\n<div class=\"react-scroll-to-bottom--css-uzxlx-1n7m0yu\">\n<div class=\"flex flex-col text-sm pb-[120px]\">\n<article class=\"w-full text-token-text-primary focus-visible:outline-2 focus-visible:outline-offset-[-4px]\" dir=\"auto\" data-testid=\"conversation-turn-3\" data-scroll-anchor=\"true\">\n<div class=\"text-base py-[18px] m-auto md:px-5 w-full px-3\">\n<div class=\"mx-auto flex flex-1 gap-4 text-base md:gap-5 lg:gap-6 md:max-w-3xl lg:max-w-[40rem] xl:max-w-[48rem]\">\n<div class=\"group\/conversation-turn relative flex w-full min-w-0 flex-col agent-turn\">\n<div class=\"flex-col gap-1 md:gap-3\">\n<div class=\"flex max-w-full flex-col flex-grow\">\n<div class=\"min-h-[20px] text-message flex w-full flex-col items-end gap-2 break-words [.text-message+&amp;]:mt-5 overflow-x-auto whitespace-normal\" dir=\"auto\" data-message-author-role=\"assistant\" data-message-id=\"34d6f342-1195-4ae7-a0f7-3192e53689eb\">\n<div class=\"flex-1 overflow-hidden masked-content\">\n<div class=\"h-full\">\n<div class=\"react-scroll-to-bottom--css-uzxlx-79elbk h-full\">\n<div class=\"react-scroll-to-bottom--css-uzxlx-1n7m0yu\">\n<div class=\"flex flex-col text-sm pb-[120px]\">\n<article class=\"w-full text-token-text-primary focus-visible:outline-2 focus-visible:outline-offset-[-4px]\" dir=\"auto\" data-testid=\"conversation-turn-3\" data-scroll-anchor=\"true\">\n<div class=\"text-base py-[18px] m-auto md:px-5 w-full px-3\">\n<div class=\"mx-auto flex flex-1 gap-4 text-base md:gap-5 lg:gap-6 md:max-w-3xl lg:max-w-[40rem] xl:max-w-[48rem]\">\n<div class=\"group\/conversation-turn relative flex w-full min-w-0 flex-col agent-turn\">\n<div class=\"flex-col gap-1 md:gap-3\">\n<div class=\"flex max-w-full flex-col flex-grow\">\n<div class=\"min-h-[20px] text-message flex w-full flex-col items-end gap-2 break-words [.text-message+&amp;]:mt-5 overflow-x-auto whitespace-normal\" dir=\"auto\" data-message-author-role=\"assistant\" data-message-id=\"34d6f342-1195-4ae7-a0f7-3192e53689eb\">\n<div class=\"flex w-full flex-col gap-1 empty:hidden first:pt-[3px]\">\n<div class=\"markdown prose w-full break-words dark:prose-invert light\">\n<div style=\"width: 360px;\" class=\"wp-video\"><video class=\"wp-video-shortcode\" id=\"video-264-1\" width=\"360\" height=\"640\" preload=\"metadata\" controls=\"controls\"><source type=\"video\/mp4\" src=\"https:\/\/alfakherwelt.de\/wp-content\/uploads\/2024\/09\/AL-Fakher-Vape-Berry-Mint.mp4?_=1\" \/><a href=\"https:\/\/alfakherwelt.de\/wp-content\/uploads\/2024\/09\/AL-Fakher-Vape-Berry-Mint.mp4\">https:\/\/alfakherwelt.de\/wp-content\/uploads\/2024\/09\/AL-Fakher-Vape-Berry-Mint.mp4<\/a><\/video><\/div>\n<h2><a href=\"https:\/\/alfakherwelt.de\/it\/\">AL Fakher<\/a> Crown Bar 8000 Z\u00fcge \n\nbecomes \n\nCrown Bar 8000 Tiri <a href=\"https:\/\/alfakherwelt.de\/it\/\">Sigaretta elettronica monouso<\/a> Lemon Mint: Descrizione dettagliata del prodotto<\/h2>\n<p>La AL Fakher Crown Bar 8000 Z\u00fcge Einweg E-Zigarette \u00e8 pi\u00f9 di un semplice vape, \u00e8 una perfetta combinazione di tradizione e tecnologia moderna. Ispirata dalla ricca cultura dello Shisha, che si \u00e8 sviluppata nel corso dei secoli, questo vape porta il sapore autentico e l'esperienza di una tradizionale pipa ad acqua in un formato moderno e portatile. Il design elegante e la lavorazione di alta qualit\u00e0 rendono la AL Fakher Crown Bar 8000 Z\u00fcge non solo un piacere per i sensi, ma anche un accessorio stiloso.<\/p>\n<p>Con una capacit\u00e0 di e-liquid preinstallata di 18 ml e un contenuto di nicotina del 5% (50 mg), questo dispositivo offre impressionanti 8000 tiri, che possono accompagnarti durante una lunga giornata senza necessit\u00e0 di ricaricare o sostituire le cartucce. La batteria ricaricabile da 600 mAh garantisce che il dispositivo sia sempre pronto all'uso e il pratico connettore di tipo C consente una ricarica rapida. La punta allungata protegge le labbra e garantisce tiri piacevoli, mentre il sistema attivato dal tiraggio rende la gestione particolarmente semplice e facile da usare.<\/p>\n<p>Questo vaporizzatore monouso \u00e8 la scelta perfetta per tutti coloro che cercano un'esperienza di svapo di alta qualit\u00e0, saporita e facile da usare. Sia che tu stia entrando per la prima volta nel mondo dello svapo o che tu sia gi\u00e0 un utente esperto, la AL Fakher Crown Bar 8000 puff ti convincer\u00e0 con le sue prestazioni e il suo gusto unico.<\/p>\n<h3><a href=\"https:\/\/alfakherwelt.de\/it\/categoria-di-prodotto\/al-fakher-crown-bar-8000\/\">AL Fakher Crown Bar 8000 Z\u00fcge \n\nbecomes \n\nAL Fakher Crown Bar 8000 tiri<\/a> Descrizione ricca di funzioni<\/h3>\n<ul>\n<li><strong>Liquido elettronico preriempito:<\/strong> 18 ml di e-liquid con sale di nicotina con un contenuto di nicotina del 5% (50 mg), garantisce un piacere duraturo.<\/li>\n<li><strong>Grande capacit\u00e0 di Puff:<\/strong> Con circa 8000 tiri, questo Vape offre una durata di utilizzo eccezionalmente lunga.<\/li>\n<li><strong>Batteria ricaricabile<\/strong> La batteria da 600 mAh \u00e8 ricaricabile e garantisce prestazioni costanti fino all'ultima tirata.<\/li>\n<li><strong>Tipo C:<\/strong> Il moderno connettore di tipo C consente una ricarica rapida ed efficiente.<\/li>\n<li><strong>Sistema attivato dal treno:<\/strong> Nessuna pressione del pulsante richiesta - semplicemente tirare e godere.<\/li>\n<li><strong>DTL-Vaping<\/strong> Ideale per tiri diretti ai polmoni, che offrono un'esperienza di svapo intensa e soddisfacente.<\/li>\n<li><strong>Design robusto:<\/strong> Materiali di alta qualit\u00e0 garantiscono un utilizzo duraturo, anche nelle attivit\u00e0 quotidiane.<\/li>\n<\/ul>\n<h3><a href=\"https:\/\/alfakherwelt.de\/it\/categoria-di-prodotto\/al-fakher-crown-bar-8000\/\">AL Fakher Crown Bar 8000 Z\u00fcge \n\nbecomes \n\nAL Fakher Crown Bar 8000 tiri<\/a> Esperienza gustativa nel dettaglio<\/h3>\n<p>La AL Fakher Crown Bar 8000 Z\u00fcge ist nicht nur ein technisches Meisterwerk, sondern auch ein Geschmackserlebnis der Extraklasse. Jeder Zug liefert eine intensive und authentische Aromenexplosion, die das Beste aus der Welt des Vapings herausholt. \n\n becomes \n\nLa AL Fakher Crown Bar 8000 Z\u00fcge non \u00e8 solo un capolavoro tecnico, ma anche un'esperienza di gusto di alta classe. Ogni tiro offre un'esplosione di aromi intensa e autentica, che trae il meglio dal mondo del vaping.<\/p>\n<h3>Menta al limone<\/h3>\n<p>Immagina di addentare un limone appena colto, la cui freschezza acida rivitalizza immediatamente il tuo palato. Questa nota agrumata viene perfettamente completata da una menta fresca che porta una brezza rinfrescante nella tua bocca, rendendo l'intera esperienza completa. Il sapore di limone e menta nella AL Fakher Crown Bar 8000 \u00e8 chiaro e puro, senza essere invadente, e offre un perfetto equilibrio tra freschezza e intensit\u00e0.<\/p>\n<h2><img loading=\"lazy\" decoding=\"async\" class=\"alignnone wp-image-266 size-full\" src=\"https:\/\/alfakherwelt.de\/wp-content\/uploads\/2024\/09\/Lemon_Mint_8000.webp\" alt=\"AL Fakher Crown Bar 8000 Z\u00fcge Einweg E Zigarette Lemon Mint becomes AL Fakher Crown Bar 8000 tiri sigaretta elettronica usa e getta Lemon Mint\" width=\"990\" height=\"990\" title=\"\" srcset=\"https:\/\/alfakherwelt.de\/wp-content\/uploads\/2024\/09\/Lemon_Mint_8000.webp 990w, https:\/\/alfakherwelt.de\/wp-content\/uploads\/2024\/09\/Lemon_Mint_8000-300x300.webp 300w, https:\/\/alfakherwelt.de\/wp-content\/uploads\/2024\/09\/Lemon_Mint_8000-150x150.webp 150w, https:\/\/alfakherwelt.de\/wp-content\/uploads\/2024\/09\/Lemon_Mint_8000-768x768.webp 768w, https:\/\/alfakherwelt.de\/wp-content\/uploads\/2024\/09\/Lemon_Mint_8000-600x600.webp 600w, https:\/\/alfakherwelt.de\/wp-content\/uploads\/2024\/09\/Lemon_Mint_8000-100x100.webp 100w\" sizes=\"auto, (max-width: 990px) 100vw, 990px\" \/><\/h2>\n<h2>Perch\u00e9 dovresti comprare da noi<\/h2>\n<p>Come pi\u00f9 grande rivenditore online di sigarette elettroniche usa e getta in Germania offre <a href=\"https:\/\/alfakherwelt.de\/it\/\">alfakherwelt.de<\/a> non solo la migliore selezione, ma anche il miglior servizio. I nostri prodotti sono stati accuratamente selezionati per offrirti solo la massima qualit\u00e0. Se stai cercando un'esperienza di vaping di prim'ordine che combini tradizione e innovazione, allora la <a href=\"https:\/\/alfakherwelt.de\/it\/categoria-di-prodotto\/al-fakher-crown-bar-8000\/\">AL Fakher Crown Bar 8000 Z\u00fcge \n\nbecomes \n\nAL Fakher Crown Bar 8000 tiri<\/a> La scelta perfetta.<\/p>\n<p>Da noi potete essere sicuri di non comprare soltanto un prodotto eccezionale, ma anche di godere di un servizio clienti eccellente e di una consegna rapida. Affidatevi a alfakherwelt.de e scoprite il mondo del vaping in un modo nuovo.<\/p>\n<h3>Conclusione<\/h3>\n<p>La sigaretta elettronica usa e getta AL Fakher Crown Bar 8000 tiragate offre non solo un'equipaggiamento tecnico impressionante, ma anche un'esperienza di gusto senza pari. Con la sua grande capacit\u00e0 di sbuffo, la facile gestione e le varie sfumature di gusto, \u00e8 la scelta ideale per tutti coloro che cercano un'esperienza di svapo di alta qualit\u00e0 e facile da usare. Visitateci su <a href=\"https:\/\/alfakherwelt.de\/it\/\">alfakherwelt.de<\/a> e scoprite da soli perch\u00e9 la AL Fakher Crown Bar 8000 \u00e8 cos\u00ec popolare.<\/p>\n<hr \/>\n<p>Se desideri, posso fornirti un elenco di parole chiave pertinenti per campagne di marketing digitale, creazione di contenuti e campagne PPC per migliorare la visibilit\u00e0 dei tuoi prodotti. Questo elenco include parole chiave long-tail e short-tail, nonch\u00e9 parole chiave pertinenti. Fammi sapere se sei interessato.<\/p>\n<\/div>\n<\/div>\n<\/div>\n<\/div>\n<\/div>\n<\/div>\n<\/div>\n<\/div>\n<\/article>\n<\/div>\n<\/div>\n<\/div>\n<\/div>\n<\/div>\n<div class=\"md:pt-0 dark:border-white\/20 md:border-transparent md:dark:border-transparent w-full mask-scrollbars absolute bottom-0 z-20\">\n<div class=\"relative mx-auto flex max-w-3xl flex-1 flex-col\">\n<div class=\"absolute inset-0 flex flex-col\">\n<div class=\"bg-thread--header\"><\/div>\n<\/div>\n<\/div>\n<\/div>\n<\/div>\n<\/div>\n<div class=\"mt-1 flex gap-3 empty:hidden -ml-2\">\n<div class=\"items-center justify-start rounded-xl p-1 flex\">\n<div class=\"flex items-center\">\n<div class=\"flex\"><\/div>\n<\/div>\n<\/div>\n<\/div>\n<div class=\"pr-2 lg:pr-0\"><\/div>\n<div class=\"mt-3 w-full empty:hidden\">\n<div class=\"text-center\"><\/div>\n<\/div>\n<\/div>\n<div class=\"absolute\">\n<div class=\"flex items-center justify-center\"><\/div>\n<\/div>\n<\/div>\n<\/div>\n<\/div>\n<\/article>\n<\/div>\n<\/div>\n<\/div>\n<\/div>\n<\/div>\n<div class=\"md:pt-0 dark:border-white\/20 md:border-transparent md:dark:border-transparent w-full mask-scrollbars absolute bottom-0 z-20\">\n<div class=\"relative mx-auto flex max-w-3xl flex-1 flex-col\">\n<div class=\"absolute inset-0 flex flex-col\">\n<div class=\"bg-thread--header\"><\/div>\n<\/div>\n<\/div>\n<\/div>","protected":false},"excerpt":{"rendered":"<div class=\"flex-shrink-0 flex flex-col relative items-end\">\n<div class=\"pt-0\">\n<div class=\"gizmo-shadow-stroke flex h-8 w-8 items-center justify-center overflow-hidden rounded-full\">\n<div class=\"h-full w-full\">La AL Fakher Crown Bar 8000 Z\u00fcge Einweg E-Zigarette kombiniert \u00e4sthetisches Design, hohe Puff-Kapazit\u00e4t und intensives Geschmackserlebnis in einem kompakten, wiederaufladbaren Ger\u00e4t f\u00fcr ein erstklassiges Vaping-Erlebnis.\n\n La AL Fakher Crown Bar 8000 tirate sigaretta elettronica usa e getta combina design estetico, alta capacit\u00e0 di sbuffo e intensa esperienza di gusto in un dispositivo compatto e ricaricabile per un'esperienza di svapo di prima classe.<\/div>\n<\/div>\n<\/div>\n<\/div>","protected":false},"featured_media":265,"comment_status":"open","ping_status":"closed","template":"","meta":[],"product_brand":[],"product_cat":[15],"product_tag":[],"class_list":{"0":"post-264","1":"product","2":"type-product","3":"status-publish","4":"has-post-thumbnail","6":"product_cat-al-fakher-crown-bar-8000","8":"first","9":"outofstock","10":"sale","11":"shipping-taxable","12":"purchasable","13":"product-type-simple"},"jetpack_sharing_enabled":true,"_links":{"self":[{"href":"https:\/\/alfakherwelt.de\/it\/wp-json\/wp\/v2\/product\/264","targetHints":{"allow":["GET"]}}],"collection":[{"href":"https:\/\/alfakherwelt.de\/it\/wp-json\/wp\/v2\/product"}],"about":[{"href":"https:\/\/alfakherwelt.de\/it\/wp-json\/wp\/v2\/types\/product"}],"replies":[{"embeddable":true,"href":"https:\/\/alfakherwelt.de\/it\/wp-json\/wp\/v2\/comments?post=264"}],"wp:featuredmedia":[{"embeddable":true,"href":"https:\/\/alfakherwelt.de\/it\/wp-json\/wp\/v2\/media\/265"}],"wp:attachment":[{"href":"https:\/\/alfakherwelt.de\/it\/wp-json\/wp\/v2\/media?parent=264"}],"wp:term":[{"taxonomy":"product_brand","embeddable":true,"href":"https:\/\/alfakherwelt.de\/it\/wp-json\/wp\/v2\/product_brand?post=264"},{"taxonomy":"product_cat","embeddable":true,"href":"https:\/\/alfakherwelt.de\/it\/wp-json\/wp\/v2\/product_cat?post=264"},{"taxonomy":"product_tag","embeddable":true,"href":"https:\/\/alfakherwelt.de\/it\/wp-json\/wp\/v2\/product_tag?post=264"}],"curies":[{"name":"wp","href":"https:\/\/api.w.org\/{rel}","templated":true}]}}