{"id":2465,"date":"2025-02-25T03:01:32","date_gmt":"2025-02-25T03:01:32","guid":{"rendered":"https:\/\/alfakherwelt.de\/?post_type=product&#038;p=2465"},"modified":"2025-04-08T08:17:06","modified_gmt":"2025-04-08T08:17:06","slug":"al-fakher-crown-bar-8000-sbuffi-usa-e-getta-e-sigaretta-dolce-frutto-della-passione-221","status":"publish","type":"product","link":"https:\/\/alfakherwelt.de\/it\/prodotto\/al-fakher-crown-bar-8000-sbuffi-usa-e-getta-e-sigaretta-dolce-frutto-della-passione-221\/","title":{"rendered":"Vozol Star 20000 Z\u00fcge Einweg E Zigarette \u2013 FRUTTA DI LAMPONE E MELONE"},"content":{"rendered":"<div style=\"width: 360px;\" class=\"wp-video\"><video class=\"wp-video-shortcode\" id=\"video-2465-1\" width=\"360\" height=\"640\" preload=\"metadata\" controls=\"controls\"><source type=\"video\/mp4\" src=\"https:\/\/alfakherwelt.de\/wp-content\/uploads\/2025\/02\/vozol-star-20000.mp4?_=1\" \/><a href=\"https:\/\/alfakherwelt.de\/wp-content\/uploads\/2025\/02\/vozol-star-20000.mp4\">https:\/\/alfakherwelt.de\/wp-content\/uploads\/2025\/02\/vozol-star-20000.mp4<\/a><\/video><\/div>\n<h2 data-start=\"477\" data-end=\"566\"><a href=\"https:\/\/alfakherwelt.de\/it\/categoria-di-prodotto\/request-failed-with-status-code-562\/\">Vozol STAR 20000 Z\u00fcge \n\n(Translation not needed for product names and codes) \nVozol STAR 20000 Z\u00fcge<\/a> Sigaretta elettronica monouso: La scelta definitiva per i vaper esigenti<\/h2>\n<p data-start=\"568\" data-end=\"1082\">La <strong data-start=\"572\" data-end=\"616\">Vozol STAR 20000 Z\u00fcge Einweg E Zigarette \n\nbecomes \n\nVozol STAR 20000 tiri Sigaretta elettronica usa e getta<\/strong> \u00e8 la scelta perfetta per tutti coloro che cercano un'esperienza di vaping di alta qualit\u00e0, potente e facile da usare. Combina tecnologia avanzata, design elegante e un'eccezionalmente lunga durata di utilizzo, per entusiasmare sia i principianti che i vaper esperti. Con un'impressionante <strong data-start=\"929\" data-end=\"970\">Durata di vita di oltre 20.000 viaggi<\/strong>, offre questa sigaretta elettronica usa e getta tutto ci\u00f2 che serve per un'esperienza di svapo piacevole e senza preoccupazioni.<\/p>\n<h3 data-start=\"1084\" data-end=\"1142\">La tecnologia innovativa dietro la<a href=\"https:\/\/alfakherwelt.de\/it\/categoria-di-prodotto\/request-failed-with-status-code-562\/\"> Vozol STAR 20000<\/a><\/h3>\n<p data-start=\"1144\" data-end=\"1435\">La <strong data-start=\"1148\" data-end=\"1168\">Vozol STAR 20000<\/strong> si distingue per la loro <strong data-start=\"1190\" data-end=\"1232\">tecnologia avanzata a bobina mesh<\/strong> ab, che garantisce un gusto particolarmente intenso e un denso vapore. Questo vape non \u00e8 solo un comune dispositivo monouso, ma anche un capolavoro di tecnologia e facilit\u00e0 d'uso.<\/p>\n<h4 data-start=\"1437\" data-end=\"1456\">Display HD-LED<\/h4>\n<p data-start=\"1458\" data-end=\"1888\">Un caratteristico eccezionale della Vozol STAR 20000 \u00e8 il <strong data-start=\"1514\" data-end=\"1533\">2,2\u2033 display HD<\/strong>che fornisce sempre informazioni importanti sullo stato di carica e sul livello del liquido. In questo modo, hai sempre il controllo e eviti sorprese spiacevoli, come un dispositivo improvvisamente scarico o la fuoriuscita di liquido. Con un breve sguardo sul display, sai esattamente quando \u00e8 il momento di ricaricare o sostituire il vaporizzatore.<\/p>\n<h4 data-start=\"1890\" data-end=\"1933\">Bobine a rete duale per un piacere intenso<\/h4>\n<p data-start=\"1935\" data-end=\"2324\">Grazie alla <strong data-start=\"1944\" data-end=\"1968\">doppie bobine a rete<\/strong> La Vozol STAR 20000 offre una produzione di gusto e vapore incredibilmente intensa. La tecnologia Mesh assicura che il liquido venga evaporato uniformemente, garantendo un'esperienza di svapo costante e di alta qualit\u00e0. Sia che tu preferisca aromi delicati o che tu scelga nuvole di vapore dense e potenti, la Vozol STAR 20000 pu\u00f2 offrire entrambi.<\/p>\n<h4 data-start=\"2326\" data-end=\"2361\">Due modalit\u00e0 di vapore: Eco e Power<\/h4>\n<p data-start=\"2363\" data-end=\"2854\">Un'altra caratteristica innovativa di questa sigaretta elettronica usa e getta \u00e8 la possibilit\u00e0 di scegliere tra <strong data-start=\"2452\" data-end=\"2485\">due modalit\u00e0 di vapore diverse<\/strong> zu wechseln. Der \ncambiare. Il <strong data-start=\"2503\" data-end=\"2516\">Modalit\u00e0 Eco<\/strong> \u00e8 perfetto per un vaporizzatore economico che fornisce una produzione di vapore leggera e allo stesso tempo prolunga la durata della batteria. Il <strong data-start=\"2659\" data-end=\"2674\">Modalit\u00e0 Power<\/strong> D'altra parte, \u00e8 ideale per coloro che desiderano godere di dense nuvole di vapore e di un gusto intenso. La commutazione tra le modalit\u00e0 avviene semplicemente con la pressione di un pulsante.<\/p>\n<h4 data-start=\"2856\" data-end=\"2896\">Ricarica rapida e lunga durata di vita<\/h4>\n<p data-start=\"2898\" data-end=\"3285\">Un feature eccezionale della Vozol STAR 20000 \u00e8 la <strong data-start=\"2954\" data-end=\"2975\">tempo di caricamento rapido<\/strong>In soli 30 minuti il tuo dispositivo \u00e8 completamente carico, quindi puoi passare meno tempo ad aspettare e pi\u00f9 tempo a vaporizzare. Con una <strong data-start=\"3132\" data-end=\"3173\">Durata di vita superiore a 20.000 viaggi<\/strong> non dovete preoccuparvi costantemente della sostituzione del vaporizzatore, il che rende il dispositivo particolarmente efficace in termini di costi.<\/p>\n<p data-start=\"4446\" data-end=\"4756\"><img loading=\"lazy\" decoding=\"async\" class=\"alignnone wp-image-2419 size-full\" src=\"https:\/\/alfakherwelt.de\/wp-content\/uploads\/2025\/02\/vozol-star-20000.webp\" alt=\"Vozol Star 20000 Z\u00fcge Einweg E Zigarette - FRUTTA DI LAMPONE E MELONE\" width=\"1131\" height=\"1600\" title=\"\" srcset=\"https:\/\/alfakherwelt.de\/wp-content\/uploads\/2025\/02\/vozol-star-20000.webp 1131w, https:\/\/alfakherwelt.de\/wp-content\/uploads\/2025\/02\/vozol-star-20000-212x300.webp 212w, https:\/\/alfakherwelt.de\/wp-content\/uploads\/2025\/02\/vozol-star-20000-724x1024.webp 724w, https:\/\/alfakherwelt.de\/wp-content\/uploads\/2025\/02\/vozol-star-20000-768x1086.webp 768w, https:\/\/alfakherwelt.de\/wp-content\/uploads\/2025\/02\/vozol-star-20000-1086x1536.webp 1086w, https:\/\/alfakherwelt.de\/wp-content\/uploads\/2025\/02\/vozol-star-20000-8x12.webp 8w, https:\/\/alfakherwelt.de\/wp-content\/uploads\/2025\/02\/vozol-star-20000-600x849.webp 600w\" sizes=\"auto, (max-width: 1131px) 100vw, 1131px\" \/><\/p>\n<h3>Perch\u00e9 lei la <a href=\"https:\/\/alfakherwelt.de\/it\/categoria-di-prodotto\/request-failed-with-status-code-562\/\">Vozol STAR 20000<\/a> Scegliere sigarette elettroniche monouso<\/h3>\n<p data-start=\"3357\" data-end=\"3756\">La Vozol STAR 20000 sigaretta elettronica usa e getta \u00e8 il compagno ideale per tutti coloro che cercano una sigaretta elettronica facile da usare e potente. Sia che tu sia un principiante o un utente esperto di svapo, questa sigaretta elettronica offre tutto ci\u00f2 di cui hai bisogno: da un design intuitivo a una tecnologia di alta qualit\u00e0, fino a una lunga durata di vita e a varie possibilit\u00e0 di svapo.<\/p>\n<h4 data-start=\"3758\" data-end=\"3803\">Alta concentrazione di nicotina per un'esperienza intensa<\/h4>\n<p data-start=\"3805\" data-end=\"4067\">La <strong data-start=\"3809\" data-end=\"3822\">5% (50mg)<\/strong> La forza della nicotina garantisce che tu sperimenti ogni sessione con un apporto di nicotina soddisfacente. Soprattutto per coloro che passano dalle sigarette tradizionali, questo contenuto di nicotina offre una soluzione ideale per facilitare il passaggio al vaping.<\/p>\n<h4 data-start=\"4069\" data-end=\"4102\">Protezione igienica per bocchini<\/h4>\n<p data-start=\"4104\" data-end=\"4426\">La Vozol STAR 20000 offre un <strong data-start=\"4138\" data-end=\"4157\">Protezione del bocchino<\/strong>, che fa s\u00ec che il bocchino rimanga sempre pulito e protetto da polvere e altre impurit\u00e0. Questa funzione igienica contribuisce alla longevit\u00e0 del dispositivo e garantisce che tu possa godere ogni volta di un'esperienza di svapo pulita e piacevole.<\/p>\n<h4 data-start=\"4428\" data-end=\"4468\">Perfetto per smettere di fumare<\/h4>\n<p data-start=\"4470\" data-end=\"4770\">La <strong data-start=\"4474\" data-end=\"4516\">Tecnologia di svapo MTL (Mouth-to-Lung)<\/strong> Fa s\u00ec che la vaporizzazione della Vozol STAR 20000 sia molto vicina al fumo tradizionale. Questa tecnologia \u00e8 particolarmente adatta ai fumatori che vogliono passare a una sigaretta elettronica, poich\u00e9 offre la sensazione di fumare una sigaretta classica.<\/p>\n<h4 data-start=\"4772\" data-end=\"4795\">Ideale per i principianti<\/h4>\n<p data-start=\"4797\" data-end=\"5141\">Grazie alla facilit\u00e0 d'uso e alla funzione pronta all'uso immediato, la <strong data-start=\"4885\" data-end=\"4924\">Vozol STAR 20000 sigaretta elettronica usa e getta<\/strong> Perfetto per i principianti che stanno appena iniziando a svapare. Non devono effettuare complicate impostazioni o occuparsi di una moltitudine di opzioni: semplicemente disimballare, svapare e godere!<\/p>\n<hr data-start=\"5143\" data-end=\"5146\" \/>\n<h3 data-start=\"5148\" data-end=\"5210\">Le diverse sfumature di gusto della<a href=\"https:\/\/alfakherwelt.de\/it\/categoria-di-prodotto\/request-failed-with-status-code-562\/\"> Vozol STAR 20000<\/a><\/h3>\n<p data-start=\"5212\" data-end=\"5580\">La <strong data-start=\"5216\" data-end=\"5255\">Vozol STAR 20000 sigaretta elettronica usa e getta<\/strong> \u00e8 disponibile in una variet\u00e0 di gusti allettanti che conquisteranno ogni vaporizzatore. Da sottolineare in particolare la <strong data-start=\"5397\" data-end=\"5421\">Raspberry Watermelon \nFrutto di Lampone e Anguria<\/strong>Un sapore che combina note fresche e fruttate di lamponi maturi e anguria succosa, per offrire un'esperienza di svapo indimenticabile.<\/p>\n<p>Raspberry Watermelon: un piacere fruttato per ogni giorno<\/p>\n<p data-start=\"5645\" data-end=\"6121\">La <strong data-start=\"5649\" data-end=\"5673\">Raspberry Watermelon \nFrutto di Lampone e Anguria<\/strong>Il sapore \u00e8 una combinazione armoniosa di dolcezza e freschezza di frutta matura <strong data-start=\"5762\" data-end=\"5775\">Moras<\/strong> e del succoso, rinfrescante <strong data-start=\"5808\" data-end=\"5824\">Anguria<\/strong>Questa miscela d\u00e0 un gusto delizioso e fruttato, che \u00e8 sia dolce che rinfrescante e adatto perfettamente al consumo quotidiano. Le more danno al gusto una leggera acidit\u00e0, mentre il melone d'acqua si prende cura di una dolcezza naturale che completa il gusto.<\/p>\n<p data-start=\"6123\" data-end=\"6512\">Questo gusto \u00e8 ideale per i vaper che cercano un'esperienza fruttata e rinfrescante. Il gusto non \u00e8 travolgente, ma piacevole e bilanciato, quindi puoi godertelo per un lungo periodo senza che diventi troppo intenso. La combinazione di lampone e anguria ricorda una calda giornata estiva e garantisce un'esperienza di svapo rinvigorante.<\/p>\n<p data-start=\"6514\" data-end=\"6556\"><strong data-start=\"6514\" data-end=\"6555\">Profilo aromatico di Raspberry Watermelon<\/strong>:<\/p>\n<ul data-start=\"6557\" data-end=\"6796\">\n<li data-start=\"6557\" data-end=\"6624\"><strong data-start=\"6559\" data-end=\"6579\">Frutta di mora fresca<\/strong>Leggera acidit\u00e0 e sapore dolce-fruttato.<\/li>\n<li data-start=\"6625\" data-end=\"6709\"><strong data-start=\"6627\" data-end=\"6651\">Anguria succosa<\/strong>Dolce e rinfrescante, con una naturale leggerezza.<\/li>\n<li data-start=\"6710\" data-end=\"6796\"><strong data-start=\"6712\" data-end=\"6736\">Miscelea armonica<\/strong>: Perfettamente bilanciato, senza che nessuno degli aromi prevalga.<\/li>\n<\/ul>\n<p data-start=\"6798\" data-end=\"7125\">Se stai cercando un'esperienza di svapo fresca, fruttata e allo stesso tempo dolce, \u00e8 la <strong data-start=\"6893\" data-end=\"6917\">Raspberry Watermelon \nFrutto di Lampone e Anguria<\/strong>Il sapore della Vozol STAR 20000 sigaretta elettronica usa e getta \u00e8 esattamente quello che fa per te. Questo sapore ti conquister\u00e0 sia con la sua freschezza che con la sua armonia tra dolcezza e acidit\u00e0.<\/p>\n<hr data-start=\"7127\" data-end=\"7130\" \/>\n<h3 data-start=\"7132\" data-end=\"7220\">Perch\u00e9 lei la sua <a href=\"https:\/\/alfakherwelt.de\/it\/categoria-di-prodotto\/request-failed-with-status-code-562\/\">Vozol STAR 20000<\/a> Dovresti comprare sigarette elettroniche usa e getta su alfakherwelt.de<\/h3>\n<p data-start=\"7222\" data-end=\"7635\">Bei <strong data-start=\"7226\" data-end=\"7245\">alfakherwelt.de<\/strong>, la pi\u00f9 grande piattaforma per la vendita di sigarette elettroniche usa e getta in Germania, non troverai solo le <strong data-start=\"7350\" data-end=\"7370\">Vozol STAR 20000<\/strong> in varie sfumature di gusto, ma anche un'ampia selezione di altri prodotti di alta qualit\u00e0 <strong data-start=\"7467\" data-end=\"7490\">Sigarette elettroniche monouso<\/strong> con nicotina. La nostra piattaforma offre a Lei una <strong data-start=\"7539\" data-end=\"7562\">amichevole per l'utente<\/strong> esperienza di acquisto, consegna rapida e <strong data-start=\"7605\" data-end=\"7634\">servizio clienti eccellente<\/strong>.<\/p>\n<p data-start=\"7637\" data-end=\"7940\">Con il nostro focus su <strong data-start=\"7663\" data-end=\"7699\">utilizzo sicuro delle e-sigarette<\/strong> e un'ampia selezione di <strong data-start=\"7729\" data-end=\"7754\">Prodotti con nicotina<\/strong>, assicuriamoci che tu possa trovare sempre esattamente quello che ti serve. Affidati a<a href=\"https:\/\/alfakherwelt.de\/it\/\"> <strong data-start=\"7846\" data-end=\"7865\">alfakherwelt.de<\/strong><\/a> e scoprire com'\u00e8 facile utilizzare le Sue preferenze <strong data-start=\"7920\" data-end=\"7939\">Acquistare vaporizzatori<\/strong>.<\/p>","protected":false},"excerpt":{"rendered":"<div class=\"flex-shrink-0 flex flex-col relative items-end\">\n<div class=\"pt-0\">\n<div class=\"gizmo-shadow-stroke flex h-8 w-8 items-center justify-center overflow-hidden rounded-full\">\n<div class=\"h-full w-full\">\n<div class=\"flex-shrink-0 flex flex-col relative items-end\">\n<div class=\"pt-0\">\n<div class=\"gizmo-shadow-stroke flex h-8 w-8 items-center justify-center overflow-hidden rounded-full\">\n<div class=\"h-full w-full\">\n<div class=\"gizmo-shadow-stroke overflow-hidden rounded-full\">\n<div class=\"flex-1 overflow-hidden\">\n<div class=\"h-full\">\n<div class=\"react-scroll-to-bottom--css-nphjn-79elbk h-full\">\n<div class=\"react-scroll-to-bottom--css-nphjn-1n7m0yu\">\n<div class=\"flex flex-col text-sm md:pb-9\">\n<article class=\"w-full scroll-mb-[var(--thread-trailing-height,150px)] text-token-text-primary focus-visible:outline-2 focus-visible:outline-offset-[-4px]\" dir=\"auto\" data-testid=\"conversation-turn-5\" data-scroll-anchor=\"true\">\n<div class=\"m-auto text-base py-[18px] px-3 md:px-4 w-full md:px-5 lg:px-4 xl:px-5\">\n<div class=\"mx-auto flex flex-1 gap-4 text-base md:gap-5 lg:gap-6 md:max-w-3xl lg:max-w-[40rem] xl:max-w-[48rem]\">\n<div class=\"group\/conversation-turn relative flex w-full min-w-0 flex-col agent-turn\">\n<div class=\"flex-col gap-1 md:gap-3\">\n<div class=\"flex max-w-full flex-col flex-grow\">\n<div class=\"min-h-8 text-message flex w-full flex-col items-end gap-2 whitespace-normal break-words [.text-message+&amp;]:mt-5\" dir=\"auto\" data-message-author-role=\"assistant\" data-message-id=\"1982dcee-f0f5-4cfa-a269-fdbaed43d922\" data-message-model-slug=\"gpt-4o\">\n<div class=\"flex w-full flex-col gap-1 empty:hidden first:pt-[3px]\">\n<div class=\"markdown prose w-full break-words dark:prose-invert light\">\n<div class=\"flex-1 overflow-hidden\">\n<div class=\"h-full\">\n<div class=\"react-scroll-to-bottom--css-xrsce-79elbk h-full\">\n<div class=\"react-scroll-to-bottom--css-xrsce-1n7m0yu\">\n<div class=\"flex flex-col text-sm md:pb-9\">\n<article class=\"w-full scroll-mb-[var(--thread-trailing-height,150px)] text-token-text-primary focus-visible:outline-2 focus-visible:outline-offset-[-4px]\" dir=\"auto\" data-testid=\"conversation-turn-5\" data-scroll-anchor=\"true\">\n<div class=\"m-auto text-base py-[18px] px-3 md:px-4 w-full md:px-5 lg:px-4 xl:px-5\">\n<div class=\"mx-auto flex flex-1 gap-4 text-base md:gap-5 lg:gap-6 md:max-w-3xl lg:max-w-[40rem] xl:max-w-[48rem]\">\n<div class=\"group\/conversation-turn relative flex w-full min-w-0 flex-col agent-turn\">\n<div class=\"flex-col gap-1 md:gap-3\">\n<div class=\"flex max-w-full flex-col flex-grow\">\n<div class=\"min-h-8 text-message flex w-full flex-col items-end gap-2 whitespace-normal break-words [.text-message+&amp;]:mt-5\" dir=\"auto\" data-message-author-role=\"assistant\" data-message-id=\"1a0c8d71-a6be-4cc9-b460-deb3e7ecbf47\" data-message-model-slug=\"gpt-4o\">\n<div class=\"flex w-full flex-col gap-1 empty:hidden first:pt-[3px]\">\n<div class=\"markdown prose w-full break-words dark:prose-invert light\">\n<div class=\"flex-1 overflow-hidden\">\n<div class=\"h-full\">\n<div class=\"react-scroll-to-bottom--css-gqbzc-79elbk h-full\">\n<div class=\"react-scroll-to-bottom--css-gqbzc-1n7m0yu\">\n<div class=\"flex flex-col text-sm md:pb-9\">\n<article class=\"w-full scroll-mb-[var(--thread-trailing-height,150px)] text-token-text-primary focus-visible:outline-2 focus-visible:outline-offset-[-4px]\" dir=\"auto\" data-testid=\"conversation-turn-5\" data-scroll-anchor=\"true\">\n<div class=\"m-auto text-base py-[18px] px-3 md:px-4 w-full md:px-5 lg:px-4 xl:px-5\">\n<div class=\"mx-auto flex flex-1 gap-4 text-base md:gap-5 lg:gap-6 md:max-w-3xl lg:max-w-[40rem] xl:max-w-[48rem]\">\n<div class=\"group\/conversation-turn relative flex w-full min-w-0 flex-col agent-turn\">\n<div class=\"flex-col gap-1 md:gap-3\">\n<div class=\"flex max-w-full flex-col flex-grow\">\n<div class=\"min-h-8 text-message flex w-full flex-col items-end gap-2 whitespace-normal break-words [.text-message+&amp;]:mt-5\" dir=\"auto\" data-message-author-role=\"assistant\" data-message-id=\"ca066132-0777-4603-995e-a689971b3380\" data-message-model-slug=\"gpt-4o\">\n<div class=\"flex w-full flex-col gap-1 empty:hidden first:pt-[3px]\">\n<div class=\"markdown prose w-full break-words dark:prose-invert light\">\n<div class=\"flex-1 overflow-hidden @container\/thread\">\n<div class=\"h-full\">\n<div class=\"react-scroll-to-bottom--css-rkqgb-79elbk h-full\">\n<div class=\"react-scroll-to-bottom--css-rkqgb-1n7m0yu\">\n<div class=\"flex flex-col text-sm md:pb-9\">\n<article class=\"w-full scroll-mb-[var(--thread-trailing-height,150px)] text-token-text-primary focus-visible:outline-2 focus-visible:outline-offset-[-4px]\" dir=\"auto\" data-testid=\"conversation-turn-9\" data-scroll-anchor=\"true\">\n<div class=\"m-auto text-base py-[18px] px-3 md:px-4 w-full md:px-5 lg:px-4 xl:px-5\">\n<div class=\"mx-auto flex flex-1 gap-4 text-base md:gap-5 lg:gap-6 md:max-w-3xl lg:max-w-[40rem] xl:max-w-[48rem]\">\n<div class=\"group\/conversation-turn relative flex w-full min-w-0 flex-col agent-turn\">\n<div class=\"flex-col gap-1 md:gap-3\">\n<div class=\"flex max-w-full flex-col flex-grow\">\n<div class=\"min-h-8 text-message flex w-full flex-col items-end gap-2 whitespace-normal break-words text-start [.text-message+&amp;]:mt-5\" dir=\"auto\" data-message-author-role=\"assistant\" data-message-id=\"87137e43-9a3e-4479-90ac-22c23781ee39\" data-message-model-slug=\"gpt-4o\">\n<div class=\"flex w-full flex-col gap-1 empty:hidden first:pt-[3px]\">\n<div class=\"markdown prose w-full break-words dark:prose-invert light\">\n<div class=\"flex-1 overflow-hidden @container\/thread\">\n<div class=\"h-full\">\n<div class=\"react-scroll-to-bottom--css-cgxka-79elbk h-full\">\n<div class=\"react-scroll-to-bottom--css-cgxka-1n7m0yu\">\n<div class=\"flex flex-col text-sm md:pb-9\">\n<article class=\"w-full scroll-mb-[var(--thread-trailing-height,150px)] text-token-text-primary focus-visible:outline-2 focus-visible:outline-offset-[-4px]\" dir=\"auto\" data-testid=\"conversation-turn-5\" data-scroll-anchor=\"true\">\n<div class=\"m-auto text-base py-[18px] px-3 md:px-4 w-full md:px-5 lg:px-4 xl:px-5\">\n<div class=\"mx-auto flex flex-1 gap-4 text-base md:gap-5 lg:gap-6 md:max-w-3xl lg:max-w-[40rem] xl:max-w-[48rem]\">\n<div class=\"group\/conversation-turn relative flex w-full min-w-0 flex-col agent-turn\">\n<div class=\"flex-col gap-1 md:gap-3\">\n<div class=\"flex max-w-full flex-col flex-grow\">\n<div class=\"min-h-8 text-message flex w-full flex-col items-end gap-2 whitespace-normal break-words text-start [.text-message+&amp;]:mt-5\" dir=\"auto\" data-message-author-role=\"assistant\" data-message-id=\"e1e13d20-b396-4dc4-abdf-40facc05c4de\" data-message-model-slug=\"gpt-4o\">\n<div class=\"flex w-full flex-col gap-1 empty:hidden first:pt-[3px]\">\n<div class=\"markdown prose w-full break-words dark:prose-invert light\">\n<p>La <strong data-start=\"4\" data-end=\"48\">Vozol STAR 20000 Z\u00fcge Einweg E-Zigarette \n\nbecomes \n\nVozol STAR 20000 tiri Sigaretta elettronica usa e getta<\/strong> offre un'esperienza di svapo di lunga durata con oltre <strong data-start=\"100\" data-end=\"116\">20.000 treni<\/strong>di un avanzato <strong data-start=\"142\" data-end=\"167\">Tecnologia a bobina mesh<\/strong>a uno <strong data-start=\"175\" data-end=\"193\">Display HD-LED<\/strong> per visualizzare lo stato della batteria e il livello del liquido, <strong data-start=\"244\" data-end=\"263\">due modalit\u00e0 di vapore<\/strong> per godimento individuale e uno <strong data-start=\"299\" data-end=\"340\">tempo di ricarica veloce di soli 30 minuti<\/strong>Ideale per principianti ed esperti vaper allo stesso modo.<\/p>\n<\/div>\n<\/div>\n<\/div>\n<\/div>\n<\/div>\n<\/div>\n<\/div>\n<\/div>\n<\/article>\n<\/div>\n<\/div>\n<\/div>\n<\/div>\n<\/div>\n<div class=\"md:pt-0 dark:border-white\/20 md:border-transparent md:dark:border-transparent w-full\">\n<div>\n<div class=\"m-auto text-base px-3 md:px-4 w-full md:px-5 lg:px-4 xl:px-5\">\n<div class=\"mx-auto flex flex-1 gap-4 text-base md:gap-5 lg:gap-6 md:max-w-3xl lg:max-w-[40rem] xl:max-w-[48rem]\">\n<div class=\"flex justify-center\"><\/div>\n<\/div>\n<\/div>\n<\/div>\n<\/div>\n<\/div>\n<\/div>\n<\/div>\n<\/div>\n<div class=\"pr-2 lg:pr-0\"><\/div>\n<\/div>\n<\/div>\n<\/div>\n<\/div>\n<\/article>\n<\/div>\n<\/div>\n<\/div>\n<\/div>\n<\/div>\n<\/div>\n<\/div>\n<\/div>\n<\/div>\n<\/div>\n<\/div>\n<\/div>\n<\/div>\n<\/article>\n<\/div>\n<\/div>\n<\/div>\n<\/div>\n<\/div>\n<\/div>\n<\/div>\n<\/div>\n<\/div>\n<\/div>\n<\/div>\n<\/div>\n<\/div>\n<\/article>\n<\/div>\n<\/div>\n<\/div>\n<\/div>\n<\/div>\n<\/div>\n<\/div>\n<\/div>\n<\/div>\n<div class=\"pr-2 lg:pr-0\"><\/div>\n<div class=\"mt-3 w-full empty:hidden\">\n<div class=\"text-center\"><\/div>\n<\/div>\n<\/div>\n<div class=\"absolute\">\n<div class=\"flex items-center justify-center\"><\/div>\n<\/div>\n<\/div>\n<\/div>\n<\/div>\n<\/article>\n<\/div>\n<\/div>\n<\/div>\n<\/div>\n<\/div>\n<div class=\"md:pt-0 dark:border-white\/20 md:border-transparent md:dark:border-transparent w-full\">\n<div>\n<div class=\"m-auto text-base px-3 md:px-4 w-full md:px-5 lg:px-4 xl:px-5\">\n<div class=\"mx-auto flex flex-1 gap-4 text-base md:gap-5 lg:gap-6 md:max-w-3xl lg:max-w-[40rem] xl:max-w-[48rem]\">\n<div class=\"flex justify-center\"><\/div>\n<\/div>\n<\/div>\n<\/div>\n<\/div>\n<\/div>\n<\/div>\n<\/div>\n<\/div>\n<\/div>\n<\/div>\n<\/div>\n<\/div>\n<\/div>","protected":false},"featured_media":2466,"comment_status":"open","ping_status":"closed","template":"","meta":[],"product_brand":[],"product_cat":[113],"product_tag":[],"class_list":{"0":"post-2465","1":"product","2":"type-product","3":"status-publish","4":"has-post-thumbnail","6":"product_cat-vozol-star-20000","8":"first","9":"instock","10":"sale","11":"shipping-taxable","12":"purchasable","13":"product-type-simple"},"jetpack_sharing_enabled":true,"_links":{"self":[{"href":"https:\/\/alfakherwelt.de\/it\/wp-json\/wp\/v2\/product\/2465","targetHints":{"allow":["GET"]}}],"collection":[{"href":"https:\/\/alfakherwelt.de\/it\/wp-json\/wp\/v2\/product"}],"about":[{"href":"https:\/\/alfakherwelt.de\/it\/wp-json\/wp\/v2\/types\/product"}],"replies":[{"embeddable":true,"href":"https:\/\/alfakherwelt.de\/it\/wp-json\/wp\/v2\/comments?post=2465"}],"wp:featuredmedia":[{"embeddable":true,"href":"https:\/\/alfakherwelt.de\/it\/wp-json\/wp\/v2\/media\/2466"}],"wp:attachment":[{"href":"https:\/\/alfakherwelt.de\/it\/wp-json\/wp\/v2\/media?parent=2465"}],"wp:term":[{"taxonomy":"product_brand","embeddable":true,"href":"https:\/\/alfakherwelt.de\/it\/wp-json\/wp\/v2\/product_brand?post=2465"},{"taxonomy":"product_cat","embeddable":true,"href":"https:\/\/alfakherwelt.de\/it\/wp-json\/wp\/v2\/product_cat?post=2465"},{"taxonomy":"product_tag","embeddable":true,"href":"https:\/\/alfakherwelt.de\/it\/wp-json\/wp\/v2\/product_tag?post=2465"}],"curies":[{"name":"wp","href":"https:\/\/api.w.org\/{rel}","templated":true}]}}