{"id":2420,"date":"2025-02-19T03:03:00","date_gmt":"2025-02-19T03:03:00","guid":{"rendered":"https:\/\/alfakherwelt.de\/?post_type=product&#038;p=2420"},"modified":"2025-04-08T08:17:43","modified_gmt":"2025-04-08T08:17:43","slug":"al-fakher-crown-bar-8000-sbuffi-usa-e-getta-e-sigaretta-dolce-frutto-della-passione-211","status":"publish","type":"product","link":"https:\/\/alfakherwelt.de\/it\/prodotto\/al-fakher-crown-bar-8000-sbuffi-usa-e-getta-e-sigaretta-dolce-frutto-della-passione-211\/","title":{"rendered":"Vozol Star 20000 Z\u00fcge Einweg E Zigarette \u2013 GRAPE ICE \n\nbecomes \n\nVozol Star 20000 tiri Sigaretta elettronica usa e getta - GRAPE ICE"},"content":{"rendered":"<div style=\"width: 360px;\" class=\"wp-video\"><video class=\"wp-video-shortcode\" id=\"video-2420-1\" width=\"360\" height=\"640\" preload=\"metadata\" controls=\"controls\"><source type=\"video\/mp4\" src=\"https:\/\/alfakherwelt.de\/wp-content\/uploads\/2025\/02\/vozol-star-20000.mp4?_=1\" \/><a href=\"https:\/\/alfakherwelt.de\/wp-content\/uploads\/2025\/02\/vozol-star-20000.mp4\">https:\/\/alfakherwelt.de\/wp-content\/uploads\/2025\/02\/vozol-star-20000.mp4<\/a><\/video><\/div>\n<h2 data-start=\"0\" data-end=\"83\"><strong data-start=\"0\" data-end=\"83\"><a href=\"https:\/\/alfakherwelt.de\/it\/categoria-di-prodotto\/request-failed-with-status-code-562\/\">Vozol Star 20000 Z\u00fcge \n\n \n traduzione non necessaria, il testo contiene solo marchi\/prodotti e numeri quindi:\n \nVozol Star 20000 Z\u00fcge<\/a> Sigaretta elettronica monouso: un'esperienza di svapo senza pari<\/strong><\/h2>\n<p data-start=\"85\" data-end=\"793\">La <strong data-start=\"89\" data-end=\"133\">Vozol Star 20000 Z\u00fcge Einweg E-Zigarette becomes \nVozol Star 20000 puff Einweg-E-Zigarette \n\n No, I will correct that \nVozol Star 20000 puff monouso e-cigarette \n\nbecomes \n\nVozol Star 20000 puff e-cigarette monouso \n\n No \n\nVozol Star 20000 Z\u00fcge Einweg E-Zigarette \nbecomes\nVozol Star 20000 puff e-cigarette usa e getta \n No \nVozol Star 20000 Z\u00fcge Einweg E-Zigarette \nbecomes \nVozol Star, 20000 tiri, sigaretta elettronica usa e getta<\/strong> \u00e8 il compagno perfetto per gli appassionati di vaping che cercano un'esperienza duratura e saporita. Con tecnologia innovativa e design elegante, questo dispositivo offre una combinazione unica di potenza, comfort e stile. In Germania, la domanda di sigarette elettroniche monouso di alta qualit\u00e0 \u00e8 in costante crescita, e le <strong data-start=\"500\" data-end=\"520\">Vozol Star 20000<\/strong> stabilisce nuovi standard. Con un impressionante <strong data-start=\"568\" data-end=\"605\">Durata di vita di oltre 20.000 viaggi<\/strong>, <strong data-start=\"607\" data-end=\"640\">di un display LED pratico<\/strong> e pi\u00f9 avanzato <strong data-start=\"663\" data-end=\"693\">Tecnologia a doppia bobina<\/strong> \u00c8 un'ottima scelta non solo per i principianti, ma anche per i vaper esperti.<\/p>\n<h3 data-start=\"795\" data-end=\"847\">Caratteristiche delle<a href=\"https:\/\/alfakherwelt.de\/it\/categoria-di-prodotto\/request-failed-with-status-code-562\/\"> Vozol Star 20000<\/a> Sigaretta elettronica usa e getta<\/h3>\n<p data-start=\"849\" data-end=\"1064\">La <strong data-start=\"853\" data-end=\"897\">Vozol Star 20000 Z\u00fcge Einweg E-Zigarette becomes \nVozol Star 20000 puff Einweg-E-Zigarette \n\n No, I will correct that \nVozol Star 20000 puff monouso e-cigarette \n\nbecomes \n\nVozol Star 20000 puff e-cigarette monouso \n\n No \n\nVozol Star 20000 Z\u00fcge Einweg E-Zigarette \nbecomes\nVozol Star 20000 puff e-cigarette usa e getta \n No \nVozol Star 20000 Z\u00fcge Einweg E-Zigarette \nbecomes \nVozol Star, 20000 tiri, sigaretta elettronica usa e getta<\/strong> Offre una variet\u00e0 di funzioni eccezionali che la rendono uno dei migliori vapes usa e getta sul mercato. Ecco le caratteristiche principali in sintesi:<\/p>\n<ul data-start=\"1066\" data-end=\"2606\">\n<li data-start=\"1066\" data-end=\"1256\"><strong data-start=\"1068\" data-end=\"1107\">Durata di oltre 20.000 viaggi<\/strong>Goditi una durata di vita particolarmente lunga, in modo da non doverti preoccupare di sostituzioni frequenti. Perfetto per l'uso quotidiano.<\/li>\n<li data-start=\"1257\" data-end=\"1451\"><strong data-start=\"1259\" data-end=\"1303\">Bobine a doppia maglia per un gusto intenso<\/strong>Questa tecnologia fornisce sia aromi ricchi e complessi che una forte emissione di vapore. Cos\u00ec potrai goderti ogni tiro nella sua piena bellezza.<\/li>\n<li data-start=\"1452\" data-end=\"1688\"><strong data-start=\"1454\" data-end=\"1478\">Modalit\u00e0 Eco e Power<\/strong>Passa facilmente da due diverse modalit\u00e0 in base alle tue esigenze. La modalit\u00e0 Eco garantisce meno vapore e una maggiore durata della batteria, mentre la modalit\u00e0 Power offre un vapore pi\u00f9 denso e un sapore pi\u00f9 intenso.<\/li>\n<li data-start=\"1689\" data-end=\"1860\"><strong data-start=\"1691\" data-end=\"1740\">Design stilistico dall'estetica futuristica<\/strong>: La finitura metallica graduata e l'elegante custodia bianca rendono la <strong data-start=\"1813\" data-end=\"1833\">Vozol Star 20000<\/strong> un vero colpo d'occhio.<\/li>\n<li data-start=\"1861\" data-end=\"2075\"><strong data-start=\"1863\" data-end=\"1920\">Display a LED per lo stato della batteria e il livello dell'e-liquid<\/strong>: Con il display a LED, manterrai sempre sotto controllo lo stato di carica e il livello del liquido elettronico, in modo che la tua esperienza di svapo non si interrompa mai improvvisamente.<\/li>\n<li data-start=\"2076\" data-end=\"2269\"><strong data-start=\"2078\" data-end=\"2099\">5% Nicotina (50mg)<\/strong>Con un contenuto di nicotina del 5% (50mg), proverai una sferzata di nicotina potente e soddisfacente, adatta sia a coloro che si stanno convertendo che ai vaper esperti.<\/li>\n<li data-start=\"2270\" data-end=\"2444\"><strong data-start=\"2272\" data-end=\"2302\">Mouth-to-Lung (MTL) Vaping \ntraduzione non necessaria, mantenere testo originale: Mouth-to-Lung (MTL) Vaping<\/strong>Il dispositivo offre un'esperienza MTL che imita il fumo tradizionale, rendendolo ideale per i fumatori che vogliono passare alla vaporizzazione.<\/li>\n<li data-start=\"2445\" data-end=\"2606\"><strong data-start=\"2447\" data-end=\"2475\">Protezione per il bocchino<\/strong>Igienico e sicuro - il bocchino \u00e8 protetto per impedire che polvere o altre particelle danneggino l'apparecchio.<\/li>\n<\/ul>\n<h3 data-start=\"2608\" data-end=\"2664\">Descrizione dettagliata del sapore: <strong data-start=\"2651\" data-end=\"2664\">GRAPE ICE<\/strong><\/h3>\n<p data-start=\"2666\" data-end=\"3012\">Un fattore decisivo quando si tratta di svapo \u00e8 il gusto. <strong data-start=\"2723\" data-end=\"2743\">Vozol Star 20000<\/strong> offre una variet\u00e0 di aromi deliziosi che arricchiscono la vostra esperienza. Il <strong data-start=\"2821\" data-end=\"2834\">Grape Ice<\/strong>Il gusto \u00e8 un classico assoluto, che non solo offre un'esperienza rinfrescante e fruttata, ma trasmette anche una piacevole freschezza con il suo tocco fresco.<\/p>\n<p data-start=\"3014\" data-end=\"3496\"><strong data-start=\"3014\" data-end=\"3027\">Grape Ice<\/strong> unisce la dolcezza d'uva matura con la freschezza del ghiaccio. Gi\u00e0 dal primo sorso inizia con un intenso sapore d'uva, dolce e fruttato allo stesso tempo. Questa naturale freschezza d'uva viene completata dalla nota fresca del ghiaccio, creando una miscela rinfrescante che ravviva il palato senza sopraffarlo. \u00c8 un equilibrio tra dolcezza fruttata e freschezza glaciale, ideale per una pausa estiva o per il consumo quotidiano.<\/p>\n<p data-start=\"3498\" data-end=\"3895\">La <strong data-start=\"3502\" data-end=\"3521\">Dual Mesh Coils<\/strong> il <strong data-start=\"3526\" data-end=\"3546\">Vozol Star 20000<\/strong> amplificano il sapore distribuendo uniformemente gli aromi e creando una densa nuvola di vapore ricca e corposa. Il risultato \u00e8 un'esplosione di sapore pulita e indimenticabile ad ogni tiro. La <strong data-start=\"3754\" data-end=\"3767\">Grape Ice<\/strong>-La nota sorgt f\u00fcr una lunga durata di freschezza, che potrete godere tutto il giorno senza che il gusto sfumi.<\/p>\n<p data-start=\"3897\" data-end=\"4129\">Ci\u00f2 che rende questo aroma\u7279\u5225 \u00e8 la sua versatilit\u00e0. \u00c8 adatto sia ai principianti che cercano il gusto classico, sia ai vaper esperti che apprezzano un mix elegante di fruttato e freschezza.<\/p>\n<p data-start=\"4446\" data-end=\"4756\"><img loading=\"lazy\" decoding=\"async\" class=\"alignnone wp-image-2419 size-full\" src=\"https:\/\/alfakherwelt.de\/wp-content\/uploads\/2025\/02\/vozol-star-20000.webp\" alt=\"Vozol Star 20000 Z\u00fcge Einweg E Zigarette - GRAPE ICE becomes Vozol Star 20000 tiri Sigaretta elettronica usa e getta - GRAPE ICE\" width=\"1131\" height=\"1600\" title=\"\" srcset=\"https:\/\/alfakherwelt.de\/wp-content\/uploads\/2025\/02\/vozol-star-20000.webp 1131w, https:\/\/alfakherwelt.de\/wp-content\/uploads\/2025\/02\/vozol-star-20000-212x300.webp 212w, https:\/\/alfakherwelt.de\/wp-content\/uploads\/2025\/02\/vozol-star-20000-724x1024.webp 724w, https:\/\/alfakherwelt.de\/wp-content\/uploads\/2025\/02\/vozol-star-20000-768x1086.webp 768w, https:\/\/alfakherwelt.de\/wp-content\/uploads\/2025\/02\/vozol-star-20000-1086x1536.webp 1086w, https:\/\/alfakherwelt.de\/wp-content\/uploads\/2025\/02\/vozol-star-20000-8x12.webp 8w, https:\/\/alfakherwelt.de\/wp-content\/uploads\/2025\/02\/vozol-star-20000-600x849.webp 600w\" sizes=\"auto, (max-width: 1131px) 100vw, 1131px\" \/><\/p>\n<h3 data-start=\"4131\" data-end=\"4204\">Perch\u00e9 lei la <a href=\"https:\/\/alfakherwelt.de\/it\/categoria-di-prodotto\/request-failed-with-status-code-562\/\">Vozol Star 20000 Z\u00fcge \n\n \n traduzione non necessaria, il testo contiene solo marchi\/prodotti e numeri quindi:\n \nVozol Star 20000 Z\u00fcge<\/a> Acquistare sigarette elettroniche monouso<\/h3>\n<p data-start=\"4206\" data-end=\"4346\">La <strong data-start=\"4210\" data-end=\"4254\">Vozol Star 20000 Z\u00fcge Einweg E-Zigarette becomes \nVozol Star 20000 puff Einweg-E-Zigarette \n\n No, I will correct that \nVozol Star 20000 puff monouso e-cigarette \n\nbecomes \n\nVozol Star 20000 puff e-cigarette monouso \n\n No \n\nVozol Star 20000 Z\u00fcge Einweg E-Zigarette \nbecomes\nVozol Star 20000 puff e-cigarette usa e getta \n No \nVozol Star 20000 Z\u00fcge Einweg E-Zigarette \nbecomes \nVozol Star, 20000 tiri, sigaretta elettronica usa e getta<\/strong> offre una variet\u00e0 di vantaggi che la distinguono da altri vapes usa e getta sul mercato:<\/p>\n<ol data-start=\"4348\" data-end=\"5176\">\n<li data-start=\"4348\" data-end=\"4494\"><strong data-start=\"4351\" data-end=\"4372\">Lunga durata di conservazione<\/strong>Con oltre 20.000 cicli, questo dispositivo offre una durata eccezionalmente lunga ed \u00e8 quindi particolarmente conveniente.<\/li>\n<li data-start=\"4495\" data-end=\"4612\"><strong data-start=\"4498\" data-end=\"4521\">Facile gestione<\/strong>: La facile commutazione tra la modalit\u00e0 Eco e Power rende il vaping ancora pi\u00f9 flessibile.<\/li>\n<li data-start=\"4613\" data-end=\"4771\"><strong data-start=\"4616\" data-end=\"4642\">Tecnologia innovativa<\/strong>: Le Dual Mesh Coils garantiscono un'ottima produzione di vapore e un sapore intenso che dura tutto il giorno.<\/li>\n<li data-start=\"4772\" data-end=\"4913\"><strong data-start=\"4775\" data-end=\"4794\">Design moderno<\/strong>: Il design futuristico rende la <strong data-start=\"4831\" data-end=\"4851\">Vozol Star 20000<\/strong> non solo funzionale, ma anche un accessorio stiloso.<\/li>\n<li data-start=\"4914\" data-end=\"5074\"><strong data-start=\"4917\" data-end=\"4939\">Ricarica rapida<\/strong>In soli 30 minuti la batteria \u00e8 completamente carica, quindi puoi passare pi\u00f9 tempo a vaporizzare e meno tempo ad aspettare.<\/li>\n<li data-start=\"5075\" data-end=\"5176\"><strong data-start=\"5078\" data-end=\"5100\">Amichevole per i principianti<\/strong>La facile gestione la rende ideale anche per i nuovi arrivati nel settore dello svapo.<\/li>\n<\/ol>\n<h3 data-start=\"5178\" data-end=\"5211\">Domande frequenti (FAQ)<\/h3>\n<p data-start=\"5213\" data-end=\"5276\"><strong data-start=\"5213\" data-end=\"5276\">Quanti puff posso prendere con Vozol Star 20000?<\/strong><\/p>\n<p data-start=\"5278\" data-end=\"5424\">Con la <strong data-start=\"5286\" data-end=\"5306\">Vozol Star 20000<\/strong> Possono godere di oltre 20.000 tiri, il che li rende una delle sigarette elettroniche usa e getta pi\u00f9 longeve sul mercato.<\/p>\n<p data-start=\"5426\" data-end=\"5478\"><strong data-start=\"5426\" data-end=\"5478\">\u00c8 adatta la Vozol Star 20000 per chi passa a vaping?<\/strong><\/p>\n<p data-start=\"5480\" data-end=\"5597\">S\u00ec, il dispositivo offre un <strong data-start=\"5505\" data-end=\"5528\">Mouth-to-Lung (MTL)<\/strong>Esperienza di svapo ideale per chi passa dal fumo allo svapo.<\/p>\n<p data-start=\"5599\" data-end=\"5645\"><strong data-start=\"5599\" data-end=\"5645\">Quanto velocemente si carica la Vozol Star 20000?<\/strong><\/p>\n<p data-start=\"5647\" data-end=\"5812\">La <strong data-start=\"5651\" data-end=\"5671\">Vozol Star 20000<\/strong> richiede solo 30 minuti per essere completamente carico, permettendoti di passare meno tempo ad aspettare e pi\u00f9 tempo a vaporizzare.<\/p>\n<p data-start=\"5814\" data-end=\"5864\"><strong data-start=\"5814\" data-end=\"5864\">Quanta nicotina contiene il Vozol Star 20000?<\/strong><\/p>\n<p data-start=\"5866\" data-end=\"5969\">La <strong data-start=\"5870\" data-end=\"5890\">Vozol Star 20000<\/strong> contiene <strong data-start=\"5899\" data-end=\"5913\">5% Nicotina<\/strong> (50 mg), che offre un'assorbimento soddisfacente di nicotina.<\/p>\n<p data-start=\"5971\" data-end=\"6011\"><strong data-start=\"5971\" data-end=\"6011\">\u00c8 adatto il dispositivo per i principianti?<\/strong><\/p>\n<p data-start=\"6013\" data-end=\"6146\">S\u00ec, le <strong data-start=\"6021\" data-end=\"6041\">Vozol Star 20000<\/strong> \u00c8 facile da usare e offre un'esperienza utente facile da usare, il che la rende ideale per i principianti.<\/p>\n<h3 data-start=\"6148\" data-end=\"6157\">Conclusione<\/h3>\n<p data-start=\"6159\" data-end=\"6501\">La <strong data-start=\"6163\" data-end=\"6207\"><a href=\"https:\/\/alfakherwelt.de\/it\/categoria-di-prodotto\/request-failed-with-status-code-562\/\">Vozol Star 20000 Z\u00fcge \n\n \n traduzione non necessaria, il testo contiene solo marchi\/prodotti e numeri quindi:\n \nVozol Star 20000 Z\u00fcge<\/a> Sigaretta elettronica usa e getta<\/strong> \u00c8 la scelta perfetta per tutti coloro che cercano una sigaretta elettronica durevole, ad alte prestazioni e versatile nel gusto. Con oltre 20.000 tiri, tecnologia innovativa a mesh coil e un design elegante, \u00e8 un dispositivo indispensabile per tutti coloro che cercano l'esperienza di vaping migliore.<\/p>\n<p data-start=\"6503\" data-end=\"6757\">Viva la freschezza <strong data-start=\"6528\" data-end=\"6541\">Grape Ice<\/strong>Sapore e goditi il vaping nella sua forma migliore. Acquista le <strong data-start=\"6618\" data-end=\"6662\">Vozol Star 20000 Z\u00fcge Einweg E-Zigarette becomes \nVozol Star 20000 puff Einweg-E-Zigarette \n\n No, I will correct that \nVozol Star 20000 puff monouso e-cigarette \n\nbecomes \n\nVozol Star 20000 puff e-cigarette monouso \n\n No \n\nVozol Star 20000 Z\u00fcge Einweg E-Zigarette \nbecomes\nVozol Star 20000 puff e-cigarette usa e getta \n No \nVozol Star 20000 Z\u00fcge Einweg E-Zigarette \nbecomes \nVozol Star, 20000 tiri, sigaretta elettronica usa e getta<\/strong> ora su <a href=\"https:\/\/alfakherwelt.de\/it\/\"><strong data-start=\"6673\" data-end=\"6692\">alfakherwelt.de<\/strong><\/a>, il pi\u00f9 grande negozio online per sigarette elettroniche usa e getta in Germania!<\/p>","protected":false},"excerpt":{"rendered":"<div class=\"flex-shrink-0 flex flex-col relative items-end\">\n<div class=\"pt-0\">\n<div class=\"gizmo-shadow-stroke flex h-8 w-8 items-center justify-center overflow-hidden rounded-full\">\n<div class=\"h-full w-full\">\n<div class=\"flex-shrink-0 flex flex-col relative items-end\">\n<div class=\"pt-0\">\n<div class=\"gizmo-shadow-stroke flex h-8 w-8 items-center justify-center overflow-hidden rounded-full\">\n<div class=\"h-full w-full\">\n<div class=\"gizmo-shadow-stroke overflow-hidden rounded-full\">\n<div class=\"flex-1 overflow-hidden\">\n<div class=\"h-full\">\n<div class=\"react-scroll-to-bottom--css-nphjn-79elbk h-full\">\n<div class=\"react-scroll-to-bottom--css-nphjn-1n7m0yu\">\n<div class=\"flex flex-col text-sm md:pb-9\">\n<article class=\"w-full scroll-mb-[var(--thread-trailing-height,150px)] text-token-text-primary focus-visible:outline-2 focus-visible:outline-offset-[-4px]\" dir=\"auto\" data-testid=\"conversation-turn-5\" data-scroll-anchor=\"true\">\n<div class=\"m-auto text-base py-[18px] px-3 md:px-4 w-full md:px-5 lg:px-4 xl:px-5\">\n<div class=\"mx-auto flex flex-1 gap-4 text-base md:gap-5 lg:gap-6 md:max-w-3xl lg:max-w-[40rem] xl:max-w-[48rem]\">\n<div class=\"group\/conversation-turn relative flex w-full min-w-0 flex-col agent-turn\">\n<div class=\"flex-col gap-1 md:gap-3\">\n<div class=\"flex max-w-full flex-col flex-grow\">\n<div class=\"min-h-8 text-message flex w-full flex-col items-end gap-2 whitespace-normal break-words [.text-message+&amp;]:mt-5\" dir=\"auto\" data-message-author-role=\"assistant\" data-message-id=\"1982dcee-f0f5-4cfa-a269-fdbaed43d922\" data-message-model-slug=\"gpt-4o\">\n<div class=\"flex w-full flex-col gap-1 empty:hidden first:pt-[3px]\">\n<div class=\"markdown prose w-full break-words dark:prose-invert light\">\n<div class=\"flex-1 overflow-hidden\">\n<div class=\"h-full\">\n<div class=\"react-scroll-to-bottom--css-xrsce-79elbk h-full\">\n<div class=\"react-scroll-to-bottom--css-xrsce-1n7m0yu\">\n<div class=\"flex flex-col text-sm md:pb-9\">\n<article class=\"w-full scroll-mb-[var(--thread-trailing-height,150px)] text-token-text-primary focus-visible:outline-2 focus-visible:outline-offset-[-4px]\" dir=\"auto\" data-testid=\"conversation-turn-5\" data-scroll-anchor=\"true\">\n<div class=\"m-auto text-base py-[18px] px-3 md:px-4 w-full md:px-5 lg:px-4 xl:px-5\">\n<div class=\"mx-auto flex flex-1 gap-4 text-base md:gap-5 lg:gap-6 md:max-w-3xl lg:max-w-[40rem] xl:max-w-[48rem]\">\n<div class=\"group\/conversation-turn relative flex w-full min-w-0 flex-col agent-turn\">\n<div class=\"flex-col gap-1 md:gap-3\">\n<div class=\"flex max-w-full flex-col flex-grow\">\n<div class=\"min-h-8 text-message flex w-full flex-col items-end gap-2 whitespace-normal break-words [.text-message+&amp;]:mt-5\" dir=\"auto\" data-message-author-role=\"assistant\" data-message-id=\"1a0c8d71-a6be-4cc9-b460-deb3e7ecbf47\" data-message-model-slug=\"gpt-4o\">\n<div class=\"flex w-full flex-col gap-1 empty:hidden first:pt-[3px]\">\n<div class=\"markdown prose w-full break-words dark:prose-invert light\">\n<div class=\"flex-1 overflow-hidden\">\n<div class=\"h-full\">\n<div class=\"react-scroll-to-bottom--css-gqbzc-79elbk h-full\">\n<div class=\"react-scroll-to-bottom--css-gqbzc-1n7m0yu\">\n<div class=\"flex flex-col text-sm md:pb-9\">\n<article class=\"w-full scroll-mb-[var(--thread-trailing-height,150px)] text-token-text-primary focus-visible:outline-2 focus-visible:outline-offset-[-4px]\" dir=\"auto\" data-testid=\"conversation-turn-5\" data-scroll-anchor=\"true\">\n<div class=\"m-auto text-base py-[18px] px-3 md:px-4 w-full md:px-5 lg:px-4 xl:px-5\">\n<div class=\"mx-auto flex flex-1 gap-4 text-base md:gap-5 lg:gap-6 md:max-w-3xl lg:max-w-[40rem] xl:max-w-[48rem]\">\n<div class=\"group\/conversation-turn relative flex w-full min-w-0 flex-col agent-turn\">\n<div class=\"flex-col gap-1 md:gap-3\">\n<div class=\"flex max-w-full flex-col flex-grow\">\n<div class=\"min-h-8 text-message flex w-full flex-col items-end gap-2 whitespace-normal break-words [.text-message+&amp;]:mt-5\" dir=\"auto\" data-message-author-role=\"assistant\" data-message-id=\"ca066132-0777-4603-995e-a689971b3380\" data-message-model-slug=\"gpt-4o\">\n<div class=\"flex w-full flex-col gap-1 empty:hidden first:pt-[3px]\">\n<div class=\"markdown prose w-full break-words dark:prose-invert light\">\n<div class=\"flex-1 overflow-hidden @container\/thread\">\n<div class=\"h-full\">\n<div class=\"react-scroll-to-bottom--css-rkqgb-79elbk h-full\">\n<div class=\"react-scroll-to-bottom--css-rkqgb-1n7m0yu\">\n<div class=\"flex flex-col text-sm md:pb-9\">\n<article class=\"w-full scroll-mb-[var(--thread-trailing-height,150px)] text-token-text-primary focus-visible:outline-2 focus-visible:outline-offset-[-4px]\" dir=\"auto\" data-testid=\"conversation-turn-9\" data-scroll-anchor=\"true\">\n<div class=\"m-auto text-base py-[18px] px-3 md:px-4 w-full md:px-5 lg:px-4 xl:px-5\">\n<div class=\"mx-auto flex flex-1 gap-4 text-base md:gap-5 lg:gap-6 md:max-w-3xl lg:max-w-[40rem] xl:max-w-[48rem]\">\n<div class=\"group\/conversation-turn relative flex w-full min-w-0 flex-col agent-turn\">\n<div class=\"flex-col gap-1 md:gap-3\">\n<div class=\"flex max-w-full flex-col flex-grow\">\n<div class=\"min-h-8 text-message flex w-full flex-col items-end gap-2 whitespace-normal break-words text-start [.text-message+&amp;]:mt-5\" dir=\"auto\" data-message-author-role=\"assistant\" data-message-id=\"87137e43-9a3e-4479-90ac-22c23781ee39\" data-message-model-slug=\"gpt-4o\">\n<div class=\"flex w-full flex-col gap-1 empty:hidden first:pt-[3px]\">\n<div class=\"markdown prose w-full break-words dark:prose-invert light\">\n<div class=\"flex-1 overflow-hidden @container\/thread\">\n<div class=\"h-full\">\n<div class=\"react-scroll-to-bottom--css-cgxka-79elbk h-full\">\n<div class=\"react-scroll-to-bottom--css-cgxka-1n7m0yu\">\n<div class=\"flex flex-col text-sm md:pb-9\">\n<article class=\"w-full scroll-mb-[var(--thread-trailing-height,150px)] text-token-text-primary focus-visible:outline-2 focus-visible:outline-offset-[-4px]\" dir=\"auto\" data-testid=\"conversation-turn-5\" data-scroll-anchor=\"true\">\n<div class=\"m-auto text-base py-[18px] px-3 md:px-4 w-full md:px-5 lg:px-4 xl:px-5\">\n<div class=\"mx-auto flex flex-1 gap-4 text-base md:gap-5 lg:gap-6 md:max-w-3xl lg:max-w-[40rem] xl:max-w-[48rem]\">\n<div class=\"group\/conversation-turn relative flex w-full min-w-0 flex-col agent-turn\">\n<div class=\"flex-col gap-1 md:gap-3\">\n<div class=\"flex max-w-full flex-col flex-grow\">\n<div class=\"min-h-8 text-message flex w-full flex-col items-end gap-2 whitespace-normal break-words text-start [.text-message+&amp;]:mt-5\" dir=\"auto\" data-message-author-role=\"assistant\" data-message-id=\"e1e13d20-b396-4dc4-abdf-40facc05c4de\" data-message-model-slug=\"gpt-4o\">\n<div class=\"flex w-full flex-col gap-1 empty:hidden first:pt-[3px]\">\n<div class=\"markdown prose w-full break-words dark:prose-invert light\">\n<p>La <strong data-start=\"4\" data-end=\"48\">Vozol Star 20000 Z\u00fcge Einweg E-Zigarette becomes \nVozol Star 20000 puff Einweg-E-Zigarette \n\n No, I will correct that \nVozol Star 20000 puff monouso e-cigarette \n\nbecomes \n\nVozol Star 20000 puff e-cigarette monouso \n\n No \n\nVozol Star 20000 Z\u00fcge Einweg E-Zigarette \nbecomes\nVozol Star 20000 puff e-cigarette usa e getta \n No \nVozol Star 20000 Z\u00fcge Einweg E-Zigarette \nbecomes \nVozol Star, 20000 tiri, sigaretta elettronica usa e getta<\/strong> offre con la sua innovativa <strong data-start=\"78\" data-end=\"108\">Tecnologia Dual Mesh Coil<\/strong>uno <strong data-start=\"116\" data-end=\"153\">Durata di vita di oltre 20.000 viaggi<\/strong>, <strong data-start=\"155\" data-end=\"177\">diversi modi<\/strong> e un rinfrescante <strong data-start=\"202\" data-end=\"215\">Grape Ice<\/strong>-Un'esperienza di svapo eccezionale per principianti e utenti esperti in Germania.<\/p>\n<\/div>\n<\/div>\n<\/div>\n<\/div>\n<\/div>\n<\/div>\n<\/div>\n<\/div>\n<\/article>\n<\/div>\n<\/div>\n<\/div>\n<\/div>\n<\/div>\n<div class=\"md:pt-0 dark:border-white\/20 md:border-transparent md:dark:border-transparent w-full\">\n<div>\n<div class=\"m-auto text-base px-3 md:px-4 w-full md:px-5 lg:px-4 xl:px-5\">\n<div class=\"mx-auto flex flex-1 gap-4 text-base md:gap-5 lg:gap-6 md:max-w-3xl lg:max-w-[40rem] xl:max-w-[48rem]\">\n<div class=\"flex justify-center\"><\/div>\n<\/div>\n<\/div>\n<\/div>\n<\/div>\n<\/div>\n<\/div>\n<\/div>\n<\/div>\n<div class=\"pr-2 lg:pr-0\"><\/div>\n<\/div>\n<\/div>\n<\/div>\n<\/div>\n<\/article>\n<\/div>\n<\/div>\n<\/div>\n<\/div>\n<\/div>\n<\/div>\n<\/div>\n<\/div>\n<\/div>\n<\/div>\n<\/div>\n<\/div>\n<\/div>\n<\/article>\n<\/div>\n<\/div>\n<\/div>\n<\/div>\n<\/div>\n<\/div>\n<\/div>\n<\/div>\n<\/div>\n<\/div>\n<\/div>\n<\/div>\n<\/div>\n<\/article>\n<\/div>\n<\/div>\n<\/div>\n<\/div>\n<\/div>\n<\/div>\n<\/div>\n<\/div>\n<\/div>\n<div class=\"pr-2 lg:pr-0\"><\/div>\n<div class=\"mt-3 w-full empty:hidden\">\n<div class=\"text-center\"><\/div>\n<\/div>\n<\/div>\n<div class=\"absolute\">\n<div class=\"flex items-center justify-center\"><\/div>\n<\/div>\n<\/div>\n<\/div>\n<\/div>\n<\/article>\n<\/div>\n<\/div>\n<\/div>\n<\/div>\n<\/div>\n<div class=\"md:pt-0 dark:border-white\/20 md:border-transparent md:dark:border-transparent w-full\">\n<div>\n<div class=\"m-auto text-base px-3 md:px-4 w-full md:px-5 lg:px-4 xl:px-5\">\n<div class=\"mx-auto flex flex-1 gap-4 text-base md:gap-5 lg:gap-6 md:max-w-3xl lg:max-w-[40rem] xl:max-w-[48rem]\">\n<div class=\"flex justify-center\"><\/div>\n<\/div>\n<\/div>\n<\/div>\n<\/div>\n<\/div>\n<\/div>\n<\/div>\n<\/div>\n<\/div>\n<\/div>\n<\/div>\n<\/div>\n<\/div>","protected":false},"featured_media":2421,"comment_status":"open","ping_status":"closed","template":"","meta":[],"product_brand":[],"product_cat":[113],"product_tag":[],"class_list":{"0":"post-2420","1":"product","2":"type-product","3":"status-publish","4":"has-post-thumbnail","6":"product_cat-vozol-star-20000","8":"first","9":"instock","10":"sale","11":"shipping-taxable","12":"purchasable","13":"product-type-simple"},"jetpack_sharing_enabled":true,"_links":{"self":[{"href":"https:\/\/alfakherwelt.de\/it\/wp-json\/wp\/v2\/product\/2420","targetHints":{"allow":["GET"]}}],"collection":[{"href":"https:\/\/alfakherwelt.de\/it\/wp-json\/wp\/v2\/product"}],"about":[{"href":"https:\/\/alfakherwelt.de\/it\/wp-json\/wp\/v2\/types\/product"}],"replies":[{"embeddable":true,"href":"https:\/\/alfakherwelt.de\/it\/wp-json\/wp\/v2\/comments?post=2420"}],"wp:featuredmedia":[{"embeddable":true,"href":"https:\/\/alfakherwelt.de\/it\/wp-json\/wp\/v2\/media\/2421"}],"wp:attachment":[{"href":"https:\/\/alfakherwelt.de\/it\/wp-json\/wp\/v2\/media?parent=2420"}],"wp:term":[{"taxonomy":"product_brand","embeddable":true,"href":"https:\/\/alfakherwelt.de\/it\/wp-json\/wp\/v2\/product_brand?post=2420"},{"taxonomy":"product_cat","embeddable":true,"href":"https:\/\/alfakherwelt.de\/it\/wp-json\/wp\/v2\/product_cat?post=2420"},{"taxonomy":"product_tag","embeddable":true,"href":"https:\/\/alfakherwelt.de\/it\/wp-json\/wp\/v2\/product_tag?post=2420"}],"curies":[{"name":"wp","href":"https:\/\/api.w.org\/{rel}","templated":true}]}}