{"id":2235,"date":"2025-02-06T10:36:46","date_gmt":"2025-02-06T10:36:46","guid":{"rendered":"https:\/\/alfakherwelt.de\/?post_type=product&#038;p=2235"},"modified":"2025-06-03T07:03:07","modified_gmt":"2025-06-03T07:03:07","slug":"al-fakher-crown-bar-8000-sbuffi-usa-e-getta-e-sigaretta-dolce-frutto-della-passione-33","status":"publish","type":"product","link":"https:\/\/alfakherwelt.de\/it\/prodotto\/al-fakher-crown-bar-8000-sbuffi-usa-e-getta-e-sigaretta-dolce-frutto-della-passione-33\/","title":{"rendered":"Arymi Hookalit 40000 Z\u00fcge Einweg E Zigarette \u2013 Lemon Mint\n\nbecomes \n\nArymi Hookalit 40000 tiri Sigaretta elettronica usa e getta - Limone Menta"},"content":{"rendered":"<div style=\"width: 1020px;\" class=\"wp-video\"><video class=\"wp-video-shortcode\" id=\"video-2235-1\" width=\"1020\" height=\"574\" preload=\"metadata\" controls=\"controls\"><source type=\"video\/mp4\" src=\"https:\/\/alfakherwelt.de\/wp-content\/uploads\/2025\/01\/arymi-hookalit-40000-\u89c6\u9891.mp4?_=1\" \/><a href=\"https:\/\/alfakherwelt.de\/wp-content\/uploads\/2025\/01\/arymi-hookalit-40000-\u89c6\u9891.mp4\">https:\/\/alfakherwelt.de\/wp-content\/uploads\/2025\/01\/arymi-hookalit-40000-\u89c6\u9891.mp4<\/a><\/video><\/div>\n<h2><a href=\"https:\/\/alfakherwelt.de\/it\/categoria-di-prodotto\/request-failed-with-status-code-506\/\">Arymi Hookalit 40000 treni<\/a> Sigaretta elettronica monouso: Miscela perfetta di tecnologia e gusto<\/h2>\n<p>La <strong>Arymi Hookalit 40000 Z\u00fcge Einweg E Zigarette \n\nbecomes \n\nArymi Hookalit 40000 tiri Sigaretta elettronica usa e getta<\/strong> \u00c8 pi\u00f9 di un semplice dispositivo di svapo ordinario. Combina tecnologia avanzata, un'enorme capacit\u00e0 di liquido e un'esperienza di gusto unica. Per gli svapatori che vogliono il meglio, questa sigaretta elettronica usa e getta \u00e8 la scelta ideale. Con un'enorme capacit\u00e0, funzioni facili da usare e un gusto autentico di shisha, l'Arymi Hookalit si distingue da altri prodotti sul mercato.<\/p>\n<p><strong>Perch\u00e9 dovresti scegliere la sigaretta elettronica usa e getta Arymi Hookalit 40000 tiri?<\/strong><\/p>\n<p>La <strong>Arymi Hookalit<\/strong> offre la miscela perfetta di prestazioni eccezionali e gusto inconfondibile. Con una capacit\u00e0 gigantesca di 40 ml e una batteria integrata ricaricabile da 1300mAh, questa sigaretta elettronica usa e getta superer\u00e0 le tue aspettative. Goditi fino a <strong>40.000 treni<\/strong> bei MTL (Mouth-To-Lung) oder bis zu <strong>20.000 treni<\/strong> Bei DL (Direct-Lung). Offre una forza di nicotina 0,5% (5 mg\/ml) e permette una produzione di vapore di prim'ordine.<\/p>\n<h3>Caratteristiche complete del prodotto della<a href=\"https:\/\/alfakherwelt.de\/it\/categoria-di-prodotto\/request-failed-with-status-code-506\/\"> Arymi Hookalit 40000 treni<\/a> Sigaretta elettronica monouso<\/h3>\n<h4>1. <strong>Capacit\u00e0 gigante di e-liquid da 40 ml<\/strong><\/h4>\n<p>Con una generosa capacit\u00e0 di 40 ml, puoi goderti un tempo di vaporizzazione eccezionalmente lungo. Questa quantit\u00e0 \u00e8 sufficiente per molti tiri e ti consente di utilizzare la tua sigaretta elettronica usa e getta per un lungo periodo senza doverla ricaricare o acquistare una nuova.<\/p>\n<h4>2. <strong>Batteria ricaricabile integrata da 1300mAh<\/strong><\/h4>\n<p>La potente batteria ti consente di godere fino a 40.000 tiri con MTL senza preoccuparti dello stato di carica. La batteria pu\u00f2 essere ricaricata tramite la porta USB di tipo C e garantisce una lunga durata e prestazioni costanti.<\/p>\n<h4>3. <strong>Forza del nicotina 5mg\/ml (0,5%)<\/strong><\/h4>\n<p>La <strong>5mg\/ml di forza di nicotina<\/strong> garantisce un'esperienza di svapo piacevole, adatta sia ai vaper esperti che ai principianti. Questa forza garantisce un'assunzione di nicotina equilibrata e soddisfacente ad ogni tiro.<\/p>\n<h4>4. <strong>Prima classe bobina mesh (0,6 ohm) per un gusto intenso<\/strong><\/h4>\n<p>Con il <strong>0,6 Ohm Mesh-Coil<\/strong> Sperimenta un vapore intenso e uniforme. Questa coil garantisce un gusto migliorato e una maggiore produzione di vapore, specialmente a <strong>Direct-Lung (DL)<\/strong> e <strong>Mouth-To-Lung (MTL)<\/strong>Tecniche.<\/p>\n<h4>5. <strong>Controllo del flusso d'aria regolabile<\/strong><\/h4>\n<p>Grazie alla <strong>controllo del flusso d'aria regolabile<\/strong> Puoi personalizzare l'esperienza di svapo in base alle tue preferenze. Sia per una leggera aspirazione in stile MTL che per una produzione di vapore pi\u00f9 intensa in stile DL, l'Arymi Hookalit ti offre il pieno controllo.<\/p>\n<h4>6. <strong>Straw-like Drip Tip per un maggiore comfort<\/strong><\/h4>\n<p>Il <strong>Drip Tip simile a una cannuccia<\/strong> assicura una sensazione di comfort durante l'uso e un'esperienza di gusto pi\u00f9 piacevole. Offre una forma ergonomica che rende l'uso pi\u00f9 naturale e confortevole.<\/p>\n<h4>7. <strong>Display digitale per un utilizzo semplice<\/strong><\/h4>\n<p>La semplice <strong>visualizzazione digitale<\/strong> esecuzione dell'operazione di gestione <strong>Arymi Hookalit 40000<\/strong> Ancora pi\u00f9 facile da usare. Mostra a colpo d'occhio quanta liquido \u00e8 ancora disponibile e quando il dispositivo deve essere ricaricato.<\/p>\n<h4>8. <strong>Vapore attivato da tiro<\/strong><\/h4>\n<p>Grazie alla <strong>tecnologia attivata dal treno<\/strong> devi solo tirare alla sigaretta elettronica per attivare il vapore. Non \u00e8 necessario alcun interruttore, il che aumenta ulteriormente la comodit\u00e0 e la facilit\u00e0 d'uso.<\/p>\n<h4>9. <strong>Autentiche essenze per shisha<\/strong><\/h4>\n<p>Arymi Hookalit offre sapori autentici di shisha, particolarmente adatti per i vapers di direct-lung. Il sapore \u00e8 chiaro e pieno, il che garantisce un'esperienza di svapo eccezionale.<\/p>\n<h4>10. <strong>Caricamento USB di tipo C (cavo non incluso)<\/strong><\/h4>\n<p>La <strong>Carica USB di tipo C<\/strong> Consente di caricare velocemente ed efficacemente la sigaretta elettronica. Il caricabatterie non \u00e8 incluso nella confezione, ma il connettore USB di tipo C standard \u00e8 disponibile a livello globale.<\/p>\n<h2><img loading=\"lazy\" decoding=\"async\" class=\"alignnone wp-image-2120 size-full\" style=\"color: #555555; font-size: 14.4px;\" src=\"https:\/\/alfakherwelt.de\/wp-content\/uploads\/2025\/01\/arymi-hookalit-40000-.webp\" alt=\"Arymi Hookalit 40000 Z\u00fcge Einweg E Zigarette - Lemon Mintbecomes Arymi Hookalit 40000 tiri Sigaretta elettronica usa e getta - Limone Menta\" width=\"2000\" height=\"2000\" title=\"\" srcset=\"https:\/\/alfakherwelt.de\/wp-content\/uploads\/2025\/01\/arymi-hookalit-40000-.webp 2000w, https:\/\/alfakherwelt.de\/wp-content\/uploads\/2025\/01\/arymi-hookalit-40000--300x300.webp 300w, https:\/\/alfakherwelt.de\/wp-content\/uploads\/2025\/01\/arymi-hookalit-40000--1024x1024.webp 1024w, https:\/\/alfakherwelt.de\/wp-content\/uploads\/2025\/01\/arymi-hookalit-40000--150x150.webp 150w, https:\/\/alfakherwelt.de\/wp-content\/uploads\/2025\/01\/arymi-hookalit-40000--768x768.webp 768w, https:\/\/alfakherwelt.de\/wp-content\/uploads\/2025\/01\/arymi-hookalit-40000--1536x1536.webp 1536w, https:\/\/alfakherwelt.de\/wp-content\/uploads\/2025\/01\/arymi-hookalit-40000--12x12.webp 12w, https:\/\/alfakherwelt.de\/wp-content\/uploads\/2025\/01\/arymi-hookalit-40000--600x600.webp 600w, https:\/\/alfakherwelt.de\/wp-content\/uploads\/2025\/01\/arymi-hookalit-40000--100x100.webp 100w\" sizes=\"auto, (max-width: 2000px) 100vw, 2000px\" \/><\/h2>\n<h3><strong>Sapore della <a href=\"https:\/\/alfakherwelt.de\/it\/categoria-di-prodotto\/request-failed-with-status-code-506\/\">Arymi Hookalit 40000 treni<\/a> Sigaretta elettronica monouso<\/strong><\/h3>\n<p>La <strong>Arymi Hookalit 40000 Z\u00fcge Einweg E Zigarette \n\nbecomes \n\nArymi Hookalit 40000 tiri Sigaretta elettronica usa e getta<\/strong> non \u00e8 conosciuta solo per le sue prestazioni, ma anche per le sue <strong>sapori unici e deliziosi<\/strong>. Soprattutto le <strong>Limonata alla menta<\/strong>Variante che garantisce un'esperienza di gusto inconfondibile, fresca e rinfrescante.<\/p>\n<h4><strong>Lemon Mint - Rinfrescante e al Limone<\/strong><\/h4>\n<p>Il gusto di <strong>Limonata alla menta<\/strong> combina la freschezza e la nota di limone con una nota di mentolo rinfrescante. Questo gusto \u00e8 ideale per tutti coloro che cercano un rinfresco vivace e frizzante. Il limone dona un tocco acido che risveglia le tue papille gustative, mentre il gusto di menta completa il tutto con una piacevole freschezza e una finale rinfrescante.<\/p>\n<p>Immagina di sorseggiare una rinfrescante bevanda al limone e menta in una calda giornata estiva. \u00c8 esattamente cos\u00ec che si sente il <strong>Limonata alla menta<\/strong> Sapore dell'Arymi Hookalit - rinfrescante, rivitalizzante e semplicemente perfetto per un momento di pausa.<\/p>\n<p>Il gusto non \u00e8 troppo intenso e rimane piacevole e non artificiale per tutto il tempo. Offre un equilibrio ideale tra freschezza e dolcezza, il che lo rende un favorito per molti vaper. Sia che tu stia appena iniziando o che tu sia un utente esperto di svapo, questo gusto \u00e8 ideale per tutto il giorno.<\/p>\n<h3><strong>Perch\u00e9 dovresti comprare la sigaretta elettronica usa e getta Arymi Hookalit 40000 tiri?<\/strong><\/h3>\n<ul>\n<li><strong>Lunga durata del vapore:<\/strong> Con una capacit\u00e0 di 40 ml e una batteria che dura fino a 40.000 tiri, non dovrai preoccuparti di ricaricare o sostituire frequentemente la batteria.<\/li>\n<li><strong>Eccellente esperienza di vapore e di gusto:<\/strong> Il <strong>0,6 Ohm Mesh-Coil<\/strong> e la <strong>controllo del flusso d'aria regolabile<\/strong> garantire un'esperienza di crociera indimenticabile.<\/li>\n<li><strong>Utilizzo versatile:<\/strong> La <strong>controllo del flusso d'aria regolabile<\/strong> permette di personalizzare il vaping secondo le tue preferenze - sia MTL che DL.<\/li>\n<li><strong>Autentico sapore di shisha:<\/strong> Godi dell'autentico <strong>Limonata alla menta<\/strong>Un gusto che non vi deluder\u00e0.<\/li>\n<li><strong>Amichevole e confortevole:<\/strong> Con la <strong>visualizzazione digitale<\/strong> e il <strong>tecnologia attivata dal treno<\/strong> Potete utilizzare il dispositivo in modo molto semplice.<\/li>\n<\/ul>\n<p>Comprare le <strong>Arymi Hookalit 40000 Z\u00fcge Einweg E Zigarette \n\nbecomes \n\nArymi Hookalit 40000 tiri Sigaretta elettronica usa e getta<\/strong> direttamente su <strong>alfakherwelt.de<\/strong>, della vostra pi\u00f9 grande piattaforma online per <strong>Disposable Vapes in Germania<\/strong>Da noi troverai un'enorme selezione di sigarette elettroniche usa e getta che supereranno le tue aspettative.<\/p>\n<hr \/>\n<h3><strong>Domande frequenti sulla <a href=\"https:\/\/alfakherwelt.de\/it\/categoria-di-prodotto\/request-failed-with-status-code-506\/\">Arymi Hookalit 40000 treni<\/a> Sigaretta elettronica monouso<\/strong><\/h3>\n<h4>1. <strong>Quanti puff posso godermi con la sigaretta elettronica usa e getta Arymi Hookalit 40000?<\/strong><\/h4>\n<p>Possono iniziare con Arymi Hookalit circa <strong>40.000 treni<\/strong> im <strong>Stile MTL<\/strong> (Mouth-To-Lung) oder \n(Diretta Polmonare) <strong>20.000 treni<\/strong> im <strong>Stile DL<\/strong> (Direct-Lung) godono.<\/p>\n<h4>2. <strong>La Arymi Hookalit 40000 \u00e8 una sigaretta elettronica usa e getta con nicotina?<\/strong><\/h4>\n<p>S\u00ec, l'Arymi Hookalit contiene <strong>0,5% Nicotina<\/strong> (5 mg\/ml), che garantisce un'assunzione di nicotina delicata e soddisfacente.<\/p>\n<h4>3. <strong>Come carico Arymi Hookalit 40000 sigaretta elettronica usa e getta?<\/strong><\/h4>\n<p>La <strong>Arymi Hookalit<\/strong> dispone di un <strong>USB Tipo-C<\/strong> Allacciamento per la ricarica. Tuttavia, il cavo di ricarica non \u00e8 incluso nella confezione.<\/p>\n<h4>4. <strong>Posso utilizzare la Arymi Hookalit 40000 per ricaricare? No, la Arymi Hookalit 40000 \u00e8 una sigaretta elettronica usa e getta.<\/strong><\/h4>\n<p>No, l'Arymi Hookalit \u00e8 una <strong>Sigaretta elettronica usa e getta<\/strong>che non pu\u00f2 essere ricaricata. \u00c8 progettata per l'uso a lungo termine, fino a quando il liquido elettronico e la batteria non sono esauriti.<\/p>\n<h4>5. <strong>Come pulisco la mia Arymi Hookalit 40000 sigaretta elettronica usa e getta?<\/strong><\/h4>\n<p>Dato che si tratta di una <strong>Sigaretta elettronica usa e getta<\/strong> non richiedono pulizia. Una volta che l'e-liquid \u00e8 esaurito o la batteria \u00e8 scarica, \u00e8 necessario smaltire il dispositivo.<\/p>\n<hr \/>\n<h4>Acquistate oggi stesso le Vostre <strong>Arymi Hookalit 40000 Z\u00fcge Einweg E Zigarette \n\nbecomes \n\nArymi Hookalit 40000 tiri Sigaretta elettronica usa e getta<\/strong> su <a href=\"https:\/\/alfakherwelt.de\/it\/\"><strong>alfakherwelt.de<\/strong><\/a> e vivete l'esperienza di vapore definitiva.<\/h4>","protected":false},"excerpt":{"rendered":"<div class=\"flex-shrink-0 flex flex-col relative items-end\">\n<div class=\"pt-0\">\n<div class=\"gizmo-shadow-stroke flex h-8 w-8 items-center justify-center overflow-hidden rounded-full\">\n<div class=\"h-full w-full\">\n<div class=\"flex-shrink-0 flex flex-col relative items-end\">\n<div class=\"pt-0\">\n<div class=\"gizmo-shadow-stroke flex h-8 w-8 items-center justify-center overflow-hidden rounded-full\">\n<div class=\"h-full w-full\">\n<div class=\"gizmo-shadow-stroke overflow-hidden rounded-full\">\n<div class=\"flex-1 overflow-hidden\">\n<div class=\"h-full\">\n<div class=\"react-scroll-to-bottom--css-nphjn-79elbk h-full\">\n<div class=\"react-scroll-to-bottom--css-nphjn-1n7m0yu\">\n<div class=\"flex flex-col text-sm md:pb-9\">\n<article class=\"w-full scroll-mb-[var(--thread-trailing-height,150px)] text-token-text-primary focus-visible:outline-2 focus-visible:outline-offset-[-4px]\" dir=\"auto\" data-testid=\"conversation-turn-5\" data-scroll-anchor=\"true\">\n<div class=\"m-auto text-base py-[18px] px-3 md:px-4 w-full md:px-5 lg:px-4 xl:px-5\">\n<div class=\"mx-auto flex flex-1 gap-4 text-base md:gap-5 lg:gap-6 md:max-w-3xl lg:max-w-[40rem] xl:max-w-[48rem]\">\n<div class=\"group\/conversation-turn relative flex w-full min-w-0 flex-col agent-turn\">\n<div class=\"flex-col gap-1 md:gap-3\">\n<div class=\"flex max-w-full flex-col flex-grow\">\n<div class=\"min-h-8 text-message flex w-full flex-col items-end gap-2 whitespace-normal break-words [.text-message+&amp;]:mt-5\" dir=\"auto\" data-message-author-role=\"assistant\" data-message-id=\"1982dcee-f0f5-4cfa-a269-fdbaed43d922\" data-message-model-slug=\"gpt-4o\">\n<div class=\"flex w-full flex-col gap-1 empty:hidden first:pt-[3px]\">\n<div class=\"markdown prose w-full break-words dark:prose-invert light\">\n<div class=\"flex-1 overflow-hidden\">\n<div class=\"h-full\">\n<div class=\"react-scroll-to-bottom--css-xrsce-79elbk h-full\">\n<div class=\"react-scroll-to-bottom--css-xrsce-1n7m0yu\">\n<div class=\"flex flex-col text-sm md:pb-9\">\n<article class=\"w-full scroll-mb-[var(--thread-trailing-height,150px)] text-token-text-primary focus-visible:outline-2 focus-visible:outline-offset-[-4px]\" dir=\"auto\" data-testid=\"conversation-turn-5\" data-scroll-anchor=\"true\">\n<div class=\"m-auto text-base py-[18px] px-3 md:px-4 w-full md:px-5 lg:px-4 xl:px-5\">\n<div class=\"mx-auto flex flex-1 gap-4 text-base md:gap-5 lg:gap-6 md:max-w-3xl lg:max-w-[40rem] xl:max-w-[48rem]\">\n<div class=\"group\/conversation-turn relative flex w-full min-w-0 flex-col agent-turn\">\n<div class=\"flex-col gap-1 md:gap-3\">\n<div class=\"flex max-w-full flex-col flex-grow\">\n<div class=\"min-h-8 text-message flex w-full flex-col items-end gap-2 whitespace-normal break-words [.text-message+&amp;]:mt-5\" dir=\"auto\" data-message-author-role=\"assistant\" data-message-id=\"1a0c8d71-a6be-4cc9-b460-deb3e7ecbf47\" data-message-model-slug=\"gpt-4o\">\n<div class=\"flex w-full flex-col gap-1 empty:hidden first:pt-[3px]\">\n<div class=\"markdown prose w-full break-words dark:prose-invert light\">\n<div class=\"flex-1 overflow-hidden\">\n<div class=\"h-full\">\n<div class=\"react-scroll-to-bottom--css-gqbzc-79elbk h-full\">\n<div class=\"react-scroll-to-bottom--css-gqbzc-1n7m0yu\">\n<div class=\"flex flex-col text-sm md:pb-9\">\n<article class=\"w-full scroll-mb-[var(--thread-trailing-height,150px)] text-token-text-primary focus-visible:outline-2 focus-visible:outline-offset-[-4px]\" dir=\"auto\" data-testid=\"conversation-turn-5\" data-scroll-anchor=\"true\">\n<div class=\"m-auto text-base py-[18px] px-3 md:px-4 w-full md:px-5 lg:px-4 xl:px-5\">\n<div class=\"mx-auto flex flex-1 gap-4 text-base md:gap-5 lg:gap-6 md:max-w-3xl lg:max-w-[40rem] xl:max-w-[48rem]\">\n<div class=\"group\/conversation-turn relative flex w-full min-w-0 flex-col agent-turn\">\n<div class=\"flex-col gap-1 md:gap-3\">\n<div class=\"flex max-w-full flex-col flex-grow\">\n<div class=\"min-h-8 text-message flex w-full flex-col items-end gap-2 whitespace-normal break-words [.text-message+&amp;]:mt-5\" dir=\"auto\" data-message-author-role=\"assistant\" data-message-id=\"ca066132-0777-4603-995e-a689971b3380\" data-message-model-slug=\"gpt-4o\">\n<div class=\"flex w-full flex-col gap-1 empty:hidden first:pt-[3px]\">\n<div class=\"markdown prose w-full break-words dark:prose-invert light\">\n<div class=\"flex-1 overflow-hidden @container\/thread\">\n<div class=\"h-full\">\n<div class=\"react-scroll-to-bottom--css-rkqgb-79elbk h-full\">\n<div class=\"react-scroll-to-bottom--css-rkqgb-1n7m0yu\">\n<div class=\"flex flex-col text-sm md:pb-9\">\n<article class=\"w-full scroll-mb-[var(--thread-trailing-height,150px)] text-token-text-primary focus-visible:outline-2 focus-visible:outline-offset-[-4px]\" dir=\"auto\" data-testid=\"conversation-turn-9\" data-scroll-anchor=\"true\">\n<div class=\"m-auto text-base py-[18px] px-3 md:px-4 w-full md:px-5 lg:px-4 xl:px-5\">\n<div class=\"mx-auto flex flex-1 gap-4 text-base md:gap-5 lg:gap-6 md:max-w-3xl lg:max-w-[40rem] xl:max-w-[48rem]\">\n<div class=\"group\/conversation-turn relative flex w-full min-w-0 flex-col agent-turn\">\n<div class=\"flex-col gap-1 md:gap-3\">\n<div class=\"flex max-w-full flex-col flex-grow\">\n<div class=\"min-h-8 text-message flex w-full flex-col items-end gap-2 whitespace-normal break-words text-start [.text-message+&amp;]:mt-5\" dir=\"auto\" data-message-author-role=\"assistant\" data-message-id=\"87137e43-9a3e-4479-90ac-22c23781ee39\" data-message-model-slug=\"gpt-4o\">\n<div class=\"flex w-full flex-col gap-1 empty:hidden first:pt-[3px]\">\n<div class=\"markdown prose w-full break-words dark:prose-invert light\">\n<div class=\"flex-1 overflow-hidden @container\/thread\">\n<div class=\"h-full\">\n<div class=\"react-scroll-to-bottom--css-cgxka-79elbk h-full\">\n<div class=\"react-scroll-to-bottom--css-cgxka-1n7m0yu\">\n<div class=\"flex flex-col text-sm md:pb-9\">\n<article class=\"w-full scroll-mb-[var(--thread-trailing-height,150px)] text-token-text-primary focus-visible:outline-2 focus-visible:outline-offset-[-4px]\" dir=\"auto\" data-testid=\"conversation-turn-5\" data-scroll-anchor=\"true\">\n<div class=\"m-auto text-base py-[18px] px-3 md:px-4 w-full md:px-5 lg:px-4 xl:px-5\">\n<div class=\"mx-auto flex flex-1 gap-4 text-base md:gap-5 lg:gap-6 md:max-w-3xl lg:max-w-[40rem] xl:max-w-[48rem]\">\n<div class=\"group\/conversation-turn relative flex w-full min-w-0 flex-col agent-turn\">\n<div class=\"flex-col gap-1 md:gap-3\">\n<div class=\"flex max-w-full flex-col flex-grow\">\n<div class=\"min-h-8 text-message flex w-full flex-col items-end gap-2 whitespace-normal break-words text-start [.text-message+&amp;]:mt-5\" dir=\"auto\" data-message-author-role=\"assistant\" data-message-id=\"e1e13d20-b396-4dc4-abdf-40facc05c4de\" data-message-model-slug=\"gpt-4o\">\n<div class=\"flex w-full flex-col gap-1 empty:hidden first:pt-[3px]\">\n<div class=\"markdown prose w-full break-words dark:prose-invert light\">\n<p>La <strong>Arymi Hookalit 40000 Z\u00fcge Einweg E Zigarette \n\nbecomes \n\nArymi Hookalit 40000 tiri Sigaretta elettronica usa e getta<\/strong> offre con la sua impressionante capacit\u00e0 di e-liquid da 40 ml, una batteria duratura da 1300 mAh e aromi autentici di shisha, un'esperienza di svapo di prima classe con fino a 40.000 tiri, flusso d'aria regolabile e una pratica funzione di attivazione tramite tiro.<\/p>\n<\/div>\n<\/div>\n<\/div>\n<\/div>\n<\/div>\n<\/div>\n<\/div>\n<\/div>\n<\/article>\n<\/div>\n<\/div>\n<\/div>\n<\/div>\n<\/div>\n<div class=\"md:pt-0 dark:border-white\/20 md:border-transparent md:dark:border-transparent w-full\">\n<div>\n<div class=\"m-auto text-base px-3 md:px-4 w-full md:px-5 lg:px-4 xl:px-5\">\n<div class=\"mx-auto flex flex-1 gap-4 text-base md:gap-5 lg:gap-6 md:max-w-3xl lg:max-w-[40rem] xl:max-w-[48rem]\">\n<div class=\"flex justify-center\"><\/div>\n<\/div>\n<\/div>\n<\/div>\n<\/div>\n<\/div>\n<\/div>\n<\/div>\n<\/div>\n<div class=\"pr-2 lg:pr-0\"><\/div>\n<\/div>\n<\/div>\n<\/div>\n<\/div>\n<\/article>\n<\/div>\n<\/div>\n<\/div>\n<\/div>\n<\/div>\n<\/div>\n<\/div>\n<\/div>\n<\/div>\n<\/div>\n<\/div>\n<\/div>\n<\/div>\n<\/article>\n<\/div>\n<\/div>\n<\/div>\n<\/div>\n<\/div>\n<\/div>\n<\/div>\n<\/div>\n<\/div>\n<\/div>\n<\/div>\n<\/div>\n<\/div>\n<\/article>\n<\/div>\n<\/div>\n<\/div>\n<\/div>\n<\/div>\n<\/div>\n<\/div>\n<\/div>\n<\/div>\n<div class=\"pr-2 lg:pr-0\"><\/div>\n<div class=\"mt-3 w-full empty:hidden\">\n<div class=\"text-center\"><\/div>\n<\/div>\n<\/div>\n<div class=\"absolute\">\n<div class=\"flex items-center justify-center\"><\/div>\n<\/div>\n<\/div>\n<\/div>\n<\/div>\n<\/article>\n<\/div>\n<\/div>\n<\/div>\n<\/div>\n<\/div>\n<div class=\"md:pt-0 dark:border-white\/20 md:border-transparent md:dark:border-transparent w-full\">\n<div>\n<div class=\"m-auto text-base px-3 md:px-4 w-full md:px-5 lg:px-4 xl:px-5\">\n<div class=\"mx-auto flex flex-1 gap-4 text-base md:gap-5 lg:gap-6 md:max-w-3xl lg:max-w-[40rem] xl:max-w-[48rem]\">\n<div class=\"flex justify-center\"><\/div>\n<\/div>\n<\/div>\n<\/div>\n<\/div>\n<\/div>\n<\/div>\n<\/div>\n<\/div>\n<\/div>\n<\/div>\n<\/div>\n<\/div>\n<\/div>","protected":false},"featured_media":2238,"comment_status":"open","ping_status":"closed","template":"","meta":[],"product_brand":[],"product_cat":[110],"product_tag":[],"class_list":{"0":"post-2235","1":"product","2":"type-product","3":"status-publish","4":"has-post-thumbnail","6":"product_cat-arymi-hookalit-40000","8":"first","9":"instock","10":"sale","11":"shipping-taxable","12":"purchasable","13":"product-type-simple"},"jetpack_sharing_enabled":true,"_links":{"self":[{"href":"https:\/\/alfakherwelt.de\/it\/wp-json\/wp\/v2\/product\/2235","targetHints":{"allow":["GET"]}}],"collection":[{"href":"https:\/\/alfakherwelt.de\/it\/wp-json\/wp\/v2\/product"}],"about":[{"href":"https:\/\/alfakherwelt.de\/it\/wp-json\/wp\/v2\/types\/product"}],"replies":[{"embeddable":true,"href":"https:\/\/alfakherwelt.de\/it\/wp-json\/wp\/v2\/comments?post=2235"}],"wp:featuredmedia":[{"embeddable":true,"href":"https:\/\/alfakherwelt.de\/it\/wp-json\/wp\/v2\/media\/2238"}],"wp:attachment":[{"href":"https:\/\/alfakherwelt.de\/it\/wp-json\/wp\/v2\/media?parent=2235"}],"wp:term":[{"taxonomy":"product_brand","embeddable":true,"href":"https:\/\/alfakherwelt.de\/it\/wp-json\/wp\/v2\/product_brand?post=2235"},{"taxonomy":"product_cat","embeddable":true,"href":"https:\/\/alfakherwelt.de\/it\/wp-json\/wp\/v2\/product_cat?post=2235"},{"taxonomy":"product_tag","embeddable":true,"href":"https:\/\/alfakherwelt.de\/it\/wp-json\/wp\/v2\/product_tag?post=2235"}],"curies":[{"name":"wp","href":"https:\/\/api.w.org\/{rel}","templated":true}]}}