{"id":2202,"date":"2025-02-05T01:26:19","date_gmt":"2025-02-05T01:26:19","guid":{"rendered":"https:\/\/alfakherwelt.de\/?post_type=product&#038;p=2202"},"modified":"2025-06-03T07:03:32","modified_gmt":"2025-06-03T07:03:32","slug":"al-fakher-crown-bar-8000-sbuffi-usa-e-getta-e-sigaretta-dolce-frutto-della-passione-40","status":"publish","type":"product","link":"https:\/\/alfakherwelt.de\/it\/prodotto\/al-fakher-crown-bar-8000-sbuffi-usa-e-getta-e-sigaretta-dolce-frutto-della-passione-40\/","title":{"rendered":"Arymi Hookalit 40000 Z\u00fcge Einweg E Zigarette \u2013 Passion Fruit\n\nbecomes \n\nArymi Hookalit 40000 tiri Sigaretta elettronica usa e getta - Passion Fruit"},"content":{"rendered":"<div style=\"width: 1020px;\" class=\"wp-video\"><video class=\"wp-video-shortcode\" id=\"video-2202-1\" width=\"1020\" height=\"574\" preload=\"metadata\" controls=\"controls\"><source type=\"video\/mp4\" src=\"https:\/\/alfakherwelt.de\/wp-content\/uploads\/2025\/01\/arymi-hookalit-40000-\u89c6\u9891.mp4?_=1\" \/><a href=\"https:\/\/alfakherwelt.de\/wp-content\/uploads\/2025\/01\/arymi-hookalit-40000-\u89c6\u9891.mp4\">https:\/\/alfakherwelt.de\/wp-content\/uploads\/2025\/01\/arymi-hookalit-40000-\u89c6\u9891.mp4<\/a><\/video><\/div>\n<h2><strong><a href=\"https:\/\/alfakherwelt.de\/it\/categoria-di-prodotto\/request-failed-with-status-code-506\/\">Arymi Hookalit 40000 treni<\/a> Sigaretta elettronica monouso: provate il piacere di vaporizzare definitivo in Germania<\/strong><\/h2>\n<p>La <strong>Arymi Hookalit 40000 Z\u00fcge Einweg E-Zigarette \n\nbecomes \n\nArymi Hookalit 40000 tiri Sigaretta elettronica usa e getta<\/strong> stabilisce nuovi standard nel mondo delle sigarette elettroniche usa e getta. Con una capacit\u00e0 impressionante fino a <strong>40.000 treni<\/strong> E con una prestazione eccezionale, questo dispositivo offre un'esperienza di svapo senza pari. Ideale per gli svapatori che cercano qualit\u00e0, comfort e una variet\u00e0 di aromi, l'Arymi Hookalit ha tutto ci\u00f2 di cui hai bisogno per goderti il perfetto piacere di svapo.<\/p>\n<p>In questo articolo vi presentiamo informazioni dettagliate su <strong>Arymi Hookalit 40000 Z\u00fcge Einweg E-Zigarette \n\nbecomes \n\nArymi Hookalit 40000 tiri Sigaretta elettronica usa e getta<\/strong>loro uniche propriet\u00e0 e aromi a disposizione. Se siete alla ricerca di un'opzione affidabile e potente <strong>Sigaretta elettronica monouso con nicotina<\/strong> sind, trovarete sul nostro sito web, <strong>alfakherwelt.de<\/strong>l'offerta migliore.<\/p>\n<h3><strong>Descrizione del prodotto:<\/strong><\/h3>\n<p>La <strong>Arymi Hookalit 40000 Z\u00fcge Einweg E-Zigarette \n\nbecomes \n\nArymi Hookalit 40000 tiri Sigaretta elettronica usa e getta<\/strong> \u00e8 uno dei vaporizzatori usa e getta pi\u00f9 avanzati e potenti disponibili sul mercato. Con un <strong>40ml E-Liquid<\/strong> offre non solo una lunga durata di vita, ma anche un'impressionante versatilit\u00e0 in termini di gusto ed esperienza di svapo. Sia che tu scelga il classico <strong>MTL<\/strong> (Mouth to Lung) Preferiscono svapare o <strong>DL<\/strong> (Vapore diretto) Vaporizzare <strong>Arymi Hookalit<\/strong> Si adatta perfettamente alle sue esigenze.<\/p>\n<p>La <strong>integrazione 1300mAh<\/strong> batteria ricaricabile garantisce che i vostri <strong>Sigaretta elettronica usa e getta<\/strong> sempre pronto all'uso e offre una lunga durata di utilizzo. Grazie alla <strong>Carica USB Type-C<\/strong> (Cavo non incluso) \u00e8 possibile caricare rapidamente la batteria per continuare la propria esperienza di svapo senza lunghe interruzioni.<\/p>\n<p>Un'altra caratteristica eccezionale \u00e8 il <strong>0,6ohm Mesh Coil<\/strong>che garantisce una produzione di vapore uniforme e intensa. Il <strong>Straw-like Drip Tip<\/strong> assicura una piacevole sensazione di tiraggio e il <strong>schermo digitale<\/strong> consente una facile gestione e controllo delle impostazioni.<\/p>\n<p>La <strong>Arymi Hookalit 40000 Z\u00fcge Einweg E-Zigarette \n\nbecomes \n\nArymi Hookalit 40000 tiri Sigaretta elettronica usa e getta<\/strong> vieni con una <strong>attivazione del treno facile da usare<\/strong>, in modo da permetterti di tirare semplicemente alla e-cig per goderti il vapore. Per coloro che danno valore alla flessibilit\u00e0, offre la <strong>controllo del flusso d'aria regolabile<\/strong> la perfetta adattamento sia per la vaporizzazione MTL che DL.<\/p>\n<p>Il <strong>Livello di nicotina 5 mg\/ml<\/strong> (0,5%) offre una miscela equilibrata per coloro che preferiscono un assorbimento moderato di nicotina. Sia che tu sia un vaporizzatore esperto o un principiante, la <strong>Arymi Hookalit<\/strong> Offre un piacevole\u2019esperienza di svapo ad ogni tiro.<\/p>\n<h2><img loading=\"lazy\" decoding=\"async\" class=\"alignnone wp-image-2120 size-full\" style=\"color: #555555; font-size: 14.4px;\" src=\"https:\/\/alfakherwelt.de\/wp-content\/uploads\/2025\/01\/arymi-hookalit-40000-.webp\" alt=\"Arymi Hookalit 40000 Z\u00fcge Einweg E Zigarette - Passion Fruit traduce a  Arymi Hookalit 40000 tiri Sigaretta elettronica usa e getta - Passion Fruit\" width=\"2000\" height=\"2000\" title=\"\" srcset=\"https:\/\/alfakherwelt.de\/wp-content\/uploads\/2025\/01\/arymi-hookalit-40000-.webp 2000w, https:\/\/alfakherwelt.de\/wp-content\/uploads\/2025\/01\/arymi-hookalit-40000--300x300.webp 300w, https:\/\/alfakherwelt.de\/wp-content\/uploads\/2025\/01\/arymi-hookalit-40000--1024x1024.webp 1024w, https:\/\/alfakherwelt.de\/wp-content\/uploads\/2025\/01\/arymi-hookalit-40000--150x150.webp 150w, https:\/\/alfakherwelt.de\/wp-content\/uploads\/2025\/01\/arymi-hookalit-40000--768x768.webp 768w, https:\/\/alfakherwelt.de\/wp-content\/uploads\/2025\/01\/arymi-hookalit-40000--1536x1536.webp 1536w, https:\/\/alfakherwelt.de\/wp-content\/uploads\/2025\/01\/arymi-hookalit-40000--12x12.webp 12w, https:\/\/alfakherwelt.de\/wp-content\/uploads\/2025\/01\/arymi-hookalit-40000--600x600.webp 600w, https:\/\/alfakherwelt.de\/wp-content\/uploads\/2025\/01\/arymi-hookalit-40000--100x100.webp 100w\" sizes=\"auto, (max-width: 2000px) 100vw, 2000px\" \/><\/h2>\n<h3><strong>Produktmerkmale der <a href=\"https:\/\/alfakherwelt.de\/it\/categoria-di-prodotto\/request-failed-with-status-code-506\/\">Arymi Hookalit 40000 treni<\/a> Sigaretta elettronica usa e getta:<\/strong><\/h3>\n<ul>\n<li><strong>40ml di capacit\u00e0 di e-liquid<\/strong> Offre una durata di utilizzo eccezionalmente lunga con fino a 40.000 tiri in stile MTL e 20.000 tiri in stile DL.<\/li>\n<li><strong>Batteria ricaricabile da 1300mAh:<\/strong> Consente un utilizzo prolungato ed \u00e8 comodo da ricaricare tramite USB Type-C.<\/li>\n<li><strong>0,6 Ohm Mesh Coil<\/strong> Garantisce una produzione di vapore uniforme e intensa.<\/li>\n<li><strong>Straw-like Drip Tip: \n Suggerimento per gocciolamento simile a una cannuccia:<\/strong> Per una piacevole sensazione di viaggio e un comfort facile.<\/li>\n<li><strong>Controllo del flusso d'aria regolabile:<\/strong> Ottimizza la tua esperienza di svapo per MTL o DL in base alle tue preferenze.<\/li>\n<li><strong>Schermo digitale:<\/strong> Offre una semplice interfaccia utente per il monitoraggio dei parametri del vapore.<\/li>\n<li><strong>Forza del nicotina:<\/strong> 0,5% nicotina (5 mg\/ml), perfetto per il consumo moderato.<\/li>\n<li><strong>Aromi autentici per shisha:<\/strong> Ideale per la vaporizzazione DTL (Direct to Lung) e un'ampia gamma di sapori.<\/li>\n<li><strong>Attivazione del treno:<\/strong> Goditi un'esperienza di svapo senza stress che reagisce al treno.<\/li>\n<li><strong>Caricamento USB Type-C:<\/strong> Per una ricarica rapida senza lunghe attese.<\/li>\n<\/ul>\n<p><strong>Contenuto della confezione dell'Arymi Hookalit 40000 tiri Sigaretta elettronica monouso:<\/strong><\/p>\n<ul>\n<li>1 x Arymi Hookalit 40K Kit monouso<\/li>\n<\/ul>\n<hr \/>\n<h3><strong>Aromi della <a href=\"https:\/\/alfakherwelt.de\/it\/categoria-di-prodotto\/request-failed-with-status-code-506\/\">Arymi Hookalit 40000 treni<\/a> Sigaretta elettronica usa e getta:<\/strong><\/h3>\n<p>La <strong>Arymi Hookalit 40000 Z\u00fcge Einweg E-Zigarette \n\nbecomes \n\nArymi Hookalit 40000 tiri Sigaretta elettronica usa e getta<\/strong> offre una variet\u00e0 di aromi che elevano l'esperienza di svapo a un nuovo livello. Attualmente offriamo nella nostra gamma il <strong>Passione<\/strong>-Aroma che, con la sua dolcezza fruttata ed esotica e un'acidit\u00e0 rinfrescante, garantisce il perfetto piacere di svapo. Ma non \u00e8 tutto! Qui ci sono i dettagli degli aromi:<\/p>\n<h3><strong>Passione<\/strong><\/h3>\n<p>La <strong>Passione<\/strong> \u00e8 un super aroma tropicale, noto per il suo equilibrio unico di dolcezza e freschezza. La <strong>dolce fruttato<\/strong> La passione del frutto \u00e8 data da un gradevole <strong>nota acuta<\/strong> accompagnate, che insieme offrono un'esplosione di gusto rinfrescante e rivitalizzante. Il gusto \u00e8 vivace e la freschezza del frutto della passione fa s\u00ec che ogni tiro vi ricordi una vacanza tropicale. Questa composizione di gusto \u00e8 particolarmente popolare tra i vaporizzatori che preferiscono aromi fruttati e dolci, che sono allo stesso tempo rinfrescanti e non travolgenti.<\/p>\n<p>Il gusto della <strong>Passione<\/strong> \u00e8 particolarmente adatto per il <strong>Direct-to-Lung (DL)<\/strong> Stil, poich\u00e9 sviluppa il gusto pieno e garantisce un'esperienza di svapo intensa. La <strong>intensit\u00e0 fruttata<\/strong> Questo aroma \u00e8 ulteriormente esaltato dall'eccezionale produzione di vapore dell'Arymi Hookalit, rendendo ogni aspirazione una vera esperienza gustativa.<\/p>\n<p>Quando si \u00e8 rilassati a casa o in viaggio, le <strong>Passione<\/strong> assicura un'esplosione di sapore costante che vizia il vostro palato. Questo aroma \u00e8 ideale per i vaporizzatori che cercano un sapore tropicale unico e inconfondibile che si sviluppa in modo piacevole e duraturo sulla lingua.<\/p>\n<hr \/>\n<h3><strong>Perch\u00e9 lei la <a href=\"https:\/\/alfakherwelt.de\/it\/categoria-di-prodotto\/request-failed-with-status-code-506\/\">Arymi Hookalit 40000 treni<\/a> Acquistare sigarette elettroniche monouso:<\/strong><\/h3>\n<p>La <strong>Arymi Hookalit 40000 Z\u00fcge Einweg E-Zigarette \n\nbecomes \n\nArymi Hookalit 40000 tiri Sigaretta elettronica usa e getta<\/strong> Offre una serie di vantaggi eccezionali che la distinguono da altri prodotti sul mercato. Ecco alcuni motivi per cui questo prodotto dovrebbe essere la tua prima scelta:<\/p>\n<ol>\n<li><strong>Lunga durata di vita:<\/strong> Con una impressionante capacit\u00e0 di e-liquid di <strong>40ml<\/strong> e una quantit\u00e0 di burst fino a <strong>40.000 treni<\/strong> (MTL) \u00e8 uno delle e-cigarette monouso pi\u00f9 longeve sul mercato.<\/li>\n<li><strong>Versatilit\u00e0:<\/strong> La <strong>controllo del flusso d'aria regolabile<\/strong> e la possibilit\u00e0 di passare tra <strong>MTL e DL<\/strong> Per cambiare, offrono una grande flessibilit\u00e0 per diversi stili di svapo.<\/li>\n<li><strong>Comodo caricamento:<\/strong> Grazie alla <strong>Funzione di ricarica USB Type-C<\/strong> Potete caricare velocemente il dispositivo ed essere sempre pronti all'uso.<\/li>\n<li><strong>Aromi autentici per shisha:<\/strong> L'uso di veri aromi per shisha garantisce un'esperienza di gusto autentica e di alta qualit\u00e0.<\/li>\n<li><strong>Facile da usare:<\/strong> Con la <strong>Attivazione del treno<\/strong> \u00e8 davvero facile usare un dispositivo per la vaporizzazione ed \u00e8 necessario un minimo di istruzioni.<\/li>\n<li><strong>Eccellenti aromi:<\/strong> Soprattutto le <strong>Passione<\/strong> garantisce un'esperienza di svapo vivificante e rinfrescante.<\/li>\n<\/ol>\n<hr \/>\n<h3><strong>Domande frequenti (FAQ):<\/strong><\/h3>\n<h4><strong>Quanti tiri offre la sigaretta elettronica usa e getta Arymi Hookalit 40000?<\/strong><\/h4>\n<p>La <strong>Arymi Hookalit 40000 sigaretta elettronica monouso<\/strong> offre <strong>fino a 40.000 treni in modalit\u00e0 MTL<\/strong> e <strong>fino a 20.000 treni in modalit\u00e0 DL<\/strong>.<\/p>\n<h4><strong>2. Qual \u00e8 il livello di nicotina dell'Arymi Hookalit?<\/strong><\/h4>\n<p>Il dispositivo contiene <strong>0,5% Nicotina<\/strong> (5 mg\/ml), che offre un assorbimento equilibrato di nicotina per la maggior parte dei vapers.<\/p>\n<h4><strong>3. Posso ricaricare la sigaretta elettronica usa e getta Arymi Hookalit 40000?<\/strong><\/h4>\n<p>S\u00ec, le <strong>Arymi Hookalit 40000<\/strong> dispone di una <strong>batteria ricaricabile da 1300mAh<\/strong>che vanno oltre <strong>USB Type-C<\/strong> pu\u00f2 essere caricata (cavo di ricarica non incluso).<\/p>\n<h4><strong>Quali aromi sono disponibili?<\/strong><\/h4>\n<p>Attualmente offriamo il <strong>Passione<\/strong>-Aroma on, noto per la sua dolcezza fresca e fruttata. Potrebbero seguire altri aromi.<\/p>\n<h4><strong>5. Come posso acquistare Arymi Hookalit 40000?<\/strong><\/h4>\n<p>Visitate il nostro sito web<a href=\"https:\/\/alfakherwelt.de\/it\/\"> <strong>alfakherwelt.de<\/strong><\/a>la pi\u00f9 grande piattaforma online per <strong>Sigarette elettroniche monouso<\/strong> in <strong>Deutschland<\/strong>, e assicuri la sua <strong>Arymi Hookalit 40000 Z\u00fcge Einweg E-Zigarette \n\nbecomes \n\nArymi Hookalit 40000 tiri Sigaretta elettronica usa e getta<\/strong> ancora.<\/p>","protected":false},"excerpt":{"rendered":"<div class=\"flex-shrink-0 flex flex-col relative items-end\">\n<div class=\"pt-0\">\n<div class=\"gizmo-shadow-stroke flex h-8 w-8 items-center justify-center overflow-hidden rounded-full\">\n<div class=\"h-full w-full\">\n<div class=\"flex-shrink-0 flex flex-col relative items-end\">\n<div class=\"pt-0\">\n<div class=\"gizmo-shadow-stroke flex h-8 w-8 items-center justify-center overflow-hidden rounded-full\">\n<div class=\"h-full w-full\">\n<div class=\"gizmo-shadow-stroke overflow-hidden rounded-full\">\n<div class=\"flex-1 overflow-hidden\">\n<div class=\"h-full\">\n<div class=\"react-scroll-to-bottom--css-nphjn-79elbk h-full\">\n<div class=\"react-scroll-to-bottom--css-nphjn-1n7m0yu\">\n<div class=\"flex flex-col text-sm md:pb-9\">\n<article class=\"w-full scroll-mb-[var(--thread-trailing-height,150px)] text-token-text-primary focus-visible:outline-2 focus-visible:outline-offset-[-4px]\" dir=\"auto\" data-testid=\"conversation-turn-5\" data-scroll-anchor=\"true\">\n<div class=\"m-auto text-base py-[18px] px-3 md:px-4 w-full md:px-5 lg:px-4 xl:px-5\">\n<div class=\"mx-auto flex flex-1 gap-4 text-base md:gap-5 lg:gap-6 md:max-w-3xl lg:max-w-[40rem] xl:max-w-[48rem]\">\n<div class=\"group\/conversation-turn relative flex w-full min-w-0 flex-col agent-turn\">\n<div class=\"flex-col gap-1 md:gap-3\">\n<div class=\"flex max-w-full flex-col flex-grow\">\n<div class=\"min-h-8 text-message flex w-full flex-col items-end gap-2 whitespace-normal break-words [.text-message+&amp;]:mt-5\" dir=\"auto\" data-message-author-role=\"assistant\" data-message-id=\"1982dcee-f0f5-4cfa-a269-fdbaed43d922\" data-message-model-slug=\"gpt-4o\">\n<div class=\"flex w-full flex-col gap-1 empty:hidden first:pt-[3px]\">\n<div class=\"markdown prose w-full break-words dark:prose-invert light\">\n<div class=\"flex-1 overflow-hidden\">\n<div class=\"h-full\">\n<div class=\"react-scroll-to-bottom--css-xrsce-79elbk h-full\">\n<div class=\"react-scroll-to-bottom--css-xrsce-1n7m0yu\">\n<div class=\"flex flex-col text-sm md:pb-9\">\n<article class=\"w-full scroll-mb-[var(--thread-trailing-height,150px)] text-token-text-primary focus-visible:outline-2 focus-visible:outline-offset-[-4px]\" dir=\"auto\" data-testid=\"conversation-turn-5\" data-scroll-anchor=\"true\">\n<div class=\"m-auto text-base py-[18px] px-3 md:px-4 w-full md:px-5 lg:px-4 xl:px-5\">\n<div class=\"mx-auto flex flex-1 gap-4 text-base md:gap-5 lg:gap-6 md:max-w-3xl lg:max-w-[40rem] xl:max-w-[48rem]\">\n<div class=\"group\/conversation-turn relative flex w-full min-w-0 flex-col agent-turn\">\n<div class=\"flex-col gap-1 md:gap-3\">\n<div class=\"flex max-w-full flex-col flex-grow\">\n<div class=\"min-h-8 text-message flex w-full flex-col items-end gap-2 whitespace-normal break-words [.text-message+&amp;]:mt-5\" dir=\"auto\" data-message-author-role=\"assistant\" data-message-id=\"1a0c8d71-a6be-4cc9-b460-deb3e7ecbf47\" data-message-model-slug=\"gpt-4o\">\n<div class=\"flex w-full flex-col gap-1 empty:hidden first:pt-[3px]\">\n<div class=\"markdown prose w-full break-words dark:prose-invert light\">\n<div class=\"flex-1 overflow-hidden\">\n<div class=\"h-full\">\n<div class=\"react-scroll-to-bottom--css-gqbzc-79elbk h-full\">\n<div class=\"react-scroll-to-bottom--css-gqbzc-1n7m0yu\">\n<div class=\"flex flex-col text-sm md:pb-9\">\n<article class=\"w-full scroll-mb-[var(--thread-trailing-height,150px)] text-token-text-primary focus-visible:outline-2 focus-visible:outline-offset-[-4px]\" dir=\"auto\" data-testid=\"conversation-turn-5\" data-scroll-anchor=\"true\">\n<div class=\"m-auto text-base py-[18px] px-3 md:px-4 w-full md:px-5 lg:px-4 xl:px-5\">\n<div class=\"mx-auto flex flex-1 gap-4 text-base md:gap-5 lg:gap-6 md:max-w-3xl lg:max-w-[40rem] xl:max-w-[48rem]\">\n<div class=\"group\/conversation-turn relative flex w-full min-w-0 flex-col agent-turn\">\n<div class=\"flex-col gap-1 md:gap-3\">\n<div class=\"flex max-w-full flex-col flex-grow\">\n<div class=\"min-h-8 text-message flex w-full flex-col items-end gap-2 whitespace-normal break-words [.text-message+&amp;]:mt-5\" dir=\"auto\" data-message-author-role=\"assistant\" data-message-id=\"ca066132-0777-4603-995e-a689971b3380\" data-message-model-slug=\"gpt-4o\">\n<div class=\"flex w-full flex-col gap-1 empty:hidden first:pt-[3px]\">\n<div class=\"markdown prose w-full break-words dark:prose-invert light\">\n<div class=\"flex-1 overflow-hidden @container\/thread\">\n<div class=\"h-full\">\n<div class=\"react-scroll-to-bottom--css-rkqgb-79elbk h-full\">\n<div class=\"react-scroll-to-bottom--css-rkqgb-1n7m0yu\">\n<div class=\"flex flex-col text-sm md:pb-9\">\n<article class=\"w-full scroll-mb-[var(--thread-trailing-height,150px)] text-token-text-primary focus-visible:outline-2 focus-visible:outline-offset-[-4px]\" dir=\"auto\" data-testid=\"conversation-turn-9\" data-scroll-anchor=\"true\">\n<div class=\"m-auto text-base py-[18px] px-3 md:px-4 w-full md:px-5 lg:px-4 xl:px-5\">\n<div class=\"mx-auto flex flex-1 gap-4 text-base md:gap-5 lg:gap-6 md:max-w-3xl lg:max-w-[40rem] xl:max-w-[48rem]\">\n<div class=\"group\/conversation-turn relative flex w-full min-w-0 flex-col agent-turn\">\n<div class=\"flex-col gap-1 md:gap-3\">\n<div class=\"flex max-w-full flex-col flex-grow\">\n<div class=\"min-h-8 text-message flex w-full flex-col items-end gap-2 whitespace-normal break-words text-start [.text-message+&amp;]:mt-5\" dir=\"auto\" data-message-author-role=\"assistant\" data-message-id=\"87137e43-9a3e-4479-90ac-22c23781ee39\" data-message-model-slug=\"gpt-4o\">\n<div class=\"flex w-full flex-col gap-1 empty:hidden first:pt-[3px]\">\n<div class=\"markdown prose w-full break-words dark:prose-invert light\">\n<div class=\"flex-1 overflow-hidden @container\/thread\">\n<div class=\"h-full\">\n<div class=\"react-scroll-to-bottom--css-cgxka-79elbk h-full\">\n<div class=\"react-scroll-to-bottom--css-cgxka-1n7m0yu\">\n<div class=\"flex flex-col text-sm md:pb-9\">\n<article class=\"w-full scroll-mb-[var(--thread-trailing-height,150px)] text-token-text-primary focus-visible:outline-2 focus-visible:outline-offset-[-4px]\" dir=\"auto\" data-testid=\"conversation-turn-5\" data-scroll-anchor=\"true\">\n<div class=\"m-auto text-base py-[18px] px-3 md:px-4 w-full md:px-5 lg:px-4 xl:px-5\">\n<div class=\"mx-auto flex flex-1 gap-4 text-base md:gap-5 lg:gap-6 md:max-w-3xl lg:max-w-[40rem] xl:max-w-[48rem]\">\n<div class=\"group\/conversation-turn relative flex w-full min-w-0 flex-col agent-turn\">\n<div class=\"flex-col gap-1 md:gap-3\">\n<div class=\"flex max-w-full flex-col flex-grow\">\n<div class=\"min-h-8 text-message flex w-full flex-col items-end gap-2 whitespace-normal break-words text-start [.text-message+&amp;]:mt-5\" dir=\"auto\" data-message-author-role=\"assistant\" data-message-id=\"e1e13d20-b396-4dc4-abdf-40facc05c4de\" data-message-model-slug=\"gpt-4o\">\n<div class=\"flex w-full flex-col gap-1 empty:hidden first:pt-[3px]\">\n<div class=\"markdown prose w-full break-words dark:prose-invert light\">\n<p>La <strong>Arymi Hookalit 40000 Z\u00fcge Einweg E Zigarette \n\nbecomes \n\nArymi Hookalit 40000 tiri Sigaretta elettronica usa e getta<\/strong> offrono con la loro <strong>40 ml di capacit\u00e0 di e-liquid<\/strong>, <strong>1300 mAh batteria<\/strong>, <strong>40.000 treni<\/strong> per MTL, <strong>controllo del flusso d'aria regolabile<\/strong> e al <strong>frutto della passione autentico<\/strong>Un gusto duraturo e un'esperienza di svapo personalizzabile, perfetta per tutti i vaper in Germania.<\/p>\n<\/div>\n<\/div>\n<\/div>\n<\/div>\n<\/div>\n<\/div>\n<\/div>\n<\/div>\n<\/article>\n<\/div>\n<\/div>\n<\/div>\n<\/div>\n<\/div>\n<div class=\"md:pt-0 dark:border-white\/20 md:border-transparent md:dark:border-transparent w-full\">\n<div>\n<div class=\"m-auto text-base px-3 md:px-4 w-full md:px-5 lg:px-4 xl:px-5\">\n<div class=\"mx-auto flex flex-1 gap-4 text-base md:gap-5 lg:gap-6 md:max-w-3xl lg:max-w-[40rem] xl:max-w-[48rem]\">\n<div class=\"flex justify-center\"><\/div>\n<\/div>\n<\/div>\n<\/div>\n<\/div>\n<\/div>\n<\/div>\n<\/div>\n<\/div>\n<div class=\"pr-2 lg:pr-0\"><\/div>\n<\/div>\n<\/div>\n<\/div>\n<\/div>\n<\/article>\n<\/div>\n<\/div>\n<\/div>\n<\/div>\n<\/div>\n<\/div>\n<\/div>\n<\/div>\n<\/div>\n<\/div>\n<\/div>\n<\/div>\n<\/div>\n<\/article>\n<\/div>\n<\/div>\n<\/div>\n<\/div>\n<\/div>\n<\/div>\n<\/div>\n<\/div>\n<\/div>\n<\/div>\n<\/div>\n<\/div>\n<\/div>\n<\/article>\n<\/div>\n<\/div>\n<\/div>\n<\/div>\n<\/div>\n<\/div>\n<\/div>\n<\/div>\n<\/div>\n<div class=\"pr-2 lg:pr-0\"><\/div>\n<div class=\"mt-3 w-full empty:hidden\">\n<div class=\"text-center\"><\/div>\n<\/div>\n<\/div>\n<div class=\"absolute\">\n<div class=\"flex items-center justify-center\"><\/div>\n<\/div>\n<\/div>\n<\/div>\n<\/div>\n<\/article>\n<\/div>\n<\/div>\n<\/div>\n<\/div>\n<\/div>\n<div class=\"md:pt-0 dark:border-white\/20 md:border-transparent md:dark:border-transparent w-full\">\n<div>\n<div class=\"m-auto text-base px-3 md:px-4 w-full md:px-5 lg:px-4 xl:px-5\">\n<div class=\"mx-auto flex flex-1 gap-4 text-base md:gap-5 lg:gap-6 md:max-w-3xl lg:max-w-[40rem] xl:max-w-[48rem]\">\n<div class=\"flex justify-center\"><\/div>\n<\/div>\n<\/div>\n<\/div>\n<\/div>\n<\/div>\n<\/div>\n<\/div>\n<\/div>\n<\/div>\n<\/div>\n<\/div>\n<\/div>\n<\/div>","protected":false},"featured_media":2204,"comment_status":"open","ping_status":"closed","template":"","meta":[],"product_brand":[],"product_cat":[110],"product_tag":[],"class_list":{"0":"post-2202","1":"product","2":"type-product","3":"status-publish","4":"has-post-thumbnail","6":"product_cat-arymi-hookalit-40000","8":"first","9":"instock","10":"sale","11":"shipping-taxable","12":"purchasable","13":"product-type-simple"},"jetpack_sharing_enabled":true,"_links":{"self":[{"href":"https:\/\/alfakherwelt.de\/it\/wp-json\/wp\/v2\/product\/2202","targetHints":{"allow":["GET"]}}],"collection":[{"href":"https:\/\/alfakherwelt.de\/it\/wp-json\/wp\/v2\/product"}],"about":[{"href":"https:\/\/alfakherwelt.de\/it\/wp-json\/wp\/v2\/types\/product"}],"replies":[{"embeddable":true,"href":"https:\/\/alfakherwelt.de\/it\/wp-json\/wp\/v2\/comments?post=2202"}],"wp:featuredmedia":[{"embeddable":true,"href":"https:\/\/alfakherwelt.de\/it\/wp-json\/wp\/v2\/media\/2204"}],"wp:attachment":[{"href":"https:\/\/alfakherwelt.de\/it\/wp-json\/wp\/v2\/media?parent=2202"}],"wp:term":[{"taxonomy":"product_brand","embeddable":true,"href":"https:\/\/alfakherwelt.de\/it\/wp-json\/wp\/v2\/product_brand?post=2202"},{"taxonomy":"product_cat","embeddable":true,"href":"https:\/\/alfakherwelt.de\/it\/wp-json\/wp\/v2\/product_cat?post=2202"},{"taxonomy":"product_tag","embeddable":true,"href":"https:\/\/alfakherwelt.de\/it\/wp-json\/wp\/v2\/product_tag?post=2202"}],"curies":[{"name":"wp","href":"https:\/\/api.w.org\/{rel}","templated":true}]}}