{"id":2121,"date":"2025-01-24T10:39:08","date_gmt":"2025-01-24T10:39:08","guid":{"rendered":"https:\/\/alfakherwelt.de\/?post_type=product&#038;p=2121"},"modified":"2025-06-03T07:02:26","modified_gmt":"2025-06-03T07:02:26","slug":"al-fakher-crown-bar-8000-sbuffi-usa-e-getta-e-sigaretta-dolce-frutto-della-passione-39","status":"publish","type":"product","link":"https:\/\/alfakherwelt.de\/it\/prodotto\/al-fakher-crown-bar-8000-sbuffi-usa-e-getta-e-sigaretta-dolce-frutto-della-passione-39\/","title":{"rendered":"Arymi Hookalit 40000 Z\u00fcge Einweg E Zigarette \u2013 Mr. Blue \n\nbecomes \n\nArymi Hookalit 40000 tiri Sigaretta elettronica usa e getta - Mr. Blue"},"content":{"rendered":"<div style=\"width: 1020px;\" class=\"wp-video\"><video class=\"wp-video-shortcode\" id=\"video-2121-1\" width=\"1020\" height=\"574\" preload=\"metadata\" controls=\"controls\"><source type=\"video\/mp4\" src=\"https:\/\/alfakherwelt.de\/wp-content\/uploads\/2025\/01\/olit-95cbf118df2e173e3d559b72158922b9.mp4?_=1\" \/><a href=\"https:\/\/alfakherwelt.de\/wp-content\/uploads\/2025\/01\/olit-95cbf118df2e173e3d559b72158922b9.mp4\">https:\/\/alfakherwelt.de\/wp-content\/uploads\/2025\/01\/olit-95cbf118df2e173e3d559b72158922b9.mp4<\/a><\/video><\/div>\n<h2><a href=\"https:\/\/alfakherwelt.de\/it\/categoria-di-prodotto\/request-failed-with-status-code-506\/\">Arymi Hookalit 40000 treni<\/a> Sigaretta elettronica monouso: La scelta definitiva per gli appassionati di vaping in Germania<\/h2>\n<p>La <strong>Arymi Hookalit 40000 Z\u00fcge Einweg E-Zigarette \n\nbecomes \n\nArymi Hookalit 40000 tiri Sigaretta elettronica usa e getta<\/strong> \u00e8 il non plus ultra per tutti coloro che sono alla ricerca di un'esperienza di svapo potente, facile da usare e piacevole. Con un'impressionante <strong>40 ml di capacit\u00e0 di e-liquid<\/strong> e offre una variet\u00e0 di funzioni innovative, questo modello offre tutto ci\u00f2 che ci si aspetta da una moderna sigaretta elettronica usa e getta. Soprattutto in Germania, queste godono di grande popolarit\u00e0 <strong>Sigarette elettroniche monouso con nicotina<\/strong> sempre maggiore popolarit\u00e0, e le <strong>Arymi Hookalit 40000<\/strong> stabilisce nuovi standard. In questo articolo scoprirete tutto ci\u00f2 che c'\u00e8 da sapere su questa eccezionale e-cigarette e perch\u00e9 dovreste cambiare la vostra <strong>Acquistare vape<\/strong> dovrebbero.<\/p>\n<hr \/>\n<h3>Descrizione del prodotto: Svapo senza compromessi sotto ogni aspetto<\/h3>\n<p>La <strong>Arymi Hookalit 40000 Z\u00fcge Einweg E-Zigarette \n\nbecomes \n\nArymi Hookalit 40000 tiri Sigaretta elettronica usa e getta<\/strong> combina tecnologie innovative con un'eccezionale facilit\u00e0 d'uso. Queste <strong>Sigaretta elettronica usa e getta<\/strong> convincenti con uno <strong>enorme capacit\u00e0 di E-Liquid<\/strong> da <strong>40ml<\/strong>una notevole quantit\u00e0 per l'utente <strong>40.000 treni<\/strong> (o con MTL) o 20.000 tiri (con DL) . \u00c8 quindi la scelta ideale per i vapers di lunga durata che non vogliono compromettere. Questa <strong>Sigaretta elettronica con nicotina<\/strong> contiene <strong>5mg\/ml nicotina<\/strong> e garantisce un effetto nicotinico pieno e soddisfacente - ideale per i fumatori che vogliono passare alla vaporizzazione.<\/p>\n<p>Grazie al <strong>integriati 1300mAh batteria<\/strong> e il <strong>Funzione di ricarica USB di tipo C<\/strong> Il dispositivo \u00e8 particolarmente durevole e si ricarica velocemente. Il dispositivo pu\u00f2 essere utilizzato sia nel <strong>MTL (Mouth To Lung)<\/strong> come anche nel <strong>DL (Polmone Diretto)<\/strong> Modalit\u00e0 utilizzata, in modo che sia adatta a tutti i tipi di vaporizzatori, sia che tu sia un principiante o un utente esperto.<\/p>\n<p>Con la <strong>0,6ohm Lit Mesh Coil<\/strong> e al <strong>Straw-like Drip Tip<\/strong> Sperimentate una costante, piacevole trazione che bilancia sia la <strong>MTL- e DL-Modalit\u00e0<\/strong> perfezione supportati. Inoltre, potete attraverso la <strong>controllo del flusso d'aria regolabile<\/strong> regolare il flusso d'aria a proprio piacimento per ottenere l'esperienza di svapo ottimale. La <strong>visualizzazione digitale<\/strong> garantisce un facile controllo delle impostazioni, in modo da sapere sempre quanta energia \u00e8 rimasta nella batteria.<\/p>\n<hr \/>\n<h3>Caratteristiche del prodotto in dettaglio<\/h3>\n<ul>\n<li><strong>40 ml di capacit\u00e0 di e-liquid<\/strong>: Enorme quantit\u00e0 di liquido per un piacere duraturo.<\/li>\n<li><strong>1300mAh batteria integrata<\/strong>Per una lunga durata di utilizzo senza ricariche continue.<\/li>\n<li><strong>Numero di treni<\/strong>: Ca. 40.000 treni in modalit\u00e0 MTL e 20.000 treni in modalit\u00e0 DL.<\/li>\n<li><strong>0,6ohm Mesh Coil<\/strong>Per un gusto uniforme ed intenso.<\/li>\n<li><strong>Straw-like Drip Tip<\/strong>: Aumenta il comfort durante la vaporizzazione e migliora l'esperienza del bocchino.<\/li>\n<li><strong>Controllo del flusso d'aria regolabile<\/strong>Ottimizzare il flusso d'aria per l'effetto di vapore desiderato.<\/li>\n<li><strong>0,5% Nicotina (5mg\/ml)<\/strong>Ideale per gli utenti che preferiscono un assorbimento moderato di nicotina.<\/li>\n<li><strong>Aromi autentici per shisha<\/strong>: Perfetto per vaporizzatori DTL (Direct To Lung).<\/li>\n<li><strong>Connettore di ricarica USB di tipo C<\/strong>: Ricarica rapida e facile.<\/li>\n<li><strong>Disegno-Attivato<\/strong>: Attivazione tramite semplice trascinamento, nessuna pressione del pulsante richiesta.<\/li>\n<\/ul>\n<hr \/>\n<h3>Profilo di sapore: un'esperienza gustativa di alta classe<\/h3>\n<p>La <strong><a href=\"https:\/\/alfakherwelt.de\/it\/categoria-di-prodotto\/request-failed-with-status-code-506\/\">Arymi Hookalit 40000 treni<\/a> Sigaretta elettronica usa e getta<\/strong> offre una vasta selezione di prodotti unici e autentici <strong>Sapori per narghil\u00e8<\/strong>che elevano la tua esperienza di svapo a un nuovo livello. Da sottolineare in particolare il <strong>Sig. Blue<\/strong>Un sapore che diventa il favorito assoluto per molti svapatori.<\/p>\n<p>Il <strong>Sig. Blue<\/strong>Il gusto combina i sapori fruttati di frutti di bosco freschi, agrumi succosi e un tocco di mentolo. La nota di frutti di bosco non \u00e8 solo dolce e intensa, ma anche rinfrescante, il che rende il gusto particolarmente vivido e armonioso. Il tocco di limone porta un'acidit\u00e0 piacevole, che si armonizza perfettamente con i dolci frutti di bosco e completa il quadro generale. La percentuale di mentolo assicura una freschezza rinfrescante e un finale fresco, che rende il gusto un'esperienza rinfrescante e rivitalizzante.<\/p>\n<p>Questo unico <strong>Profilo di sapore<\/strong> \u00e8 ideale per i vaporizzatori che cercano una combinazione di sapori complessa ma ben bilanciata. L'esperienza di gusto permane a lungo in bocca e garantisce una freschezza intensa, tuttavia non soverchiante. Si adatta particolarmente bene il <strong>Sig. Blue<\/strong>Gusto per i vaporizzatori im <strong>Modalit\u00e0 DL<\/strong>poich\u00e9 i sapori risultano ancora pi\u00f9 intensi a causa della maggiore quantit\u00e0 d'aria e della maggiore portata di vapore.<\/p>\n<hr \/>\n<h3>Perch\u00e9 dovreste <a href=\"https:\/\/alfakherwelt.de\/it\/categoria-di-prodotto\/request-failed-with-status-code-506\/\">Arymi Hookalit 40000<\/a> Sigaretta elettronica usa e getta acquistare?<\/h3>\n<p>La <strong>Arymi Hookalit 40000 Z\u00fcge Einweg E-Zigarette \n\nbecomes \n\nArymi Hookalit 40000 tiri Sigaretta elettronica usa e getta<\/strong> Offre una serie di vantaggi che la rendono una scelta di prim'ordine per ogni fumatore di sigarette elettroniche. Ecco i motivi per cui dovresti assolutamente comprare questa sigaretta elettronica:<\/p>\n<h4>1. <strong>Longevit\u00e0 e capacit\u00e0<\/strong><\/h4>\n<p>Con una capacit\u00e0 di 40 ml e un numero di tiri fino a 40.000 tiri in modalit\u00e0 MTL o 20.000 tiri in modalit\u00e0 DL, questa sigaretta elettronica \u00e8 ideale per i vapers di lunga durata che sono spesso in viaggio o che vogliono evitare di rabboccare il liquido e cambiare i pod.<\/p>\n<h4>2. <strong>Facilit\u00e0 d'uso<\/strong><\/h4>\n<p>Grazie alla <strong>Disegno-Attivato<\/strong>La funzione rende il vaping facile come tirare una sigaretta tradizionale. Nessun pulsante, nessuna impostazione complicata - basta tirare e godere!<\/p>\n<h4>3. <strong>Flusso d'aria regolabile individualmente<\/strong><\/h4>\n<p>Con la <strong>controllo del flusso d'aria regolabile<\/strong> possono adattare il vaping completamente alle loro preferenze. Sia che vogliano il morbido <strong>MTL-Genuss<\/strong> o il robusto <strong>DL-Stream<\/strong> preferiscono, le <strong>Arymi Hookalit 40000<\/strong> non lascia alcun desiderio insoddisfatto.<\/p>\n<h4>4. <strong>Ricarica rapida<\/strong><\/h4>\n<p>Con la <strong>USB Tipo-C<\/strong>-La funzione di ricarica rapida consente di ricaricare velocemente il dispositivo, in modo da non dover fare lunghe pause tra una sessione di svapo e l'altra.<\/p>\n<h4>5. <strong>Aromi di prima classe<\/strong><\/h4>\n<p>La <strong>Aromi per narghil\u00e8<\/strong> Sono autentiche e offrono un'esperienza di svapo unica e distintiva rispetto ad altre sigarette elettroniche usa e getta.<\/p>\n<hr \/>\n<h3>Domande frequenti (FAQ)<\/h3>\n<h4>La Arymi Hookalit 40000 \u00e8 una sigaretta elettronica usa e getta. In Germania, le sigarette elettroniche sono regolamentate dalla legge sul tabacco e sugli articoli del tabacco (Tabakerzeugnisgesetz, TEG). Secondo la legge tedesca, le sigarette elettroniche sono considerate prodotti del tabacco e sono soggette a determinate restrizioni.\n\nDal 1\u00b0 luglio 2022, la legge tedesca vieta la vendita di sigarette elettroniche usa e getta con un contenuto di nicotina superiore a 20 mg\/ml. Inoltre, le sigarette elettroniche devono avere un sistema di sicurezza per evitare la fuoriuscita di liquido e devono essere etichettate con informazioni sulla salute e sui rischi associati all'uso.\n\nPer quanto riguarda la Arymi Hookalit 40000, non sono riuscito a trovare informazioni specifiche sulla sua composizione e sul suo contenuto di nicotina. Tuttavia, se la Arymi Hookalit 40000 \u00e8 una sigaretta elettronica usa e getta con un contenuto di nicotina superiore a 20 mg\/ml, la sua vendita potrebbe essere vietata in Germania.\n\nIn ogni caso, ti consiglio di consultare il sito web dell'ente regolatore tedesco per i prodotti del tabacco (Bundesministerium f\u00fcr Ern\u00e4hrung und Landwirtschaft, BMEL) o di contattare direttamente il produttore per ottenere informazioni pi\u00f9 dettagliate sulla legalit\u00e0 della Arymi Hookalit 40000 in Germania.<\/h4>\n<p>S\u00ec, le <strong>Arymi Hookalit 40000<\/strong> risponde a tutte le norme vigenti in Germania ed \u00e8 quindi completamente legale.<\/p>\n<h4>Quanto dura la batteria?<\/h4>\n<p>La batteria ha una capacit\u00e0 di <strong>1300mAh<\/strong> e consente un utilizzo prolungato, a seconda dello stile di vaporizzazione. Con un uso regolare, il dispositivo pu\u00f2 durare diversi giorni fino a settimane.<\/p>\n<h4>Devo fare il pieno?<\/h4>\n<p>No, le <a href=\"https:\/\/alfakherwelt.de\/it\/categoria-di-prodotto\/request-failed-with-status-code-506\/\"><strong>Arymi Hookalit 40000<\/strong><\/a> \u00e8 una <strong>Sigaretta elettronica usa e getta<\/strong>che significa che il serbatoio dell'e-liquid non deve essere riempito dopo l'uso.<\/p>\n<h4>La e-cigarette \u00e8 adatta ai principianti?<\/h4>\n<p>S\u00ec, le <strong>Arymi Hookalit 40000<\/strong> \u00e8 grazie a loro <strong>Disegno-Attivato<\/strong>\u00c8 adatto anche per i principianti grazie alla sua funzione e al controllo facile da usare.<\/p>\n<hr \/>\n<p>Per il massimo piacere del vapore in Germania, si dovrebbe <strong>Arymi Hookalit 40000 Z\u00fcge Einweg E-Zigarette \n\nbecomes \n\nArymi Hookalit 40000 tiri Sigaretta elettronica usa e getta<\/strong> ora su <a href=\"https:\/\/alfakherwelt.de\/it\/\"><strong>alfakherwelt.de<\/strong><\/a> acquistare. Come la pi\u00f9 grande piattaforma online per <strong>Sigarette elettroniche monouso con nicotina<\/strong> In Germania offriamo solo i migliori prodotti e un eccellente servizio clienti.<\/p>","protected":false},"excerpt":{"rendered":"<div class=\"flex-shrink-0 flex flex-col relative items-end\">\n<div class=\"pt-0\">\n<div class=\"gizmo-shadow-stroke flex h-8 w-8 items-center justify-center overflow-hidden rounded-full\">\n<div class=\"h-full w-full\">\n<div class=\"flex-shrink-0 flex flex-col relative items-end\">\n<div class=\"pt-0\">\n<div class=\"gizmo-shadow-stroke flex h-8 w-8 items-center justify-center overflow-hidden rounded-full\">\n<div class=\"h-full w-full\">\n<div class=\"gizmo-shadow-stroke overflow-hidden rounded-full\">\n<div class=\"flex-1 overflow-hidden\">\n<div class=\"h-full\">\n<div class=\"react-scroll-to-bottom--css-nphjn-79elbk h-full\">\n<div class=\"react-scroll-to-bottom--css-nphjn-1n7m0yu\">\n<div class=\"flex flex-col text-sm md:pb-9\">\n<article class=\"w-full scroll-mb-[var(--thread-trailing-height,150px)] text-token-text-primary focus-visible:outline-2 focus-visible:outline-offset-[-4px]\" dir=\"auto\" data-testid=\"conversation-turn-5\" data-scroll-anchor=\"true\">\n<div class=\"m-auto text-base py-[18px] px-3 md:px-4 w-full md:px-5 lg:px-4 xl:px-5\">\n<div class=\"mx-auto flex flex-1 gap-4 text-base md:gap-5 lg:gap-6 md:max-w-3xl lg:max-w-[40rem] xl:max-w-[48rem]\">\n<div class=\"group\/conversation-turn relative flex w-full min-w-0 flex-col agent-turn\">\n<div class=\"flex-col gap-1 md:gap-3\">\n<div class=\"flex max-w-full flex-col flex-grow\">\n<div class=\"min-h-8 text-message flex w-full flex-col items-end gap-2 whitespace-normal break-words [.text-message+&amp;]:mt-5\" dir=\"auto\" data-message-author-role=\"assistant\" data-message-id=\"1982dcee-f0f5-4cfa-a269-fdbaed43d922\" data-message-model-slug=\"gpt-4o\">\n<div class=\"flex w-full flex-col gap-1 empty:hidden first:pt-[3px]\">\n<div class=\"markdown prose w-full break-words dark:prose-invert light\">\n<div class=\"flex-1 overflow-hidden\">\n<div class=\"h-full\">\n<div class=\"react-scroll-to-bottom--css-xrsce-79elbk h-full\">\n<div class=\"react-scroll-to-bottom--css-xrsce-1n7m0yu\">\n<div class=\"flex flex-col text-sm md:pb-9\">\n<article class=\"w-full scroll-mb-[var(--thread-trailing-height,150px)] text-token-text-primary focus-visible:outline-2 focus-visible:outline-offset-[-4px]\" dir=\"auto\" data-testid=\"conversation-turn-5\" data-scroll-anchor=\"true\">\n<div class=\"m-auto text-base py-[18px] px-3 md:px-4 w-full md:px-5 lg:px-4 xl:px-5\">\n<div class=\"mx-auto flex flex-1 gap-4 text-base md:gap-5 lg:gap-6 md:max-w-3xl lg:max-w-[40rem] xl:max-w-[48rem]\">\n<div class=\"group\/conversation-turn relative flex w-full min-w-0 flex-col agent-turn\">\n<div class=\"flex-col gap-1 md:gap-3\">\n<div class=\"flex max-w-full flex-col flex-grow\">\n<div class=\"min-h-8 text-message flex w-full flex-col items-end gap-2 whitespace-normal break-words [.text-message+&amp;]:mt-5\" dir=\"auto\" data-message-author-role=\"assistant\" data-message-id=\"1a0c8d71-a6be-4cc9-b460-deb3e7ecbf47\" data-message-model-slug=\"gpt-4o\">\n<div class=\"flex w-full flex-col gap-1 empty:hidden first:pt-[3px]\">\n<div class=\"markdown prose w-full break-words dark:prose-invert light\">\n<div class=\"flex-1 overflow-hidden\">\n<div class=\"h-full\">\n<div class=\"react-scroll-to-bottom--css-gqbzc-79elbk h-full\">\n<div class=\"react-scroll-to-bottom--css-gqbzc-1n7m0yu\">\n<div class=\"flex flex-col text-sm md:pb-9\">\n<article class=\"w-full scroll-mb-[var(--thread-trailing-height,150px)] text-token-text-primary focus-visible:outline-2 focus-visible:outline-offset-[-4px]\" dir=\"auto\" data-testid=\"conversation-turn-5\" data-scroll-anchor=\"true\">\n<div class=\"m-auto text-base py-[18px] px-3 md:px-4 w-full md:px-5 lg:px-4 xl:px-5\">\n<div class=\"mx-auto flex flex-1 gap-4 text-base md:gap-5 lg:gap-6 md:max-w-3xl lg:max-w-[40rem] xl:max-w-[48rem]\">\n<div class=\"group\/conversation-turn relative flex w-full min-w-0 flex-col agent-turn\">\n<div class=\"flex-col gap-1 md:gap-3\">\n<div class=\"flex max-w-full flex-col flex-grow\">\n<div class=\"min-h-8 text-message flex w-full flex-col items-end gap-2 whitespace-normal break-words [.text-message+&amp;]:mt-5\" dir=\"auto\" data-message-author-role=\"assistant\" data-message-id=\"ca066132-0777-4603-995e-a689971b3380\" data-message-model-slug=\"gpt-4o\">\n<div class=\"flex w-full flex-col gap-1 empty:hidden first:pt-[3px]\">\n<div class=\"markdown prose w-full break-words dark:prose-invert light\">\n<div class=\"flex-1 overflow-hidden @container\/thread\">\n<div class=\"h-full\">\n<div class=\"react-scroll-to-bottom--css-rkqgb-79elbk h-full\">\n<div class=\"react-scroll-to-bottom--css-rkqgb-1n7m0yu\">\n<div class=\"flex flex-col text-sm md:pb-9\">\n<article class=\"w-full scroll-mb-[var(--thread-trailing-height,150px)] text-token-text-primary focus-visible:outline-2 focus-visible:outline-offset-[-4px]\" dir=\"auto\" data-testid=\"conversation-turn-9\" data-scroll-anchor=\"true\">\n<div class=\"m-auto text-base py-[18px] px-3 md:px-4 w-full md:px-5 lg:px-4 xl:px-5\">\n<div class=\"mx-auto flex flex-1 gap-4 text-base md:gap-5 lg:gap-6 md:max-w-3xl lg:max-w-[40rem] xl:max-w-[48rem]\">\n<div class=\"group\/conversation-turn relative flex w-full min-w-0 flex-col agent-turn\">\n<div class=\"flex-col gap-1 md:gap-3\">\n<div class=\"flex max-w-full flex-col flex-grow\">\n<div class=\"min-h-8 text-message flex w-full flex-col items-end gap-2 whitespace-normal break-words text-start [.text-message+&amp;]:mt-5\" dir=\"auto\" data-message-author-role=\"assistant\" data-message-id=\"87137e43-9a3e-4479-90ac-22c23781ee39\" data-message-model-slug=\"gpt-4o\">\n<div class=\"flex w-full flex-col gap-1 empty:hidden first:pt-[3px]\">\n<div class=\"markdown prose w-full break-words dark:prose-invert light\">\n<div class=\"flex-1 overflow-hidden @container\/thread\">\n<div class=\"h-full\">\n<div class=\"react-scroll-to-bottom--css-cgxka-79elbk h-full\">\n<div class=\"react-scroll-to-bottom--css-cgxka-1n7m0yu\">\n<div class=\"flex flex-col text-sm md:pb-9\">\n<article class=\"w-full scroll-mb-[var(--thread-trailing-height,150px)] text-token-text-primary focus-visible:outline-2 focus-visible:outline-offset-[-4px]\" dir=\"auto\" data-testid=\"conversation-turn-5\" data-scroll-anchor=\"true\">\n<div class=\"m-auto text-base py-[18px] px-3 md:px-4 w-full md:px-5 lg:px-4 xl:px-5\">\n<div class=\"mx-auto flex flex-1 gap-4 text-base md:gap-5 lg:gap-6 md:max-w-3xl lg:max-w-[40rem] xl:max-w-[48rem]\">\n<div class=\"group\/conversation-turn relative flex w-full min-w-0 flex-col agent-turn\">\n<div class=\"flex-col gap-1 md:gap-3\">\n<div class=\"flex max-w-full flex-col flex-grow\">\n<div class=\"min-h-8 text-message flex w-full flex-col items-end gap-2 whitespace-normal break-words text-start [.text-message+&amp;]:mt-5\" dir=\"auto\" data-message-author-role=\"assistant\" data-message-id=\"e1e13d20-b396-4dc4-abdf-40facc05c4de\" data-message-model-slug=\"gpt-4o\">\n<div class=\"flex w-full flex-col gap-1 empty:hidden first:pt-[3px]\">\n<div class=\"markdown prose w-full break-words dark:prose-invert light\">\n<p>La <strong>Arymi Hookalit 40000 Z\u00fcge Einweg E-Zigarette \n\nbecomes \n\nArymi Hookalit 40000 tiri Sigaretta elettronica usa e getta<\/strong> offre con una generosa <strong>40 ml di capacit\u00e0 di e-liquid<\/strong>uno <strong>1300mAh<\/strong> Batteria e <strong>fino a 40.000 tiri<\/strong> un'esperienza di vapore eccezionale con autentici <strong>Aromi per narghil\u00e8<\/strong> und einstellbarem Luftstrom f\u00fcr eine individuelle Dampferfahrung in Deutschland.<\/p>\n<\/div>\n<\/div>\n<\/div>\n<\/div>\n<\/div>\n<\/div>\n<\/div>\n<\/div>\n<\/article>\n<\/div>\n<\/div>\n<\/div>\n<\/div>\n<\/div>\n<div class=\"md:pt-0 dark:border-white\/20 md:border-transparent md:dark:border-transparent w-full\">\n<div>\n<div class=\"m-auto text-base px-3 md:px-4 w-full md:px-5 lg:px-4 xl:px-5\">\n<div class=\"mx-auto flex flex-1 gap-4 text-base md:gap-5 lg:gap-6 md:max-w-3xl lg:max-w-[40rem] xl:max-w-[48rem]\">\n<div class=\"flex justify-center\"><\/div>\n<\/div>\n<\/div>\n<\/div>\n<\/div>\n<\/div>\n<\/div>\n<\/div>\n<\/div>\n<div class=\"pr-2 lg:pr-0\"><\/div>\n<\/div>\n<\/div>\n<\/div>\n<\/div>\n<\/article>\n<\/div>\n<\/div>\n<\/div>\n<\/div>\n<\/div>\n<\/div>\n<\/div>\n<\/div>\n<\/div>\n<\/div>\n<\/div>\n<\/div>\n<\/div>\n<\/article>\n<\/div>\n<\/div>\n<\/div>\n<\/div>\n<\/div>\n<\/div>\n<\/div>\n<\/div>\n<\/div>\n<\/div>\n<\/div>\n<\/div>\n<\/div>\n<\/article>\n<\/div>\n<\/div>\n<\/div>\n<\/div>\n<\/div>\n<\/div>\n<\/div>\n<\/div>\n<\/div>\n<div class=\"pr-2 lg:pr-0\"><\/div>\n<div class=\"mt-3 w-full empty:hidden\">\n<div class=\"text-center\"><\/div>\n<\/div>\n<\/div>\n<div class=\"absolute\">\n<div class=\"flex items-center justify-center\"><\/div>\n<\/div>\n<\/div>\n<\/div>\n<\/div>\n<\/article>\n<\/div>\n<\/div>\n<\/div>\n<\/div>\n<\/div>\n<div class=\"md:pt-0 dark:border-white\/20 md:border-transparent md:dark:border-transparent w-full\">\n<div>\n<div class=\"m-auto text-base px-3 md:px-4 w-full md:px-5 lg:px-4 xl:px-5\">\n<div class=\"mx-auto flex flex-1 gap-4 text-base md:gap-5 lg:gap-6 md:max-w-3xl lg:max-w-[40rem] xl:max-w-[48rem]\">\n<div class=\"flex justify-center\"><\/div>\n<\/div>\n<\/div>\n<\/div>\n<\/div>\n<\/div>\n<\/div>\n<\/div>\n<\/div>\n<\/div>\n<\/div>\n<\/div>\n<\/div>\n<\/div>","protected":false},"featured_media":2123,"comment_status":"open","ping_status":"closed","template":"","meta":[],"product_brand":[],"product_cat":[110],"product_tag":[],"class_list":{"0":"post-2121","1":"product","2":"type-product","3":"status-publish","4":"has-post-thumbnail","6":"product_cat-arymi-hookalit-40000","8":"first","9":"instock","10":"sale","11":"shipping-taxable","12":"purchasable","13":"product-type-simple"},"jetpack_sharing_enabled":true,"_links":{"self":[{"href":"https:\/\/alfakherwelt.de\/it\/wp-json\/wp\/v2\/product\/2121","targetHints":{"allow":["GET"]}}],"collection":[{"href":"https:\/\/alfakherwelt.de\/it\/wp-json\/wp\/v2\/product"}],"about":[{"href":"https:\/\/alfakherwelt.de\/it\/wp-json\/wp\/v2\/types\/product"}],"replies":[{"embeddable":true,"href":"https:\/\/alfakherwelt.de\/it\/wp-json\/wp\/v2\/comments?post=2121"}],"wp:featuredmedia":[{"embeddable":true,"href":"https:\/\/alfakherwelt.de\/it\/wp-json\/wp\/v2\/media\/2123"}],"wp:attachment":[{"href":"https:\/\/alfakherwelt.de\/it\/wp-json\/wp\/v2\/media?parent=2121"}],"wp:term":[{"taxonomy":"product_brand","embeddable":true,"href":"https:\/\/alfakherwelt.de\/it\/wp-json\/wp\/v2\/product_brand?post=2121"},{"taxonomy":"product_cat","embeddable":true,"href":"https:\/\/alfakherwelt.de\/it\/wp-json\/wp\/v2\/product_cat?post=2121"},{"taxonomy":"product_tag","embeddable":true,"href":"https:\/\/alfakherwelt.de\/it\/wp-json\/wp\/v2\/product_tag?post=2121"}],"curies":[{"name":"wp","href":"https:\/\/api.w.org\/{rel}","templated":true}]}}