{"id":1826,"date":"2025-01-06T07:18:40","date_gmt":"2025-01-06T07:18:40","guid":{"rendered":"https:\/\/alfakherwelt.de\/?post_type=product&#038;p=1826"},"modified":"2025-07-26T09:39:44","modified_gmt":"2025-07-26T09:39:44","slug":"al-fakher-crown-bar-8000-sbuffi-usa-e-getta-e-sigaretta-dolce-frutto-della-passione-126","status":"publish","type":"product","link":"https:\/\/alfakherwelt.de\/it\/prodotto\/al-fakher-crown-bar-8000-sbuffi-usa-e-getta-e-sigaretta-dolce-frutto-della-passione-126\/","title":{"rendered":"Magic Bar Alpha 20000 Z\u00fcge Einweg E-Zigarette \u2013 Frutto di Lampone e Anguria"},"content":{"rendered":"<div class=\"flex-1 overflow-hidden @container\/thread\">\n<div class=\"h-full\">\n<div class=\"react-scroll-to-bottom--css-idjtv-79elbk h-full\">\n<div class=\"react-scroll-to-bottom--css-idjtv-1n7m0yu\">\n<div class=\"flex flex-col text-sm md:pb-9\">\n<article class=\"w-full scroll-mb-[var(--thread-trailing-height,150px)] text-token-text-primary focus-visible:outline-2 focus-visible:outline-offset-[-4px]\" dir=\"auto\" data-testid=\"conversation-turn-3\" data-scroll-anchor=\"true\">\n<div class=\"m-auto text-base py-[18px] px-3 md:px-4 w-full md:px-5 lg:px-4 xl:px-5\">\n<div class=\"mx-auto flex flex-1 gap-4 text-base md:gap-5 lg:gap-6 md:max-w-3xl lg:max-w-[40rem] xl:max-w-[48rem]\">\n<div class=\"group\/conversation-turn relative flex w-full min-w-0 flex-col agent-turn\">\n<div class=\"flex-col gap-1 md:gap-3\">\n<div class=\"flex max-w-full flex-col flex-grow\">\n<div class=\"min-h-8 text-message flex w-full flex-col items-end gap-2 whitespace-normal break-words text-start [.text-message+&amp;]:mt-5\" dir=\"auto\" data-message-author-role=\"assistant\" data-message-id=\"7c923f34-4235-4306-a3a8-cdf771c049c4\" data-message-model-slug=\"gpt-4o\">\n<div class=\"flex w-full flex-col gap-1 empty:hidden first:pt-[3px]\">\n<div class=\"markdown prose w-full break-words dark:prose-invert light\">\n<h2><img loading=\"lazy\" decoding=\"async\" class=\"alignnone wp-image-1770 size-full\" src=\"https:\/\/alfakherwelt.de\/wp-content\/uploads\/2025\/01\/3Magic-Bar-Alpha-20000-scaled.webp\" alt=\"Magic Bar Alpha 20000 Tiri Sigaretta Elettronica Monouso - Framboise Anguria\" width=\"2560\" height=\"2560\" title=\"\" srcset=\"https:\/\/alfakherwelt.de\/wp-content\/uploads\/2025\/01\/3Magic-Bar-Alpha-20000-scaled.webp 2560w, https:\/\/alfakherwelt.de\/wp-content\/uploads\/2025\/01\/3Magic-Bar-Alpha-20000-300x300.webp 300w, https:\/\/alfakherwelt.de\/wp-content\/uploads\/2025\/01\/3Magic-Bar-Alpha-20000-1024x1024.webp 1024w, https:\/\/alfakherwelt.de\/wp-content\/uploads\/2025\/01\/3Magic-Bar-Alpha-20000-150x150.webp 150w, https:\/\/alfakherwelt.de\/wp-content\/uploads\/2025\/01\/3Magic-Bar-Alpha-20000-768x768.webp 768w, https:\/\/alfakherwelt.de\/wp-content\/uploads\/2025\/01\/3Magic-Bar-Alpha-20000-1536x1536.webp 1536w, https:\/\/alfakherwelt.de\/wp-content\/uploads\/2025\/01\/3Magic-Bar-Alpha-20000-2048x2048.webp 2048w, https:\/\/alfakherwelt.de\/wp-content\/uploads\/2025\/01\/3Magic-Bar-Alpha-20000-12x12.webp 12w, https:\/\/alfakherwelt.de\/wp-content\/uploads\/2025\/01\/3Magic-Bar-Alpha-20000-600x600.webp 600w, https:\/\/alfakherwelt.de\/wp-content\/uploads\/2025\/01\/3Magic-Bar-Alpha-20000-100x100.webp 100w\" sizes=\"auto, (max-width: 2560px) 100vw, 2560px\" \/><\/h2>\n<h2><strong><a href=\"https:\/\/alfakherwelt.de\/it\/categoria-di-prodotto\/request-failed-with-status-code-547\/\">Magic Bar Alpha 20000 Z\u00fcge \n\nbecomes \n\nMagic Bar Alpha 20000 Tiri<\/a> Sigaretta usa e getta - Il futuro della vaporizzazione<\/strong><\/h2>\n<p>Benvenuti nel mondo della tecnologia definitiva delle e-cigarette con la <em>Magic Bar Alpha 20000 Z\u00fcge Einweg E Zigarette \ntraduce a:\n Magic Bar Alpha 20000 tiri Sigaretta elettronica usa e getta<\/em>Se stai cercando una sigaretta elettronica di alta qualit\u00e0, potente e dal gusto unico, che puoi trovare esclusivamente in Germania su alfakherwelt.de, allora la Magic Bar Alpha 20k \u00e8 esattamente ci\u00f2 di cui hai bisogno. Con fino a 20.000 tiri e una variet\u00e0 di caratteristiche notevoli, questo modello stabilisce nuovi standard per il mercato del vaping. Scopri ora perch\u00e9 la sigaretta elettronica Magic Bar Alpha 20000 tiri \u00e8 la scelta perfetta per gli svapatori esigenti.<\/p>\n<hr \/>\n<h3><strong>Descrizione del prodotto: Magic Bar Alpha 20000 tiri Sigaretta elettronica usa e getta<\/strong><\/h3>\n<p>La <em>Magic Bar Alpha 20000 Z\u00fcge Einweg E Zigarette \ntraduce a:\n Magic Bar Alpha 20000 tiri Sigaretta elettronica usa e getta<\/em> \u00c8 la soluzione ideale per i fumatori di vaporizzatori che cercano un'esperienza di vaping lunga, intensa e semplice. Combina tecnologia avanzata, facile utilizzo e uniche esperienze di gusto in un dispositivo. Sia che tu sia un fumatore di vaporizzatori esperto o che tu stia appena iniziando, questa sigaretta elettronica usa e getta superer\u00e0 le tue aspettative.<\/p>\n<h4><strong>Design e lavorazione<\/strong><\/h4>\n<p>Con una dimensione compatta di 40 x 29 x 110 mm e un peso di soli 110 g, la Magic Bar Alpha 20k offre un comfort eccezionale. La presa ergonomica garantisce che la vaporizzazione sia piacevole e facile, mentre il design snello fa s\u00ec che la sigaretta elettronica possa essere facilmente ripiegata in qualsiasi tasca. Puoi portare con te la sigaretta elettronica usa e getta Magic Bar Alpha 20000 puff ovunque - ideale per essere sempre in movimento.<\/p>\n<h4><strong>Tecnologia e prestazioni di alta gamma<\/strong><\/h4>\n<p>La Magic Bar Alpha utilizza la tecnologia pi\u00f9 avanzata per offrirti un'esperienza di svapo di alta qualit\u00e0. La batteria ricaricabile da 650mAh garantisce che potrai godere fino a 20.000 tiri. Con una coil mesh da 0,5 \u03a9, la sigaretta elettronica assicura un vapore uniforme e intenso che ti avvolge i sensi. La coil garantisce un'elevata qualit\u00e0 del vapore e massimizza gli aromi, permettendoti di vivere l'esperienza di gusto migliore possibile.<\/p>\n<h4><strong>E-Liquidi e concentrazioni di nicotina<\/strong><\/h4>\n<p>Con una generosa capacit\u00e0 di liquido elettronico di 25 ml, la Magic Bar Alpha offre un utilizzo prolungato senza continue ricariche. Puoi scegliere la sigaretta elettronica con diverse intensit\u00e0 di nicotina: 0%, 2%, 3% e 5%. Sia che tu preferisca una leggera aspirazione o un colpo di nicotina pi\u00f9 forte, la Magic Bar Alpha si adatta alle tue esigenze.<\/p>\n<hr \/>\n<h3><strong>Importante caratteristiche della <a href=\"https:\/\/alfakherwelt.de\/it\/categoria-di-prodotto\/request-failed-with-status-code-547\/\">Magic Bar Alpha 20000 Z\u00fcge \n\nbecomes \n\nMagic Bar Alpha 20000 Tiri<\/a> Sigaretta elettronica monouso<\/strong><\/h3>\n<ul>\n<li><strong>20.000 treni<\/strong> \u2013 Fino a 20.000 tiri per un piacere duraturo, senza frequenti ricariche o sostituzioni di batterie.<\/li>\n<li><strong>Batteria ricaricabile<\/strong> \u2013 Batteria da 650mAh per prestazioni affidabili per tutta la durata della sigaretta elettronica.<\/li>\n<li><strong>Diverse intensit\u00e0 di nicotina<\/strong> \u2013 Seleziona le opzioni di nicotina da 0%, 2%, 3% o 5% per ottimizzare la tua esperienza di svapo personalizzata.<\/li>\n<li><strong>Grande capacit\u00e0 di liquido elettronico<\/strong> - 25 ml di e-liquid per pi\u00f9 piacere di svapo e meno interruzioni.<\/li>\n<li><strong>Mesh Coil<\/strong> \u2013 La bobina Mesh da 0,5 \u03a9 garantisce una vaporizzazione intensa e massimizza i sapori.<\/li>\n<li><strong>DTL (Direct-to-Lung) idoneo<\/strong> Sviluppato appositamente per l'inalazione diretta nei polmoni, ideale per un'esperienza di svapo pi\u00f9 completa e intensa.<\/li>\n<\/ul>\n<hr \/>\n<h3><strong>I sapori della sigaretta elettronica usa e getta Magic Bar Alpha 20000 tirate<\/strong><\/h3>\n<p>La Magic Bar Alpha 20000 Z\u00fcge Einweg E Zigarette \u00e8 un capolavoro non solo per quanto riguarda la tecnologia, ma anche in termini di gusto. Potrete godere del gusto pieno di ogni tiro, e questo per ognuna delle varianti di gusto disponibili.<\/p>\n<h4><strong>Raspberry Watermelon (Himbeere-Wassermelone) \nFrutto di Lampone e Anguria \n Lampone -  Anguria<\/strong><\/h4>\n<p>La combinazione di sapori di Raspberry Watermelon \u00e8 un vero piacere per tutti i vapers che amano gli aromi fruttati e dolci. Il fresco e succulento melone d'acqua si fonde alla perfezione con la dolcezza aspra delle more e d\u00e0 vita a un sapore rinfrescante e bilanciato che procura gioia sia d'estate che in qualsiasi altra stagione dell'anno.<\/p>\n<ul>\n<li><strong>Mora<\/strong>La mora porta con s\u00e9 un'acidit\u00e0 pungente che stimola le papille gustative e intensifica il piacere di svapare. Offre una freschezza dolce che ricorda il sapore di bacche mature.<\/li>\n<li><strong>Anguria<\/strong>La melone d'acqua fornisce una base fresca e rinfrescante che completa perfettamente i sapori. Con la sua leggera dolcezza e freschezza idratante, il gusto diventa armonioso e gradevole, senza sopraffare.<\/li>\n<\/ul>\n<p>Questa combinazione di lampone e anguria offre un'esperienza di svapo rinfrescante, adatta sia all'uso quotidiano che a momenti speciali.<\/p>\n<hr \/>\n<h3><strong>Perch\u00e9 dovreste <a href=\"https:\/\/alfakherwelt.de\/it\/categoria-di-prodotto\/request-failed-with-status-code-547\/\">Magic Bar Alpha 20000 Z\u00fcge \n\nbecomes \n\nMagic Bar Alpha 20000 Tiri<\/a> Sigaretta elettronica monouso scegliere?<\/strong><\/h3>\n<p>Ci sono molti motivi per cui la Magic Bar Alpha 20000 puff monouso e-cigarette \u00e8 la scelta migliore per i vaporizzatori in Germania. Ecco alcuni motivi per cui dovresti scegliere questo prodotto:<\/p>\n<ol>\n<li><strong>Lunga durata di conservazione<\/strong>Con fino a 20.000 tiri, la Magic Bar Alpha offre una durata di vita eccezionalmente lunga, permettendoti di godertela pi\u00f9 a lungo rispetto alle tradizionali sigarette elettroniche usa e getta.<\/li>\n<li><strong>Versatilit\u00e0<\/strong>Puoi scegliere tra diverse intensit\u00e0 di nicotina e personalizzare il prodotto in base alle tue preferenze. Sia che tu sia un principiante o un utente esperto di svapo, la Magic Bar Alpha soddisfa tutte le esigenze.<\/li>\n<li><strong>Qualit\u00e0 premium<\/strong>: L'uso di un Mesh Coil e una batteria ricaricabile garantiscono una prestazione uniforme e un'esperienza di svapo costante.<\/li>\n<li><strong>Aromi rinfrescanti<\/strong>: I sapori unici come mora-anguria fanno s\u00ec che ogni tiro diventi una vera esperienza gustativa.<\/li>\n<li><strong>Maneggevole comfortevole<\/strong>: Per le sue dimensioni compatte e il design facile da usare, la Magic Bar Alpha \u00e8 facile da trasportare e utilizzare, perfetta per essere sempre con te.<\/li>\n<\/ol>\n<p><img loading=\"lazy\" decoding=\"async\" class=\"alignnone wp-image-1774 size-full\" src=\"https:\/\/alfakherwelt.de\/wp-content\/uploads\/2025\/01\/9Magic-Bar-Alpha-20000-scaled.webp\" alt=\"Magic Bar Alpha 20000 Tiri Sigaretta Elettronica Monouso - Framboise Anguria\" width=\"2560\" height=\"2560\" title=\"\" srcset=\"https:\/\/alfakherwelt.de\/wp-content\/uploads\/2025\/01\/9Magic-Bar-Alpha-20000-scaled.webp 2560w, https:\/\/alfakherwelt.de\/wp-content\/uploads\/2025\/01\/9Magic-Bar-Alpha-20000-300x300.webp 300w, https:\/\/alfakherwelt.de\/wp-content\/uploads\/2025\/01\/9Magic-Bar-Alpha-20000-1024x1024.webp 1024w, https:\/\/alfakherwelt.de\/wp-content\/uploads\/2025\/01\/9Magic-Bar-Alpha-20000-150x150.webp 150w, https:\/\/alfakherwelt.de\/wp-content\/uploads\/2025\/01\/9Magic-Bar-Alpha-20000-768x768.webp 768w, https:\/\/alfakherwelt.de\/wp-content\/uploads\/2025\/01\/9Magic-Bar-Alpha-20000-1536x1536.webp 1536w, https:\/\/alfakherwelt.de\/wp-content\/uploads\/2025\/01\/9Magic-Bar-Alpha-20000-2048x2048.webp 2048w, https:\/\/alfakherwelt.de\/wp-content\/uploads\/2025\/01\/9Magic-Bar-Alpha-20000-12x12.webp 12w, https:\/\/alfakherwelt.de\/wp-content\/uploads\/2025\/01\/9Magic-Bar-Alpha-20000-600x600.webp 600w, https:\/\/alfakherwelt.de\/wp-content\/uploads\/2025\/01\/9Magic-Bar-Alpha-20000-100x100.webp 100w\" sizes=\"auto, (max-width: 2560px) 100vw, 2560px\" \/><\/p>\n<div class=\"flex-1 overflow-hidden @container\/thread\">\n<div class=\"h-full\">\n<div class=\"react-scroll-to-bottom--css-krrqp-79elbk h-full\">\n<div class=\"react-scroll-to-bottom--css-krrqp-1n7m0yu\">\n<div class=\"flex flex-col text-sm md:pb-9\">\n<article class=\"w-full scroll-mb-[var(--thread-trailing-height,150px)] text-token-text-primary focus-visible:outline-2 focus-visible:outline-offset-[-4px]\" dir=\"auto\" data-testid=\"conversation-turn-3\" data-scroll-anchor=\"true\">\n<div class=\"m-auto text-base py-[18px] px-3 md:px-4 w-full md:px-5 lg:px-4 xl:px-5\">\n<div class=\"mx-auto flex flex-1 gap-4 text-base md:gap-5 lg:gap-6 md:max-w-3xl lg:max-w-[40rem] xl:max-w-[48rem]\">\n<div class=\"group\/conversation-turn relative flex w-full min-w-0 flex-col agent-turn\">\n<div class=\"flex-col gap-1 md:gap-3\">\n<div class=\"flex max-w-full flex-col flex-grow\">\n<div class=\"min-h-8 text-message flex w-full flex-col items-end gap-2 whitespace-normal break-words text-start [.text-message+&amp;]:mt-5\" dir=\"auto\" data-message-author-role=\"assistant\" data-message-id=\"82060aec-7301-45b0-9c93-8f55a3b2409d\" data-message-model-slug=\"gpt-4o\">\n<div class=\"flex w-full flex-col gap-1 empty:hidden first:pt-[3px]\">\n<div class=\"markdown prose w-full break-words dark:prose-invert light\">\n<h3><strong>Acquistare i Suoi <a href=\"https:\/\/alfakherwelt.de\/it\/categoria-di-prodotto\/request-failed-with-status-code-547\/\">Magic Bar Alpha 20000 Z\u00fcge \n\nbecomes \n\nMagic Bar Alpha 20000 Tiri<\/a> Sigarette elettroniche monouso su alfakherwelt.de<\/strong><\/h3>\n<p>Se stai cercando la migliore selezione di sigarette elettroniche usa e getta in Germania, allora sei da <em>alfakherwelt.de<\/em> esatto. Come principale piattaforma online per Disposable Vapes, offriamo i modelli pi\u00f9 recenti, tra cui la Magic Bar Alpha 20000 puff e-cigarette. I nostri prodotti sono di altissima qualit\u00e0 e offrono un'esperienza di svapo senza pari.<\/p>\n<p>Visitateci oggi stesso <em>alfakherwelt.de<\/em> e trovate la vostra e-cigarette perfetta. Ordinate ora la <em>Magic Bar Alpha 20000 Z\u00fcge Einweg E Zigarette \ntraduce a:\n Magic Bar Alpha 20000 tiri Sigaretta elettronica usa e getta<\/em> E prova un nuovo livello di svapo: comodo e sicuro da casa tua.<\/p>\n<hr \/>\n<h3><strong>Conclusione<\/strong><\/h3>\n<p>La <em>Magic Bar Alpha 20000 Z\u00fcge Einweg E Zigarette \ntraduce a:\n Magic Bar Alpha 20000 tiri Sigaretta elettronica usa e getta<\/em> \u00c8 un capolavoro della moderna tecnologia dei vaporizzatori. Con una lunga durata di vita fino a 20.000 tiri, una variet\u00e0 di sapori e livelli di nicotina, nonch\u00e9 una facile gestione, questo modello stabilisce nuovi standard nel settore delle sigarette elettroniche usa e getta. Se stai cercando la migliore selezione di Disposable Vapes in Germania, allora alfakherwelt.de \u00e8 la tua prima scelta.<\/p>\n<p>Non aspettare oltre: acquista la tua Magic Bar Alpha 20000 Z\u00fcge Einweg E Zigarette oggi stesso e goditi la libert\u00e0 di svapare a un livello completamente nuovo!<\/p>\n<p><strong>Parole chiave<\/strong>: Magic Bar Alpha 20000 Z\u00fcge, monouso sigaretta elettronica, Vape acquisto, Germania, con nicotina, Mix Berry, sigarette elettroniche monouso, sale di nicotina, MTL, DTL, 20.000 tiri<\/p>\n<\/div>\n<\/div>\n<\/div>\n<\/div>\n<\/div>\n<\/div>\n<\/div>\n<\/div>\n<\/article>\n<\/div>\n<\/div>\n<\/div>\n<\/div>\n<\/div>\n<\/div>\n<\/div>\n<\/div>\n<\/div>\n<\/div>\n<div class=\"absolute\">\n<div class=\"flex items-center justify-center\"><\/div>\n<\/div>\n<\/div>\n<\/div>\n<\/div>\n<\/article>\n<\/div>\n<\/div>\n<\/div>\n<\/div>\n<\/div>","protected":false},"excerpt":{"rendered":"<div class=\"flex-shrink-0 flex flex-col relative items-end\">\n<div class=\"pt-0\">\n<div class=\"gizmo-shadow-stroke flex h-8 w-8 items-center justify-center overflow-hidden rounded-full\">\n<div class=\"h-full w-full\">\n<div class=\"flex-shrink-0 flex flex-col relative items-end\">\n<div class=\"pt-0\">\n<div class=\"gizmo-shadow-stroke flex h-8 w-8 items-center justify-center overflow-hidden rounded-full\">\n<div class=\"h-full w-full\">\n<div class=\"gizmo-shadow-stroke overflow-hidden rounded-full\">\n<div class=\"flex-1 overflow-hidden\">\n<div class=\"h-full\">\n<div class=\"react-scroll-to-bottom--css-nphjn-79elbk h-full\">\n<div class=\"react-scroll-to-bottom--css-nphjn-1n7m0yu\">\n<div class=\"flex flex-col text-sm md:pb-9\">\n<article class=\"w-full scroll-mb-[var(--thread-trailing-height,150px)] text-token-text-primary focus-visible:outline-2 focus-visible:outline-offset-[-4px]\" dir=\"auto\" data-testid=\"conversation-turn-5\" data-scroll-anchor=\"true\">\n<div class=\"m-auto text-base py-[18px] px-3 md:px-4 w-full md:px-5 lg:px-4 xl:px-5\">\n<div class=\"mx-auto flex flex-1 gap-4 text-base md:gap-5 lg:gap-6 md:max-w-3xl lg:max-w-[40rem] xl:max-w-[48rem]\">\n<div class=\"group\/conversation-turn relative flex w-full min-w-0 flex-col agent-turn\">\n<div class=\"flex-col gap-1 md:gap-3\">\n<div class=\"flex max-w-full flex-col flex-grow\">\n<div class=\"min-h-8 text-message flex w-full flex-col items-end gap-2 whitespace-normal break-words [.text-message+&amp;]:mt-5\" dir=\"auto\" data-message-author-role=\"assistant\" data-message-id=\"1982dcee-f0f5-4cfa-a269-fdbaed43d922\" data-message-model-slug=\"gpt-4o\">\n<div class=\"flex w-full flex-col gap-1 empty:hidden first:pt-[3px]\">\n<div class=\"markdown prose w-full break-words dark:prose-invert light\">\n<div class=\"flex-1 overflow-hidden\">\n<div class=\"h-full\">\n<div class=\"react-scroll-to-bottom--css-xrsce-79elbk h-full\">\n<div class=\"react-scroll-to-bottom--css-xrsce-1n7m0yu\">\n<div class=\"flex flex-col text-sm md:pb-9\">\n<article class=\"w-full scroll-mb-[var(--thread-trailing-height,150px)] text-token-text-primary focus-visible:outline-2 focus-visible:outline-offset-[-4px]\" dir=\"auto\" data-testid=\"conversation-turn-5\" data-scroll-anchor=\"true\">\n<div class=\"m-auto text-base py-[18px] px-3 md:px-4 w-full md:px-5 lg:px-4 xl:px-5\">\n<div class=\"mx-auto flex flex-1 gap-4 text-base md:gap-5 lg:gap-6 md:max-w-3xl lg:max-w-[40rem] xl:max-w-[48rem]\">\n<div class=\"group\/conversation-turn relative flex w-full min-w-0 flex-col agent-turn\">\n<div class=\"flex-col gap-1 md:gap-3\">\n<div class=\"flex max-w-full flex-col flex-grow\">\n<div class=\"min-h-8 text-message flex w-full flex-col items-end gap-2 whitespace-normal break-words [.text-message+&amp;]:mt-5\" dir=\"auto\" data-message-author-role=\"assistant\" data-message-id=\"1a0c8d71-a6be-4cc9-b460-deb3e7ecbf47\" data-message-model-slug=\"gpt-4o\">\n<div class=\"flex w-full flex-col gap-1 empty:hidden first:pt-[3px]\">\n<div class=\"markdown prose w-full break-words dark:prose-invert light\">\n<div class=\"flex-1 overflow-hidden\">\n<div class=\"h-full\">\n<div class=\"react-scroll-to-bottom--css-gqbzc-79elbk h-full\">\n<div class=\"react-scroll-to-bottom--css-gqbzc-1n7m0yu\">\n<div class=\"flex flex-col text-sm md:pb-9\">\n<article class=\"w-full scroll-mb-[var(--thread-trailing-height,150px)] text-token-text-primary focus-visible:outline-2 focus-visible:outline-offset-[-4px]\" dir=\"auto\" data-testid=\"conversation-turn-5\" data-scroll-anchor=\"true\">\n<div class=\"m-auto text-base py-[18px] px-3 md:px-4 w-full md:px-5 lg:px-4 xl:px-5\">\n<div class=\"mx-auto flex flex-1 gap-4 text-base md:gap-5 lg:gap-6 md:max-w-3xl lg:max-w-[40rem] xl:max-w-[48rem]\">\n<div class=\"group\/conversation-turn relative flex w-full min-w-0 flex-col agent-turn\">\n<div class=\"flex-col gap-1 md:gap-3\">\n<div class=\"flex max-w-full flex-col flex-grow\">\n<div class=\"min-h-8 text-message flex w-full flex-col items-end gap-2 whitespace-normal break-words [.text-message+&amp;]:mt-5\" dir=\"auto\" data-message-author-role=\"assistant\" data-message-id=\"ca066132-0777-4603-995e-a689971b3380\" data-message-model-slug=\"gpt-4o\">\n<div class=\"flex w-full flex-col gap-1 empty:hidden first:pt-[3px]\">\n<div class=\"markdown prose w-full break-words dark:prose-invert light\">\n<div class=\"flex-1 overflow-hidden @container\/thread\">\n<div class=\"h-full\">\n<div class=\"react-scroll-to-bottom--css-rkqgb-79elbk h-full\">\n<div class=\"react-scroll-to-bottom--css-rkqgb-1n7m0yu\">\n<div class=\"flex flex-col text-sm md:pb-9\">\n<article class=\"w-full scroll-mb-[var(--thread-trailing-height,150px)] text-token-text-primary focus-visible:outline-2 focus-visible:outline-offset-[-4px]\" dir=\"auto\" data-testid=\"conversation-turn-9\" data-scroll-anchor=\"true\">\n<div class=\"m-auto text-base py-[18px] px-3 md:px-4 w-full md:px-5 lg:px-4 xl:px-5\">\n<div class=\"mx-auto flex flex-1 gap-4 text-base md:gap-5 lg:gap-6 md:max-w-3xl lg:max-w-[40rem] xl:max-w-[48rem]\">\n<div class=\"group\/conversation-turn relative flex w-full min-w-0 flex-col agent-turn\">\n<div class=\"flex-col gap-1 md:gap-3\">\n<div class=\"flex max-w-full flex-col flex-grow\">\n<div class=\"min-h-8 text-message flex w-full flex-col items-end gap-2 whitespace-normal break-words text-start [.text-message+&amp;]:mt-5\" dir=\"auto\" data-message-author-role=\"assistant\" data-message-id=\"87137e43-9a3e-4479-90ac-22c23781ee39\" data-message-model-slug=\"gpt-4o\">\n<div class=\"flex w-full flex-col gap-1 empty:hidden first:pt-[3px]\">\n<div class=\"markdown prose w-full break-words dark:prose-invert light\">\n<p>La <em><strong>Magic Bar Alpha 20000 Z\u00fcge \n\nbecomes \n\nMagic Bar Alpha 20000 Tiri<\/strong> Sigaretta elettronica monouso<\/em> offre con il suo E-Liquid da 25 ml, una batteria ricaricabile da 650mAh, una potente coil mesh da 0,5 \u03a9 e una selezione di livelli di nicotina da 0 a 5%, un'esperienza di svapo lunga e intensa fino a 20.000 tiri e un'esperienza di gusto unica come lampone-anguria.<\/p>\n<\/div>\n<\/div>\n<\/div>\n<\/div>\n<div class=\"pr-2 lg:pr-0\"><\/div>\n<\/div>\n<\/div>\n<\/div>\n<\/div>\n<\/article>\n<\/div>\n<\/div>\n<\/div>\n<\/div>\n<\/div>\n<\/div>\n<\/div>\n<\/div>\n<\/div>\n<\/div>\n<\/div>\n<\/div>\n<\/div>\n<\/article>\n<\/div>\n<\/div>\n<\/div>\n<\/div>\n<\/div>\n<\/div>\n<\/div>\n<\/div>\n<\/div>\n<\/div>\n<\/div>\n<\/div>\n<\/div>\n<\/article>\n<\/div>\n<\/div>\n<\/div>\n<\/div>\n<\/div>\n<\/div>\n<\/div>\n<\/div>\n<\/div>\n<div class=\"pr-2 lg:pr-0\"><\/div>\n<div class=\"mt-3 w-full empty:hidden\">\n<div class=\"text-center\"><\/div>\n<\/div>\n<\/div>\n<div class=\"absolute\">\n<div class=\"flex items-center justify-center\"><\/div>\n<\/div>\n<\/div>\n<\/div>\n<\/div>\n<\/article>\n<\/div>\n<\/div>\n<\/div>\n<\/div>\n<\/div>\n<div class=\"md:pt-0 dark:border-white\/20 md:border-transparent md:dark:border-transparent w-full\">\n<div>\n<div class=\"m-auto text-base px-3 md:px-4 w-full md:px-5 lg:px-4 xl:px-5\">\n<div class=\"mx-auto flex flex-1 gap-4 text-base md:gap-5 lg:gap-6 md:max-w-3xl lg:max-w-[40rem] xl:max-w-[48rem]\">\n<div class=\"flex justify-center\"><\/div>\n<\/div>\n<\/div>\n<\/div>\n<\/div>\n<\/div>\n<\/div>\n<\/div>\n<\/div>\n<\/div>\n<\/div>\n<\/div>\n<\/div>\n<\/div>","protected":false},"featured_media":1831,"comment_status":"open","ping_status":"closed","template":"","meta":[],"product_brand":[],"product_cat":[63],"product_tag":[],"class_list":{"0":"post-1826","1":"product","2":"type-product","3":"status-publish","4":"has-post-thumbnail","6":"product_cat-magic-bar-20000","8":"first","9":"instock","10":"sale","11":"shipping-taxable","12":"purchasable","13":"product-type-simple"},"jetpack_sharing_enabled":true,"_links":{"self":[{"href":"https:\/\/alfakherwelt.de\/it\/wp-json\/wp\/v2\/product\/1826","targetHints":{"allow":["GET"]}}],"collection":[{"href":"https:\/\/alfakherwelt.de\/it\/wp-json\/wp\/v2\/product"}],"about":[{"href":"https:\/\/alfakherwelt.de\/it\/wp-json\/wp\/v2\/types\/product"}],"replies":[{"embeddable":true,"href":"https:\/\/alfakherwelt.de\/it\/wp-json\/wp\/v2\/comments?post=1826"}],"wp:featuredmedia":[{"embeddable":true,"href":"https:\/\/alfakherwelt.de\/it\/wp-json\/wp\/v2\/media\/1831"}],"wp:attachment":[{"href":"https:\/\/alfakherwelt.de\/it\/wp-json\/wp\/v2\/media?parent=1826"}],"wp:term":[{"taxonomy":"product_brand","embeddable":true,"href":"https:\/\/alfakherwelt.de\/it\/wp-json\/wp\/v2\/product_brand?post=1826"},{"taxonomy":"product_cat","embeddable":true,"href":"https:\/\/alfakherwelt.de\/it\/wp-json\/wp\/v2\/product_cat?post=1826"},{"taxonomy":"product_tag","embeddable":true,"href":"https:\/\/alfakherwelt.de\/it\/wp-json\/wp\/v2\/product_tag?post=1826"}],"curies":[{"name":"wp","href":"https:\/\/api.w.org\/{rel}","templated":true}]}}