{"id":1473,"date":"2024-12-09T02:18:23","date_gmt":"2024-12-09T02:18:23","guid":{"rendered":"https:\/\/alfakherwelt.de\/?post_type=product&#038;p=1473"},"modified":"2024-12-16T03:07:07","modified_gmt":"2024-12-16T03:07:07","slug":"al-fakher-crown-bar-8000-sbuffi-usa-e-getta-e-sigaretta-dolce-frutto-della-passione-67","status":"publish","type":"product","link":"https:\/\/alfakherwelt.de\/it\/prodotto\/al-fakher-crown-bar-8000-sbuffi-usa-e-getta-e-sigaretta-dolce-frutto-della-passione-67\/","title":{"rendered":"Fumot RandM Digital Box 12000 Z\u00fcge Einweg E Zigarette \u2013 Mango On ice \n\nbecomes \n\nFumot RandM Digital Box 12000 tiri Sigaretta elettronica usa e getta - Mango On ice"},"content":{"rendered":"<div style=\"width: 640px;\" class=\"wp-video\"><video class=\"wp-video-shortcode\" id=\"video-1473-1\" width=\"640\" height=\"360\" preload=\"metadata\" controls=\"controls\"><source type=\"video\/mp4\" src=\"https:\/\/alfakherwelt.de\/wp-content\/uploads\/2024\/12\/Fumot-RandM-Digital-Box-120002.mp4?_=1\" \/><a href=\"https:\/\/alfakherwelt.de\/wp-content\/uploads\/2024\/12\/Fumot-RandM-Digital-Box-120002.mp4\">https:\/\/alfakherwelt.de\/wp-content\/uploads\/2024\/12\/Fumot-RandM-Digital-Box-120002.mp4<\/a><\/video><\/div>\n<h2><strong><a href=\"https:\/\/alfakherwelt.de\/it\/categoria-di-prodotto\/scatola-digitale-randm-fumot-12000\/\">Fumot RandM Digital Box 12000 Z\u00fcge \n\nbecomes \n\nFumot RandM Digital Box 12000 puff<\/a> Sigaretta elettronica monouso \u2013 L'esperienza di svapo definitiva in Germania<\/strong><\/h2>\n<p>La <strong>Fumot RandM Digital Box 12000 Z\u00fcge Einweg E-Zigarette \n\nbecomes \n\nFumot RandM Digital Box 12000 tiri Sigaretta elettronica usa e getta<\/strong> rappresenta un importante progresso nel settore delle sigarette elettroniche usa e getta. Con tecnologia avanzata, design facile da usare e una serie di funzioni impressionanti, questo modello si distingue dagli altri e offre un'esperienza di svapo completamente nuova. \u00c8 perfetta per tutti coloro che cercano un dispositivo di svapo di alta qualit\u00e0 e facile da usare. Questa <strong>Sigaretta elettronica monouso con nicotina<\/strong> \u00e8 la scelta ideale se stai cercando un dispositivo facile da usare, elegante e potente.<\/p>\n<p>Das Ger\u00e4t ist mit einem \ndispositivo \u00e8 dotato di un <strong>Schermo a LED<\/strong> dotato, che consente di <strong>E-Liquid<\/strong>-Controllare l'utilizzo e le prestazioni della batteria in tempo reale. Con una <strong>batteria ricaricabile da 550mAh<\/strong>a uno <strong>Connettore di ricarica di tipo C<\/strong> e <strong>6 luci RGB<\/strong> offre la <strong>Fumot Digital Box 12000<\/strong> non solo un utilizzo prolungato, ma anche highlight visivi che rendono la vaporizzazione ancora pi\u00f9 attraente. Grazie alla <strong>controllo del flusso d'aria regolabile<\/strong> Potete adattare l'esperienza di svapo esattamente alle vostre preferenze e regolare il flusso d'aria a vostro piacimento.<\/p>\n<p>Questo dispositivo \u00e8 un vero capolavoro della tecnica e offre una <strong>lunga durata di vita<\/strong> fino a <strong>12.000 treni<\/strong>che lo rende una scelta eccezionale per tutti coloro che cercano un'opzione affidabile e duratura <strong>Sigaretta elettronica usa e getta<\/strong> cercare. La <strong>Mesh Coils<\/strong> garantiscono che il sapore di ogni tiro sia intenso e uniforme, mentre l'elevata capacit\u00e0 del <strong>20ml E-Liquidi<\/strong> per un duraturo piacere di vapore. Se siete alla ricerca di un <strong>Vape con nicotina<\/strong> sind, trovarete nella <strong>Fumot Digital Box 12000<\/strong> Il dispositivo perfetto per soddisfare le tue esigenze.<\/p>\n<h3><strong>Produktmerkmale der <a href=\"https:\/\/alfakherwelt.de\/it\/categoria-di-prodotto\/scatola-digitale-randm-fumot-12000\/\">Fumot RandM Digital Box 12000 Z\u00fcge \n\nbecomes \n\nFumot RandM Digital Box 12000 puff<\/a> Sigaretta elettronica usa e getta:<\/strong><\/h3>\n<ul>\n<li><strong>20 ml E-Liquid<\/strong> \u2013 garantisce un piacere duraturo con fino a 12.000 tiri.<\/li>\n<li><strong>Batteria ricaricabile da 550mAh<\/strong> - offre prestazioni affidabili per molte sessioni di vapore.<\/li>\n<li><strong>Connettore di ricarica di tipo C<\/strong> assicura una ricarica rapida e comoda.<\/li>\n<li><strong>6 luci RGB<\/strong> - per un'esperienza visiva unica mentre svapi.<\/li>\n<li><strong>Flusso d'aria regolabile<\/strong> - consente una potenza del vapore individuale e un controllo sull'esperienza di svapo.<\/li>\n<li><strong>2 livelli di nicotina (5% o 2%)<\/strong> - per un'esperienza di svapo ottimale in base alle tue preferenze.<\/li>\n<li><strong>Mesh Coils<\/strong> \u2013 migliorano il sapore e garantiscono un vapore uniforme.<\/li>\n<li><strong>Facile gestione<\/strong> - Nessuna impostazione complessa, semplicemente trascina e goditi.<\/li>\n<li><strong>Fino a 48 diversi sapori<\/strong> - per variet\u00e0 e svapo individuale.<\/li>\n<\/ul>\n<p>La <strong>Fumot RandM Digital Box 12000<\/strong> combina funzionalit\u00e0 ed estetica e quindi non \u00e8 soltanto un apparecchio pratico, ma anche un vero e proprio punto di forza in termini di design. Il <strong>costruzione ergonomica<\/strong> assicura una facile gestione, mentre la <strong>costruzione leggera<\/strong> che rende facile portare il dispositivo ovunque.<\/p>\n<h3><strong>Variet\u00e0 di sapori per ogni appassionato di vaping<\/strong><\/h3>\n<p>La <strong>Fumot Digital Box 12000<\/strong> \u00e8 in una variet\u00e0 di <strong>Sapore<\/strong> disponibili, appositamente progettate per offrirti la migliore esperienza di svapo possibile. Sia che tu preferisca aromi fruttati, opzioni mentolate rinfrescanti o una miscela di vari sapori, questa sigaretta elettronica usa e getta ha tutto ci\u00f2 che puoi desiderare.<\/p>\n<h4><strong>Mango On Ice: piacere tropicale con un fresco refrigerante<\/strong><\/h4>\n<p>Un gusto particolarmente degno di nota nella <strong>Fumot RandM Digital Box 12000<\/strong> \u00e8 <strong>Mango On Ice<\/strong>Questo gusto esotico, tropicale combina i <strong>Dolcezza della mela matura<\/strong> con uno <strong>refinizione fresca di mentolo<\/strong>che rinfresca i sensi e ravviva il palato. La mango \u00e8 uno dei frutti pi\u00f9 popolari nel mondo della vape, poich\u00e9 \u00e8 sia dolce che intenso di sapore. Ma il vero punto culminante di questo gusto \u00e8 il sorprendente, ma estremamente piacevole <strong>Sensazione di freddo<\/strong>che dona una nota fresca al piacere tropicale.<\/p>\n<p>Il <strong>Mango On Ice<\/strong>Il gusto \u00e8 perfetto per tutti coloro che cercano un'esperienza di svapo dolce e allo stesso tempo rinfrescante. Il mango ha un sapore pieno e succoso, con una leggera acidit\u00e0 che bilancia il dolce aroma. Il <strong>Kick di mentolo<\/strong> Alla fine di ogni tiro, provoca una sensazione di fresco, quasi gelida, in gola, che rende il sapore ancora pi\u00f9 piacevole. Questo gusto \u00e8 particolarmente popolare nelle giornate calde o tra i vaper che cercano un'esperienza rinfrescante.<\/p>\n<p>Attraverso l'uso di <strong>Mesh Coils<\/strong> Il gusto diventa ancora pi\u00f9 intenso e uniforme. <strong>E-Liquid<\/strong> evapora uniformemente e garantisce cos\u00ec un gusto pi\u00f9 pieno e pi\u00f9 vivo. Ogni tiro si sente piacevolmente liscio e ti permette di godere appieno della dolcezza fruttata del mango e della freschezza della mentolo.<\/p>\n<p>Il <strong>Mango On Ice<\/strong>Il gusto \u00e8 ideale per tutto l'anno, soprattutto per coloro che amano i frutti tropicali ma desiderano anche una freschezza rinfrescante. \u00c8 la miscela perfetta di dolcezza e freschezza che garantisce un'esperienza di svapo davvero piacevole.<\/p>\n<h3><strong>Perch\u00e9 lei la <a href=\"https:\/\/alfakherwelt.de\/it\/categoria-di-prodotto\/scatola-digitale-randm-fumot-12000\/\">Fumot RandM Digital Box 12000 Z\u00fcge \n\nbecomes \n\nFumot RandM Digital Box 12000 puff<\/a> Acquistare sigarette elettroniche monouso:<\/strong><\/h3>\n<ol>\n<li><strong>Lunga durata di conservazione<\/strong>Con <strong>fino a 12.000 colpi<\/strong> Offre a questo dispositivo una durata eccezionalmente lunga e garantisce che ne godrete a lungo.<\/li>\n<li><strong>Esperienza individuale di vapore<\/strong>: Il <strong>Flusso d'aria regolabile<\/strong> consente di controllare il vaping in base alle tue preferenze - sia con vapore pi\u00f9 forte che pi\u00f9 delicato.<\/li>\n<li><strong>Facile utilizzo<\/strong>: La <strong>Tecnologia attivata dal disegno<\/strong> Rende il vaping semplicissimo: basta tirare e godere.<\/li>\n<li><strong>Design elegante<\/strong>: La <strong>Luci RGB<\/strong> e il <strong>Schermo a LED<\/strong> rendono il vaping un'esperienza ottica, mentre le <strong>forma ergonomica<\/strong> assicura una vaporizzazione confortevole.<\/li>\n<li><strong>Sapore di alta qualit\u00e0<\/strong>: Con le <strong>Mesh Coils<\/strong> ogni sorso diventa pi\u00f9 intenso e uniforme, per un\u2019esperienza di gusto senza pari.<\/li>\n<li><strong>Ampia selezione<\/strong>: Fino a <strong>48 diversi sapori<\/strong> possono essere sicuri che c'\u00e8 qualcosa per ogni gusto.<\/li>\n<\/ol>\n<h3><strong>Ora su <a href=\"https:\/\/alfakherwelt.de\/it\/\">alfakherwelt.de<\/a> Acquista \u2013 La pi\u00f9 ampia selezione di Disposable Vapes in Germania<\/strong><\/h3>\n<p>Vuole il migliore <strong>Sigaretta elettronica usa e getta<\/strong> in Germania comprare? Allora \u00e8 la <strong>Fumot RandM Digital Box 12000 Z\u00fcge Einweg E-Zigarette \n\nbecomes \n\nFumot RandM Digital Box 12000 tiri Sigaretta elettronica usa e getta<\/strong> esattamente quello che stai cercando. <strong>alfakherwelt.de<\/strong> \u00e8 la principale <strong>Piattaforma online per sigarette elettroniche usa e getta in Germania<\/strong>che offre una vasta gamma di <strong>Sigarette elettroniche con nicotina<\/strong> offre. Qui non troverai solo prodotti di prim'ordine, ma anche un servizio clienti eccezionale e una consegna rapida.<\/p>\n<p><strong>Acquistare vape<\/strong> non \u00e8 mai stato cos\u00ec facile: visitate oggi stesso il nostro sito web e scoprite il mondo della <strong>Sigarette elettroniche monouso<\/strong> e molto altro ancora. Ordinate ora e godete il gusto pieno e le prestazioni impressionanti della <strong>Fumot RandM Digital Box 12000 Z\u00fcge Einweg E-Zigarette \n\nbecomes \n\nFumot RandM Digital Box 12000 tiri Sigaretta elettronica usa e getta<\/strong>!<\/p>\n<h3><strong>Riepilogo delle principali caratteristiche della Fumot RandM Digital Box 12000 Puffs Sigaretta elettronica usa e getta:<\/strong><\/h3>\n<ul>\n<li><strong>12.000 treni per dispositivo<\/strong><\/li>\n<li><strong>20 ml E-Liquid<\/strong><\/li>\n<li><strong>Connettore di ricarica di tipo C<\/strong><\/li>\n<li><strong>Batteria ricaricabile da 550mAh<\/strong><\/li>\n<li><strong>6 luci RGB per effetti visivi<\/strong><\/li>\n<li><strong>Flusso d'aria regolabile per un'esperienza di vapore personalizzata<\/strong><\/li>\n<li><strong>Disponibile in due livelli di nicotina: 5% o 2%<\/strong><\/li>\n<li><strong>Mesh Coils per un gusto intenso<\/strong><\/li>\n<li><strong>Diversi gusti tra cui scegliere, compreso Mango On Ice<\/strong><\/li>\n<\/ul>\n<p>Sperimentate il vapore definitivo con il <strong>Fumot RandM Digital Box 12000 Z\u00fcge Einweg E-Zigarette \n\nbecomes \n\nFumot RandM Digital Box 12000 tiri Sigaretta elettronica usa e getta<\/strong> - ora presso <a href=\"https:\/\/alfakherwelt.de\/it\/\"><strong>alfakherwelt.de<\/strong><\/a>!<\/p>\n<p><img loading=\"lazy\" decoding=\"async\" class=\"alignnone wp-image-1413 size-full\" src=\"https:\/\/alfakherwelt.de\/wp-content\/uploads\/2024\/12\/2Fumot-RandM-Digital-Box-12000.webp\" alt=\"Fumot RandM Digital Box 12000 Z\u00fcge Einweg E Zigarette - Mango On ice becomes Fumot RandM Digital Box 12000 tiri Sigaretta elettronica usa e getta - Mango On ice\" width=\"1200\" height=\"769\" title=\"\" srcset=\"https:\/\/alfakherwelt.de\/wp-content\/uploads\/2024\/12\/2Fumot-RandM-Digital-Box-12000.webp 1200w, https:\/\/alfakherwelt.de\/wp-content\/uploads\/2024\/12\/2Fumot-RandM-Digital-Box-12000-300x192.webp 300w, https:\/\/alfakherwelt.de\/wp-content\/uploads\/2024\/12\/2Fumot-RandM-Digital-Box-12000-1024x656.webp 1024w, https:\/\/alfakherwelt.de\/wp-content\/uploads\/2024\/12\/2Fumot-RandM-Digital-Box-12000-768x492.webp 768w, https:\/\/alfakherwelt.de\/wp-content\/uploads\/2024\/12\/2Fumot-RandM-Digital-Box-12000-18x12.webp 18w, https:\/\/alfakherwelt.de\/wp-content\/uploads\/2024\/12\/2Fumot-RandM-Digital-Box-12000-600x385.webp 600w\" sizes=\"auto, (max-width: 1200px) 100vw, 1200px\" \/><\/p>","protected":false},"excerpt":{"rendered":"<div class=\"flex-shrink-0 flex flex-col relative items-end\">\n<div class=\"pt-0\">\n<div class=\"gizmo-shadow-stroke flex h-8 w-8 items-center justify-center overflow-hidden rounded-full\">\n<div class=\"h-full w-full\">\n<div class=\"flex-shrink-0 flex flex-col relative items-end\">\n<div class=\"pt-0\">\n<div class=\"gizmo-shadow-stroke flex h-8 w-8 items-center justify-center overflow-hidden rounded-full\">\n<div class=\"h-full w-full\">\n<div class=\"gizmo-shadow-stroke overflow-hidden rounded-full\">\n<div class=\"flex-1 overflow-hidden\">\n<div class=\"h-full\">\n<div class=\"react-scroll-to-bottom--css-nphjn-79elbk h-full\">\n<div class=\"react-scroll-to-bottom--css-nphjn-1n7m0yu\">\n<div class=\"flex flex-col text-sm md:pb-9\">\n<article class=\"w-full scroll-mb-[var(--thread-trailing-height,150px)] text-token-text-primary focus-visible:outline-2 focus-visible:outline-offset-[-4px]\" dir=\"auto\" data-testid=\"conversation-turn-5\" data-scroll-anchor=\"true\">\n<div class=\"m-auto text-base py-[18px] px-3 md:px-4 w-full md:px-5 lg:px-4 xl:px-5\">\n<div class=\"mx-auto flex flex-1 gap-4 text-base md:gap-5 lg:gap-6 md:max-w-3xl lg:max-w-[40rem] xl:max-w-[48rem]\">\n<div class=\"group\/conversation-turn relative flex w-full min-w-0 flex-col agent-turn\">\n<div class=\"flex-col gap-1 md:gap-3\">\n<div class=\"flex max-w-full flex-col flex-grow\">\n<div class=\"min-h-8 text-message flex w-full flex-col items-end gap-2 whitespace-normal break-words [.text-message+&amp;]:mt-5\" dir=\"auto\" data-message-author-role=\"assistant\" data-message-id=\"1982dcee-f0f5-4cfa-a269-fdbaed43d922\" data-message-model-slug=\"gpt-4o\">\n<div class=\"flex w-full flex-col gap-1 empty:hidden first:pt-[3px]\">\n<div class=\"markdown prose w-full break-words dark:prose-invert light\">\n<div class=\"flex-1 overflow-hidden\">\n<div class=\"h-full\">\n<div class=\"react-scroll-to-bottom--css-xrsce-79elbk h-full\">\n<div class=\"react-scroll-to-bottom--css-xrsce-1n7m0yu\">\n<div class=\"flex flex-col text-sm md:pb-9\">\n<article class=\"w-full scroll-mb-[var(--thread-trailing-height,150px)] text-token-text-primary focus-visible:outline-2 focus-visible:outline-offset-[-4px]\" dir=\"auto\" data-testid=\"conversation-turn-5\" data-scroll-anchor=\"true\">\n<div class=\"m-auto text-base py-[18px] px-3 md:px-4 w-full md:px-5 lg:px-4 xl:px-5\">\n<div class=\"mx-auto flex flex-1 gap-4 text-base md:gap-5 lg:gap-6 md:max-w-3xl lg:max-w-[40rem] xl:max-w-[48rem]\">\n<div class=\"group\/conversation-turn relative flex w-full min-w-0 flex-col agent-turn\">\n<div class=\"flex-col gap-1 md:gap-3\">\n<div class=\"flex max-w-full flex-col flex-grow\">\n<div class=\"min-h-8 text-message flex w-full flex-col items-end gap-2 whitespace-normal break-words [.text-message+&amp;]:mt-5\" dir=\"auto\" data-message-author-role=\"assistant\" data-message-id=\"1a0c8d71-a6be-4cc9-b460-deb3e7ecbf47\" data-message-model-slug=\"gpt-4o\">\n<div class=\"flex w-full flex-col gap-1 empty:hidden first:pt-[3px]\">\n<div class=\"markdown prose w-full break-words dark:prose-invert light\">\n<div class=\"flex-1 overflow-hidden\">\n<div class=\"h-full\">\n<div class=\"react-scroll-to-bottom--css-gqbzc-79elbk h-full\">\n<div class=\"react-scroll-to-bottom--css-gqbzc-1n7m0yu\">\n<div class=\"flex flex-col text-sm md:pb-9\">\n<article class=\"w-full scroll-mb-[var(--thread-trailing-height,150px)] text-token-text-primary focus-visible:outline-2 focus-visible:outline-offset-[-4px]\" dir=\"auto\" data-testid=\"conversation-turn-5\" data-scroll-anchor=\"true\">\n<div class=\"m-auto text-base py-[18px] px-3 md:px-4 w-full md:px-5 lg:px-4 xl:px-5\">\n<div class=\"mx-auto flex flex-1 gap-4 text-base md:gap-5 lg:gap-6 md:max-w-3xl lg:max-w-[40rem] xl:max-w-[48rem]\">\n<div class=\"group\/conversation-turn relative flex w-full min-w-0 flex-col agent-turn\">\n<div class=\"flex-col gap-1 md:gap-3\">\n<div class=\"flex max-w-full flex-col flex-grow\">\n<div class=\"min-h-8 text-message flex w-full flex-col items-end gap-2 whitespace-normal break-words [.text-message+&amp;]:mt-5\" dir=\"auto\" data-message-author-role=\"assistant\" data-message-id=\"ca066132-0777-4603-995e-a689971b3380\" data-message-model-slug=\"gpt-4o\">\n<div class=\"flex w-full flex-col gap-1 empty:hidden first:pt-[3px]\">\n<div class=\"markdown prose w-full break-words dark:prose-invert light\">\n<p>La <strong>Fumot RandM Digital Box 12000 Z\u00fcge Einweg E Zigarette \n\nbecomes \n\nFumot RandM Digital Box 12000 tiri Sigaretta elettronica usa e getta<\/strong> offre un'esperienza di svapo unica con 20 ml di e-liquid preinstallato, fino a 12000 tiri, una batteria ricaricabile da 550 mAh, 6 luci RGB e la possibilit\u00e0 di scegliere tra due livelli di nicotina, nonch\u00e9 un'ampia selezione di aromi intensi per svapatori esigenti.<\/p>\n<\/div>\n<\/div>\n<\/div>\n<\/div>\n<\/div>\n<\/div>\n<\/div>\n<\/div>\n<\/article>\n<\/div>\n<\/div>\n<\/div>\n<\/div>\n<\/div>\n<\/div>\n<\/div>\n<\/div>\n<\/div>\n<\/div>\n<\/div>\n<\/div>\n<\/div>\n<\/article>\n<\/div>\n<\/div>\n<\/div>\n<\/div>\n<\/div>\n<\/div>\n<\/div>\n<\/div>\n<\/div>\n<div class=\"pr-2 lg:pr-0\"><\/div>\n<div class=\"mt-3 w-full empty:hidden\">\n<div class=\"text-center\"><\/div>\n<\/div>\n<\/div>\n<div class=\"absolute\">\n<div class=\"flex items-center justify-center\"><\/div>\n<\/div>\n<\/div>\n<\/div>\n<\/div>\n<\/article>\n<\/div>\n<\/div>\n<\/div>\n<\/div>\n<\/div>\n<div class=\"md:pt-0 dark:border-white\/20 md:border-transparent md:dark:border-transparent w-full\">\n<div>\n<div class=\"m-auto text-base px-3 md:px-4 w-full md:px-5 lg:px-4 xl:px-5\">\n<div class=\"mx-auto flex flex-1 gap-4 text-base md:gap-5 lg:gap-6 md:max-w-3xl lg:max-w-[40rem] xl:max-w-[48rem]\">\n<div class=\"flex justify-center\"><\/div>\n<\/div>\n<\/div>\n<\/div>\n<\/div>\n<\/div>\n<\/div>\n<\/div>\n<\/div>\n<\/div>\n<\/div>\n<\/div>\n<\/div>\n<\/div>","protected":false},"featured_media":1475,"comment_status":"open","ping_status":"closed","template":"","meta":[],"product_brand":[],"product_cat":[57],"product_tag":[],"class_list":{"0":"post-1473","1":"product","2":"type-product","3":"status-publish","4":"has-post-thumbnail","6":"product_cat-randm-fumot-digital-box-12000","8":"first","9":"instock","10":"sale","11":"shipping-taxable","12":"purchasable","13":"product-type-simple"},"jetpack_sharing_enabled":true,"_links":{"self":[{"href":"https:\/\/alfakherwelt.de\/it\/wp-json\/wp\/v2\/product\/1473","targetHints":{"allow":["GET"]}}],"collection":[{"href":"https:\/\/alfakherwelt.de\/it\/wp-json\/wp\/v2\/product"}],"about":[{"href":"https:\/\/alfakherwelt.de\/it\/wp-json\/wp\/v2\/types\/product"}],"replies":[{"embeddable":true,"href":"https:\/\/alfakherwelt.de\/it\/wp-json\/wp\/v2\/comments?post=1473"}],"wp:featuredmedia":[{"embeddable":true,"href":"https:\/\/alfakherwelt.de\/it\/wp-json\/wp\/v2\/media\/1475"}],"wp:attachment":[{"href":"https:\/\/alfakherwelt.de\/it\/wp-json\/wp\/v2\/media?parent=1473"}],"wp:term":[{"taxonomy":"product_brand","embeddable":true,"href":"https:\/\/alfakherwelt.de\/it\/wp-json\/wp\/v2\/product_brand?post=1473"},{"taxonomy":"product_cat","embeddable":true,"href":"https:\/\/alfakherwelt.de\/it\/wp-json\/wp\/v2\/product_cat?post=1473"},{"taxonomy":"product_tag","embeddable":true,"href":"https:\/\/alfakherwelt.de\/it\/wp-json\/wp\/v2\/product_tag?post=1473"}],"curies":[{"name":"wp","href":"https:\/\/api.w.org\/{rel}","templated":true}]}}