{"id":1268,"date":"2024-11-22T11:13:33","date_gmt":"2024-11-22T11:13:33","guid":{"rendered":"https:\/\/alfakherwelt.de\/?post_type=product&#038;p=1268"},"modified":"2025-09-06T00:40:51","modified_gmt":"2025-09-06T00:40:51","slug":"al-fakher-crown-bar-8000-sbuffi-usa-e-getta-e-sigaretta-dolce-frutto-della-passione-20","status":"publish","type":"product","link":"https:\/\/alfakherwelt.de\/it\/prodotto\/al-fakher-crown-bar-8000-sbuffi-usa-e-getta-e-sigaretta-dolce-frutto-della-passione-20\/","title":{"rendered":"Airmez Matrix 25000 Z\u00fcge Einweg E Zigarette \u2013 Frozen Strawberry Drift \ntraduce a \n Airmez Matrix 25000 tiri Sigaretta elettronica usa e getta - Frozen Strawberry Drift"},"content":{"rendered":"<h3><a href=\"https:\/\/alfakherwelt.de\/it\/categoria-di-prodotto\/matrice-airmez-25000\/\">Airmez Matrix 25000<\/a> Disposable Vape - La scelta perfetta per le e-cigarette monouso in Germania<\/h3>\n<div style=\"width: 1020px;\" class=\"wp-video\"><video class=\"wp-video-shortcode\" id=\"video-1268-1\" width=\"1020\" height=\"1020\" preload=\"metadata\" controls=\"controls\"><source type=\"video\/mp4\" src=\"https:\/\/alfakherwelt.de\/wp-content\/uploads\/2024\/11\/Airmez-Matrix-25000-3.mp4?_=1\" \/><a href=\"https:\/\/alfakherwelt.de\/wp-content\/uploads\/2024\/11\/Airmez-Matrix-25000-3.mp4\">https:\/\/alfakherwelt.de\/wp-content\/uploads\/2024\/11\/Airmez-Matrix-25000-3.mp4<\/a><\/video><\/div>\n<h2><\/h2>\n<p>La Airmez Matrix 25000 rivoluziona il mondo delle sigarette elettroniche usa e getta e offre una combinazione di tecnologia innovativa, gusto squisito e eccezionale facilit\u00e0 d'uso. Questa vape \u00e8 pi\u00f9 di un semplice prodotto usa e getta: \u00e8 una dichiarazione di qualit\u00e0 e design avanzato. Se stai cercando in Germania una sigaretta elettronica usa e getta potente, elegante e affidabile con nicotina, la Airmez Matrix 25000 \u00e8 la scelta giusta.<\/p>\n<hr \/>\n<h2><strong>Perch\u00e9 le <a href=\"https:\/\/alfakherwelt.de\/it\/categoria-di-prodotto\/matrice-airmez-25000\/\">Airmez Matrix 25000<\/a>?<\/strong><\/h2>\n<p>La Airmez Matrix 25000 \u00e8 dotata della tecnologia pi\u00f9 avanzata per garantire un'esperienza di svapo superiore. Con bobine a rete duale, uno schermo tattile da 2,1 pollici e due modalit\u00e0 di potenza, ridefinisce lo svapo.<\/p>\n<hr \/>\n<h3><strong>Descrizione del prodotto: perfezione in tecnica e design<\/strong><\/h3>\n<p>La Airmez Matrix 25000 offre una prestazione di vapore senza pari grazie alle sue doppie bobine a rete, che garantiscono un calore uniforme e un gusto intenso. Il flusso d'aria regolabile consente di personalizzare l'esperienza di svapo, da una tirata pi\u00f9 stretta a una pi\u00f9 aperta e ariosa.<\/p>\n<p>Un punto saliente particolare \u00e8 il display touchscreen da 2,1 pollici, che non solo ha un aspetto elegante, ma offre anche funzioni pratiche come la visualizzazione del livello della batteria e dell'e-liquid. Ci\u00f2 garantisce di avere sempre il pieno controllo. Con fino a 25.000 tiri in modalit\u00e0 normale o 15.000 tiri in modalit\u00e0 boost, l'Airmez Matrix 25000 offre un'eccezionale longevit\u00e0.<\/p>\n<hr \/>\n<h3><strong>Principali caratteristiche in un colpo d'occhio<\/strong><\/h3>\n<ul>\n<li><strong>Bobine a doppia maglia:<\/strong> Per un sapore intenso e un denso vapore.<\/li>\n<li><strong>Flusso d'aria regolabile:<\/strong> Ottimizza la tua tecnica di tiro secondo i tuoi gusti.<\/li>\n<li><strong>Schermo tattile 2,1 pollici:<\/strong> Facile da usare con display di livello della batteria e indicatore di liquido elettronico.<\/li>\n<li><strong>Due modalit\u00e0 di prestazione:<\/strong> Seleziona tra la modalit\u00e0 Normale (fino a 25.000 tiri) o la modalit\u00e0 Boost (fino a 15.000 tiri).<\/li>\n<li><strong>Carica USB-C:<\/strong> Caricamento rapido ed efficiente.<\/li>\n<li><strong>Con nicotina:<\/strong> Contiene 5 % nicotina per un'esperienza soddisfacente.<\/li>\n<li><strong>Trazione attivata:<\/strong> Einfache Bedienung ohne Knopfdruck. \nSemplice operazione senza pressione di un pulsante.<\/li>\n<\/ul>\n<hr \/>\n<h2><strong>Scoprite i sapori unici<\/strong><\/h2>\n<h3><strong>Frozen Strawberry Drift<\/strong><\/h3>\n<p>Questo gusto unisce la dolcezza succosa di fragole fresche con un colpo di freddo che garantisce un piacevole rinfresco. Al primo tiro si sviluppa l'autentico gusto di fragola, che ricorda un frutto appena colto. Il finale offre una nota gelida che lascia un retrogusto fresco e rivitalizzante.<\/p>\n<p><img loading=\"lazy\" decoding=\"async\" class=\"alignnone wp-image-1246 size-full\" src=\"https:\/\/alfakherwelt.de\/wp-content\/uploads\/2024\/11\/Airmez-Matrix-25000-2.webp\" alt=\"Airmez Matrix 25000 Z\u00fcge Einweg E Zigarette - Frozen Strawberry Drift traduce a  Airmez Matrix 25000 tiri Sigaretta elettronica usa e getta - Frozen Strawberry Drift\" width=\"1280\" height=\"1280\" title=\"\" srcset=\"https:\/\/alfakherwelt.de\/wp-content\/uploads\/2024\/11\/Airmez-Matrix-25000-2.webp 1280w, https:\/\/alfakherwelt.de\/wp-content\/uploads\/2024\/11\/Airmez-Matrix-25000-2-300x300.webp 300w, https:\/\/alfakherwelt.de\/wp-content\/uploads\/2024\/11\/Airmez-Matrix-25000-2-1024x1024.webp 1024w, https:\/\/alfakherwelt.de\/wp-content\/uploads\/2024\/11\/Airmez-Matrix-25000-2-150x150.webp 150w, https:\/\/alfakherwelt.de\/wp-content\/uploads\/2024\/11\/Airmez-Matrix-25000-2-768x768.webp 768w, https:\/\/alfakherwelt.de\/wp-content\/uploads\/2024\/11\/Airmez-Matrix-25000-2-12x12.webp 12w, https:\/\/alfakherwelt.de\/wp-content\/uploads\/2024\/11\/Airmez-Matrix-25000-2-600x600.webp 600w, https:\/\/alfakherwelt.de\/wp-content\/uploads\/2024\/11\/Airmez-Matrix-25000-2-100x100.webp 100w\" sizes=\"auto, (max-width: 1280px) 100vw, 1280px\" \/><\/p>\n<h2><strong>Perch\u00e9 presso <a href=\"https:\/\/alfakherwelt.de\/it\/\">alfakherwelt.de<\/a> Comprare?<\/strong><\/h2>\n<p>Come la pi\u00f9 grande piattaforma per sigarette elettroniche monouso in Germania, offriamo una vasta gamma di prodotti e una qualit\u00e0 garantita. I nostri prodotti sono autentici, testati e rappresentano un piacere di alta qualit\u00e0.<\/p>\n<hr \/>\n<h3><strong>Ora <a href=\"https:\/\/alfakherwelt.de\/it\/categoria-di-prodotto\/matrice-airmez-25000\/\">Airmez Matrix 25000<\/a> Acquista vape!<\/strong><\/h3>\n<p>Sperimenta la prossima generazione di svapo e ordina oggi stesso la tua Airmez Matrix 25000 su alfakherwelt.de. Goditi la combinazione di tecnologia e gusto - una sigaretta elettronica usa e getta che convince davvero.<\/p>","protected":false},"excerpt":{"rendered":"<div class=\"flex-shrink-0 flex flex-col relative items-end\">\n<div class=\"pt-0\">\n<div class=\"gizmo-shadow-stroke flex h-8 w-8 items-center justify-center overflow-hidden rounded-full\">\n<div class=\"h-full w-full\">La <strong>Airmez Matrix 25000<\/strong> Sigaretta elettronica usa e getta che unisce la tecnologia pi\u00f9 avanzata come le bobine a rete duale, un touchscreen da 2,1 pollici e un flusso d'aria regolabile con sapori intensi e fino a 25.000 tiri per un'esperienza di svapo di prima classe.<\/div>\n<\/div>\n<\/div>\n<\/div>","protected":false},"featured_media":1258,"comment_status":"open","ping_status":"closed","template":"","meta":[],"product_brand":[],"product_cat":[53],"product_tag":[],"class_list":{"0":"post-1268","1":"product","2":"type-product","3":"status-publish","4":"has-post-thumbnail","6":"product_cat-airmez-matrix-25000","8":"first","9":"instock","10":"sale","11":"shipping-taxable","12":"purchasable","13":"product-type-simple"},"jetpack_sharing_enabled":true,"_links":{"self":[{"href":"https:\/\/alfakherwelt.de\/it\/wp-json\/wp\/v2\/product\/1268","targetHints":{"allow":["GET"]}}],"collection":[{"href":"https:\/\/alfakherwelt.de\/it\/wp-json\/wp\/v2\/product"}],"about":[{"href":"https:\/\/alfakherwelt.de\/it\/wp-json\/wp\/v2\/types\/product"}],"replies":[{"embeddable":true,"href":"https:\/\/alfakherwelt.de\/it\/wp-json\/wp\/v2\/comments?post=1268"}],"wp:featuredmedia":[{"embeddable":true,"href":"https:\/\/alfakherwelt.de\/it\/wp-json\/wp\/v2\/media\/1258"}],"wp:attachment":[{"href":"https:\/\/alfakherwelt.de\/it\/wp-json\/wp\/v2\/media?parent=1268"}],"wp:term":[{"taxonomy":"product_brand","embeddable":true,"href":"https:\/\/alfakherwelt.de\/it\/wp-json\/wp\/v2\/product_brand?post=1268"},{"taxonomy":"product_cat","embeddable":true,"href":"https:\/\/alfakherwelt.de\/it\/wp-json\/wp\/v2\/product_cat?post=1268"},{"taxonomy":"product_tag","embeddable":true,"href":"https:\/\/alfakherwelt.de\/it\/wp-json\/wp\/v2\/product_tag?post=1268"}],"curies":[{"name":"wp","href":"https:\/\/api.w.org\/{rel}","templated":true}]}}