{"id":318,"date":"2024-09-04T13:00:46","date_gmt":"2024-09-04T13:00:46","guid":{"rendered":"https:\/\/alfakherwelt.de\/?page_id=318"},"modified":"2024-10-13T12:47:31","modified_gmt":"2024-10-13T12:47:31","slug":"politiche-di-spedizione","status":"publish","type":"page","link":"https:\/\/alfakherwelt.de\/it\/politiche-di-spedizione\/","title":{"rendered":"Politiche di spedizione"},"content":{"rendered":"<p>Benvenuti nel mondo di Al Fakher! Siamo lieti di offrirvi le migliori sigarette elettroniche usa e getta del marchio Al Fakher. Per garantire un'esperienza di acquisto senza problemi, di seguito troverete le nostre politiche di spedizione:<\/p>\n<h4>Tempi di elaborazione e durata della spedizione<\/h4>\n<p>Tutte le ordinazioni vengono elaborate e spedite entro 1-3 giorni lavorativi. Si prega di notare che non elaboriamo n\u00e9 spediamo ordinazioni nei fine settimana e nelle festivit\u00e0.<\/p>\n<p>Il tempo di consegna \u00e8 generalmente di 3-7 giorni lavorativi, a seconda della posizione e del metodo di spedizione scelto. Spediamo i nostri prodotti direttamente dal nostro magazzino europeo per garantire una consegna rapida e affidabile.<\/p>\n<h4>Metodi di spedizione e paesi<\/h4>\n<p>Offriamo la spedizione in tutta Europa e collaboriamo con diversi fornitori di servizi di spedizione per offrirti opzioni di consegna flessibili e affidabili. La spedizione avviene in Germania e nella maggior parte dei paesi dell'UE.<\/p>\n<p>A partire da un ordine di valore di <strong>49,99 \u20ac<\/strong> offriamo <strong>Spedizione gratuita in Germania<\/strong> Per ordini al di sotto di questo valore sono applicate le spese di spedizione, che verranno calcolate al momento del checkout.<\/p>\n<p>Per i seguenti paesi offriamo di default la spedizione:<\/p>\n<ul>\n<li>Deutschland<\/li>\n<li>Belgio<\/li>\n<li>Paesi Bassi<\/li>\n<li>Lussemburgo<\/li>\n<li>Francia<\/li>\n<li>Italia<\/li>\n<li>Austria<\/li>\n<li>Polonia<\/li>\n<li>D\u00e4nemark<\/li>\n<li>Svezia<\/li>\n<li>Finlandia<\/li>\n<li>Repubblica Ceca<\/li>\n<li>Slovacchia<\/li>\n<li>Spagna<\/li>\n<li>Portogallo<\/li>\n<li>Greece<\/li>\n<li>Irlanda<\/li>\n<\/ul>\n<p>Se il vostro paese non \u00e8 nell'elenco, contattateci per informazioni dettagliate sui metodi e sui costi di spedizione.<\/p>\n<h4>Tracciamento della spedizione<\/h4>\n<p>Non appena la sua ordinazione sar\u00e0 stata spedita, ricever\u00e0 un'email con il numero di tracciamento. Potr\u00e0 controllare lo stato della sua consegna tramite il link nell'email in qualsiasi momento. Si prega di notare che potrebbero passare 1-2 giorni prima che le informazioni di tracciamento vengano aggiornate.<\/p>\n<h4>Modifiche e cancellazioni<\/h4>\n<p>Puoi modificare o cancellare il tuo ordine o l'indirizzo di consegna in qualsiasi momento prima della spedizione. Una volta inviato l'ordine, non possono essere apportate ulteriori modifiche.<\/p>\n<h4>Dazi e tasse<\/h4>\n<p>Per gli ordini all'interno dell'Unione Europea non sono applicabili dazi doganali o imposte d'importazione aggiuntive. Ci occupiamo di tutte le formalit\u00e0 necessarie in modo che tu possa ricevere il tuo ordine senza stress.<\/p>\n<p>&nbsp;<\/p>\n<p>Se hai altre domande o hai bisogno di supporto, contatta il nostro servizio clienti a: <strong><a rel=\"noopener\">info@alfakherwelt.de<\/a><\/strong>.<\/p>\n<p>Grazie mille per aver scelto Al Fakher Welt. Auguriamo che i nostri prodotti vi diano grande soddisfazione!<\/p>","protected":false},"excerpt":{"rendered":"<p>Benvenuti nel mondo di Al Fakher! Siamo lieti di offrirvi le migliori sigarette elettroniche usa e getta del marchio Al Fakher. Per garantire un'esperienza di acquisto senza problemi, di seguito trovate le nostre politiche di spedizione: Tempi di elaborazione e durata della spedizione Tutti gli ordini vengono elaborati e spediti entro 1-3 giorni lavorativi. Si prega di notare che non elaboriamo n\u00e9 spediamo ordini nei fine settimana e nei giorni festivi.","protected":false},"author":1,"featured_media":0,"parent":0,"menu_order":0,"comment_status":"closed","ping_status":"closed","template":"page-blank-title-center.php","meta":{"footnotes":""},"class_list":["post-318","page","type-page","status-publish","hentry"],"jetpack_sharing_enabled":true,"_links":{"self":[{"href":"https:\/\/alfakherwelt.de\/it\/wp-json\/wp\/v2\/pages\/318","targetHints":{"allow":["GET"]}}],"collection":[{"href":"https:\/\/alfakherwelt.de\/it\/wp-json\/wp\/v2\/pages"}],"about":[{"href":"https:\/\/alfakherwelt.de\/it\/wp-json\/wp\/v2\/types\/page"}],"author":[{"embeddable":true,"href":"https:\/\/alfakherwelt.de\/it\/wp-json\/wp\/v2\/users\/1"}],"replies":[{"embeddable":true,"href":"https:\/\/alfakherwelt.de\/it\/wp-json\/wp\/v2\/comments?post=318"}],"version-history":[{"count":0,"href":"https:\/\/alfakherwelt.de\/it\/wp-json\/wp\/v2\/pages\/318\/revisions"}],"wp:attachment":[{"href":"https:\/\/alfakherwelt.de\/it\/wp-json\/wp\/v2\/media?parent=318"}],"curies":[{"name":"wp","href":"https:\/\/api.w.org\/{rel}","templated":true}]}}