{"id":807,"date":"2024-10-24T13:21:47","date_gmt":"2024-10-24T13:21:47","guid":{"rendered":"https:\/\/alfakherwelt.de\/?post_type=product&#038;p=807"},"modified":"2025-03-18T08:51:33","modified_gmt":"2025-03-18T08:51:33","slug":"ai-fakher-crown-bar-15000-bouffees-cigarette-electronique-jetable-glace-aux-baies","status":"publish","type":"product","link":"https:\/\/alfakherwelt.de\/fr\/produit\/ai-fakher-crown-bar-15000-bouffees-cigarette-electronique-jetable-glace-aux-baies\/","title":{"rendered":"AI Fakher Crown Bar 15000 tirages cigarette \u00e9lectronique jetable - Berry Ice"},"content":{"rendered":"<h3><img loading=\"lazy\" decoding=\"async\" class=\"alignnone size-full wp-image-809\" src=\"https:\/\/alfakherwelt.de\/wp-content\/uploads\/2024\/10\/2AI-Fakher-Crown-Bar-15000.webp\" alt=\"AI Fakher Crown Bar 15000 tirages cigarette \u00e9lectronique jetable - Berry Ice\" width=\"1920\" height=\"1080\" title=\"\" srcset=\"https:\/\/alfakherwelt.de\/wp-content\/uploads\/2024\/10\/2AI-Fakher-Crown-Bar-15000.webp 1920w, https:\/\/alfakherwelt.de\/wp-content\/uploads\/2024\/10\/2AI-Fakher-Crown-Bar-15000-300x169.webp 300w, https:\/\/alfakherwelt.de\/wp-content\/uploads\/2024\/10\/2AI-Fakher-Crown-Bar-15000-1024x576.webp 1024w, https:\/\/alfakherwelt.de\/wp-content\/uploads\/2024\/10\/2AI-Fakher-Crown-Bar-15000-768x432.webp 768w, https:\/\/alfakherwelt.de\/wp-content\/uploads\/2024\/10\/2AI-Fakher-Crown-Bar-15000-1536x864.webp 1536w, https:\/\/alfakherwelt.de\/wp-content\/uploads\/2024\/10\/2AI-Fakher-Crown-Bar-15000-600x338.webp 600w\" sizes=\"auto, (max-width: 1920px) 100vw, 1920px\" \/><\/h3>\n<h3><a href=\"https:\/\/alfakherwelt.de\/fr\/categorie-de-produit\/barre-de-couronne-ai-fakher-15000\/\">Al Fakher Crown Bar 15000 PRO<\/a>: La cigarette \u00e9lectronique jetable ultime pour l'Allemagne<\/h3>\n<p>La <strong>Al Fakher Crown Bar 15000 PRO<\/strong> est la derni\u00e8re innovation dans le monde de la <strong>E-cigarettes jetables<\/strong>Avec pas moins de 15 000 mouvements, un \u00e9cran LED avanc\u00e9 et un <strong>batterie rechargeable de 600mAh USB-C<\/strong>offre la solution parfaite pour les amateurs de vape en Allemagne. Cette e-cigarette combine design moderne, technologie et les bien connus <strong>Al Fakher Aromen<\/strong> dans un appareil pratique. Que ce soit pour les nouveaux utilisateurs ou les vapoteurs exp\u00e9riment\u00e9s, cet appareil offre une exp\u00e9rience unique.<\/p>\n<hr \/>\n<h3>Description du produit<\/h3>\n<p>La <a href=\"https:\/\/alfakherwelt.de\/fr\/categorie-de-produit\/barre-de-couronne-ai-fakher-15000\/\"><strong>Al Fakher Crown Bar 15000 PRO<\/strong><\/a> est l'une des plus puissantes <strong>E-cigarettes jetables<\/strong> sur le march\u00e9. \u00c9quip\u00e9 d'une impressionnante contenance de 22 ml de e-liquide de haute qualit\u00e9 et d'une batterie de 600 mAh <strong>Batterie rechargeable USB-C<\/strong>permet \u00e0 cet appareil jusqu'\u00e0 <strong>15 000 trains<\/strong>. Gr\u00e2ce \u00e0 l'\u00e9cran LED int\u00e9gr\u00e9, les utilisateurs ont toujours une vue d'ensemble sur le <strong>E-Liquid-Stand<\/strong> et le <strong>\u00c9tat de la batterie<\/strong>Le design \u00e9l\u00e9gant et ergonomique avec le logo int\u00e9gr\u00e9 fait de cet appareil un v\u00e9ritable objet de convoitise.<\/p>\n<p>Cette <strong>Cigarette \u00e9lectronique jetable<\/strong> est particuli\u00e8rement adapt\u00e9 pour ceux qui accordent de l'importance \u00e0 <strong>grande formation de nuages<\/strong>une utilisation \u00e0 long terme et une manipulation simple. Un autre avantage est la grande <strong>Vari\u00e9t\u00e9 d'ar\u00f4mes<\/strong>les Al Fakher de ses traditions <strong>Ar\u00f4mes de tabac pour narguil\u00e9<\/strong> a repris et qu'il a maintenant parfaitement adapt\u00e9es \u00e0 <strong>Vapotage<\/strong> a vot\u00e9.<\/p>\n<hr \/>\n<h3>D\u00e9tails techniques et particularit\u00e9s<\/h3>\n<ul>\n<li><strong>Nombre de bouff\u00e9es<\/strong>: Plus de 15 000 trains<\/li>\n<li><strong>Contenance<\/strong>: 22ml E-Liquid<\/li>\n<li><strong>Teneur en nicotine<\/strong>: 5% (50mg)<\/li>\n<li><strong>Capacit\u00e9 de la batterie<\/strong>: Batterie rechargeable 600mAh USB-C<\/li>\n<li><strong>Temps de chargement<\/strong>: Prise USB-C pour une charge rapide (c\u00e2ble non inclus)<\/li>\n<li><strong>Affichage LED<\/strong>: Affichage du niveau de e-liquide et de l'\u00e9tat de la batterie<\/li>\n<li><strong>Conception<\/strong>: Ergonomique avec logo int\u00e9gr\u00e9<\/li>\n<li><strong>Compatibilit\u00e9<\/strong>Parfait pour \u00eatre emport\u00e9 partout et pour une utilisation quotidienne<\/li>\n<li><strong>Particularit\u00e9<\/strong>: Long\u00e9vit\u00e9 gr\u00e2ce au nombre \u00e9lev\u00e9 de voyages<\/li>\n<\/ul>\n<p>Ces d\u00e9tails font les <strong>Crown Bar 15000 PRO<\/strong> le choix optimal pour tous ceux qui recherchent un produit fiable et puissant <strong>Dispositif de vapotage<\/strong> chercher.<\/p>\n<hr \/>\n<h3>Vari\u00e9t\u00e9 des go\u00fbts - Plus qu'un simple plaisir<\/h3>\n<p>Al Fakher est connu pour ses produits distinctifs <strong>Aromas<\/strong>qui ont une longue tradition dans le domaine du Shisha. Cette expertise a maintenant \u00e9t\u00e9 \u00e9tendue au monde de <strong>Vapes jetables<\/strong> transf\u00e9rer pour obtenir un premier plan <strong>Exp\u00e9rience de vapeur<\/strong> garantir. Les <strong>Crown Bar 15000 PRO<\/strong> offre une grande vari\u00e9t\u00e9 de saveurs d\u00e9licieuses, toutes soigneusement d\u00e9velopp\u00e9es pour fournir une saveur authentique et intense. Une saveur particuli\u00e8rement populaire est <strong>Berry Ice<\/strong>.<\/p>\n<h4><strong>Berry Ice<\/strong>: Jouissance fruit\u00e9e avec une touche glac\u00e9e<\/h4>\n<p>Le <strong>Berry Ice<\/strong> ar\u00f4me de <strong>Al Fakher Crown Bar 15000 PRO<\/strong> combine le go\u00fbt intense de baies sucr\u00e9es avec une fra\u00eecheur rafra\u00eechissante. D\u00e8s la premi\u00e8re bouff\u00e9e, la saveur compl\u00e8te se d\u00e9ploie <strong>go\u00fbt de bi\u00e8re<\/strong>qui rappelle des fruits m\u00fbrs et juteux. C'est un m\u00e9lange harmonieux de diff\u00e9rentes vari\u00e9t\u00e9s de baies qui se distinguent par leur douceur, mais offrent \u00e9galement une acidit\u00e9 naturelle qui assure la vari\u00e9t\u00e9.<\/p>\n<p>La composante fruit\u00e9e est assur\u00e9e par une subtile <strong>Note de glace<\/strong> compl\u00e8te, qui donne \u00e0 chaque trajet une fra\u00eecheur agr\u00e9able. Cette effet rafra\u00eechissant rend le <strong>Aroma de glace aux baies<\/strong> pour un choix parfait pour les journ\u00e9es chaudes d'\u00e9t\u00e9 ou les moments o\u00f9 l'on a simplement besoin d'un coup de fouet frais et revitalisant. L'ar\u00f4me reste constant sur l'ensemble des 15 000 bouff\u00e9es et ne perd pas d'intensit\u00e9 m\u00eame apr\u00e8s une utilisation prolong\u00e9e.<\/p>\n<p>Chaque ar\u00f4me de la <strong>Crown Bar 15000 PRO<\/strong> a \u00e9t\u00e9 con\u00e7u pour convenir aussi bien aux nouveaux venus qu'aux vapoteurs exp\u00e9riment\u00e9s. Les ar\u00f4mes sont pleins, intenses et offrent une exp\u00e9rience globalement satisfaisante.<\/p>\n<hr \/>\n<h3>Pourquoi les <a href=\"https:\/\/alfakherwelt.de\/fr\/categorie-de-produit\/barre-de-couronne-ai-fakher-15000\/\">Al Fakher Crown Bar 15000 PRO<\/a> le meilleur choix est<\/h3>\n<ol>\n<li><strong>Durabilit\u00e9<\/strong>: Avec <strong>15 000 trains<\/strong> ce dispositif dure nettement plus longtemps que beaucoup d'autres <strong>E-cigarettes jetables<\/strong> sur le march\u00e9.<\/li>\n<li><strong>Vari\u00e9t\u00e9 d'ar\u00f4mes<\/strong>: Le choix des ar\u00f4mes, tels que <strong>Berry Ice<\/strong>offre une exp\u00e9rience adapt\u00e9e \u00e0 chaque go\u00fbt.<\/li>\n<li><strong>Confort<\/strong>: Gr\u00e2ce \u00e0 la <strong>batterie rechargeable<\/strong> et la manipulation simple est la <strong>Crown Bar 15000 PRO<\/strong> id\u00e9al pour unterwegs.<\/li>\n<li><strong>Design innovant<\/strong>: La conception ergonomique et les <strong>Affichage \u00e0 LED<\/strong> offrent non seulement du confort, mais \u00e9galement une apparence moderne et \u00e9l\u00e9gante.<\/li>\n<li><strong>Fiabilit\u00e9<\/strong>Al Fakher est synonyme de qualit\u00e9 et de go\u00fbt depuis des d\u00e9cennies - une marque \u00e0 laquelle on peut faire confiance.<\/li>\n<li><strong>Achat simple<\/strong>Visitez notre site Web <a href=\"https:\/\/alfakherwelt.de\/fr\/\" target=\"_new\" rel=\"noopener\"><strong>alfakherwelt.de<\/strong><\/a> et d\u00e9couvrez notre large s\u00e9lection de <strong>E-cigarettes jetables<\/strong>.<\/li>\n<\/ol>\n<hr \/>\n<h3>Al Fakher Crown Bar 15000 PRO \u2013 \u00c9levez votre exp\u00e9rience de vapotage \u00e0 un niveau sup\u00e9rieur<\/h3>\n<p>Avec la <strong>Al Fakher Crown Bar 15000 PRO<\/strong> ont la solution parfaite pour vos <strong>Vape-Bed\u00fcrfnisse \nLes besoins en mati\u00e8re de vape<\/strong> retrouv\u00e9. Que vous cherchiez un appareil qui dure longtemps ou qui offre des performances intensives, <strong>Saveurs<\/strong>qui font de chaque trajet une exp\u00e9rience - ce produit offre tout ce que le c\u0153ur d'un fumeur de vapeur d\u00e9sire.<\/p>\n<p>Ne manquez pas l'occasion de <strong>produit de haute qualit\u00e9<\/strong> \u00e0 tester. Visitez-nous sur <a href=\"https:\/\/alfakherwelt.de\/fr\/\" target=\"_new\" rel=\"noopener\"><strong>alfakherwelt.de<\/strong><\/a> et d\u00e9couvrez le monde de la vape dans une nouvelle dimension. Avec la <strong>Al Fakher Crown Bar 15000 PRO<\/strong> vous serez certainement satisfait !<\/p>","protected":false},"excerpt":{"rendered":"<p>La <strong>Al Fakher Crown Bar 15000 PRO<\/strong> est une cigarette \u00e9lectronique jetable rechargeable avec une capacit\u00e9 de 15 000 bouff\u00e9es, un r\u00e9servoir de e-liquide de 22 ml, un \u00e9cran LED avanc\u00e9 pour afficher le niveau de e-liquide et de batterie, ainsi que des ar\u00f4mes intenses et rafra\u00eechissants tels que <strong>Berry Ice<\/strong>disponible sur <strong>alfakherwelt.de<\/strong>.<\/p>","protected":false},"featured_media":808,"comment_status":"open","ping_status":"closed","template":"","meta":[],"product_brand":[],"product_cat":[25],"product_tag":[],"class_list":{"0":"post-807","1":"product","2":"type-product","3":"status-publish","4":"has-post-thumbnail","6":"product_cat-ai-fakher-crown-bar-15000","8":"first","9":"outofstock","10":"sale","11":"shipping-taxable","12":"purchasable","13":"product-type-simple"},"jetpack_sharing_enabled":true,"_links":{"self":[{"href":"https:\/\/alfakherwelt.de\/fr\/wp-json\/wp\/v2\/product\/807","targetHints":{"allow":["GET"]}}],"collection":[{"href":"https:\/\/alfakherwelt.de\/fr\/wp-json\/wp\/v2\/product"}],"about":[{"href":"https:\/\/alfakherwelt.de\/fr\/wp-json\/wp\/v2\/types\/product"}],"replies":[{"embeddable":true,"href":"https:\/\/alfakherwelt.de\/fr\/wp-json\/wp\/v2\/comments?post=807"}],"wp:featuredmedia":[{"embeddable":true,"href":"https:\/\/alfakherwelt.de\/fr\/wp-json\/wp\/v2\/media\/808"}],"wp:attachment":[{"href":"https:\/\/alfakherwelt.de\/fr\/wp-json\/wp\/v2\/media?parent=807"}],"wp:term":[{"taxonomy":"product_brand","embeddable":true,"href":"https:\/\/alfakherwelt.de\/fr\/wp-json\/wp\/v2\/product_brand?post=807"},{"taxonomy":"product_cat","embeddable":true,"href":"https:\/\/alfakherwelt.de\/fr\/wp-json\/wp\/v2\/product_cat?post=807"},{"taxonomy":"product_tag","embeddable":true,"href":"https:\/\/alfakherwelt.de\/fr\/wp-json\/wp\/v2\/product_tag?post=807"}],"curies":[{"name":"wp","href":"https:\/\/api.w.org\/{rel}","templated":true}]}}