{"id":495,"date":"2024-09-20T09:27:02","date_gmt":"2024-09-20T09:27:02","guid":{"rendered":"https:\/\/alfakherwelt.de\/?post_type=product&#038;p=495"},"modified":"2026-03-12T17:35:53","modified_gmt":"2026-03-12T17:35:53","slug":"al-fakher-crown-bar-8000-bouffees-cigarette-electronique-jetable-flash-blanc","status":"publish","type":"product","link":"https:\/\/alfakherwelt.de\/fr\/produit\/al-fakher-crown-bar-8000-bouffees-cigarette-electronique-jetable-flash-blanc\/","title":{"rendered":"AL Fakher Crown Bar 8000 tirages cigarette \u00e9lectronique jetable - White Flash"},"content":{"rendered":"<div style=\"width: 362px;\" class=\"wp-video\"><video class=\"wp-video-shortcode\" id=\"video-495-1\" width=\"362\" height=\"640\" preload=\"metadata\" controls=\"controls\"><source type=\"video\/mp4\" src=\"https:\/\/alfakherwelt.de\/wp-content\/uploads\/2024\/09\/AL-Fakher-Vape-Blueberry-Gum.mp4?_=1\" \/><a href=\"https:\/\/alfakherwelt.de\/wp-content\/uploads\/2024\/09\/AL-Fakher-Vape-Blueberry-Gum.mp4\">https:\/\/alfakherwelt.de\/wp-content\/uploads\/2024\/09\/AL-Fakher-Vape-Blueberry-Gum.mp4<\/a><\/video><\/div>\n<h2><a href=\"https:\/\/alfakherwelt.de\/fr\/\">AL Fakher<\/a> Crown Bar Disposable 8000 tirages - Cigarette \u00e9lectronique jetable de classe extraordinaire<\/h2>\n<h3>Description du produit :<\/h3>\n<p>Le <a href=\"https:\/\/alfakherwelt.de\/fr\/categorie-de-produit\/barre-de-couronne-al-fakher-8000\/\"><strong>AL Fakher Crown Bar 8000 tir\u00e9es<\/strong><\/a> est la cigarette \u00e9lectronique jetable ultime, qui combine design, saveur et fonctionnalit\u00e9 \u00e0 un niveau sup\u00e9rieur. Avec un nombre impressionnant de <strong>8 000 trains \nor \n8000 trains<\/strong> offre une exp\u00e9rience prolong\u00e9e pour tous ceux qui recherchent une exp\u00e9rience de vapotage simple mais luxueuse. Il se distingue par son design ergonomique \u00e9l\u00e9gant et un concept de couleurs vives, \u00e0 la fois esth\u00e9tique et pratique. Avec un <strong>batterie rechargeable de 600mAh<\/strong> et un <strong>Connecteur de type C<\/strong> Ce dispositif est pr\u00eat pour une utilisation continue et parfaitement adapt\u00e9 pour une utilisation en d\u00e9placement.<\/p>\n<p>La <strong>18ml de liquide \u00e9lectronique pr\u00e9rempli<\/strong> avec une teneur en nicotine de <strong>5% Nikotinsalz<\/strong> cr\u00e9e un d\u00e9veloppement de vapeur intense et satisfait l'envie de nicotine \u00e0 chaque bouff\u00e9e. Gr\u00e2ce au <strong>syst\u00e8mes activ\u00e9s par le train<\/strong> aucune manipulation compliqu\u00e9e n'est n\u00e9cessaire - simplement tirer et appr\u00e9cier. Une fois que l'e-liquide est \u00e9puis\u00e9, une lumi\u00e8re signale la fin de la dur\u00e9e d'utilisation.<\/p>\n<h3>Fonctionnalit\u00e9s :<\/h3>\n<ul>\n<li><strong>Durable<\/strong> Jusqu'\u00e0 <strong>8000 trains<\/strong> avec une charge pour une exp\u00e9rience de vape prolong\u00e9e.<\/li>\n<li><strong>Grand volume de liquide :<\/strong> <strong>18ml<\/strong> E-liquide pr\u00e9rempli avec <strong>5% Nikotinsalz<\/strong> (50mg) pour une jouissance intense.<\/li>\n<li><strong>Accumulateur rechargeable<\/strong> Int\u00e9gr\u00e9 <strong>Batterie 600mAh<\/strong> avec <strong>Prise de charge de type C<\/strong>.<\/li>\n<li><strong>Activation du train :<\/strong> Pas besoin de boutons - simplement tirer pour vapoter.<\/li>\n<li><strong>Design ergonomique:<\/strong> Mince, l\u00e9ger et maniable, id\u00e9al pour \u00eatre emport\u00e9.<\/li>\n<li><strong>Mat\u00e9riaux de haute qualit\u00e9 :<\/strong> Construction robuste pour une exp\u00e9rience de vapeur durable et s\u00fbre.<\/li>\n<li><strong>Une diversit\u00e9 vari\u00e9e d'ar\u00f4mes :<\/strong> D\u00e9couvrez une large gamme de saveurs qui r\u00e9pondent \u00e0 tous les go\u00fbts.<\/li>\n<\/ul>\n<h3>Description d\u00e9taill\u00e9e du go\u00fbt - White Flash<\/h3>\n<p>Le go\u00fbt \"<strong>White Flash<\/strong>\"offre une combinaison incomparable de notes fra\u00eeches, fruit\u00e9es et rafra\u00eechissantes. D\u00e8s la premi\u00e8re gorg\u00e9e, le palais est envelopp\u00e9 d'une douceur suave qui rappelle les fruits exotiques juteux. Cette explosion de saveurs vivantes combine un \u00e9quilibre subtil de fruits citriques et de baies sucr\u00e9es, qui se compl\u00e8tent parfaitement par leur fra\u00eecheur rafra\u00eechissante.<\/p>\n<p>Dans le premier moment, domine le go\u00fbt intense de <strong>Citron<\/strong> et <strong>Citron vert<\/strong>qui procure imm\u00e9diatement un coup de frais. Ces ar\u00f4mes citronn\u00e9s donnent \u00e0 chaque bouff\u00e9e une fra\u00eecheur p\u00e9tillante qui rend la vapeur incomparablement l\u00e9g\u00e8re et froide. Mais l'exp\u00e9rience ne s'arr\u00eate pas l\u00e0 - en arri\u00e8re-plan, se d\u00e9veloppe progressivement une discr\u00e9tion <strong>Baies-Douces<\/strong>qui cr\u00e9e un \u00e9quilibre harmonieux et donne une profondeur suppl\u00e9mentaire au go\u00fbt. Les notes de <strong>Framboise<\/strong> et <strong>M\u00fbre<\/strong> font ressortir le caract\u00e8re fruit\u00e9 et offrent une exp\u00e9rience ronde et pleine.<\/p>\n<p>Apr\u00e8s quelques bouff\u00e9es, la prochaine dimension gustative entre en jeu : une <strong>fra\u00eecheur subtile<\/strong>qui rappelle une l\u00e9g\u00e8re brume de menthol, sans toutefois masquer le noyau fruit\u00e9 de l'ar\u00f4me. Cette fra\u00eecheur fait en sorte que l'exp\u00e9rience de vapotage reste fra\u00eeche et revigorante m\u00eame apr\u00e8s plusieurs bouff\u00e9es. La saveur \u00ab White Flash \u00bb est id\u00e9ale pour tous ceux qui recherchent une exp\u00e9rience de vape vive, fruit\u00e9e et rafra\u00eechissante.<\/p>\n<p>Avec chaque bouff\u00e9e suppl\u00e9mentaire, les ar\u00f4mes se d\u00e9veloppent davantage et offrent un changement continu et agr\u00e9able du profil gustatif. Cela rend la vape avec le <strong>AL Fakher Crown Bar 8000 tir\u00e9es<\/strong> \u00e0 une exp\u00e9rience passionnante et vari\u00e9e. Que ce soit pour une utilisation quotidienne ou comme point fort entre deux - \"White Flash\" est une saveur qui ne s'ennuie jamais et qui r\u00e9serve toujours des surprises.<\/p>\n<h3>Pourquoi vous le <a href=\"https:\/\/alfakherwelt.de\/fr\/categorie-de-produit\/barre-de-couronne-al-fakher-8000\/\">AL Fakher Crown Bar 8000 tir\u00e9es<\/a> devraient acheter :<\/h3>\n<ol>\n<li><strong>Confort maximal :<\/strong> La conception \u00e0 usage unique permet une vape sans stress et sans recharge ni r\u00e9glages compliqu\u00e9s.<\/li>\n<li><strong>Durabilit\u00e9<\/strong> Avec jusqu'\u00e0 <strong>8 000 trains \nor \n8000 trains<\/strong> offre une des dur\u00e9es d'utilisation les plus longues sur le march\u00e9.<\/li>\n<li><strong>Superbe go\u00fbt :<\/strong> Gr\u00e2ce au liquide de sel de nicotine de haute qualit\u00e9 et \u00e0 la vari\u00e9t\u00e9 de saveurs, vous obtenez une exp\u00e9rience de vapotage incomparable.<\/li>\n<li><strong>Manipulation pratique :<\/strong> Le syst\u00e8me activ\u00e9 par traction rend la manipulation extr\u00eamement facile - aucun appui sur un bouton requis.<\/li>\n<li><strong>Design ergonomique:<\/strong> L\u00e9ger et maniable, parfait pour \u00eatre emport\u00e9 ou pour une soir\u00e9e d\u00e9tendue \u00e0 la maison.<\/li>\n<li><strong>S\u00fbr et fiable :<\/strong> Construction robuste et mat\u00e9riaux de haute qualit\u00e9 garantissent une longue dur\u00e9e de vie et des performances fiables.<\/li>\n<\/ol>\n<h3>D\u00e9tails techniques :<\/h3>\n<ul>\n<li><strong>Teneur en nicotine :<\/strong> 5% Sel de nicotine (50mg)<\/li>\n<li><strong>Capacit\u00e9 de la batterie :<\/strong> Batterie rechargeable 600mAh<\/li>\n<li><strong>Nombre de trains :<\/strong> Jusqu'\u00e0 8 000 trains<\/li>\n<li><strong>Volume de liquide<\/strong> 18ml de e-liquide pr\u00e9rempli<\/li>\n<li><strong>Anschluss<\/strong> Prise de charge de type C<\/li>\n<li><strong>Activation :<\/strong> Syst\u00e8me activ\u00e9 par traction<\/li>\n<li><strong>DTL-Vaping<\/strong> Id\u00e9al pour une inhalation pulmonaire directe<\/li>\n<\/ul>\n<p>&nbsp;<\/p>\n<h2><strong><img loading=\"lazy\" decoding=\"async\" class=\"alignnone wp-image-269 size-full\" src=\"https:\/\/alfakherwelt.de\/wp-content\/uploads\/2024\/09\/Lush_Ice_8000.webp\" alt=\"AL Fakher Crown Bar 8000 tirages cigarette \u00e9lectronique jetable White Flash\" width=\"990\" height=\"990\" title=\"\" srcset=\"https:\/\/alfakherwelt.de\/wp-content\/uploads\/2024\/09\/Lush_Ice_8000.webp 990w, https:\/\/alfakherwelt.de\/wp-content\/uploads\/2024\/09\/Lush_Ice_8000-300x300.webp 300w, https:\/\/alfakherwelt.de\/wp-content\/uploads\/2024\/09\/Lush_Ice_8000-150x150.webp 150w, https:\/\/alfakherwelt.de\/wp-content\/uploads\/2024\/09\/Lush_Ice_8000-768x768.webp 768w, https:\/\/alfakherwelt.de\/wp-content\/uploads\/2024\/09\/Lush_Ice_8000-600x600.webp 600w, https:\/\/alfakherwelt.de\/wp-content\/uploads\/2024\/09\/Lush_Ice_8000-100x100.webp 100w\" sizes=\"auto, (max-width: 990px) 100vw, 990px\" \/><\/strong><\/h2>\n<h3>Einweg E-Zigaretten einfach und bequem kaufen auf \nDisposable e-cigarettes acheter simplement et commod\u00e9ment sur <a href=\"https:\/\/alfakherwelt.de\/fr\/\">alfakherwelt.de<\/a><\/h3>\n<p>Nous chez <a href=\"https:\/\/alfakherwelt.de\/fr\/\"><strong>alfakherwelt.de<\/strong><\/a> sont fiers d'\u00eatre la plus grande plate-forme en ligne pour les cigarettes \u00e9lectroniques jetables <strong>Allemagne<\/strong> \u00eatre. Notre large gamme vous offre les meilleurs produits que le march\u00e9 a \u00e0 offrir, y compris les populaires <strong>AL Fakher Crown Bar 8000 tir\u00e9es<\/strong>Gr\u00e2ce \u00e0 notre site Web convivial, vous pouvez facilement et commod\u00e9ment commander votre produit Vape pr\u00e9f\u00e9r\u00e9 depuis chez vous. D\u00e9couvrez vous-m\u00eame notre livraison rapide, notre excellent service client et les meilleures cigarettes \u00e9lectroniques jetables du march\u00e9.<\/p>\n<h3>Conclusion<\/h3>\n<p>Le <strong>AL Fakher Crown Bar 8000 tir\u00e9es<\/strong> n'est pas seulement un vapoteur jetable de haute qualit\u00e9, mais aussi une exp\u00e9rience pour tous les sens. Avec sa batterie longue dur\u00e9e, ses saveurs vari\u00e9es et sa facilit\u00e9 d'utilisation, ce vapoteur est le choix id\u00e9al pour quiconque cherche une exp\u00e9rience de vapotage sans effort mais de haute qualit\u00e9. Visitez <a href=\"https:\/\/alfakherwelt.de\/fr\/\"><strong>alfakherwelt.de<\/strong>,<\/a> pour d\u00e9couvrir ce produit et bien d'autres encore !<\/p>","protected":false},"excerpt":{"rendered":"<div class=\"flex-shrink-0 flex flex-col relative items-end\">\n<div class=\"pt-0\">\n<div class=\"gizmo-shadow-stroke flex h-8 w-8 items-center justify-center overflow-hidden rounded-full\">\n<div class=\"h-full w-full\">Le AL Fakher Crown Bar 8000 Puffs Vape est un appareil \u00e9l\u00e9gant, portable et puissant \u00e0 usage unique, dot\u00e9 d'une capacit\u00e9 impressionnante de 8000 bouff\u00e9es et d'ar\u00f4mes intenses White Flash qui offrent une exp\u00e9rience de vapotage incomparable, parfaitement adapt\u00e9e aux besoins des amateurs de vape en Allemagne.<\/div>\n<\/div>\n<\/div>\n<\/div>","protected":false},"featured_media":497,"comment_status":"open","ping_status":"closed","template":"","meta":[],"product_brand":[],"product_cat":[15],"product_tag":[],"class_list":{"0":"post-495","1":"product","2":"type-product","3":"status-publish","4":"has-post-thumbnail","6":"product_cat-al-fakher-crown-bar-8000","8":"first","9":"outofstock","10":"sale","11":"shipping-taxable","12":"purchasable","13":"product-type-simple"},"jetpack_sharing_enabled":true,"_links":{"self":[{"href":"https:\/\/alfakherwelt.de\/fr\/wp-json\/wp\/v2\/product\/495","targetHints":{"allow":["GET"]}}],"collection":[{"href":"https:\/\/alfakherwelt.de\/fr\/wp-json\/wp\/v2\/product"}],"about":[{"href":"https:\/\/alfakherwelt.de\/fr\/wp-json\/wp\/v2\/types\/product"}],"replies":[{"embeddable":true,"href":"https:\/\/alfakherwelt.de\/fr\/wp-json\/wp\/v2\/comments?post=495"}],"wp:featuredmedia":[{"embeddable":true,"href":"https:\/\/alfakherwelt.de\/fr\/wp-json\/wp\/v2\/media\/497"}],"wp:attachment":[{"href":"https:\/\/alfakherwelt.de\/fr\/wp-json\/wp\/v2\/media?parent=495"}],"wp:term":[{"taxonomy":"product_brand","embeddable":true,"href":"https:\/\/alfakherwelt.de\/fr\/wp-json\/wp\/v2\/product_brand?post=495"},{"taxonomy":"product_cat","embeddable":true,"href":"https:\/\/alfakherwelt.de\/fr\/wp-json\/wp\/v2\/product_cat?post=495"},{"taxonomy":"product_tag","embeddable":true,"href":"https:\/\/alfakherwelt.de\/fr\/wp-json\/wp\/v2\/product_tag?post=495"}],"curies":[{"name":"wp","href":"https:\/\/api.w.org\/{rel}","templated":true}]}}