{"id":489,"date":"2024-09-19T01:23:47","date_gmt":"2024-09-19T01:23:47","guid":{"rendered":"https:\/\/alfakherwelt.de\/?post_type=product&#038;p=489"},"modified":"2025-06-04T06:04:14","modified_gmt":"2025-06-04T06:04:14","slug":"ai-fakher-crown-bar-12000-bouffees-cigarette-electronique-jetable-punch-aux-fraises","status":"publish","type":"product","link":"https:\/\/alfakherwelt.de\/fr\/produit\/ai-fakher-crown-bar-12000-bouffees-cigarette-electronique-jetable-punch-aux-fraises\/","title":{"rendered":"AI Fakher Crown Bar 12000 tirages Hookah Sound E-cigarette jetable - Strawberry Punch"},"content":{"rendered":"<h2><a href=\"https:\/\/alfakherwelt.de\/fr\/\">Al Fakher<\/a> Crown Bar 12000 PRO : Le Vape Jetable Ultime pour l'Allemagne<\/h2>\n<p>Description du produit<\/p>\n<p>Le <a href=\"https:\/\/alfakherwelt.de\/fr\/categorie-de-produit\/barre-de-couronne-ai-fakher-12000\/\"><strong>Al Fakher Crown Bar 12000 PRO<\/strong><\/a> est plus qu'un simple vaporisateur jetable ; c'est un chef-d'\u0153uvre qui combine les avantages de la technologie de vapotage la plus moderne avec le sentiment authentique d'un narguil\u00e9. Avec une capacit\u00e9 impressionnante de <strong>12 000 trains<\/strong> offre une dur\u00e9e de vie exceptionnellement longue qui r\u00e9pond aux exigences m\u00eame des vapoteurs les plus exigeants. Son <strong>batterie puissante<\/strong> veiller \u00e0 ce que chaque trait, du premier au dernier, reste uniform\u00e9ment intense et agr\u00e9able.<\/p>\n<p>La version am\u00e9lior\u00e9e <strong>0,6 Ohm r\u00e9seau bobine<\/strong> Le Crown Bar sert <strong>des ar\u00f4mes riches et intenses<\/strong>qui rendent chaque moment de vapotage inoubliable. La conception \u00e9l\u00e9gante de l'appareil, combin\u00e9e avec un <strong>embouchure confortable<\/strong>, garantit une exp\u00e9rience de vapotage fluide. Ces fonctionnalit\u00e9s r\u00e9unies font de l'Al Fakher Crown Bar 12000 PRO l'une des meilleures options sur le march\u00e9 pour tous ceux qui recherchent une solution de haute qualit\u00e9 et pratique.<\/p>\n<p>Principales caract\u00e9ristiques du <a href=\"https:\/\/alfakherwelt.de\/fr\/categorie-de-produit\/barre-de-couronne-ai-fakher-12000\/\">Al Fakher Crown Bar 12000 PRO<\/a><\/p>\n<ul>\n<li><strong>12 000 trains par appareil<\/strong>Avec cette capacit\u00e9 exceptionnelle, l'Al Fakher Crown Bar surpasse la plupart des vapes jetables et est id\u00e9al pour une utilisation quotidienne.<\/li>\n<li><strong>Technologie de bobine de maillage<\/strong>: La <strong>Bobine Mesh 0,6 Ohm<\/strong> produit des nuages de vapeur \u00e9pais et une exp\u00e9rience gustative incomparable.<\/li>\n<li><strong>\u00c9cran num\u00e9rique<\/strong>: Un \u00e9cran num\u00e9rique pratique affiche l'\u00e9tat de charge de la batterie et le niveau d'huile, afin que vous soyez toujours inform\u00e9.<\/li>\n<li><strong>Design \u00e9l\u00e9gant et l\u00e9ger<\/strong>: La conception \u00e9l\u00e9gante rend l'appareil non seulement attrayant, mais \u00e9galement facile \u00e0 utiliser.<\/li>\n<li><strong>Ondes sonores int\u00e9gr\u00e9es de narguil\u00e9<\/strong>Profitez de la sensation authentique de la cigarette avec les ondes sonores uniques du narguil\u00e9 qui offrent une exp\u00e9rience immersive.<\/li>\n<li><strong>Syst\u00e8me de charge rapide de type C<\/strong>: Avec le <strong>Connecteur de charge Type-C<\/strong> \u00cates-vous en mesure de charger rapidement votre appareil, id\u00e9al pour \u00eatre en d\u00e9placement.<\/li>\n<li><strong>Vapotage direct vers les poumons (DTL)<\/strong>Cette technologie vous permet de profiter du go\u00fbt complet de l'e-liquide.<\/li>\n<\/ul>\n<p>Description gustative : Punch \u00e0 la fraise<\/p>\n<p>Le <strong>Punch aux fraises<\/strong> Le go\u00fbt de l'Al Fakher Crown Bar 12000 PRO est une v\u00e9ritable exp\u00e9rience pour les sens. \u00c0 chaque tirage, il se d\u00e9ploie un <strong>m\u00e9lange harmonieux de fraises fra\u00eeches<\/strong> et une subtile douceur qui sollicite imm\u00e9diatement les papilles gustatives.<\/p>\n<p>Intensit\u00e9 des ar\u00f4mes<\/p>\n<p>Le go\u00fbt commence avec une <strong>note intense de fraise<\/strong>qui rappelle les fruits m\u00fbris au soleil, directement du champ. <strong>des fraises sucr\u00e9es et juteuses<\/strong> assurent un d\u00e9marrage rafra\u00eechissant, suivi d'un <strong>une fine note de fruits citriques<\/strong>qui donne une fra\u00eecheur vibrante \u00e0 l'exp\u00e9rience globale. Cette combinaison cr\u00e9e une saveur \u00e9quilibr\u00e9e, \u00e0 la fois robuste et subtile.<\/p>\n<p>La sensation en bouche<\/p>\n<p>Lors de l'inhalation, on ressent <strong>E-Liquid<\/strong> lisse et cr\u00e9meuse, tandis que les nuages de vapeur \u00e9pais caressent le palais. Chaque bouff\u00e9e laisse un <strong>un arri\u00e8re-go\u00fbt persistant<\/strong>qui souligne la douceur fruit\u00e9e des fraises et \u00e9veille l'envie d'en avoir plus.<\/p>\n<p>Combinaison parfaite<\/p>\n<p>l'\u00e9quilibre entre <strong>Suc des fraises<\/strong> et le go\u00fbt frais de citron est ma\u00eetris\u00e9. Ce go\u00fbt n'est pas seulement id\u00e9al pour les amateurs de e-liquides aux fruits, mais aussi pour ceux qui recherchent une exp\u00e9rience de vapotage exaltante et vivante. La <strong>Complexit\u00e9 des ar\u00f4mes<\/strong> rend Strawberry Punch un choix parfait pour toutes les occasions, que ce soit une soir\u00e9e d\u00e9tendue ou une r\u00e9union conviviale avec des amis.<\/p>\n<p>&nbsp;<\/p>\n<h2><strong><img loading=\"lazy\" decoding=\"async\" class=\"alignnone wp-image-453 size-full\" src=\"https:\/\/alfakherwelt.de\/wp-content\/uploads\/2024\/09\/AI-Fakher-Crown-Bar-12000\uff081\uff09.webp\" alt=\"AI Fakher Crown Bar 12000 tirages cigarette \u00e9lectronique jetable - Strawberry Punch\" width=\"600\" height=\"600\" title=\"\" srcset=\"https:\/\/alfakherwelt.de\/wp-content\/uploads\/2024\/09\/AI-Fakher-Crown-Bar-12000\uff081\uff09.webp 600w, https:\/\/alfakherwelt.de\/wp-content\/uploads\/2024\/09\/AI-Fakher-Crown-Bar-12000\uff081\uff09-300x300.webp 300w, https:\/\/alfakherwelt.de\/wp-content\/uploads\/2024\/09\/AI-Fakher-Crown-Bar-12000\uff081\uff09-150x150.webp 150w, https:\/\/alfakherwelt.de\/wp-content\/uploads\/2024\/09\/AI-Fakher-Crown-Bar-12000\uff081\uff09-100x100.webp 100w\" sizes=\"auto, (max-width: 600px) 100vw, 600px\" \/><\/strong><\/h2>\n<h3>Conclusion<\/h3>\n<p>Le Al Fakher Crown Bar 12000 PRO est le choix parfait pour tous ceux qui recherchent un vape jetable fiable et savoureux. Avec sa longue dur\u00e9e de vie, sa technologie avanc\u00e9e et son go\u00fbt d\u00e9licieux de <strong>Punch aux fraises<\/strong> Ce dispositif se distingue-t-il des autres ?<\/p>\n<p>Visitez notre site Web <a href=\"https:\/\/alfakherwelt.de\/fr\/\" target=\"_new\" rel=\"noopener\">alfakherwelt.de<\/a> et d\u00e9couvrez les avantages qu'offre le Al Fakher Crown Bar 12000 PRO. Nous sommes la plus grande plateforme de vente en ligne pour <strong>Vapes jetables en Allemagne<\/strong>N'h\u00e9sitez pas et achetez maintenant pour r\u00e9volutionner votre exp\u00e9rience de vapotage !<\/p>\n<h2>Achetez maintenant et vivez la meilleure exp\u00e9rience de vapotage que l'Allemagne ait \u00e0 offrir !<\/h2>","protected":false},"excerpt":{"rendered":"<div class=\"flex-shrink-0 flex flex-col relative items-end\">\n<div class=\"pt-0\">\n<div class=\"gizmo-shadow-stroke flex h-8 w-8 items-center justify-center overflow-hidden rounded-full\">\n<div class=\"h-full w-full\">Le Al Fakher Crown Bar 12000 PRO est un vapoteur jetable de haute qualit\u00e9 qui offre une capacit\u00e9 de 12 000 bouff\u00e9es, une technologie de bobine \u00e0 maillage avanc\u00e9e et le go\u00fbt d\u00e9licieux de Strawberry Punch pour une exp\u00e9rience de vapotage incomparable en Allemagne.<\/div>\n<\/div>\n<\/div>\n<\/div>","protected":false},"featured_media":492,"comment_status":"open","ping_status":"closed","template":"","meta":[],"product_brand":[],"product_cat":[21],"product_tag":[],"class_list":{"0":"post-489","1":"product","2":"type-product","3":"status-publish","4":"has-post-thumbnail","6":"product_cat-ai-fakher-crown-bar-12000","8":"first","9":"outofstock","10":"sale","11":"shipping-taxable","12":"purchasable","13":"product-type-simple"},"jetpack_sharing_enabled":true,"_links":{"self":[{"href":"https:\/\/alfakherwelt.de\/fr\/wp-json\/wp\/v2\/product\/489","targetHints":{"allow":["GET"]}}],"collection":[{"href":"https:\/\/alfakherwelt.de\/fr\/wp-json\/wp\/v2\/product"}],"about":[{"href":"https:\/\/alfakherwelt.de\/fr\/wp-json\/wp\/v2\/types\/product"}],"replies":[{"embeddable":true,"href":"https:\/\/alfakherwelt.de\/fr\/wp-json\/wp\/v2\/comments?post=489"}],"wp:featuredmedia":[{"embeddable":true,"href":"https:\/\/alfakherwelt.de\/fr\/wp-json\/wp\/v2\/media\/492"}],"wp:attachment":[{"href":"https:\/\/alfakherwelt.de\/fr\/wp-json\/wp\/v2\/media?parent=489"}],"wp:term":[{"taxonomy":"product_brand","embeddable":true,"href":"https:\/\/alfakherwelt.de\/fr\/wp-json\/wp\/v2\/product_brand?post=489"},{"taxonomy":"product_cat","embeddable":true,"href":"https:\/\/alfakherwelt.de\/fr\/wp-json\/wp\/v2\/product_cat?post=489"},{"taxonomy":"product_tag","embeddable":true,"href":"https:\/\/alfakherwelt.de\/fr\/wp-json\/wp\/v2\/product_tag?post=489"}],"curies":[{"name":"wp","href":"https:\/\/api.w.org\/{rel}","templated":true}]}}