{"id":482,"date":"2024-09-18T02:17:47","date_gmt":"2024-09-18T02:17:47","guid":{"rendered":"https:\/\/alfakherwelt.de\/?post_type=product&#038;p=482"},"modified":"2024-12-27T06:16:25","modified_gmt":"2024-12-27T06:16:25","slug":"ai-fakher-crown-bar-12000-bouffees-cigarette-electronique-jetable-glace-a-la-mangue","status":"publish","type":"product","link":"https:\/\/alfakherwelt.de\/fr\/produit\/ai-fakher-crown-bar-12000-bouffees-cigarette-electronique-jetable-glace-a-la-mangue\/","title":{"rendered":"AI Fakher Crown Bar 12000 tirages Hookah Sound E-cigarette jetable - Mango Glace"},"content":{"rendered":"<div>\n<h2><a href=\"https:\/\/alfakherwelt.de\/fr\/\">Al Fakher<\/a> Crown Bar 12000 PRO jetable Vape : Le choix parfait pour les amateurs de vape<\/h2>\n<p>Si vous recherchez un vape jetable puissant et durable qui allie style et fonctionnalit\u00e9, le <strong>Al Fakher Crown Bar 12000 PRO<\/strong> Le choix id\u00e9al. Avec ses 12 000 bouff\u00e9es impressionnantes, une batterie rechargeable et la derni\u00e8re technologie de bobine Mesh, cet appareil offre une exp\u00e9rience de vapotage haut de gamme qui d\u00e9passe les attentes.<\/p>\n<h3>Description du produit<\/h3>\n<p>Le <strong>Al Fakher Crown Bar 12000 PRO<\/strong> est plus qu'un simple vapoteur jetable ordinaire. Il combine un design moderne, une technologie avanc\u00e9e et une utilisation conviviale pour offrir \u00e0 chaque vapoteur une exp\u00e9rience de vapotage inoubliable. Le vapoteur est mince, l\u00e9ger et offre une sensation agr\u00e9able dans la main gr\u00e2ce \u00e0 sa forme ergonomique. Chaque tirage assure des ar\u00f4mes intenses et r\u00e9guliers, ce qui en fait le choix id\u00e9al pour tous ceux qui veulent tirer le meilleur parti de leur session de vapotage.<\/p>\n<p>Das innovative <strong>Syst\u00e8me de bobine maill\u00e9e<\/strong> avec 0,6 Ohm assure des nuages de vapeur denses et savoureux ainsi qu'une production de vapeur sans probl\u00e8me. Gr\u00e2ce \u00e0 <strong>Technologie de vapotage DTL (Direct-to-Lung)<\/strong> Les utilisateurs vivent une saveur plus intense qui \u00e9l\u00e8ve le vapotage \u00e0 un nouveau niveau. Que vous vapiez r\u00e9guli\u00e8rement ou que vous vapiez occasionnellement, ce pod jetable est con\u00e7u pour une long\u00e9vit\u00e9 et une saveur incomparable.<\/p>\n<h3>Principales caract\u00e9ristiques du <a href=\"https:\/\/alfakherwelt.de\/fr\/categorie-de-produit\/barre-de-couronne-ai-fakher-12000\/\">Al Fakher Crown Bar 12000 PRO<\/a><\/h3>\n<ul>\n<li><strong>Jusqu'\u00e0 12 000 trains par dispositif<\/strong>Le Al Fakher Crown Bar offre l'une des capacit\u00e9s de tirage les plus \u00e9lev\u00e9es du march\u00e9, garantissant ainsi un vapotage prolong\u00e9 sans recharge fr\u00e9quente.<\/li>\n<li><strong>Bobine Mesh (0,6 Ohm)<\/strong>: La bobine \u00e0 maillage avanc\u00e9 assure des nuages de vapeur intenses et denses ainsi qu'une exp\u00e9rience de saveur inoubliable.<\/li>\n<li><strong>Accumulateur rechargeable<\/strong>: La prise de charge USB-C permet une charge rapide, de sorte que l'appareil est toujours pr\u00eat \u00e0 l'emploi.<\/li>\n<li><strong>Affichage num\u00e9rique<\/strong>: Gardez un \u0153il sur le niveau de la batterie et le niveau de liquide \u00e9lectronique avec un \u00e9cran clair et facile \u00e0 lire.<\/li>\n<li><strong>Design \u00e9l\u00e9gant et l\u00e9ger<\/strong>Avec son apparence moderne et \u00e9l\u00e9gante, le Al Fakher Crown Bar n'est pas seulement fonctionnel, mais \u00e9galement styl\u00e9.<\/li>\n<li><strong>Hookah-Sound-Waves<\/strong>Les ondes sonores int\u00e9gr\u00e9es de la pipe \u00e0 eau am\u00e9liorent le sentiment d'une exp\u00e9rience de shisha authentique.<\/li>\n<\/ul>\n<h3>Pourquoi vous le <a href=\"https:\/\/alfakherwelt.de\/fr\/categorie-de-produit\/barre-de-couronne-ai-fakher-12000\/\">Al Fakher Crown Bar 12000 PRO<\/a> devraient acheter<\/h3>\n<p>Le Al Fakher Crown Bar 12000 PRO est con\u00e7u pour les vapoteurs qui recherchent le meilleur en termes de durabilit\u00e9, de saveur et de facilit\u00e9 d'utilisation. Avec ses 12 000 bouff\u00e9es, cet appareil offre l'une des capacit\u00e9s les plus \u00e9lev\u00e9es du march\u00e9 et est id\u00e9al pour les amateurs de vape qui recherchent un vape durable et sans complication. Gr\u00e2ce \u00e0 la batterie rechargeable et au syst\u00e8me de charge rapide USB-C, vous pouvez \u00eatre s\u00fbr que votre appareil est toujours pr\u00eat \u00e0 l'emploi lorsque vous en avez besoin.<\/p>\n<p>Ce produit offre non seulement des performances exceptionnelles, mais \u00e9galement une exp\u00e9rience unique ressemblant \u00e0 celle du narguil\u00e9, renforc\u00e9e par les ondes sonores du Hookah. Pour les vapoteurs qui adorent l'exp\u00e9rience du narguil\u00e9, l'Al Fakher Crown Bar 12000 PRO est le choix id\u00e9al.<\/p>\n<h3>Donn\u00e9es techniques<\/h3>\n<ul>\n<li><strong>Trains<\/strong>: Jusqu'\u00e0 12 000 trains<\/li>\n<li><strong>Teneur en nicotine<\/strong>: 0,51 % (5 mg)<\/li>\n<li><strong>Bobine<\/strong>: 0,6 Ohm Mesh Bobine<\/li>\n<li><strong>Charger<\/strong>: USB-Anschluss Typ C \n\u2192 : Connecteur USB de type C<\/li>\n<li><strong>Rechargeable<\/strong>: Oui<\/li>\n<li><strong>\u00c9cran num\u00e9rique<\/strong>: Oui<\/li>\n<li><strong>Sans entretien<\/strong>: Oui<\/li>\n<li><strong>Conception<\/strong>: L\u00e9ger et compact<\/li>\n<\/ul>\n<h3>Description d\u00e9taill\u00e9e du go\u00fbt<\/h3>\n<p>Un trait unique du <a href=\"https:\/\/alfakherwelt.de\/fr\/categorie-de-produit\/barre-de-couronne-ai-fakher-12000\/\"><strong>Al Fakher Crown Bar 12000 PRO<\/strong><\/a> sont ses ar\u00f4mes exceptionnels. Le go\u00fbt populaire m\u00e9rite une mention sp\u00e9ciale <strong>Mango Ice<\/strong>Le go\u00fbt de Mango Ice est parfaitement \u00e9quilibr\u00e9 pour offrir \u00e0 la fois une douceur fruit\u00e9e et une fra\u00eecheur rafra\u00eechissante qui rend chaque bouff\u00e9e agr\u00e9able.<\/p>\n<p><strong>Mango Ice<\/strong> captures le go\u00fbt de mangues matures et juteuses et le compl\u00e8te avec une touche glac\u00e9e et rafra\u00eechissante de menthol. Le go\u00fbt fruit\u00e9 de la mangue est intense sans \u00eatre \u00e9crasant, et la note glac\u00e9e procure une fra\u00eecheur agr\u00e9able qui raviv\u00e9 le palais. Chaque bouff\u00e9e offre un m\u00e9lange harmonieux de douceur tropicale et de fra\u00eecheur froide, ce qui rend l'exp\u00e9rience de vapotage incroyablement rafra\u00eechissante.<\/p>\n<p>Cette saveur est id\u00e9ale pour une utilisation quotidienne car elle convient aussi bien aux vapoteurs exp\u00e9riment\u00e9s qu'aux d\u00e9butants. Particuli\u00e8rement par les jours chauds, Mango Ice offre une rafra\u00eechissante bienvenue, \u00e0 la fois fruit\u00e9e et rafra\u00eechissante, et \u00e9l\u00e8ve l'exp\u00e9rience de vapotage \u00e0 un nouveau niveau.<\/p>\n<p>&nbsp;<\/p>\n<p>&nbsp;<\/p>\n<\/div>\n<h2><strong><img loading=\"lazy\" decoding=\"async\" class=\"alignnone wp-image-453 size-full\" src=\"https:\/\/alfakherwelt.de\/wp-content\/uploads\/2024\/09\/AI-Fakher-Crown-Bar-12000\uff081\uff09.webp\" alt=\"AI Fakher Crown Bar 12000 tirages cigarette \u00e9lectronique jetable - Mangue Glac\u00e9e\" width=\"600\" height=\"600\" title=\"\" srcset=\"https:\/\/alfakherwelt.de\/wp-content\/uploads\/2024\/09\/AI-Fakher-Crown-Bar-12000\uff081\uff09.webp 600w, https:\/\/alfakherwelt.de\/wp-content\/uploads\/2024\/09\/AI-Fakher-Crown-Bar-12000\uff081\uff09-300x300.webp 300w, https:\/\/alfakherwelt.de\/wp-content\/uploads\/2024\/09\/AI-Fakher-Crown-Bar-12000\uff081\uff09-150x150.webp 150w, https:\/\/alfakherwelt.de\/wp-content\/uploads\/2024\/09\/AI-Fakher-Crown-Bar-12000\uff081\uff09-100x100.webp 100w\" sizes=\"auto, (max-width: 600px) 100vw, 600px\" \/><\/strong><\/h2>\n<h3>Conclusion<\/h3>\n<p>Le <strong>Al Fakher Crown Bar 12000 PRO<\/strong> est le vapoteur jetable ultime pour les amateurs de vape qui recherchent une exp\u00e9rience de vapotage durable et intense en saveur. Avec ses 12 000 bouff\u00e9es, sa batterie rechargeable et sa technologie avanc\u00e9e de bobine en maille, cet appareil offre tout ce que l'on peut souhaiter d'un vapoteur jetable premium. Commandez d\u00e8s aujourd'hui le Al Fakher Crown Bar 12000 PRO sur <a href=\"https:\/\/alfakherwelt.de\/fr\/\"><strong>alfakherwelt.de<\/strong><\/a>, la plus grande plateforme en ligne allemande pour les cigarettes \u00e9lectroniques jetables, et vivez le vapotage \u00e0 son meilleur niveau.<\/p>","protected":false},"excerpt":{"rendered":"<div class=\"flex-shrink-0 flex flex-col relative items-end\">\n<div class=\"pt-0\">\n<div class=\"gizmo-shadow-stroke flex h-8 w-8 items-center justify-center overflow-hidden rounded-full\">\n<div class=\"h-full w-full\">Le Al Fakher Crown Bar 12000 PRO est un vape jetable rechargeable avec jusqu'\u00e0 12 000 bouff\u00e9es, une technologie de bobine \u00e0 maillage avanc\u00e9e, un affichage num\u00e9rique et une vari\u00e9t\u00e9 d'ar\u00f4mes intenses, offrant une exp\u00e9rience de vapotage exceptionnelle et longue dur\u00e9e.<\/div>\n<\/div>\n<\/div>\n<\/div>","protected":false},"featured_media":485,"comment_status":"open","ping_status":"closed","template":"","meta":[],"product_brand":[],"product_cat":[21],"product_tag":[],"class_list":{"0":"post-482","1":"product","2":"type-product","3":"status-publish","4":"has-post-thumbnail","6":"product_cat-ai-fakher-crown-bar-12000","8":"first","9":"outofstock","10":"sale","11":"shipping-taxable","12":"purchasable","13":"product-type-simple"},"jetpack_sharing_enabled":true,"_links":{"self":[{"href":"https:\/\/alfakherwelt.de\/fr\/wp-json\/wp\/v2\/product\/482","targetHints":{"allow":["GET"]}}],"collection":[{"href":"https:\/\/alfakherwelt.de\/fr\/wp-json\/wp\/v2\/product"}],"about":[{"href":"https:\/\/alfakherwelt.de\/fr\/wp-json\/wp\/v2\/types\/product"}],"replies":[{"embeddable":true,"href":"https:\/\/alfakherwelt.de\/fr\/wp-json\/wp\/v2\/comments?post=482"}],"wp:featuredmedia":[{"embeddable":true,"href":"https:\/\/alfakherwelt.de\/fr\/wp-json\/wp\/v2\/media\/485"}],"wp:attachment":[{"href":"https:\/\/alfakherwelt.de\/fr\/wp-json\/wp\/v2\/media?parent=482"}],"wp:term":[{"taxonomy":"product_brand","embeddable":true,"href":"https:\/\/alfakherwelt.de\/fr\/wp-json\/wp\/v2\/product_brand?post=482"},{"taxonomy":"product_cat","embeddable":true,"href":"https:\/\/alfakherwelt.de\/fr\/wp-json\/wp\/v2\/product_cat?post=482"},{"taxonomy":"product_tag","embeddable":true,"href":"https:\/\/alfakherwelt.de\/fr\/wp-json\/wp\/v2\/product_tag?post=482"}],"curies":[{"name":"wp","href":"https:\/\/api.w.org\/{rel}","templated":true}]}}