{"id":477,"date":"2024-09-18T01:55:58","date_gmt":"2024-09-18T01:55:58","guid":{"rendered":"https:\/\/alfakherwelt.de\/?post_type=product&#038;p=477"},"modified":"2025-11-20T01:14:21","modified_gmt":"2025-11-20T01:14:21","slug":"ai-fakher-crown-bar-12000-bouffees-de-cigarette-electronique-jetable-glace-luxuriante","status":"publish","type":"product","link":"https:\/\/alfakherwelt.de\/fr\/produit\/ai-fakher-crown-bar-12000-bouffees-de-cigarette-electronique-jetable-glace-luxuriante\/","title":{"rendered":"AI Fakher Crown Bar 12000 tirages Hookah Sound  Jetable E Cigarette \u2013 Lush Ice"},"content":{"rendered":"<h2><strong><img loading=\"lazy\" decoding=\"async\" class=\"alignnone wp-image-450 size-full\" src=\"https:\/\/alfakherwelt.de\/wp-content\/uploads\/2024\/09\/AI-Fakher-Crown-Bar-12000\uff082\uff09.webp\" alt=\"AI Fakher Crown Bar 12000 tirages cigarette \u00e9lectronique jetable - Lush Ice\" width=\"1837\" height=\"2522\" title=\"\" srcset=\"https:\/\/alfakherwelt.de\/wp-content\/uploads\/2024\/09\/AI-Fakher-Crown-Bar-12000\uff082\uff09.webp 1837w, https:\/\/alfakherwelt.de\/wp-content\/uploads\/2024\/09\/AI-Fakher-Crown-Bar-12000\uff082\uff09-219x300.webp 219w, https:\/\/alfakherwelt.de\/wp-content\/uploads\/2024\/09\/AI-Fakher-Crown-Bar-12000\uff082\uff09-746x1024.webp 746w, https:\/\/alfakherwelt.de\/wp-content\/uploads\/2024\/09\/AI-Fakher-Crown-Bar-12000\uff082\uff09-768x1054.webp 768w, https:\/\/alfakherwelt.de\/wp-content\/uploads\/2024\/09\/AI-Fakher-Crown-Bar-12000\uff082\uff09-1119x1536.webp 1119w, https:\/\/alfakherwelt.de\/wp-content\/uploads\/2024\/09\/AI-Fakher-Crown-Bar-12000\uff082\uff09-1492x2048.webp 1492w, https:\/\/alfakherwelt.de\/wp-content\/uploads\/2024\/09\/AI-Fakher-Crown-Bar-12000\uff082\uff09-600x824.webp 600w\" sizes=\"auto, (max-width: 1837px) 100vw, 1837px\" \/><\/strong><\/h2>\n<h2><a href=\"https:\/\/alfakherwelt.de\/fr\/\">AI Fakher<\/a> Crown Bar 12000 PRO <a href=\"https:\/\/alfakherwelt.de\/fr\/\">Cigarette \u00e9lectronique jetable<\/a> \u2013 Exp\u00e9rience de vapotage ultime en Allemagne<\/h2>\n<h3>Description du produit<\/h3>\n<p>Le <strong>AI Fakher Crown Bar 12000 PRO Einweg-Vape Pod -&gt; AI Fakher Crown Bar 12000 PRO jetable vape pod<\/strong> allie la technologie de vapotage la plus moderne \u00e0 une touche de charme de narguil\u00e9. Cette cigarette \u00e9lectronique jetable exceptionnelle offre jusqu'\u00e0 <strong>12 000 trains<\/strong>, ce qui en fait l'un des dispositifs de vapotage les plus durables du march\u00e9. La batterie rechargeable garantit des bouff\u00e9es agr\u00e9ables constantes, de la premi\u00e8re \u00e0 la derni\u00e8re bouff\u00e9e. De plus, l'appareil est \u00e9quip\u00e9 d'une technologie avanc\u00e9e <strong>0,6 Ohm grille bobine<\/strong>qui assure des ar\u00f4mes intenses et denses et \u00e9l\u00e8ve ainsi l'exp\u00e9rience de vapotage au niveau suivant.<\/p>\n<p>Le bar AI Fakher Crown est id\u00e9al pour tous ceux qui recherchent un appareil de vapotage simple mais puissant qui allie saveur et facilit\u00e9 d'utilisation. Que vous soyez un vapoteur exp\u00e9riment\u00e9 ou un d\u00e9butant, ce pod vape r\u00e9pondra \u00e0 vos besoins.<\/p>\n<h3>Fonctionnalit\u00e9s cl\u00e9s von <a href=\"https:\/\/alfakherwelt.de\/fr\/categorie-de-produit\/barre-de-couronne-ai-fakher-12000\/\">AI Fakher Crown Bar 12000 PRO<\/a><\/h3>\n<ul>\n<li><strong>12 000 trains par appareil :<\/strong> Avec une capacit\u00e9 de train pouvant atteindre jusqu'\u00e0 12 000 trains, il s'agit de l'une des cigarettes \u00e9lectroniques jetables les plus durables du march\u00e9. Id\u00e9al pour des s\u00e9ances de vapotage prolong\u00e9es sans rechargement ou remplacement fr\u00e9quents.<\/li>\n<li><strong>Technologie de bobine de maillage :<\/strong> Gr\u00e2ce \u00e0 la bobine Mesh de 0,6 ohm avanc\u00e9e, cet appareil produit des nuages denses et aromatiques, am\u00e9liorant ainsi consid\u00e9rablement l'exp\u00e9rience gustative.<\/li>\n<li><strong>Design l\u00e9ger et \u00e9l\u00e9gant :<\/strong> Le design \u00e9l\u00e9gant de l'appareil assure une prise en main confortable et une apparence \u00e9l\u00e9gante. Un v\u00e9ritable objet de curiosit\u00e9 en d\u00e9placement.<\/li>\n<li><strong>Les ondes sonores int\u00e9gr\u00e9es de narguil\u00e9 :<\/strong> Pour tous ceux qui ressentent le manque d'une exp\u00e9rience traditionnelle de narguil\u00e9, l'appareil offre une technologie sonore qui rend l'exp\u00e9rience de vapotage encore plus authentique.<\/li>\n<li><strong>Syst\u00e8me de charge rapide de type C :<\/strong> Avec la prise de type C, le chargement est rapide et efficace - parfait pour ceux qui sont souvent en d\u00e9placement et qui veulent que leur appareil soit pr\u00eat \u00e0 l'emploi \u00e0 tout moment.<\/li>\n<li><strong>Tirage pulmonaire direct (DTL)<\/strong> La AI Fakher Crown Bar 12000 PRO permet une aspiration pulmonaire directe pour une exp\u00e9rience gustative plus intense et un effet plus prononc\u00e9 de l'e-liquide.<\/li>\n<\/ul>\n<h3>Saveurs - Saveur intense \u00e0 chaque bouff\u00e9e<\/h3>\n<p>Les saveurs de l'AI Fakher Crown Bar 12000 PRO sont polyvalentes et exceptionnelles. De sucr\u00e9 \u00e0 fruit\u00e9, chaque variante de saveur offre une exp\u00e9rience gustative unique. Voici quelques descriptions d\u00e9taill\u00e9es des ar\u00f4mes disponibles :<\/p>\n<h4>Lush Ice<\/h4>\n<p>Le <strong>Lush Ice<\/strong>-Aroma offre la combinaison parfaite de past\u00e8que juteuse et d'une touche rafra\u00eechissante de menthol. Le go\u00fbt sucr\u00e9 de la past\u00e8que est parfaitement \u00e9quilibr\u00e9 par le menthol frais, cr\u00e9ant une exp\u00e9rience de vapotage inoubliable. Chaque bouff\u00e9e donne l'impression de d\u00e9guster un smoothie \u00e0 la melon frais et froid, id\u00e9al pour les chaudes journ\u00e9es d'\u00e9t\u00e9 ou lorsque vous souhaitez simplement vous rafra\u00eechir.<\/p>\n<p>&nbsp;<\/p>\n<h3>Pourquoi vous devriez acheter sur alfakherwelt.de<\/h3>\n<ul>\n<li><strong>Plus grand magasin en ligne pour les cigarettes \u00e9lectroniques jetables en Allemagne :<\/strong> Sur <a href=\"https:\/\/alfakherwelt.de\/fr\/\"><strong>alfakherwelt.de<\/strong><\/a> Trouvez le plus grand choix de vapes jetables de haute qualit\u00e9, y compris l'AI Fakher Crown Bar 12000 PRO.<\/li>\n<li><strong>Livraison rapide :<\/strong> Nous veillons \u00e0 ce que votre commande soit livr\u00e9e rapidement et en toute s\u00e9curit\u00e9 chez vous.<\/li>\n<li><strong>Satisfaction client :<\/strong> Notre service client est toujours l\u00e0 pour vous et veille \u00e0 ce que votre exp\u00e9rience d'achat chez nous soit aussi agr\u00e9able que possible.<\/li>\n<li><strong>Exclusivit\u00e9 de vente :<\/strong> Seulement chez nous, vous obtenez les produits originaux AI Fakher, pas de contrefa\u00e7ons ou d'alternatives de qualit\u00e9 inf\u00e9rieure.<\/li>\n<\/ul>\n<h3>D\u00e9tails techniques de la AI Fakher Crown Bar 12000 PRO<\/h3>\n<ul>\n<li><strong>Trains:<\/strong> Jusqu'\u00e0 12 000<\/li>\n<li><strong>La nicotine<\/strong> 5 mg (0,5 %)<\/li>\n<li><strong>Bobine:<\/strong> 0,6 Ohm grille bobine<\/li>\n<li><strong>Chargement :<\/strong> prise USB-C<\/li>\n<li><strong>Rechargeable:<\/strong> Oui<\/li>\n<li><strong>\u00c9cran num\u00e9rique :<\/strong> Affiche l'\u00e9tat de charge et le niveau de liquide<\/li>\n<li><strong>Sans entretien :<\/strong> Aucun remplissage ni nettoyage n\u00e9cessaires<\/li>\n<li><strong>Poids:<\/strong> L\u00e9ger et maniable<\/li>\n<\/ul>\n<h3>Conclusion - Perfection pour chaque vapoteur<\/h3>\n<p>Le <strong>AI Fakher Crown Bar 12000 PRO<\/strong> n'est pas seulement une cigarette \u00e9lectronique jetable, mais un v\u00e9ritable compagnon pour une exp\u00e9rience de vapotage intense et durable. Gr\u00e2ce \u00e0 la <strong>12 000 trains<\/strong>Avec son design \u00e9l\u00e9gant et sa technologie avanc\u00e9e, cet appareil offre tout ce qu'un vapoteur moderne peut souhaiter. D\u00e9couvrez les saveurs polyvalentes et vivez la combinaison parfaite de saveur et de confort.<\/p>\n<p>Visitez-nous sur <a href=\"https:\/\/alfakherwelt.de\/fr\/\"><strong>alfakherwelt.de<\/strong><\/a>, la plus grande plateforme pour les cigarettes \u00e9lectroniques jetables en Allemagne, et r\u00e9cup\u00e9rez le <strong>AI Fakher Crown Bar 12000 PRO<\/strong> encore aujourd'hui !<\/p>","protected":false},"excerpt":{"rendered":"<div class=\"flex-shrink-0 flex flex-col relative items-end\">\n<div class=\"pt-0\">\n<div class=\"gizmo-shadow-stroke flex h-8 w-8 items-center justify-center overflow-hidden rounded-full\">\n<div class=\"h-full w-full\">Le <strong>AI Fakher Crown Bar 12000 PRO Einweg-Vape Pod -&gt; AI Fakher Crown Bar 12000 PRO jetable vape pod<\/strong> offre jusqu'\u00e0 12 000 tirages, une technologie avanc\u00e9e de bobine \u00e0 maillage, un design \u00e9l\u00e9gant, une prise de charge rapide de type C et une vari\u00e9t\u00e9 de saveurs intenses qui garantissent une exp\u00e9rience de vapotage longue dur\u00e9e et incomparable.<\/div>\n<\/div>\n<\/div>\n<\/div>","protected":false},"featured_media":480,"comment_status":"open","ping_status":"closed","template":"","meta":[],"product_brand":[],"product_cat":[21],"product_tag":[],"class_list":{"0":"post-477","1":"product","2":"type-product","3":"status-publish","4":"has-post-thumbnail","6":"product_cat-ai-fakher-crown-bar-12000","8":"first","9":"outofstock","10":"sale","11":"shipping-taxable","12":"purchasable","13":"product-type-simple"},"jetpack_sharing_enabled":true,"_links":{"self":[{"href":"https:\/\/alfakherwelt.de\/fr\/wp-json\/wp\/v2\/product\/477","targetHints":{"allow":["GET"]}}],"collection":[{"href":"https:\/\/alfakherwelt.de\/fr\/wp-json\/wp\/v2\/product"}],"about":[{"href":"https:\/\/alfakherwelt.de\/fr\/wp-json\/wp\/v2\/types\/product"}],"replies":[{"embeddable":true,"href":"https:\/\/alfakherwelt.de\/fr\/wp-json\/wp\/v2\/comments?post=477"}],"wp:featuredmedia":[{"embeddable":true,"href":"https:\/\/alfakherwelt.de\/fr\/wp-json\/wp\/v2\/media\/480"}],"wp:attachment":[{"href":"https:\/\/alfakherwelt.de\/fr\/wp-json\/wp\/v2\/media?parent=477"}],"wp:term":[{"taxonomy":"product_brand","embeddable":true,"href":"https:\/\/alfakherwelt.de\/fr\/wp-json\/wp\/v2\/product_brand?post=477"},{"taxonomy":"product_cat","embeddable":true,"href":"https:\/\/alfakherwelt.de\/fr\/wp-json\/wp\/v2\/product_cat?post=477"},{"taxonomy":"product_tag","embeddable":true,"href":"https:\/\/alfakherwelt.de\/fr\/wp-json\/wp\/v2\/product_tag?post=477"}],"curies":[{"name":"wp","href":"https:\/\/api.w.org\/{rel}","templated":true}]}}