{"id":460,"date":"2024-09-13T08:08:25","date_gmt":"2024-09-13T08:08:25","guid":{"rendered":"https:\/\/alfakherwelt.de\/?post_type=product&#038;p=460"},"modified":"2026-03-06T07:09:34","modified_gmt":"2026-03-06T07:09:34","slug":"ai-fakher-crown-bar-12000-bouffees-cigarette-electronique-jetable-raisin-menthe","status":"publish","type":"product","link":"https:\/\/alfakherwelt.de\/fr\/produit\/ai-fakher-crown-bar-12000-bouffees-cigarette-electronique-jetable-raisin-menthe\/","title":{"rendered":"AI Fakher Crown Bar 12000 tirages Hookah Sound E-cigarette jetable - Menthe raisin"},"content":{"rendered":"<h2><strong><a href=\"https:\/\/alfakherwelt.de\/fr\/\"><img loading=\"lazy\" decoding=\"async\" class=\"alignnone wp-image-456 size-full\" src=\"https:\/\/alfakherwelt.de\/wp-content\/uploads\/2024\/09\/AI-Fakher-Crown-Bar-12000.webp\" alt=\"AI Fakher Crown Bar 12000 bouff\u00e9es cigarette \u00e9lectronique jetable - Grape Mint\" width=\"1080\" height=\"1080\" title=\"\" srcset=\"https:\/\/alfakherwelt.de\/wp-content\/uploads\/2024\/09\/AI-Fakher-Crown-Bar-12000.webp 1080w, https:\/\/alfakherwelt.de\/wp-content\/uploads\/2024\/09\/AI-Fakher-Crown-Bar-12000-300x300.webp 300w, https:\/\/alfakherwelt.de\/wp-content\/uploads\/2024\/09\/AI-Fakher-Crown-Bar-12000-1024x1024.webp 1024w, https:\/\/alfakherwelt.de\/wp-content\/uploads\/2024\/09\/AI-Fakher-Crown-Bar-12000-150x150.webp 150w, https:\/\/alfakherwelt.de\/wp-content\/uploads\/2024\/09\/AI-Fakher-Crown-Bar-12000-768x768.webp 768w, https:\/\/alfakherwelt.de\/wp-content\/uploads\/2024\/09\/AI-Fakher-Crown-Bar-12000-600x600.webp 600w, https:\/\/alfakherwelt.de\/wp-content\/uploads\/2024\/09\/AI-Fakher-Crown-Bar-12000-100x100.webp 100w\" sizes=\"auto, (max-width: 1080px) 100vw, 1080px\" \/><\/a><\/strong><\/h2>\n<h2><a href=\"https:\/\/alfakherwelt.de\/fr\/\">Al Fakher<\/a> Crown Bar 12000 PRO : Le Vape jetable ultime pour l'Allemagne<\/h2>\n<p><strong>Introduction<\/strong> Le Al Fakher Crown Bar 12000 PRO est le choix id\u00e9al pour les vapoteurs qui recherchent un vape jetable haut de gamme, puissant et pourtant facile \u00e0 utiliser. Avec sa capacit\u00e9 impressionnante et sa technologie avanc\u00e9e, cet appareil est une \u00e9tape importante dans le monde des vape jetables. Chez <em>alfakherwelt.de<\/em>, la plus grande plateforme en ligne d'Allemagne pour <a href=\"https:\/\/alfakherwelt.de\/fr\/\">Cigarettes \u00e9lectroniques jetables<\/a>Vous pouvez d\u00e9couvrir ce produit innovant et l'acheter directement. Plongez dans le monde de la vape incomparable et vivez la combinaison unique de puissance et de confort que propose la Crown Bar 12000 PRO.<\/p>\n<hr \/>\n<h2>Description du produit<\/h2>\n<p>Le Al Fakher Crown Bar 12000 PRO combine la technologie la plus avanc\u00e9e avec une exp\u00e9rience traditionnelle de shisha, qui rend chaque bouff\u00e9e agr\u00e9able. Avec une capacit\u00e9 allant jusqu'\u00e0 <strong>12 000 trains<\/strong> Par appareil, cet e-cigarette jetable fait partie des plus durables du march\u00e9. Cela signifie que vous n'avez pas \u00e0 vous soucier de manquer de souffle en plein milieu de la journ\u00e9e - cet e-cigarette vous accompagne de mani\u00e8re fiable et durable tout au long de votre journ\u00e9e.<\/p>\n<p>Son design l\u00e9ger et \u00e9l\u00e9gant permet de transporter l'appareil partout sans qu'il ne devienne encombrant ou lourd. La zone de l'embouchure ergonomiquement form\u00e9e assure une prise confortable et des bouff\u00e9es agr\u00e9ables du premier au dernier souffle. Le <strong>accumulateur rechargeable<\/strong> permet de garder l'appareil toujours pr\u00eat \u00e0 l'emploi, o\u00f9 que vous soyez.<\/p>\n<hr \/>\n<h2>Principales caract\u00e9ristiques du <a href=\"https:\/\/alfakherwelt.de\/fr\/categorie-de-produit\/barre-de-couronne-ai-fakher-12000\/\">Al Fakher Crown Bar 12000 PRO<\/a><\/h2>\n<ul>\n<li><strong>12 000 trains par appareil<\/strong>: L'une des capacit\u00e9s de puff les plus \u00e9lev\u00e9es du march\u00e9, id\u00e9ale pour une utilisation intensive et prolong\u00e9e.<\/li>\n<li><strong>Technologie de bobine maill\u00e9e<\/strong>Les bobines Mesh de 0,6 ohm fournissent des nuages denses et riches ainsi qu'un ar\u00f4me intense qui ravira tous les amateurs de saveurs.<\/li>\n<li><strong>Conception l\u00e9g\u00e8re et \u00e9l\u00e9gante<\/strong>: Gr\u00e2ce \u00e0 son apparence \u00e9l\u00e9gante, le Crown Bar s'adapte dans n'importe quelle poche et ajoute une touche esth\u00e9tique \u00e0 votre exp\u00e9rience de vapotage.<\/li>\n<li><strong>Vagues sonores int\u00e9gr\u00e9es de Shisha<\/strong>Cette fonction renforce le sentiment d'une pipe \u00e0 eau traditionnelle et apporte une sensation de fum\u00e9e famili\u00e8re directement dans votre main.<\/li>\n<li><strong>Syst\u00e8me de charge rapide USB Type-C<\/strong>: Un chargement rapide et fiable garantit que votre appareil est toujours pr\u00eat \u00e0 l'emploi.<\/li>\n<li><strong>Affichage num\u00e9rique<\/strong>Le Crown Bar 12000 PRO est \u00e9quip\u00e9 d'un \u00e9cran num\u00e9rique qui affiche le niveau de la batterie et le niveau de liquide, vous permettant ainsi d'\u00eatre toujours parfaitement inform\u00e9.<\/li>\n<li><strong>Exp\u00e9rience Direct-to-Lung (DTL)<\/strong>Pour des tractions fortes et intenses qui mettent parfaitement en valeur le go\u00fbt de l'e-liquide.<\/li>\n<\/ul>\n<hr \/>\n<h2>Pourquoi devriez-vous le <a href=\"https:\/\/alfakherwelt.de\/fr\/categorie-de-produit\/barre-de-couronne-ai-fakher-12000\/\">Al Fakher Crown Bar 12000 PRO<\/a> acheter ?<\/h2>\n<p>Le Al Fakher Crown Bar 12000 PRO n'est pas seulement un vape jetable, mais une <strong>Investissement dans une exp\u00e9rience de vapeur de premi\u00e8re classe<\/strong>Sa capacit\u00e9 de puff remarquable de 12 000 tirages d\u00e9passe largement les vapes traditionnels et vous garantit une utilisation durable sans compromis. L'appareil est facile \u00e0 utiliser, sans entretien et parfait pour tous ceux qui veulent tirer le meilleur parti de leur exp\u00e9rience de vapotage.<\/p>\n<p>De plus, les coils mesh font du vapotage une exp\u00e9rience gustative intense. La batterie puissante garantit que vous pouvez utiliser l'appareil sans probl\u00e8me pendant la journ\u00e9e. Combin\u00e9 avec l'option DTL et la possibilit\u00e9 de recharger rapidement le Crown Bar via USB-C, ce vape assure que vous ne manquerez jamais de vapeur.<\/p>\n<p>Chez <em>alfakherwelt.de<\/em> Nous vous proposons des produits exclusifs tels que le Crown Bar 12000 PRO que vous ne trouverez pas sur d'autres plateformes. Achetez directement chez le plus grand fournisseur allemand de cigarettes \u00e9lectroniques jetables !<\/p>\n<hr \/>\n<h2>Description d\u00e9taill\u00e9e du go\u00fbt : Menthe \u00e0 la raisin<\/h2>\n<h3><strong>Un d\u00e9but sucr\u00e9 et fruit\u00e9 avec une menthe rafra\u00eechissante<\/strong><\/h3>\n<p>Le <strong>Menthe \u00e0 raisin<\/strong>Le go\u00fbt de l'Al Fakher Crown Bar 12000 PRO est une v\u00e9ritable f\u00eate pour les sens. Imaginez que vous mordiez dans un raisin juteux et mature, dont le sucre naturel lib\u00e8re une pouss\u00e9e imm\u00e9diate de douceur. Cette fra\u00eecheur ne reste cependant pas seule. Peu apr\u00e8s, une brise de menthe froide et rafra\u00eechissante se joint \u00e0 elle, ce qui donne \u00e0 la saveur de la profondeur et de la complexit\u00e9.<\/p>\n<h3><strong>Une exp\u00e9rience couche par couche<\/strong><\/h3>\n<p>Ce qui rend Grape Mint si sp\u00e9cial, c'est la fa\u00e7on dont les saveurs s'imbriquent harmonieusement les unes sur les autres. La premi\u00e8re bouff\u00e9e r\u00e9v\u00e8le la pleine douceur du raisin, tandis que la menthe montre sa pr\u00e9sence fra\u00eeche en arri\u00e8re-plan. \u00c0 la deuxi\u00e8me bouff\u00e9e, les deux saveurs se fondent parfaitement l'une dans l'autre - le raisin reste pr\u00e9sent, mais est soulign\u00e9 par la menthe fra\u00eeche, qui procure une sensation agr\u00e9able sur le palais.<\/p>\n<h3><strong>Parfaite balance entre douceur et fra\u00eecheur<\/strong><\/h3>\n<p>L'\u00e9quilibre du Grape Mint est impressionnant. La douceur du raisin est \u00e9quilibr\u00e9e par la menthe, de sorte qu'aucune des deux notes ne domine. Au lieu de cela, on obtient un m\u00e9lange \u00e9quilibr\u00e9, id\u00e9al pour les amateurs de saveurs sucr\u00e9es et rafra\u00eechissantes. L'ar\u00f4me est long et intense, et chaque bouff\u00e9e r\u00e9v\u00e8le de nouvelles nuances.<\/p>\n<h3><strong>Un ar\u00f4me pour chaque occasion<\/strong><\/h3>\n<p>Que vous appr\u00e9ciiez cette saveur lors d'une session d\u00e9tendue \u00e0 la maison ou en d\u00e9placement, Grape Mint convient \u00e0 toutes les occasions. Il est suffisamment l\u00e9ger pour une utilisation quotidienne, mais \u00e9galement suffisamment complexe pour \u00eatre appr\u00e9ci\u00e9 lors de moments sp\u00e9ciaux. \u00c0 chaque bouff\u00e9e, vous d\u00e9couvrez de nouvelles facettes de ce profil gustatif d\u00e9licieux.<\/p>\n<hr \/>\n<h2>Conclusion : Exp\u00e9rience parfaite de vapotage jetable avec le <a href=\"https:\/\/alfakherwelt.de\/fr\/categorie-de-produit\/barre-de-couronne-ai-fakher-12000\/\">Al Fakher Crown Bar 12000 PRO<\/a><\/h2>\n<p>Le Al Fakher Crown Bar 12000 PRO vous offre le <strong>exp\u00e9rience de vape ultime<\/strong> Avec une capacit\u00e9 de puff incomparable, un design convivial et des saveurs exceptionnelles comme la menthe \u00e0 la raisin. Gr\u00e2ce \u00e0 une technologie de pointe et \u00e0 une excellente finition, cet appareil est un incontournable pour tous ceux qui appr\u00e9cient la qualit\u00e9 et la jouissance.<\/p>\n<p>Visitez <a href=\"https:\/\/alfakherwelt.de\/fr\/\"><em>alfakherwelt.de<\/em><\/a> et d\u00e9couvrez d\u00e8s aujourd'hui la large gamme de vapes jetables de haute qualit\u00e9. Als <strong>plus grand fournisseur en Allemagne<\/strong> Nous vous offrons le meilleur que le march\u00e9 a \u00e0 offrir - confortablement et directement livr\u00e9 \u00e0 votre porte.<\/p>","protected":false},"excerpt":{"rendered":"<div class=\"flex-shrink-0 flex flex-col relative items-end\">\n<div class=\"pt-0\">\n<div class=\"gizmo-shadow-stroke flex h-8 w-8 items-center justify-center overflow-hidden rounded-full\">\n<div class=\"h-full w-full\">Le Al Fakher Crown Bar 12000 PRO est un vape jetable puissant et rechargeable avec jusqu'\u00e0 12 000 bouff\u00e9es, une technologie de mesh-coil avanc\u00e9e, un affichage num\u00e9rique, un syst\u00e8me de charge rapide USB-C et une saveur intense de Grape Mint qui combine parfaitement des raisins sucr\u00e9s et une menthe rafra\u00eechissante - disponible sur alfakherwelt.de, le plus grand fournisseur allemand de cigarettes \u00e9lectroniques jetables.<\/div>\n<\/div>\n<\/div>\n<\/div>","protected":false},"featured_media":467,"comment_status":"open","ping_status":"closed","template":"","meta":[],"product_brand":[],"product_cat":[21],"product_tag":[],"class_list":{"0":"post-460","1":"product","2":"type-product","3":"status-publish","4":"has-post-thumbnail","6":"product_cat-ai-fakher-crown-bar-12000","8":"first","9":"outofstock","10":"sale","11":"shipping-taxable","12":"purchasable","13":"product-type-simple"},"jetpack_sharing_enabled":true,"_links":{"self":[{"href":"https:\/\/alfakherwelt.de\/fr\/wp-json\/wp\/v2\/product\/460","targetHints":{"allow":["GET"]}}],"collection":[{"href":"https:\/\/alfakherwelt.de\/fr\/wp-json\/wp\/v2\/product"}],"about":[{"href":"https:\/\/alfakherwelt.de\/fr\/wp-json\/wp\/v2\/types\/product"}],"replies":[{"embeddable":true,"href":"https:\/\/alfakherwelt.de\/fr\/wp-json\/wp\/v2\/comments?post=460"}],"wp:featuredmedia":[{"embeddable":true,"href":"https:\/\/alfakherwelt.de\/fr\/wp-json\/wp\/v2\/media\/467"}],"wp:attachment":[{"href":"https:\/\/alfakherwelt.de\/fr\/wp-json\/wp\/v2\/media?parent=460"}],"wp:term":[{"taxonomy":"product_brand","embeddable":true,"href":"https:\/\/alfakherwelt.de\/fr\/wp-json\/wp\/v2\/product_brand?post=460"},{"taxonomy":"product_cat","embeddable":true,"href":"https:\/\/alfakherwelt.de\/fr\/wp-json\/wp\/v2\/product_cat?post=460"},{"taxonomy":"product_tag","embeddable":true,"href":"https:\/\/alfakherwelt.de\/fr\/wp-json\/wp\/v2\/product_tag?post=460"}],"curies":[{"name":"wp","href":"https:\/\/api.w.org\/{rel}","templated":true}]}}