{"id":446,"date":"2024-09-12T01:53:30","date_gmt":"2024-09-12T01:53:30","guid":{"rendered":"https:\/\/alfakherwelt.de\/?post_type=product&#038;p=446"},"modified":"2025-05-12T06:58:11","modified_gmt":"2025-05-12T06:58:11","slug":"al-fakher-crown-bar-big-cloud-8000-par-bouffee-cigarette-electronique-jetable-deux-pommes","status":"publish","type":"product","link":"https:\/\/alfakherwelt.de\/fr\/produit\/al-fakher-crown-bar-big-cloud-8000-par-bouffee-cigarette-electronique-jetable-deux-pommes\/","title":{"rendered":"Al Fakher Crown Bar 8000 tirages par mode double cigarette \u00e9lectronique jetable - Deux pommes"},"content":{"rendered":"<p><img loading=\"lazy\" decoding=\"async\" class=\"alignnone wp-image-407 size-full\" src=\"https:\/\/alfakherwelt.de\/wp-content\/uploads\/2024\/09\/Big-Cloud-8000-PRO1.webp\" alt=\"Al Fakher Crown Bar Big Cloud 8000 PRO trajets jetable E-cigarette - Two Apple\" width=\"2000\" height=\"2000\" title=\"\" srcset=\"https:\/\/alfakherwelt.de\/wp-content\/uploads\/2024\/09\/Big-Cloud-8000-PRO1.webp 2000w, https:\/\/alfakherwelt.de\/wp-content\/uploads\/2024\/09\/Big-Cloud-8000-PRO1-300x300.webp 300w, https:\/\/alfakherwelt.de\/wp-content\/uploads\/2024\/09\/Big-Cloud-8000-PRO1-1024x1024.webp 1024w, https:\/\/alfakherwelt.de\/wp-content\/uploads\/2024\/09\/Big-Cloud-8000-PRO1-150x150.webp 150w, https:\/\/alfakherwelt.de\/wp-content\/uploads\/2024\/09\/Big-Cloud-8000-PRO1-768x768.webp 768w, https:\/\/alfakherwelt.de\/wp-content\/uploads\/2024\/09\/Big-Cloud-8000-PRO1-1536x1536.webp 1536w, https:\/\/alfakherwelt.de\/wp-content\/uploads\/2024\/09\/Big-Cloud-8000-PRO1-600x600.webp 600w, https:\/\/alfakherwelt.de\/wp-content\/uploads\/2024\/09\/Big-Cloud-8000-PRO1-100x100.webp 100w\" sizes=\"auto, (max-width: 2000px) 100vw, 2000px\" \/><\/p>\n<h2><a href=\"https:\/\/alfakherwelt.de\/fr\/\">Al Fakher<\/a> Crown Bar Big Cloud 8000 PRO : Votre exp\u00e9rience de vapotage parfaite en Allemagne<\/h2>\n<p>D\u00e9couvrez le vapotage ultime avec le <strong>Al Fakher Crown Bar Big Cloud 8000 PRO<\/strong> \u2013 le choix id\u00e9al pour les vapoteurs en Allemagne qui recherchent un appareil puissant, durable et facile \u00e0 utiliser. Que vous soyez d\u00e9butant ou vapoteur exp\u00e9riment\u00e9, ce vape jetable offre une exp\u00e9rience exceptionnelle et produit de grandes nuages parfum\u00e9s \u00e0 chaque tirage. Chez nous sur <strong>alfakherwelt.de<\/strong>, le plus grand site en ligne allemand pour les cigarettes \u00e9lectroniques jetables, vous trouverez le mod\u00e8le parfait pour vous.<\/p>\n<h3>Qu'est-ce qui fait le <a href=\"https:\/\/alfakherwelt.de\/fr\/categorie-de-produit\/barre-de-couronne-al-fakher-big-cloud-8000-pro\/\">Al Fakher Crown Bar Big Cloud 8000 PRO<\/a> unique<\/h3>\n<p>Le <strong>Al Fakher 8000 PRO Kit \u00e0 usage unique en double mode<\/strong> r\u00e9unit le confort et la performance dans un appareil compact. Il s'agit d'un vaporisateur de pointe qui s'adapte \u00e0 toutes les pr\u00e9f\u00e9rences de vapotage. Avec son <strong>Fonctionnalit\u00e9 double mode<\/strong> Vous pouvez facilement passer entre les styles populaires \"Mouth-to-Lung\" (MTL) et \"Direct-to-Lung\" (DTL).<\/p>\n<p>L'appareil est d\u00e9j\u00e0 pr\u00e9rempli avec <strong>18 ml de liquide de sel de nicotine pour e-cigarette<\/strong> et offre <strong>5 mg de sel de nicotine<\/strong> Par Puff. Le <strong>Puissante batterie de 850 mAh<\/strong> assures que tu jusqu'\u00e0 <strong>8000 trains<\/strong> vous pouvez profiter, ce qui en fait l'un des appareils jetables les plus durables du march\u00e9.<\/p>\n<h4>Donn\u00e9es techniques importantes :<\/h4>\n<ul>\n<li><strong>Jusqu'\u00e0 8 000 trains<\/strong> par appareil<\/li>\n<li><strong>5 mg de sel de nicotine<\/strong> pour une traction douce et satisfaisante<\/li>\n<li><strong>18 ml de capacit\u00e9 de liquide \u00e9lectronique<\/strong><\/li>\n<li><strong>Batterie rechargeable 850 mAh<\/strong> avec une connexion USB-C<\/li>\n<li><strong>Fonctionnalit\u00e9 double mode<\/strong>: MTL &amp; DTL<\/li>\n<li><strong>Tirage similaire \u00e0 la chicha<\/strong> pour une exp\u00e9rience gustative authentique<\/li>\n<li><strong>Affichage \u00e0 LED<\/strong> pour l'\u00e9tat de la batterie et le niveau de e-liquide<\/li>\n<\/ul>\n<h3>Des saveurs uniques pour chaque besoin<\/h3>\n<p>Les \u00e9l\u00e9ments essentiels de l'exp\u00e9rience de vapotage sont les <strong>saveurs uniques<\/strong>que l'Al Fakher Crown Bar Big Cloud 8000 PRO offre. Cette cigarette \u00e9lectronique jetable est connue pour ses ar\u00f4mes intenses, ressemblant \u00e0 ceux du shisha, qui raviront vos papilles gustatives.<\/p>\n<h4>Exp\u00e9rience gustative : Deux Pommes<\/h4>\n<p>Le <strong>Deux pommes<\/strong>Le go\u00fbt de l'Al Fakher Crown Bar 8000 PRO est un v\u00e9ritable classique qui vous transporte dans le monde du Shisha-Vaping. Cette saveur combine <strong>des pommes rouges juteuses<\/strong> avec une touche de <strong>pommes vertes<\/strong>qui offre une exp\u00e9rience gustative parfaitement \u00e9quilibr\u00e9e, sucr\u00e9e et acidul\u00e9e. D\u00e8s la premi\u00e8re bouff\u00e9e, vous d\u00e9couvrez une saveur pure et fruit\u00e9e qui vous rappelle les soir\u00e9es conviviales avec une shisha traditionnelle.<\/p>\n<p>complexit\u00e9 du go\u00fbt r\u00e9side dans <strong>\u00e9quilibre harmonieux<\/strong> des ar\u00f4mes qui lib\u00e8rent \u00e0 la fois des notes l\u00e9g\u00e8res et plus profondes avec chaque bouff\u00e9e. Il est particuli\u00e8rement remarquable que la saveur <strong>reste longtemps sur la langue<\/strong>sans para\u00eetre artificiellement ou excessivement sucr\u00e9. Ce parfum convient parfaitement \u00e0 ceux qui recherchent une exp\u00e9rience de vapotage authentique mais raffin\u00e9e.<\/p>\n<h4>Pourquoi devriez-vous acheter Al Fakher Crown Bar 8000 PRO ?<\/h4>\n<ol>\n<li><strong>Durabilit\u00e9<\/strong>: Avec une capacit\u00e9 allant jusqu'\u00e0 8000 trains, vous n'avez pas \u00e0 vous soucier d'acheter constamment de nouveaux appareils.<\/li>\n<li><strong>Utilisation simple<\/strong>: Pas de recharge ou de remplissage fastidieux - simplement profiter et recharger au besoin.<\/li>\n<li><strong>Options de vapotage flexibles<\/strong>: Gr\u00e2ce \u00e0 la fonction Dual-Mode, vous pouvez passer de MTL \u00e0 DTL selon vos envies.<\/li>\n<li><strong>Batterie puissante<\/strong>: La batterie int\u00e9gr\u00e9e de 850 mAh garantit que votre exp\u00e9rience de vapotage ne soit jamais interrompue.<\/li>\n<li><strong>Exp\u00e9rience authentique de shisha<\/strong>Le Crown Bar 8000 PRO apporte le sentiment distinctif d'un v\u00e9ritable narguil\u00e9 dans votre main.<\/li>\n<\/ol>\n<h3>Large s\u00e9lection chez Al Fakher Monde<\/h3>\n<p>Sur <strong>alfakherwelt.de<\/strong> offrons-nous vous non seulement le <a href=\"https:\/\/alfakherwelt.de\/fr\/categorie-de-produit\/barre-de-couronne-al-fakher-big-cloud-8000-pro\/\"><strong>Al Fakher Crown Bar Big Cloud 8000 PRO<\/strong><\/a>, mais aussi une multitude d'autres saveurs et de vapes jetables pour tous les go\u00fbts. Avec notre <strong>Livraison rapide<\/strong> Et avec une large gamme de produits, nous sommes la plus grande plateforme en Allemagne pour vous offrir les meilleurs produits de vapotage.<\/p>\n<p><strong>Acheter un vaporisateur<\/strong> n'\u00e9tait jamais aussi simple - parcourez notre s\u00e9lection et d\u00e9couvrez les avantages des cigarettes \u00e9lectroniques jetables comme l'Al Fakher Crown Bar 8000 PRO, con\u00e7ues pour la performance, le confort et des ar\u00f4mes exceptionnels.<\/p>\n<h3>Saveurs en d\u00e9tail : Plus qu'un simple go\u00fbt - Une exp\u00e9rience !<\/h3>\n<p>Les saveurs de l'Al Fakher Crown Bar 8000 PRO vont au-del\u00e0 du simple go\u00fbt - elles offrent une exp\u00e9rience que vous ne voudriez pas manquer. Surtout le <strong>Deux pommes<\/strong>Le go\u00fbt a \u00e9t\u00e9 soigneusement d\u00e9velopp\u00e9 pour vous offrir les meilleurs moments de shisha directement dans la main. \u00c0 chaque tirage, vous serez transport\u00e9 dans le temps, revivant le moment o\u00f9 vous avez go\u00fbt\u00e9 pour la premi\u00e8re fois la saveur sucr\u00e9e mais subtile de la pomme dans une shisha.<\/p>\n<h4>Intensit\u00e9 et \u00e9quilibre<\/h4>\n<p>La <strong>suc intense<\/strong> des pommes rouges est parfaitement mise en valeur par les <strong>acide frais<\/strong> les pommes vertes \u00e9quilibr\u00e9es, ce qui conduit \u00e0 une exp\u00e9rience gustative qui vous enthousiasme d\u00e8s le d\u00e9but. Vous sentez la vapeur se attarder doucement dans votre bouche et vous envahir avec une <strong>profondeur gustative<\/strong> surpris, qui persiste longtemps. Ces ar\u00f4mes ne se lassent jamais et offrent \u00e0 chaque fois de nouvelles nuances \u00e0 d\u00e9couvrir.<\/p>\n<h4>Exp\u00e9rience gustative longue dur\u00e9e<\/h4>\n<p>Un autre grand avantage de l'Al Fakher Crown Bar 8000 PRO est le <strong>Durabilit\u00e9<\/strong> du go\u00fbt. Contrairement \u00e0 de nombreux autres vapes jetables, o\u00f9 le go\u00fbt diminue apr\u00e8s quelques bouff\u00e9es, il reste <strong>Deux pommes<\/strong>Saveur jusqu'\u00e0 la derni\u00e8re bouff\u00e9e. Ceci est particuli\u00e8rement important pour les vapoteurs qui attachent de l'importance non seulement \u00e0 la nicotine, mais \u00e9galement \u00e0 une saveur intense et durable.<\/p>\n<h4>Exp\u00e9rience authentique de shisha<\/h4>\n<p>Avec sa forte ressemblance avec un narguil\u00e9 traditionnel, le <strong>Deux pommes<\/strong>Le go\u00fbt de l'Al Fakher Crown Bar 8000 PRO est le choix parfait pour tous ceux qui veulent ressentir le plaisir et le go\u00fbt d'une shisha sans avoir \u00e0 transporter un narguil\u00e9 encombrant et volumineux. <strong>grande \u00e9mission de cloud<\/strong> Ce vaporisateur ne contribue qu'\u00e0 rendre l'exp\u00e9rience de shisha encore plus authentique.<\/p>\n<h3>Conclusion : Votre vape parfait pour chaque occasion<\/h3>\n<p>Le <strong>Al Fakher Crown Bar Big Cloud 8000 PRO<\/strong> est plus qu'un simple vaporisateur jetable - il est votre compagnon de confiance pour une exp\u00e9rience de vapotage haut de gamme. Gr\u00e2ce \u00e0 la technologie innovante \u00e0 double mode et au go\u00fbt authentique comme <strong>Deux pommes<\/strong> offre une combinaison incomparable de puissance et de plaisir.<\/p>\n<p>Ach\u00e8te maintenant le tien <strong>Al Fakher Crown Bar Big Cloud 8000 PRO<\/strong> sur <a href=\"https:\/\/alfakherwelt.de\/fr\/\"><strong>alfakherwelt.de<\/strong><\/a> et vis la parfaite alliance de confort, de saveur et d'exp\u00e9rience Shisha !<\/p>","protected":false},"excerpt":{"rendered":"<div class=\"D5aOJc vJwDU\">\n<p>Le Al Fakher Crown Bar Big Cloud 8000 PRO est une cigarette \u00e9lectronique jetable rechargeable avec jusqu'\u00e0 8000 bouff\u00e9es, qui offre une fonction double mode (MTL\/DTL), 18 ml de liquide \u00e9lectronique au sel de nicotine et un large choix de saveurs ainsi qu'une exp\u00e9rience de vape prolong\u00e9e.<\/p>\n<div class=\"D5aOJc vJwDU\"><\/div>\n<div class=\"hlJJmd\">\n<div class=\"D5aOJc Hapztf\"><\/div>\n<div class=\"Bmcqed\" dir=\"ltr\">\n<div data-id=\"kvLWu\"><\/div>\n<\/div>\n<\/div>\n<\/div>\n<div class=\"hlJJmd\">\n<div class=\"Bmcqed\" dir=\"ltr\">\n<div data-id=\"kvLWu\">\n<div class=\"hlJJmd\">\n<div class=\"Bmcqed\" dir=\"ltr\">\n<div data-id=\"kvLWu\"><\/div>\n<\/div>\n<\/div>\n<\/div>\n<\/div>\n<\/div>","protected":false},"featured_media":447,"comment_status":"open","ping_status":"closed","template":"","meta":[],"product_brand":[],"product_cat":[22],"product_tag":[],"class_list":{"0":"post-446","1":"product","2":"type-product","3":"status-publish","4":"has-post-thumbnail","6":"product_cat-al-fakher-crown-bar-big-cloud-8000-pro","8":"first","9":"outofstock","10":"sale","11":"shipping-taxable","12":"purchasable","13":"product-type-simple"},"jetpack_sharing_enabled":true,"_links":{"self":[{"href":"https:\/\/alfakherwelt.de\/fr\/wp-json\/wp\/v2\/product\/446","targetHints":{"allow":["GET"]}}],"collection":[{"href":"https:\/\/alfakherwelt.de\/fr\/wp-json\/wp\/v2\/product"}],"about":[{"href":"https:\/\/alfakherwelt.de\/fr\/wp-json\/wp\/v2\/types\/product"}],"replies":[{"embeddable":true,"href":"https:\/\/alfakherwelt.de\/fr\/wp-json\/wp\/v2\/comments?post=446"}],"wp:featuredmedia":[{"embeddable":true,"href":"https:\/\/alfakherwelt.de\/fr\/wp-json\/wp\/v2\/media\/447"}],"wp:attachment":[{"href":"https:\/\/alfakherwelt.de\/fr\/wp-json\/wp\/v2\/media?parent=446"}],"wp:term":[{"taxonomy":"product_brand","embeddable":true,"href":"https:\/\/alfakherwelt.de\/fr\/wp-json\/wp\/v2\/product_brand?post=446"},{"taxonomy":"product_cat","embeddable":true,"href":"https:\/\/alfakherwelt.de\/fr\/wp-json\/wp\/v2\/product_cat?post=446"},{"taxonomy":"product_tag","embeddable":true,"href":"https:\/\/alfakherwelt.de\/fr\/wp-json\/wp\/v2\/product_tag?post=446"}],"curies":[{"name":"wp","href":"https:\/\/api.w.org\/{rel}","templated":true}]}}