{"id":439,"date":"2024-09-11T07:49:45","date_gmt":"2024-09-11T07:49:45","guid":{"rendered":"https:\/\/alfakherwelt.de\/?post_type=product&#038;p=439"},"modified":"2024-11-23T13:23:38","modified_gmt":"2024-11-23T13:23:38","slug":"al-fakher-crown-bar-big-cloud-8000-par-bouffee-cigarette-electronique-jetable-mangue-ananas","status":"publish","type":"product","link":"https:\/\/alfakherwelt.de\/fr\/produit\/al-fakher-crown-bar-big-cloud-8000-par-bouffee-cigarette-electronique-jetable-mangue-ananas\/","title":{"rendered":"Al Fakher Crown Bar 8000 bouff\u00e9es Pro Double Mode E-cigarette jetable - Mangue Ananas"},"content":{"rendered":"<p><img loading=\"lazy\" decoding=\"async\" class=\"alignnone wp-image-407 size-full\" src=\"https:\/\/alfakherwelt.de\/wp-content\/uploads\/2024\/09\/Big-Cloud-8000-PRO1.webp\" alt=\"Al Fakher Crown Bar Big Cloud 8000 PRO trajets cigarette \u00e9lectronique jetable - Mangue Ananas\" width=\"2000\" height=\"2000\" title=\"\" srcset=\"https:\/\/alfakherwelt.de\/wp-content\/uploads\/2024\/09\/Big-Cloud-8000-PRO1.webp 2000w, https:\/\/alfakherwelt.de\/wp-content\/uploads\/2024\/09\/Big-Cloud-8000-PRO1-300x300.webp 300w, https:\/\/alfakherwelt.de\/wp-content\/uploads\/2024\/09\/Big-Cloud-8000-PRO1-1024x1024.webp 1024w, https:\/\/alfakherwelt.de\/wp-content\/uploads\/2024\/09\/Big-Cloud-8000-PRO1-150x150.webp 150w, https:\/\/alfakherwelt.de\/wp-content\/uploads\/2024\/09\/Big-Cloud-8000-PRO1-768x768.webp 768w, https:\/\/alfakherwelt.de\/wp-content\/uploads\/2024\/09\/Big-Cloud-8000-PRO1-1536x1536.webp 1536w, https:\/\/alfakherwelt.de\/wp-content\/uploads\/2024\/09\/Big-Cloud-8000-PRO1-600x600.webp 600w, https:\/\/alfakherwelt.de\/wp-content\/uploads\/2024\/09\/Big-Cloud-8000-PRO1-100x100.webp 100w\" sizes=\"auto, (max-width: 2000px) 100vw, 2000px\" \/><\/p>\n<h2><strong><a href=\"https:\/\/alfakherwelt.de\/fr\/\">Al Fakher<\/a> Crown Bar Big Cloud 8000 PRO \u2013 E-cigarette jetable pour des exp\u00e9riences de vapotage inoubliables<\/strong><\/h2>\n<p>D\u00e9couvrez les <a href=\"https:\/\/alfakherwelt.de\/fr\/categorie-de-produit\/barre-de-couronne-al-fakher-big-cloud-8000-pro\/\"><strong>Al Fakher Crown Bar Big Cloud 8000 PRO<\/strong><\/a>, une cigarette \u00e9lectronique jetable de pointe qui offre une exp\u00e9rience de vapotage de premi\u00e8re classe. Que vous soyez d\u00e9butant ou vapoteur exp\u00e9riment\u00e9, cet appareil est parfait pour tous ceux qui recherchent un vape polyvalent et puissant. Fabriqu\u00e9 par <strong>Al Fakher<\/strong>, l'un des noms les plus influents dans le monde du Shisha, ce vape combine un go\u00fbt exceptionnel, une manipulation pratique et une puissance \u00e9lev\u00e9e.<\/p>\n<p>Avec une capacit\u00e9 de <strong>8 000 trains \nor \n8000 trains<\/strong> et une batterie rechargeable de 850 mAh avec <strong>Prise de charge de type C<\/strong>ce Vape permet des exp\u00e9riences de vape prolong\u00e9es sans interruptions. Le e-liquide au sel de nicotine pr\u00e9rempli de 18 ml contient <strong>5 mg de nicotine<\/strong> et offre \u00e0 chaque tirage un sentiment doux et pourtant fort. Id\u00e9al pour tous ceux qui recherchent une exp\u00e9rience de shisha authentique dans un format compact.<\/p>\n<hr \/>\n<h3><strong>Points techniques forts de la <a href=\"https:\/\/alfakherwelt.de\/fr\/categorie-de-produit\/barre-de-couronne-al-fakher-big-cloud-8000-pro\/\">Al Fakher Crown Bar Big Cloud 8000 PRO<\/a><\/strong><\/h3>\n<ul>\n<li><strong>Jusqu'\u00e0 8 000 trains<\/strong> \u2013 Durable et id\u00e9al pour des s\u00e9ances de vapeur prolong\u00e9es.<\/li>\n<li><strong>Fonctionnalit\u00e9 double mode<\/strong> \u2013 Commutation facile entre \u00ab bouche vers poumon \u00bb (MTL) et \u00ab direct vers poumon \u00bb (DTL) pour une exp\u00e9rience de vape personnalis\u00e9e.<\/li>\n<li><strong>Batterie rechargeable 850 mAh<\/strong> \u2013 Avec une prise de charge de type C pour une charge rapide et pratique.<\/li>\n<li><strong>18 ml de liquide de sel de nicotine pour e-cigarette<\/strong> \u2013 Pr\u00e9rempli et pr\u00eat \u00e0 l'emploi, contient 5 mg de nicotine pour le kick parfait.<\/li>\n<li><strong>Indicateur LED<\/strong> \u2013 Affiche l'\u00e9tat de la batterie et le niveau de e-liquide, afin que vous ayez toujours une vue d'ensemble.<\/li>\n<li><strong>Grands nuages aromatiques<\/strong> D\u00e9velopp\u00e9 pour une saveur intense et de grandes nuages de vapeur, id\u00e9al pour les amateurs de style DTL.<\/li>\n<\/ul>\n<hr \/>\n<h2><strong>Pourquoi les <a href=\"https:\/\/alfakherwelt.de\/fr\/categorie-de-produit\/barre-de-couronne-al-fakher-big-cloud-8000-pro\/\">Al Fakher Crown Bar Big Cloud 8000 PRO<\/a>?<\/strong><\/h2>\n<p>Ce dispositif \u00e0 usage unique offre non seulement des performances exceptionnelles, mais \u00e9galement une convivialit\u00e9 maximale. Gr\u00e2ce \u00e0 la fonction \u00e0 double mode, vous pouvez facilement passer d'un style de vapeur \u00e0 un autre, selon la fa\u00e7on dont vous souhaitez personnaliser votre exp\u00e9rience. L'exp\u00e9rience similaire \u00e0 celle du narguil\u00e9 en fait un choix parfait pour tous ceux qui aiment les gros nuages de vapeur avec un go\u00fbt intense.<\/p>\n<p>Avec la <strong>longue dur\u00e9e de vie de la batterie<\/strong> et le <strong>18 ml de liquide de sel de nicotine pr\u00e9rempli<\/strong> Vous n'avez pas \u00e0 vous soucier du chargement ou du remplissage. La manipulation simple et la conception ergonomique font de cet appareil un choix id\u00e9al pour une utilisation en d\u00e9placement ou pour une utilisation quotidienne.<\/p>\n<hr \/>\n<h2><strong>Les saveurs tentantes<\/strong><\/h2>\n<p>La <strong>Al Fakher Crown Bar Big Cloud 8000 PRO<\/strong> existe en diff\u00e9rentes saveurs aromatiques. L'une des plus populaires est la <strong>Mango Ananas<\/strong>La combinaison. Analysons les saveurs de plus pr\u00e8s :<\/p>\n<h3><strong>Mango Ananas : Un d\u00e9lice exotique<\/strong><\/h3>\n<p>Imaginez le go\u00fbt sucr\u00e9 et juteux d'une mangue parfaitement m\u00fbre - une saveur de fruit qui enveloppe vos papilles \u00e0 chaque gorg\u00e9e. S'y ajoute le kick tropical et rafra\u00eechissant d'ananas frais, qui \u00e9quilibre parfaitement la douceur de la mangue avec son acidit\u00e9 naturelle. Cette combinaison de saveurs vous transporte imm\u00e9diatement dans des contr\u00e9es tropicales, o\u00f9 chaque gorg\u00e9e a le go\u00fbt d'une gorg\u00e9e de cocktail exotique.<\/p>\n<p>Le go\u00fbt est \u00e0 la fois intense et rafra\u00eechissant, ce qui fait de cette vari\u00e9t\u00e9 un favori absolu pour ceux qui recherchent quelque chose de fruit\u00e9 et d'inoubliable. Avec chaque nuage, l'ar\u00f4me se d\u00e9ploie encore plus intens\u00e9ment, ce qui conduit \u00e0 une exp\u00e9rience de vapotage incroyablement satisfaisante. Si vous \u00eates \u00e0 la recherche d'un <strong>une exp\u00e9rience rafra\u00eechissante et fruit\u00e9e<\/strong> sont, alors la combinaison de mangue et d'ananas est exactement ce qu'il vous faut !<\/p>\n<hr \/>\n<h2><strong>Exp\u00e9rience de vape unique avec style<\/strong><\/h2>\n<p>Avec le <strong>Al Fakher Crown Bar Big Cloud 8000 PRO<\/strong> obtenez non seulement un appareil de vapotage de haute qualit\u00e9, mais aussi un <strong>accessoire de style<\/strong>qui souligne votre personnalit\u00e9. Le design \u00e9l\u00e9gant et les mat\u00e9riaux de haute qualit\u00e9 font de cet appareil un v\u00e9ritable objet de convoitise. Que vous soyez en d\u00e9placement ou en soci\u00e9t\u00e9, l'Al Fakher Crown Bar est toujours une bonne figure.<\/p>\n<hr \/>\n<h2><strong>Commandez maintenant sur <a href=\"https:\/\/alfakherwelt.de\/fr\/\">alfakherwelt.de<\/a>!<\/strong><\/h2>\n<p>Sichern Sie sich Ihre <strong>Al Fakher Crown Bar Big Cloud 8000 PRO<\/strong> et profitez de l'exp\u00e9rience de vape ultime ! Nous chez <a href=\"https:\/\/alfakherwelt.de\/fr\/\"><strong>alfakherwelt.de<\/strong><\/a> sont fiers de vous pr\u00e9senter les meilleures cigarettes \u00e9lectroniques jetables en <strong>Allemagne<\/strong> \u00e0 offrir. Avec une vari\u00e9t\u00e9 de saveurs et des appareils de pointe, nous sommes votre premier arr\u00eat pour les vapes avec et sans nicotine. Achetez maintenant chez nous et d\u00e9couvrez une qualit\u00e9 et un service incomparables !<\/p>","protected":false},"excerpt":{"rendered":"<div class=\"D5aOJc vJwDU\">\n<p>Le <strong>Al Fakher Crown Bar Big Cloud 8000 PRO<\/strong> est une cigarette \u00e9lectronique jetable polyvalente avec fonction double mode, 8000 bouff\u00e9es, 18 ml de liquide \u00e9lectronique et des saveurs intenses Lush Ice, qui offrent une exp\u00e9rience de vapotage longue dur\u00e9e et confortable en Allemagne.<\/p>\n<div class=\"D5aOJc vJwDU\"><\/div>\n<div class=\"hlJJmd\">\n<div class=\"D5aOJc Hapztf\"><\/div>\n<div class=\"Bmcqed\" dir=\"ltr\">\n<div data-id=\"kvLWu\"><\/div>\n<\/div>\n<\/div>\n<\/div>\n<div class=\"hlJJmd\">\n<div class=\"Bmcqed\" dir=\"ltr\">\n<div data-id=\"kvLWu\">\n<div class=\"hlJJmd\">\n<div class=\"Bmcqed\" dir=\"ltr\">\n<div data-id=\"kvLWu\"><\/div>\n<\/div>\n<\/div>\n<\/div>\n<\/div>\n<\/div>","protected":false},"featured_media":441,"comment_status":"open","ping_status":"closed","template":"","meta":[],"product_brand":[],"product_cat":[22],"product_tag":[],"class_list":{"0":"post-439","1":"product","2":"type-product","3":"status-publish","4":"has-post-thumbnail","6":"product_cat-al-fakher-crown-bar-big-cloud-8000-pro","8":"first","9":"outofstock","10":"sale","11":"shipping-taxable","12":"purchasable","13":"product-type-simple"},"jetpack_sharing_enabled":true,"_links":{"self":[{"href":"https:\/\/alfakherwelt.de\/fr\/wp-json\/wp\/v2\/product\/439","targetHints":{"allow":["GET"]}}],"collection":[{"href":"https:\/\/alfakherwelt.de\/fr\/wp-json\/wp\/v2\/product"}],"about":[{"href":"https:\/\/alfakherwelt.de\/fr\/wp-json\/wp\/v2\/types\/product"}],"replies":[{"embeddable":true,"href":"https:\/\/alfakherwelt.de\/fr\/wp-json\/wp\/v2\/comments?post=439"}],"wp:featuredmedia":[{"embeddable":true,"href":"https:\/\/alfakherwelt.de\/fr\/wp-json\/wp\/v2\/media\/441"}],"wp:attachment":[{"href":"https:\/\/alfakherwelt.de\/fr\/wp-json\/wp\/v2\/media?parent=439"}],"wp:term":[{"taxonomy":"product_brand","embeddable":true,"href":"https:\/\/alfakherwelt.de\/fr\/wp-json\/wp\/v2\/product_brand?post=439"},{"taxonomy":"product_cat","embeddable":true,"href":"https:\/\/alfakherwelt.de\/fr\/wp-json\/wp\/v2\/product_cat?post=439"},{"taxonomy":"product_tag","embeddable":true,"href":"https:\/\/alfakherwelt.de\/fr\/wp-json\/wp\/v2\/product_tag?post=439"}],"curies":[{"name":"wp","href":"https:\/\/api.w.org\/{rel}","templated":true}]}}