{"id":438,"date":"2024-09-11T07:49:43","date_gmt":"2024-09-11T07:49:43","guid":{"rendered":"https:\/\/alfakherwelt.de\/?post_type=product&#038;p=438"},"modified":"2025-05-12T06:58:30","modified_gmt":"2025-05-12T06:58:30","slug":"al-fakher-crown-bar-big-cloud-8000-par-bouffee-de-cigarette-electronique-jetable-glace-a-la-mangue","status":"publish","type":"product","link":"https:\/\/alfakherwelt.de\/fr\/produit\/al-fakher-crown-bar-big-cloud-8000-par-bouffee-de-cigarette-electronique-jetable-glace-a-la-mangue\/","title":{"rendered":"Al Fakher Crown Bar 8000 bouff\u00e9es Pro Double Mode E-cigarette jetable - Mango Glac\u00e9"},"content":{"rendered":"<h2><a href=\"https:\/\/alfakherwelt.de\/fr\/\">Al Fakher<\/a> Crown Bar Big Cloud 8000 PRO : Premium <a href=\"https:\/\/alfakherwelt.de\/fr\/\">Cigarette \u00e9lectronique jetable<\/a> en Allemagne<\/h2>\n<p>D\u00e9couvrez l'exp\u00e9rience de vape ultime avec le <strong>Al Fakher Crown Bar Big Cloud 8000 PRO Dual Mode<\/strong> Cigarette \u00e9lectronique jetable. Cet appareil haut de gamme, con\u00e7u \u00e0 la fois pour les d\u00e9butants et les vapoteurs exp\u00e9riment\u00e9s, combine des performances de premier ordre avec une facilit\u00e9 d'utilisation. Avec jusqu'\u00e0 <strong>8 000 trains \nor \n8000 trains<\/strong> offre une exp\u00e9rience longue et satisfaisante, sans n\u00e9cessiter de recharge ou de remplacement - id\u00e9al pour ceux qui appr\u00e9cient la simplicit\u00e9 et les performances \u00e9lev\u00e9es. Achetez votre <strong>Cigarette \u00e9lectronique jetable<\/strong> maintenant sur <a href=\"https:\/\/alfakherwelt.de\/fr\/\" target=\"_new\" rel=\"noopener\">Alfakherwelt.de<\/a>la plus grande plate-forme de vente en ligne de cigarettes \u00e9lectroniques jetables <strong>Allemagne<\/strong>.<\/p>\n<hr \/>\n<h3>Fonctionnalit\u00e9 double mode pour une flexibilit\u00e9 ultime<\/h3>\n<p>Ce qui <strong>Al Fakher 8000 Pro<\/strong> qui les distingue particuli\u00e8rement, c'est leur <strong>Fonctionnalit\u00e9 double mode<\/strong>Peu importe si vous choisissez le doux et savoureux <strong>Mouth-to-Lung (MTL)<\/strong> pr\u00e9f\u00e9rer le style ou la riche en nuages <strong>Direct-\u00e0-poumon (DTL)<\/strong> L'inhalation, cette e-cigarette offre les deux options. Basculez de mani\u00e8re transparente entre les deux modes, en fonction de votre humeur ou de vos pr\u00e9f\u00e9rences, et profitez d'une exp\u00e9rience de vapotage polyvalente.<\/p>\n<h3>Caract\u00e9ristiques importantes de la <a href=\"https:\/\/alfakherwelt.de\/fr\/categorie-de-produit\/barre-de-couronne-al-fakher-big-cloud-8000-pro\/\">Al Fakher Crown Bar Big Cloud 8000 PRO<\/a><\/h3>\n<ul>\n<li><strong>Jusqu'\u00e0 8 000 trains<\/strong>: Profitez d'une exp\u00e9rience de vape prolong\u00e9e avec jusqu'\u00e0 8000 tirages par appareil.<\/li>\n<li><strong>Dual-Mode (MTL &amp; DTL)<\/strong>: Choisissez entre Mouth-to-Lung et Direct-to-Lung pour une exp\u00e9rience de vape personnalis\u00e9e.<\/li>\n<li><strong>5mg de sel de nicotine<\/strong>: Pr\u00e9rempli avec 18ml de sel de nicotine 5% pour une aspiration douce et pourtant forte.<\/li>\n<li><strong>Batterie rechargeable 800mAh<\/strong>: Batterie int\u00e9gr\u00e9e avec fonction de charge rapide USB-C pour une longue dur\u00e9e de fonctionnement sans interruptions.<\/li>\n<li><strong>Tirage similaire \u00e0 la chicha<\/strong>D\u00e9velopp\u00e9 pour imiter l'exp\u00e9rience de la prise traditionnelle de shisha avec des nuages riches et parfum\u00e9s.<\/li>\n<li><strong>Affichage d'information \u00e0 LED<\/strong>: Gardez un \u0153il sur l'\u00e9tat de charge de la batterie et le niveau de liquide avec un \u00e9cran LED facile \u00e0 lire.<\/li>\n<li><strong>Compact et portable<\/strong>: Design mince et l\u00e9ger pour vapoter en d\u00e9placement.<\/li>\n<\/ul>\n<hr \/>\n<h3>Pourquoi vous les <a href=\"https:\/\/alfakherwelt.de\/fr\/categorie-de-produit\/barre-de-couronne-al-fakher-big-cloud-8000-pro\/\">Al Fakher Crown Bar Big Cloud 8000 PRO <\/a>devraient acheter<\/h3>\n<ol>\n<li><strong>Longue dur\u00e9e d'utilisation<\/strong>: Contrairement \u00e0 d'autres cigarettes \u00e9lectroniques jetables, la <strong>Al Fakher 8000 PRO<\/strong> jusqu'\u00e0 <strong>8000 trains<\/strong>qui offre une long\u00e9vit\u00e9 exceptionnelle.<\/li>\n<li><strong>Go\u00fbt premium<\/strong>: Gr\u00e2ce \u00e0 des ingr\u00e9dients de haute qualit\u00e9, vous pouvez vous attendre \u00e0 une explosion de saveur exceptionnelle \u00e0 chaque bouff\u00e9e.<\/li>\n<li><strong>Vape polyvalent<\/strong>La possibilit\u00e9 de passer de la vapeur MTL \u00e0 la vapeur DTL signifie que cet appareil couvre un large \u00e9ventail de pr\u00e9f\u00e9rences.<\/li>\n<li><strong>Charge rapide<\/strong>Le rechargeable <strong>Batterie 800mAh<\/strong> avec une prise de type C permet des processus de charge rapides et simples et permet des sessions de vapeur plus longues.<\/li>\n<li><strong>Exp\u00e9rience Shisha dans la poche<\/strong>Parfait pour les anciens fumeurs de chicha, cette e-cigarette reproduit les nuages riches et denses d'une session de chicha, sans la tracas.<\/li>\n<\/ol>\n<hr \/>\n<h2>Profils gustatifs d\u00e9taill\u00e9s des <a href=\"https:\/\/alfakherwelt.de\/fr\/categorie-de-produit\/barre-de-couronne-al-fakher-big-cloud-8000-pro\/\">Al Fakher Crown Bar Big Cloud 8000 PRO<\/a><\/h2>\n<h3>Mango Ice : fra\u00eecheur tropicale avec une touche rafra\u00eechissante<\/h3>\n<p>Une des saveurs exceptionnelles des <strong>Al Fakher Crown Bar Big Cloud 8000 PRO<\/strong> est le rafra\u00eechissant <strong>Mango Ice<\/strong>Cette saveur est un m\u00e9lange magistral de <strong>plus doux, plus juteux de mangue<\/strong> et une finale fra\u00eeche \u00e0 la menthe, qui cr\u00e9e une exp\u00e9rience de vapeur tropicale d\u00e9licieuse avec un coup de fraisure glac\u00e9.<\/p>\n<h4>Description gustative :<\/h4>\n<ul>\n<li><strong>Mango sucr\u00e9e<\/strong>La premi\u00e8re chose que vous devez faire <strong>Mango Ice<\/strong> remarquer, c'est le go\u00fbt fort et vivant de <strong>mangue m\u00fbre<\/strong>qui rappelle les fruits tropicaux fra\u00eechement coup\u00e9s. La douceur naturelle est parfaitement \u00e9quilibr\u00e9e et offre une saveur juteuse et d\u00e9licieuse qui ressemble \u00e0 la morsure d'une mangue parfaitement m\u00fbre.<\/li>\n<li><strong>Menthol frais<\/strong>: Pendant que la saveur sucr\u00e9e de la mangue se d\u00e9ploie dans votre palais, une fra\u00eecheur <strong>Effleurement de menthol<\/strong> qui assure une expiration rafra\u00eechissante et \u00e9quilibre l'intensit\u00e9 fruit\u00e9e. Cette finale glac\u00e9e laisse une sensation de fra\u00eecheur et de propret\u00e9 qui rend chaque bouff\u00e9e particuli\u00e8rement revigorante les jours de chaleur.<\/li>\n<li><strong>Douce bouff\u00e9e de nicotine<\/strong>: Avec <strong>5% Nikotinsalz<\/strong> s'assure que le <strong>Mango Ice<\/strong> Go\u00fbt pour une traite en douceur, sans irritation de la gorge, ce qui le rend parfait pour ceux qui veulent profiter du go\u00fbt complet de la mangue avec une dose de nicotine douce mais satisfaisante.<\/li>\n<\/ul>\n<hr \/>\n<h3>Vapoter comme jamais auparavant<\/h3>\n<p>Peu importe que vous soyez nouveau dans le domaine de la vape ou que vous ayez d\u00e9j\u00e0 de l'exp\u00e9rience, les <strong>Al Fakher Crown Bar Big Cloud 8000 PRO<\/strong> offre une exp\u00e9rience de vapeur de haute qualit\u00e9 qui n'a pas son pareil. <strong>Fonctionnement en double mode<\/strong> rend le dispositif adaptable \u00e0 vos styles de vape personnalis\u00e9s, et le <strong>un train ressemblant \u00e0 une shisha<\/strong> assure des nuages denses et des saveurs intenses \u00e0 chaque bouff\u00e9e. Surtout le <strong>Mango Ice<\/strong> Go\u00fbt offre une exp\u00e9rience de vape rafra\u00eechissante et d\u00e9licieuse, parfaite pour les amateurs d'ar\u00f4mes fruit\u00e9s avec une finition fra\u00eeche.<\/p>\n<hr \/>\n<h3>Pourquoi vous devriez nous choisir<\/h3>\n<p>Chez <strong>Alfakherwelt.de<\/strong> sont fiers d'\u00eatre la plus grande plate-forme de vente en ligne pour <a href=\"https:\/\/alfakherwelt.de\/fr\/\"><strong>Cigarettes \u00e9lectroniques jetables<\/strong><\/a> d'\u00eatre en Allemagne. Notre engagement envers la qualit\u00e9 garantit que chaque produit que nous proposons r\u00e9pond aux exigences les plus \u00e9lev\u00e9es en termes de performances et de satisfaction. Lorsque vous achetez chez nous, vous n'obtenez pas seulement une excellente cigarette \u00e9lectronique, mais aussi un <strong>exp\u00e9rience de vapeur de premi\u00e8re classe<\/strong>le <strong>confortable, fiable et de bon go\u00fbt<\/strong> est.<\/p>\n<p>Aussi, qu'est-ce que vous attendez encore ? Obtenez votre <strong>Al Fakher Crown Bar Big Cloud 8000 PRO<\/strong> et vivez le meilleur en mati\u00e8re de <strong>E-cigarettes jetables<\/strong>Que vous recherchiez un appareil \u00e0 longue dur\u00e9e de vie ou une exp\u00e9rience de tirage similaire \u00e0 celle d'un narguil\u00e9, cette cigarette \u00e9lectronique jetable offre tout ce dont vous avez besoin.<\/p>\n<hr \/>\n<h3>Commandez d\u00e8s aujourd'hui votre cigarette \u00e9lectronique jetable sur <a href=\"https:\/\/alfakherwelt.de\/fr\/\">Alfakherwelt.de<\/a>!<\/h3>\n<p>Recherchez les meilleures options pour <strong>Acheter un vaporisateur<\/strong> dans <strong>Allemagne<\/strong>Recherchez-vous ailleurs ? Nous proposons la s\u00e9lection la plus fine de cigarettes \u00e9lectroniques jetables, y compris les <strong>Al Fakher Crown Bar Big Cloud 8000 PRO<\/strong>Commandez maintenant et profitez de la livraison rapide en Allemagne, avec un acc\u00e8s exclusif aux meilleurs prix et aux derni\u00e8res saveurs. Ne manquez pas l'occasion, <strong>vapotage parfait<\/strong> \u00e0 vivre - achetez d\u00e8s aujourd'hui <a href=\"https:\/\/alfakherwelt.de\/fr\/\"><strong>Alfakherwelt.de<\/strong><\/a>!<\/p>\n<p>&nbsp;<\/p>\n<h3><img loading=\"lazy\" decoding=\"async\" class=\"alignnone wp-image-411 size-full\" src=\"https:\/\/alfakherwelt.de\/wp-content\/uploads\/2024\/09\/Al-Fakher-Crown-Bar-PRO-8K-Al-Fakher-262869555-2-1.webp\" alt=\"Al Fakher Crown Bar Big Cloud 8000 PRO trajets cigarette \u00e9lectronique jetable - Mangue Glac\u00e9e\" width=\"2000\" height=\"2000\" title=\"\" srcset=\"https:\/\/alfakherwelt.de\/wp-content\/uploads\/2024\/09\/Al-Fakher-Crown-Bar-PRO-8K-Al-Fakher-262869555-2-1.webp 2000w, https:\/\/alfakherwelt.de\/wp-content\/uploads\/2024\/09\/Al-Fakher-Crown-Bar-PRO-8K-Al-Fakher-262869555-2-1-300x300.webp 300w, https:\/\/alfakherwelt.de\/wp-content\/uploads\/2024\/09\/Al-Fakher-Crown-Bar-PRO-8K-Al-Fakher-262869555-2-1-1024x1024.webp 1024w, https:\/\/alfakherwelt.de\/wp-content\/uploads\/2024\/09\/Al-Fakher-Crown-Bar-PRO-8K-Al-Fakher-262869555-2-1-150x150.webp 150w, https:\/\/alfakherwelt.de\/wp-content\/uploads\/2024\/09\/Al-Fakher-Crown-Bar-PRO-8K-Al-Fakher-262869555-2-1-768x768.webp 768w, https:\/\/alfakherwelt.de\/wp-content\/uploads\/2024\/09\/Al-Fakher-Crown-Bar-PRO-8K-Al-Fakher-262869555-2-1-1536x1536.webp 1536w, https:\/\/alfakherwelt.de\/wp-content\/uploads\/2024\/09\/Al-Fakher-Crown-Bar-PRO-8K-Al-Fakher-262869555-2-1-600x600.webp 600w, https:\/\/alfakherwelt.de\/wp-content\/uploads\/2024\/09\/Al-Fakher-Crown-Bar-PRO-8K-Al-Fakher-262869555-2-1-100x100.webp 100w\" sizes=\"auto, (max-width: 2000px) 100vw, 2000px\" \/><\/h3>\n<h3>Avantages de l'achat chez nous :<\/h3>\n<ul>\n<li><strong>Large s\u00e9lection de produits<\/strong>Nous vous offrons les meilleurs vapes sur le march\u00e9, comme les <strong>Al Fakher Crown Bar Big Cloud 8000 PRO<\/strong>.<\/li>\n<li><strong>Livraison rapide en Allemagne<\/strong>Votre commande vous parvient de mani\u00e8re s\u00fbre et rapide.<\/li>\n<li><strong>Service client<\/strong>Notre \u00e9quipe amicale est \u00e0 votre disposition pour r\u00e9pondre \u00e0 vos questions \u00e0 tout moment.<\/li>\n<\/ul>\n<hr \/>\n<p>Si vous cherchez une <strong>Cigarette \u00e9lectronique jetable<\/strong> recherche qui vous offre une exp\u00e9rience de vapotage intense et prolong\u00e9e est la <strong>Al Fakher Crown Bar Big Cloud 8000 PRO<\/strong> exactement ce qu'il vous faut. Achetez d\u00e8s aujourd'hui sur <a href=\"https:\/\/alfakherwelt.de\/fr\/\"><strong>alfakherwelt.de<\/strong><\/a> et vivez l'avenir de la vape.<\/p>","protected":false},"excerpt":{"rendered":"<p>La **Al Fakher Crown Bar Big Cloud 8000 PRO** est une cigarette \u00e9lectronique jetable rechargeable puissante avec jusqu'\u00e0 8000 bouff\u00e9es, fonction double mode pour MTL et DTL, 5 mg de sel de nicotine et une saveur unique **Mango Ice**, disponible sur **Alfakherwelt.de**, la plus grande plateforme en ligne allemande pour les vapes jetables.<\/p>","protected":false},"featured_media":440,"comment_status":"open","ping_status":"closed","template":"","meta":[],"product_brand":[],"product_cat":[22],"product_tag":[],"class_list":{"0":"post-438","1":"product","2":"type-product","3":"status-publish","4":"has-post-thumbnail","6":"product_cat-al-fakher-crown-bar-big-cloud-8000-pro","8":"first","9":"outofstock","10":"sale","11":"shipping-taxable","12":"purchasable","13":"product-type-simple"},"jetpack_sharing_enabled":true,"_links":{"self":[{"href":"https:\/\/alfakherwelt.de\/fr\/wp-json\/wp\/v2\/product\/438","targetHints":{"allow":["GET"]}}],"collection":[{"href":"https:\/\/alfakherwelt.de\/fr\/wp-json\/wp\/v2\/product"}],"about":[{"href":"https:\/\/alfakherwelt.de\/fr\/wp-json\/wp\/v2\/types\/product"}],"replies":[{"embeddable":true,"href":"https:\/\/alfakherwelt.de\/fr\/wp-json\/wp\/v2\/comments?post=438"}],"wp:featuredmedia":[{"embeddable":true,"href":"https:\/\/alfakherwelt.de\/fr\/wp-json\/wp\/v2\/media\/440"}],"wp:attachment":[{"href":"https:\/\/alfakherwelt.de\/fr\/wp-json\/wp\/v2\/media?parent=438"}],"wp:term":[{"taxonomy":"product_brand","embeddable":true,"href":"https:\/\/alfakherwelt.de\/fr\/wp-json\/wp\/v2\/product_brand?post=438"},{"taxonomy":"product_cat","embeddable":true,"href":"https:\/\/alfakherwelt.de\/fr\/wp-json\/wp\/v2\/product_cat?post=438"},{"taxonomy":"product_tag","embeddable":true,"href":"https:\/\/alfakherwelt.de\/fr\/wp-json\/wp\/v2\/product_tag?post=438"}],"curies":[{"name":"wp","href":"https:\/\/api.w.org\/{rel}","templated":true}]}}