{"id":434,"date":"2024-09-11T07:34:58","date_gmt":"2024-09-11T07:34:58","guid":{"rendered":"https:\/\/alfakherwelt.de\/?post_type=product&#038;p=434"},"modified":"2024-11-23T13:23:37","modified_gmt":"2024-11-23T13:23:37","slug":"al-fakher-crown-bar-big-cloud-8000-par-bouffee-de-cigarette-electronique-jetable-lush-ice","status":"publish","type":"product","link":"https:\/\/alfakherwelt.de\/fr\/produit\/al-fakher-crown-bar-big-cloud-8000-par-bouffee-de-cigarette-electronique-jetable-lush-ice\/","title":{"rendered":"Al Fakher Crown Bar 8000 tirages par mode double cigarette \u00e9lectronique jetable - Lush Ice"},"content":{"rendered":"<p><img loading=\"lazy\" decoding=\"async\" class=\"alignnone wp-image-407 size-full\" src=\"https:\/\/alfakherwelt.de\/wp-content\/uploads\/2024\/09\/Big-Cloud-8000-PRO1.webp\" alt=\"Al Fakher Crown Bar Big Cloud 8000 PRO trajets cigarette \u00e9lectronique jetable - Lush Ice\" width=\"2000\" height=\"2000\" title=\"\" srcset=\"https:\/\/alfakherwelt.de\/wp-content\/uploads\/2024\/09\/Big-Cloud-8000-PRO1.webp 2000w, https:\/\/alfakherwelt.de\/wp-content\/uploads\/2024\/09\/Big-Cloud-8000-PRO1-300x300.webp 300w, https:\/\/alfakherwelt.de\/wp-content\/uploads\/2024\/09\/Big-Cloud-8000-PRO1-1024x1024.webp 1024w, https:\/\/alfakherwelt.de\/wp-content\/uploads\/2024\/09\/Big-Cloud-8000-PRO1-150x150.webp 150w, https:\/\/alfakherwelt.de\/wp-content\/uploads\/2024\/09\/Big-Cloud-8000-PRO1-768x768.webp 768w, https:\/\/alfakherwelt.de\/wp-content\/uploads\/2024\/09\/Big-Cloud-8000-PRO1-1536x1536.webp 1536w, https:\/\/alfakherwelt.de\/wp-content\/uploads\/2024\/09\/Big-Cloud-8000-PRO1-600x600.webp 600w, https:\/\/alfakherwelt.de\/wp-content\/uploads\/2024\/09\/Big-Cloud-8000-PRO1-100x100.webp 100w\" sizes=\"auto, (max-width: 2000px) 100vw, 2000px\" \/><\/p>\n<h2><a href=\"https:\/\/alfakherwelt.de\/fr\/\">Al Fakher<\/a> Crown Bar Big Cloud 8000 PRO \u2013 E-cigarette jetable pour une exp\u00e9rience de vape in\u00e9gal\u00e9e en Allemagne<\/h2>\n<p>La <a href=\"https:\/\/alfakherwelt.de\/fr\/categorie-de-produit\/barre-de-couronne-al-fakher-big-cloud-8000-pro\/\"><strong>Al Fakher Crown Bar Big Cloud 8000 PRO<\/strong><\/a> Les cigarettes \u00e9lectroniques jetables sont l'exp\u00e9rience de vapotage parfaite pour les amateurs qui recherchent la plus haute qualit\u00e9 et la commodit\u00e9. En tant que plateforme leader pour les vapes jetables en Allemagne, alfakherwelt.de propose ce produit innovant pour les vapoteurs qui appr\u00e9cient un go\u00fbt exceptionnel et une performance \u00e9lev\u00e9e. Que vous soyez d\u00e9butant ou vapoteur exp\u00e9riment\u00e9, ce vape est votre compagnon id\u00e9al pour profiter \u00e0 tout moment et en tout lieu de gros nuages et d'un go\u00fbt intense.<\/p>\n<h3>Conception de haute qualit\u00e9 et convivialit\u00e9<\/h3>\n<p>Le <a href=\"https:\/\/alfakherwelt.de\/fr\/categorie-de-produit\/barre-de-couronne-al-fakher-big-cloud-8000-pro\/\"><strong>Al Fakher Crown Bar Big Cloud 8000 PRO<\/strong><\/a> Kit a \u00e9t\u00e9 d\u00e9velopp\u00e9 pour allier style et fonctionnalit\u00e9. Avec un design \u00e9l\u00e9gant et ergonomique, il se tient parfaitement dans la main et offre une utilisation intuitive. Il suffit de le d\u00e9baller, d'inhaler et de profiter - sans avoir \u00e0 le recharger ou \u00e0 le remplir pendant une longue p\u00e9riode. Gr\u00e2ce \u00e0 la batterie durable de 800 mAh et \u00e0 18 ml de e-liquide pr\u00e9rempli, vous pouvez profiter jusqu'\u00e0 <strong>8000 trains<\/strong> appr\u00e9cier avant que l'appareil doive \u00eatre remplac\u00e9. Le <strong>accumulateur rechargeable<\/strong> Via le port de type C, assurez-vous en outre que votre session de vape ne se termine jamais abruptement.<\/p>\n<h3>Fonction double mode - Exp\u00e9rience de vape personnalis\u00e9e<\/h3>\n<p>Un point culminant particulier du <strong>Al Fakher 8000 PRO<\/strong> est la <strong>Fonctionnalit\u00e9 double mode<\/strong>qui vous permet de choisir entre deux styles de vape. Souhaitez-vous privil\u00e9gier le mode \u00ab bouche vers les poumons \u00bb (MTL) pour une vapeur douce ou plut\u00f4t le mode \u00ab direct vers les poumons \u00bb (DTL) pour de gros nuages ? C'est vous qui d\u00e9cidez ! Cette polyvalence offre \u00e0 chaque vapoteur l'exp\u00e9rience parfaite, adapt\u00e9e individuellement \u00e0 ses pr\u00e9f\u00e9rences.<\/p>\n<h3>Technische Features des <a href=\"https:\/\/alfakherwelt.de\/fr\/categorie-de-produit\/barre-de-couronne-al-fakher-big-cloud-8000-pro\/\">Al Fakher Crown Bar Big Cloud 8000 PRO<\/a><\/h3>\n<ul>\n<li><strong>Jusqu'\u00e0 8 000 trains<\/strong>: Longue dur\u00e9e de plaisir de la vapeur sans changements constants.<\/li>\n<li><strong>Fonctionnalit\u00e9 double mode<\/strong>: Choisissez entre MTL ou DTL pour une personnalisation maximale.<\/li>\n<li><strong>18 ml E-Liquid<\/strong>G\u00e9n\u00e9reusement pr\u00e9rempli pour des sessions de vapotage intensives.<\/li>\n<li><strong>5 % Nikotinsalz<\/strong>Pour un kick de nicotine intense et des traits doux.<\/li>\n<li><strong>Batterie 800 mAh<\/strong>Rechargeable et durable, id\u00e9al pour une utilisation en d\u00e9placement.<\/li>\n<li><strong>Affichage d'information \u00e0 LED<\/strong>Vue pratique d'ensemble du niveau de charge et du niveau de remplissage du liquide.<\/li>\n<\/ul>\n<h3>Les saveurs : Un go\u00fbt incomparable qui ravit<\/h3>\n<p>Le <strong>Al Fakher Crown Bar Big Cloud 8000 PRO<\/strong> Kit \u00e0 usage unique offrant une vari\u00e9t\u00e9 de saveurs sp\u00e9cialement con\u00e7ues pour les palais exigeants. Une saveur particuli\u00e8rement populaire est <strong>Lush Ice<\/strong> - un m\u00e9lange rafra\u00eechissant d'ar\u00f4me de past\u00e8que juteuse avec une touche de fra\u00eecheur froide.<\/p>\n<p><strong>Lush Ice<\/strong> ensorcelle vos sens avec l'\u00e9quilibre parfaitement \u00e9quilibr\u00e9 de douceur fruit\u00e9e et de fra\u00eecheur rafra\u00eechissante. \u00c0 chaque bouff\u00e9e, vous sentez la past\u00e8que juteuse sur votre langue, accompagn\u00e9e d'une note de menthe subtile qui laisse un effet de refroidissement agr\u00e9able sur votre palais. Cette saveur est id\u00e9ale pour les vapoteurs qui souhaitent profiter d'un vape revigorant et en m\u00eame temps apaisant. Parfait pour les chaudes journ\u00e9es d'\u00e9t\u00e9 ou lorsque vous cherchez simplement une pause fruit\u00e9e et fra\u00eeche.<\/p>\n<p>Le m\u00e9lange de past\u00e8que sucr\u00e9e et de menthe fra\u00eeche fait que <strong>Lush Ice<\/strong> compte parmi les favoris absolus des amateurs de fruits. Chaque bouff\u00e9e apporte une brise rafra\u00eechissante qui caresse doucement le palais et laisse une exp\u00e9rience gustative durable.<\/p>\n<p>Chacune de ces saveurs est infus\u00e9e avec 5 % de sel de nicotine, ce qui non seulement procure un effet de nicotine intense, mais \u00e9galement des bouff\u00e9es particuli\u00e8rement douces et lisses sans irritation de la gorge.<\/p>\n<h3>Pourquoi devriez-vous le <a href=\"https:\/\/alfakherwelt.de\/fr\/categorie-de-produit\/barre-de-couronne-al-fakher-big-cloud-8000-pro\/\">Al Fakher Crown Bar Big Cloud 8000 PRO<\/a> acheter ?<\/h3>\n<ol>\n<li><strong>Confortable et simple<\/strong>: Pas de chargement, pas de remplissage - simplement d\u00e9baller et vapoter.<\/li>\n<li><strong>Longue dur\u00e9e de plaisir de vapeur<\/strong>: Avec jusqu'\u00e0 8000 tirages, ce Vape compte parmi les dispositifs jetables les plus durables du march\u00e9.<\/li>\n<li><strong>Ar\u00f4mes de haute qualit\u00e9<\/strong>Profitez de saveurs authentiques et intenses \u00e0 chaque inhalation.<\/li>\n<li><strong>Polyvalence<\/strong>: Gr\u00e2ce \u00e0 la fonction double mode, vous pouvez personnaliser le style de vapeur selon vos pr\u00e9f\u00e9rences.<\/li>\n<li><strong>Conception ergonomique<\/strong>: Se tient confortablement dans la main et se manipule sans difficult\u00e9.<\/li>\n<\/ol>\n<h3>Achetez le Al Fakher Crown Bar Big Cloud 8000 PRO chez <a href=\"https:\/\/alfakherwelt.de\/fr\/\">alfakherwelt.de<\/a><\/h3>\n<p>En tant que leader dans le domaine de <strong>E-Zigarettes jetables en Allemagne<\/strong> Alfakherwelt.de propose une large gamme de produits de vapotage de haute qualit\u00e9 que vous pouvez commander confortablement en ligne. Le <strong>Al Fakher Crown Bar Big Cloud 8000 PRO<\/strong> C'est le produit id\u00e9al pour tous ceux qui recherchent une exp\u00e9rience de vapotage simple, durable et intense en saveur.<\/p>\n<p>Commandez le v\u00f4tre d\u00e8s aujourd'hui <strong>Al Fakher Crown Bar Big Cloud 8000 PRO<\/strong> et vivez la combinaison de technologie innovante et de saveur incomparable - exclusivement sur <a href=\"https:\/\/alfakherwelt.de\/fr\/\"><strong>alfakherwelt.de<\/strong><\/a>!<\/p>","protected":false},"excerpt":{"rendered":"<div class=\"D5aOJc vJwDU\">\n<p>Le <strong>Al Fakher Crown Bar Big Cloud 8000 PRO<\/strong> est une cigarette \u00e9lectronique jetable polyvalente avec fonction double mode, 8000 bouff\u00e9es, 18 ml de liquide \u00e9lectronique et des saveurs intenses Lush Ice, qui offrent une exp\u00e9rience de vapotage longue dur\u00e9e et confortable en Allemagne.<\/p>\n<div class=\"D5aOJc vJwDU\"><\/div>\n<div class=\"hlJJmd\">\n<div class=\"D5aOJc Hapztf\"><\/div>\n<div class=\"Bmcqed\" dir=\"ltr\">\n<div data-id=\"kvLWu\"><\/div>\n<\/div>\n<\/div>\n<\/div>\n<div class=\"hlJJmd\">\n<div class=\"Bmcqed\" dir=\"ltr\">\n<div data-id=\"kvLWu\">\n<div class=\"hlJJmd\">\n<div class=\"Bmcqed\" dir=\"ltr\">\n<div data-id=\"kvLWu\"><\/div>\n<\/div>\n<\/div>\n<\/div>\n<\/div>\n<\/div>","protected":false},"featured_media":436,"comment_status":"open","ping_status":"closed","template":"","meta":[],"product_brand":[],"product_cat":[22],"product_tag":[],"class_list":{"0":"post-434","1":"product","2":"type-product","3":"status-publish","4":"has-post-thumbnail","6":"product_cat-al-fakher-crown-bar-big-cloud-8000-pro","8":"first","9":"outofstock","10":"sale","11":"shipping-taxable","12":"purchasable","13":"product-type-simple"},"jetpack_sharing_enabled":true,"_links":{"self":[{"href":"https:\/\/alfakherwelt.de\/fr\/wp-json\/wp\/v2\/product\/434","targetHints":{"allow":["GET"]}}],"collection":[{"href":"https:\/\/alfakherwelt.de\/fr\/wp-json\/wp\/v2\/product"}],"about":[{"href":"https:\/\/alfakherwelt.de\/fr\/wp-json\/wp\/v2\/types\/product"}],"replies":[{"embeddable":true,"href":"https:\/\/alfakherwelt.de\/fr\/wp-json\/wp\/v2\/comments?post=434"}],"wp:featuredmedia":[{"embeddable":true,"href":"https:\/\/alfakherwelt.de\/fr\/wp-json\/wp\/v2\/media\/436"}],"wp:attachment":[{"href":"https:\/\/alfakherwelt.de\/fr\/wp-json\/wp\/v2\/media?parent=434"}],"wp:term":[{"taxonomy":"product_brand","embeddable":true,"href":"https:\/\/alfakherwelt.de\/fr\/wp-json\/wp\/v2\/product_brand?post=434"},{"taxonomy":"product_cat","embeddable":true,"href":"https:\/\/alfakherwelt.de\/fr\/wp-json\/wp\/v2\/product_cat?post=434"},{"taxonomy":"product_tag","embeddable":true,"href":"https:\/\/alfakherwelt.de\/fr\/wp-json\/wp\/v2\/product_tag?post=434"}],"curies":[{"name":"wp","href":"https:\/\/api.w.org\/{rel}","templated":true}]}}