{"id":421,"date":"2024-09-10T09:46:43","date_gmt":"2024-09-10T09:46:43","guid":{"rendered":"https:\/\/alfakherwelt.de\/?post_type=product&#038;p=421"},"modified":"2025-03-17T14:56:22","modified_gmt":"2025-03-17T14:56:22","slug":"al-fakher-crown-bar-big-cloud-8000-par-bouffee-cigarette-electronique-jetable-gomme-menthe","status":"publish","type":"product","link":"https:\/\/alfakherwelt.de\/fr\/produit\/al-fakher-crown-bar-big-cloud-8000-par-bouffee-cigarette-electronique-jetable-gomme-menthe\/","title":{"rendered":"Al Fakher Crown Bar 8000 tirages par mode double cigarette \u00e9lectronique jetable - Gum Mint"},"content":{"rendered":"<h2><strong><a href=\"https:\/\/alfakherwelt.de\/fr\/\">Al Fakher<\/a> Crown Bar Big Cloud 8000 PRO cigarette \u00e9lectronique jetable - Votre exp\u00e9rience de vapotage premium<\/strong><\/h2>\n<p>D\u00e9couvrez l'exp\u00e9rience de vape ultime avec le <strong>Al Fakher Crown Bar Big Cloud 8000 PRO<\/strong> - un appareil de vapotage jetable r\u00e9volutionnaire qui ne laisse aucun d\u00e9sir insatisfait. Cet appareil, id\u00e9al pour les d\u00e9butants comme pour les vapoteurs exp\u00e9riment\u00e9s, combine la facilit\u00e9 d'utilisation et les performances exceptionnelles pour garantir une exp\u00e9rience de vapotage totalement sans effort. Achetez votre Vape jetable sur <strong><a href=\"https:\/\/alfakherwelt.de\/fr\/\" target=\"_new\" rel=\"noopener\">alfakherwelt.de<\/a><\/strong>, la plus grande plateforme en ligne pour les cigarettes \u00e9lectroniques jetables en Allemagne.<\/p>\n<h3><strong>Description du produit : Performance \u00e9lev\u00e9e pour les exigeants<\/strong><\/h3>\n<p>Le <strong>Al Fakher 8000 PRO<\/strong> Les vaporizateurs jetables Dual Mode ont \u00e9t\u00e9 d\u00e9velopp\u00e9s pour les vapoteurs exigeants qui recherchent une combinaison de confort et de puissance. Gr\u00e2ce \u00e0 sa fonction innovante Dual Mode, qui permet de vapoter en \"bouche \u00e0 poumon\" (MTL) et \"direct au poumon\" (DTL), cet appareil offre une utilisation polyvalente qui s'adapte parfaitement \u00e0 vos besoins individuels. La batterie int\u00e9gr\u00e9e de 850 mAh assure une puissance constante, tandis que la capacit\u00e9 impressionnante de 8000 bouff\u00e9es souligne la long\u00e9vit\u00e9 de ce produit.<\/p>\n<p>Pas de recharge, pas de remplissage pendant l'utilisation : simplement d\u00e9baller, profiter et se laisser aller \u00e0 la saveur intense. Avec un e-liquide pr\u00e9rempli de 18 ml de sel de nicotine (5 mg), chaque bouff\u00e9e offre une vapeur lisse et satisfaisante. Cela fait de l'Al Fakher 8000 PRO l'une des meilleures options pour les vapes jetables avec un plaisir maximal.<\/p>\n<h3><strong>Propri\u00e9t\u00e9s du <a href=\"https:\/\/alfakherwelt.de\/fr\/categorie-de-produit\/barre-de-couronne-al-fakher-big-cloud-8000-pro\/\">Al Fakher Crown Bar Big Cloud 8000 PRO<\/a>:<\/strong><\/h3>\n<ul>\n<li><strong>Fonctionnement en double mode<\/strong>: Choisissez entre MTL (de la bouche aux poumons) et DTL (directement aux poumons) pour une exp\u00e9rience de vape personnalis\u00e9e.<\/li>\n<li><strong>8000 bouff\u00e9es<\/strong>: Profitez de jusqu'\u00e0 8000 bouff\u00e9es sans avoir \u00e0 vous soucier d'une recharge.<\/li>\n<li><strong>Batterie 850 mAh<\/strong>: Batterie rechargeable avec fonction de charge rapide via une prise de type C.<\/li>\n<li><strong>18 ml de liquide de sel de nicotine pour e-cigarette<\/strong>: G\u00e9n\u00e9reuse quantit\u00e9 de liquide pour une longue dur\u00e9e de plaisir.<\/li>\n<li><strong>5 mg de sel de nicotine<\/strong>: Parfaite balance entre force et vapeur douce.<\/li>\n<li><strong>Affichage LED<\/strong>V\u00e9rifiez \u00e0 tout moment le niveau de e-liquide et la dur\u00e9e de vie de la batterie.<\/li>\n<li><strong>Compact et portable<\/strong>: Id\u00e9al pour \u00eatre emport\u00e9 partout et toujours pr\u00eat pour une session de vape.<\/li>\n<\/ul>\n<h3><strong>Pourquoi le <a href=\"https:\/\/alfakherwelt.de\/fr\/categorie-de-produit\/barre-de-couronne-al-fakher-big-cloud-8000-pro\/\">Al Fakher Crown Bar Big Cloud 8000 PRO<\/a> acheter ?<\/strong><\/h3>\n<ol>\n<li><strong>Exp\u00e9rience de vapeur incomparable<\/strong>: La fonction Dual-Mode vous permet de d\u00e9cider vous-m\u00eame comment vous voulez fa\u00e7onner votre vape - que ce soit en MTL ou en DTL.<\/li>\n<li><strong>Caract\u00e9ristiques similaires \u00e0 celles du narguil\u00e9<\/strong>: L'appareil offre des nuages authentiques, gros et denses, similaires \u00e0 ceux du tabac \u00e0 narguil\u00e9, et garantit un ar\u00f4me riche \u00e0 chaque bouff\u00e9e.<\/li>\n<li><strong>Longue dur\u00e9e de conservation<\/strong>: Avec une capacit\u00e9 pouvant aller jusqu'\u00e0 8000 trains et une batterie longue dur\u00e9e, vous n'avez pas \u00e0 vous soucier des recharges fr\u00e9quentes ou des remplissages de liquide.<\/li>\n<li><strong>Facile \u00e0 utiliser<\/strong>: Aucun r\u00e9glage compliqu\u00e9 - simplement glisser et profiter.<\/li>\n<li><strong>De multiples saveurs<\/strong>: D\u00e9couvrez une large gamme de saveurs intenses et d\u00e9licieuses.<\/li>\n<\/ol>\n<h3><strong>Description d\u00e9taill\u00e9e des saveurs<\/strong><\/h3>\n<p>Un des aspects remarquables du <strong>Al Fakher Crown Bar Big Cloud 8000 PRO<\/strong> est la diversit\u00e9 et l'intensit\u00e9 des saveurs disponibles, qui font de chaque bouff\u00e9e une exp\u00e9rience.<\/p>\n<h4><strong>Saveur : Gum Mint<\/strong><\/h4>\n<p>Gum Mint est une v\u00e9ritable r\u00e9v\u00e9lation pour tous les amateurs de profils gustatifs rafra\u00eechissants et intenses. Cette saveur combine l'ar\u00f4me sucr\u00e9 et juteux du chewing-gum avec la fra\u00eecheur rafra\u00eechissante de la menthe et cr\u00e9e un profil gustatif unique et durable qui transforme chaque bouff\u00e9e en un moment rafra\u00eechissant.<\/p>\n<p>Le composant de chewing-gum rappelle le go\u00fbt classique et familier que beaucoup d'entre nous affectionnent, tandis que la menthe avec sa fra\u00eecheur intensifie chaque bouff\u00e9e. Ce m\u00e9lange harmonieux de douceur et de fra\u00eecheur fait que le go\u00fbt n'est pas trop envahissant, mais suscite \u00e0 chaque fois l'envie de plus. C'est l'\u00e9quilibre parfait qui ravira autant les d\u00e9butants que les vapoteurs exp\u00e9riment\u00e9s.<\/p>\n<h3><strong>Einweg E-Zigaretten in Deutschland kaufen \u2013 D\u00e9couvrez la diff\u00e9rence chez <a href=\"https:\/\/alfakherwelt.de\/fr\/\">alfakherwelt.de<\/a><\/strong><\/h3>\n<p>Le plus grand d\u00e9taillant en ligne de cigarettes \u00e9lectroniques jetables en Allemagne propose <strong>alfakherwelt.de<\/strong> Une large s\u00e9lection de produits de vapotage de haute qualit\u00e9, sp\u00e9cialement d\u00e9velopp\u00e9s pour le march\u00e9 allemand. Nos produits sont tous soigneusement s\u00e9lectionn\u00e9s pour vous offrir la meilleure exp\u00e9rience de vapotage.<\/p>\n<p>Visitez-nous sur <strong><a href=\"https:\/\/alfakherwelt.de\/fr\/\" target=\"_new\" rel=\"noopener\">alfakherwelt.de<\/a><\/strong> et profitez de :<\/p>\n<ul>\n<li><strong>Livraison rapide dans toute l'Allemagne<\/strong>.<\/li>\n<li><strong>Offres exclusives et remises<\/strong>.<\/li>\n<li><strong>Une \u00e9norme s\u00e9lection de vapes jetables<\/strong>.<\/li>\n<\/ul>\n<p>&nbsp;<\/p>\n<h3><img loading=\"lazy\" decoding=\"async\" class=\"alignnone wp-image-411 size-full\" src=\"https:\/\/alfakherwelt.de\/wp-content\/uploads\/2024\/09\/Al-Fakher-Crown-Bar-PRO-8K-Al-Fakher-262869555-2-1.webp\" alt=\"Al Fakher Crown Bar Big Cloud 8000 PRO trajets cigarette \u00e9lectronique jetable - Gum Mint\" width=\"2000\" height=\"2000\" title=\"\" srcset=\"https:\/\/alfakherwelt.de\/wp-content\/uploads\/2024\/09\/Al-Fakher-Crown-Bar-PRO-8K-Al-Fakher-262869555-2-1.webp 2000w, https:\/\/alfakherwelt.de\/wp-content\/uploads\/2024\/09\/Al-Fakher-Crown-Bar-PRO-8K-Al-Fakher-262869555-2-1-300x300.webp 300w, https:\/\/alfakherwelt.de\/wp-content\/uploads\/2024\/09\/Al-Fakher-Crown-Bar-PRO-8K-Al-Fakher-262869555-2-1-1024x1024.webp 1024w, https:\/\/alfakherwelt.de\/wp-content\/uploads\/2024\/09\/Al-Fakher-Crown-Bar-PRO-8K-Al-Fakher-262869555-2-1-150x150.webp 150w, https:\/\/alfakherwelt.de\/wp-content\/uploads\/2024\/09\/Al-Fakher-Crown-Bar-PRO-8K-Al-Fakher-262869555-2-1-768x768.webp 768w, https:\/\/alfakherwelt.de\/wp-content\/uploads\/2024\/09\/Al-Fakher-Crown-Bar-PRO-8K-Al-Fakher-262869555-2-1-1536x1536.webp 1536w, https:\/\/alfakherwelt.de\/wp-content\/uploads\/2024\/09\/Al-Fakher-Crown-Bar-PRO-8K-Al-Fakher-262869555-2-1-600x600.webp 600w, https:\/\/alfakherwelt.de\/wp-content\/uploads\/2024\/09\/Al-Fakher-Crown-Bar-PRO-8K-Al-Fakher-262869555-2-1-100x100.webp 100w\" sizes=\"auto, (max-width: 2000px) 100vw, 2000px\" \/><\/h3>\n<h3><strong>Conclusion<\/strong><\/h3>\n<p>Le <a href=\"https:\/\/alfakherwelt.de\/fr\/categorie-de-produit\/barre-de-couronne-al-fakher-big-cloud-8000-pro\/\"><strong>Al Fakher Crown Bar Big Cloud 8000 PRO<\/strong><\/a> est le choix parfait pour tous ceux qui recherchent une exp\u00e9rience de vapotage sans effort et intense. Avec sa technologie \u00e0 double mode avanc\u00e9e, sa batterie puissante et sa grande capacit\u00e9, cet appareil \u00e9tablit de nouvelles normes dans le domaine des cigarettes \u00e9lectroniques jetables. Ne manquez pas l'occasion d'essayer ce produit exceptionnel et de vous convaincre de sa qualit\u00e9 et de ses performances. Achetez votre <strong>Cigarette \u00e9lectronique jetable<\/strong> encore aujourd'hui sur <a href=\"https:\/\/alfakherwelt.de\/fr\/\"><strong>alfakherwelt.de<\/strong><\/a>, la plus grande plateforme en ligne pour le vapotage en Allemagne.<\/p>","protected":false},"excerpt":{"rendered":"<p>Le Al Fakher Crown Bar Big Cloud 8000 PRO est une cigarette \u00e9lectronique jetable de pointe \u00e0 technologie double mode, offrant jusqu'\u00e0 8000 bouff\u00e9es, pr\u00e9rempli de 18 ml de sel de nicotine, \u00e9quip\u00e9 d'une batterie rechargeable de 850 mAh et con\u00e7u pour une exp\u00e9rience de vapotage intense ressemblant \u00e0 celle du narguil\u00e9.<\/p>","protected":false},"featured_media":424,"comment_status":"open","ping_status":"closed","template":"","meta":[],"product_brand":[],"product_cat":[22],"product_tag":[],"class_list":{"0":"post-421","1":"product","2":"type-product","3":"status-publish","4":"has-post-thumbnail","6":"product_cat-al-fakher-crown-bar-big-cloud-8000-pro","8":"first","9":"outofstock","10":"sale","11":"shipping-taxable","12":"purchasable","13":"product-type-simple"},"jetpack_sharing_enabled":true,"_links":{"self":[{"href":"https:\/\/alfakherwelt.de\/fr\/wp-json\/wp\/v2\/product\/421","targetHints":{"allow":["GET"]}}],"collection":[{"href":"https:\/\/alfakherwelt.de\/fr\/wp-json\/wp\/v2\/product"}],"about":[{"href":"https:\/\/alfakherwelt.de\/fr\/wp-json\/wp\/v2\/types\/product"}],"replies":[{"embeddable":true,"href":"https:\/\/alfakherwelt.de\/fr\/wp-json\/wp\/v2\/comments?post=421"}],"wp:featuredmedia":[{"embeddable":true,"href":"https:\/\/alfakherwelt.de\/fr\/wp-json\/wp\/v2\/media\/424"}],"wp:attachment":[{"href":"https:\/\/alfakherwelt.de\/fr\/wp-json\/wp\/v2\/media?parent=421"}],"wp:term":[{"taxonomy":"product_brand","embeddable":true,"href":"https:\/\/alfakherwelt.de\/fr\/wp-json\/wp\/v2\/product_brand?post=421"},{"taxonomy":"product_cat","embeddable":true,"href":"https:\/\/alfakherwelt.de\/fr\/wp-json\/wp\/v2\/product_cat?post=421"},{"taxonomy":"product_tag","embeddable":true,"href":"https:\/\/alfakherwelt.de\/fr\/wp-json\/wp\/v2\/product_tag?post=421"}],"curies":[{"name":"wp","href":"https:\/\/api.w.org\/{rel}","templated":true}]}}