{"id":412,"date":"2024-09-10T01:52:35","date_gmt":"2024-09-10T01:52:35","guid":{"rendered":"https:\/\/alfakherwelt.de\/?post_type=product&#038;p=412"},"modified":"2025-05-12T06:59:03","modified_gmt":"2025-05-12T06:59:03","slug":"al-fakher-crown-bar-big-cloud-8000-par-bouffee-de-cigarette-electronique-jetable-gomme-bluberry","status":"publish","type":"product","link":"https:\/\/alfakherwelt.de\/fr\/produit\/al-fakher-crown-bar-big-cloud-8000-par-bouffee-de-cigarette-electronique-jetable-gomme-bluberry\/","title":{"rendered":"Al Fakher Crown Bar 8000 tirages par mode double usage cigarette \u00e9lectronique jetable - Gomme \u00e0 la myrtille"},"content":{"rendered":"<h2><a href=\"https:\/\/alfakherwelt.de\/fr\/\">Al Fakher<\/a> Crown Bar Big Cloud 8000 PRO : E-cigarette jetable haut de gamme<\/h2>\n<p>Dans le monde des cigarettes \u00e9lectroniques jetables, le <strong>Al Fakher Crown Bar Big Cloud 8000 PRO<\/strong> Un v\u00e9ritable leader. Cet appareil ultramoderne combine innovation et confort de mani\u00e8re in\u00e9gal\u00e9e, id\u00e9al pour les d\u00e9butants comme pour les amateurs de vapotage exp\u00e9riment\u00e9s. Gr\u00e2ce \u00e0 sa technologie avanc\u00e9e et \u00e0 ses fonctionnalit\u00e9s pens\u00e9es, ce mod\u00e8le offre une exp\u00e9rience de vapotage incomparable qui r\u00e9pond aux exigences les plus \u00e9lev\u00e9es.<\/p>\n<h3>Description du produit<\/h3>\n<p>Le <a href=\"https:\/\/alfakherwelt.de\/fr\/categorie-de-produit\/barre-de-couronne-al-fakher-big-cloud-8000-pro\/\"><strong>Al Fakher Crown Bar Big Cloud 8000 PRO<\/strong><\/a> se distingue par sa fonctionnalit\u00e9 impressionnante en mode double, qui permet \u00e0 l'utilisateur de passer entre deux styles de vapeur diff\u00e9rents : \u00ab Mouth-to-Lung \u00bb (MTL) et \u00ab Direct-to-Lung \u00bb (DTL). Cette flexibilit\u00e9 vous permet de personnaliser votre exp\u00e9rience de vape et de vous adapter \u00e0 vos pr\u00e9f\u00e9rences personnelles. Que vous pr\u00e9f\u00e9riez une technique de tirage douce et contr\u00f4l\u00e9e ou des tirages directs et puissants, ce vaporizateur jetable r\u00e9pond facilement \u00e0 vos souhaits.<\/p>\n<p>L'appareil est d\u00e9j\u00e0 rempli de 18 ml de e-liquide contenant une concentration \u00e9lev\u00e9e de nicotine de 5 mg de sel de nicotine. Cette concentration garantit une sensation de nicotine douce et satisfaisante \u00e0 chaque inspiration. La batterie de 800 mAh du vaporisateur permet jusqu'\u00e0 8000 bouff\u00e9es, ce qui en fait l'un des vaporisateurs jetables les plus durables du march\u00e9. Cela signifie que vous pouvez profiter d'une exp\u00e9rience de vapotage de haute qualit\u00e9 pendant une longue p\u00e9riode sans avoir \u00e0 vous soucier de recharger ou de remplir.<\/p>\n<h3>Caract\u00e9ristiques techniques<\/h3>\n<ul>\n<li><strong>Fonctionnalit\u00e9 double mode<\/strong>: Choisissez entre \u00ab Mouth-to-Lung \u00bb (MTL) pour une exp\u00e9rience de vape douce et \u00ab Direct-to-Lung \u00bb (DTL) pour des nuages puissants et importants.<\/li>\n<li><strong>Capacit\u00e9<\/strong>: 18 ml de liquide \u00e9lectronique, id\u00e9al pour des sessions de vape prolong\u00e9es.<\/li>\n<li><strong>Teneur en nicotine<\/strong>: 5 mg de sel de nicotine pour une bouff\u00e9e agr\u00e9able et intense.<\/li>\n<li><strong>Akku<\/strong>: Batterie de 800 mAh, permettant jusqu'\u00e0 8000 bouff\u00e9es.<\/li>\n<li><strong>\u00c9cran d'information LED<\/strong>: Un \u00e9cran pratique indique le niveau de liquide ainsi que la puissance de la batterie restante.<\/li>\n<li><strong>Charge rapide<\/strong>: Un port de type C permet une charge rapide, vous permettant de r\u00e9utiliser rapidement le Vape.<\/li>\n<\/ul>\n<h3>Exp\u00e9rience gustative : Blueberry Gum<\/h3>\n<p>Le <a href=\"https:\/\/alfakherwelt.de\/fr\/categorie-de-produit\/barre-de-couronne-al-fakher-big-cloud-8000-pro\/\"><strong>Al Fakher Crown Bar Big Cloud 8000 PRO<\/strong><\/a> n'est pas seulement connu pour sa sophistication technique, mais \u00e9galement pour son exp\u00e9rience gustative incomparable. Le <strong>Gomme \u00e0 la myrtille<\/strong> Le go\u00fbt est une composition exquise de notes sucr\u00e9es et fruit\u00e9es qui vous offrira une v\u00e9ritable exp\u00e9rience gustative.<\/p>\n<p>La <strong>Gomme \u00e0 la myrtille<\/strong> La saveur combine la douceur juteuse de bleuets m\u00fbrs avec l'ar\u00f4me d\u00e9licat de chewing-gum. Les bleuets offrent une base fra\u00eeche et fruit\u00e9e, dont les notes sucr\u00e9es et l\u00e9g\u00e8rement acides se fondent harmonieusement les unes dans les autres. Chaque bouff\u00e9e r\u00e9v\u00e8le la douceur intense des bleuets, tandis que l'ar\u00f4me de chewing-gum ajoute une saveur subtile mais distincte, qui rappelle l'enfance. Cette combinaison de saveurs procure une exp\u00e9rience de vape agr\u00e9able et satisfaisante, qui emm\u00e8ne vos sens dans un voyage d\u00e9licieux.<\/p>\n<p>L'\u00e9quilibre entre la myrtille fruit\u00e9e et le chewing-gum sucr\u00e9 est parfaitement soutenu par la haute qualit\u00e9 de l'e-liquide, ce qui rend chaque bouff\u00e9e un plaisir. <strong>Gomme \u00e0 la myrtille<\/strong> Le go\u00fbt est parfaitement adapt\u00e9 \u00e0 ceux qui recherchent une alternative sucr\u00e9e et rafra\u00eechissante aux saveurs traditionnelles du tabac.<\/p>\n<h3>Conclusion<\/h3>\n<p>Si vous cherchez une cigarette \u00e9lectronique jetable puissante et au go\u00fbt exceptionnel, alors le <a href=\"https:\/\/alfakherwelt.de\/fr\/categorie-de-produit\/barre-de-couronne-al-fakher-big-cloud-8000-pro\/\"><strong>Al Fakher Crown Bar Big Cloud 8000 PRO<\/strong><\/a> le produit id\u00e9al pour vous. Avec sa fonctionnalit\u00e9 double mode, sa grande capacit\u00e9 et sa dur\u00e9e de vie de la batterie impressionnante, ce mod\u00e8le \u00e9tablit de nouvelles normes dans le domaine des vaporisateurs jetables. D\u00e9licieux <strong>Gomme \u00e0 la myrtille<\/strong> La saveur compl\u00e8te l'exp\u00e9rience globale et garantit une exp\u00e9rience de vapotage inoubliable.<\/p>\n<p>Visitez <a href=\"https:\/\/alfakherwelt.de\/fr\/\" target=\"_new\" rel=\"noopener\">alfakherwelt.de<\/a>la plus grande plate-forme de vente en ligne de cigarettes \u00e9lectroniques jetables en Allemagne, afin de <strong>Al Fakher Crown Bar Big Cloud 8000 PRO<\/strong> \u00e0 acheter. Profitez du confort et des hautes performances de ce produit exceptionnel et vivez le vapotage \u00e0 un nouveau niveau.<\/p>\n<h3><img loading=\"lazy\" decoding=\"async\" class=\"alignnone wp-image-411 size-full\" src=\"https:\/\/alfakherwelt.de\/wp-content\/uploads\/2024\/09\/Al-Fakher-Crown-Bar-PRO-8K-Al-Fakher-262869555-2-1.webp\" alt=\"Al Fakher Crown Bar Big Cloud 8000 PRO trajets cigarette \u00e9lectronique jetable - Gomme \u00e0 la myrtille\" width=\"2000\" height=\"2000\" title=\"\" srcset=\"https:\/\/alfakherwelt.de\/wp-content\/uploads\/2024\/09\/Al-Fakher-Crown-Bar-PRO-8K-Al-Fakher-262869555-2-1.webp 2000w, https:\/\/alfakherwelt.de\/wp-content\/uploads\/2024\/09\/Al-Fakher-Crown-Bar-PRO-8K-Al-Fakher-262869555-2-1-300x300.webp 300w, https:\/\/alfakherwelt.de\/wp-content\/uploads\/2024\/09\/Al-Fakher-Crown-Bar-PRO-8K-Al-Fakher-262869555-2-1-1024x1024.webp 1024w, https:\/\/alfakherwelt.de\/wp-content\/uploads\/2024\/09\/Al-Fakher-Crown-Bar-PRO-8K-Al-Fakher-262869555-2-1-150x150.webp 150w, https:\/\/alfakherwelt.de\/wp-content\/uploads\/2024\/09\/Al-Fakher-Crown-Bar-PRO-8K-Al-Fakher-262869555-2-1-768x768.webp 768w, https:\/\/alfakherwelt.de\/wp-content\/uploads\/2024\/09\/Al-Fakher-Crown-Bar-PRO-8K-Al-Fakher-262869555-2-1-1536x1536.webp 1536w, https:\/\/alfakherwelt.de\/wp-content\/uploads\/2024\/09\/Al-Fakher-Crown-Bar-PRO-8K-Al-Fakher-262869555-2-1-600x600.webp 600w, https:\/\/alfakherwelt.de\/wp-content\/uploads\/2024\/09\/Al-Fakher-Crown-Bar-PRO-8K-Al-Fakher-262869555-2-1-100x100.webp 100w\" sizes=\"auto, (max-width: 2000px) 100vw, 2000px\" \/><\/h3>\n<h3>Qualit\u00e9, saveur et convivialit\u00e9<\/h3>\n<p>Si vous cherchez un vape qui non seulement convainc par sa puissance, mais aussi par sa polyvalence et son go\u00fbt intense, alors c'est le <a href=\"https:\/\/alfakherwelt.de\/fr\/categorie-de-produit\/barre-de-couronne-al-fakher-big-cloud-8000-pro\/\"><strong>Al Fakher Crown Bar Big Cloud 8000 PRO<\/strong><\/a> exactement ce qu'il te faut. La <strong>Exp\u00e9rience similaire \u00e0 la shisha<\/strong> et la possibilit\u00e9 de passer entre diff\u00e9rents styles de vapeur font de cet appareil le choix id\u00e9al pour les vapoteurs qui veulent plus.<\/p>\n<p>Visitez-nous encore aujourd'hui sur <a href=\"https:\/\/alfakherwelt.de\/fr\/\"><strong>alfakherwelt.de<\/strong><\/a> et d\u00e9couvrez le monde de la vapeur \u00e0 nouveau ! Que ce soit pour une utilisation quotidienne ou pour des occasions sp\u00e9ciales - avec le <strong>Al Fakher 8000 PRO<\/strong> Tu ne fais rien de mal.<\/p>","protected":false},"excerpt":{"rendered":"<p>Le **Al Fakher Crown Bar Big Cloud 8000 PRO** est une cigarette \u00e9lectronique jetable de pointe avec une fonctionnalit\u00e9 double mode, 8000 bouff\u00e9es, 18 ml de liquide \u00e9lectronique au sel de nicotine et une saveur d\u00e9licieuse de **Bluberry Gum**, qui vous offre une exp\u00e9rience de vapotage de premi\u00e8re classe.<\/p>","protected":false},"featured_media":414,"comment_status":"open","ping_status":"closed","template":"","meta":[],"product_brand":[],"product_cat":[22],"product_tag":[],"class_list":{"0":"post-412","1":"product","2":"type-product","3":"status-publish","4":"has-post-thumbnail","6":"product_cat-al-fakher-crown-bar-big-cloud-8000-pro","8":"first","9":"outofstock","10":"sale","11":"shipping-taxable","12":"purchasable","13":"product-type-simple"},"jetpack_sharing_enabled":true,"_links":{"self":[{"href":"https:\/\/alfakherwelt.de\/fr\/wp-json\/wp\/v2\/product\/412","targetHints":{"allow":["GET"]}}],"collection":[{"href":"https:\/\/alfakherwelt.de\/fr\/wp-json\/wp\/v2\/product"}],"about":[{"href":"https:\/\/alfakherwelt.de\/fr\/wp-json\/wp\/v2\/types\/product"}],"replies":[{"embeddable":true,"href":"https:\/\/alfakherwelt.de\/fr\/wp-json\/wp\/v2\/comments?post=412"}],"wp:featuredmedia":[{"embeddable":true,"href":"https:\/\/alfakherwelt.de\/fr\/wp-json\/wp\/v2\/media\/414"}],"wp:attachment":[{"href":"https:\/\/alfakherwelt.de\/fr\/wp-json\/wp\/v2\/media?parent=412"}],"wp:term":[{"taxonomy":"product_brand","embeddable":true,"href":"https:\/\/alfakherwelt.de\/fr\/wp-json\/wp\/v2\/product_brand?post=412"},{"taxonomy":"product_cat","embeddable":true,"href":"https:\/\/alfakherwelt.de\/fr\/wp-json\/wp\/v2\/product_cat?post=412"},{"taxonomy":"product_tag","embeddable":true,"href":"https:\/\/alfakherwelt.de\/fr\/wp-json\/wp\/v2\/product_tag?post=412"}],"curies":[{"name":"wp","href":"https:\/\/api.w.org\/{rel}","templated":true}]}}