{"id":406,"date":"2024-09-10T01:08:40","date_gmt":"2024-09-10T01:08:40","guid":{"rendered":"https:\/\/alfakherwelt.de\/?post_type=product&#038;p=406"},"modified":"2025-03-17T14:57:16","modified_gmt":"2025-03-17T14:57:16","slug":"al-fakher-crown-bar-big-cloud-8000-par-bouffee-de-cigarette-electronique-jetable-berry-ice","status":"publish","type":"product","link":"https:\/\/alfakherwelt.de\/fr\/produit\/al-fakher-crown-bar-big-cloud-8000-par-bouffee-de-cigarette-electronique-jetable-berry-ice\/","title":{"rendered":"Al Fakher Crown Bar 8000 tirages par mode double usage cigarette \u00e9lectronique jetable - Berry Ice"},"content":{"rendered":"<p><img loading=\"lazy\" decoding=\"async\" class=\"alignnone wp-image-407 size-full\" src=\"https:\/\/alfakherwelt.de\/wp-content\/uploads\/2024\/09\/Big-Cloud-8000-PRO1.webp\" alt=\"Al Fakher Crown Bar Big Cloud 8000 PRO trajets cigarette \u00e9lectronique jetable - Berry Ice\" width=\"2000\" height=\"2000\" title=\"\" srcset=\"https:\/\/alfakherwelt.de\/wp-content\/uploads\/2024\/09\/Big-Cloud-8000-PRO1.webp 2000w, https:\/\/alfakherwelt.de\/wp-content\/uploads\/2024\/09\/Big-Cloud-8000-PRO1-300x300.webp 300w, https:\/\/alfakherwelt.de\/wp-content\/uploads\/2024\/09\/Big-Cloud-8000-PRO1-1024x1024.webp 1024w, https:\/\/alfakherwelt.de\/wp-content\/uploads\/2024\/09\/Big-Cloud-8000-PRO1-150x150.webp 150w, https:\/\/alfakherwelt.de\/wp-content\/uploads\/2024\/09\/Big-Cloud-8000-PRO1-768x768.webp 768w, https:\/\/alfakherwelt.de\/wp-content\/uploads\/2024\/09\/Big-Cloud-8000-PRO1-1536x1536.webp 1536w, https:\/\/alfakherwelt.de\/wp-content\/uploads\/2024\/09\/Big-Cloud-8000-PRO1-600x600.webp 600w, https:\/\/alfakherwelt.de\/wp-content\/uploads\/2024\/09\/Big-Cloud-8000-PRO1-100x100.webp 100w\" sizes=\"auto, (max-width: 2000px) 100vw, 2000px\" \/><\/p>\n<h2><a href=\"https:\/\/alfakherwelt.de\/fr\/\">Al Fakher<\/a> Crown Bar Big Cloud 8000 PRO \u2013 E-cigarette jetable de nouvelle g\u00e9n\u00e9ration<\/h2>\n<p>Vivez avec la <a href=\"https:\/\/alfakherwelt.de\/fr\/categorie-de-produit\/barre-de-couronne-al-fakher-big-cloud-8000-pro\/\"><strong>Al Fakher Crown Bar Big Cloud 8000 PRO<\/strong> <strong>Trains<\/strong><\/a> une cigarette \u00e9lectronique jetable innovante qui s'adresse autant aux d\u00e9butants qu'aux vapoteurs exp\u00e9riment\u00e9s. Con\u00e7u pour un confort maximal, cet appareil de pointe offre jusqu'\u00e0 <strong>8000 trains<\/strong> et combine un vapotage facile avec une performance longue dur\u00e9e. <strong>Aucun rechargement, aucun remplissage<\/strong> - simplement d\u00e9baller et appr\u00e9cier !<\/p>\n<h3>D\u00e9tails techniques :<\/h3>\n<ul>\n<li><strong>8000 trains<\/strong> par appareil<\/li>\n<li><strong>5mg de sel de nicotine<\/strong> pour une inhalation douce<\/li>\n<li><strong>18 ml de capacit\u00e9 de e-liquide pr\u00e9-rempli<\/strong><\/li>\n<li><strong>Batterie rechargeable 850 mAh<\/strong> avec <strong>Charge rapide Type-C<\/strong><\/li>\n<li><strong>Affichage d'information \u00e0 LED<\/strong> pour le statut de l'e-liquide et de la batterie<\/li>\n<li><strong>Fonctionnalit\u00e9 double mode<\/strong>: MTL (Mouth To Lung) et DTL (Direct To Lung)<\/li>\n<\/ul>\n<p>Le <strong>Syst\u00e8me \u00e0 double mode<\/strong> permet une exp\u00e9rience de vapotage personnalis\u00e9e en permettant de passer confortablement entre les deux modes, selon que l'on souhaite tirer comme une cigarette traditionnelle (MTL) ou inhaler directement dans les poumons (DTL). Cela offre une polyvalence et une satisfaction maximale \u00e0 chaque utilisation.<\/p>\n<hr \/>\n<h3>Pourquoi vous les <a href=\"https:\/\/alfakherwelt.de\/fr\/categorie-de-produit\/barre-de-couronne-al-fakher-big-cloud-8000-pro\/\">Al Fakher Bar Big Cloud 8000 PRO<\/a> devraient acheter<\/h3>\n<ol>\n<li><strong>Maximaux Puffs<\/strong> \u2013 Profitez d\\'jusqu\\'\u00e0 8000 bouff\u00e9es, id\u00e9al pour les utilisateurs \u00e0 long terme.<\/li>\n<li><strong>Technique innovante<\/strong> \u2013 La combinaison de sel de nicotine pr\u00e9-rempli et d'une batterie rechargeable assure une exp\u00e9rience de vapotage de premi\u00e8re classe.<\/li>\n<li><strong>Jouissance flexible<\/strong> \u2013 Basculez facilement entre MTL et DTL pour une exp\u00e9rience de vape personnalisable.<\/li>\n<li><strong>Parfait pour les amateurs de Shisha<\/strong> - Le <strong>Un train ressemblant \u00e0 une shisha<\/strong> rend particuli\u00e8rement authentique la vape.<\/li>\n<li><strong>Conception portable<\/strong> \u2013 Compact et l\u00e9ger, id\u00e9al pour \u00eatre emport\u00e9.<\/li>\n<\/ol>\n<hr \/>\n<h2>exp\u00e9rience gustative <a href=\"https:\/\/alfakherwelt.de\/fr\/categorie-de-produit\/barre-de-couronne-al-fakher-big-cloud-8000-pro\/\">Al Fakher Bar Big Cloud 8000 PRO<\/a> \u2013 <strong>Berry Ice<\/strong><\/h2>\n<p>Le go\u00fbt de <strong>Berry Ice<\/strong> est un m\u00e9lange rafra\u00eechissant de baies juteuses avec une note fra\u00eeche et glac\u00e9e, cr\u00e9ant un \u00e9quilibre harmonieux d'ar\u00f4mes sucr\u00e9s et rafra\u00eechissants. \u00c0 chaque bouff\u00e9e, l'ar\u00f4me riche de baies des bois fra\u00eeches se d\u00e9ploie, parfaitement \u00e9quilibr\u00e9 par la fra\u00eecheur glac\u00e9e.<\/p>\n<h3>Description aromatique d\u00e9taill\u00e9e<\/h3>\n<p><strong>Berry Ice<\/strong> Commence avec un ar\u00f4me de baies puissant, domin\u00e9 par la combinaison de fraises, de framboises et de bleuets. Cette base fruit\u00e9e est renforc\u00e9e par la fra\u00eecheur glac\u00e9e de la menthe, cr\u00e9ant ainsi une exp\u00e9rience gustative incomparable. Chaque inhalation offre un \u00e9quilibre parfait entre douceur et fra\u00eecheur, ce qui rend le vapotage particuli\u00e8rement agr\u00e9able et revigorant.<\/p>\n<p>Cet ar\u00f4me est id\u00e9al pour les vapoteurs qui pr\u00e9f\u00e8rent les ar\u00f4mes fruit\u00e9s et rafra\u00eechissants et qui recherchent un go\u00fbt intense et en m\u00eame temps frais. Il est particuli\u00e8rement adapt\u00e9 aux journ\u00e9es chaudes d'\u00e9t\u00e9 ou apr\u00e8s une longue pause. <strong>Berry Ice<\/strong> un changement bienvenu qui raviv\u00e9 les sens.<\/p>\n<hr \/>\n<h3>Vos avantages lors de l'achat sur <a href=\"https:\/\/alfakherwelt.de\/fr\/\"><strong>alfakherwelt.de<\/strong><\/a><\/h3>\n<p>Nous de <a href=\"https:\/\/alfakherwelt.de\/fr\/\"><strong>alfakherwelt.de<\/strong><\/a> offrons non seulement les meilleurs prix, mais \u00e9galement le service le plus complet lorsqu'il s'agit d'acheter des cigarettes \u00e9lectroniques jetables. En tant que plus grande plateforme en ligne d'Allemagne pour <strong>Vapes jetables<\/strong> Trouvez chez nous un large choix d'appareils de premi\u00e8re qualit\u00e9 comme les <strong>Al Fakher Crown Bar 8000 PRO<\/strong>Gr\u00e2ce \u00e0 notre exp\u00e9dition rapide et \u00e0 notre site Web convivial, votre prochaine exp\u00e9rience de vapotage n'est qu'\u00e0 un clic de distance.<\/p>\n<h3>Fonctionnalit\u00e9s de l'Al Fakher Crown Bar Big Cloud 8000 PRO en un coup d'\u0153il :<\/h3>\n<ul>\n<li><strong>5% Nikotinsalz<\/strong> pour une inhalation douce mais intense<\/li>\n<li><strong>Conception compacte<\/strong> avec affichage \u00e0 LED<\/li>\n<li><strong>Accumulateur rechargeable<\/strong> avec une longue dur\u00e9e de fonctionnement<\/li>\n<li><strong>Grand volume de e-liquide<\/strong> pour un vapotage prolong\u00e9<\/li>\n<\/ul>\n<hr \/>\n<h3>Pourquoi les <strong>Al Fakher Crown Bar 8000 PRO<\/strong> le dispositif id\u00e9al pour vous est<\/h3>\n<p>Cet appareil est non seulement innovant, mais aussi un v\u00e9ritable changement de donne pour tous ceux qui recherchent une cigarette \u00e9lectronique jetable de haute qualit\u00e9 et confortable. Avec son incroyable <strong>8000 trains de capacit\u00e9<\/strong>le <strong>Technologie \u00e0 double mode<\/strong> et aux ar\u00f4mes intenses est la <strong>Al Fakher Crown Bar 8000 PRO<\/strong> Le dispositif id\u00e9al pour chaque vapoteur qui ne veut faire aucun compromis. Commandez votre dispositif d\u00e8s aujourd'hui <a href=\"https:\/\/alfakherwelt.de\/fr\/\"><strong>alfakherwelt.de<\/strong><\/a> et vivez l'avenir de la vape.<\/p>","protected":false},"excerpt":{"rendered":"<p>La <strong>Al Fakher Crown Bar Big Cloud 8000 PRO<\/strong> est une cigarette \u00e9lectronique jetable puissante avec jusqu'\u00e0 8000 bouff\u00e9es, une batterie rechargeable, une fonction double mode (MTL\/DTL) et des ar\u00f4mes intenses similaires \u00e0 ceux du narguil\u00e9, id\u00e9ale pour une exp\u00e9rience de vapotage confortable et durable.<\/p>","protected":false},"featured_media":408,"comment_status":"open","ping_status":"closed","template":"","meta":[],"product_brand":[],"product_cat":[22],"product_tag":[],"class_list":{"0":"post-406","1":"product","2":"type-product","3":"status-publish","4":"has-post-thumbnail","6":"product_cat-al-fakher-crown-bar-big-cloud-8000-pro","8":"first","9":"outofstock","10":"sale","11":"shipping-taxable","12":"purchasable","13":"product-type-simple"},"jetpack_sharing_enabled":true,"_links":{"self":[{"href":"https:\/\/alfakherwelt.de\/fr\/wp-json\/wp\/v2\/product\/406","targetHints":{"allow":["GET"]}}],"collection":[{"href":"https:\/\/alfakherwelt.de\/fr\/wp-json\/wp\/v2\/product"}],"about":[{"href":"https:\/\/alfakherwelt.de\/fr\/wp-json\/wp\/v2\/types\/product"}],"replies":[{"embeddable":true,"href":"https:\/\/alfakherwelt.de\/fr\/wp-json\/wp\/v2\/comments?post=406"}],"wp:featuredmedia":[{"embeddable":true,"href":"https:\/\/alfakherwelt.de\/fr\/wp-json\/wp\/v2\/media\/408"}],"wp:attachment":[{"href":"https:\/\/alfakherwelt.de\/fr\/wp-json\/wp\/v2\/media?parent=406"}],"wp:term":[{"taxonomy":"product_brand","embeddable":true,"href":"https:\/\/alfakherwelt.de\/fr\/wp-json\/wp\/v2\/product_brand?post=406"},{"taxonomy":"product_cat","embeddable":true,"href":"https:\/\/alfakherwelt.de\/fr\/wp-json\/wp\/v2\/product_cat?post=406"},{"taxonomy":"product_tag","embeddable":true,"href":"https:\/\/alfakherwelt.de\/fr\/wp-json\/wp\/v2\/product_tag?post=406"}],"curies":[{"name":"wp","href":"https:\/\/api.w.org\/{rel}","templated":true}]}}