{"id":3307,"date":"2025-04-29T05:57:36","date_gmt":"2025-04-29T05:57:36","guid":{"rendered":"https:\/\/alfakherwelt.de\/?post_type=product&#038;p=3307"},"modified":"2025-04-29T05:58:39","modified_gmt":"2025-04-29T05:58:39","slug":"request-failed-with-status-code-740","status":"publish","type":"product","link":"https:\/\/alfakherwelt.de\/fr\/produit\/request-failed-with-status-code-740\/","title":{"rendered":"Barre de platine 15000 tirages cigarette \u00e9lectronique jetable 5% nicotine - Grape Ice"},"content":{"rendered":"<div style=\"width: 1020px;\" class=\"wp-video\"><video class=\"wp-video-shortcode\" id=\"video-3307-1\" width=\"1020\" height=\"1813\" preload=\"metadata\" controls=\"controls\"><source type=\"video\/mp4\" src=\"https:\/\/alfakherwelt.de\/wp-content\/uploads\/2025\/04\/PB20K_VIDEO.mp4?_=1\" \/><a href=\"https:\/\/alfakherwelt.de\/wp-content\/uploads\/2025\/04\/PB20K_VIDEO.mp4\">https:\/\/alfakherwelt.de\/wp-content\/uploads\/2025\/04\/PB20K_VIDEO.mp4<\/a><\/video><\/div>\n<h2 data-start=\"0\" data-end=\"100\"><strong data-start=\"0\" data-end=\"100\"><a href=\"https:\/\/alfakherwelt.de\/fr\/categorie-de-produit\/request-failed-with-status-code-757\/\">Barre de platine 15000 tirages<\/a> Cigarette \u00e9lectronique jetable : Votre choix ultime pour une exp\u00e9rience de vape prolong\u00e9e<\/strong><\/h2>\n<p class=\"\" data-start=\"102\" data-end=\"613\">Dans le monde des cigarettes \u00e9lectroniques jetables, s'est \u00e9tablie la <strong data-start=\"151\" data-end=\"197\">Barre de platine 15000 tirages cigarette \u00e9lectronique jetable<\/strong> comme l'une des meilleures options que les utilisateurs en Allemagne peuvent acheter aujourd'hui. Ce produit combine les derni\u00e8res technologies et les innovations en mati\u00e8re de design pour vous offrir une exp\u00e9rience de vapotage incomparable. Avec une capacit\u00e9 impressionnante de <strong data-start=\"459\" data-end=\"475\">15 000 trains<\/strong> Vous pouvez profiter de la vapeur pendant une longue p\u00e9riode sans avoir \u00e0 vous soucier des recharges ou des rechargements constants.<\/p>\n<p class=\"\" data-start=\"615\" data-end=\"1092\">Gr\u00e2ce aux progr\u00e8s avanc\u00e9s <strong data-start=\"642\" data-end=\"663\">Bobine r\u00e9seau 1,2 ohm<\/strong> assure une vaporisation uniforme et intensive. Le <strong data-start=\"740\" data-end=\"756\">18 ml de jus \u00e9lectronique<\/strong> et le <strong data-start=\"765\" data-end=\"781\">550 mAh batterie<\/strong> offrent des performances suffisantes pour vous garantir une vapeur r\u00e9guli\u00e8re. Le <strong data-start=\"869\" data-end=\"892\">Prise de charge de type C<\/strong> permet une recharge rapide de la batterie, tandis que l'\u00e9l\u00e9gant <strong data-start=\"980\" data-end=\"995\">Affichage LED<\/strong> cela vous permet de voir l'\u00e9tat de charge et d'autres informations importantes en un coup d'\u0153il.<\/p>\n<p class=\"\" data-start=\"1094\" data-end=\"1525\">Que vous soyez un vapoteur exp\u00e9riment\u00e9 ou un d\u00e9butant, la Platinum Bar est facile \u00e0 utiliser et offre des performances constantes et \u00e9lev\u00e9es. En Allemagne, notre boutique en ligne propose, <strong data-start=\"1285\" data-end=\"1304\">alfakherwelt.de<\/strong>vous offrant le plus grand choix <strong data-start=\"1334\" data-end=\"1357\">Cigarettes \u00e9lectroniques jetables<\/strong> \u2013 y compris la Platinum Bar 15000 bouff\u00e9es. Profitez de la facilit\u00e9 d'utilisation et de la vari\u00e9t\u00e9 de saveurs qui r\u00e9pondent \u00e0 vos go\u00fbts personnels.<\/p>\n<hr class=\"\" data-start=\"1527\" data-end=\"1530\" \/>\n<h3><strong data-start=\"1536\" data-end=\"1613\">Sp\u00e9cifications techniques de la <a href=\"https:\/\/alfakherwelt.de\/fr\/categorie-de-produit\/request-failed-with-status-code-757\/\">Barre de platine 15000 tirages<\/a> Cigarette \u00e9lectronique jetable<\/strong><\/h3>\n<ul data-start=\"1615\" data-end=\"2234\">\n<li class=\"\" data-start=\"1615\" data-end=\"1677\">\n<p class=\"\" data-start=\"1617\" data-end=\"1677\"><strong data-start=\"1617\" data-end=\"1631\">Capacit\u00e9:<\/strong> 18 ml de e-liquide pour une vapeur longue dur\u00e9e.<\/p>\n<\/li>\n<li class=\"\" data-start=\"1678\" data-end=\"1771\">\n<p class=\"\" data-start=\"1680\" data-end=\"1771\"><strong data-start=\"1680\" data-end=\"1689\">Trains:<\/strong> Jusqu'\u00e0 15 000 bouff\u00e9es, id\u00e9al pour une utilisation \u00e0 long terme sans recharge fr\u00e9quente.<\/p>\n<\/li>\n<li class=\"\" data-start=\"1772\" data-end=\"1859\">\n<p class=\"\" data-start=\"1774\" data-end=\"1859\"><strong data-start=\"1774\" data-end=\"1783\">Batterie:<\/strong> Int\u00e9gr\u00e9 <strong data-start=\"1796\" data-end=\"1812\">550 mAh batterie<\/strong>qui assure une utilisation fiable \u00e0 long terme.<\/p>\n<\/li>\n<li class=\"\" data-start=\"1860\" data-end=\"1941\">\n<p class=\"\" data-start=\"1862\" data-end=\"1941\"><strong data-start=\"1862\" data-end=\"1880\">Connecteur de charge<\/strong> <strong data-start=\"1881\" data-end=\"1904\">Prise de charge de type C<\/strong> pour un chargement rapide et pratique.<\/p>\n<\/li>\n<li class=\"\" data-start=\"1942\" data-end=\"2040\">\n<p class=\"\" data-start=\"1944\" data-end=\"2040\"><strong data-start=\"1944\" data-end=\"1957\">Puissance:<\/strong> <strong data-start=\"1958\" data-end=\"1986\">5% (50 mg) Teneur en nicotine<\/strong>pour une exp\u00e9rience de vape intense et satisfaisante.<\/p>\n<\/li>\n<li class=\"\" data-start=\"2041\" data-end=\"2144\">\n<p class=\"\" data-start=\"2043\" data-end=\"2144\"><strong data-start=\"2043\" data-end=\"2054\">Conception :<\/strong> Mince, l\u00e9ger et facile \u00e0 manipuler. Compact et portable pour une utilisation quotidienne.<\/p>\n<\/li>\n<li class=\"\" data-start=\"2145\" data-end=\"2234\">\n<p class=\"\" data-start=\"2147\" data-end=\"2234\"><strong data-start=\"2147\" data-end=\"2163\">Affichage LED :<\/strong> Affiche le statut de la batterie et d'autres informations importantes en temps r\u00e9el.<\/p>\n<\/li>\n<\/ul>\n<hr class=\"\" data-start=\"2236\" data-end=\"2239\" \/>\n<h3 class=\"\" data-start=\"2241\" data-end=\"2320\"><strong data-start=\"2245\" data-end=\"2320\">Pourquoi vous devriez choisir la Platinum Bar 15000 tirages cigarette \u00e9lectronique jetable<\/strong><\/h3>\n<p class=\"\" data-start=\"2322\" data-end=\"2885\">La cigarette \u00e9lectronique jetable Platinum Bar 15000 tirages a \u00e9t\u00e9 d\u00e9velopp\u00e9e pour vous offrir une exp\u00e9rience de vapotage prolong\u00e9e et pratique. <strong data-start=\"2401\" data-end=\"2435\">exp\u00e9rience de vapeur ininterrompue<\/strong> offrir. La combinaison de technologies avanc\u00e9es et de designs r\u00e9fl\u00e9chis garantit que vous obtenez toujours les performances optimales. Avec une capacit\u00e9 de <strong data-start=\"2609\" data-end=\"2625\">18 ml de jus \u00e9lectronique<\/strong> et un <strong data-start=\"2636\" data-end=\"2656\">500 mAh batterie<\/strong> Vous pouvez profiter de plus de 15 000 tirages sans avoir \u00e0 vous soucier de recharger ou de probl\u00e8mes de chargement. Le <strong data-start=\"2774\" data-end=\"2797\">Prise de charge de type C<\/strong> assure \u00e9galement une charge rapide et facile lorsque la batterie est faible.<\/p>\n<p class=\"\" data-start=\"2887\" data-end=\"3171\">Le <strong data-start=\"2891\" data-end=\"2906\">Affichage LED<\/strong> offre des commodit\u00e9s suppl\u00e9mentaires en affichant clairement le statut de la batterie et d'autres informations importantes, vous permettant ainsi de savoir quand il est temps de recharger. Le design \u00e9l\u00e9gant et mince de la Platinum Bar en fait un accessoire styl\u00e9 pour chaque vapoteur.<\/p>\n<h4 class=\"\" data-start=\"3173\" data-end=\"3207\"><strong data-start=\"3178\" data-end=\"3207\">Avantages en un coup d'\u0153il :<\/strong><\/h4>\n<ul data-start=\"3208\" data-end=\"3510\">\n<li class=\"\" data-start=\"3208\" data-end=\"3266\">\n<p class=\"\" data-start=\"3210\" data-end=\"3266\"><strong data-start=\"3210\" data-end=\"3237\">Utilisation prolong\u00e9e<\/strong> avec jusqu'\u00e0 <strong data-start=\"3249\" data-end=\"3265\">15 000 trains<\/strong>.<\/p>\n<\/li>\n<li class=\"\" data-start=\"3267\" data-end=\"3329\">\n<p class=\"\" data-start=\"3269\" data-end=\"3329\"><strong data-start=\"3269\" data-end=\"3297\">Exp\u00e9rience intensive de vapeur<\/strong> gr\u00e2ce \u00e0 la <strong data-start=\"3307\" data-end=\"3328\">Bobine r\u00e9seau 1,2 ohm<\/strong>.<\/p>\n<\/li>\n<li class=\"\" data-start=\"3330\" data-end=\"3387\">\n<p class=\"\" data-start=\"3332\" data-end=\"3387\"><strong data-start=\"3332\" data-end=\"3356\">Conception ergonomique<\/strong> pour une manipulation agr\u00e9able.<\/p>\n<\/li>\n<li class=\"\" data-start=\"3388\" data-end=\"3441\">\n<p class=\"\" data-start=\"3390\" data-end=\"3441\"><strong data-start=\"3390\" data-end=\"3412\">Charge rapide<\/strong> avec le <strong data-start=\"3421\" data-end=\"3440\">Connecteur de type C<\/strong>.<\/p>\n<\/li>\n<li class=\"\" data-start=\"3442\" data-end=\"3510\">\n<p class=\"\" data-start=\"3444\" data-end=\"3510\"><strong data-start=\"3444\" data-end=\"3481\">Diff\u00e9rentes saveurs<\/strong>qui assurent la vari\u00e9t\u00e9.<\/p>\n<\/li>\n<\/ul>\n<hr class=\"\" data-start=\"3512\" data-end=\"3515\" \/>\n<h3 class=\"\" data-start=\"3517\" data-end=\"3607\"><strong data-start=\"3521\" data-end=\"3607\">Barre de platine 15000 tirages cigarette \u00e9lectronique jetable : Les diff\u00e9rentes saveurs<\/strong><\/h3>\n<p class=\"\" data-start=\"3609\" data-end=\"4136\">La cigarette \u00e9lectronique jetable Platinum Bar 15000 tirages offre une vari\u00e9t\u00e9 de saveurs qui raviront tous les vapoteurs. Que vous aimiez le go\u00fbt frais de <strong data-start=\"3780\" data-end=\"3791\">Citron<\/strong> ou le m\u00e9lange sucr\u00e9 de <strong data-start=\"3819\" data-end=\"3829\">Raisin<\/strong> et <strong data-start=\"3834\" data-end=\"3844\">Litchi<\/strong> pr\u00e9f\u00e9rer, il y en a pour tout le monde. Les diff\u00e9rentes saveurs vous offrent non seulement le <strong data-start=\"3939\" data-end=\"3977\">le go\u00fbt, mais aussi la sensation<\/strong> d'une exp\u00e9rience de vape de haute qualit\u00e9. D\u00e9couvrez les <strong data-start=\"4033\" data-end=\"4073\">des saveurs uniques et exaltantes<\/strong> le bar Platinum et laissez-vous envo\u00fbter par chaque train.<\/p>\n<h4 class=\"\" data-start=\"4546\" data-end=\"4568\"><strong data-start=\"4551\" data-end=\"4568\"> Glace au raisin :<\/strong><\/h4>\n<p class=\"\" data-start=\"4569\" data-end=\"4914\">Grape Ice est une combinaison parfaite de raisin sucr\u00e9 et juteux avec de la glace rafra\u00eechissante. Le go\u00fbt de raisin frais se d\u00e9veloppe \u00e0 chaque bouff\u00e9e et est accompagn\u00e9 de la fra\u00eecheur glac\u00e9e qui rend votre plaisir de vapoter encore plus intense. Id\u00e9al pour tous ceux qui recherchent un m\u00e9lange sucr\u00e9 et froid, \u00e0 la fois rafra\u00eechissant et satisfaisant.<\/p>\n<hr class=\"\" data-start=\"6102\" data-end=\"6105\" \/>\n<h3 class=\"\" data-start=\"6107\" data-end=\"6207\"><strong data-start=\"6111\" data-end=\"6207\">Pourquoi devriez-vous les<a href=\"https:\/\/alfakherwelt.de\/fr\/categorie-de-produit\/request-failed-with-status-code-757\/\"> Barre de platine 15000<\/a> Acheter des cigarettes \u00e9lectroniques jetables <a href=\"https:\/\/alfakherwelt.de\/fr\/\">alfakherwelt.de<\/a> acheter ?<\/strong><\/h3>\n<p class=\"\" data-start=\"6209\" data-end=\"6580\">Chez <strong data-start=\"6213\" data-end=\"6232\">alfakherwelt.de<\/strong> trouvez non seulement une \u00e9norme s\u00e9lection de <strong data-start=\"6278\" data-end=\"6301\">Cigarettes \u00e9lectroniques jetables<\/strong> et <strong data-start=\"6306\" data-end=\"6323\">Vapes \u00e0 nicotine<\/strong>mais \u00e9galement une large gamme de <strong data-start=\"6362\" data-end=\"6386\">Saveurs<\/strong>qui vous offrent une exp\u00e9rience de vapeur incomparable. Nous sommes le plus grand <strong data-start=\"6462\" data-end=\"6519\">Vendeurs en ligne de cigarettes \u00e9lectroniques jetables en Allemagne<\/strong> et vous offrons les meilleurs produits \u00e0 des prix attractifs.<\/p>\n<p class=\"\" data-start=\"6582\" data-end=\"7083\">Notre bar Platinum 15000 tirages cigarette \u00e9lectronique jetable est particuli\u00e8rement populaire, car elle est connue pour sa <strong data-start=\"6671\" data-end=\"6735\">Durabilit\u00e9, efficacit\u00e9 et convivialit\u00e9<\/strong> est connu. De plus, nous vous offrons une livraison rapide et un excellent service client pour garantir que votre exp\u00e9rience de vapotage se d\u00e9roule sans probl\u00e8me. Si vous recherchez un produit de haute qualit\u00e9 <strong data-start=\"6940\" data-end=\"6962\">Cigarette \u00e9lectronique jetable<\/strong> sont, qui vous sur <strong data-start=\"6984\" data-end=\"6999\">15 000 trains<\/strong> Si vous nous restez fid\u00e8le et que vous nous offrez des services de haute qualit\u00e9, alors la barre Platinum est exactement ce qu'il vous faut.<\/p>\n<p class=\"\" data-start=\"7085\" data-end=\"7242\">Visitez-nous sur <strong data-start=\"7106\" data-end=\"7125\">alfakherwelt.de<\/strong> et d\u00e9couvrez les <strong data-start=\"7148\" data-end=\"7171\">s\u00e9lection vari\u00e9e<\/strong> un <strong data-start=\"7175\" data-end=\"7191\">Vapes jetables<\/strong>qui sont parfaitement adapt\u00e9s \u00e0 vos besoins.<\/p>","protected":false},"excerpt":{"rendered":"<div class=\"flex-shrink-0 flex flex-col relative items-end\">\n<div class=\"pt-0\">\n<div class=\"gizmo-shadow-stroke flex h-8 w-8 items-center justify-center overflow-hidden rounded-full\">\n<div class=\"h-full w-full\">\n<div class=\"flex-shrink-0 flex flex-col relative items-end\">\n<div class=\"pt-0\">\n<div class=\"gizmo-shadow-stroke flex h-8 w-8 items-center justify-center overflow-hidden rounded-full\">\n<div class=\"h-full w-full\">\n<div class=\"gizmo-shadow-stroke overflow-hidden rounded-full\">\n<div class=\"flex-1 overflow-hidden\">\n<div class=\"h-full\">\n<div class=\"react-scroll-to-bottom--css-nphjn-79elbk h-full\">\n<div class=\"react-scroll-to-bottom--css-nphjn-1n7m0yu\">\n<div class=\"flex flex-col text-sm md:pb-9\">\n<article class=\"w-full scroll-mb-[var(--thread-trailing-height,150px)] text-token-text-primary focus-visible:outline-2 focus-visible:outline-offset-[-4px]\" dir=\"auto\" data-testid=\"conversation-turn-5\" data-scroll-anchor=\"true\">\n<div class=\"m-auto text-base py-[18px] px-3 md:px-4 w-full md:px-5 lg:px-4 xl:px-5\">\n<div class=\"mx-auto flex flex-1 gap-4 text-base md:gap-5 lg:gap-6 md:max-w-3xl lg:max-w-[40rem] xl:max-w-[48rem]\">\n<div class=\"group\/conversation-turn relative flex w-full min-w-0 flex-col agent-turn\">\n<div class=\"flex-col gap-1 md:gap-3\">\n<div class=\"flex max-w-full flex-col flex-grow\">\n<div class=\"min-h-8 text-message flex w-full flex-col items-end gap-2 whitespace-normal break-words [.text-message+&amp;]:mt-5\" dir=\"auto\" data-message-author-role=\"assistant\" data-message-id=\"1982dcee-f0f5-4cfa-a269-fdbaed43d922\" data-message-model-slug=\"gpt-4o\">\n<div class=\"flex w-full flex-col gap-1 empty:hidden first:pt-[3px]\">\n<div class=\"markdown prose w-full break-words dark:prose-invert light\">\n<div class=\"flex-1 overflow-hidden\">\n<div class=\"h-full\">\n<div class=\"react-scroll-to-bottom--css-xrsce-79elbk h-full\">\n<div class=\"react-scroll-to-bottom--css-xrsce-1n7m0yu\">\n<div class=\"flex flex-col text-sm md:pb-9\">\n<article class=\"w-full scroll-mb-[var(--thread-trailing-height,150px)] text-token-text-primary focus-visible:outline-2 focus-visible:outline-offset-[-4px]\" dir=\"auto\" data-testid=\"conversation-turn-5\" data-scroll-anchor=\"true\">\n<div class=\"m-auto text-base py-[18px] px-3 md:px-4 w-full md:px-5 lg:px-4 xl:px-5\">\n<div class=\"mx-auto flex flex-1 gap-4 text-base md:gap-5 lg:gap-6 md:max-w-3xl lg:max-w-[40rem] xl:max-w-[48rem]\">\n<div class=\"group\/conversation-turn relative flex w-full min-w-0 flex-col agent-turn\">\n<div class=\"flex-col gap-1 md:gap-3\">\n<div class=\"flex max-w-full flex-col flex-grow\">\n<div class=\"min-h-8 text-message flex w-full flex-col items-end gap-2 whitespace-normal break-words [.text-message+&amp;]:mt-5\" dir=\"auto\" data-message-author-role=\"assistant\" data-message-id=\"1a0c8d71-a6be-4cc9-b460-deb3e7ecbf47\" data-message-model-slug=\"gpt-4o\">\n<div class=\"flex w-full flex-col gap-1 empty:hidden first:pt-[3px]\">\n<div class=\"markdown prose w-full break-words dark:prose-invert light\">\n<article class=\"text-token-text-primary w-full\" dir=\"auto\" data-testid=\"conversation-turn-4\" data-scroll-anchor=\"true\">\n<div class=\"text-base my-auto mx-auto py-5 [--thread-content-margin:--spacing(4)] @[37rem]:[--thread-content-margin:--spacing(6)] @[70rem]:[--thread-content-margin:--spacing(12)] px-(--thread-content-margin)\">\n<div class=\"[--thread-content-max-width:32rem] @[34rem]:[--thread-content-max-width:40rem] @[64rem]:[--thread-content-max-width:48rem] mx-auto flex max-w-(--thread-content-max-width) flex-1 text-base gap-4 md:gap-5 lg:gap-6 group\/turn-messages focus-visible:outline-hidden\" tabindex=\"-1\">\n<div class=\"group\/conversation-turn relative flex w-full min-w-0 flex-col agent-turn\">\n<div class=\"relative flex-col gap-1 md:gap-3\">\n<div class=\"flex max-w-full flex-col grow\">\n<div class=\"min-h-8 text-message relative flex w-full flex-col items-end gap-2 text-start break-words whitespace-normal [.text-message+&amp;]:mt-5\" dir=\"auto\" data-message-author-role=\"assistant\" data-message-id=\"6bdebcae-458a-4ab4-a78d-e2cf101c175f\" data-message-model-slug=\"gpt-4o\">\n<div class=\"flex w-full flex-col gap-1 empty:hidden first:pt-[3px]\">\n<div class=\"markdown prose dark:prose-invert w-full break-words light\">\n<article class=\"text-token-text-primary w-full\" dir=\"auto\" data-testid=\"conversation-turn-4\" data-scroll-anchor=\"true\">\n<div class=\"text-base my-auto mx-auto py-5 [--thread-content-margin:--spacing(4)] @[37rem]:[--thread-content-margin:--spacing(6)] @[70rem]:[--thread-content-margin:--spacing(12)] px-(--thread-content-margin)\">\n<div class=\"[--thread-content-max-width:32rem] @[34rem]:[--thread-content-max-width:40rem] @[64rem]:[--thread-content-max-width:48rem] mx-auto flex max-w-(--thread-content-max-width) flex-1 text-base gap-4 md:gap-5 lg:gap-6 group\/turn-messages focus-visible:outline-hidden\" tabindex=\"-1\">\n<div class=\"group\/conversation-turn relative flex w-full min-w-0 flex-col agent-turn\">\n<div class=\"relative flex-col gap-1 md:gap-3\">\n<div class=\"flex max-w-full flex-col grow\">\n<div class=\"min-h-8 text-message relative flex w-full flex-col items-end gap-2 text-start break-words whitespace-normal [.text-message+&amp;]:mt-5\" dir=\"auto\" data-message-author-role=\"assistant\" data-message-id=\"fcb706bf-44bc-43e5-b0a9-773476c8d564\" data-message-model-slug=\"gpt-4o\">\n<div class=\"flex w-full flex-col gap-1 empty:hidden first:pt-[3px]\">\n<div class=\"markdown prose dark:prose-invert w-full break-words light\">\n<p class=\"\" data-start=\"0\" data-end=\"393\">La <strong data-start=\"4\" data-end=\"50\">Barre de platine 15000 tirages cigarette \u00e9lectronique jetable<\/strong> offre avec leur <strong data-start=\"68\" data-end=\"84\">18 ml de jus \u00e9lectronique<\/strong>un <strong data-start=\"92\" data-end=\"131\">bobine r\u00e9seau 1,2 ohm avanc\u00e9e<\/strong>\u00e0 un <strong data-start=\"139\" data-end=\"155\">550 mAh batterie<\/strong> et un <strong data-start=\"166\" data-end=\"189\">Prise de charge de type C<\/strong> jusqu'\u00e0 <strong data-start=\"197\" data-end=\"213\">15 000 trains<\/strong> une exp\u00e9rience de vape intense et rafra\u00eechissante dans diff\u00e9rentes saveurs, et est le choix id\u00e9al pour tous ceux qui recherchent une exp\u00e9rience de vape durable et conviviale.<\/p>\n<\/div>\n<\/div>\n<\/div>\n<\/div>\n<\/div>\n<\/div>\n<\/div>\n<\/div>\n<\/article>\n<\/div>\n<\/div>\n<\/div>\n<\/div>\n<\/div>\n<\/div>\n<\/div>\n<\/div>\n<\/article>\n<\/div>\n<\/div>\n<\/div>\n<\/div>\n<\/div>\n<\/div>\n<\/div>\n<\/div>\n<\/article>\n<\/div>\n<\/div>\n<\/div>\n<\/div>\n<\/div>\n<\/div>\n<\/div>\n<\/div>\n<\/div>\n<div class=\"pr-2 lg:pr-0\"><\/div>\n<div class=\"mt-3 w-full empty:hidden\">\n<div class=\"text-center\"><\/div>\n<\/div>\n<\/div>\n<div class=\"absolute\">\n<div class=\"flex items-center justify-center\"><\/div>\n<\/div>\n<\/div>\n<\/div>\n<\/div>\n<\/article>\n<\/div>\n<\/div>\n<\/div>\n<\/div>\n<\/div>\n<div class=\"md:pt-0 dark:border-white\/20 md:border-transparent md:dark:border-transparent w-full\">\n<div>\n<div class=\"m-auto text-base px-3 md:px-4 w-full md:px-5 lg:px-4 xl:px-5\">\n<div class=\"mx-auto flex flex-1 gap-4 text-base md:gap-5 lg:gap-6 md:max-w-3xl lg:max-w-[40rem] xl:max-w-[48rem]\">\n<div class=\"flex justify-center\"><\/div>\n<\/div>\n<\/div>\n<\/div>\n<\/div>\n<\/div>\n<\/div>\n<\/div>\n<\/div>\n<\/div>\n<\/div>\n<\/div>\n<\/div>\n<\/div>","protected":false},"featured_media":3311,"comment_status":"open","ping_status":"closed","template":"","meta":[],"product_brand":[],"product_cat":[127],"product_tag":[],"class_list":{"0":"post-3307","1":"product","2":"type-product","3":"status-publish","4":"has-post-thumbnail","6":"product_cat-platinum-bar-15000","8":"first","9":"instock","10":"sale","11":"shipping-taxable","12":"purchasable","13":"product-type-simple"},"jetpack_sharing_enabled":true,"_links":{"self":[{"href":"https:\/\/alfakherwelt.de\/fr\/wp-json\/wp\/v2\/product\/3307","targetHints":{"allow":["GET"]}}],"collection":[{"href":"https:\/\/alfakherwelt.de\/fr\/wp-json\/wp\/v2\/product"}],"about":[{"href":"https:\/\/alfakherwelt.de\/fr\/wp-json\/wp\/v2\/types\/product"}],"replies":[{"embeddable":true,"href":"https:\/\/alfakherwelt.de\/fr\/wp-json\/wp\/v2\/comments?post=3307"}],"wp:featuredmedia":[{"embeddable":true,"href":"https:\/\/alfakherwelt.de\/fr\/wp-json\/wp\/v2\/media\/3311"}],"wp:attachment":[{"href":"https:\/\/alfakherwelt.de\/fr\/wp-json\/wp\/v2\/media?parent=3307"}],"wp:term":[{"taxonomy":"product_brand","embeddable":true,"href":"https:\/\/alfakherwelt.de\/fr\/wp-json\/wp\/v2\/product_brand?post=3307"},{"taxonomy":"product_cat","embeddable":true,"href":"https:\/\/alfakherwelt.de\/fr\/wp-json\/wp\/v2\/product_cat?post=3307"},{"taxonomy":"product_tag","embeddable":true,"href":"https:\/\/alfakherwelt.de\/fr\/wp-json\/wp\/v2\/product_tag?post=3307"}],"curies":[{"name":"wp","href":"https:\/\/api.w.org\/{rel}","templated":true}]}}