{"id":3200,"date":"2025-04-21T07:45:15","date_gmt":"2025-04-21T07:45:15","guid":{"rendered":"https:\/\/alfakherwelt.de\/?post_type=product&#038;p=3200"},"modified":"2025-04-21T07:46:29","modified_gmt":"2025-04-21T07:46:29","slug":"request-failed-with-status-code-699","status":"publish","type":"product","link":"https:\/\/alfakherwelt.de\/fr\/produit\/request-failed-with-status-code-699\/","title":{"rendered":"AI Fakher Crown Bar Hypermax 15000 bouff\u00e9es cigarette \u00e9lectronique jetable - Cool Mango"},"content":{"rendered":"<div style=\"width: 848px;\" class=\"wp-video\"><video class=\"wp-video-shortcode\" id=\"video-3200-1\" width=\"848\" height=\"480\" preload=\"metadata\" controls=\"controls\"><source type=\"video\/mp4\" src=\"https:\/\/alfakherwelt.de\/wp-content\/uploads\/2025\/04\/AF-15K-HYPERMAX-.mp4?_=1\" \/><a href=\"https:\/\/alfakherwelt.de\/wp-content\/uploads\/2025\/04\/AF-15K-HYPERMAX-.mp4\">https:\/\/alfakherwelt.de\/wp-content\/uploads\/2025\/04\/AF-15K-HYPERMAX-.mp4<\/a><\/video><\/div>\n<article class=\"text-token-text-primary w-full\" dir=\"auto\" data-testid=\"conversation-turn-2\" data-scroll-anchor=\"true\">\n<div class=\"text-base my-auto mx-auto py-5 [--thread-content-margin:--spacing(4)] @[37rem]:[--thread-content-margin:--spacing(6)] @[70rem]:[--thread-content-margin:--spacing(12)] px-(--thread-content-margin)\">\n<div class=\"[--thread-content-max-width:32rem] @[34rem]:[--thread-content-max-width:40rem] @[64rem]:[--thread-content-max-width:48rem] mx-auto flex max-w-(--thread-content-max-width) flex-1 text-base gap-4 md:gap-5 lg:gap-6 group\/turn-messages focus-visible:outline-hidden\" tabindex=\"-1\">\n<div class=\"group\/conversation-turn relative flex w-full min-w-0 flex-col agent-turn\">\n<div class=\"relative flex-col gap-1 md:gap-3\">\n<div class=\"flex max-w-full flex-col grow\">\n<div class=\"min-h-8 text-message relative flex w-full flex-col items-end gap-2 text-start break-words whitespace-normal [.text-message+&amp;]:mt-5\" dir=\"auto\" data-message-author-role=\"assistant\" data-message-id=\"0d9d33d9-127c-476e-b035-47f96630634e\" data-message-model-slug=\"gpt-4o\">\n<div class=\"flex w-full flex-col gap-1 empty:hidden first:pt-[3px]\">\n<div class=\"markdown prose dark:prose-invert w-full break-words light\">\n<h2 class=\"\" data-start=\"0\" data-end=\"61\"><a href=\"https:\/\/alfakherwelt.de\/fr\/categorie-de-produit\/request-failed-with-status-code-669\/\">AI Fakher Crown Bar Hypermax 15000<\/a> Cigarettes \u00e9lectroniques jetables<\/h2>\n<h3 class=\"\" data-start=\"63\" data-end=\"112\">Exp\u00e9rience de vapeur de haute qualit\u00e9 pour les exigeants<\/h3>\n<p class=\"\" data-start=\"114\" data-end=\"619\">La <strong data-start=\"118\" data-end=\"180\">AI Fakher Crown Bar Hypermax 15000 tirages cigarette \u00e9lectronique jetable<\/strong> fixe de nouvelles normes dans le domaine de la vape. Avec une capacit\u00e9 impressionnante de 22 ml de e-liquide pr\u00e9rempli et une batterie durable de 600 mAh, cet appareil offre jusqu'\u00e0 15 000 bouff\u00e9es - id\u00e9al pour tous ceux qui recherchent une exp\u00e9rience de vape intense et durable. La combinaison de design moderne, de mat\u00e9riaux de haute qualit\u00e9 et de technologie innovante fait de la Crown Bar Hypermax un compagnon indispensable pour les d\u00e9placements.<\/p>\n<h3 class=\"\" data-start=\"621\" data-end=\"653\">Caract\u00e9ristiques du produit en aper\u00e7u<\/h3>\n<ul data-start=\"655\" data-end=\"1563\">\n<li class=\"\" data-start=\"655\" data-end=\"773\">\n<p class=\"\" data-start=\"657\" data-end=\"773\"><strong data-start=\"657\" data-end=\"690\">Capacit\u00e9 g\u00e9n\u00e9reuse d'e-liquide<\/strong>: <span class=\"relative -mx-px my-[-0.2rem] rounded px-px py-[0.2rem] transition-colors duration-100 ease-in-out\">Avec 22\u202fml de e-liquide pr\u00e9rempli, vous appr\u00e9cierez une longue dur\u00e9e de vape sans avoir besoin de recharger fr\u00e9quemment.<\/span>Il semble qu'il n'y ait pas de texte \u00e0 traduire. Veuillez fournir le texte allemand que vous souhaitez que je traduise en fran\u00e7ais.<\/p>\n<\/li>\n<li class=\"\" data-start=\"775\" data-end=\"883\">\n<p class=\"\" data-start=\"777\" data-end=\"883\"><strong data-start=\"777\" data-end=\"800\">Batterie longue dur\u00e9e<\/strong>: <span class=\"relative -mx-px my-[-0.2rem] rounded px-px py-[0.2rem] transition-colors duration-100 ease-in-out\">La batterie int\u00e9gr\u00e9e de 600 mAh assure une performance constante et permet jusqu'\u00e0 15 000 tirages.<\/span>Il semble qu'il n'y ait pas de texte \u00e0 traduire. Veuillez fournir le texte allemand que vous souhaitez que je traduise en fran\u00e7ais.<\/p>\n<\/li>\n<li class=\"\" data-start=\"885\" data-end=\"989\">\n<p class=\"\" data-start=\"887\" data-end=\"989\"><strong data-start=\"887\" data-end=\"906\">Affichage pr\u00e9cis<\/strong>: <span class=\"relative -mx-px my-[-0.2rem] rounded px-px py-[0.2rem] transition-colors duration-100 ease-in-out\">Gr\u00e2ce \u00e0 l'affichage int\u00e9gr\u00e9, vous gardez toujours une vue d'ensemble du niveau de liquide et de l'\u00e9tat de la batterie.<\/span>Il semble qu'il n'y ait pas de texte \u00e0 traduire. Veuillez fournir le texte allemand que vous souhaitez que je traduise en fran\u00e7ais.<\/p>\n<\/li>\n<li class=\"\" data-start=\"991\" data-end=\"1099\">\n<p class=\"\" data-start=\"993\" data-end=\"1099\"><strong data-start=\"993\" data-end=\"1016\">Design confortable<\/strong>: <span class=\"relative -mx-px my-[-0.2rem] rounded px-px py-[0.2rem] transition-colors duration-100 ease-in-out\">La surface ergonomique en cuir offrant une prise en main confortable et conf\u00e8re \u00e0 l'appareil une apparence \u00e9l\u00e9gante.<\/span>Il semble qu'il n'y ait pas de texte \u00e0 traduire. Veuillez fournir le texte allemand que vous souhaitez que je traduise en fran\u00e7ais.<\/p>\n<\/li>\n<li class=\"\" data-start=\"1101\" data-end=\"1210\">\n<p class=\"\" data-start=\"1103\" data-end=\"1210\"><strong data-start=\"1103\" data-end=\"1127\">Fort dose de nicotine<\/strong>: <span class=\"relative -mx-px my-[-0.2rem] rounded px-px py-[0.2rem] transition-colors duration-100 ease-in-out\">Avec 2 x 10 mg\/ml (20 mg\/ml) de nicotine, la cigarette \u00e9lectronique offre une exp\u00e9rience gustative intense.<\/span>Il semble qu'il n'y ait pas de texte \u00e0 traduire. Veuillez fournir le texte allemand que vous souhaitez que je traduise en fran\u00e7ais.<\/p>\n<\/li>\n<li class=\"\" data-start=\"1212\" data-end=\"1322\">\n<p class=\"\" data-start=\"1214\" data-end=\"1322\"><strong data-start=\"1214\" data-end=\"1235\">Chargement pratique<\/strong>: <span class=\"relative -mx-px my-[-0.2rem] rounded px-px py-[0.2rem] transition-colors duration-100 ease-in-out\">\u00c9quip\u00e9 d'une prise de charge de type C (c\u00e2ble non inclus) pour une charge rapide et pratique.<\/span>Il semble qu'il n'y ait pas de texte \u00e0 traduire. Veuillez fournir le texte allemand que vous souhaitez que je traduise en fran\u00e7ais.<\/p>\n<\/li>\n<li class=\"\" data-start=\"1324\" data-end=\"1450\">\n<p class=\"\" data-start=\"1326\" data-end=\"1450\"><strong data-start=\"1326\" data-end=\"1363\">Technique de pose directe dans les poumons (DTL)<\/strong>: <span class=\"relative -mx-px my-[-0.2rem] rounded px-px py-[0.2rem] transition-colors duration-100 ease-in-out\">Pour une exp\u00e9rience de vape intense, proche de la traditionnelle exp\u00e9rience de shisha.<\/span>Il semble qu'il n'y ait pas de texte \u00e0 traduire. Veuillez fournir le texte allemand que vous souhaitez que je traduise en fran\u00e7ais.<\/p>\n<\/li>\n<li class=\"\" data-start=\"1452\" data-end=\"1563\">\n<p class=\"\" data-start=\"1454\" data-end=\"1563\"><strong data-start=\"1454\" data-end=\"1476\">Convivial<\/strong>: <span class=\"relative -mx-px my-[-0.2rem] rounded px-px py-[0.2rem] transition-colors duration-100 ease-in-out\">Activation par glissement - aucune pression de bouton requise.<\/span>Il semble qu'il n'y ait pas de texte \u00e0 traduire. Veuillez fournir le texte allemand que vous souhaitez que je traduise en fran\u00e7ais.<\/p>\n<\/li>\n<\/ul>\n<h3 class=\"\" data-start=\"1565\" data-end=\"1599\">Exp\u00e9riences gustatives en d\u00e9tail\u200b-<strong data-start=\"14\" data-end=\"28\">Cool Mango<\/strong><\/h3>\n<p class=\"\" data-start=\"1933\" data-end=\"2044\">Le go\u00fbt <strong data-start=\"14\" data-end=\"28\">Cool Mango<\/strong> Offre une exp\u00e9rience de vape exotique avec l'\u00e9quilibre parfait entre douceur tropicale et fra\u00eecheur glac\u00e9e. La maturit\u00e9 juteuse des mangues m\u00fbries au soleil rencontre une note de menthol rafra\u00eechissante qui rend chaque bouff\u00e9e rafra\u00eechissante et revigorante. Id\u00e9al pour tous ceux qui aiment les ar\u00f4mes fruit\u00e9s et qui appr\u00e9cient en m\u00eame temps une sensation de refroidissement agr\u00e9able lors de l'inhalation - un v\u00e9ritable point fort pour chaque saison.<\/p>\n<h3 class=\"\" data-start=\"2046\" data-end=\"2083\">Pourquoi \u00e0 <a href=\"https:\/\/alfakherwelt.de\/fr\/\">alfakherwelt.de<\/a> acheter ?<\/h3>\n<p class=\"\" data-start=\"2085\" data-end=\"2493\">Le plus grand d\u00e9taillant en ligne de cigarettes \u00e9lectroniques jetables en Allemagne propose <strong data-start=\"2158\" data-end=\"2177\">alfakherwelt.de<\/strong> une large s\u00e9lection de produits de haute qualit\u00e9 \u00e0 des prix attractifs. Profitez de notre exp\u00e9dition rapide, de notre excellent service client et de nos offres exclusives. D\u00e9couvrez la diversit\u00e9 des <strong data-start=\"2378\" data-end=\"2440\">AI Fakher Crown Bar Hypermax 15000 tirages cigarette \u00e9lectronique jetable<\/strong> et vivez une exp\u00e9rience de vapeur incomparable.<\/p>\n<p class=\"\" data-start=\"2495\" data-end=\"2613\">Visitez notre site Web <a class=\"\" href=\"https:\/\/alfakherwelt.de\/fr\/\" target=\"_new\" rel=\"noopener\" data-start=\"2523\" data-end=\"2565\">alfakherwelt.de<\/a> et trouvez votre nouvelle cigarette \u00e9lectronique pr\u00e9f\u00e9r\u00e9e !<\/p>\n<h2 data-start=\"0\" data-end=\"135\"><img loading=\"lazy\" decoding=\"async\" class=\"alignnone wp-image-3093 size-full\" style=\"color: #555555; font-size: 14.4px;\" src=\"https:\/\/alfakherwelt.de\/wp-content\/uploads\/2025\/04\/AF-15K-HYPERMAX-2.webp\" alt=\"AI Fakher Crown Bar Hypermax 15000 tirages cigarette \u00e9lectronique jetable - Cool Mango\" width=\"1058\" height=\"726\" title=\"\" srcset=\"https:\/\/alfakherwelt.de\/wp-content\/uploads\/2025\/04\/AF-15K-HYPERMAX-2.webp 1058w, https:\/\/alfakherwelt.de\/wp-content\/uploads\/2025\/04\/AF-15K-HYPERMAX-2-300x206.webp 300w, https:\/\/alfakherwelt.de\/wp-content\/uploads\/2025\/04\/AF-15K-HYPERMAX-2-1024x703.webp 1024w, https:\/\/alfakherwelt.de\/wp-content\/uploads\/2025\/04\/AF-15K-HYPERMAX-2-768x527.webp 768w, https:\/\/alfakherwelt.de\/wp-content\/uploads\/2025\/04\/AF-15K-HYPERMAX-2-18x12.webp 18w, https:\/\/alfakherwelt.de\/wp-content\/uploads\/2025\/04\/AF-15K-HYPERMAX-2-600x412.webp 600w\" sizes=\"auto, (max-width: 1058px) 100vw, 1058px\" \/><\/h2>\n<\/div>\n<\/div>\n<\/div>\n<\/div>\n<\/div>\n<\/div>\n<\/div>\n<\/div>\n<\/article>","protected":false},"excerpt":{"rendered":"<article class=\"text-token-text-primary w-full\" dir=\"auto\" data-testid=\"conversation-turn-4\" data-scroll-anchor=\"true\">\n<div class=\"text-base my-auto mx-auto py-5 [--thread-content-margin:--spacing(4)] @[37rem]:[--thread-content-margin:--spacing(6)] @[70rem]:[--thread-content-margin:--spacing(12)] px-(--thread-content-margin)\">\n<div class=\"[--thread-content-max-width:32rem] @[34rem]:[--thread-content-max-width:40rem] @[64rem]:[--thread-content-max-width:48rem] mx-auto flex max-w-(--thread-content-max-width) flex-1 text-base gap-4 md:gap-5 lg:gap-6 group\/turn-messages focus-visible:outline-hidden\" tabindex=\"-1\">\n<div class=\"group\/conversation-turn relative flex w-full min-w-0 flex-col agent-turn\">\n<div class=\"relative flex-col gap-1 md:gap-3\">\n<div class=\"flex max-w-full flex-col grow\">\n<div class=\"min-h-8 text-message relative flex w-full flex-col items-end gap-2 text-start break-words whitespace-normal [.text-message+&amp;]:mt-5\" dir=\"auto\" data-message-author-role=\"assistant\" data-message-id=\"cb22cdcf-c656-42d2-9545-aa8204c5b952\" data-message-model-slug=\"gpt-4o\">\n<div class=\"flex w-full flex-col gap-1 empty:hidden first:pt-[3px]\">\n<div class=\"markdown prose dark:prose-invert w-full break-words light\">\n<p class=\"\" data-start=\"0\" data-end=\"318\">La <strong data-start=\"4\" data-end=\"66\">AI Fakher Crown Bar Hypermax 15000 tirages cigarette \u00e9lectronique jetable<\/strong> offre avec 22 ml de e-liquide, une batterie de 600 mAh, des ar\u00f4mes intenses et jusqu'\u00e0 15 000 bouff\u00e9es une exp\u00e9rience de vapotage de premi\u00e8re classe et durable pour les amateurs.<\/p>\n<\/div>\n<\/div>\n<\/div>\n<\/div>\n<div class=\"flex justify-start\">\n<div class=\"touch:-me-2 touch:-ms-3.5 -ms-2.5 -me-1 flex items-center p-1 select-none -mt-1 duration-[1.5s] focus-within:transition-none hover:transition-none pointer-events-none [mask-image:linear-gradient(to_right,black_33%,transparent_66%)] [mask-position:100%_0%] [mask-size:300%_100%] motion-safe:transition-[mask-position] group-hover\/turn-messages:pointer-events-auto group-hover\/turn-messages:[mask-position:0_0] group-focus-within\/turn-messages:pointer-events-auto group-focus-within\/turn-messages:[mask-position:0_0] has-data-[state=open]:pointer-events-auto has-data-[state=open]:[mask-position:0_0]\"><\/div>\n<\/div>\n<div class=\"mt-3 w-full empty:hidden\">\n<div class=\"text-center\"><\/div>\n<\/div>\n<\/div>\n<div class=\"absolute\">\n<div class=\"flex items-center justify-center\"><\/div>\n<\/div>\n<\/div>\n<\/div>\n<\/div>\n<\/article>\n<div class=\"pointer-events-none h-px w-px\" aria-hidden=\"true\" data-edge=\"true\"><\/div>","protected":false},"featured_media":3111,"comment_status":"open","ping_status":"closed","template":"","meta":[],"product_brand":[],"product_cat":[122],"product_tag":[],"class_list":{"0":"post-3200","1":"product","2":"type-product","3":"status-publish","4":"has-post-thumbnail","6":"product_cat-al-fakher-crown-bar-hypermax-15000","8":"first","9":"instock","10":"sale","11":"shipping-taxable","12":"purchasable","13":"product-type-simple"},"jetpack_sharing_enabled":true,"_links":{"self":[{"href":"https:\/\/alfakherwelt.de\/fr\/wp-json\/wp\/v2\/product\/3200","targetHints":{"allow":["GET"]}}],"collection":[{"href":"https:\/\/alfakherwelt.de\/fr\/wp-json\/wp\/v2\/product"}],"about":[{"href":"https:\/\/alfakherwelt.de\/fr\/wp-json\/wp\/v2\/types\/product"}],"replies":[{"embeddable":true,"href":"https:\/\/alfakherwelt.de\/fr\/wp-json\/wp\/v2\/comments?post=3200"}],"wp:featuredmedia":[{"embeddable":true,"href":"https:\/\/alfakherwelt.de\/fr\/wp-json\/wp\/v2\/media\/3111"}],"wp:attachment":[{"href":"https:\/\/alfakherwelt.de\/fr\/wp-json\/wp\/v2\/media?parent=3200"}],"wp:term":[{"taxonomy":"product_brand","embeddable":true,"href":"https:\/\/alfakherwelt.de\/fr\/wp-json\/wp\/v2\/product_brand?post=3200"},{"taxonomy":"product_cat","embeddable":true,"href":"https:\/\/alfakherwelt.de\/fr\/wp-json\/wp\/v2\/product_cat?post=3200"},{"taxonomy":"product_tag","embeddable":true,"href":"https:\/\/alfakherwelt.de\/fr\/wp-json\/wp\/v2\/product_tag?post=3200"}],"curies":[{"name":"wp","href":"https:\/\/api.w.org\/{rel}","templated":true}]}}