{"id":3138,"date":"2025-04-17T01:08:51","date_gmt":"2025-04-17T01:08:51","guid":{"rendered":"https:\/\/alfakherwelt.de\/?post_type=product&#038;p=3138"},"modified":"2025-09-06T00:53:42","modified_gmt":"2025-09-06T00:53:42","slug":"request-failed-with-status-code-679","status":"publish","type":"product","link":"https:\/\/alfakherwelt.de\/fr\/produit\/request-failed-with-status-code-679\/","title":{"rendered":"JNR Shisha Hookah 12000 tirages cigarette \u00e9lectronique jetable - PINEAPPLE COCONUT"},"content":{"rendered":"<div style=\"width: 1020px;\" class=\"wp-video\"><video class=\"wp-video-shortcode\" id=\"video-3138-1\" width=\"1020\" height=\"574\" preload=\"metadata\" controls=\"controls\"><source type=\"video\/mp4\" src=\"https:\/\/alfakherwelt.de\/wp-content\/uploads\/2025\/03\/Video.mp4?_=1\" \/><a href=\"https:\/\/alfakherwelt.de\/wp-content\/uploads\/2025\/03\/Video.mp4\">https:\/\/alfakherwelt.de\/wp-content\/uploads\/2025\/03\/Video.mp4<\/a><\/video><\/div>\n<h2 data-start=\"0\" data-end=\"109\"><strong data-start=\"0\" data-end=\"109\"><a href=\"https:\/\/alfakherwelt.de\/fr\/categorie-de-produit\/request-failed-with-status-code-534\/\">JNR Shisha Hookah 12000 tirages<\/a> Cigarette \u00e9lectronique jetable - D\u00e9couvrez l'exp\u00e9rience Shisha dans sa forme la plus pure !<\/strong><\/h2>\n<p data-start=\"111\" data-end=\"664\">Plongez dans le monde authentique de la d\u00e9gustation de shisha avec la <em data-start=\"180\" data-end=\"229\">JNR Shisha Hookah 12000 tirages cigarette \u00e9lectronique jetable<\/em>Ce produit avanc\u00e9 est un m\u00e9lange parfait de saveurs traditionnelles de shisha et de la technologie moderne de vapotage. Gr\u00e2ce \u00e0 sa conception compacte et \u00e0 ses fonctionnalit\u00e9s conviviales, vous pouvez profiter \u00e0 tout moment et en tout lieu d'un go\u00fbt intense et de nuages de vapeur denses - sans aucun effort. Id\u00e9al pour tous ceux qui appr\u00e9cient l'exp\u00e9rience de la shisha, mais qui ne veulent pas renoncer au confort et \u00e0 la mobilit\u00e9 d'un vape jetable.<\/p>\n<h3 data-start=\"666\" data-end=\"774\"><strong data-start=\"670\" data-end=\"774\">Vivez l'exp\u00e9rience authentique de Shisha avec le JNR Shisha Hookah 12000 bouff\u00e9es cigarette \u00e9lectronique jetable<\/strong><\/h3>\n<p data-start=\"776\" data-end=\"1223\">La <em data-start=\"780\" data-end=\"829\">JNR Shisha Hookah 12000 tirages cigarette \u00e9lectronique jetable<\/em> offre la meilleure exp\u00e9rience de Shisha possible dans un format pratique et maniable. Profitez des saveurs classiques de Shisha et vivez la production de vapeur puissante qui fait du vapotage un plaisir intense. Avec une teneur en nicotine de 2-3%, ce Vape jetable assure un moment de vapotage durable et satisfaisant qui d\u00e9passera vos attentes.<\/p>\n<p data-start=\"1225\" data-end=\"1731\">Le <em data-start=\"1229\" data-end=\"1248\">JNR Shisha Hookah<\/em> offre \u00e0 plus de <strong data-start=\"1267\" data-end=\"1282\">12 000 trains<\/strong> avec un <strong data-start=\"1293\" data-end=\"1301\">24ml<\/strong> R\u00e9servoir con\u00e7u pour que vous puissiez profiter longtemps de votre vape. La r\u00e9sistance Mesh int\u00e9gr\u00e9e de 0,6 \u03a9 assure une production de vapeur uniforme et impressionnante. La taille compacte du produit en fait le compagnon id\u00e9al pour les d\u00e9placements. Si vous cherchez un appareil portable qui offre les performances d'un narguil\u00e9 traditionnel sans les manipulations compliqu\u00e9es, le JNR Shisha Hookah est exactement ce qu'il vous faut.<\/p>\n<p data-start=\"1733\" data-end=\"1803\"><strong data-start=\"1733\" data-end=\"1803\">Principales caract\u00e9ristiques du JNR Shisha Hookah 12000 tirs E-cigarette jetable :<\/strong><\/p>\n<ul data-start=\"1805\" data-end=\"2562\">\n<li data-start=\"1805\" data-end=\"1934\"><strong data-start=\"1807\" data-end=\"1840\">Exp\u00e9rience authentique de shisha<\/strong>: D\u00e9couvrez les saveurs de Shisha parfaitement combin\u00e9es avec la technologie de vapotage moderne.<\/li>\n<li data-start=\"1935\" data-end=\"2060\"><strong data-start=\"1937\" data-end=\"1971\">Portable et convivial<\/strong>La cigarette \u00e9lectronique jetable est pratique pour \u00eatre emport\u00e9e en d\u00e9placement et tient sans probl\u00e8me dans n'importe quelle poche.<\/li>\n<li data-start=\"2061\" data-end=\"2149\"><strong data-start=\"2063\" data-end=\"2090\">Production massive de vapeur<\/strong>: Avec 12000 tirages, vous pouvez profiter de puissantes nu\u00e9es de vapeur.<\/li>\n<li data-start=\"2150\" data-end=\"2282\"><strong data-start=\"2152\" data-end=\"2207\">Exp\u00e9rience gustative constante et agr\u00e9able<\/strong>Chaque bouff\u00e9e apporte la m\u00eame explosion de saveur intense que la premi\u00e8re.<\/li>\n<li data-start=\"2283\" data-end=\"2363\"><strong data-start=\"2285\" data-end=\"2313\">Nikotine sous forme de sel (2%)<\/strong>Pour une exp\u00e9rience intense et durable.<\/li>\n<li data-start=\"2364\" data-end=\"2483\"><strong data-start=\"2366\" data-end=\"2397\">Aucun rechargement n\u00e9cessaire<\/strong>Cette cigarette \u00e9lectronique jetable n'a pas besoin d'\u00eatre recharg\u00e9e, elle est pr\u00eate \u00e0 l'emploi imm\u00e9diatement.<\/li>\n<li data-start=\"2484\" data-end=\"2562\"><strong data-start=\"2486\" data-end=\"2526\">20 saveurs diff\u00e9rentes<\/strong>Pour chaque go\u00fbt, il y a quelque chose.<\/li>\n<\/ul>\n<p data-start=\"2564\" data-end=\"2645\"><strong data-start=\"2564\" data-end=\"2645\">Pourquoi devriez-vous acheter la cigarette \u00e9lectronique jetable JNR Shisha Hookah 12000 tirages ?<\/strong><\/p>\n<ul data-start=\"2647\" data-end=\"3089\">\n<li data-start=\"2647\" data-end=\"2735\"><strong data-start=\"2649\" data-end=\"2671\">Utilisation pratique<\/strong>: Aucun rechargement ou remplissage n\u00e9cessaire - id\u00e9al pour \u00eatre emport\u00e9.<\/li>\n<li data-start=\"2736\" data-end=\"2860\"><strong data-start=\"2738\" data-end=\"2765\">Utilisation prolong\u00e9e<\/strong>Avec 12 000 bouff\u00e9es et un r\u00e9servoir de 24 ml, vous appr\u00e9cierez une exp\u00e9rience de vapotage longue et satisfaisante.<\/li>\n<li data-start=\"2861\" data-end=\"2978\"><strong data-start=\"2863\" data-end=\"2886\">\u00c9normes nuages de vapeur<\/strong>: La technologie Mesh Coil garantit une vapeur uniforme, dense et une saveur intense.<\/li>\n<li data-start=\"2979\" data-end=\"3089\"><strong data-start=\"2981\" data-end=\"3018\">Vari\u00e9t\u00e9 des saveurs<\/strong>Avec plus de 20 ar\u00f4mes diff\u00e9rents, il y en a pour tous les go\u00fbts.<\/li>\n<\/ul>\n<h3 data-start=\"3091\" data-end=\"3198\"><strong data-start=\"3095\" data-end=\"3198\">Saveurs de <a href=\"https:\/\/alfakherwelt.de\/fr\/categorie-de-produit\/request-failed-with-status-code-534\/\">JNR Shisha Hookah 12000 tirages<\/a> Cigarette \u00e9lectronique jetable - Ar\u00f4mes intenses pour un plaisir maximal<\/strong><\/h3>\n<p data-start=\"3200\" data-end=\"3526\"><strong data-start=\"116\" data-end=\"169\">Pineapple Coconut \u2013 Sentiment cara\u00efbe \u00e0 chaque tirage<\/strong><br data-start=\"169\" data-end=\"172\" \/>Plongez dans la d\u00e9lectation tropicale de <em data-start=\"217\" data-end=\"236\">Pineapple de noix de coco<\/em>Une combinaison parfaite d'ananas m\u00fbri au soleil et de noix de coco cr\u00e9meuse. L'ar\u00f4me exotique et sucr\u00e9 rappelle un cocktail Pi\u00f1a Colada fra\u00eechement pr\u00e9par\u00e9 sur la plage - rafra\u00eechissant, doux et simplement irr\u00e9sistible. Id\u00e9al pour tous ceux qui veulent s'offrir un peu de vacances \u00e0 chaque gorg\u00e9e.<\/p>\n<h3 data-start=\"4288\" data-end=\"4381\"><strong data-start=\"4292\" data-end=\"4381\">Description du produit en d\u00e9tail - Le <a href=\"https:\/\/alfakherwelt.de\/fr\/categorie-de-produit\/request-failed-with-status-code-534\/\">JNR<\/a> Shisha Hookah pour le v\u00e9ritable amateur de Shisha<\/strong><\/h3>\n<p data-start=\"4383\" data-end=\"4794\">La cigarette \u00e9lectronique jetable JNR Shisha Hookah 12000 bouff\u00e9es est plus qu'une simple cigarette \u00e9lectronique ordinaire. Elle vous offre l'exp\u00e9rience authentique de shisha que vous ne connaissez que d'une pipe \u00e0 eau traditionnelle - mais dans une forme compacte et conviviale. La puissance \u00e9lev\u00e9e de 12000 bouff\u00e9es et le r\u00e9servoir g\u00e9n\u00e9reux de 24 ml font de cet appareil un compagnon id\u00e9al pour de longues sessions de vapotage.<\/p>\n<p data-start=\"4796\" data-end=\"5237\">Gr\u00e2ce \u00e0 la technologie moderne de bobine en maille qui assure une production de vapeur uniforme et constante, chaque tirage de la JNR Shisha Hookah est un plaisir. La force de nicotine de 2% offre le kick n\u00e9cessaire sans \u00eatre trop intense, ce qui la rend adapt\u00e9e aussi bien aux d\u00e9butants qu'aux vapoteurs exp\u00e9riment\u00e9s. Si vous cherchez une exp\u00e9rience de shisha pratique, intense et authentique, cette cigarette \u00e9lectronique jetable est le choix parfait.<\/p>\n<p data-start=\"5239\" data-end=\"5262\"><strong data-start=\"5239\" data-end=\"5262\">D\u00e9tails techniques :<\/strong><\/p>\n<ul data-start=\"5264\" data-end=\"5529\">\n<li data-start=\"5264\" data-end=\"5286\"><strong data-start=\"5266\" data-end=\"5279\">Capacit\u00e9<\/strong>: 24 ml<\/li>\n<li data-start=\"5287\" data-end=\"5311\"><strong data-start=\"5289\" data-end=\"5298\">Puffs<\/strong>12 000 trains<\/li>\n<li data-start=\"5312\" data-end=\"5334\"><strong data-start=\"5314\" data-end=\"5326\">Puissance<\/strong>: 250mAh<\/li>\n<li data-start=\"5335\" data-end=\"5359\"><strong data-start=\"5337\" data-end=\"5347\">Mod\u00e8le<\/strong>: JNR SHISHA<\/li>\n<li data-start=\"5360\" data-end=\"5389\"><strong data-start=\"5362\" data-end=\"5373\">La nicotine<\/strong>: 2% Salznikotin<\/li>\n<li data-start=\"5390\" data-end=\"5411\"><strong data-start=\"5392\" data-end=\"5405\">Mesh Coil<\/strong>: 0,6\u03a9<\/li>\n<li data-start=\"5412\" data-end=\"5443\"><strong data-start=\"5414\" data-end=\"5437\">Poids par paquet<\/strong>: 103g<\/li>\n<li data-start=\"5444\" data-end=\"5476\"><strong data-start=\"5446\" data-end=\"5457\">Airflow<\/strong>: Non r\u00e9glable<\/li>\n<li data-start=\"5477\" data-end=\"5529\"><strong data-start=\"5479\" data-end=\"5491\">Saveurs<\/strong>20 saveurs diff\u00e9rentes<\/li>\n<\/ul>\n<h2 data-start=\"0\" data-end=\"97\"><img loading=\"lazy\" decoding=\"async\" class=\"alignnone wp-image-2539 size-full\" style=\"color: #555555; font-size: 14.4px;\" src=\"https:\/\/alfakherwelt.de\/wp-content\/uploads\/2025\/03\/JNR-SHISHA-Disposable-Vape-12000-puffs.webp\" alt=\"JNR Shisha Hookah 12000 tirages cigarette \u00e9lectronique jetable - PINEAPPLE COCONUT\" width=\"800\" height=\"800\" title=\"\" srcset=\"https:\/\/alfakherwelt.de\/wp-content\/uploads\/2025\/03\/JNR-SHISHA-Disposable-Vape-12000-puffs.webp 800w, https:\/\/alfakherwelt.de\/wp-content\/uploads\/2025\/03\/JNR-SHISHA-Disposable-Vape-12000-puffs-300x300.webp 300w, https:\/\/alfakherwelt.de\/wp-content\/uploads\/2025\/03\/JNR-SHISHA-Disposable-Vape-12000-puffs-150x150.webp 150w, https:\/\/alfakherwelt.de\/wp-content\/uploads\/2025\/03\/JNR-SHISHA-Disposable-Vape-12000-puffs-768x768.webp 768w, https:\/\/alfakherwelt.de\/wp-content\/uploads\/2025\/03\/JNR-SHISHA-Disposable-Vape-12000-puffs-12x12.webp 12w, https:\/\/alfakherwelt.de\/wp-content\/uploads\/2025\/03\/JNR-SHISHA-Disposable-Vape-12000-puffs-600x600.webp 600w, https:\/\/alfakherwelt.de\/wp-content\/uploads\/2025\/03\/JNR-SHISHA-Disposable-Vape-12000-puffs-100x100.webp 100w\" sizes=\"auto, (max-width: 800px) 100vw, 800px\" \/><\/h2>\n<h3 data-start=\"5531\" data-end=\"5620\"><strong data-start=\"5535\" data-end=\"5620\">FAQ - Foire aux questions sur la <a href=\"https:\/\/alfakherwelt.de\/fr\/categorie-de-produit\/request-failed-with-status-code-534\/\">JNR Shisha Hookah 12000 tirages<\/a> Cigarette \u00e9lectronique jetable<\/strong><\/h3>\n<p data-start=\"5622\" data-end=\"5696\"><strong data-start=\"5622\" data-end=\"5696\">1. Quelle est la dur\u00e9e de vie de la cigarette \u00e9lectronique jetable JNR Shisha Hookah 12000 tirages ?<\/strong><\/p>\n<p data-start=\"5698\" data-end=\"5865\">Avec une capacit\u00e9 de 24 ml et 12 000 bouff\u00e9es, vous pouvez \u00eatre s\u00fbr que cette cigarette \u00e9lectronique jetable a une longue dur\u00e9e de vie et suffit pour de nombreuses sessions de vapotage.<\/p>\n<p data-start=\"5867\" data-end=\"5921\"><strong data-start=\"5867\" data-end=\"5921\">2. Puis-je recharger le JNR Shisha Hookah ?<\/strong><\/p>\n<p data-start=\"5923\" data-end=\"6078\">Non, la JNR Shisha Hookah est une cigarette \u00e9lectronique jetable qui n'a pas besoin d'\u00eatre recharg\u00e9e. Une fois que les bouff\u00e9es sont \u00e9puis\u00e9es, l'appareil est jet\u00e9.<\/p>\n<p data-start=\"6080\" data-end=\"6165\"><strong data-start=\"6080\" data-end=\"6165\">La JNR Shisha Hookah 12000 tirages cigarette \u00e9lectronique jetable est-elle adapt\u00e9e aux d\u00e9butants ?<\/strong><\/p>\n<p data-start=\"6167\" data-end=\"6346\">Oui, gr\u00e2ce \u00e0 la teneur en nicotine \u00e9quilibr\u00e9e de 2% de sel de nicotine et \u00e0 la manipulation conviviale, ce produit convient aussi bien aux d\u00e9butants qu'aux vapoteurs exp\u00e9riment\u00e9s.<\/p>\n<p data-start=\"6348\" data-end=\"6401\"><strong data-start=\"6348\" data-end=\"6401\">Quel est le go\u00fbt de la saveur de Watermelon Ice ?<\/strong><\/p>\n<p data-start=\"6403\" data-end=\"6637\">Watermelon Ice offre un m\u00e9lange rafra\u00eechissant de past\u00e8que sucr\u00e9e et de glace rafra\u00eechissante, procurant une exp\u00e9rience de vapotage intense et fruit\u00e9e. C'est un ar\u00f4me parfait pour les jours chauds et procure un refroidissement agr\u00e9able.<\/p>\n<p data-start=\"6639\" data-end=\"6709\"><strong data-start=\"6639\" data-end=\"6709\">5. Combien de saveurs la JNR Shisha Hookah propose-t-elle ?<\/strong><\/p>\n<p data-start=\"6711\" data-end=\"6887\">Le JNR Shisha Hookah 12000 bouff\u00e9es cigarette \u00e9lectronique jetable est disponible en 20 saveurs diff\u00e9rentes au total, vous permettant ainsi de profiter d'un large \u00e9ventail d'ar\u00f4mes.<\/p>\n<p data-start=\"6889\" data-end=\"6954\"><strong data-start=\"6889\" data-end=\"6954\">Vape Acheter \u2013 Votre source pour les vapes jetables en Allemagne<\/strong><\/p>\n<p data-start=\"6956\" data-end=\"7358\" data-is-last-node=\"\" data-is-only-node=\"\">Pour la meilleure exp\u00e9rience avec la <em data-start=\"6987\" data-end=\"7036\">JNR Shisha Hookah 12000 tirages cigarette \u00e9lectronique jetable<\/em> et de nombreuses autres vapeurs jetables de haute qualit\u00e9, visitez <a href=\"https:\/\/alfakherwelt.de\/fr\/\"><strong data-start=\"7097\" data-end=\"7116\">alfakherwelt.de<\/strong>.<\/a> En tant que plus grand magasin en ligne pour les cigarettes \u00e9lectroniques jetables en Allemagne, nous vous proposons une \u00e9norme s\u00e9lection de produits qui misent sur la qualit\u00e9 et le go\u00fbt intense. Achetez chez nous d\u00e8s aujourd'hui et vivez le vapotage \u00e0 un nouveau niveau !<\/p>","protected":false},"excerpt":{"rendered":"<div class=\"flex-shrink-0 flex flex-col relative items-end\">\n<div class=\"pt-0\">\n<div class=\"gizmo-shadow-stroke flex h-8 w-8 items-center justify-center overflow-hidden rounded-full\">\n<div class=\"h-full w-full\">\n<div class=\"flex-shrink-0 flex flex-col relative items-end\">\n<div class=\"pt-0\">\n<div class=\"gizmo-shadow-stroke flex h-8 w-8 items-center justify-center overflow-hidden rounded-full\">\n<div class=\"h-full w-full\">\n<div class=\"gizmo-shadow-stroke overflow-hidden rounded-full\">\n<div class=\"flex-1 overflow-hidden\">\n<div class=\"h-full\">\n<div class=\"react-scroll-to-bottom--css-nphjn-79elbk h-full\">\n<div class=\"react-scroll-to-bottom--css-nphjn-1n7m0yu\">\n<div class=\"flex flex-col text-sm md:pb-9\">\n<article class=\"w-full scroll-mb-[var(--thread-trailing-height,150px)] text-token-text-primary focus-visible:outline-2 focus-visible:outline-offset-[-4px]\" dir=\"auto\" data-testid=\"conversation-turn-5\" data-scroll-anchor=\"true\">\n<div class=\"m-auto text-base py-[18px] px-3 md:px-4 w-full md:px-5 lg:px-4 xl:px-5\">\n<div class=\"mx-auto flex flex-1 gap-4 text-base md:gap-5 lg:gap-6 md:max-w-3xl lg:max-w-[40rem] xl:max-w-[48rem]\">\n<div class=\"group\/conversation-turn relative flex w-full min-w-0 flex-col agent-turn\">\n<div class=\"flex-col gap-1 md:gap-3\">\n<div class=\"flex max-w-full flex-col flex-grow\">\n<div class=\"min-h-8 text-message flex w-full flex-col items-end gap-2 whitespace-normal break-words [.text-message+&amp;]:mt-5\" dir=\"auto\" data-message-author-role=\"assistant\" data-message-id=\"1982dcee-f0f5-4cfa-a269-fdbaed43d922\" data-message-model-slug=\"gpt-4o\">\n<div class=\"flex w-full flex-col gap-1 empty:hidden first:pt-[3px]\">\n<div class=\"markdown prose w-full break-words dark:prose-invert light\">\n<div class=\"flex-1 overflow-hidden\">\n<div class=\"h-full\">\n<div class=\"react-scroll-to-bottom--css-xrsce-79elbk h-full\">\n<div class=\"react-scroll-to-bottom--css-xrsce-1n7m0yu\">\n<div class=\"flex flex-col text-sm md:pb-9\">\n<article class=\"w-full scroll-mb-[var(--thread-trailing-height,150px)] text-token-text-primary focus-visible:outline-2 focus-visible:outline-offset-[-4px]\" dir=\"auto\" data-testid=\"conversation-turn-5\" data-scroll-anchor=\"true\">\n<div class=\"m-auto text-base py-[18px] px-3 md:px-4 w-full md:px-5 lg:px-4 xl:px-5\">\n<div class=\"mx-auto flex flex-1 gap-4 text-base md:gap-5 lg:gap-6 md:max-w-3xl lg:max-w-[40rem] xl:max-w-[48rem]\">\n<div class=\"group\/conversation-turn relative flex w-full min-w-0 flex-col agent-turn\">\n<div class=\"flex-col gap-1 md:gap-3\">\n<div class=\"flex max-w-full flex-col flex-grow\">\n<div class=\"min-h-8 text-message flex w-full flex-col items-end gap-2 whitespace-normal break-words [.text-message+&amp;]:mt-5\" dir=\"auto\" data-message-author-role=\"assistant\" data-message-id=\"1a0c8d71-a6be-4cc9-b460-deb3e7ecbf47\" data-message-model-slug=\"gpt-4o\">\n<div class=\"flex w-full flex-col gap-1 empty:hidden first:pt-[3px]\">\n<div class=\"markdown prose w-full break-words dark:prose-invert light\">\n<div class=\"flex-1 overflow-hidden\">\n<div class=\"h-full\">\n<div class=\"react-scroll-to-bottom--css-gqbzc-79elbk h-full\">\n<div class=\"react-scroll-to-bottom--css-gqbzc-1n7m0yu\">\n<div class=\"flex flex-col text-sm md:pb-9\">\n<article class=\"w-full scroll-mb-[var(--thread-trailing-height,150px)] text-token-text-primary focus-visible:outline-2 focus-visible:outline-offset-[-4px]\" dir=\"auto\" data-testid=\"conversation-turn-5\" data-scroll-anchor=\"true\">\n<div class=\"m-auto text-base py-[18px] px-3 md:px-4 w-full md:px-5 lg:px-4 xl:px-5\">\n<div class=\"mx-auto flex flex-1 gap-4 text-base md:gap-5 lg:gap-6 md:max-w-3xl lg:max-w-[40rem] xl:max-w-[48rem]\">\n<div class=\"group\/conversation-turn relative flex w-full min-w-0 flex-col agent-turn\">\n<div class=\"flex-col gap-1 md:gap-3\">\n<div class=\"flex max-w-full flex-col flex-grow\">\n<div class=\"min-h-8 text-message flex w-full flex-col items-end gap-2 whitespace-normal break-words [.text-message+&amp;]:mt-5\" dir=\"auto\" data-message-author-role=\"assistant\" data-message-id=\"ca066132-0777-4603-995e-a689971b3380\" data-message-model-slug=\"gpt-4o\">\n<div class=\"flex w-full flex-col gap-1 empty:hidden first:pt-[3px]\">\n<div class=\"markdown prose w-full break-words dark:prose-invert light\">\n<div class=\"flex-1 overflow-hidden @container\/thread\">\n<div class=\"h-full\">\n<div class=\"react-scroll-to-bottom--css-rkqgb-79elbk h-full\">\n<div class=\"react-scroll-to-bottom--css-rkqgb-1n7m0yu\">\n<div class=\"flex flex-col text-sm md:pb-9\">\n<article class=\"w-full scroll-mb-[var(--thread-trailing-height,150px)] text-token-text-primary focus-visible:outline-2 focus-visible:outline-offset-[-4px]\" dir=\"auto\" data-testid=\"conversation-turn-9\" data-scroll-anchor=\"true\">\n<div class=\"m-auto text-base py-[18px] px-3 md:px-4 w-full md:px-5 lg:px-4 xl:px-5\">\n<div class=\"mx-auto flex flex-1 gap-4 text-base md:gap-5 lg:gap-6 md:max-w-3xl lg:max-w-[40rem] xl:max-w-[48rem]\">\n<div class=\"group\/conversation-turn relative flex w-full min-w-0 flex-col agent-turn\">\n<div class=\"flex-col gap-1 md:gap-3\">\n<div class=\"flex max-w-full flex-col flex-grow\">\n<div class=\"min-h-8 text-message flex w-full flex-col items-end gap-2 whitespace-normal break-words text-start [.text-message+&amp;]:mt-5\" dir=\"auto\" data-message-author-role=\"assistant\" data-message-id=\"87137e43-9a3e-4479-90ac-22c23781ee39\" data-message-model-slug=\"gpt-4o\">\n<div class=\"flex w-full flex-col gap-1 empty:hidden first:pt-[3px]\">\n<div class=\"markdown prose w-full break-words dark:prose-invert light\">\n<div class=\"flex-1 overflow-hidden @container\/thread\">\n<div class=\"h-full\">\n<div class=\"react-scroll-to-bottom--css-cgxka-79elbk h-full\">\n<div class=\"react-scroll-to-bottom--css-cgxka-1n7m0yu\">\n<div class=\"flex flex-col text-sm md:pb-9\">\n<article class=\"w-full scroll-mb-[var(--thread-trailing-height,150px)] text-token-text-primary focus-visible:outline-2 focus-visible:outline-offset-[-4px]\" dir=\"auto\" data-testid=\"conversation-turn-5\" data-scroll-anchor=\"true\">\n<div class=\"m-auto text-base py-[18px] px-3 md:px-4 w-full md:px-5 lg:px-4 xl:px-5\">\n<div class=\"mx-auto flex flex-1 gap-4 text-base md:gap-5 lg:gap-6 md:max-w-3xl lg:max-w-[40rem] xl:max-w-[48rem]\">\n<div class=\"group\/conversation-turn relative flex w-full min-w-0 flex-col agent-turn\">\n<div class=\"flex-col gap-1 md:gap-3\">\n<div class=\"flex max-w-full flex-col flex-grow\">\n<div class=\"min-h-8 text-message flex w-full flex-col items-end gap-2 whitespace-normal break-words text-start [.text-message+&amp;]:mt-5\" dir=\"auto\" data-message-author-role=\"assistant\" data-message-id=\"e1e13d20-b396-4dc4-abdf-40facc05c4de\" data-message-model-slug=\"gpt-4o\">\n<div class=\"flex w-full flex-col gap-1 empty:hidden first:pt-[3px]\">\n<div class=\"markdown prose w-full break-words dark:prose-invert light\">\n<article class=\"w-full text-token-text-primary focus-visible:outline-2 focus-visible:outline-offset-[-4px]\" dir=\"auto\" data-testid=\"conversation-turn-5\" data-scroll-anchor=\"true\">\n<div class=\"m-auto text-base py-[18px] px-6\">\n<div class=\"mx-auto flex flex-1 text-base gap-4 md:gap-5 lg:gap-6 md:max-w-3xl lg:max-w-[40rem] xl:max-w-[48rem]\">\n<div class=\"group\/conversation-turn relative flex w-full min-w-0 flex-col agent-turn @xs\/thread:px-0 @sm\/thread:px-1.5 @md\/thread:px-4\">\n<div class=\"flex-col gap-1 md:gap-3\">\n<div class=\"flex max-w-full flex-col flex-grow\">\n<div class=\"min-h-8 text-message relative flex w-full flex-col items-end gap-2 whitespace-normal break-words text-start [.text-message+&amp;]:mt-5\" dir=\"auto\" data-message-author-role=\"assistant\" data-message-id=\"51763e35-51b7-4975-b502-ef0fa0dda04b\" data-message-model-slug=\"gpt-4o\">\n<div class=\"flex w-full flex-col gap-1 empty:hidden first:pt-[3px]\">\n<div class=\"markdown prose w-full break-words dark:prose-invert light\">\n<p data-start=\"0\" data-end=\"355\" data-is-last-node=\"\" data-is-only-node=\"\">La <strong>JNR Shisha Hookah 12000 tirages<\/strong> Cigarette \u00e9lectronique jetable offre une exp\u00e9rience de shisha authentique avec des ar\u00f4mes intenses, 12 000 bouff\u00e9es, un r\u00e9servoir de 24 ml et 21% de nicotine sous forme de sel, id\u00e9al pour la route et pour profiter de nuages de vapeur denses \u00e0 chaque bouff\u00e9e.<\/p>\n<\/div>\n<\/div>\n<\/div>\n<\/div>\n<\/div>\n<\/div>\n<\/div>\n<\/div>\n<\/article>\n<\/div>\n<\/div>\n<\/div>\n<\/div>\n<\/div>\n<\/div>\n<\/div>\n<\/div>\n<\/article>\n<\/div>\n<\/div>\n<\/div>\n<\/div>\n<\/div>\n<\/div>\n<\/div>\n<\/div>\n<\/div>\n<\/div>\n<\/div>\n<\/div>\n<\/div>\n<\/article>\n<\/div>\n<\/div>\n<\/div>\n<\/div>\n<\/div>\n<\/div>\n<\/div>\n<\/div>\n<\/div>\n<\/div>\n<\/div>\n<\/div>\n<\/div>\n<\/article>\n<\/div>\n<\/div>\n<\/div>\n<\/div>\n<\/div>\n<\/div>\n<\/div>\n<\/div>\n<\/div>\n<\/div>\n<\/div>\n<\/div>\n<\/div>\n<\/article>\n<\/div>\n<\/div>\n<\/div>\n<\/div>\n<\/div>\n<\/div>\n<\/div>\n<\/div>\n<\/div>\n<div class=\"mt-3 w-full empty:hidden\">\n<div class=\"text-center\"><\/div>\n<\/div>\n<\/div>\n<div class=\"absolute\">\n<div class=\"flex items-center justify-center\"><\/div>\n<\/div>\n<\/div>\n<\/div>\n<\/div>\n<\/article>\n<\/div>\n<\/div>\n<\/div>\n<\/div>\n<\/div>\n<div class=\"md:pt-0 dark:border-white\/20 md:border-transparent md:dark:border-transparent w-full\">\n<div>\n<div class=\"m-auto text-base px-3 md:px-4 w-full md:px-5 lg:px-4 xl:px-5\">\n<div class=\"mx-auto flex flex-1 gap-4 text-base md:gap-5 lg:gap-6 md:max-w-3xl lg:max-w-[40rem] xl:max-w-[48rem]\">\n<div class=\"flex justify-center\"><\/div>\n<\/div>\n<\/div>\n<\/div>\n<\/div>\n<\/div>\n<\/div>\n<\/div>\n<\/div>\n<\/div>\n<\/div>\n<\/div>\n<\/div>\n<\/div>","protected":false},"featured_media":3141,"comment_status":"open","ping_status":"closed","template":"","meta":[],"product_brand":[],"product_cat":[114],"product_tag":[],"class_list":{"0":"post-3138","1":"product","2":"type-product","3":"status-publish","4":"has-post-thumbnail","6":"product_cat-jnr-shisha-hookah-12000","8":"first","9":"instock","10":"sale","11":"shipping-taxable","12":"purchasable","13":"product-type-simple"},"jetpack_sharing_enabled":true,"_links":{"self":[{"href":"https:\/\/alfakherwelt.de\/fr\/wp-json\/wp\/v2\/product\/3138","targetHints":{"allow":["GET"]}}],"collection":[{"href":"https:\/\/alfakherwelt.de\/fr\/wp-json\/wp\/v2\/product"}],"about":[{"href":"https:\/\/alfakherwelt.de\/fr\/wp-json\/wp\/v2\/types\/product"}],"replies":[{"embeddable":true,"href":"https:\/\/alfakherwelt.de\/fr\/wp-json\/wp\/v2\/comments?post=3138"}],"wp:featuredmedia":[{"embeddable":true,"href":"https:\/\/alfakherwelt.de\/fr\/wp-json\/wp\/v2\/media\/3141"}],"wp:attachment":[{"href":"https:\/\/alfakherwelt.de\/fr\/wp-json\/wp\/v2\/media?parent=3138"}],"wp:term":[{"taxonomy":"product_brand","embeddable":true,"href":"https:\/\/alfakherwelt.de\/fr\/wp-json\/wp\/v2\/product_brand?post=3138"},{"taxonomy":"product_cat","embeddable":true,"href":"https:\/\/alfakherwelt.de\/fr\/wp-json\/wp\/v2\/product_cat?post=3138"},{"taxonomy":"product_tag","embeddable":true,"href":"https:\/\/alfakherwelt.de\/fr\/wp-json\/wp\/v2\/product_tag?post=3138"}],"curies":[{"name":"wp","href":"https:\/\/api.w.org\/{rel}","templated":true}]}}