{"id":3104,"date":"2025-04-15T04:42:45","date_gmt":"2025-04-15T04:42:45","guid":{"rendered":"https:\/\/alfakherwelt.de\/?post_type=product&#038;p=3104"},"modified":"2025-04-15T04:46:22","modified_gmt":"2025-04-15T04:46:22","slug":"request-failed-with-status-code-671","status":"publish","type":"product","link":"https:\/\/alfakherwelt.de\/fr\/produit\/request-failed-with-status-code-671\/","title":{"rendered":"AI Fakher Crown Bar Hypermax 15000 bouff\u00e9es cigarette \u00e9lectronique jetable - Menthe \u00e0 la cassis"},"content":{"rendered":"<div style=\"width: 848px;\" class=\"wp-video\"><video class=\"wp-video-shortcode\" id=\"video-3104-1\" width=\"848\" height=\"480\" preload=\"metadata\" controls=\"controls\"><source type=\"video\/mp4\" src=\"https:\/\/alfakherwelt.de\/wp-content\/uploads\/2025\/04\/AF-15K-HYPERMAX-.mp4?_=1\" \/><a href=\"https:\/\/alfakherwelt.de\/wp-content\/uploads\/2025\/04\/AF-15K-HYPERMAX-.mp4\">https:\/\/alfakherwelt.de\/wp-content\/uploads\/2025\/04\/AF-15K-HYPERMAX-.mp4<\/a><\/video><\/div>\n<article class=\"text-token-text-primary w-full\" dir=\"auto\" data-testid=\"conversation-turn-2\" data-scroll-anchor=\"true\">\n<div class=\"text-base my-auto mx-auto py-5 [--thread-content-margin:--spacing(4)] @[37rem]:[--thread-content-margin:--spacing(6)] @[70rem]:[--thread-content-margin:--spacing(12)] px-(--thread-content-margin)\">\n<div class=\"[--thread-content-max-width:32rem] @[34rem]:[--thread-content-max-width:40rem] @[64rem]:[--thread-content-max-width:48rem] mx-auto flex max-w-(--thread-content-max-width) flex-1 text-base gap-4 md:gap-5 lg:gap-6 group\/turn-messages focus-visible:outline-hidden\" tabindex=\"-1\">\n<div class=\"group\/conversation-turn relative flex w-full min-w-0 flex-col agent-turn\">\n<div class=\"relative flex-col gap-1 md:gap-3\">\n<div class=\"flex max-w-full flex-col grow\">\n<div class=\"min-h-8 text-message relative flex w-full flex-col items-end gap-2 text-start break-words whitespace-normal [.text-message+&amp;]:mt-5\" dir=\"auto\" data-message-author-role=\"assistant\" data-message-id=\"0d9d33d9-127c-476e-b035-47f96630634e\" data-message-model-slug=\"gpt-4o\">\n<div class=\"flex w-full flex-col gap-1 empty:hidden first:pt-[3px]\">\n<div class=\"markdown prose dark:prose-invert w-full break-words light\">\n<h2 data-start=\"0\" data-end=\"135\"><strong data-start=\"0\" data-end=\"135\"><a href=\"https:\/\/alfakherwelt.de\/fr\/categorie-de-produit\/request-failed-with-status-code-669\/\">AI Fakher Crown Bar Hypermax 15000<\/a> Cigarettes \u00e9lectroniques jetables - Votre meilleur choix pour une jouissance durable et un go\u00fbt authentique<\/strong><\/h2>\n<h3 class=\"\" data-start=\"137\" data-end=\"160\">Description du produit<\/h3>\n<p class=\"\" data-start=\"162\" data-end=\"667\">La <strong data-start=\"166\" data-end=\"228\">AI Fakher Crown Bar Hypermax 15000 tirages cigarette \u00e9lectronique jetable<\/strong> est un choix parfait pour les vapoteurs exigeants qui recherchent une exp\u00e9rience de vape de haute qualit\u00e9, pratique et intense en saveur. Pr\u00e9rempli avec 15 ml de e-liquide de haute qualit\u00e9, cette cigarette \u00e9lectronique jetable offre jusqu'\u00e0 15 000 bouff\u00e9es - cela vous donne suffisamment d'occasions de profiter de la vapeur intense et fra\u00eeche sans avoir \u00e0 vous soucier des recharges ou du remplacement constant des cartouches.<\/p>\n<p class=\"\" data-start=\"669\" data-end=\"934\">Gr\u00e2ce au m\u00e9canisme convivial activ\u00e9 par tirage, l'utilisation est extr\u00eamement confortable. D\u00e8s que vous tirez sur l'embout buccal, la vapeur est lib\u00e9r\u00e9e imm\u00e9diatement. Pas de bouton, pas d'attente - simplement une relaxation et un plaisir purs de la premi\u00e8re \u00e0 la derni\u00e8re inhalation.<\/p>\n<p class=\"\" data-start=\"936\" data-end=\"1396\">La <strong data-start=\"940\" data-end=\"978\">AI Fakher Crown Bar Hypermax 15000<\/strong> convainquent non seulement par leur longue dur\u00e9e de vie et leur maniabilit\u00e9 simple, mais \u00e9galement par leur incroyable diversit\u00e9 de saveurs. Les ar\u00f4mes sont ajust\u00e9s de mani\u00e8re \u00e0 imiter l'exp\u00e9rience authentique d'un narguil\u00e9 traditionnel et offrent au vapoteur un large choix de saveurs - allant des fruits rafra\u00eechissants avec une touche de menthe ou m\u00eame une saveur de tabac classique.<\/p>\n<p class=\"\" data-start=\"1398\" data-end=\"1762\">Avec une <strong data-start=\"1408\" data-end=\"1443\">Force de nicotine de 2% (20 mg\/ml)<\/strong> fournit les <strong data-start=\"1456\" data-end=\"1479\">AI Fakher Crown Bar<\/strong> une action satisfaisante, adapt\u00e9e aussi bien aux nouveaux utilisateurs qu'aux vapoteurs exp\u00e9riment\u00e9s. Les <strong data-start=\"1586\" data-end=\"1622\">Batterie rechargeable de type C<\/strong> assure une longue dur\u00e9e de vie de l'appareil, et cela <strong data-start=\"1676\" data-end=\"1709\">conception de poign\u00e9e en cuir confortable<\/strong> rend la tenue de la cigarette \u00e9lectronique particuli\u00e8rement agr\u00e9able.<\/p>\n<p class=\"\" data-start=\"1764\" data-end=\"1856\"><strong data-start=\"1764\" data-end=\"1856\">Pourquoi devriez-vous acheter la cigarette \u00e9lectronique jetable AI Fakher Crown Bar Hypermax 15000 tirages ?<\/strong><\/p>\n<ul data-start=\"1857\" data-end=\"2629\">\n<li class=\"\" data-start=\"1857\" data-end=\"1946\">\n<p class=\"\" data-start=\"1859\" data-end=\"1946\">Vous obtenez jusqu'\u00e0 15 000 bouff\u00e9es par appareil - longue dur\u00e9e de vie pour des heures de plaisir.<\/p>\n<\/li>\n<li class=\"\" data-start=\"1947\" data-end=\"2026\">\n<p class=\"\" data-start=\"1949\" data-end=\"2026\">Pr\u00e9rempli avec 15ml de e-liquide de haute qualit\u00e9, vous permettant de commencer imm\u00e9diatement.<\/p>\n<\/li>\n<li class=\"\" data-start=\"2027\" data-end=\"2103\">\n<p class=\"\" data-start=\"2029\" data-end=\"2103\">Design robuste avec poign\u00e9e en cuir pratique, id\u00e9ale pour une utilisation mobile.<\/p>\n<\/li>\n<li class=\"\" data-start=\"2104\" data-end=\"2220\">\n<p class=\"\" data-start=\"2106\" data-end=\"2220\"><strong data-start=\"2106\" data-end=\"2136\">Teneur en nicotine de 20 mg\/ml<\/strong> \u2013 Parfait pour tous ceux qui souhaitent une consommation de nicotine intense mais \u00e9quilibr\u00e9e.<\/p>\n<\/li>\n<li class=\"\" data-start=\"2221\" data-end=\"2315\">\n<p class=\"\" data-start=\"2223\" data-end=\"2315\"><strong data-start=\"2223\" data-end=\"2248\">Syst\u00e8me activ\u00e9 par traction<\/strong> pour une utilisation sans effort et sans boutons ni r\u00e9glages complexes.<\/p>\n<\/li>\n<li class=\"\" data-start=\"2316\" data-end=\"2417\">\n<p class=\"\" data-start=\"2318\" data-end=\"2417\"><strong data-start=\"2318\" data-end=\"2341\">Id\u00e9al pour \u00eatre emport\u00e9 partout<\/strong> - L\u00e9ger et compact pour \u00eatre gliss\u00e9 dans une poche, parfait pour \u00eatre emport\u00e9 en d\u00e9placement ou en voyage.<\/p>\n<\/li>\n<li class=\"\" data-start=\"2418\" data-end=\"2629\">\n<p class=\"\" data-start=\"2420\" data-end=\"2629\">Sur <strong data-start=\"2424\" data-end=\"2443\">alfakherwelt.de<\/strong> Vous pouvez acheter l'AI Fakher Crown Bar 15000 tirages et profiter d'une exp\u00e9rience d'achat exclusive. Nous sommes la plus grande plateforme de vente de cigarettes \u00e9lectroniques jetables en Allemagne !<\/p>\n<\/li>\n<\/ul>\n<hr class=\"\" data-start=\"2631\" data-end=\"2634\" \/>\n<h3 class=\"\" data-start=\"2636\" data-end=\"2716\">Caract\u00e9ristiques des <strong data-start=\"2653\" data-end=\"2715\"><a href=\"https:\/\/alfakherwelt.de\/fr\/categorie-de-produit\/request-failed-with-status-code-669\/\">AI Fakher Crown Bar Hypermax 15000<\/a> Cigarettes \u00e9lectroniques jetables<\/strong>:<\/h3>\n<ul data-start=\"2717\" data-end=\"3332\">\n<li class=\"\" data-start=\"2717\" data-end=\"2773\">\n<p class=\"\" data-start=\"2719\" data-end=\"2773\"><strong data-start=\"2719\" data-end=\"2741\">Capacit\u00e9 de liquide \u00e9lectronique<\/strong>: 15 ml (pour jusqu'\u00e0 15 000 bouff\u00e9es)<\/p>\n<\/li>\n<li class=\"\" data-start=\"2774\" data-end=\"2838\">\n<p class=\"\" data-start=\"2776\" data-end=\"2838\"><strong data-start=\"2776\" data-end=\"2797\">Capacit\u00e9 de la batterie<\/strong>: 600 mAh pour une utilisation de longue dur\u00e9e<\/p>\n<\/li>\n<li class=\"\" data-start=\"2839\" data-end=\"2910\">\n<p class=\"\" data-start=\"2841\" data-end=\"2910\"><strong data-start=\"2841\" data-end=\"2852\">Affichage<\/strong>: Affichage de l'\u00e9tat de la batterie et du niveau de liquide<\/p>\n<\/li>\n<li class=\"\" data-start=\"2911\" data-end=\"2982\">\n<p class=\"\" data-start=\"2913\" data-end=\"2982\"><strong data-start=\"2913\" data-end=\"2937\">Conception ergonomique<\/strong> avec poign\u00e9e en cuir pour une prise en main agr\u00e9able<\/p>\n<\/li>\n<li class=\"\" data-start=\"2983\" data-end=\"3058\">\n<p class=\"\" data-start=\"2985\" data-end=\"3058\"><strong data-start=\"2985\" data-end=\"3002\">Force de nicotine<\/strong>: 2% (20 mg\/ml) Nicotine pour une exp\u00e9rience de vape intense<\/p>\n<\/li>\n<li class=\"\" data-start=\"3059\" data-end=\"3127\">\n<p class=\"\" data-start=\"3061\" data-end=\"3127\"><strong data-start=\"3061\" data-end=\"3077\">D\u00e9clench\u00e9 par le train<\/strong>: Aucune touche n\u00e9cessaire - simplement tirer et appr\u00e9cier<\/p>\n<\/li>\n<li class=\"\" data-start=\"3128\" data-end=\"3198\">\n<p class=\"\" data-start=\"3130\" data-end=\"3198\"><strong data-start=\"3130\" data-end=\"3140\">Charge<\/strong>: Connecteur Type-C (c\u00e2ble non inclus)<\/p>\n<\/li>\n<li class=\"\" data-start=\"3199\" data-end=\"3259\">\n<p class=\"\" data-start=\"3201\" data-end=\"3259\"><strong data-start=\"3201\" data-end=\"3234\">Exp\u00e9rience de vapotage DTL parfaite<\/strong> pour une saveur intense<\/p>\n<\/li>\n<li class=\"\" data-start=\"3260\" data-end=\"3332\">\n<p class=\"\" data-start=\"3262\" data-end=\"3332\"><strong data-start=\"3262\" data-end=\"3281\">Rechargeable<\/strong> - pour une jouissance longue et plus \u00e9cologique<img loading=\"lazy\" decoding=\"async\" class=\"alignnone wp-image-3093 size-full\" src=\"https:\/\/alfakherwelt.de\/wp-content\/uploads\/2025\/04\/AF-15K-HYPERMAX-2.webp\" alt=\"AI Fakher Crown Bar Hypermax 15000 bouff\u00e9es cigarette \u00e9lectronique jetable - Menthe \u00e0 la cassis\" width=\"1058\" height=\"726\" title=\"\" srcset=\"https:\/\/alfakherwelt.de\/wp-content\/uploads\/2025\/04\/AF-15K-HYPERMAX-2.webp 1058w, https:\/\/alfakherwelt.de\/wp-content\/uploads\/2025\/04\/AF-15K-HYPERMAX-2-300x206.webp 300w, https:\/\/alfakherwelt.de\/wp-content\/uploads\/2025\/04\/AF-15K-HYPERMAX-2-1024x703.webp 1024w, https:\/\/alfakherwelt.de\/wp-content\/uploads\/2025\/04\/AF-15K-HYPERMAX-2-768x527.webp 768w, https:\/\/alfakherwelt.de\/wp-content\/uploads\/2025\/04\/AF-15K-HYPERMAX-2-18x12.webp 18w, https:\/\/alfakherwelt.de\/wp-content\/uploads\/2025\/04\/AF-15K-HYPERMAX-2-600x412.webp 600w\" sizes=\"auto, (max-width: 1058px) 100vw, 1058px\" \/><\/p>\n<\/li>\n<\/ul>\n<hr class=\"\" data-start=\"3334\" data-end=\"3337\" \/>\n<h3 class=\"\" data-start=\"3339\" data-end=\"3430\">Saveurs de la <strong data-start=\"3368\" data-end=\"3430\"><a href=\"https:\/\/alfakherwelt.de\/fr\/categorie-de-produit\/request-failed-with-status-code-669\/\">AI Fakher Crown Bar Hypermax 15000<\/a> Cigarettes \u00e9lectroniques jetables<\/strong><\/h3>\n<p class=\"\" data-start=\"3432\" data-end=\"3635\">La <strong data-start=\"3436\" data-end=\"3468\">AI Fakher Crown Bar Hypermax<\/strong> offre une vari\u00e9t\u00e9 de saveurs d\u00e9licieuses qui font de la vape un exp\u00e9rience unique. Voici une vue d'ensemble d\u00e9taill\u00e9e des saveurs propos\u00e9es :<\/p>\n<p class=\"\" data-start=\"3640\" data-end=\"4050\"><strong data-start=\"3640\" data-end=\"3672\">Cassissier menthe<\/strong> Ce m\u00e9lange rafra\u00eechissant de cassis et de menthe fra\u00eeche procure une saveur unique, sucr\u00e9e et \u00e0 la fois rafra\u00eechissante. La saveur fruit\u00e9e et l\u00e9g\u00e8rement acide du cassis est parfaitement compl\u00e9t\u00e9e par la fra\u00eecheur de la menthe, ce qui conduit \u00e0 une exp\u00e9rience de vape \u00e9quilibr\u00e9e et durable. Id\u00e9al pour les vapoteurs qui pr\u00e9f\u00e8rent une note sucr\u00e9e mais rafra\u00eechissante.<\/p>\n<hr class=\"\" data-start=\"5488\" data-end=\"5491\" \/>\n<h3 class=\"\" data-start=\"5493\" data-end=\"5567\">Foire aux questions sur <strong data-start=\"5505\" data-end=\"5567\">AI Fakher Crown Bar Hypermax 15000 tirages cigarette \u00e9lectronique jetable<\/strong><\/h3>\n<p class=\"\" data-start=\"5569\" data-end=\"5864\"><strong data-start=\"5569\" data-end=\"5654\">1. Quelle est la dur\u00e9e de vie de la cigarette \u00e9lectronique jetable AI Fakher Crown Bar Hypermax 15000 bouff\u00e9es ?<\/strong> Avec une capacit\u00e9 de 15 ml de e-liquide offre le <strong data-start=\"5708\" data-end=\"5740\">AI Fakher Crown Bar Hypermax<\/strong> jusqu'\u00e0 15 000 bouff\u00e9es. Cela dure g\u00e9n\u00e9ralement plusieurs jours \u00e0 plusieurs semaines, selon la fr\u00e9quence d'utilisation de la cigarette \u00e9lectronique.<\/p>\n<p class=\"\" data-start=\"5866\" data-end=\"6118\"><strong data-start=\"5866\" data-end=\"5961\">2. Quelle est la concentration en nicotine de la cigarette \u00e9lectronique jetable AI Fakher Crown Bar Hypermax 15000 tirages ?<\/strong> La <strong data-start=\"5969\" data-end=\"6001\">AI Fakher Crown Bar Hypermax<\/strong> contient une concentration en nicotine de 2% (20 mg\/ml), ce qui procure une exp\u00e9rience de nicotine intense mais agr\u00e9ablement \u00e9quilibr\u00e9e.<\/p>\n<p class=\"\" data-start=\"6120\" data-end=\"6351\"><strong data-start=\"6120\" data-end=\"6190\">3. La AI Fakher Crown Bar Hypermax peut-elle \u00eatre recharg\u00e9e ?<\/strong> Oui, la cigarette \u00e9lectronique est \u00e9quip\u00e9e d'une prise de type C, vous permettant de recharger l'appareil en cas de besoin (c\u00e2ble de charge non inclus).<\/p>\n<p class=\"\" data-start=\"6353\" data-end=\"6600\"><strong data-start=\"6353\" data-end=\"6444\">4. Puis-je acheter l'AI Fakher Crown Bar Hypermax 15000 bouff\u00e9es sur alfakherwelt.de ?<\/strong> Oui, sur notre site Web <strong data-start=\"6472\" data-end=\"6491\">alfakherwelt.de<\/strong> Vous pouvez acheter l'AI Fakher Crown Bar Hypermax 15000 tirs et profiter d'une livraison rapide.<\/p>\n<p class=\"\" data-start=\"6602\" data-end=\"6894\"><strong data-start=\"6602\" data-end=\"6698\">5. La cigarette \u00e9lectronique jetable AI Fakher Crown Bar Hypermax 15000 bouff\u00e9es est-elle adapt\u00e9e aux d\u00e9butants ?<\/strong> Absolument ! La <strong data-start=\"6715\" data-end=\"6747\">AI Fakher Crown Bar Hypermax<\/strong> est id\u00e9al pour les d\u00e9butants en raison de son syst\u00e8me simple activ\u00e9 par traction. Vous n'avez pas besoin d'appuyer sur des boutons, vous pouvez commencer imm\u00e9diatement.<\/p>\n<hr class=\"\" data-start=\"6896\" data-end=\"6899\" \/>\n<p class=\"\" data-start=\"6901\" data-end=\"7182\">Tirez parti de l'avantage et achetez vos <strong data-start=\"6944\" data-end=\"7006\">AI Fakher Crown Bar Hypermax 15000 tirages cigarette \u00e9lectronique jetable<\/strong> sur<a href=\"https:\/\/alfakherwelt.de\/fr\/\"> <strong data-start=\"7011\" data-end=\"7030\">alfakherwelt.de<\/strong><\/a>, la plus grande plateforme pour les cigarettes \u00e9lectroniques jetables en Allemagne. Profitez d'exp\u00e9riences de vapeur longues et d\u00e9licieuses - pratiques et disponibles \u00e0 tout moment !<\/p>\n<\/div>\n<\/div>\n<\/div>\n<\/div>\n<\/div>\n<\/div>\n<\/div>\n<\/div>\n<\/article>","protected":false},"excerpt":{"rendered":"<article class=\"text-token-text-primary w-full\" dir=\"auto\" data-testid=\"conversation-turn-4\" data-scroll-anchor=\"true\">\n<div class=\"text-base my-auto mx-auto py-5 [--thread-content-margin:--spacing(4)] @[37rem]:[--thread-content-margin:--spacing(6)] @[70rem]:[--thread-content-margin:--spacing(12)] px-(--thread-content-margin)\">\n<div class=\"[--thread-content-max-width:32rem] @[34rem]:[--thread-content-max-width:40rem] @[64rem]:[--thread-content-max-width:48rem] mx-auto flex max-w-(--thread-content-max-width) flex-1 text-base gap-4 md:gap-5 lg:gap-6 group\/turn-messages focus-visible:outline-hidden\" tabindex=\"-1\">\n<div class=\"group\/conversation-turn relative flex w-full min-w-0 flex-col agent-turn\">\n<div class=\"relative flex-col gap-1 md:gap-3\">\n<div class=\"flex max-w-full flex-col grow\">\n<div class=\"min-h-8 text-message relative flex w-full flex-col items-end gap-2 text-start break-words whitespace-normal [.text-message+&amp;]:mt-5\" dir=\"auto\" data-message-author-role=\"assistant\" data-message-id=\"cb22cdcf-c656-42d2-9545-aa8204c5b952\" data-message-model-slug=\"gpt-4o\">\n<div class=\"flex w-full flex-col gap-1 empty:hidden first:pt-[3px]\">\n<div class=\"markdown prose dark:prose-invert w-full break-words light\">\n<p class=\"\" data-start=\"0\" data-end=\"318\">La <strong data-start=\"4\" data-end=\"66\">AI Fakher Crown Bar Hypermax 15000 tirages cigarette \u00e9lectronique jetable<\/strong> offre avec 15 ml de liquide \u00e9lectronique et une concentration en nicotine de 20 mg\/ml jusqu'\u00e0 15 000 bouff\u00e9es d'une grande intensit\u00e9, accompagn\u00e9es de saveurs authentiques telles que raisin menthe, myrtille et deux pommes, et convainc par une utilisation activ\u00e9e par tirage, une manipulation confortable et une longue durabilit\u00e9.<\/p>\n<\/div>\n<\/div>\n<\/div>\n<\/div>\n<div class=\"flex justify-start\">\n<div class=\"touch:-me-2 touch:-ms-3.5 -ms-2.5 -me-1 flex items-center p-1 select-none -mt-1 duration-[1.5s] focus-within:transition-none hover:transition-none pointer-events-none [mask-image:linear-gradient(to_right,black_33%,transparent_66%)] [mask-position:100%_0%] [mask-size:300%_100%] motion-safe:transition-[mask-position] group-hover\/turn-messages:pointer-events-auto group-hover\/turn-messages:[mask-position:0_0] group-focus-within\/turn-messages:pointer-events-auto group-focus-within\/turn-messages:[mask-position:0_0] has-data-[state=open]:pointer-events-auto has-data-[state=open]:[mask-position:0_0]\"><\/div>\n<\/div>\n<div class=\"mt-3 w-full empty:hidden\">\n<div class=\"text-center\"><\/div>\n<\/div>\n<\/div>\n<div class=\"absolute\">\n<div class=\"flex items-center justify-center\"><\/div>\n<\/div>\n<\/div>\n<\/div>\n<\/div>\n<\/article>\n<div class=\"pointer-events-none h-px w-px\" aria-hidden=\"true\" data-edge=\"true\"><\/div>","protected":false},"featured_media":3105,"comment_status":"open","ping_status":"closed","template":"","meta":[],"product_brand":[],"product_cat":[122],"product_tag":[],"class_list":{"0":"post-3104","1":"product","2":"type-product","3":"status-publish","4":"has-post-thumbnail","6":"product_cat-al-fakher-crown-bar-hypermax-15000","8":"first","9":"instock","10":"sale","11":"shipping-taxable","12":"purchasable","13":"product-type-simple"},"jetpack_sharing_enabled":true,"_links":{"self":[{"href":"https:\/\/alfakherwelt.de\/fr\/wp-json\/wp\/v2\/product\/3104","targetHints":{"allow":["GET"]}}],"collection":[{"href":"https:\/\/alfakherwelt.de\/fr\/wp-json\/wp\/v2\/product"}],"about":[{"href":"https:\/\/alfakherwelt.de\/fr\/wp-json\/wp\/v2\/types\/product"}],"replies":[{"embeddable":true,"href":"https:\/\/alfakherwelt.de\/fr\/wp-json\/wp\/v2\/comments?post=3104"}],"wp:featuredmedia":[{"embeddable":true,"href":"https:\/\/alfakherwelt.de\/fr\/wp-json\/wp\/v2\/media\/3105"}],"wp:attachment":[{"href":"https:\/\/alfakherwelt.de\/fr\/wp-json\/wp\/v2\/media?parent=3104"}],"wp:term":[{"taxonomy":"product_brand","embeddable":true,"href":"https:\/\/alfakherwelt.de\/fr\/wp-json\/wp\/v2\/product_brand?post=3104"},{"taxonomy":"product_cat","embeddable":true,"href":"https:\/\/alfakherwelt.de\/fr\/wp-json\/wp\/v2\/product_cat?post=3104"},{"taxonomy":"product_tag","embeddable":true,"href":"https:\/\/alfakherwelt.de\/fr\/wp-json\/wp\/v2\/product_tag?post=3104"}],"curies":[{"name":"wp","href":"https:\/\/api.w.org\/{rel}","templated":true}]}}