{"id":3097,"date":"2025-04-14T23:50:44","date_gmt":"2025-04-14T23:50:44","guid":{"rendered":"https:\/\/alfakherwelt.de\/?post_type=product&#038;p=3097"},"modified":"2025-04-14T23:53:08","modified_gmt":"2025-04-14T23:53:08","slug":"request-failed-with-status-code-667","status":"publish","type":"product","link":"https:\/\/alfakherwelt.de\/fr\/produit\/request-failed-with-status-code-667\/","title":{"rendered":"AI Fakher Crown Bar Hypermax 15000 bouff\u00e9es cigarette \u00e9lectronique jetable - Lush Ice"},"content":{"rendered":"<div style=\"width: 848px;\" class=\"wp-video\"><video class=\"wp-video-shortcode\" id=\"video-3097-1\" width=\"848\" height=\"480\" preload=\"metadata\" controls=\"controls\"><source type=\"video\/mp4\" src=\"https:\/\/alfakherwelt.de\/wp-content\/uploads\/2025\/04\/AF-15K-HYPERMAX-.mp4?_=1\" \/><a href=\"https:\/\/alfakherwelt.de\/wp-content\/uploads\/2025\/04\/AF-15K-HYPERMAX-.mp4\">https:\/\/alfakherwelt.de\/wp-content\/uploads\/2025\/04\/AF-15K-HYPERMAX-.mp4<\/a><\/video><\/div>\n<h2 data-start=\"0\" data-end=\"110\"><strong data-start=\"0\" data-end=\"110\"><a href=\"https:\/\/alfakherwelt.de\/fr\/categorie-de-produit\/request-failed-with-status-code-669\/\">AI Fakher Crown Bar Hypermax 15000<\/a> Trains de cigarettes \u00e9lectroniques jetables : Votre choix parfait pour un vapotage inoubliable<\/strong><\/h2>\n<h3 data-start=\"112\" data-end=\"136\"><strong data-start=\"112\" data-end=\"136\">Description du produit :<\/strong><\/h3>\n<p class=\"\" data-start=\"138\" data-end=\"721\">La <strong data-start=\"142\" data-end=\"204\">AI Fakher Crown Bar Hypermax 15000 tirages cigarette \u00e9lectronique jetable<\/strong> offre une exp\u00e9rience de vape in\u00e9gal\u00e9e avec une autonomie exceptionnelle et une vari\u00e9t\u00e9 de saveurs d\u00e9licieuses. Pr\u00e9rempli de 15 ml de e-liquide et \u00e9quip\u00e9 d'une batterie puissante qui dure jusqu'\u00e0 <strong data-start=\"430\" data-end=\"445\">15 000 trains<\/strong> permettant, cette cigarette \u00e9lectronique jetable est un excellent choix pour ceux qui recherchent une exp\u00e9rience de vapotage \u00e0 la fois longue dur\u00e9e et pratique. C'est la solution id\u00e9ale pour une jouissance rapide sans les tracas des recharges ou des r\u00e9glages compliqu\u00e9s.<\/p>\n<p class=\"\" data-start=\"723\" data-end=\"1280\">Que vous soyez un vapoteur exp\u00e9riment\u00e9 ou que vous commenciez juste, <strong data-start=\"793\" data-end=\"820\">AI Fakher Crown Bar 15K \nremplac\u00e9 par \n devient \n\nAI Fakher Crown Bar 15K<\/strong> d\u00e9passera vos attentes. Gr\u00e2ce au <strong data-start=\"865\" data-end=\"919\">un exp\u00e9rience de vape DTL (Direct to Lung) de haute qualit\u00e9<\/strong> et le <strong data-start=\"928\" data-end=\"948\">2% Nicotine strength<\/strong> Profitez d'un go\u00fbt intense et de l'apport de nicotine souhait\u00e9, parfaitement adapt\u00e9 aux besoins des vapoteurs modernes. De plus, cela a \u00e9t\u00e9 <strong data-start=\"1110\" data-end=\"1132\">Crown Bar Hypermax<\/strong> con\u00e7u pour vous offrir une exp\u00e9rience fluide et agr\u00e9able \u00e0 chaque instant - d\u00e8s la premi\u00e8re jusqu'\u00e0 la derni\u00e8re bouff\u00e9e de vapeur.<\/p>\n<p class=\"\" data-start=\"1282\" data-end=\"1715\">Un autre point fort de ce produit est le design attrayant, qui s'accompagne d'une <strong data-start=\"1364\" data-end=\"1396\">surface en cuir confortable<\/strong> \u00e9quip\u00e9e d'un \u00e9l\u00e9ment qui assure une prise confortable et augmente simultan\u00e9ment la durabilit\u00e9 de l'appareil. Pour encore am\u00e9liorer le confort, la <strong data-start=\"1552\" data-end=\"1584\">AI Fakher Crown Bar Hypermax<\/strong> avec un <strong data-start=\"1595\" data-end=\"1619\">Connecteur de charge Type-C<\/strong> afin que vous puissiez charger l'appareil rapidement et commod\u00e9ment (c\u00e2ble de charge non inclus).<\/p>\n<p class=\"\" data-start=\"1717\" data-end=\"2238\">En plus de la longue dur\u00e9e de vie et de la manipulation confortable, il offre <strong data-start=\"1789\" data-end=\"1816\">AI Fakher Crown Bar 15K \nremplac\u00e9 par \n devient \n\nAI Fakher Crown Bar 15K<\/strong> aussi une <strong data-start=\"1827\" data-end=\"1844\">affichage clair<\/strong>qui vous indique \u00e0 tout moment le niveau de liquide et l'\u00e9tat de la batterie, afin que vous soyez toujours pr\u00eat. Si vous cherchez un vapoteuse jetable fiable et puissant, alors cette cigarette \u00e9lectronique est le choix parfait. Elle offre non seulement des performances exceptionnelles, mais \u00e9galement une vari\u00e9t\u00e9 de saveurs authentiques qui font de la vape un v\u00e9ritable plaisir.<\/p>\n<p class=\"\" data-start=\"2240\" data-end=\"2519\">Si vous les <strong data-start=\"2253\" data-end=\"2306\">AI Fakher Crown Bar 15000 tirages cigarette \u00e9lectronique jetable<\/strong> souhaitez acheter, alors visitez <strong data-start=\"2341\" data-end=\"2360\">alfakherwelt.de<\/strong>la plus grande plateforme pour les cigarettes \u00e9lectroniques jetables en Allemagne. Vous trouverez ici la s\u00e9lection la plus compl\u00e8te pour porter votre plaisir de vapoter au niveau sup\u00e9rieur.<\/p>\n<hr class=\"\" data-start=\"2521\" data-end=\"2524\" \/>\n<h3 data-start=\"2526\" data-end=\"2602\"><strong data-start=\"2526\" data-end=\"2602\">Caract\u00e9ristiques des <a href=\"https:\/\/alfakherwelt.de\/fr\/categorie-de-produit\/request-failed-with-status-code-669\/\">AI Fakher Crown Bar Hypermax 15000<\/a> Cigarettes \u00e9lectroniques jetables :<\/strong><\/h3>\n<ul data-start=\"2604\" data-end=\"3176\">\n<li class=\"\" data-start=\"2604\" data-end=\"2660\">\n<p class=\"\" data-start=\"2606\" data-end=\"2660\"><strong data-start=\"2606\" data-end=\"2628\">Capacit\u00e9 de liquide \u00e9lectronique<\/strong>: 22 ml pour une utilisation prolong\u00e9e<\/p>\n<\/li>\n<li class=\"\" data-start=\"2661\" data-end=\"2716\">\n<p class=\"\" data-start=\"2663\" data-end=\"2716\"><strong data-start=\"2663\" data-end=\"2684\">Capacit\u00e9 de la batterie<\/strong>: 600 mAh pour jusqu'\u00e0 15 000 bouff\u00e9es<\/p>\n<\/li>\n<li class=\"\" data-start=\"2717\" data-end=\"2822\">\n<p class=\"\" data-start=\"2719\" data-end=\"2822\"><strong data-start=\"2719\" data-end=\"2762\">Affichage pour liquide et indicateur de batterie<\/strong>Toujours savoir quand il faut recharger ou remplir<\/p>\n<\/li>\n<li class=\"\" data-start=\"2823\" data-end=\"2891\">\n<p class=\"\" data-start=\"2825\" data-end=\"2891\"><strong data-start=\"2825\" data-end=\"2857\">DTL (Direct to Lung) vapotage<\/strong>Pour une exp\u00e9rience de vape intense<\/p>\n<\/li>\n<li class=\"\" data-start=\"2892\" data-end=\"2961\">\n<p class=\"\" data-start=\"2894\" data-end=\"2961\"><strong data-start=\"2894\" data-end=\"2925\">Surface en cuir confortable<\/strong>Pour une prise ferme et agr\u00e9able<\/p>\n<\/li>\n<li class=\"\" data-start=\"2962\" data-end=\"3026\">\n<p class=\"\" data-start=\"2964\" data-end=\"3026\"><strong data-start=\"2964\" data-end=\"2982\">Taux de nicotine<\/strong>: 2% (20 mg\/ml) Nicotine pour la dose id\u00e9ale<\/p>\n<\/li>\n<li class=\"\" data-start=\"3027\" data-end=\"3097\">\n<p class=\"\" data-start=\"3029\" data-end=\"3097\"><strong data-start=\"3029\" data-end=\"3045\">Charge Type-C<\/strong>: Chargement rapide, sans les tracas des c\u00e2bles USB-C<\/p>\n<\/li>\n<li class=\"\" data-start=\"3098\" data-end=\"3176\">\n<p class=\"\" data-start=\"3100\" data-end=\"3176\"><strong data-start=\"3100\" data-end=\"3114\">Emballage<\/strong>: 1 x AI Fakher Crown Bar 15000 cigarettes \u00e9lectroniques jetables par paquet<\/p>\n<\/li>\n<\/ul>\n<hr class=\"\" data-start=\"3178\" data-end=\"3181\" \/>\n<h3 data-start=\"3183\" data-end=\"3268\"><strong data-start=\"3183\" data-end=\"3268\">Les meilleurs ar\u00f4mes de l'AI Fakher Crown Bar Hypermax 15000 bouff\u00e9es cigarette \u00e9lectronique jetable :<\/strong><\/h3>\n<p class=\"\" data-start=\"4601\" data-end=\"5060\"><strong data-start=\"4601\" data-end=\"4616\">\u00a0Lush Ice<\/strong> Avec <strong data-start=\"4621\" data-end=\"4633\">Lush Ice<\/strong> D\u00e9couvrez la combinaison de la past\u00e8que fra\u00eeche et d'une fra\u00eecheur glac\u00e9e. Le go\u00fbt de la past\u00e8que juteuse est accompagn\u00e9 d'une l\u00e9g\u00e8re note de menthol qui procure une fra\u00eecheur agr\u00e9able. <strong data-start=\"4838\" data-end=\"4850\">Lush Ice<\/strong> est le choix parfait pour les vapoteurs qui recherchent un go\u00fbt sucr\u00e9 et rafra\u00eechissant. La note de menthol frais renforce l'ar\u00f4me fruit\u00e9 et procure une exp\u00e9rience de vapotage rafra\u00eechissante et agr\u00e9able.<\/p>\n<p data-start=\"5062\" data-end=\"5513\"><img loading=\"lazy\" decoding=\"async\" class=\"alignnone wp-image-3093 size-full\" src=\"https:\/\/alfakherwelt.de\/wp-content\/uploads\/2025\/04\/AF-15K-HYPERMAX-2.webp\" alt=\"AI Fakher Crown Bar Hypermax 15000 bouff\u00e9es cigarette \u00e9lectronique jetable - Lush Ice\" width=\"1058\" height=\"726\" title=\"\" srcset=\"https:\/\/alfakherwelt.de\/wp-content\/uploads\/2025\/04\/AF-15K-HYPERMAX-2.webp 1058w, https:\/\/alfakherwelt.de\/wp-content\/uploads\/2025\/04\/AF-15K-HYPERMAX-2-300x206.webp 300w, https:\/\/alfakherwelt.de\/wp-content\/uploads\/2025\/04\/AF-15K-HYPERMAX-2-1024x703.webp 1024w, https:\/\/alfakherwelt.de\/wp-content\/uploads\/2025\/04\/AF-15K-HYPERMAX-2-768x527.webp 768w, https:\/\/alfakherwelt.de\/wp-content\/uploads\/2025\/04\/AF-15K-HYPERMAX-2-18x12.webp 18w, https:\/\/alfakherwelt.de\/wp-content\/uploads\/2025\/04\/AF-15K-HYPERMAX-2-600x412.webp 600w\" sizes=\"auto, (max-width: 1058px) 100vw, 1058px\" \/><\/p>\n<hr class=\"\" data-start=\"5515\" data-end=\"5518\" \/>\n<h3 data-start=\"5520\" data-end=\"5603\"><strong data-start=\"5520\" data-end=\"5603\">Pourquoi devriez-vous les<a href=\"https:\/\/alfakherwelt.de\/fr\/categorie-de-produit\/request-failed-with-status-code-669\/\"> AI Fakher Crown Bar 15 000 tirages<\/a> Cigarette \u00e9lectronique jetable acheter<\/strong><\/h3>\n<ul data-start=\"5605\" data-end=\"6563\">\n<li class=\"\" data-start=\"5605\" data-end=\"5769\">\n<p class=\"\" data-start=\"5607\" data-end=\"5769\"><strong data-start=\"5607\" data-end=\"5631\">Utilisation \u00e0 long terme<\/strong>: Avec une capacit\u00e9 de 15 ml de liquide \u00e9lectronique et jusqu'\u00e0 15 000 bouff\u00e9es, vous n'avez pas \u00e0 vous soucier de voir l'appareil se vider trop rapidement.<\/p>\n<\/li>\n<li class=\"\" data-start=\"5770\" data-end=\"5990\">\n<p class=\"\" data-start=\"5772\" data-end=\"5990\"><strong data-start=\"5772\" data-end=\"5794\">Saveurs vari\u00e9es<\/strong>Une large gamme d'ar\u00f4mes, parfaitement adapt\u00e9e aux go\u00fbts individuels. Que vous pr\u00e9f\u00e9riez les ar\u00f4mes de fruits, rafra\u00eechissants ou classiques de tabac, il y a quelque chose pour tout le monde.<\/p>\n<\/li>\n<li class=\"\" data-start=\"5991\" data-end=\"6128\">\n<p class=\"\" data-start=\"5993\" data-end=\"6128\"><strong data-start=\"5993\" data-end=\"6015\">Manipulation ais\u00e9e<\/strong>Facile \u00e0 utiliser et parfait pour \u00eatre emport\u00e9 partout. Aucune recharge ou remplacement n\u00e9cessaire jusqu'\u00e0 \u00e9puisement de l'appareil.<\/p>\n<\/li>\n<li class=\"\" data-start=\"6129\" data-end=\"6369\">\n<p class=\"\" data-start=\"6131\" data-end=\"6369\"><strong data-start=\"6131\" data-end=\"6158\">Fabrication de haute qualit\u00e9<\/strong>: La <strong data-start=\"6164\" data-end=\"6187\">AI Fakher Crown Bar<\/strong> est un produit haut de gamme avec une finition de haute qualit\u00e9 et un design \u00e9l\u00e9gant. La poign\u00e9e en cuir confortable assure une prise en main agr\u00e9able, m\u00eame lors de longues s\u00e9ances de vaporisation.<\/p>\n<\/li>\n<li class=\"\" data-start=\"6370\" data-end=\"6563\">\n<p class=\"\" data-start=\"6372\" data-end=\"6563\"><strong data-start=\"6372\" data-end=\"6405\">Disponible sur alfakherwelt.de<\/strong>:Achetez confortablement sur la plus grande plateforme en ligne pour les cigarettes \u00e9lectroniques jetables en Allemagne. Vous trouverez ici la meilleure s\u00e9lection et les offres les plus r\u00e9centes.<\/p>\n<\/li>\n<\/ul>\n<hr class=\"\" data-start=\"6565\" data-end=\"6568\" \/>\n<p class=\"\" data-start=\"6570\" data-end=\"6840\">Visitez <a href=\"https:\/\/alfakherwelt.de\/fr\/\"><strong data-start=\"6583\" data-end=\"6602\">alfakherwelt.de<\/strong> <\/a>pour les meilleures offres et un large choix de <strong data-start=\"6660\" data-end=\"6683\">Cigarettes \u00e9lectroniques jetables<\/strong>! Obtenez vos <strong data-start=\"6705\" data-end=\"6767\">AI Fakher Crown Bar Hypermax 15000 tirages cigarette \u00e9lectronique jetable<\/strong> encore aujourd'hui et vivez l'exp\u00e9rience de vape ultime en Allemagne.<\/p>","protected":false},"excerpt":{"rendered":"<article class=\"text-token-text-primary w-full\" dir=\"auto\" data-testid=\"conversation-turn-4\" data-scroll-anchor=\"true\">\n<div class=\"text-base my-auto mx-auto py-5 [--thread-content-margin:--spacing(4)] @[37rem]:[--thread-content-margin:--spacing(6)] @[70rem]:[--thread-content-margin:--spacing(12)] px-(--thread-content-margin)\">\n<div class=\"[--thread-content-max-width:32rem] @[34rem]:[--thread-content-max-width:40rem] @[64rem]:[--thread-content-max-width:48rem] mx-auto flex max-w-(--thread-content-max-width) flex-1 text-base gap-4 md:gap-5 lg:gap-6 group\/turn-messages focus-visible:outline-hidden\" tabindex=\"-1\">\n<div class=\"group\/conversation-turn relative flex w-full min-w-0 flex-col agent-turn\">\n<div class=\"relative flex-col gap-1 md:gap-3\">\n<div class=\"flex max-w-full flex-col grow\">\n<div class=\"min-h-8 text-message relative flex w-full flex-col items-end gap-2 text-start break-words whitespace-normal [.text-message+&amp;]:mt-5\" dir=\"auto\" data-message-author-role=\"assistant\" data-message-id=\"cb22cdcf-c656-42d2-9545-aa8204c5b952\" data-message-model-slug=\"gpt-4o\">\n<div class=\"flex w-full flex-col gap-1 empty:hidden first:pt-[3px]\">\n<div class=\"markdown prose dark:prose-invert w-full break-words light\">\n<p class=\"\" data-start=\"0\" data-end=\"318\">La <strong data-start=\"4\" data-end=\"66\">AI Fakher Crown Bar Hypermax 15000 tirages cigarette \u00e9lectronique jetable<\/strong> offre 15 ml de e-liquide pr\u00e9rempli et une batterie puissante de 600mAh pour jusqu'\u00e0 15 000 bouff\u00e9es, une manipulation confortable, un large choix d'ar\u00f4mes authentiques et une application facile pour une exp\u00e9rience de vapotage rafra\u00eechissante et durable.<\/p>\n<\/div>\n<\/div>\n<\/div>\n<\/div>\n<div class=\"flex justify-start\">\n<div class=\"touch:-me-2 touch:-ms-3.5 -ms-2.5 -me-1 flex items-center p-1 select-none -mt-1 duration-[1.5s] focus-within:transition-none hover:transition-none pointer-events-none [mask-image:linear-gradient(to_right,black_33%,transparent_66%)] [mask-position:100%_0%] [mask-size:300%_100%] motion-safe:transition-[mask-position] group-hover\/turn-messages:pointer-events-auto group-hover\/turn-messages:[mask-position:0_0] group-focus-within\/turn-messages:pointer-events-auto group-focus-within\/turn-messages:[mask-position:0_0] has-data-[state=open]:pointer-events-auto has-data-[state=open]:[mask-position:0_0]\"><\/div>\n<\/div>\n<div class=\"mt-3 w-full empty:hidden\">\n<div class=\"text-center\"><\/div>\n<\/div>\n<\/div>\n<div class=\"absolute\">\n<div class=\"flex items-center justify-center\"><\/div>\n<\/div>\n<\/div>\n<\/div>\n<\/div>\n<\/article>\n<div class=\"pointer-events-none h-px w-px\" aria-hidden=\"true\" data-edge=\"true\"><\/div>","protected":false},"featured_media":3101,"comment_status":"open","ping_status":"closed","template":"","meta":[],"product_brand":[],"product_cat":[122],"product_tag":[],"class_list":{"0":"post-3097","1":"product","2":"type-product","3":"status-publish","4":"has-post-thumbnail","6":"product_cat-al-fakher-crown-bar-hypermax-15000","8":"first","9":"instock","10":"sale","11":"shipping-taxable","12":"purchasable","13":"product-type-simple"},"jetpack_sharing_enabled":true,"_links":{"self":[{"href":"https:\/\/alfakherwelt.de\/fr\/wp-json\/wp\/v2\/product\/3097","targetHints":{"allow":["GET"]}}],"collection":[{"href":"https:\/\/alfakherwelt.de\/fr\/wp-json\/wp\/v2\/product"}],"about":[{"href":"https:\/\/alfakherwelt.de\/fr\/wp-json\/wp\/v2\/types\/product"}],"replies":[{"embeddable":true,"href":"https:\/\/alfakherwelt.de\/fr\/wp-json\/wp\/v2\/comments?post=3097"}],"wp:featuredmedia":[{"embeddable":true,"href":"https:\/\/alfakherwelt.de\/fr\/wp-json\/wp\/v2\/media\/3101"}],"wp:attachment":[{"href":"https:\/\/alfakherwelt.de\/fr\/wp-json\/wp\/v2\/media?parent=3097"}],"wp:term":[{"taxonomy":"product_brand","embeddable":true,"href":"https:\/\/alfakherwelt.de\/fr\/wp-json\/wp\/v2\/product_brand?post=3097"},{"taxonomy":"product_cat","embeddable":true,"href":"https:\/\/alfakherwelt.de\/fr\/wp-json\/wp\/v2\/product_cat?post=3097"},{"taxonomy":"product_tag","embeddable":true,"href":"https:\/\/alfakherwelt.de\/fr\/wp-json\/wp\/v2\/product_tag?post=3097"}],"curies":[{"name":"wp","href":"https:\/\/api.w.org\/{rel}","templated":true}]}}