{"id":3050,"date":"2025-04-11T02:29:06","date_gmt":"2025-04-11T02:29:06","guid":{"rendered":"https:\/\/alfakherwelt.de\/?post_type=product&#038;p=3050"},"modified":"2025-09-06T00:49:07","modified_gmt":"2025-09-06T00:49:07","slug":"request-failed-with-status-code-653","status":"publish","type":"product","link":"https:\/\/alfakherwelt.de\/fr\/produit\/request-failed-with-status-code-653\/","title":{"rendered":"Fumot RandM Tornado 7000 bouff\u00e9es cigarette \u00e9lectronique jetable - BLUESOUR RASPBERRY"},"content":{"rendered":"<div style=\"width: 1020px;\" class=\"wp-video\"><video class=\"wp-video-shortcode\" id=\"video-3050-1\" width=\"1020\" height=\"574\" preload=\"metadata\" controls=\"controls\"><source type=\"video\/mp4\" src=\"https:\/\/alfakherwelt.de\/wp-content\/uploads\/2025\/04\/Fumot-RandM-Tornado-7000.mp4?_=1\" \/><a href=\"https:\/\/alfakherwelt.de\/wp-content\/uploads\/2025\/04\/Fumot-RandM-Tornado-7000.mp4\">https:\/\/alfakherwelt.de\/wp-content\/uploads\/2025\/04\/Fumot-RandM-Tornado-7000.mp4<\/a><\/video><\/div>\n<h2><strong data-start=\"3\" data-end=\"85\">Fumot<a href=\"https:\/\/alfakherwelt.de\/fr\/categorie-de-produit\/request-failed-with-status-code-651\/\"> RandM Tornado 7000<\/a> Trains de cigarettes \u00e9lectroniques jetables - Pour amateurs exigeants<\/strong><\/h2>\n<p class=\"\" data-start=\"87\" data-end=\"660\">Bienvenue dans la nouvelle \u00e8re de la vape ! Avec la <strong data-start=\"137\" data-end=\"189\">Fumot RandM Tornado 7000 tirages cigarette \u00e9lectronique jetable<\/strong> Vivez une exp\u00e9rience de vape techniquement et gustativement exceptionnelle - individuelle, \u00e9l\u00e9gante et intense. En tant que fournisseur leader sur <strong data-start=\"326\" data-end=\"345\">alfakherwelt.de<\/strong>, la plus grande boutique en ligne pour les cigarettes \u00e9lectroniques jetables en Allemagne, vous pr\u00e9sente un appareil qui combine parfaitement design, puissance et diversit\u00e9. D\u00e9couvrez ce que la vape moderne signifie vraiment - <strong data-start=\"552\" data-end=\"567\">avec de la nicotine<\/strong>, forte performance et une vari\u00e9t\u00e9 de saveurs qui ne laissent aucun v\u0153u insatisfait.<\/p>\n<hr class=\"\" data-start=\"662\" data-end=\"665\" \/>\n<h3 data-start=\"667\" data-end=\"724\"><strong data-start=\"670\" data-end=\"724\">Description du produit \u2013 Moderne, puissante &amp; \u00e9l\u00e9gante<\/strong><\/h3>\n<p class=\"\" data-start=\"726\" data-end=\"1069\">Le Fumot RandM Tornado convainc par un design Street-Art stylis\u00e9 qui attire imm\u00e9diatement l'attention. Pourtant, son v\u00e9ritable potentiel r\u00e9side dans la technologie innovante : un r\u00e9servoir g\u00e9n\u00e9reux de 14 ml, la batterie int\u00e9gr\u00e9e de 1000 mAh et jusqu'\u00e0 <strong data-start=\"957\" data-end=\"970\">7000 trains<\/strong> Faites ceci <strong data-start=\"984\" data-end=\"1006\">Cigarette \u00e9lectronique jetable<\/strong> \u00e0 un v\u00e9ritable coureur de fond - id\u00e9al pour la vie quotidienne et en d\u00e9placement.<\/p>\n<p class=\"\" data-start=\"1071\" data-end=\"1467\">Merci <strong data-start=\"1076\" data-end=\"1101\">Technologie de bobine maill\u00e9e<\/strong> Profitez d'un go\u00fbt intense \u00e0 chaque bouff\u00e9e, tandis que l'embout buccal souple en silicone alimentaire assure un confort maximal. La <strong data-start=\"1244\" data-end=\"1263\">\u00c9clairage RGB<\/strong> arrondit l'exp\u00e9rience optique avec des couleurs vives - pour tous ceux qui aiment vapoter avec style. Le <strong data-start=\"1362\" data-end=\"1386\">d\u00e9bit d'air adaptable<\/strong> permet \u00e9galement de r\u00e9guler exactement la r\u00e9sistance de traction selon vos souhaits.<\/p>\n<hr class=\"\" data-start=\"1469\" data-end=\"1472\" \/>\n<h3 data-start=\"1474\" data-end=\"1520\"><strong data-start=\"1477\" data-end=\"1520\">Points forts et fonctionnalit\u00e9s en un coup d'\u0153il<\/strong><\/h3>\n<ul data-start=\"1522\" data-end=\"2355\">\n<li class=\"\" data-start=\"1522\" data-end=\"1609\">\n<p class=\"\" data-start=\"1524\" data-end=\"1609\">\u2705 <strong data-start=\"1526\" data-end=\"1551\">Grand volume de liquide :<\/strong> 14 ml de liquide \u00e9lectronique pr\u00e9rempli - aucun remplissage n\u00e9cessaire<\/p>\n<\/li>\n<li class=\"\" data-start=\"1610\" data-end=\"1687\">\n<p class=\"\" data-start=\"1612\" data-end=\"1687\">\u2705 <strong data-start=\"1614\" data-end=\"1629\">Port\u00e9e:<\/strong> Jusqu'\u00e0 7000 tirages par appareil - durable et puissant<\/p>\n<\/li>\n<li class=\"\" data-start=\"1688\" data-end=\"1786\">\n<p class=\"\" data-start=\"1690\" data-end=\"1786\">\u2705 <strong data-start=\"1692\" data-end=\"1712\">Options nicotiniques :<\/strong> Wahlweise mit 0%, 2%, 3% ou 5% de nicotine - pour des besoins individuels<\/p>\n<\/li>\n<li class=\"\" data-start=\"1787\" data-end=\"1861\">\n<p class=\"\" data-start=\"1789\" data-end=\"1861\">\u2705 <strong data-start=\"1791\" data-end=\"1805\">Mesh Coil<\/strong> Produit une saveur intense et des nuages de vapeur denses<\/p>\n<\/li>\n<li class=\"\" data-start=\"1862\" data-end=\"1941\">\n<p class=\"\" data-start=\"1864\" data-end=\"1941\">\u2705 <strong data-start=\"1866\" data-end=\"1893\">Accumulateur rechargeable<\/strong> Batterie int\u00e9gr\u00e9e de 1000 mAh - Compatible USB-C<\/p>\n<\/li>\n<li class=\"\" data-start=\"1942\" data-end=\"2016\">\n<p class=\"\" data-start=\"1944\" data-end=\"2016\">\u2705 <strong data-start=\"1946\" data-end=\"1971\">R\u00e9gulation du flux d'air<\/strong> R\u00e9glage fin de la r\u00e9sistance de traction possible<\/p>\n<\/li>\n<li class=\"\" data-start=\"2017\" data-end=\"2095\">\n<p class=\"\" data-start=\"2019\" data-end=\"2095\">\u2705 <strong data-start=\"2021\" data-end=\"2041\">Effet de lumi\u00e8re RGB :<\/strong> Six couleurs pour une exp\u00e9rience visuellement attrayante<\/p>\n<\/li>\n<li class=\"\" data-start=\"2096\" data-end=\"2181\">\n<p class=\"\" data-start=\"2098\" data-end=\"2181\">\u2705 <strong data-start=\"2100\" data-end=\"2122\">Convivial pour l'affichage :<\/strong> 10 pi\u00e8ces dans un carton d'affichage - id\u00e9al pour la revente<\/p>\n<\/li>\n<li class=\"\" data-start=\"2182\" data-end=\"2274\">\n<p class=\"\" data-start=\"2184\" data-end=\"2274\">\u2705 <strong data-start=\"2186\" data-end=\"2209\">Saveurs vari\u00e9es :<\/strong> 20 saveurs disponibles, 5 dont d\u00e9taill\u00e9es ci-dessous<\/p>\n<\/li>\n<li class=\"\" data-start=\"2275\" data-end=\"2355\">\n<p class=\"\" data-start=\"2277\" data-end=\"2355\">\u2705 <strong data-start=\"2279\" data-end=\"2304\">Manipulation agr\u00e9able :<\/strong> Embout buccal en caoutchouc pour une prise en main confortable<\/p>\n<\/li>\n<\/ul>\n<hr class=\"\" data-start=\"2357\" data-end=\"2360\" \/>\n<h3 data-start=\"2362\" data-end=\"2416\"><strong data-start=\"2365\" data-end=\"2416\">Pourquoi vous les <a href=\"https:\/\/alfakherwelt.de\/fr\/categorie-de-produit\/request-failed-with-status-code-651\/\">RandM Tornado 7000<\/a> devraient choisir<\/strong><\/h3>\n<p class=\"\" data-start=\"2418\" data-end=\"2761\">Cette cigarette \u00e9lectronique jetable combine le meilleur de la technologie, du go\u00fbt et du design - et s'adresse autant aux vapoteurs exp\u00e9riment\u00e9s qu'aux d\u00e9butants. La r\u00e9utilisation gr\u00e2ce \u00e0 la fonction de recharge permet d'\u00e9conomiser de l'argent et de pr\u00e9server les ressources. Dans le m\u00eame temps, la grande capacit\u00e9 du r\u00e9servoir offre une flexibilit\u00e9 maximale - id\u00e9ale pour les voyages, les \u00e9v\u00e9nements ou comme compagnon quotidien.<\/p>\n<p class=\"\" data-start=\"2763\" data-end=\"3006\">Le m\u00e9lange de performances \u00e9lev\u00e9es et de facilit\u00e9 d'utilisation fait du Fumot RandM Tornado 7000 l'un des meilleurs <strong data-start=\"2872\" data-end=\"2918\">les vapoteurs jetables les plus vendus en Allemagne<\/strong> \u2013 et bien s\u00fbr disponible exclusivement chez <strong data-start=\"2959\" data-end=\"3005\"><a class=\"\" href=\"https:\/\/alfakherwelt.de\/fr\/\" target=\"_new\" rel=\"noopener\" data-start=\"2961\" data-end=\"3003\">alfakherwelt.de<\/a><\/strong>.<\/p>\n<hr class=\"\" data-start=\"3008\" data-end=\"3011\" \/>\n<h3 data-start=\"3013\" data-end=\"3065\"><strong data-start=\"3016\" data-end=\"3065\">D\u00e9couvrez le go\u00fbt - Flaveurs en d\u00e9tail<\/strong><\/h3>\n<p class=\"\" data-start=\"3514\" data-end=\"3736\"><strong data-start=\"3514\" data-end=\"3539\">\u00a0Bluesour Raspberry<\/strong><br data-start=\"3539\" data-end=\"3542\" \/>Un m\u00e9lange fascinant de baies bleues et de framboises acidul\u00e9es. L'\u00e9quilibre parfait entre la douceur fruit\u00e9e et l'acidit\u00e9 agr\u00e9able cr\u00e9e un profil gustatif \u00e9tonnamment complexe.<\/p>\n<hr class=\"\" data-start=\"4153\" data-end=\"4156\" \/>\n<h3 data-start=\"4158\" data-end=\"4195\"><strong data-start=\"4161\" data-end=\"4195\">Foire aux questions \u2013 Questions fr\u00e9quemment pos\u00e9es<\/strong><\/h3>\n<p class=\"\" data-start=\"4197\" data-end=\"4329\"><strong data-start=\"4197\" data-end=\"4253\">Le Fumot RandM Tornado 7000 est-il rechargeable ?<\/strong><br data-start=\"4253\" data-end=\"4256\" \/>Oui. La batterie int\u00e9gr\u00e9e de 1000 mAh peut \u00eatre recharg\u00e9e facilement via USB-C.<\/p>\n<p class=\"\" data-start=\"4331\" data-end=\"4418\"><strong data-start=\"4331\" data-end=\"4363\">Quelle est la dur\u00e9e de vie d'un appareil ?<\/strong><br data-start=\"4363\" data-end=\"4366\" \/>Selon le comportement de traction individuel, jusqu'\u00e0 7000 tirages.<\/p>\n<p class=\"\" data-start=\"4420\" data-end=\"4539\"><strong data-start=\"4420\" data-end=\"4467\">Il existe diff\u00e9rentes intensit\u00e9s de nicotine ?<\/strong><br data-start=\"4467\" data-end=\"4470\" \/>Oui, disponible en 0%, 2%, 3% et 5% - selon les pr\u00e9f\u00e9rences et l'exp\u00e9rience.<\/p>\n<p class=\"\" data-start=\"4541\" data-end=\"4676\"><strong data-start=\"4541\" data-end=\"4589\">\ud83d\udfe0 Cette e-cigarette est-elle adapt\u00e9e aux d\u00e9butants ?<\/strong><br data-start=\"4589\" data-end=\"4592\" \/>Absolument. Aucun remplissage, aucun changement de coil, simplement d\u00e9baller, charger et profiter.<\/p>\n<p class=\"\" data-start=\"4678\" data-end=\"4842\"><strong data-start=\"4678\" data-end=\"4728\">Wo kann ich die Fumot RandM Tornado kaufen?<\/strong><br data-start=\"4728\" data-end=\"4731\" \/>Seulement sur <strong data-start=\"4739\" data-end=\"4785\"><a class=\"\" href=\"https:\/\/alfakherwelt.de\/fr\/\" target=\"_new\" rel=\"noopener\" data-start=\"4741\" data-end=\"4783\">alfakherwelt.de<\/a><\/strong> - Votre expert pour les e-cigarettes jetables en Allemagne.<\/p>\n<hr class=\"\" data-start=\"4844\" data-end=\"4847\" \/>\n<h3 data-start=\"4849\" data-end=\"4909\"><strong data-start=\"4852\" data-end=\"4909\">Acheter maintenant &amp; vapoter - exclusivement sur alfakherwelt.de<\/strong><\/h3>\n<p class=\"\" data-start=\"4911\" data-end=\"5329\">Si vous recherchez la qualit\u00e9, la diversit\u00e9 et une exp\u00e9rience de vapotage stylis\u00e9e, alors la <strong data-start=\"5007\" data-end=\"5054\">Fumot RandM Tornado 7000 cigarette \u00e9lectronique jetable<\/strong> Votre premier choix. Commandez maintenant confortablement sur <strong data-start=\"5103\" data-end=\"5149\"><a class=\"\" href=\"https:\/\/alfakherwelt.de\/fr\/\" target=\"_new\" rel=\"noopener\" data-start=\"5105\" data-end=\"5147\">alfakherwelt.de<\/a><\/strong> Votre n\u00b0 1 pour <strong data-start=\"5168\" data-end=\"5202\">cigarette \u00e9lectronique jetable avec nicotine<\/strong> dans <strong data-start=\"5206\" data-end=\"5221\">Allemagne<\/strong>Vous trouverez ici toute la gamme, les meilleurs prix et une livraison rapide directement chez vous.<\/p>","protected":false},"excerpt":{"rendered":"<div class=\"flex-shrink-0 flex flex-col relative items-end\">\n<div class=\"pt-0\">\n<div class=\"gizmo-shadow-stroke flex h-8 w-8 items-center justify-center overflow-hidden rounded-full\">\n<div class=\"h-full w-full\">\n<div class=\"flex-shrink-0 flex flex-col relative items-end\">\n<div class=\"pt-0\">\n<div class=\"gizmo-shadow-stroke flex h-8 w-8 items-center justify-center overflow-hidden rounded-full\">\n<div class=\"h-full w-full\">\n<div class=\"gizmo-shadow-stroke overflow-hidden rounded-full\">\n<div class=\"flex-1 overflow-hidden\">\n<div class=\"h-full\">\n<div class=\"react-scroll-to-bottom--css-nphjn-79elbk h-full\">\n<div class=\"react-scroll-to-bottom--css-nphjn-1n7m0yu\">\n<div class=\"flex flex-col text-sm md:pb-9\">\n<article class=\"w-full scroll-mb-[var(--thread-trailing-height,150px)] text-token-text-primary focus-visible:outline-2 focus-visible:outline-offset-[-4px]\" dir=\"auto\" data-testid=\"conversation-turn-5\" data-scroll-anchor=\"true\">\n<div class=\"m-auto text-base py-[18px] px-3 md:px-4 w-full md:px-5 lg:px-4 xl:px-5\">\n<div class=\"mx-auto flex flex-1 gap-4 text-base md:gap-5 lg:gap-6 md:max-w-3xl lg:max-w-[40rem] xl:max-w-[48rem]\">\n<div class=\"group\/conversation-turn relative flex w-full min-w-0 flex-col agent-turn\">\n<div class=\"flex-col gap-1 md:gap-3\">\n<div class=\"flex max-w-full flex-col flex-grow\">\n<div class=\"min-h-8 text-message flex w-full flex-col items-end gap-2 whitespace-normal break-words [.text-message+&amp;]:mt-5\" dir=\"auto\" data-message-author-role=\"assistant\" data-message-id=\"1982dcee-f0f5-4cfa-a269-fdbaed43d922\" data-message-model-slug=\"gpt-4o\">\n<div class=\"flex w-full flex-col gap-1 empty:hidden first:pt-[3px]\">\n<div class=\"markdown prose w-full break-words dark:prose-invert light\">\n<div class=\"flex-1 overflow-hidden\">\n<div class=\"h-full\">\n<div class=\"react-scroll-to-bottom--css-xrsce-79elbk h-full\">\n<div class=\"react-scroll-to-bottom--css-xrsce-1n7m0yu\">\n<div class=\"flex flex-col text-sm md:pb-9\">\n<article class=\"w-full scroll-mb-[var(--thread-trailing-height,150px)] text-token-text-primary focus-visible:outline-2 focus-visible:outline-offset-[-4px]\" dir=\"auto\" data-testid=\"conversation-turn-5\" data-scroll-anchor=\"true\">\n<div class=\"m-auto text-base py-[18px] px-3 md:px-4 w-full md:px-5 lg:px-4 xl:px-5\">\n<div class=\"mx-auto flex flex-1 gap-4 text-base md:gap-5 lg:gap-6 md:max-w-3xl lg:max-w-[40rem] xl:max-w-[48rem]\">\n<div class=\"group\/conversation-turn relative flex w-full min-w-0 flex-col agent-turn\">\n<div class=\"flex-col gap-1 md:gap-3\">\n<div class=\"flex max-w-full flex-col flex-grow\">\n<div class=\"min-h-8 text-message flex w-full flex-col items-end gap-2 whitespace-normal break-words [.text-message+&amp;]:mt-5\" dir=\"auto\" data-message-author-role=\"assistant\" data-message-id=\"1a0c8d71-a6be-4cc9-b460-deb3e7ecbf47\" data-message-model-slug=\"gpt-4o\">\n<div class=\"flex w-full flex-col gap-1 empty:hidden first:pt-[3px]\">\n<div class=\"markdown prose w-full break-words dark:prose-invert light\">\n<div class=\"flex-1 overflow-hidden\">\n<div class=\"h-full\">\n<div class=\"react-scroll-to-bottom--css-gqbzc-79elbk h-full\">\n<div class=\"react-scroll-to-bottom--css-gqbzc-1n7m0yu\">\n<div class=\"flex flex-col text-sm md:pb-9\">\n<article class=\"w-full scroll-mb-[var(--thread-trailing-height,150px)] text-token-text-primary focus-visible:outline-2 focus-visible:outline-offset-[-4px]\" dir=\"auto\" data-testid=\"conversation-turn-5\" data-scroll-anchor=\"true\">\n<div class=\"m-auto text-base py-[18px] px-3 md:px-4 w-full md:px-5 lg:px-4 xl:px-5\">\n<div class=\"mx-auto flex flex-1 gap-4 text-base md:gap-5 lg:gap-6 md:max-w-3xl lg:max-w-[40rem] xl:max-w-[48rem]\">\n<div class=\"group\/conversation-turn relative flex w-full min-w-0 flex-col agent-turn\">\n<div class=\"flex-col gap-1 md:gap-3\">\n<div class=\"flex max-w-full flex-col flex-grow\">\n<div class=\"min-h-8 text-message flex w-full flex-col items-end gap-2 whitespace-normal break-words [.text-message+&amp;]:mt-5\" dir=\"auto\" data-message-author-role=\"assistant\" data-message-id=\"ca066132-0777-4603-995e-a689971b3380\" data-message-model-slug=\"gpt-4o\">\n<div class=\"flex w-full flex-col gap-1 empty:hidden first:pt-[3px]\">\n<div class=\"markdown prose w-full break-words dark:prose-invert light\">\n<div class=\"flex-1 overflow-hidden @container\/thread\">\n<div class=\"h-full\">\n<div class=\"react-scroll-to-bottom--css-gpzqy-79elbk h-full\">\n<div class=\"react-scroll-to-bottom--css-gpzqy-1n7m0yu\">\n<div class=\"flex flex-col text-sm md:pb-9\">\n<article class=\"w-full scroll-mb-[var(--thread-trailing-height,150px)] text-token-text-primary focus-visible:outline-2 focus-visible:outline-offset-[-4px]\" dir=\"auto\" data-testid=\"conversation-turn-5\" data-scroll-anchor=\"true\">\n<div class=\"m-auto text-base py-[18px] px-3 md:px-4 w-full md:px-5 lg:px-4 xl:px-5\">\n<div class=\"mx-auto flex flex-1 gap-4 text-base md:gap-5 lg:gap-6 md:max-w-3xl lg:max-w-[40rem] xl:max-w-[48rem]\">\n<div class=\"group\/conversation-turn relative flex w-full min-w-0 flex-col agent-turn\">\n<div class=\"flex-col gap-1 md:gap-3\">\n<div class=\"flex max-w-full flex-col flex-grow\">\n<div class=\"min-h-8 text-message flex w-full flex-col items-end gap-2 whitespace-normal break-words text-start [.text-message+&amp;]:mt-5\" dir=\"auto\" data-message-author-role=\"assistant\" data-message-id=\"cc8163e2-8afa-47f6-9377-d3d67a4f118b\" data-message-model-slug=\"gpt-4o\">\n<div class=\"flex w-full flex-col gap-1 empty:hidden first:pt-[3px]\">\n<div class=\"markdown prose w-full break-words dark:prose-invert light\">\n<p>La <strong data-start=\"4\" data-end=\"56\">Fumot RandM Tornado 7000 tirages cigarette \u00e9lectronique jetable<\/strong> allie un design \u00e9l\u00e9gant, une saveur intense, jusqu'\u00e0 7000 bouff\u00e9es et un large choix d'ar\u00f4mes - disponible exclusivement sur <strong data-start=\"182\" data-end=\"201\">alfakherwelt.de<\/strong>, le plus grand magasin en ligne pour les vapes jetables en Allemagne.<\/p>\n<\/div>\n<\/div>\n<\/div>\n<\/div>\n<\/div>\n<\/div>\n<\/div>\n<\/div>\n<\/article>\n<\/div>\n<\/div>\n<\/div>\n<\/div>\n<\/div>\n<\/div>\n<\/div>\n<\/div>\n<\/div>\n<\/div>\n<\/div>\n<\/div>\n<\/div>\n<\/article>\n<\/div>\n<\/div>\n<\/div>\n<\/div>\n<\/div>\n<\/div>\n<\/div>\n<\/div>\n<\/div>\n<\/div>\n<\/div>\n<\/div>\n<\/div>\n<\/article>\n<\/div>\n<\/div>\n<\/div>\n<\/div>\n<\/div>\n<\/div>\n<\/div>\n<\/div>\n<\/div>\n<div class=\"pr-2 lg:pr-0\"><\/div>\n<div class=\"mt-3 w-full empty:hidden\">\n<div class=\"text-center\"><\/div>\n<\/div>\n<\/div>\n<div class=\"absolute\">\n<div class=\"flex items-center justify-center\"><\/div>\n<\/div>\n<\/div>\n<\/div>\n<\/div>\n<\/article>\n<\/div>\n<\/div>\n<\/div>\n<\/div>\n<\/div>\n<div class=\"md:pt-0 dark:border-white\/20 md:border-transparent md:dark:border-transparent w-full\">\n<div>\n<div class=\"m-auto text-base px-3 md:px-4 w-full md:px-5 lg:px-4 xl:px-5\">\n<div class=\"mx-auto flex flex-1 gap-4 text-base md:gap-5 lg:gap-6 md:max-w-3xl lg:max-w-[40rem] xl:max-w-[48rem]\">\n<div class=\"flex justify-center\"><\/div>\n<\/div>\n<\/div>\n<\/div>\n<\/div>\n<\/div>\n<\/div>\n<\/div>\n<\/div>\n<\/div>\n<\/div>\n<\/div>\n<\/div>\n<\/div>","protected":false},"featured_media":3054,"comment_status":"open","ping_status":"closed","template":"","meta":[],"product_brand":[],"product_cat":[121],"product_tag":[],"class_list":{"0":"post-3050","1":"product","2":"type-product","3":"status-publish","4":"has-post-thumbnail","6":"product_cat-fumot-tornado-7000","8":"first","9":"instock","10":"sale","11":"shipping-taxable","12":"purchasable","13":"product-type-simple"},"jetpack_sharing_enabled":true,"_links":{"self":[{"href":"https:\/\/alfakherwelt.de\/fr\/wp-json\/wp\/v2\/product\/3050","targetHints":{"allow":["GET"]}}],"collection":[{"href":"https:\/\/alfakherwelt.de\/fr\/wp-json\/wp\/v2\/product"}],"about":[{"href":"https:\/\/alfakherwelt.de\/fr\/wp-json\/wp\/v2\/types\/product"}],"replies":[{"embeddable":true,"href":"https:\/\/alfakherwelt.de\/fr\/wp-json\/wp\/v2\/comments?post=3050"}],"wp:featuredmedia":[{"embeddable":true,"href":"https:\/\/alfakherwelt.de\/fr\/wp-json\/wp\/v2\/media\/3054"}],"wp:attachment":[{"href":"https:\/\/alfakherwelt.de\/fr\/wp-json\/wp\/v2\/media?parent=3050"}],"wp:term":[{"taxonomy":"product_brand","embeddable":true,"href":"https:\/\/alfakherwelt.de\/fr\/wp-json\/wp\/v2\/product_brand?post=3050"},{"taxonomy":"product_cat","embeddable":true,"href":"https:\/\/alfakherwelt.de\/fr\/wp-json\/wp\/v2\/product_cat?post=3050"},{"taxonomy":"product_tag","embeddable":true,"href":"https:\/\/alfakherwelt.de\/fr\/wp-json\/wp\/v2\/product_tag?post=3050"}],"curies":[{"name":"wp","href":"https:\/\/api.w.org\/{rel}","templated":true}]}}