{"id":3022,"date":"2025-04-10T03:03:53","date_gmt":"2025-04-10T03:03:53","guid":{"rendered":"https:\/\/alfakherwelt.de\/?post_type=product&#038;p=3022"},"modified":"2025-05-12T07:48:45","modified_gmt":"2025-05-12T07:48:45","slug":"request-failed-with-status-code-646","status":"publish","type":"product","link":"https:\/\/alfakherwelt.de\/fr\/produit\/request-failed-with-status-code-646\/","title":{"rendered":"Vozol gear 10000 Z\u00fcge Einweg E Zigarette \u2013 P\u00eache mangue past\u00e8que"},"content":{"rendered":"<p><img loading=\"lazy\" decoding=\"async\" class=\"alignnone wp-image-3014 size-full\" src=\"https:\/\/alfakherwelt.de\/wp-content\/uploads\/2025\/04\/vozol-gear-10000-web-scaled.webp\" alt=\"Vozol gear 10000 tirages cigarette \u00e9lectronique jetable - P\u00eache mangue past\u00e8que\" width=\"458\" height=\"2560\" title=\"\" srcset=\"https:\/\/alfakherwelt.de\/wp-content\/uploads\/2025\/04\/vozol-gear-10000-web-scaled.webp 458w, https:\/\/alfakherwelt.de\/wp-content\/uploads\/2025\/04\/vozol-gear-10000-web-183x1024.webp 183w, https:\/\/alfakherwelt.de\/wp-content\/uploads\/2025\/04\/vozol-gear-10000-web-768x4295.webp 768w, https:\/\/alfakherwelt.de\/wp-content\/uploads\/2025\/04\/vozol-gear-10000-web-275x1536.webp 275w, https:\/\/alfakherwelt.de\/wp-content\/uploads\/2025\/04\/vozol-gear-10000-web-2x12.webp 2w\" sizes=\"auto, (max-width: 458px) 100vw, 458px\" \/><\/p>\n<h2 data-start=\"0\" data-end=\"88\"><\/h2>\n<h2 data-start=\"0\" data-end=\"88\"><span class=\"relative -mx-px my-[-0.2rem] rounded px-px py-[0.2rem] transition-colors duration-100 ease-in-out\"><strong data-start=\"0\" data-end=\"44\" data-is-last-node=\"\" data-is-only-node=\"\"><a href=\"https:\/\/alfakherwelt.de\/fr\/categorie-de-produit\/request-failed-with-status-code-644\/\">Vozol Gear 10000 Z\u00fcge \n\n becomes \n\nVozol Gear 10000 tir\u00e9es<\/a> Cigarette \u00e9lectronique jetable<\/strong><\/span>Il semble qu'il n'y ait pas de texte \u00e0 traduire. Veuillez fournir le texte allemand que vous souhaitez que je traduise en fran\u00e7ais.<\/h2>\n<h3 data-start=\"90\" data-end=\"112\">Description du produit<\/h3>\n<p class=\"\" data-start=\"114\" data-end=\"271\"><span class=\"relative -mx-px my-[-0.2rem] rounded px-px py-[0.2rem] transition-colors duration-100 ease-in-out\">La <strong data-start=\"4\" data-end=\"48\">Vozol Gear 10000 tirages cigarette \u00e9lectronique jetable<\/strong> red\u00e9finit l'exp\u00e9rience de vapeur et combine la technologie la plus avanc\u00e9e avec un design exceptionnel.<\/span> <span class=\"relative -mx-px my-[-0.2rem] rounded px-px py-[0.2rem] transition-colors duration-100 ease-in-out\">Cet appareil a \u00e9t\u00e9 con\u00e7u pour les vapoteurs exigeants qui appr\u00e9cient la qualit\u00e9, la durabilit\u00e9 et la saveur intense.<\/span> <span class=\"relative -mx-px my-[-0.2rem] rounded px-px py-[0.2rem] transition-colors duration-100 ease-in-out\">Avec une capacit\u00e9 impressionnante pouvant aller jusqu'\u00e0 10 000 trappes et une vari\u00e9t\u00e9 de saveurs exquises, le Vozol Gear 10000 offre une exp\u00e9rience de vape in\u00e9gal\u00e9e.<\/span>Il semble qu'il n'y ait pas de texte \u00e0 traduire. Veuillez fournir le texte allemand que vous souhaitez que je traduise en fran\u00e7ais.<\/p>\n<h3 data-start=\"273\" data-end=\"284\">Caract\u00e9ristiques<\/h3>\n<ul data-start=\"286\" data-end=\"1237\">\n<li class=\"\" data-start=\"286\" data-end=\"394\">\n<p class=\"\" data-start=\"288\" data-end=\"394\"><strong data-start=\"288\" data-end=\"311\">\u00e9norme capacit\u00e9 de traction<\/strong>: <span class=\"relative -mx-px my-[-0.2rem] rounded px-px py-[0.2rem] transition-colors duration-100 ease-in-out\">Profitez de jusqu'\u00e0 10 000 bouff\u00e9es, ce qui permet une utilisation de longue dur\u00e9e sans remplacement fr\u00e9quent.<\/span>Il semble qu'il n'y ait pas de texte \u00e0 traduire. Veuillez fournir le texte allemand que vous souhaitez que je traduise en fran\u00e7ais.<\/p>\n<\/li>\n<li class=\"\" data-start=\"395\" data-end=\"513\">\n<p class=\"\" data-start=\"397\" data-end=\"513\"><strong data-start=\"397\" data-end=\"430\">Capacit\u00e9 g\u00e9n\u00e9reuse d'e-liquide<\/strong>: <span class=\"relative -mx-px my-[-0.2rem] rounded px-px py-[0.2rem] transition-colors duration-100 ease-in-out\">L'appareil est \u00e9quip\u00e9 de 16 ml de liquide \u00e9lectronique de haute qualit\u00e9 pr\u00e9-rempli, qui assure des s\u00e9ances de vape prolong\u00e9es.<\/span>Il semble qu'il n'y ait pas de texte \u00e0 traduire. Veuillez fournir le texte allemand que vous souhaitez que je traduise en fran\u00e7ais.<\/p>\n<\/li>\n<li class=\"\" data-start=\"514\" data-end=\"634\">\n<p class=\"\" data-start=\"516\" data-end=\"634\"><strong data-start=\"516\" data-end=\"547\">Forte concentration de nicotine<\/strong>: <span class=\"relative -mx-px my-[-0.2rem] rounded px-px py-[0.2rem] transition-colors duration-100 ease-in-out\">Avec une teneur en nicotine de 5 % (50 mg), il offre une exp\u00e9rience de vape satisfaisante et intense.<\/span>Il semble qu'il n'y ait pas de texte \u00e0 traduire. Veuillez fournir le texte allemand que vous souhaitez que je traduise en fran\u00e7ais.<\/p>\n<\/li>\n<li class=\"\" data-start=\"635\" data-end=\"749\">\n<p class=\"\" data-start=\"637\" data-end=\"749\"><strong data-start=\"637\" data-end=\"662\">Batterie fiable<\/strong>: <span class=\"relative -mx-px my-[-0.2rem] rounded px-px py-[0.2rem] transition-colors duration-100 ease-in-out\">\u00c9quip\u00e9 d'une batterie de 500 mAh qui peut \u00eatre charg\u00e9e rapidement et efficacement via une prise de type C.<\/span>Il semble qu'il n'y ait pas de texte \u00e0 traduire. Veuillez fournir le texte allemand que vous souhaitez que je traduise en fran\u00e7ais.<\/p>\n<\/li>\n<li class=\"\" data-start=\"750\" data-end=\"875\">\n<p class=\"\" data-start=\"752\" data-end=\"875\"><strong data-start=\"752\" data-end=\"788\">Technologie innovante de bobine de maillage<\/strong>: <span class=\"relative -mx-px my-[-0.2rem] rounded px-px py-[0.2rem] transition-colors duration-100 ease-in-out\">La bobine Mesh avanc\u00e9e assure un chauffage uniforme et maximise la saveur \u00e0 chaque tirage.<\/span>Il semble qu'il n'y ait pas de texte \u00e0 traduire. Veuillez fournir le texte allemand que vous souhaitez que je traduise en fran\u00e7ais.<\/p>\n<\/li>\n<li class=\"\" data-start=\"876\" data-end=\"998\">\n<p class=\"\" data-start=\"878\" data-end=\"998\"><strong data-start=\"878\" data-end=\"911\">Utilisation conviviale<\/strong>: <span class=\"relative -mx-px my-[-0.2rem] rounded px-px py-[0.2rem] transition-colors duration-100 ease-in-out\">Gr\u00e2ce \u00e0 l'activation par tirage, aucun bouton n'a besoin d'\u00eatre enfonc\u00e9 - il suffit d'inhaler et de profiter.<\/span>Il semble qu'il n'y ait pas de texte \u00e0 traduire. Veuillez fournir le texte allemand que vous souhaitez que je traduise en fran\u00e7ais.<\/p>\n<\/li>\n<li class=\"\" data-start=\"999\" data-end=\"1114\">\n<p class=\"\" data-start=\"1001\" data-end=\"1114\"><strong data-start=\"1001\" data-end=\"1027\">Embout buccal hygi\u00e9nique<\/strong>: <span class=\"relative -mx-px my-[-0.2rem] rounded px-px py-[0.2rem] transition-colors duration-100 ease-in-out\">L'appareil est \u00e9quip\u00e9 d'un m\u00e9canisme de protection pour l'embout buccal qui le maintient propre et le prot\u00e8ge contre les contaminants.<\/span>Il semble qu'il n'y ait pas de texte \u00e0 traduire. Veuillez fournir le texte allemand que vous souhaitez que je traduise en fran\u00e7ais.<\/p>\n<\/li>\n<li class=\"\" data-start=\"1115\" data-end=\"1237\">\n<p class=\"\" data-start=\"1117\" data-end=\"1237\"><strong data-start=\"1117\" data-end=\"1150\">Mat\u00e9riaux respectueux de l'environnement<\/strong>: <span class=\"relative -mx-px my-[-0.2rem] rounded px-px py-[0.2rem] transition-colors duration-100 ease-in-out\">Fabriqu\u00e9 \u00e0 partir de 65 % de mat\u00e9riaux recycl\u00e9s post-consommation (PCR), il contribue \u00e0 r\u00e9duire l'empreinte \u00e9cologique.<\/span>Il semble qu'il n'y ait pas de texte \u00e0 traduire. Veuillez fournir le texte allemand que vous souhaitez que je traduise en fran\u00e7ais.<\/p>\n<\/li>\n<\/ul>\n<h3 data-start=\"1239\" data-end=\"1301\">Pourquoi vous choisir les <a href=\"https:\/\/alfakherwelt.de\/fr\/categorie-de-produit\/request-failed-with-status-code-644\/\">Vozol Gear 10000<\/a> devraient d\u00e9cider<\/h3>\n<p class=\"\" data-start=\"1303\" data-end=\"1468\"><span class=\"relative -mx-px my-[-0.2rem] rounded px-px py-[0.2rem] transition-colors duration-100 ease-in-out\">La cigarette \u00e9lectronique jetable Vozol Gear 10000 tirs offre une exp\u00e9rience de vape in\u00e9gal\u00e9e.<\/span> <span class=\"relative -mx-px my-[-0.2rem] rounded px-px py-[0.2rem] transition-colors duration-100 ease-in-out\">La combinaison d'une capacit\u00e9 de tirage \u00e9lev\u00e9e, de saveurs intenses et d'une conception conviviale en fait le choix id\u00e9al pour les vapoteurs qui appr\u00e9cient la qualit\u00e9 et le confort.<\/span> <span class=\"relative -mx-px my-[-0.2rem] rounded px-px py-[0.2rem] transition-colors duration-100 ease-in-out\">Le design \u00e9l\u00e9gant et portable vous permet de prendre l'appareil partout avec vous, tandis que la manipulation simple garantit une vaporisation sans probl\u00e8me.<\/span>Il semble qu'il n'y ait pas de texte \u00e0 traduire. Veuillez fournir le texte allemand que vous souhaitez que je traduise en fran\u00e7ais.<\/p>\n<h3 data-start=\"1470\" data-end=\"1504\">Saveurs disponibles<\/h3>\n<p class=\"\" data-start=\"1509\" data-end=\"1622\"><strong data-start=\"1509\" data-end=\"1535\">P\u00eache Mangue Past\u00e8que<\/strong>: <span class=\"relative -mx-px my-[-0.2rem] rounded px-px py-[0.2rem] transition-colors duration-100 ease-in-out\">Un m\u00e9lange exotique de p\u00eaches juteuses, de mangues sucr\u00e9es et de past\u00e8que rafra\u00eechissante. Chaque bouff\u00e9e vous transporte dans un paradis tropical o\u00f9 les notes sucr\u00e9es et juteuses des fruits se fondent harmonieusement les unes dans les autres.<\/span>\u200b\n\u200b<\/p>\n<h3 data-start=\"1965\" data-end=\"1998\">Foire aux questions (FAQ)<\/h3>\n<p class=\"\" data-start=\"2000\" data-end=\"2041\"><strong data-start=\"2000\" data-end=\"2041\">Le Vozol Gear 10000 est-il rechargeable ?<\/strong><\/p>\n<p class=\"\" data-start=\"2043\" data-end=\"2128\"><span class=\"relative -mx-px my-[-0.2rem] rounded px-px py-[0.2rem] transition-colors duration-100 ease-in-out\">Non, il s'agit d'une cigarette \u00e9lectronique jetable qui n'est pas rechargeable. Une fois le nombre maximum de bouff\u00e9es atteint, l'appareil doit \u00eatre \u00e9limin\u00e9 correctement.<\/span>Il semble qu'il n'y ait pas de texte \u00e0 traduire. Veuillez fournir le texte allemand que vous souhaitez que je traduise en fran\u00e7ais.<\/p>\n<p class=\"\" data-start=\"2130\" data-end=\"2162\"><strong data-start=\"2130\" data-end=\"2162\">Combien de temps dure la batterie ?<\/strong><\/p>\n<p class=\"\" data-start=\"2164\" data-end=\"2249\"><span class=\"relative -mx-px my-[-0.2rem] rounded px-px py-[0.2rem] transition-colors duration-100 ease-in-out\">La batterie de 500 mAh est con\u00e7ue pour supporter toute la capacit\u00e9 de e-liquide. Si la batterie est \u00e9puis\u00e9e avant la consommation compl\u00e8te du e-liquide, elle peut \u00eatre recharg\u00e9e rapidement via le connecteur de type C.<\/span><\/p>\n<p class=\"\" data-start=\"2251\" data-end=\"2291\"><strong data-start=\"2251\" data-end=\"2291\">Est-ce que l'appareil convient aux d\u00e9butants ?<\/strong><\/p>\n<p class=\"\" data-start=\"2293\" data-end=\"2378\"><span class=\"relative -mx-px my-[-0.2rem] rounded px-px py-[0.2rem] transition-colors duration-100 ease-in-out\">Oui, le Vozol Gear 10000 est id\u00e9al pour les d\u00e9butants et les vapoteurs exp\u00e9riment\u00e9s gr\u00e2ce \u00e0 l'activation par tirage et \u00e0 la conception sans entretien.<\/span>Il semble qu'il n'y ait pas de texte \u00e0 traduire. Veuillez fournir le texte allemand que vous souhaitez que je traduise en fran\u00e7ais.<\/p>\n<p class=\"\" data-start=\"2380\" data-end=\"2426\"><strong data-start=\"2380\" data-end=\"2426\">O\u00f9 puis-je acheter le Vozol Gear 10000 ?<\/strong><\/p>\n<p class=\"\" data-start=\"2428\" data-end=\"2513\"><span class=\"relative -mx-px my-[-0.2rem] rounded px-px py-[0.2rem] transition-colors duration-100 ease-in-out\">Vous pouvez acheter le Vozol Gear 10000 Z\u00fcge Einweg E-Zigarette directement sur notre site Web <a href=\"https:\/\/alfakherwelt.de\/fr\/\" target=\"_new\" rel=\"noopener noreferrer\" data-start=\"83\" data-end=\"125\">alfakherwelt.de<\/a> acqu\u00e9rir. Nous sommes la plus grande plateforme en ligne pour la vente de cigarettes \u00e9lectroniques jetables en Allemagne et proposons une large s\u00e9lection de saveurs et de produits.<\/span>Il semble qu'il n'y ait pas de texte \u00e0 traduire. Veuillez fournir le texte allemand que vous souhaitez que je traduise en fran\u00e7ais.<\/p>\n<p class=\"\" data-start=\"2515\" data-end=\"2600\"><span class=\"relative -mx-px my-[-0.2rem] rounded px-px py-[0.2rem] transition-colors duration-100 ease-in-out\">D\u00e9couvrez le monde de la vape \u00e0 nouveau avec la cigarette \u00e9lectronique jetable Vozol Gear 10000 tirs - qualit\u00e9, saveur et confort r\u00e9unis en un seul appareil.<\/span><\/p>","protected":false},"excerpt":{"rendered":"<div class=\"flex-shrink-0 flex flex-col relative items-end\">\n<div class=\"pt-0\">\n<div class=\"gizmo-shadow-stroke flex h-8 w-8 items-center justify-center overflow-hidden rounded-full\">\n<div class=\"h-full w-full\">\n<div class=\"flex-shrink-0 flex flex-col relative items-end\">\n<div class=\"pt-0\">\n<div class=\"gizmo-shadow-stroke flex h-8 w-8 items-center justify-center overflow-hidden rounded-full\">\n<div class=\"h-full w-full\">\n<div class=\"gizmo-shadow-stroke overflow-hidden rounded-full\">\n<div class=\"flex-1 overflow-hidden\">\n<div class=\"h-full\">\n<div class=\"react-scroll-to-bottom--css-nphjn-79elbk h-full\">\n<div class=\"react-scroll-to-bottom--css-nphjn-1n7m0yu\">\n<div class=\"flex flex-col text-sm md:pb-9\">\n<article class=\"w-full scroll-mb-[var(--thread-trailing-height,150px)] text-token-text-primary focus-visible:outline-2 focus-visible:outline-offset-[-4px]\" dir=\"auto\" data-testid=\"conversation-turn-5\" data-scroll-anchor=\"true\">\n<div class=\"m-auto text-base py-[18px] px-3 md:px-4 w-full md:px-5 lg:px-4 xl:px-5\">\n<div class=\"mx-auto flex flex-1 gap-4 text-base md:gap-5 lg:gap-6 md:max-w-3xl lg:max-w-[40rem] xl:max-w-[48rem]\">\n<div class=\"group\/conversation-turn relative flex w-full min-w-0 flex-col agent-turn\">\n<div class=\"flex-col gap-1 md:gap-3\">\n<div class=\"flex max-w-full flex-col flex-grow\">\n<div class=\"min-h-8 text-message flex w-full flex-col items-end gap-2 whitespace-normal break-words [.text-message+&amp;]:mt-5\" dir=\"auto\" data-message-author-role=\"assistant\" data-message-id=\"1982dcee-f0f5-4cfa-a269-fdbaed43d922\" data-message-model-slug=\"gpt-4o\">\n<div class=\"flex w-full flex-col gap-1 empty:hidden first:pt-[3px]\">\n<div class=\"markdown prose w-full break-words dark:prose-invert light\">\n<div class=\"flex-1 overflow-hidden\">\n<div class=\"h-full\">\n<div class=\"react-scroll-to-bottom--css-xrsce-79elbk h-full\">\n<div class=\"react-scroll-to-bottom--css-xrsce-1n7m0yu\">\n<div class=\"flex flex-col text-sm md:pb-9\">\n<article class=\"w-full scroll-mb-[var(--thread-trailing-height,150px)] text-token-text-primary focus-visible:outline-2 focus-visible:outline-offset-[-4px]\" dir=\"auto\" data-testid=\"conversation-turn-5\" data-scroll-anchor=\"true\">\n<div class=\"m-auto text-base py-[18px] px-3 md:px-4 w-full md:px-5 lg:px-4 xl:px-5\">\n<div class=\"mx-auto flex flex-1 gap-4 text-base md:gap-5 lg:gap-6 md:max-w-3xl lg:max-w-[40rem] xl:max-w-[48rem]\">\n<div class=\"group\/conversation-turn relative flex w-full min-w-0 flex-col agent-turn\">\n<div class=\"flex-col gap-1 md:gap-3\">\n<div class=\"flex max-w-full flex-col flex-grow\">\n<div class=\"min-h-8 text-message flex w-full flex-col items-end gap-2 whitespace-normal break-words [.text-message+&amp;]:mt-5\" dir=\"auto\" data-message-author-role=\"assistant\" data-message-id=\"1a0c8d71-a6be-4cc9-b460-deb3e7ecbf47\" data-message-model-slug=\"gpt-4o\">\n<div class=\"flex w-full flex-col gap-1 empty:hidden first:pt-[3px]\">\n<div class=\"markdown prose w-full break-words dark:prose-invert light\">\n<div class=\"flex-1 overflow-hidden\">\n<div class=\"h-full\">\n<div class=\"react-scroll-to-bottom--css-gqbzc-79elbk h-full\">\n<div class=\"react-scroll-to-bottom--css-gqbzc-1n7m0yu\">\n<div class=\"flex flex-col text-sm md:pb-9\">\n<article class=\"w-full scroll-mb-[var(--thread-trailing-height,150px)] text-token-text-primary focus-visible:outline-2 focus-visible:outline-offset-[-4px]\" dir=\"auto\" data-testid=\"conversation-turn-5\" data-scroll-anchor=\"true\">\n<div class=\"m-auto text-base py-[18px] px-3 md:px-4 w-full md:px-5 lg:px-4 xl:px-5\">\n<div class=\"mx-auto flex flex-1 gap-4 text-base md:gap-5 lg:gap-6 md:max-w-3xl lg:max-w-[40rem] xl:max-w-[48rem]\">\n<div class=\"group\/conversation-turn relative flex w-full min-w-0 flex-col agent-turn\">\n<div class=\"flex-col gap-1 md:gap-3\">\n<div class=\"flex max-w-full flex-col flex-grow\">\n<div class=\"min-h-8 text-message flex w-full flex-col items-end gap-2 whitespace-normal break-words [.text-message+&amp;]:mt-5\" dir=\"auto\" data-message-author-role=\"assistant\" data-message-id=\"ca066132-0777-4603-995e-a689971b3380\" data-message-model-slug=\"gpt-4o\">\n<div class=\"flex w-full flex-col gap-1 empty:hidden first:pt-[3px]\">\n<div class=\"markdown prose w-full break-words dark:prose-invert light\">\n<div class=\"flex-1 overflow-hidden @container\/thread\">\n<div class=\"h-full\">\n<div class=\"react-scroll-to-bottom--css-rkqgb-79elbk h-full\">\n<div class=\"react-scroll-to-bottom--css-rkqgb-1n7m0yu\">\n<div class=\"flex flex-col text-sm md:pb-9\">\n<article class=\"w-full scroll-mb-[var(--thread-trailing-height,150px)] text-token-text-primary focus-visible:outline-2 focus-visible:outline-offset-[-4px]\" dir=\"auto\" data-testid=\"conversation-turn-9\" data-scroll-anchor=\"true\">\n<div class=\"m-auto text-base py-[18px] px-3 md:px-4 w-full md:px-5 lg:px-4 xl:px-5\">\n<div class=\"mx-auto flex flex-1 gap-4 text-base md:gap-5 lg:gap-6 md:max-w-3xl lg:max-w-[40rem] xl:max-w-[48rem]\">\n<div class=\"group\/conversation-turn relative flex w-full min-w-0 flex-col agent-turn\">\n<div class=\"flex-col gap-1 md:gap-3\">\n<div class=\"flex max-w-full flex-col flex-grow\">\n<div class=\"min-h-8 text-message flex w-full flex-col items-end gap-2 whitespace-normal break-words text-start [.text-message+&amp;]:mt-5\" dir=\"auto\" data-message-author-role=\"assistant\" data-message-id=\"87137e43-9a3e-4479-90ac-22c23781ee39\" data-message-model-slug=\"gpt-4o\">\n<div class=\"flex w-full flex-col gap-1 empty:hidden first:pt-[3px]\">\n<div class=\"markdown prose w-full break-words dark:prose-invert light\">\n<div class=\"flex-1 overflow-hidden @container\/thread\">\n<div class=\"h-full\">\n<div class=\"react-scroll-to-bottom--css-cgxka-79elbk h-full\">\n<div class=\"react-scroll-to-bottom--css-cgxka-1n7m0yu\">\n<div class=\"flex flex-col text-sm md:pb-9\">\n<article class=\"w-full scroll-mb-[var(--thread-trailing-height,150px)] text-token-text-primary focus-visible:outline-2 focus-visible:outline-offset-[-4px]\" dir=\"auto\" data-testid=\"conversation-turn-5\" data-scroll-anchor=\"true\">\n<div class=\"m-auto text-base py-[18px] px-3 md:px-4 w-full md:px-5 lg:px-4 xl:px-5\">\n<div class=\"mx-auto flex flex-1 gap-4 text-base md:gap-5 lg:gap-6 md:max-w-3xl lg:max-w-[40rem] xl:max-w-[48rem]\">\n<div class=\"group\/conversation-turn relative flex w-full min-w-0 flex-col agent-turn\">\n<div class=\"flex-col gap-1 md:gap-3\">\n<div class=\"flex max-w-full flex-col flex-grow\">\n<div class=\"min-h-8 text-message flex w-full flex-col items-end gap-2 whitespace-normal break-words text-start [.text-message+&amp;]:mt-5\" dir=\"auto\" data-message-author-role=\"assistant\" data-message-id=\"e1e13d20-b396-4dc4-abdf-40facc05c4de\" data-message-model-slug=\"gpt-4o\">\n<div class=\"flex w-full flex-col gap-1 empty:hidden first:pt-[3px]\">\n<div class=\"markdown prose w-full break-words dark:prose-invert light\">\n<article class=\"w-full text-token-text-primary focus-visible:outline-2 focus-visible:outline-offset-[-4px]\" dir=\"auto\" data-testid=\"conversation-turn-5\" data-scroll-anchor=\"true\">\n<div class=\"m-auto text-base py-[18px] px-6\">\n<div class=\"mx-auto flex flex-1 text-base gap-4 md:gap-5 lg:gap-6 md:max-w-3xl lg:max-w-[40rem] xl:max-w-[48rem]\">\n<div class=\"group\/conversation-turn relative flex w-full min-w-0 flex-col agent-turn @xs\/thread:px-0 @sm\/thread:px-1.5 @md\/thread:px-4\">\n<div class=\"flex-col gap-1 md:gap-3\">\n<div class=\"flex max-w-full flex-col flex-grow\">\n<div class=\"min-h-8 text-message relative flex w-full flex-col items-end gap-2 whitespace-normal break-words text-start [.text-message+&amp;]:mt-5\" dir=\"auto\" data-message-author-role=\"assistant\" data-message-id=\"51763e35-51b7-4975-b502-ef0fa0dda04b\" data-message-model-slug=\"gpt-4o\">\n<div class=\"flex w-full flex-col gap-1 empty:hidden first:pt-[3px]\">\n<div class=\"markdown prose w-full break-words dark:prose-invert light\">\n<article class=\"w-full text-token-text-primary focus-visible:outline-2 focus-visible:outline-offset-[-4px]\" dir=\"auto\" data-testid=\"conversation-turn-5\" data-scroll-anchor=\"true\">\n<div class=\"m-auto text-base py-[18px] px-6\">\n<div class=\"mx-auto flex flex-1 text-base gap-4 md:gap-5 lg:gap-6 md:max-w-3xl lg:max-w-[40rem] xl:max-w-[48rem]\">\n<div class=\"group\/conversation-turn relative flex w-full min-w-0 flex-col agent-turn @xs\/thread:px-0 @sm\/thread:px-1.5 @md\/thread:px-4\">\n<div class=\"flex-col gap-1 md:gap-3\">\n<div class=\"flex max-w-full flex-col flex-grow\">\n<div class=\"min-h-8 text-message relative flex w-full flex-col items-end gap-2 whitespace-normal break-words text-start [.text-message+&amp;]:mt-5\" dir=\"auto\" data-message-author-role=\"assistant\" data-message-id=\"4c754a9a-1709-446b-b871-9b2c9925ba9e\" data-message-model-slug=\"gpt-4o\">\n<div class=\"flex w-full flex-col gap-1 empty:hidden first:pt-[3px]\">\n<div class=\"markdown prose w-full break-words dark:prose-invert light\">\n<p data-start=\"0\" data-end=\"341\" data-is-last-node=\"\" data-is-only-node=\"\">La<strong> Vozol Gear 10000 Z\u00fcge \n\n becomes \n\nVozol Gear 10000 tir\u00e9es<\/strong> Les cigarettes \u00e9lectroniques jetables sont des appareils de vape puissants et faciles \u00e0 utiliser avec 16 ml de liquide, 5 % de nicotine, jusqu'\u00e0 10 000 bouff\u00e9es et des saveurs intenses aux fruits tropicaux - disponibles exclusivement sur alfakherwelt.de.<\/p>\n<\/div>\n<\/div>\n<\/div>\n<\/div>\n<\/div>\n<\/div>\n<\/div>\n<\/div>\n<\/article>\n<\/div>\n<\/div>\n<\/div>\n<\/div>\n<\/div>\n<\/div>\n<\/div>\n<\/div>\n<\/article>\n<\/div>\n<\/div>\n<\/div>\n<\/div>\n<\/div>\n<\/div>\n<\/div>\n<\/div>\n<\/article>\n<\/div>\n<\/div>\n<\/div>\n<\/div>\n<\/div>\n<\/div>\n<\/div>\n<\/div>\n<\/div>\n<\/div>\n<\/div>\n<\/div>\n<\/div>\n<\/article>\n<\/div>\n<\/div>\n<\/div>\n<\/div>\n<\/div>\n<\/div>\n<\/div>\n<\/div>\n<\/div>\n<\/div>\n<\/div>\n<\/div>\n<\/div>\n<\/article>\n<\/div>\n<\/div>\n<\/div>\n<\/div>\n<\/div>\n<\/div>\n<\/div>\n<\/div>\n<\/div>\n<\/div>\n<\/div>\n<\/div>\n<\/div>\n<\/article>\n<\/div>\n<\/div>\n<\/div>\n<\/div>\n<\/div>\n<\/div>\n<\/div>\n<\/div>\n<\/div>\n<\/div>\n<\/div>\n<\/div>\n<\/div>\n<\/article>\n<\/div>\n<\/div>\n<\/div>\n<\/div>\n<\/div>\n<\/div>\n<\/div>\n<\/div>\n<\/div>\n<\/div>\n<\/div>\n<\/div>\n<\/div>\n<\/div>","protected":false},"featured_media":3023,"comment_status":"open","ping_status":"closed","template":"","meta":[],"product_brand":[],"product_cat":[120],"product_tag":[],"class_list":{"0":"post-3022","1":"product","2":"type-product","3":"status-publish","4":"has-post-thumbnail","6":"product_cat-vozol-gear-10000","8":"first","9":"outofstock","10":"sale","11":"shipping-taxable","12":"purchasable","13":"product-type-simple"},"jetpack_sharing_enabled":true,"_links":{"self":[{"href":"https:\/\/alfakherwelt.de\/fr\/wp-json\/wp\/v2\/product\/3022","targetHints":{"allow":["GET"]}}],"collection":[{"href":"https:\/\/alfakherwelt.de\/fr\/wp-json\/wp\/v2\/product"}],"about":[{"href":"https:\/\/alfakherwelt.de\/fr\/wp-json\/wp\/v2\/types\/product"}],"replies":[{"embeddable":true,"href":"https:\/\/alfakherwelt.de\/fr\/wp-json\/wp\/v2\/comments?post=3022"}],"wp:featuredmedia":[{"embeddable":true,"href":"https:\/\/alfakherwelt.de\/fr\/wp-json\/wp\/v2\/media\/3023"}],"wp:attachment":[{"href":"https:\/\/alfakherwelt.de\/fr\/wp-json\/wp\/v2\/media?parent=3022"}],"wp:term":[{"taxonomy":"product_brand","embeddable":true,"href":"https:\/\/alfakherwelt.de\/fr\/wp-json\/wp\/v2\/product_brand?post=3022"},{"taxonomy":"product_cat","embeddable":true,"href":"https:\/\/alfakherwelt.de\/fr\/wp-json\/wp\/v2\/product_cat?post=3022"},{"taxonomy":"product_tag","embeddable":true,"href":"https:\/\/alfakherwelt.de\/fr\/wp-json\/wp\/v2\/product_tag?post=3022"}],"curies":[{"name":"wp","href":"https:\/\/api.w.org\/{rel}","templated":true}]}}