{"id":291,"date":"2024-09-04T02:18:59","date_gmt":"2024-09-04T02:18:59","guid":{"rendered":"https:\/\/alfakherwelt.de\/?post_type=product&#038;p=291"},"modified":"2025-05-12T06:57:02","modified_gmt":"2025-05-12T06:57:02","slug":"al-fakher-crown-bar-8000-bouffees-cigarette-electronique-jetable-punch-aux-fraises-2","status":"publish","type":"product","link":"https:\/\/alfakherwelt.de\/fr\/produit\/al-fakher-crown-bar-8000-bouffees-cigarette-electronique-jetable-punch-aux-fraises-2\/","title":{"rendered":"AL Fakher Crown Bar 8000 tirages cigarette \u00e9lectronique jetable - Strawberry Punch"},"content":{"rendered":"<div style=\"width: 360px;\" class=\"wp-video\"><video class=\"wp-video-shortcode\" id=\"video-291-1\" width=\"360\" height=\"640\" preload=\"metadata\" controls=\"controls\"><source type=\"video\/mp4\" src=\"https:\/\/alfakherwelt.de\/wp-content\/uploads\/2024\/09\/AL-Fakher-Vape-Berry-Mint.mp4?_=1\" \/><a href=\"https:\/\/alfakherwelt.de\/wp-content\/uploads\/2024\/09\/AL-Fakher-Vape-Berry-Mint.mp4\">https:\/\/alfakherwelt.de\/wp-content\/uploads\/2024\/09\/AL-Fakher-Vape-Berry-Mint.mp4<\/a><\/video><\/div>\n<h2><a href=\"https:\/\/alfakherwelt.de\/fr\/\">AL Fakher<\/a> Crown Bar 8000 Z\u00fcge \n\nbecomes \n\nCrown Bar 8000 tirages <a href=\"https:\/\/alfakherwelt.de\/fr\/\">Cigarette \u00e9lectronique jetable<\/a> Punch aux Fraises : Le Choix Parfait pour les Gourmets<\/h2>\n<p>Le <a href=\"https:\/\/alfakherwelt.de\/fr\/categorie-de-produit\/barre-de-couronne-al-fakher-8000\/\"><strong>AL Fakher Crown Bar 8000 tir\u00e9es<\/strong><\/a> n'est pas seulement un vape jetable, mais une exp\u00e9rience luxueuse qui reprend la tradition de la culture du narguil\u00e9 et l'interpr\u00e8te de mani\u00e8re moderne. Avec son design \u00e9l\u00e9gant, sa grande convivialit\u00e9 et une s\u00e9lection impressionnante de saveurs, ce vape repr\u00e9sente un excellent choix pour quiconque cherche une exp\u00e9rience de vapotage intense et pourtant sans complication.<\/p>\n<h2>Esth\u00e9tique et portabilit\u00e9<\/h2>\n<p>La AL Fakher Crown Bar 8000 tirages se distingue par son design noble, \u00e0 la fois esth\u00e9tiquement agr\u00e9able et fonctionnel. Le marquage grav\u00e9 de la marque et le design color\u00e9 et \u00e9l\u00e9gant font de ce vape un v\u00e9ritable objet de curiosit\u00e9 qui attire l'attention partout. Malgr\u00e9 sa construction l\u00e9g\u00e8re et compacte, il se tient agr\u00e9ablement dans la main et rentre sans probl\u00e8me dans n'importe quelle poche, ce qui le rend id\u00e9al pour une utilisation mobile. L'embout buccal allong\u00e9 prot\u00e8ge les l\u00e8vres et assure une exp\u00e9rience de vapotage confortable, m\u00eame en cas d'utilisation prolong\u00e9e. Des mat\u00e9riaux de haute qualit\u00e9 garantissent une construction robuste qui r\u00e9siste sans probl\u00e8me \u00e0 de petites chutes.<\/p>\n<h2>Manipulation facile et durabilit\u00e9<\/h2>\n<p>Un des plus grands avantages du <a href=\"https:\/\/alfakherwelt.de\/fr\/categorie-de-produit\/barre-de-couronne-al-fakher-8000\/\"><strong>AL Fakher Crown Bar 8000 tir\u00e9es<\/strong><\/a> c'est son extraordinaire convivialit\u00e9. Le syst\u00e8me activ\u00e9 par tirage rend la vape simple et sans complication - il suffit de le mettre et de profiter. La batterie int\u00e9gr\u00e9e de 600mAh est rechargeable et assure, en combinaison avec la prise de type C, une charge rapide et pratique. Avec une seule charge, vous pouvez profiter jusqu'\u00e0 8000 tirages sans avoir \u00e0 vous soucier d'une interruption.<\/p>\n<p>Les e-liquides de nicotine pr\u00e9remplis de 18 ml contiennent 5,1 % de nicotine (50 mg), ce qui procure une exp\u00e9rience intense et durable. Lorsque l'e-liquide est presque \u00e9puis\u00e9, une lumi\u00e8re clignotante signale qu'il est temps de le remplacer. Cette fonctionnalit\u00e9 bien pens\u00e9e garantit que vous \u00eates toujours inform\u00e9 et que vous pouvez profiter pleinement de votre exp\u00e9rience de vapotage.<\/p>\n<h2>Saveurs : Un paradis pour les sens<\/h2>\n<p>La v\u00e9ritable force de l'AL Fakher Crown Bar 8000 tirades r\u00e9side dans sa diversit\u00e9 de saveurs. Celles-ci sont soigneusement compos\u00e9es pour offrir une exp\u00e9rience gustative intense et pourtant \u00e9quilibr\u00e9e, qui ravit \u00e9galement les amateurs les plus exigeants.<\/p>\n<h3>Punch aux fraises<\/h3>\n<p>Le <strong>Punch aux fraises<\/strong> est une explosion de saveur qui capture parfaitement la douceur et la fra\u00eecheur des fraises m\u00fbres. D\u00e8s la premi\u00e8re bouff\u00e9e, un ar\u00f4me intense se d\u00e9ploie, rappelant la d\u00e9gustation de fraises fra\u00eeches qui viennent d'\u00eatre cueillies dans le champ. La douceur naturelle est compl\u00e9t\u00e9e par des notes subtiles et acidul\u00e9es qui assurent un \u00e9quilibre parfait et arrondissent la saveur. Cette combinaison fait du Strawberry Punch un favori pour tous ceux qui appr\u00e9cient les ar\u00f4mes fruit\u00e9s et recherchent un kick sucr\u00e9 et rafra\u00eechissant.<\/p>\n<p>Vaporiser cette saveur est comme une excursion dans une prairie ensoleill\u00e9e de fraises - une exp\u00e9rience qui g\u00e2te les sens et fait oublier la vie quotidienne. C'est le choix parfait pour tous ceux qui recherchent une saveur fruit\u00e9e mais n\u00e9anmoins naturelle, qui n'est pas trop \u00e9crasante, mais qui offre exactement l'intensit\u00e9 qu'il faut.<\/p>\n<h2>Donn\u00e9es techniques en aper\u00e7u<\/h2>\n<ul>\n<li><strong>18 ml de liquide \u00e9lectronique pr\u00e9rempli :<\/strong> Avec un volume de remplissage g\u00e9n\u00e9reux, l'AL Fakher Crown Bar assure une longue dur\u00e9e de plaisir sans rechargement fr\u00e9quent.<\/li>\n<li><strong>0,5 % (5 mg) de nicotine :<\/strong> La teneur \u00e9lev\u00e9e en nicotine offre une sensation de nicotine satisfaisante qui satisfait \u00e9galement les vapoteurs exp\u00e9riment\u00e9s.<\/li>\n<li><strong>Batterie rechargeable de 600 mAh :<\/strong> La long\u00e9vit\u00e9 et la fiabilit\u00e9 sont garanties par une batterie robuste qui permet un nombre impressionnant de tirages.<\/li>\n<li><strong>environ 8 000 trains<\/strong> Un seul appareil offre jusqu'\u00e0 8 000 tirages, ce qui en fait un choix \u00e9conomique et pratique.<\/li>\n<li><strong>Connecteur de type C (c\u00e2ble non inclus) :<\/strong> Le chargement rapide et facile est assur\u00e9 par le connecteur moderne de type C.<\/li>\n<li><strong>Activ\u00e9 par traction :<\/strong> Aucune pression de bouton requise - simplement tirer et profiter de la vapeur.<\/li>\n<li><strong>DTL-Vaping<\/strong> Pour les amateurs de tirage direct aux poumons, l'AL Fakher Crown Bar offre une exp\u00e9rience de vape intense et satisfaisante.<\/li>\n<\/ul>\n<h2><img loading=\"lazy\" decoding=\"async\" class=\"alignnone wp-image-293 size-full\" src=\"https:\/\/alfakherwelt.de\/wp-content\/uploads\/2024\/09\/Strawberry_Punch_8000.webp\" alt=\"AL Fakher Crown Bar 8000 tirages cigarette \u00e9lectronique jetable Strawberry Punch\" width=\"990\" height=\"990\" title=\"\" srcset=\"https:\/\/alfakherwelt.de\/wp-content\/uploads\/2024\/09\/Strawberry_Punch_8000.webp 990w, https:\/\/alfakherwelt.de\/wp-content\/uploads\/2024\/09\/Strawberry_Punch_8000-300x300.webp 300w, https:\/\/alfakherwelt.de\/wp-content\/uploads\/2024\/09\/Strawberry_Punch_8000-150x150.webp 150w, https:\/\/alfakherwelt.de\/wp-content\/uploads\/2024\/09\/Strawberry_Punch_8000-768x768.webp 768w, https:\/\/alfakherwelt.de\/wp-content\/uploads\/2024\/09\/Strawberry_Punch_8000-600x600.webp 600w, https:\/\/alfakherwelt.de\/wp-content\/uploads\/2024\/09\/Strawberry_Punch_8000-100x100.webp 100w\" sizes=\"auto, (max-width: 990px) 100vw, 990px\" \/><\/h2>\n<h2>Pourquoi vous le <a href=\"https:\/\/alfakherwelt.de\/fr\/categorie-de-produit\/barre-de-couronne-al-fakher-8000\/\">AL Fakher Crown Bar 8000 tir\u00e9es<\/a> devraient acheter<\/h2>\n<p>Le AL Fakher Crown Bar 8000 tirages offre non seulement une solution pratique et portable pour votre exp\u00e9rience de vape, mais \u00e9galement une multitude de fonctionnalit\u00e9s qui en font un choix exceptionnel. Voici quelques raisons pour lesquelles vous devriez choisir ce Vape jetable <a href=\"https:\/\/alfakherwelt.de\/fr\/\"><strong>alfakherwelt.de<\/strong><\/a> devraient acheter :<\/p>\n<ol>\n<li><strong>Confort maximal :<\/strong> Manipulation facile gr\u00e2ce au syst\u00e8me activ\u00e9 par tiraille et \u00e0 la batterie rechargeable.<\/li>\n<li><strong>Plaisir durable<\/strong> Jusqu'\u00e0 8 000 trains sans interruption.<\/li>\n<li><strong>Vari\u00e9t\u00e9 de saveurs :<\/strong> Une s\u00e9lection impressionnante de saveurs qui ravit tous les palais.<\/li>\n<li><strong>Portabilit\u00e9 et style :<\/strong> Un design stylis\u00e9 qui procure \u00e9galement du plaisir en d\u00e9placement.<\/li>\n<li><strong>Haute qualit\u00e9:<\/strong> Construction robuste \u00e0 partir de mat\u00e9riaux de haute qualit\u00e9, garantissant la durabilit\u00e9 et la fiabilit\u00e9.<\/li>\n<\/ol>\n<p>La AL Fakher Crown Bar 8000 tirages est le choix parfait pour tous ceux qui recherchent une exp\u00e9rience de vape intense mais simple. Que vous soyez d\u00e9butant ou vapoteur exp\u00e9riment\u00e9, cet appareil offre tout ce dont vous avez besoin pour profiter de votre exp\u00e9rience de vape.<\/p>\n<p>Ne manquez pas l'occasion de d\u00e9couvrir ce produit exceptionnel - visitez <a href=\"https:\/\/alfakherwelt.de\/fr\/\"><strong>alfakherwelt.de<\/strong><\/a> et commandez encore aujourd'hui !<\/p>","protected":false},"excerpt":{"rendered":"<div class=\"flex-shrink-0 flex flex-col relative items-end\">\n<div class=\"pt-0\">\n<div class=\"gizmo-shadow-stroke flex h-8 w-8 items-center justify-center overflow-hidden rounded-full\">\n<div class=\"h-full w-full\">La AL Fakher Crown Bar 8000 tirades est une cigarette \u00e9lectronique jetable \u00e9l\u00e9gante et puissante qui offre une exp\u00e9rience de vapotage haut de gamme avec son design \u00e9l\u00e9gant, sa facilit\u00e9 d'utilisation et une vari\u00e9t\u00e9 d'ar\u00f4mes intenses.<\/div>\n<\/div>\n<\/div>\n<\/div>","protected":false},"featured_media":292,"comment_status":"open","ping_status":"closed","template":"","meta":[],"product_brand":[],"product_cat":[15],"product_tag":[],"class_list":{"0":"post-291","1":"product","2":"type-product","3":"status-publish","4":"has-post-thumbnail","6":"product_cat-al-fakher-crown-bar-8000","8":"first","9":"outofstock","10":"sale","11":"shipping-taxable","12":"purchasable","13":"product-type-simple"},"jetpack_sharing_enabled":true,"_links":{"self":[{"href":"https:\/\/alfakherwelt.de\/fr\/wp-json\/wp\/v2\/product\/291","targetHints":{"allow":["GET"]}}],"collection":[{"href":"https:\/\/alfakherwelt.de\/fr\/wp-json\/wp\/v2\/product"}],"about":[{"href":"https:\/\/alfakherwelt.de\/fr\/wp-json\/wp\/v2\/types\/product"}],"replies":[{"embeddable":true,"href":"https:\/\/alfakherwelt.de\/fr\/wp-json\/wp\/v2\/comments?post=291"}],"wp:featuredmedia":[{"embeddable":true,"href":"https:\/\/alfakherwelt.de\/fr\/wp-json\/wp\/v2\/media\/292"}],"wp:attachment":[{"href":"https:\/\/alfakherwelt.de\/fr\/wp-json\/wp\/v2\/media?parent=291"}],"wp:term":[{"taxonomy":"product_brand","embeddable":true,"href":"https:\/\/alfakherwelt.de\/fr\/wp-json\/wp\/v2\/product_brand?post=291"},{"taxonomy":"product_cat","embeddable":true,"href":"https:\/\/alfakherwelt.de\/fr\/wp-json\/wp\/v2\/product_cat?post=291"},{"taxonomy":"product_tag","embeddable":true,"href":"https:\/\/alfakherwelt.de\/fr\/wp-json\/wp\/v2\/product_tag?post=291"}],"curies":[{"name":"wp","href":"https:\/\/api.w.org\/{rel}","templated":true}]}}