{"id":2841,"date":"2025-04-03T06:52:54","date_gmt":"2025-04-03T06:52:54","guid":{"rendered":"https:\/\/alfakherwelt.de\/?post_type=product&#038;p=2841"},"modified":"2025-09-04T05:54:06","modified_gmt":"2025-09-04T05:54:06","slug":"vozol-gear-power-20000-cartouche-e-cigarette-jetable-mangue-pineapple-pamplemousse","status":"publish","type":"product","link":"https:\/\/alfakherwelt.de\/fr\/produit\/vozol-gear-power-20000-cartouche-e-cigarette-jetable-mangue-pineapple-pamplemousse\/","title":{"rendered":"Vozol Gear Power 20000 tirages cigarette \u00e9lectronique jetable - Mangue ananas pamplemousse"},"content":{"rendered":"<div style=\"width: 888px;\" class=\"wp-video\"><video class=\"wp-video-shortcode\" id=\"video-2841-1\" width=\"888\" height=\"498\" preload=\"metadata\" controls=\"controls\"><source type=\"video\/mp4\" src=\"https:\/\/alfakherwelt.de\/wp-content\/uploads\/2025\/04\/VOZOL-GEAR-POWER-20000.mp4?_=1\" \/><a href=\"https:\/\/alfakherwelt.de\/wp-content\/uploads\/2025\/04\/VOZOL-GEAR-POWER-20000.mp4\">https:\/\/alfakherwelt.de\/wp-content\/uploads\/2025\/04\/VOZOL-GEAR-POWER-20000.mp4<\/a><\/video><\/div>\n<h3 data-start=\"128\" data-end=\"150\">Description du produit<\/h3>\n<p class=\"\" data-start=\"152\" data-end=\"309\"><span class=\"relative -mx-px my-[-0.2rem] rounded-sm px-px py-[0.2rem]\">La Vozol Gear Power 20000 red\u00e9finit la vape en combinant des fonctionnalit\u00e9s avanc\u00e9es avec une conception conviviale.<\/span> <span class=\"relative -mx-px my-[-0.2rem] rounded-sm px-px py-[0.2rem]\">\u00c9quip\u00e9 de la technologie innovante S.i.L.C., cet appareil garantit des tirages uniformes et doux, offrant une exp\u00e9rience satisfaisante \u00e0 chaque fois.<\/span> <span class=\"relative -mx-px my-[-0.2rem] rounded-sm px-px py-[0.2rem]\">Les modes de double puissance permettent aux utilisateurs de choisir entre le mode Eco avec jusqu'\u00e0 20 000 bouff\u00e9es et le mode Power avec jusqu'\u00e0 12 000 bouff\u00e9es, vous permettant de personnaliser votre exp\u00e9rience de vapotage.<\/span>Il semble qu'il n'y ait pas de texte \u00e0 traduire. Veuillez fournir le texte allemand que vous souhaitez que je traduise en fran\u00e7ais.<\/p>\n<p class=\"\" data-start=\"311\" data-end=\"510\"><span class=\"relative -mx-px my-[-0.2rem] rounded-sm px-px py-[0.2rem]\">Une caract\u00e9ristique remarquable est l'affichage g\u00e9n\u00e9reux en plein \u00e9cran qui fournit des informations en temps r\u00e9el sur l'\u00e9tat de la batterie et le compteur de trajet.<\/span> <span class=\"relative -mx-px my-[-0.2rem] rounded-sm px-px py-[0.2rem]\">Cela garantit que vous \u00eates toujours inform\u00e9 de l'\u00e9tat de votre appareil.<\/span> <span class=\"relative -mx-px my-[-0.2rem] rounded-sm px-px py-[0.2rem]\">La batterie de 650 mAh est rechargeable et permet une utilisation prolong\u00e9e sans recharge fr\u00e9quente.<\/span> <span class=\"relative -mx-px my-[-0.2rem] rounded-sm px-px py-[0.2rem]\">Avec 20 ml de e-liquide pr\u00e9rempli et une concentration en nicotine de 5 % (50 mg), le Vozol Gear Power 20000 offre une exp\u00e9rience de vapotage intense et satisfaisante.<\/span><\/p>\n<h3 data-start=\"512\" data-end=\"528\">Principales caract\u00e9ristiques<\/h3>\n<ul data-start=\"530\" data-end=\"1204\">\n<li class=\"\" data-start=\"530\" data-end=\"643\">\n<p class=\"\" data-start=\"532\" data-end=\"643\"><strong data-start=\"532\" data-end=\"556\">Technologie S.i.L.C.<\/strong>: <span class=\"relative -mx-px my-[-0.2rem] rounded-sm px-px py-[0.2rem]\">Veiller \u00e0 ce que les traits soient r\u00e9guliers, propres et coh\u00e9rents.<\/span>Il semble qu'il n'y ait pas de texte \u00e0 traduire. Veuillez fournir le texte allemand que vous souhaitez que je traduise en fran\u00e7ais.<\/p>\n<\/li>\n<li class=\"\" data-start=\"644\" data-end=\"752\">\n<p class=\"\" data-start=\"646\" data-end=\"752\"><strong data-start=\"646\" data-end=\"665\">Modes de double puissance<\/strong>: <span class=\"relative -mx-px my-[-0.2rem] rounded-sm px-px py-[0.2rem]\">Choisissez entre le mode Eco (jusqu'\u00e0 20 000 bouff\u00e9es) et le mode Power (jusqu'\u00e0 12 000 bouff\u00e9es) pour une exp\u00e9rience de vape personnalis\u00e9e.<\/span>Il semble qu'il n'y ait pas de texte \u00e0 traduire. Veuillez fournir le texte allemand que vous souhaitez que je traduise en fran\u00e7ais.<\/p>\n<\/li>\n<li class=\"\" data-start=\"753\" data-end=\"867\">\n<p class=\"\" data-start=\"755\" data-end=\"867\"><strong data-start=\"755\" data-end=\"780\">Syst\u00e8me de bobine double maille<\/strong>: <span class=\"relative -mx-px my-[-0.2rem] rounded-sm px-px py-[0.2rem]\">Am\u00e9liore l'intensit\u00e9 du go\u00fbt et la production de vapeur pour un ar\u00f4me riche.<\/span>Il semble qu'il n'y ait pas de texte \u00e0 traduire. Veuillez fournir le texte allemand que vous souhaitez que je traduise en fran\u00e7ais.<\/p>\n<\/li>\n<li class=\"\" data-start=\"868\" data-end=\"977\">\n<p class=\"\" data-start=\"870\" data-end=\"977\"><strong data-start=\"870\" data-end=\"890\">Affichage plein \u00e9cran<\/strong>: <span class=\"relative -mx-px my-[-0.2rem] rounded-sm px-px py-[0.2rem]\">Offre des mises \u00e0 jour en temps r\u00e9el sur la dur\u00e9e de vie et l'utilisation de la batterie, afin que vous soyez toujours inform\u00e9.<\/span>Il semble qu'il n'y ait pas de texte \u00e0 traduire. Veuillez fournir le texte allemand que vous souhaitez que je traduise en fran\u00e7ais.<\/p>\n<\/li>\n<li class=\"\" data-start=\"978\" data-end=\"1098\">\n<p class=\"\" data-start=\"980\" data-end=\"1098\"><strong data-start=\"980\" data-end=\"1011\">20 ml de liquide \u00e9lectronique pr\u00e9rempli<\/strong>: <span class=\"relative -mx-px my-[-0.2rem] rounded-sm px-px py-[0.2rem]\">Offre une satisfaction longue dur\u00e9e avec une intensit\u00e9 de nicotine de 5 % (50 mg).<\/span>Il semble qu'il n'y ait pas de texte \u00e0 traduire. Veuillez fournir le texte allemand que vous souhaitez que je traduise en fran\u00e7ais.<\/p>\n<\/li>\n<li class=\"\" data-start=\"1099\" data-end=\"1204\">\n<p class=\"\" data-start=\"1101\" data-end=\"1204\"><strong data-start=\"1101\" data-end=\"1117\">Batterie de 650 mAh<\/strong>: <span class=\"relative -mx-px my-[-0.2rem] rounded-sm px-px py-[0.2rem]\">Rechargeable via une prise de charge de type C pour une charge rapide et pratique.<\/span>Il semble qu'il n'y ait pas de texte \u00e0 traduire. Veuillez fournir le texte allemand que vous souhaitez que je traduise en fran\u00e7ais.<\/p>\n<\/li>\n<\/ul>\n<h3 data-start=\"1206\" data-end=\"1249\">Pourquoi les <a href=\"https:\/\/alfakherwelt.de\/fr\/categorie-de-produit\/request-failed-with-status-code-588\/\">Vozol Gear Power 20000<\/a> Choisir ?<\/h3>\n<p class=\"\" data-start=\"1251\" data-end=\"1416\"><span class=\"relative -mx-px my-[-0.2rem] rounded-sm px-px py-[0.2rem]\">La Vozol Gear Power 20000 combine une technologie de pointe avec une capacit\u00e9 \u00e9lev\u00e9e et une facilit\u00e9 d'utilisation, ce qui en fait le choix id\u00e9al pour les vapoteurs recherchant une durabilit\u00e9, des fonctionnalit\u00e9s intelligentes et une saveur exceptionnelle.<\/span> <span class=\"relative -mx-px my-[-0.2rem] rounded-sm px-px py-[0.2rem]\">Avec les modes Dual Power, l'affichage en plein \u00e9cran et le syst\u00e8me de bobine am\u00e9lior\u00e9, cet appareil offre une exp\u00e9rience optimis\u00e9e adapt\u00e9e \u00e0 vos pr\u00e9f\u00e9rences.<\/span> <span class=\"relative -mx-px my-[-0.2rem] rounded-sm px-px py-[0.2rem]\">Le design \u00e9l\u00e9gant et ergonomique assure en outre le confort et le style \u00e0 chaque utilisation.<\/span><\/p>\n<p class=\"\" data-start=\"1251\" data-end=\"1416\"><img loading=\"lazy\" decoding=\"async\" class=\"alignnone wp-image-2845 size-full\" src=\"https:\/\/alfakherwelt.de\/wp-content\/uploads\/2025\/04\/Vozol-gear-power-20000-8-scaled.webp\" alt=\"Vozol Gear Power 20000 Z\u00fcge Einweg E Zigarette - Mangue ananas pamplemousse\" width=\"2560\" height=\"1471\" title=\"\" srcset=\"https:\/\/alfakherwelt.de\/wp-content\/uploads\/2025\/04\/Vozol-gear-power-20000-8-scaled.webp 2560w, https:\/\/alfakherwelt.de\/wp-content\/uploads\/2025\/04\/Vozol-gear-power-20000-8-300x172.webp 300w, https:\/\/alfakherwelt.de\/wp-content\/uploads\/2025\/04\/Vozol-gear-power-20000-8-1024x588.webp 1024w, https:\/\/alfakherwelt.de\/wp-content\/uploads\/2025\/04\/Vozol-gear-power-20000-8-768x441.webp 768w, https:\/\/alfakherwelt.de\/wp-content\/uploads\/2025\/04\/Vozol-gear-power-20000-8-1536x883.webp 1536w, https:\/\/alfakherwelt.de\/wp-content\/uploads\/2025\/04\/Vozol-gear-power-20000-8-2048x1177.webp 2048w, https:\/\/alfakherwelt.de\/wp-content\/uploads\/2025\/04\/Vozol-gear-power-20000-8-18x10.webp 18w, https:\/\/alfakherwelt.de\/wp-content\/uploads\/2025\/04\/Vozol-gear-power-20000-8-600x345.webp 600w\" sizes=\"auto, (max-width: 2560px) 100vw, 2560px\" \/>Il semble qu'il n'y ait pas de texte \u00e0 traduire. Veuillez fournir le texte allemand que vous souhaitez que je traduise en fran\u00e7ais.<\/p>\n<h3 data-start=\"1418\" data-end=\"1452\">Saveurs disponibles<\/h3>\n<p class=\"\" data-start=\"1454\" data-end=\"1539\"><span class=\"relative -mx-px my-[-0.2rem] rounded-sm px-px py-[0.2rem]\">La Vozol Gear Power 20000 offre une vari\u00e9t\u00e9 de saveurs exquises qui raviront tous les vapoteurs :<\/span>Il semble qu'il n'y ait pas de texte \u00e0 traduire. Veuillez fournir le texte allemand que vous souhaitez que je traduise en fran\u00e7ais.<\/p>\n<p class=\"\" data-start=\"1544\" data-end=\"1658\"><strong data-start=\"1544\" data-end=\"1571\">Mango Ananas Pamplemousse<\/strong>: <span class=\"relative -mx-px my-[-0.2rem] rounded-sm px-px py-[0.2rem]\">Un m\u00e9lange tropical compos\u00e9 de mangue sucr\u00e9e, d'ananas juteux et de pamplemousse p\u00e9tillant. La mangue sucr\u00e9e forme la base, tandis que l'ananas ajoute une note juteuse et le pamplemousse avec son acidit\u00e9 l\u00e9g\u00e8re compl\u00e8te l'exp\u00e9rience gustative.<\/span>\u200b\n\u200b<\/p>\n<h3 data-start=\"2089\" data-end=\"2122\">Foire aux questions (FAQ)<\/h3>\n<p class=\"\" data-start=\"2124\" data-end=\"2175\"><strong data-start=\"2124\" data-end=\"2175\">Le Vozol Gear Power 20000 est-il rechargeable ?<\/strong><\/p>\n<p class=\"\" data-start=\"2177\" data-end=\"2262\"><span class=\"relative -mx-px my-[-0.2rem] rounded-sm px-px py-[0.2rem]\">Oui, l'appareil est \u00e9quip\u00e9 d'une batterie de 650 mAh qui peut \u00eatre recharg\u00e9e rapidement et facilement via une prise de type C.<\/span>Il semble qu'il n'y ait pas de texte \u00e0 traduire. Veuillez fournir le texte allemand que vous souhaitez que je traduise en fran\u00e7ais.<\/p>\n<p class=\"\" data-start=\"2264\" data-end=\"2312\"><strong data-start=\"2264\" data-end=\"2312\">Comment choisir entre le mode Eco et le mode Power ?<\/strong><\/p>\n<p class=\"\" data-start=\"2314\" data-end=\"2399\"><span class=\"relative -mx-px my-[-0.2rem] rounded-sm px-px py-[0.2rem]\">L'appareil vous permet de passer de l'un \u00e0 l'autre des deux modes, en fonction du nombre de trains et de l'intensit\u00e9 souhait\u00e9s.<\/span>Il semble qu'il n'y ait pas de texte \u00e0 traduire. Veuillez fournir le texte allemand que vous souhaitez que je traduise en fran\u00e7ais.<\/p>\n<p class=\"\" data-start=\"2401\" data-end=\"2443\"><strong data-start=\"2401\" data-end=\"2443\">Quelle est la concentration en nicotine de l'e-liquide ?<\/strong><\/p>\n<p class=\"\" data-start=\"2445\" data-end=\"2530\"><span class=\"relative -mx-px my-[-0.2rem] rounded-sm px-px py-[0.2rem]\">Le e-liquide pr\u00e9rempli a une concentration en nicotine de 5 % (50 mg), ce qui offre une exp\u00e9rience de vapotage intense et satisfaisante.<\/span>Il semble qu'il n'y ait pas de texte \u00e0 traduire. Veuillez fournir le texte allemand que vous souhaitez que je traduise en fran\u00e7ais.<\/p>\n<p class=\"\" data-start=\"2532\" data-end=\"2584\"><strong data-start=\"2532\" data-end=\"2584\">O\u00f9 puis-je acheter le Vozol Gear Power 20000 ?<\/strong><\/p>\n<p class=\"\" data-start=\"2586\" data-end=\"2671\"><span class=\"relative -mx-px my-[-0.2rem] rounded-sm px-px py-[0.2rem]\">Vous pouvez obtenir cet appareil jetable de haute qualit\u00e9 de mani\u00e8re exclusive sur notre site Web <a href=\"https:\/\/alfakherwelt.de\/fr\/\" target=\"_new\" rel=\"noopener noreferrer\" data-start=\"71\" data-end=\"117\">alfakherwelt.de<\/a> acqu\u00e9rir. Nous sommes la plus grande plateforme de vente en ligne de cigarettes \u00e9lectroniques jetables en Allemagne et proposons une large s\u00e9lection de produits pour r\u00e9pondre \u00e0 vos besoins.<\/span>Il semble qu'il n'y ait pas de texte \u00e0 traduire. Veuillez fournir le texte allemand que vous souhaitez que je traduise en fran\u00e7ais.<\/p>\n<p class=\"\" data-start=\"2673\" data-end=\"2718\"><strong data-start=\"2673\" data-end=\"2718\">Comment \u00e9liminer l'appareil apr\u00e8s utilisation ?<\/strong><\/p>\n<p class=\"\" data-start=\"2720\" data-end=\"2805\"><span class=\"relative -mx-px my-[-0.2rem] rounded-sm px-px py-[0.2rem]\">Veuillez \u00e9liminer l'appareil conform\u00e9ment aux r\u00e9glementations locales relatives aux d\u00e9chets \u00e9lectroniques afin d'\u00e9viter toute pollution environnementale.<\/span><\/p>","protected":false},"excerpt":{"rendered":"<div class=\"flex-shrink-0 flex flex-col relative items-end\">\n<div class=\"pt-0\">\n<div class=\"gizmo-shadow-stroke flex h-8 w-8 items-center justify-center overflow-hidden rounded-full\">\n<div class=\"h-full w-full\">\n<div class=\"flex-shrink-0 flex flex-col relative items-end\">\n<div class=\"pt-0\">\n<div class=\"gizmo-shadow-stroke flex h-8 w-8 items-center justify-center overflow-hidden rounded-full\">\n<div class=\"h-full w-full\">\n<div class=\"gizmo-shadow-stroke overflow-hidden rounded-full\">\n<div class=\"flex-1 overflow-hidden\">\n<div class=\"h-full\">\n<div class=\"react-scroll-to-bottom--css-nphjn-79elbk h-full\">\n<div class=\"react-scroll-to-bottom--css-nphjn-1n7m0yu\">\n<div class=\"flex flex-col text-sm md:pb-9\">\n<article class=\"w-full scroll-mb-[var(--thread-trailing-height,150px)] text-token-text-primary focus-visible:outline-2 focus-visible:outline-offset-[-4px]\" dir=\"auto\" data-testid=\"conversation-turn-5\" data-scroll-anchor=\"true\">\n<div class=\"m-auto text-base py-[18px] px-3 md:px-4 w-full md:px-5 lg:px-4 xl:px-5\">\n<div class=\"mx-auto flex flex-1 gap-4 text-base md:gap-5 lg:gap-6 md:max-w-3xl lg:max-w-[40rem] xl:max-w-[48rem]\">\n<div class=\"group\/conversation-turn relative flex w-full min-w-0 flex-col agent-turn\">\n<div class=\"flex-col gap-1 md:gap-3\">\n<div class=\"flex max-w-full flex-col flex-grow\">\n<div class=\"min-h-8 text-message flex w-full flex-col items-end gap-2 whitespace-normal break-words [.text-message+&amp;]:mt-5\" dir=\"auto\" data-message-author-role=\"assistant\" data-message-id=\"1982dcee-f0f5-4cfa-a269-fdbaed43d922\" data-message-model-slug=\"gpt-4o\">\n<div class=\"flex w-full flex-col gap-1 empty:hidden first:pt-[3px]\">\n<div class=\"markdown prose w-full break-words dark:prose-invert light\">\n<div class=\"flex-1 overflow-hidden\">\n<div class=\"h-full\">\n<div class=\"react-scroll-to-bottom--css-xrsce-79elbk h-full\">\n<div class=\"react-scroll-to-bottom--css-xrsce-1n7m0yu\">\n<div class=\"flex flex-col text-sm md:pb-9\">\n<article class=\"w-full scroll-mb-[var(--thread-trailing-height,150px)] text-token-text-primary focus-visible:outline-2 focus-visible:outline-offset-[-4px]\" dir=\"auto\" data-testid=\"conversation-turn-5\" data-scroll-anchor=\"true\">\n<div class=\"m-auto text-base py-[18px] px-3 md:px-4 w-full md:px-5 lg:px-4 xl:px-5\">\n<div class=\"mx-auto flex flex-1 gap-4 text-base md:gap-5 lg:gap-6 md:max-w-3xl lg:max-w-[40rem] xl:max-w-[48rem]\">\n<div class=\"group\/conversation-turn relative flex w-full min-w-0 flex-col agent-turn\">\n<div class=\"flex-col gap-1 md:gap-3\">\n<div class=\"flex max-w-full flex-col flex-grow\">\n<div class=\"min-h-8 text-message flex w-full flex-col items-end gap-2 whitespace-normal break-words [.text-message+&amp;]:mt-5\" dir=\"auto\" data-message-author-role=\"assistant\" data-message-id=\"1a0c8d71-a6be-4cc9-b460-deb3e7ecbf47\" data-message-model-slug=\"gpt-4o\">\n<div class=\"flex w-full flex-col gap-1 empty:hidden first:pt-[3px]\">\n<div class=\"markdown prose w-full break-words dark:prose-invert light\">\n<div class=\"flex-1 overflow-hidden\">\n<div class=\"h-full\">\n<div class=\"react-scroll-to-bottom--css-gqbzc-79elbk h-full\">\n<div class=\"react-scroll-to-bottom--css-gqbzc-1n7m0yu\">\n<div class=\"flex flex-col text-sm md:pb-9\">\n<article class=\"w-full scroll-mb-[var(--thread-trailing-height,150px)] text-token-text-primary focus-visible:outline-2 focus-visible:outline-offset-[-4px]\" dir=\"auto\" data-testid=\"conversation-turn-5\" data-scroll-anchor=\"true\">\n<div class=\"m-auto text-base py-[18px] px-3 md:px-4 w-full md:px-5 lg:px-4 xl:px-5\">\n<div class=\"mx-auto flex flex-1 gap-4 text-base md:gap-5 lg:gap-6 md:max-w-3xl lg:max-w-[40rem] xl:max-w-[48rem]\">\n<div class=\"group\/conversation-turn relative flex w-full min-w-0 flex-col agent-turn\">\n<div class=\"flex-col gap-1 md:gap-3\">\n<div class=\"flex max-w-full flex-col flex-grow\">\n<div class=\"min-h-8 text-message flex w-full flex-col items-end gap-2 whitespace-normal break-words [.text-message+&amp;]:mt-5\" dir=\"auto\" data-message-author-role=\"assistant\" data-message-id=\"ca066132-0777-4603-995e-a689971b3380\" data-message-model-slug=\"gpt-4o\">\n<div class=\"flex w-full flex-col gap-1 empty:hidden first:pt-[3px]\">\n<div class=\"markdown prose w-full break-words dark:prose-invert light\">\n<div class=\"flex-1 overflow-hidden @container\/thread\">\n<div class=\"h-full\">\n<div class=\"react-scroll-to-bottom--css-rkqgb-79elbk h-full\">\n<div class=\"react-scroll-to-bottom--css-rkqgb-1n7m0yu\">\n<div class=\"flex flex-col text-sm md:pb-9\">\n<article class=\"w-full scroll-mb-[var(--thread-trailing-height,150px)] text-token-text-primary focus-visible:outline-2 focus-visible:outline-offset-[-4px]\" dir=\"auto\" data-testid=\"conversation-turn-9\" data-scroll-anchor=\"true\">\n<div class=\"m-auto text-base py-[18px] px-3 md:px-4 w-full md:px-5 lg:px-4 xl:px-5\">\n<div class=\"mx-auto flex flex-1 gap-4 text-base md:gap-5 lg:gap-6 md:max-w-3xl lg:max-w-[40rem] xl:max-w-[48rem]\">\n<div class=\"group\/conversation-turn relative flex w-full min-w-0 flex-col agent-turn\">\n<div class=\"flex-col gap-1 md:gap-3\">\n<div class=\"flex max-w-full flex-col flex-grow\">\n<div class=\"min-h-8 text-message flex w-full flex-col items-end gap-2 whitespace-normal break-words text-start [.text-message+&amp;]:mt-5\" dir=\"auto\" data-message-author-role=\"assistant\" data-message-id=\"87137e43-9a3e-4479-90ac-22c23781ee39\" data-message-model-slug=\"gpt-4o\">\n<div class=\"flex w-full flex-col gap-1 empty:hidden first:pt-[3px]\">\n<div class=\"markdown prose w-full break-words dark:prose-invert light\">\n<div class=\"flex-1 overflow-hidden @container\/thread\">\n<div class=\"h-full\">\n<div class=\"react-scroll-to-bottom--css-cgxka-79elbk h-full\">\n<div class=\"react-scroll-to-bottom--css-cgxka-1n7m0yu\">\n<div class=\"flex flex-col text-sm md:pb-9\">\n<article class=\"w-full scroll-mb-[var(--thread-trailing-height,150px)] text-token-text-primary focus-visible:outline-2 focus-visible:outline-offset-[-4px]\" dir=\"auto\" data-testid=\"conversation-turn-5\" data-scroll-anchor=\"true\">\n<div class=\"m-auto text-base py-[18px] px-3 md:px-4 w-full md:px-5 lg:px-4 xl:px-5\">\n<div class=\"mx-auto flex flex-1 gap-4 text-base md:gap-5 lg:gap-6 md:max-w-3xl lg:max-w-[40rem] xl:max-w-[48rem]\">\n<div class=\"group\/conversation-turn relative flex w-full min-w-0 flex-col agent-turn\">\n<div class=\"flex-col gap-1 md:gap-3\">\n<div class=\"flex max-w-full flex-col flex-grow\">\n<div class=\"min-h-8 text-message flex w-full flex-col items-end gap-2 whitespace-normal break-words text-start [.text-message+&amp;]:mt-5\" dir=\"auto\" data-message-author-role=\"assistant\" data-message-id=\"e1e13d20-b396-4dc4-abdf-40facc05c4de\" data-message-model-slug=\"gpt-4o\">\n<div class=\"flex w-full flex-col gap-1 empty:hidden first:pt-[3px]\">\n<div class=\"markdown prose w-full break-words dark:prose-invert light\">\n<article class=\"w-full text-token-text-primary focus-visible:outline-2 focus-visible:outline-offset-[-4px]\" dir=\"auto\" data-testid=\"conversation-turn-5\" data-scroll-anchor=\"true\">\n<div class=\"m-auto text-base py-[18px] px-6\">\n<div class=\"mx-auto flex flex-1 text-base gap-4 md:gap-5 lg:gap-6 md:max-w-3xl lg:max-w-[40rem] xl:max-w-[48rem]\">\n<div class=\"group\/conversation-turn relative flex w-full min-w-0 flex-col agent-turn @xs\/thread:px-0 @sm\/thread:px-1.5 @md\/thread:px-4\">\n<div class=\"flex-col gap-1 md:gap-3\">\n<div class=\"flex max-w-full flex-col flex-grow\">\n<div class=\"min-h-8 text-message relative flex w-full flex-col items-end gap-2 whitespace-normal break-words text-start [.text-message+&amp;]:mt-5\" dir=\"auto\" data-message-author-role=\"assistant\" data-message-id=\"51763e35-51b7-4975-b502-ef0fa0dda04b\" data-message-model-slug=\"gpt-4o\">\n<div class=\"flex w-full flex-col gap-1 empty:hidden first:pt-[3px]\">\n<div class=\"markdown prose w-full break-words dark:prose-invert light\">\n<article class=\"w-full text-token-text-primary focus-visible:outline-2 focus-visible:outline-offset-[-4px]\" dir=\"auto\" data-testid=\"conversation-turn-5\" data-scroll-anchor=\"true\">\n<div class=\"m-auto text-base py-[18px] px-6\">\n<div class=\"mx-auto flex flex-1 text-base gap-4 md:gap-5 lg:gap-6 md:max-w-3xl lg:max-w-[40rem] xl:max-w-[48rem]\">\n<div class=\"group\/conversation-turn relative flex w-full min-w-0 flex-col agent-turn @xs\/thread:px-0 @sm\/thread:px-1.5 @md\/thread:px-4\">\n<div class=\"flex-col gap-1 md:gap-3\">\n<div class=\"flex max-w-full flex-col flex-grow\">\n<div class=\"min-h-8 text-message relative flex w-full flex-col items-end gap-2 whitespace-normal break-words text-start [.text-message+&amp;]:mt-5\" dir=\"auto\" data-message-author-role=\"assistant\" data-message-id=\"4c754a9a-1709-446b-b871-9b2c9925ba9e\" data-message-model-slug=\"gpt-4o\">\n<div class=\"flex w-full flex-col gap-1 empty:hidden first:pt-[3px]\">\n<div class=\"markdown prose w-full break-words dark:prose-invert light\">\n<article class=\"text-token-text-primary w-full\" dir=\"auto\" data-testid=\"conversation-turn-6\" data-scroll-anchor=\"true\">\n<div class=\"text-base my-auto mx-auto py-5 px-6\">\n<div class=\"mx-auto flex flex-1 text-base gap-4 md:gap-5 lg:gap-6 md:max-w-3xl lg:max-w-[40rem] xl:max-w-[48rem] group\/turn-messages focus-visible:outline-hidden\" tabindex=\"-1\">\n<div class=\"group\/conversation-turn relative flex w-full min-w-0 flex-col agent-turn @xs\/thread:px-0 @sm\/thread:px-1.5 @md\/thread:px-4\">\n<div class=\"relative flex-col gap-1 md:gap-3\">\n<div class=\"flex max-w-full flex-col grow\">\n<div class=\"min-h-8 text-message relative flex w-full flex-col items-end gap-2 text-start break-words whitespace-normal [.text-message+&amp;]:mt-5\" dir=\"auto\" data-message-author-role=\"assistant\" data-message-id=\"afcfa8c3-75da-410b-b162-8931a8b4a4a5\" data-message-model-slug=\"gpt-4o\">\n<div class=\"flex w-full flex-col gap-1 empty:hidden first:pt-[3px]\">\n<div class=\"markdown prose dark:prose-invert w-full break-words light\">\n<p class=\"\" data-start=\"0\" data-end=\"337\">La <strong data-start=\"4\" data-end=\"54\">Vozol Gear Power 20000 tirages cigarette \u00e9lectronique jetable<\/strong> offre une exp\u00e9rience de vape de premi\u00e8re classe avec une technologie innovante S.i.L.C., des modes de puissance doubles, un \u00e9cran Full HD, une batterie de 650 mAh et des saveurs intenses pour un plaisir durable - disponible exclusivement sur <strong data-start=\"286\" data-end=\"305\">alfakherwelt.de<\/strong>.<\/p>\n<\/div>\n<\/div>\n<\/div>\n<\/div>\n<div class=\"mt-3 w-full empty:hidden\">\n<div class=\"text-center\"><\/div>\n<\/div>\n<\/div>\n<div class=\"absolute\">\n<div class=\"flex items-center justify-center\"><\/div>\n<\/div>\n<\/div>\n<\/div>\n<\/div>\n<\/article>\n<\/div>\n<\/div>\n<\/div>\n<\/div>\n<\/div>\n<\/div>\n<\/div>\n<\/div>\n<\/article>\n<\/div>\n<\/div>\n<\/div>\n<\/div>\n<\/div>\n<\/div>\n<\/div>\n<\/div>\n<\/article>\n<\/div>\n<\/div>\n<\/div>\n<\/div>\n<\/div>\n<\/div>\n<\/div>\n<\/div>\n<\/article>\n<\/div>\n<\/div>\n<\/div>\n<\/div>\n<\/div>\n<\/div>\n<\/div>\n<\/div>\n<\/div>\n<\/div>\n<\/div>\n<\/div>\n<\/div>\n<\/article>\n<\/div>\n<\/div>\n<\/div>\n<\/div>\n<\/div>\n<\/div>\n<\/div>\n<\/div>\n<\/div>\n<\/div>\n<\/div>\n<\/div>\n<\/div>\n<\/article>\n<\/div>\n<\/div>\n<\/div>\n<\/div>\n<\/div>\n<\/div>\n<\/div>\n<\/div>\n<\/div>\n<\/div>\n<\/div>\n<\/div>\n<\/div>\n<\/article>\n<\/div>\n<\/div>\n<\/div>\n<\/div>\n<\/div>\n<\/div>\n<\/div>\n<\/div>\n<\/div>\n<div class=\"mt-3 w-full empty:hidden\">\n<div class=\"text-center\"><\/div>\n<\/div>\n<\/div>\n<div class=\"absolute\">\n<div class=\"flex items-center justify-center\"><\/div>\n<\/div>\n<\/div>\n<\/div>\n<\/div>\n<\/article>\n<\/div>\n<\/div>\n<\/div>\n<\/div>\n<\/div>\n<div class=\"md:pt-0 dark:border-white\/20 md:border-transparent md:dark:border-transparent w-full\">\n<div>\n<div class=\"m-auto text-base px-3 md:px-4 w-full md:px-5 lg:px-4 xl:px-5\">\n<div class=\"mx-auto flex flex-1 gap-4 text-base md:gap-5 lg:gap-6 md:max-w-3xl lg:max-w-[40rem] xl:max-w-[48rem]\">\n<div class=\"flex justify-center\"><\/div>\n<\/div>\n<\/div>\n<\/div>\n<\/div>\n<\/div>\n<\/div>\n<\/div>\n<\/div>\n<\/div>\n<\/div>\n<\/div>\n<\/div>\n<\/div>","protected":false},"featured_media":2847,"comment_status":"open","ping_status":"closed","template":"","meta":[],"product_brand":[],"product_cat":[117],"product_tag":[],"class_list":{"0":"post-2841","1":"product","2":"type-product","3":"status-publish","4":"has-post-thumbnail","6":"product_cat-vozol-gear-power-20000","8":"first","9":"instock","10":"sale","11":"shipping-taxable","12":"purchasable","13":"product-type-simple"},"jetpack_sharing_enabled":true,"_links":{"self":[{"href":"https:\/\/alfakherwelt.de\/fr\/wp-json\/wp\/v2\/product\/2841","targetHints":{"allow":["GET"]}}],"collection":[{"href":"https:\/\/alfakherwelt.de\/fr\/wp-json\/wp\/v2\/product"}],"about":[{"href":"https:\/\/alfakherwelt.de\/fr\/wp-json\/wp\/v2\/types\/product"}],"replies":[{"embeddable":true,"href":"https:\/\/alfakherwelt.de\/fr\/wp-json\/wp\/v2\/comments?post=2841"}],"wp:featuredmedia":[{"embeddable":true,"href":"https:\/\/alfakherwelt.de\/fr\/wp-json\/wp\/v2\/media\/2847"}],"wp:attachment":[{"href":"https:\/\/alfakherwelt.de\/fr\/wp-json\/wp\/v2\/media?parent=2841"}],"wp:term":[{"taxonomy":"product_brand","embeddable":true,"href":"https:\/\/alfakherwelt.de\/fr\/wp-json\/wp\/v2\/product_brand?post=2841"},{"taxonomy":"product_cat","embeddable":true,"href":"https:\/\/alfakherwelt.de\/fr\/wp-json\/wp\/v2\/product_cat?post=2841"},{"taxonomy":"product_tag","embeddable":true,"href":"https:\/\/alfakherwelt.de\/fr\/wp-json\/wp\/v2\/product_tag?post=2841"}],"curies":[{"name":"wp","href":"https:\/\/api.w.org\/{rel}","templated":true}]}}