{"id":2743,"date":"2025-03-26T07:22:38","date_gmt":"2025-03-26T07:22:38","guid":{"rendered":"https:\/\/alfakherwelt.de\/?post_type=product&#038;p=2743"},"modified":"2025-03-26T07:25:24","modified_gmt":"2025-03-26T07:25:24","slug":"fumot-randm-digital-box-12000-allume-cigare-electronique-jetable-red-apple-ice","status":"publish","type":"product","link":"https:\/\/alfakherwelt.de\/fr\/produit\/fumot-randm-digital-box-12000-allume-cigare-electronique-jetable-red-apple-ice\/","title":{"rendered":"Fumot RandM Digital Box 12000 tirages cigarette \u00e9lectronique jetable - Red apple ice"},"content":{"rendered":"<div style=\"width: 640px;\" class=\"wp-video\"><video class=\"wp-video-shortcode\" id=\"video-2743-1\" width=\"640\" height=\"360\" preload=\"metadata\" controls=\"controls\"><source type=\"video\/mp4\" src=\"https:\/\/alfakherwelt.de\/wp-content\/uploads\/2024\/12\/Fumot-RandM-Digital-Box-120002.mp4?_=1\" \/><a href=\"https:\/\/alfakherwelt.de\/wp-content\/uploads\/2024\/12\/Fumot-RandM-Digital-Box-120002.mp4\">https:\/\/alfakherwelt.de\/wp-content\/uploads\/2024\/12\/Fumot-RandM-Digital-Box-120002.mp4<\/a><\/video><\/div>\n<h2><a href=\"https:\/\/alfakherwelt.de\/fr\/categorie-de-produit\/boitier-numerique-randm-fumot-12000\/\">Fumot RandM Digital Box 12000 Z\u00fcge \n\nbecomes \n\nFumot RandM Digital Box 12000 tirs<\/a> Cigarette \u00e9lectronique jetable : L'avenir de l'exp\u00e9rience de vapotage<\/h2>\n<p>La <strong>Fumot RandM Digital Box 12000 tirages cigarette \u00e9lectronique jetable<\/strong> de Fumot Tech est la derni\u00e8re et la plus avanc\u00e9e fa\u00e7on de vivre la vape. Cette <strong>Cigarette \u00e9lectronique jetable<\/strong> n'est pas seulement par leur <strong>Caract\u00e9ristiques techniques<\/strong> un point fort, mais aussi par la qualit\u00e9 des ar\u00f4mes et la facilit\u00e9 d'utilisation. Avec une capacit\u00e9 impressionnante pouvant aller jusqu'\u00e0 <strong>12 000 trains \nor \n12 000 rames \n -&gt; 12000 Z\u00fcgen =  douze mille trains<\/strong>\u00e0 un <strong>accumulateur rechargeable<\/strong>\u00e0 un <strong>\u00e9cran LED moderne<\/strong> et une multitude de <strong>options gustatives<\/strong> est le choix id\u00e9al pour les vapoteurs qui recherchent \u00e0 la fois la puissance et le design.<\/p>\n<p>Si vous \u00eates \u00e0 la recherche d'une <strong>Cigarette \u00e9lectronique jetable avec nicotine<\/strong> sont, qui vous offrent une exceptionnelle <strong>Exp\u00e9rience de vapotage<\/strong> alors il offre en Allemagne, alors c'est la <strong>Fumot RandM Digital Box 12000 Z\u00fcge \n\nbecomes \n\nFumot RandM Digital Box 12000 tirs<\/strong> exactement ce qu'il vous faut. Cette innovation <strong>Cigarette \u00e9lectronique jetable<\/strong> r\u00e9pondra non seulement \u00e0 vos attentes, mais les d\u00e9passera. Continuez \u00e0 lire pour en savoir plus sur les caract\u00e9ristiques exceptionnelles et les saveurs d\u00e9licieuses de ce <strong>Vape jetable<\/strong> \u00e0 apprendre, qui sont sur <strong>alfakherwelt.de<\/strong> disponible est - la plus grande plateforme pour <strong>Vapes jetables en Allemagne<\/strong>.<\/p>\n<h3>Description du produit<\/h3>\n<p>La <strong>Fumot RandM Digital Box 12000 tirages cigarette \u00e9lectronique jetable<\/strong> n'est pas seulement un autre <strong>Vape jetable<\/strong>mais un v\u00e9ritable chef-d'\u0153uvre de la technique et du design. \u00c9quip\u00e9 d'un <strong>E-liquide pr\u00e9rempli de 20ml<\/strong>qui est une <strong>longue dur\u00e9e d'utilisation<\/strong> jusqu'\u00e0 <strong>12 000 trains \nor \n12 000 rames \n -&gt; 12000 Z\u00fcgen =  douze mille trains<\/strong> offre, vous n'avez pas \u00e0 vous soucier de recharger ou de remplacer constamment. Le <strong>batterie rechargeable 550mAh<\/strong> garantit une <strong>longue dur\u00e9e de vie<\/strong> et peut \u00eatre facilement utilis\u00e9 via le <strong>Connecteur de type C<\/strong> \u00eatre charg\u00e9s.<\/p>\n<p>Gr\u00e2ce \u00e0 <strong>Bobines \u00e0 mailles<\/strong> est-ce que le vapotage avec ceci <strong>E-cigarette avec nicotine<\/strong> particuli\u00e8rement agr\u00e9able. La technologie Mesh assure une formation de vapeur uniforme et plus intense, qui <strong>Go\u00fbt<\/strong> chaque cigare, chaque tirage, un exp\u00e9rience luxueuse. En outre, assure le <strong>R\u00e9gulateur de d\u00e9bit d'air<\/strong> afin que vous puissiez adapter la vapeur \u00e0 vos souhaits pour profiter d'une exp\u00e9rience de vape parfaite - que ce soit <strong>vapeur forte<\/strong> ou une l\u00e9g\u00e8re, douce traction.<\/p>\n<p>Un autre \u00e9l\u00e9ment innovant est le <strong>Affichage LED<\/strong>qui en temps r\u00e9el le <strong>Consommation d'e-liquide<\/strong> et le <strong>\u00c9tat de la batterie<\/strong> affiche, afin que vous sachiez toujours combien d'\u00e9nergie il vous reste. Cet \u00e9cran n'est pas seulement fonctionnel, mais conf\u00e8re \u00e9galement \u00e0 l'appareil une note futuriste et moderne. Et pour rendre la vape encore plus excitante, l'appareil est \u00e9quip\u00e9 de <strong>Fumot RandM Digital Box 12000<\/strong> sur <strong>6 lumi\u00e8res RGB<\/strong>qui s'allument lors de la vape et soulignent davantage l'apparence de l'appareil dans le noir.<\/p>\n<p>La <strong>Fumot RandM Bo\u00eete num\u00e9rique<\/strong> offre <strong>2 styr\u00e9es de nicotine (5% ou 2%)<\/strong> et ainsi la possibilit\u00e9, selon les pr\u00e9f\u00e9rences, de choisir entre un produit plus fort ou plus doux <strong>Exp\u00e9rience de nicotine<\/strong> \u00e0 choisir. Avec <strong>jusqu'\u00e0 48 saveurs diff\u00e9rentes<\/strong>dont <strong>fruit\u00e9e<\/strong>, <strong>mentholartige -&gt; \n\nressemblant \u00e0 la menthe<\/strong> et <strong>sucr\u00e9 \n ou  doux<\/strong> Options, vous trouverez certainement la saveur parfaite pour votre exp\u00e9rience de vape personnalis\u00e9e.<\/p>\n<h3>Caract\u00e9ristiques de la Fumot RandM Digital Box 12000 tirs<\/h3>\n<ul>\n<li><strong>20ml de capacit\u00e9 de liquide \u00e9lectronique<\/strong>: Profitez-en <strong>12 000 trains \nor \n12 000 tirs \n -&gt;  12000 trains<\/strong>sans avoir besoin de recharger.<\/li>\n<li><strong>Accumulateur rechargeable<\/strong>: Le <strong>Batterie 550mAh<\/strong> assure <strong>longue dur\u00e9e d'utilisation<\/strong> et peut \u00eatre contr\u00f4l\u00e9 via le <strong>Connecteur de type C<\/strong> charger.<\/li>\n<li><strong>R\u00e9gulateur de d\u00e9bit d'air<\/strong>: Contr\u00f4lez le <strong>Quantit\u00e9 de vapeur<\/strong> selon votre souhait.<\/li>\n<li><strong>Bobines \u00e0 mailles<\/strong>: Inqui\u00e9ter pour un <strong>vapeur r\u00e9guli\u00e8re<\/strong> et un go\u00fbt intense.<\/li>\n<li><strong>Affichage LED<\/strong>: Affiche le <strong>Consommation d'e-liquide<\/strong> et le <strong>\u00c9tat de la batterie<\/strong> un.<\/li>\n<li><strong>6 lumi\u00e8res RGB<\/strong>Ajoutez une dimension visuelle fra\u00eeche \u00e0 l'exp\u00e9rience de vapotage.<\/li>\n<li><strong>Deux forces de nicotine (5% ou 2%)<\/strong>: Ajustez la force de nicotine selon vos besoins.<\/li>\n<li><strong>Utilisation simple<\/strong>: <strong>Activation par traction<\/strong> \u2013 Aucune touche ni param\u00e8tres complexes requis.<\/li>\n<\/ul>\n<h3><a href=\"https:\/\/alfakherwelt.de\/fr\/categorie-de-produit\/boitier-numerique-randm-fumot-12000\/\">Fumot RandM Digital Box 12000 Z\u00fcge \n\nbecomes \n\nFumot RandM Digital Box 12000 tirs<\/a> Saveurs de cigarettes \u00e9lectroniques jetables<\/h3>\n<h3 class=\"\" data-start=\"1300\" data-end=\"1345\"><strong data-start=\"1304\" data-end=\"1343\">Glace Pomme Rouge\u00a0<\/strong><\/h3>\n<p class=\"\" data-start=\"1346\" data-end=\"1596\">Pomme rouge fra\u00eeche et croquante avec une touche glac\u00e9e ! Le m\u00e9lange parfait de fra\u00eecheur sucr\u00e9e et de brise rafra\u00eechissante procure une exp\u00e9rience de vapeur rafra\u00eechissante. Id\u00e9al pour tous ceux qui aiment le go\u00fbt classique de la pomme avec une touche revitalisante !<\/p>\n<p><img loading=\"lazy\" decoding=\"async\" class=\"alignnone wp-image-1443 size-full\" src=\"https:\/\/alfakherwelt.de\/wp-content\/uploads\/2024\/12\/3Fumot-RandM-Digital-Box-12000.webp\" alt=\"Fumot RandM Digital Box 12000 tirages cigarette \u00e9lectronique jetable - Pomme rouge glace\" width=\"800\" height=\"800\" title=\"\" srcset=\"https:\/\/alfakherwelt.de\/wp-content\/uploads\/2024\/12\/3Fumot-RandM-Digital-Box-12000.webp 800w, https:\/\/alfakherwelt.de\/wp-content\/uploads\/2024\/12\/3Fumot-RandM-Digital-Box-12000-300x300.webp 300w, https:\/\/alfakherwelt.de\/wp-content\/uploads\/2024\/12\/3Fumot-RandM-Digital-Box-12000-150x150.webp 150w, https:\/\/alfakherwelt.de\/wp-content\/uploads\/2024\/12\/3Fumot-RandM-Digital-Box-12000-768x768.webp 768w, https:\/\/alfakherwelt.de\/wp-content\/uploads\/2024\/12\/3Fumot-RandM-Digital-Box-12000-12x12.webp 12w, https:\/\/alfakherwelt.de\/wp-content\/uploads\/2024\/12\/3Fumot-RandM-Digital-Box-12000-600x600.webp 600w, https:\/\/alfakherwelt.de\/wp-content\/uploads\/2024\/12\/3Fumot-RandM-Digital-Box-12000-100x100.webp 100w\" sizes=\"auto, (max-width: 800px) 100vw, 800px\" \/><\/p>\n<hr \/>\n<h3>Pourquoi devriez-vous les <a href=\"https:\/\/alfakherwelt.de\/fr\/categorie-de-produit\/boitier-numerique-randm-fumot-12000\/\">Fumot RandM Digital Box 12000 Z\u00fcge \n\nbecomes \n\nFumot RandM Digital Box 12000 tirs<\/a> Cigarette \u00e9lectronique jetable acheter<\/h3>\n<p>Il existe de nombreuses raisons pour lesquelles les <strong>Fumot RandM Digital Box 12000 tirages cigarette \u00e9lectronique jetable<\/strong> Le choix parfait pour chaque vapoteur est. Elle n'est pas seulement <strong>techniquement excellent<\/strong>mais offre \u00e9galement une <strong>grande s\u00e9lection de saveurs<\/strong> et une <strong>une utilisation conviviale<\/strong>. La <strong>batterie rechargeable<\/strong> assure une <strong>longue dur\u00e9e de vie<\/strong>et cela <strong>Affichage LED<\/strong> offre une solution simple <strong>Surveillance<\/strong> le statut de la batterie et du <strong>Consommation d'e-liquide<\/strong>.<\/p>\n<ul>\n<li><strong>Grande capacit\u00e9 de e-liquide<\/strong>: Avec <strong>20ml<\/strong> E-liquide et jusqu'\u00e0 <strong>12 000 trains \nor \n12 000 rames \n -&gt; 12000 Z\u00fcgen =  douze mille trains<\/strong> Vous n'avez pas \u00e0 vous soucier de la recharge.<\/li>\n<li><strong>Durable et rentable<\/strong>: La <strong>batterie rechargeable<\/strong> et la longue dur\u00e9e d'utilisation font les <strong>Fumot RandM Digital Box 12000<\/strong> \u00e0 une extr\u00eamement <strong>\u00e9conomiques<\/strong> \u00c9lection.<\/li>\n<li><strong>Saveurs rafra\u00eechissantes<\/strong>Von <strong>Peach Ice<\/strong> jusqu'\u00e0 <strong>beaucoup d'autres saveurs<\/strong> - il y a un choix appropri\u00e9 pour chaque go\u00fbt.<\/li>\n<li><strong>Convivialit\u00e9<\/strong>: Aucune touche, simplement \u00e0 travers <strong>Tirage activ\u00e9<\/strong>.<\/li>\n<\/ul>\n<p>Achetez maintenant les <strong>Fumot RandM Digital Box 12000 tirages cigarette \u00e9lectronique jetable<\/strong> sur <strong>alfakherwelt.de<\/strong>des plus grands <strong>Plateforme en ligne pour les vapes jetables en Allemagne<\/strong>et vivez l'exp\u00e9rience <strong>meilleure exp\u00e9rience de vapotage<\/strong>!<\/p>\n<h3>Conclusion<\/h3>\n<p>La <strong>Fumot RandM Digital Box 12000 tirages cigarette \u00e9lectronique jetable<\/strong> fixe de nouvelles normes pour la vape et est \u00e9quip\u00e9e de ses fonctions avanc\u00e9es, le <strong>go\u00fbt rafra\u00eechissant<\/strong> et le <strong>performance \u00e0 long terme<\/strong> l'une des meilleures <strong>Cigarettes \u00e9lectroniques jetables<\/strong> sur le march\u00e9. Obtenez vos <strong>Fumot Digital Box<\/strong> et profitez d'un <strong>exp\u00e9rience de vapotage luxueuse<\/strong> sur <a href=\"https:\/\/alfakherwelt.de\/fr\/\"><strong>alfakherwelt.de<\/strong><\/a>!<\/p>","protected":false},"excerpt":{"rendered":"<div class=\"flex-shrink-0 flex flex-col relative items-end\">\n<div class=\"pt-0\">\n<div class=\"gizmo-shadow-stroke flex h-8 w-8 items-center justify-center overflow-hidden rounded-full\">\n<div class=\"h-full w-full\">\n<div class=\"flex-shrink-0 flex flex-col relative items-end\">\n<div class=\"pt-0\">\n<div class=\"gizmo-shadow-stroke flex h-8 w-8 items-center justify-center overflow-hidden rounded-full\">\n<div class=\"h-full w-full\">\n<div class=\"gizmo-shadow-stroke overflow-hidden rounded-full\">\n<div class=\"flex-1 overflow-hidden\">\n<div class=\"h-full\">\n<div class=\"react-scroll-to-bottom--css-nphjn-79elbk h-full\">\n<div class=\"react-scroll-to-bottom--css-nphjn-1n7m0yu\">\n<div class=\"flex flex-col text-sm md:pb-9\">\n<article class=\"w-full scroll-mb-[var(--thread-trailing-height,150px)] text-token-text-primary focus-visible:outline-2 focus-visible:outline-offset-[-4px]\" dir=\"auto\" data-testid=\"conversation-turn-5\" data-scroll-anchor=\"true\">\n<div class=\"m-auto text-base py-[18px] px-3 md:px-4 w-full md:px-5 lg:px-4 xl:px-5\">\n<div class=\"mx-auto flex flex-1 gap-4 text-base md:gap-5 lg:gap-6 md:max-w-3xl lg:max-w-[40rem] xl:max-w-[48rem]\">\n<div class=\"group\/conversation-turn relative flex w-full min-w-0 flex-col agent-turn\">\n<div class=\"flex-col gap-1 md:gap-3\">\n<div class=\"flex max-w-full flex-col flex-grow\">\n<div class=\"min-h-8 text-message flex w-full flex-col items-end gap-2 whitespace-normal break-words [.text-message+&amp;]:mt-5\" dir=\"auto\" data-message-author-role=\"assistant\" data-message-id=\"1982dcee-f0f5-4cfa-a269-fdbaed43d922\" data-message-model-slug=\"gpt-4o\">\n<div class=\"flex w-full flex-col gap-1 empty:hidden first:pt-[3px]\">\n<div class=\"markdown prose w-full break-words dark:prose-invert light\">\n<div class=\"flex-1 overflow-hidden\">\n<div class=\"h-full\">\n<div class=\"react-scroll-to-bottom--css-xrsce-79elbk h-full\">\n<div class=\"react-scroll-to-bottom--css-xrsce-1n7m0yu\">\n<div class=\"flex flex-col text-sm md:pb-9\">\n<article class=\"w-full scroll-mb-[var(--thread-trailing-height,150px)] text-token-text-primary focus-visible:outline-2 focus-visible:outline-offset-[-4px]\" dir=\"auto\" data-testid=\"conversation-turn-5\" data-scroll-anchor=\"true\">\n<div class=\"m-auto text-base py-[18px] px-3 md:px-4 w-full md:px-5 lg:px-4 xl:px-5\">\n<div class=\"mx-auto flex flex-1 gap-4 text-base md:gap-5 lg:gap-6 md:max-w-3xl lg:max-w-[40rem] xl:max-w-[48rem]\">\n<div class=\"group\/conversation-turn relative flex w-full min-w-0 flex-col agent-turn\">\n<div class=\"flex-col gap-1 md:gap-3\">\n<div class=\"flex max-w-full flex-col flex-grow\">\n<div class=\"min-h-8 text-message flex w-full flex-col items-end gap-2 whitespace-normal break-words [.text-message+&amp;]:mt-5\" dir=\"auto\" data-message-author-role=\"assistant\" data-message-id=\"1a0c8d71-a6be-4cc9-b460-deb3e7ecbf47\" data-message-model-slug=\"gpt-4o\">\n<div class=\"flex w-full flex-col gap-1 empty:hidden first:pt-[3px]\">\n<div class=\"markdown prose w-full break-words dark:prose-invert light\">\n<div class=\"flex-1 overflow-hidden\">\n<div class=\"h-full\">\n<div class=\"react-scroll-to-bottom--css-gqbzc-79elbk h-full\">\n<div class=\"react-scroll-to-bottom--css-gqbzc-1n7m0yu\">\n<div class=\"flex flex-col text-sm md:pb-9\">\n<article class=\"w-full scroll-mb-[var(--thread-trailing-height,150px)] text-token-text-primary focus-visible:outline-2 focus-visible:outline-offset-[-4px]\" dir=\"auto\" data-testid=\"conversation-turn-5\" data-scroll-anchor=\"true\">\n<div class=\"m-auto text-base py-[18px] px-3 md:px-4 w-full md:px-5 lg:px-4 xl:px-5\">\n<div class=\"mx-auto flex flex-1 gap-4 text-base md:gap-5 lg:gap-6 md:max-w-3xl lg:max-w-[40rem] xl:max-w-[48rem]\">\n<div class=\"group\/conversation-turn relative flex w-full min-w-0 flex-col agent-turn\">\n<div class=\"flex-col gap-1 md:gap-3\">\n<div class=\"flex max-w-full flex-col flex-grow\">\n<div class=\"min-h-8 text-message flex w-full flex-col items-end gap-2 whitespace-normal break-words [.text-message+&amp;]:mt-5\" dir=\"auto\" data-message-author-role=\"assistant\" data-message-id=\"ca066132-0777-4603-995e-a689971b3380\" data-message-model-slug=\"gpt-4o\">\n<div class=\"flex w-full flex-col gap-1 empty:hidden first:pt-[3px]\">\n<div class=\"markdown prose w-full break-words dark:prose-invert light\">\n<p>La <strong>Fumot RandM Digital Box 12000 tirages cigarette \u00e9lectronique jetable<\/strong> offre avec leur <strong>20ml E-Liquid<\/strong>un <strong>batterie rechargeable 550mAh<\/strong>, <strong>jusqu'\u00e0 12 000 coups<\/strong>\u00e0 un <strong>Affichage LED<\/strong>, <strong>6 lumi\u00e8res RGB<\/strong>, <strong>Bobines \u00e0 mailles<\/strong> et la possibilit\u00e9 de passer entre <strong>5% ou 2% de nicotine<\/strong> choisir une exp\u00e9rience de vapotage exceptionnelle et unique.<\/p>\n<\/div>\n<\/div>\n<\/div>\n<\/div>\n<\/div>\n<\/div>\n<\/div>\n<\/div>\n<\/article>\n<\/div>\n<\/div>\n<\/div>\n<\/div>\n<\/div>\n<\/div>\n<\/div>\n<\/div>\n<\/div>\n<\/div>\n<\/div>\n<\/div>\n<\/div>\n<\/article>\n<\/div>\n<\/div>\n<\/div>\n<\/div>\n<\/div>\n<\/div>\n<\/div>\n<\/div>\n<\/div>\n<div class=\"pr-2 lg:pr-0\"><\/div>\n<div class=\"mt-3 w-full empty:hidden\">\n<div class=\"text-center\"><\/div>\n<\/div>\n<\/div>\n<div class=\"absolute\">\n<div class=\"flex items-center justify-center\"><\/div>\n<\/div>\n<\/div>\n<\/div>\n<\/div>\n<\/article>\n<\/div>\n<\/div>\n<\/div>\n<\/div>\n<\/div>\n<div class=\"md:pt-0 dark:border-white\/20 md:border-transparent md:dark:border-transparent w-full\">\n<div>\n<div class=\"m-auto text-base px-3 md:px-4 w-full md:px-5 lg:px-4 xl:px-5\">\n<div class=\"mx-auto flex flex-1 gap-4 text-base md:gap-5 lg:gap-6 md:max-w-3xl lg:max-w-[40rem] xl:max-w-[48rem]\">\n<div class=\"flex justify-center\"><\/div>\n<\/div>\n<\/div>\n<\/div>\n<\/div>\n<\/div>\n<\/div>\n<\/div>\n<\/div>\n<\/div>\n<\/div>\n<\/div>\n<\/div>\n<\/div>","protected":false},"featured_media":2746,"comment_status":"open","ping_status":"closed","template":"","meta":[],"product_brand":[],"product_cat":[57],"product_tag":[],"class_list":{"0":"post-2743","1":"product","2":"type-product","3":"status-publish","4":"has-post-thumbnail","6":"product_cat-randm-fumot-digital-box-12000","8":"first","9":"instock","10":"sale","11":"shipping-taxable","12":"purchasable","13":"product-type-simple"},"jetpack_sharing_enabled":true,"_links":{"self":[{"href":"https:\/\/alfakherwelt.de\/fr\/wp-json\/wp\/v2\/product\/2743","targetHints":{"allow":["GET"]}}],"collection":[{"href":"https:\/\/alfakherwelt.de\/fr\/wp-json\/wp\/v2\/product"}],"about":[{"href":"https:\/\/alfakherwelt.de\/fr\/wp-json\/wp\/v2\/types\/product"}],"replies":[{"embeddable":true,"href":"https:\/\/alfakherwelt.de\/fr\/wp-json\/wp\/v2\/comments?post=2743"}],"wp:featuredmedia":[{"embeddable":true,"href":"https:\/\/alfakherwelt.de\/fr\/wp-json\/wp\/v2\/media\/2746"}],"wp:attachment":[{"href":"https:\/\/alfakherwelt.de\/fr\/wp-json\/wp\/v2\/media?parent=2743"}],"wp:term":[{"taxonomy":"product_brand","embeddable":true,"href":"https:\/\/alfakherwelt.de\/fr\/wp-json\/wp\/v2\/product_brand?post=2743"},{"taxonomy":"product_cat","embeddable":true,"href":"https:\/\/alfakherwelt.de\/fr\/wp-json\/wp\/v2\/product_cat?post=2743"},{"taxonomy":"product_tag","embeddable":true,"href":"https:\/\/alfakherwelt.de\/fr\/wp-json\/wp\/v2\/product_tag?post=2743"}],"curies":[{"name":"wp","href":"https:\/\/api.w.org\/{rel}","templated":true}]}}