{"id":274,"date":"2024-09-03T07:18:05","date_gmt":"2024-09-03T07:18:05","guid":{"rendered":"https:\/\/alfakherwelt.de\/?post_type=product&#038;p=274"},"modified":"2025-05-12T06:57:25","modified_gmt":"2025-05-12T06:57:25","slug":"al-fakher-crown-bar-8000-bouffees-cigarette-electronique-jetable-glace-luxuriante","status":"publish","type":"product","link":"https:\/\/alfakherwelt.de\/fr\/produit\/al-fakher-crown-bar-8000-bouffees-cigarette-electronique-jetable-glace-luxuriante\/","title":{"rendered":"AL Fakher Crown Bar 8000 tirages cigarette \u00e9lectronique jetable - Lush Ice"},"content":{"rendered":"<div style=\"width: 362px;\" class=\"wp-video\"><video class=\"wp-video-shortcode\" id=\"video-274-1\" width=\"362\" height=\"640\" preload=\"metadata\" controls=\"controls\"><source type=\"video\/mp4\" src=\"https:\/\/alfakherwelt.de\/wp-content\/uploads\/2024\/09\/AL-Fakher-Vape-Blueberry-Gum.mp4?_=1\" \/><a href=\"https:\/\/alfakherwelt.de\/wp-content\/uploads\/2024\/09\/AL-Fakher-Vape-Blueberry-Gum.mp4\">https:\/\/alfakherwelt.de\/wp-content\/uploads\/2024\/09\/AL-Fakher-Vape-Blueberry-Gum.mp4<\/a><\/video><\/div>\n<h2>Introduction \u00e0 la <a href=\"https:\/\/alfakherwelt.de\/fr\/\">AL Fakher<\/a> Crown Bar 8000 Z\u00fcge \n\nbecomes \n\nCrown Bar 8000 tirages <a href=\"https:\/\/alfakherwelt.de\/fr\/\">Cigarette \u00e9lectronique jetable<\/a> Lush Ice<\/h2>\n<p>Le AL Fakher Crown Bar 8000 Puffs Vape est bien plus qu'une simple vape jetable ; c'est un chef-d'\u0153uvre de la tradition du narguil\u00e9, transpos\u00e9 dans un design moderne et portable. Avec sa capacit\u00e9 impressionnante de 8000 bouff\u00e9es, cette vape offre une combinaison exceptionnelle de style, de performances et de commodit\u00e9. Il est id\u00e9al pour les amateurs de vape en Allemagne qui recherchent une forte dose de nicotine et une exp\u00e9rience gustative intense.<\/p>\n<p>Le AL Fakher Crown Bar se distingue par son design esth\u00e9tique, qui est non seulement visuellement attrayant, mais \u00e9galement ergonomique. Gr\u00e2ce \u00e0 son profil \u00e9lanc\u00e9 et \u00e0 son poids l\u00e9ger, il est facile \u00e0 transporter partout. Que ce soit dans la vie quotidienne ou en voyage, ce vape est le compagnon id\u00e9al pour tous ceux qui recherchent l'exp\u00e9rience de vapotage ultime.<\/p>\n<h3><strong>Pourquoi cela <a href=\"https:\/\/alfakherwelt.de\/fr\/categorie-de-produit\/barre-de-couronne-al-fakher-8000\/\">AL Fakher Crown Bar 8000 tir\u00e9es<\/a> Choisir ?<\/strong><\/h3>\n<ul>\n<li><strong>Design \u00e9l\u00e9gant<\/strong>Le design \u00e9l\u00e9gant et color\u00e9 avec le marquage de la marque grav\u00e9 n'est pas seulement un \u00e9l\u00e9ment visuel, mais transmet \u00e9galement un sentiment de luxe et de qualit\u00e9.<\/li>\n<li><strong>Haute portabilit\u00e9<\/strong>: Gr\u00e2ce \u00e0 sa conception \u00e9l\u00e9gante et l\u00e9g\u00e8re, il tient parfaitement dans la main et dans n'importe quelle poche, ce qui en fait le compagnon de voyage id\u00e9al.<\/li>\n<li><strong>Batterie longue dur\u00e9e<\/strong>: Avec une batterie int\u00e9gr\u00e9e rechargeable de 600mAh et un connecteur moderne de type C, la AL Fakher Crown Bar offre jusqu'\u00e0 8000 bouff\u00e9es sans qu'une interruption ne soit n\u00e9cessaire. Une charge rapide et facile garantit que votre vape est toujours pr\u00eat \u00e0 l'emploi.<\/li>\n<li><strong>Syst\u00e8me activ\u00e9 par traction<\/strong>L'activation du train permet une manipulation simple sans pression sur un bouton, ce qui est particuli\u00e8rement attrayant pour les d\u00e9butants.<\/li>\n<li><strong>Dosage nicotinique parfaite<\/strong>Avec 5% de nicotine (50mg), la vape offre une dose de nicotine forte et satisfaisante qui r\u00e9pond aux besoins des utilisateurs les plus exigeants.<\/li>\n<\/ul>\n<h3><strong>D\u00e9tails techniques du <a href=\"https:\/\/alfakherwelt.de\/fr\/categorie-de-produit\/barre-de-couronne-al-fakher-8000\/\">AL Fakher Crown Bar 8000 tir\u00e9es<\/a><\/strong><\/h3>\n<ul>\n<li><strong>Capacit\u00e9 de liquide \u00e9lectronique<\/strong>: 18 ml de liquide de sel de nicotine pr\u00e9-rempli<\/li>\n<li><strong>Force de nicotine<\/strong>: 5% (50mg) Nicotine<\/li>\n<li><strong>Batterie<\/strong>: Batterie rechargeable 600mAh<\/li>\n<li><strong>Anschluss<\/strong>: Type-C pour une charge rapide (c\u00e2ble non inclus)<\/li>\n<li><strong>Dur\u00e9e de vie<\/strong>: Environ 8 000 trains<\/li>\n<li><strong>Type de vape<\/strong>: Activ\u00e9 par tirage (DTL-Vaping)<\/li>\n<\/ul>\n<h2><strong><img loading=\"lazy\" decoding=\"async\" class=\"alignnone wp-image-269 size-full\" src=\"https:\/\/alfakherwelt.de\/wp-content\/uploads\/2024\/09\/Lush_Ice_8000.webp\" alt=\"AL Fakher Crown Bar 8000 tirages cigarette \u00e9lectronique jetable Lush Ice\" width=\"990\" height=\"990\" title=\"\" srcset=\"https:\/\/alfakherwelt.de\/wp-content\/uploads\/2024\/09\/Lush_Ice_8000.webp 990w, https:\/\/alfakherwelt.de\/wp-content\/uploads\/2024\/09\/Lush_Ice_8000-300x300.webp 300w, https:\/\/alfakherwelt.de\/wp-content\/uploads\/2024\/09\/Lush_Ice_8000-150x150.webp 150w, https:\/\/alfakherwelt.de\/wp-content\/uploads\/2024\/09\/Lush_Ice_8000-768x768.webp 768w, https:\/\/alfakherwelt.de\/wp-content\/uploads\/2024\/09\/Lush_Ice_8000-600x600.webp 600w, https:\/\/alfakherwelt.de\/wp-content\/uploads\/2024\/09\/Lush_Ice_8000-100x100.webp 100w\" sizes=\"auto, (max-width: 990px) 100vw, 990px\" \/><\/strong><\/h2>\n<h3><strong>Exp\u00e9rience gustative unique : Une description d\u00e9taill\u00e9e des ar\u00f4mes<\/strong><\/h3>\n<p>Le <a href=\"https:\/\/alfakherwelt.de\/fr\/categorie-de-produit\/barre-de-couronne-al-fakher-8000\/\">AL Fakher Crown Bar 8000 tir\u00e9es<\/a> offre une diversit\u00e9 de saveurs intenses et uniques qui \u00e9l\u00e8vent l'exp\u00e9rience de vapotage \u00e0 un nouveau niveau. L'une des saveurs exceptionnelles est \"Lush Ice\".<\/p>\n<p><strong>Lush Ice<\/strong>:<\/p>\n<ul>\n<li><strong>Melon d'eau frais<\/strong>Le go\u00fbt de Lush Ice commence par une explosion rafra\u00eechissante de past\u00e8que juteuse. La douceur naturelle et la fruitabilit\u00e9 intense de la past\u00e8que procurent un plaisir imm\u00e9diat qui ravit le palais. Cette note de go\u00fbt est parfaite pour ceux qui recherchent un ar\u00f4me revigorant et estival.<\/li>\n<li><strong>Note fra\u00eeche de menthol<\/strong>La douceur de la past\u00e8que est accompagn\u00e9e d'une touche de menthol frais, qui donne \u00e0 la saveur une profondeur rafra\u00eechissante. Le menthol procure une agr\u00e9able fra\u00eecheur en finale, qui compl\u00e8te parfaitement l'exp\u00e9rience de vapotage et assure un effet de fra\u00eecheur durable.<\/li>\n<li><strong>Combinaison \u00e9quilibr\u00e9e<\/strong>La combinaison de la past\u00e8que sucr\u00e9e et du menthol frais est parfaitement \u00e9quilibr\u00e9e pour produire un go\u00fbt harmonieux \u00e0 la fois rafra\u00eechissant et satisfaisant. Cette saveur est id\u00e9ale pour tous ceux qui recherchent une exp\u00e9rience de vapotage \u00e9quilibr\u00e9e et exaltante.<\/li>\n<\/ul>\n<h3><strong>Fazit: Pourquoi vous <a href=\"https:\/\/alfakherwelt.de\/fr\/\">AL Fakher<\/a> Crown Bar 8000 tirages Vape acheter chez nous<\/strong><\/h3>\n<p>En tant que principal d\u00e9taillant en ligne de cigarettes \u00e9lectroniques jetables en Allemagne, nous vous offrons non seulement une large s\u00e9lection de produits de haute qualit\u00e9, mais \u00e9galement un service client exceptionnel. Le AL Fakher Crown Bar 8000 Puffs Vape est le produit id\u00e9al pour quiconque cherche une vape intense, savoureuse et facile \u00e0 utiliser. Avec une dur\u00e9e de vie de la batterie exceptionnelle, un design \u00e9l\u00e9gant et une exp\u00e9rience de go\u00fbt in\u00e9gal\u00e9e, cette vape est un incontournable pour tout amateur de vape.<\/p>\n<p>Visitez maintenant notre site web <a href=\"https:\/\/alfakherwelt.de\/fr\/\" target=\"_new\" rel=\"noopener\">alfakherwelt.de<\/a> et s\u00e9curisez votre AL Fakher Crown Bar 8000 Puffs Vape. D\u00e9couvrez par vous-m\u00eame pourquoi ce vape est si populaire en Allemagne et laissez-vous convaincre par la qualit\u00e9 et le go\u00fbt !<\/p>","protected":false},"excerpt":{"rendered":"<div class=\"flex-shrink-0 flex flex-col relative items-end\">\n<div class=\"pt-0\">\n<div class=\"gizmo-shadow-stroke flex h-8 w-8 items-center justify-center overflow-hidden rounded-full\">\n<div class=\"h-full w-full\">Le AL Fakher Crown Bar 8000 Puffs Vape est un appareil \u00e9l\u00e9gant, portable et puissant \u00e0 usage unique, dot\u00e9 d'une capacit\u00e9 impressionnante de 8000 bouff\u00e9es et d'ar\u00f4mes intenses Lush Ice, offrant une exp\u00e9rience de vapotage incomparable parfaitement adapt\u00e9e aux besoins des amateurs de vape en Allemagne.<\/div>\n<\/div>\n<\/div>\n<\/div>","protected":false},"featured_media":268,"comment_status":"open","ping_status":"closed","template":"","meta":[],"product_brand":[],"product_cat":[15],"product_tag":[],"class_list":{"0":"post-274","1":"product","2":"type-product","3":"status-publish","4":"has-post-thumbnail","6":"product_cat-al-fakher-crown-bar-8000","8":"first","9":"outofstock","10":"sale","11":"shipping-taxable","12":"purchasable","13":"product-type-simple"},"jetpack_sharing_enabled":true,"_links":{"self":[{"href":"https:\/\/alfakherwelt.de\/fr\/wp-json\/wp\/v2\/product\/274","targetHints":{"allow":["GET"]}}],"collection":[{"href":"https:\/\/alfakherwelt.de\/fr\/wp-json\/wp\/v2\/product"}],"about":[{"href":"https:\/\/alfakherwelt.de\/fr\/wp-json\/wp\/v2\/types\/product"}],"replies":[{"embeddable":true,"href":"https:\/\/alfakherwelt.de\/fr\/wp-json\/wp\/v2\/comments?post=274"}],"wp:featuredmedia":[{"embeddable":true,"href":"https:\/\/alfakherwelt.de\/fr\/wp-json\/wp\/v2\/media\/268"}],"wp:attachment":[{"href":"https:\/\/alfakherwelt.de\/fr\/wp-json\/wp\/v2\/media?parent=274"}],"wp:term":[{"taxonomy":"product_brand","embeddable":true,"href":"https:\/\/alfakherwelt.de\/fr\/wp-json\/wp\/v2\/product_brand?post=274"},{"taxonomy":"product_cat","embeddable":true,"href":"https:\/\/alfakherwelt.de\/fr\/wp-json\/wp\/v2\/product_cat?post=274"},{"taxonomy":"product_tag","embeddable":true,"href":"https:\/\/alfakherwelt.de\/fr\/wp-json\/wp\/v2\/product_tag?post=274"}],"curies":[{"name":"wp","href":"https:\/\/api.w.org\/{rel}","templated":true}]}}