{"id":2728,"date":"2025-03-26T07:06:31","date_gmt":"2025-03-26T07:06:31","guid":{"rendered":"https:\/\/alfakherwelt.de\/?post_type=product&#038;p=2728"},"modified":"2025-03-26T07:24:19","modified_gmt":"2025-03-26T07:24:19","slug":"fumot-randm-digital-box-12000-allume-cigarette-electronique-jetable-bluesour-raspberry","status":"publish","type":"product","link":"https:\/\/alfakherwelt.de\/fr\/produit\/fumot-randm-digital-box-12000-allume-cigarette-electronique-jetable-bluesour-raspberry\/","title":{"rendered":"Fumot RandM Digital Box 12000 tirages cigarette \u00e9lectronique jetable - Bluesour Raspberry"},"content":{"rendered":"<div style=\"width: 640px;\" class=\"wp-video\"><video class=\"wp-video-shortcode\" id=\"video-2728-1\" width=\"640\" height=\"360\" preload=\"metadata\" controls=\"controls\"><source type=\"video\/mp4\" src=\"https:\/\/alfakherwelt.de\/wp-content\/uploads\/2024\/12\/Fumot-RandM-Digital-Box-120002.mp4?_=1\" \/><a href=\"https:\/\/alfakherwelt.de\/wp-content\/uploads\/2024\/12\/Fumot-RandM-Digital-Box-120002.mp4\">https:\/\/alfakherwelt.de\/wp-content\/uploads\/2024\/12\/Fumot-RandM-Digital-Box-120002.mp4<\/a><\/video><\/div>\n<h2><strong><a href=\"https:\/\/alfakherwelt.de\/fr\/categorie-de-produit\/boitier-numerique-randm-fumot-12000\/\">Fumot RandM Digital Box 12000 Z\u00fcge \n\nbecomes \n\nFumot RandM Digital Box 12000 tirs<\/a> Cigarette \u00e9lectronique jetable - Le choix parfait pour les vapoteurs exigeants en Allemagne<\/strong><\/h2>\n<p>La <strong>Fumot RandM Digital Box 12000 tirages cigarette \u00e9lectronique jetable<\/strong> est un chef-d'\u0153uvre de la technologie moderne de la vapeur et offre une exp\u00e9rience de fumage incomparable pour tous ceux qui recherchent un produit durable, pratique et \u00e9l\u00e9gant <strong>Cigarette \u00e9lectronique jetable<\/strong> Recherchez. D\u00e9velopp\u00e9 pour les vapoteurs exigeants, cet appareil innovant combine une technologie de pointe avec un design raffin\u00e9 et une multitude de fonctions qui font de la vape une v\u00e9ritable exp\u00e9rience de plaisir.<\/p>\n<p>Avec <strong>12 000 trains \nor \n12 000 rames \n -&gt; 12000 Z\u00fcgen =  douze mille trains<\/strong>\u00e0 un <strong>\u00c9cran LED<\/strong> et un <strong>batterie rechargeable de 550mAh charg\u00e9e, rechargeable<\/strong>qui disposent d'un <strong>Connecteur de charge Type-C<\/strong> \u00eatre recharg\u00e9e, la Fumot RandM Digital Box offre une exp\u00e9rience de vapotage distinctive. Ici, d\u00e9couvrez tout ce que vous devez savoir sur cette qualit\u00e9 sup\u00e9rieure <strong>Cigarette \u00e9lectronique jetable<\/strong> savoir, ainsi que la possibilit\u00e9 parfaite de les utiliser directement sur <strong>alfakherwelt.de<\/strong> \u00e0 acheter - votre plateforme pr\u00e9f\u00e9r\u00e9e pour <strong>Cigarette \u00e9lectronique jetable<\/strong> dans <strong>Allemagne<\/strong>.<\/p>\n<hr \/>\n<h3><strong>Caract\u00e9ristiques du produit de la <a href=\"https:\/\/alfakherwelt.de\/fr\/categorie-de-produit\/boitier-numerique-randm-fumot-12000\/\">Fumot RandM Digital Box 12000 Z\u00fcge \n\nbecomes \n\nFumot RandM Digital Box 12000 tirs<\/a> Cigarette \u00e9lectronique jetable<\/strong><\/h3>\n<ul>\n<li><strong>20ml de capacit\u00e9 de liquide \u00e9lectronique<\/strong> Une quantit\u00e9 g\u00e9n\u00e9reuse, qui suffit pour jusqu'\u00e0 <strong>12 000 trains \nor \n12 000 tirs \n -&gt;  12000 trains<\/strong> suffit. Id\u00e9al pour de longues s\u00e9ances de vapeur sans remplissage fr\u00e9quent.<\/li>\n<li><strong>Port\u00e9e de 12 000 trains<\/strong> \u2013 Gr\u00e2ce \u00e0 la combinaison optimale de puissance \u00e9lev\u00e9e <strong>Technologie du sel de nicotine<\/strong> et un r\u00e9servoir de e-liquide g\u00e9n\u00e9reux.<\/li>\n<li><strong>Batterie rechargeable 550mAh<\/strong> Avec un pratique <strong>Connecteur de type C<\/strong> permet de recharger rapidement et facilement la batterie, afin que vous puissiez profiter d'une puissance maximale \u00e0 tout moment.<\/li>\n<li><strong>Six lumi\u00e8res RGB<\/strong> \u2013 Ces lumi\u00e8res offrent non seulement une \u00e9l\u00e9gance optique, mais contribuent \u00e9galement \u00e0 ce que vous soyez visible dans l'obscurit\u00e9 lorsque vous vapotez.<\/li>\n<li><strong>Interrupteur de contr\u00f4le du flux d'air<\/strong> Ajustez la taille de la vapeur selon vos pr\u00e9f\u00e9rences en r\u00e9gulant librement la circulation de l'air.<\/li>\n<li><strong>Deux niveaux de sel de nicotine<\/strong> \u2013 Choisissez entre 5% ou 2% de nicotine, selon la puissance que vous souhaitez pour votre exp\u00e9rience de vapotage.<\/li>\n<li><strong>Technologie de bobine maill\u00e9e<\/strong> \u2013 Celle-ci assure une exp\u00e9rience gustative particuli\u00e8rement intense et permet une r\u00e9partition uniforme de la chaleur lors de la vaporisation de l'e-liquide.<\/li>\n<\/ul>\n<hr \/>\n<h3><strong>Pourquoi les <a href=\"https:\/\/alfakherwelt.de\/fr\/categorie-de-produit\/boitier-numerique-randm-fumot-12000\/\">Fumot RandM Digital Box 12000 Z\u00fcge \n\nbecomes \n\nFumot RandM Digital Box 12000 tirs<\/a> Les cigarettes \u00e9lectroniques jetables devraient \u00eatre votre premier choix<\/strong><\/h3>\n<p><strong>La fonctionnalit\u00e9 rencontre l'esth\u00e9tique<\/strong><br \/>\nLa <strong>Fumot RandM Digital Box 12000 tirages cigarette \u00e9lectronique jetable<\/strong> n'est pas seulement un chef-d'\u0153uvre technique, mais aussi un point culminant visuel. Avec son design \u00e9l\u00e9gant et extr\u00eamement l\u00e9ger, elle s'adapte parfaitement dans la main et peut \u00eatre transport\u00e9e sans effort. Le <strong>\u00c9cran LED<\/strong> assurez-vous d'avoir toujours une vue pr\u00e9cise de la quantit\u00e9 de e-liquide restante et de l'\u00e9nergie restante de la batterie.<\/p>\n<p><strong>Conception ergonomique pour un confort maximal<\/strong><br \/>\nAvec une r\u00e9flexion approfondie <strong>conception ergonomique<\/strong> propose ceci <strong>Cigarette \u00e9lectronique jetable<\/strong> une exp\u00e9rience de vapeur extr\u00eamement agr\u00e9able. Le <strong>Syst\u00e8me de bobine maill\u00e9e<\/strong> contribue \u00e0 intensifier le go\u00fbt de l'e-liquide tout en r\u00e9partissant uniform\u00e9ment la chaleur. <strong>Production de vapeur<\/strong> est uniforme et efficace, vous permettant de savourer \u00e0 chaque fois une saveur pleine et intense.<\/p>\n<p><strong>Application simple sans complications<\/strong><br \/>\nAvec le pratique <strong>Syst\u00e8me d'activation de train<\/strong> Vous n'avez pas besoin de boutons ou de r\u00e9glages compliqu\u00e9s. Il suffit de tirer, et la vapeur est activ\u00e9e imm\u00e9diatement. Cela rend la vape avec la Fumot RandM Digital Box incroyablement pratique. Que ce soit \u00e0 la maison ou en d\u00e9placement, vous pouvez toujours compter sur un r\u00e9sultat constamment bon.<\/p>\n<p><strong>Possibilit\u00e9s d'utilisation \u00e9largies<\/strong><br \/>\nAvec la possibilit\u00e9, les <strong>Contr\u00f4le du flux d'air<\/strong> pour r\u00e9guler, vous avez le contr\u00f4le total sur votre exp\u00e9rience de vape. Ajustez la quantit\u00e9 de vapeur selon vos pr\u00e9f\u00e9rences et profitez de la flexibilit\u00e9 totale - un v\u00e9ritable point fort que ce <strong>Cigarette \u00e9lectronique jetable<\/strong> qui se d\u00e9marque des autres sur le march\u00e9.<\/p>\n<p><img loading=\"lazy\" decoding=\"async\" class=\"alignnone wp-image-1443 size-full\" src=\"https:\/\/alfakherwelt.de\/wp-content\/uploads\/2024\/12\/3Fumot-RandM-Digital-Box-12000.webp\" alt=\"Fumot RandM Digital Box 12000 tirages cigarette \u00e9lectronique jetable - Bluesour Raspberry\" width=\"800\" height=\"800\" title=\"\" srcset=\"https:\/\/alfakherwelt.de\/wp-content\/uploads\/2024\/12\/3Fumot-RandM-Digital-Box-12000.webp 800w, https:\/\/alfakherwelt.de\/wp-content\/uploads\/2024\/12\/3Fumot-RandM-Digital-Box-12000-300x300.webp 300w, https:\/\/alfakherwelt.de\/wp-content\/uploads\/2024\/12\/3Fumot-RandM-Digital-Box-12000-150x150.webp 150w, https:\/\/alfakherwelt.de\/wp-content\/uploads\/2024\/12\/3Fumot-RandM-Digital-Box-12000-768x768.webp 768w, https:\/\/alfakherwelt.de\/wp-content\/uploads\/2024\/12\/3Fumot-RandM-Digital-Box-12000-12x12.webp 12w, https:\/\/alfakherwelt.de\/wp-content\/uploads\/2024\/12\/3Fumot-RandM-Digital-Box-12000-600x600.webp 600w, https:\/\/alfakherwelt.de\/wp-content\/uploads\/2024\/12\/3Fumot-RandM-Digital-Box-12000-100x100.webp 100w\" sizes=\"auto, (max-width: 800px) 100vw, 800px\" \/><\/p>\n<hr \/>\n<h3><strong>Bo\u00eete Fumot RandM Digital 12000 tirages Cigarette \u00e9lectronique jetable Vari\u00e9t\u00e9 d'ar\u00f4mes<\/strong><\/h3>\n<p class=\"\" data-start=\"0\" data-end=\"68\"><strong data-start=\"0\" data-end=\"60\">Rafra\u00eechissant &amp; Intensif - E-cigarette Blue Sour Raspberry<\/strong> \ud83d\udc99\ud83c\udf47\u2728<\/p>\n<p class=\"\" data-start=\"70\" data-end=\"382\">Plongez dans une explosion de saveurs exaltante avec notre <strong data-start=\"137\" data-end=\"160\">Blue Sour Raspberry<\/strong> E-Cigarette ! Cette saveur exceptionnelle combine la douceur et la maturit\u00e9 de la myrtille avec la fra\u00eecheur l\u00e9g\u00e8rement acidul\u00e9e de la framboise - un \u00e9quilibre parfait entre le sucr\u00e9 et l'acidul\u00e9 pour une exp\u00e9rience de vapotage inoubliable.<\/p>\n<hr \/>\n<h3><strong>Vape acheter sur alfakherwelt.de - Votre premi\u00e8re adresse pour les cigarettes \u00e9lectroniques jetables en Allemagne<\/strong><\/h3>\n<p>Sur <strong>alfakherwelt.de<\/strong>au plus grand <strong>Boutique en ligne pour cigarettes \u00e9lectroniques jetables en Allemagne<\/strong>Pouvez-vous les <strong>Fumot RandM Digital Box 12000 tirages cigarette \u00e9lectronique jetable<\/strong> Achetez en ligne en toute commodit\u00e9. Profitez de notre offre extensive et de nos prix attractifs. De plus, nous vous garantissons une livraison rapide et un excellent service client.<\/p>\n<p>Visitez<a href=\"https:\/\/alfakherwelt.de\/fr\/\"> <strong>alfakherwelt.de<\/strong><\/a>afin de profiter de votre nouvelle <strong>Cigarette \u00e9lectronique jetable<\/strong> commandez et profitez de l'exp\u00e9rience de vape ultime. Que vous soyez un vapoteur exp\u00e9riment\u00e9 ou un d\u00e9butant, avec le <strong>Fumot RandM Bo\u00eete num\u00e9rique<\/strong> Vous \u00eates toujours parfaitement \u00e9quip\u00e9.<\/p>\n<hr \/>\n<h3><strong>Fazit: Pourquoi vous les <a href=\"https:\/\/alfakherwelt.de\/fr\/categorie-de-produit\/boitier-numerique-randm-fumot-12000\/\">Fumot RandM Digital Box 12000 Z\u00fcge \n\nbecomes \n\nFumot RandM Digital Box 12000 tirs<\/a> Cigarette \u00e9lectronique jetable acheter devrait<\/strong><\/h3>\n<p>La <strong>Fumot RandM Digital Box 12000 tirages cigarette \u00e9lectronique jetable<\/strong> est un excellent choix pour tous ceux qui sont \u00e0 la recherche d'un <strong>de haute qualit\u00e9, convivial<\/strong> et <strong>intensivement aromatis\u00e9<\/strong> Exp\u00e9rience de vapeur. Avec des fonctions innovantes comme la <strong>Contr\u00f4le du flux d'air<\/strong>auquel <strong>\u00c9cran LED<\/strong> et le <strong>Batterie rechargeable 550mAh<\/strong> est la solution parfaite pour tous ceux qui ne veulent pas compromettre la qualit\u00e9 en mati\u00e8re de vape. De plus, la large s\u00e9lection de <strong>Aromas<\/strong> et les <strong>longue dur\u00e9e d'utilisation<\/strong> jusqu'\u00e0 <strong>12 000 trains \nor \n12 000 rames \n -&gt; 12000 Z\u00fcgen =  douze mille trains<\/strong> afin que vous puissiez \u00e0 chaque fois profiter d'une exp\u00e9rience de vapeur exceptionnelle.<\/p>\n<p><strong>Visitez<a href=\"https:\/\/alfakherwelt.de\/fr\/\"> alfakherwelt.de<\/a><\/strong>afin de vos <strong>Fumot RandM Digital Box 12000 tirages cigarette \u00e9lectronique jetable<\/strong> Pour commander et d\u00e9couvrir la vape \u00e0 un niveau sup\u00e9rieur !<\/p>","protected":false},"excerpt":{"rendered":"<div class=\"flex-shrink-0 flex flex-col relative items-end\">\n<div class=\"pt-0\">\n<div class=\"gizmo-shadow-stroke flex h-8 w-8 items-center justify-center overflow-hidden rounded-full\">\n<div class=\"h-full w-full\">\n<div class=\"flex-shrink-0 flex flex-col relative items-end\">\n<div class=\"pt-0\">\n<div class=\"gizmo-shadow-stroke flex h-8 w-8 items-center justify-center overflow-hidden rounded-full\">\n<div class=\"h-full w-full\">\n<div class=\"gizmo-shadow-stroke overflow-hidden rounded-full\">\n<div class=\"flex-1 overflow-hidden\">\n<div class=\"h-full\">\n<div class=\"react-scroll-to-bottom--css-nphjn-79elbk h-full\">\n<div class=\"react-scroll-to-bottom--css-nphjn-1n7m0yu\">\n<div class=\"flex flex-col text-sm md:pb-9\">\n<article class=\"w-full scroll-mb-[var(--thread-trailing-height,150px)] text-token-text-primary focus-visible:outline-2 focus-visible:outline-offset-[-4px]\" dir=\"auto\" data-testid=\"conversation-turn-5\" data-scroll-anchor=\"true\">\n<div class=\"m-auto text-base py-[18px] px-3 md:px-4 w-full md:px-5 lg:px-4 xl:px-5\">\n<div class=\"mx-auto flex flex-1 gap-4 text-base md:gap-5 lg:gap-6 md:max-w-3xl lg:max-w-[40rem] xl:max-w-[48rem]\">\n<div class=\"group\/conversation-turn relative flex w-full min-w-0 flex-col agent-turn\">\n<div class=\"flex-col gap-1 md:gap-3\">\n<div class=\"flex max-w-full flex-col flex-grow\">\n<div class=\"min-h-8 text-message flex w-full flex-col items-end gap-2 whitespace-normal break-words [.text-message+&amp;]:mt-5\" dir=\"auto\" data-message-author-role=\"assistant\" data-message-id=\"1982dcee-f0f5-4cfa-a269-fdbaed43d922\" data-message-model-slug=\"gpt-4o\">\n<div class=\"flex w-full flex-col gap-1 empty:hidden first:pt-[3px]\">\n<div class=\"markdown prose w-full break-words dark:prose-invert light\">\n<div class=\"flex-1 overflow-hidden\">\n<div class=\"h-full\">\n<div class=\"react-scroll-to-bottom--css-xrsce-79elbk h-full\">\n<div class=\"react-scroll-to-bottom--css-xrsce-1n7m0yu\">\n<div class=\"flex flex-col text-sm md:pb-9\">\n<article class=\"w-full scroll-mb-[var(--thread-trailing-height,150px)] text-token-text-primary focus-visible:outline-2 focus-visible:outline-offset-[-4px]\" dir=\"auto\" data-testid=\"conversation-turn-5\" data-scroll-anchor=\"true\">\n<div class=\"m-auto text-base py-[18px] px-3 md:px-4 w-full md:px-5 lg:px-4 xl:px-5\">\n<div class=\"mx-auto flex flex-1 gap-4 text-base md:gap-5 lg:gap-6 md:max-w-3xl lg:max-w-[40rem] xl:max-w-[48rem]\">\n<div class=\"group\/conversation-turn relative flex w-full min-w-0 flex-col agent-turn\">\n<div class=\"flex-col gap-1 md:gap-3\">\n<div class=\"flex max-w-full flex-col flex-grow\">\n<div class=\"min-h-8 text-message flex w-full flex-col items-end gap-2 whitespace-normal break-words [.text-message+&amp;]:mt-5\" dir=\"auto\" data-message-author-role=\"assistant\" data-message-id=\"1a0c8d71-a6be-4cc9-b460-deb3e7ecbf47\" data-message-model-slug=\"gpt-4o\">\n<div class=\"flex w-full flex-col gap-1 empty:hidden first:pt-[3px]\">\n<div class=\"markdown prose w-full break-words dark:prose-invert light\">\n<div class=\"flex-1 overflow-hidden\">\n<div class=\"h-full\">\n<div class=\"react-scroll-to-bottom--css-gqbzc-79elbk h-full\">\n<div class=\"react-scroll-to-bottom--css-gqbzc-1n7m0yu\">\n<div class=\"flex flex-col text-sm md:pb-9\">\n<article class=\"w-full scroll-mb-[var(--thread-trailing-height,150px)] text-token-text-primary focus-visible:outline-2 focus-visible:outline-offset-[-4px]\" dir=\"auto\" data-testid=\"conversation-turn-5\" data-scroll-anchor=\"true\">\n<div class=\"m-auto text-base py-[18px] px-3 md:px-4 w-full md:px-5 lg:px-4 xl:px-5\">\n<div class=\"mx-auto flex flex-1 gap-4 text-base md:gap-5 lg:gap-6 md:max-w-3xl lg:max-w-[40rem] xl:max-w-[48rem]\">\n<div class=\"group\/conversation-turn relative flex w-full min-w-0 flex-col agent-turn\">\n<div class=\"flex-col gap-1 md:gap-3\">\n<div class=\"flex max-w-full flex-col flex-grow\">\n<div class=\"min-h-8 text-message flex w-full flex-col items-end gap-2 whitespace-normal break-words [.text-message+&amp;]:mt-5\" dir=\"auto\" data-message-author-role=\"assistant\" data-message-id=\"ca066132-0777-4603-995e-a689971b3380\" data-message-model-slug=\"gpt-4o\">\n<div class=\"flex w-full flex-col gap-1 empty:hidden first:pt-[3px]\">\n<div class=\"markdown prose w-full break-words dark:prose-invert light\">\n<p>La <strong>Fumot RandM Digital Box 12000 tirages cigarette \u00e9lectronique jetable<\/strong> offre 20 ml de e-liquide, une batterie rechargeable de 550mAh, des lumi\u00e8res RGB, un syst\u00e8me de contr\u00f4le de flux d'air et un choix de saveurs d\u00e9licieuses, dont le rafra\u00eechissant Bluesour Raspberry, une exp\u00e9rience de vapotage exceptionnelle avec jusqu'\u00e0 <strong>12 000 trains \nor \n12 000 rames \n -&gt; 12000 Z\u00fcgen =  douze mille trains<\/strong> et un design innovant qui allie fonctionnalit\u00e9 et style.<\/p>\n<\/div>\n<\/div>\n<\/div>\n<\/div>\n<\/div>\n<\/div>\n<\/div>\n<\/div>\n<\/article>\n<\/div>\n<\/div>\n<\/div>\n<\/div>\n<\/div>\n<\/div>\n<\/div>\n<\/div>\n<\/div>\n<\/div>\n<\/div>\n<\/div>\n<\/div>\n<\/article>\n<\/div>\n<\/div>\n<\/div>\n<\/div>\n<\/div>\n<\/div>\n<\/div>\n<\/div>\n<\/div>\n<div class=\"pr-2 lg:pr-0\"><\/div>\n<div class=\"mt-3 w-full empty:hidden\">\n<div class=\"text-center\"><\/div>\n<\/div>\n<\/div>\n<div class=\"absolute\">\n<div class=\"flex items-center justify-center\"><\/div>\n<\/div>\n<\/div>\n<\/div>\n<\/div>\n<\/article>\n<\/div>\n<\/div>\n<\/div>\n<\/div>\n<\/div>\n<div class=\"md:pt-0 dark:border-white\/20 md:border-transparent md:dark:border-transparent w-full\">\n<div>\n<div class=\"m-auto text-base px-3 md:px-4 w-full md:px-5 lg:px-4 xl:px-5\">\n<div class=\"mx-auto flex flex-1 gap-4 text-base md:gap-5 lg:gap-6 md:max-w-3xl lg:max-w-[40rem] xl:max-w-[48rem]\">\n<div class=\"flex justify-center\"><\/div>\n<\/div>\n<\/div>\n<\/div>\n<\/div>\n<\/div>\n<\/div>\n<\/div>\n<\/div>\n<\/div>\n<\/div>\n<\/div>\n<\/div>\n<\/div>","protected":false},"featured_media":2731,"comment_status":"open","ping_status":"closed","template":"","meta":[],"product_brand":[],"product_cat":[57],"product_tag":[],"class_list":{"0":"post-2728","1":"product","2":"type-product","3":"status-publish","4":"has-post-thumbnail","6":"product_cat-randm-fumot-digital-box-12000","8":"first","9":"instock","10":"sale","11":"shipping-taxable","12":"purchasable","13":"product-type-simple"},"jetpack_sharing_enabled":true,"_links":{"self":[{"href":"https:\/\/alfakherwelt.de\/fr\/wp-json\/wp\/v2\/product\/2728","targetHints":{"allow":["GET"]}}],"collection":[{"href":"https:\/\/alfakherwelt.de\/fr\/wp-json\/wp\/v2\/product"}],"about":[{"href":"https:\/\/alfakherwelt.de\/fr\/wp-json\/wp\/v2\/types\/product"}],"replies":[{"embeddable":true,"href":"https:\/\/alfakherwelt.de\/fr\/wp-json\/wp\/v2\/comments?post=2728"}],"wp:featuredmedia":[{"embeddable":true,"href":"https:\/\/alfakherwelt.de\/fr\/wp-json\/wp\/v2\/media\/2731"}],"wp:attachment":[{"href":"https:\/\/alfakherwelt.de\/fr\/wp-json\/wp\/v2\/media?parent=2728"}],"wp:term":[{"taxonomy":"product_brand","embeddable":true,"href":"https:\/\/alfakherwelt.de\/fr\/wp-json\/wp\/v2\/product_brand?post=2728"},{"taxonomy":"product_cat","embeddable":true,"href":"https:\/\/alfakherwelt.de\/fr\/wp-json\/wp\/v2\/product_cat?post=2728"},{"taxonomy":"product_tag","embeddable":true,"href":"https:\/\/alfakherwelt.de\/fr\/wp-json\/wp\/v2\/product_tag?post=2728"}],"curies":[{"name":"wp","href":"https:\/\/api.w.org\/{rel}","templated":true}]}}