{"id":2549,"date":"2025-03-04T04:31:33","date_gmt":"2025-03-04T04:31:33","guid":{"rendered":"https:\/\/alfakherwelt.de\/?post_type=product&#038;p=2549"},"modified":"2025-09-06T00:53:58","modified_gmt":"2025-09-06T00:53:58","slug":"al-fakher-crown-bar-8000-bouffees-cigarette-electronique-jetable-fruit-de-la-passion-sucre-100","status":"publish","type":"product","link":"https:\/\/alfakherwelt.de\/fr\/produit\/al-fakher-crown-bar-8000-bouffees-cigarette-electronique-jetable-fruit-de-la-passion-sucre-100\/","title":{"rendered":"JNR Shisha Hookah 12000 tirages cigarette \u00e9lectronique jetable - MIX BERRY ICE"},"content":{"rendered":"<div style=\"width: 1020px;\" class=\"wp-video\"><video class=\"wp-video-shortcode\" id=\"video-2549-1\" width=\"1020\" height=\"574\" preload=\"metadata\" controls=\"controls\"><source type=\"video\/mp4\" src=\"https:\/\/alfakherwelt.de\/wp-content\/uploads\/2025\/03\/Video.mp4?_=1\" \/><a href=\"https:\/\/alfakherwelt.de\/wp-content\/uploads\/2025\/03\/Video.mp4\">https:\/\/alfakherwelt.de\/wp-content\/uploads\/2025\/03\/Video.mp4<\/a><\/video><\/div>\n<h2 data-start=\"0\" data-end=\"89\"><strong data-start=\"0\" data-end=\"89\"><a href=\"https:\/\/alfakherwelt.de\/fr\/categorie-de-produit\/request-failed-with-status-code-534\/\">JNR Shisha Hookah 12000 tirages<\/a> Cigarette \u00e9lectronique jetable - Une exp\u00e9rience de vapotage incomparable<\/strong><\/h2>\n<p data-start=\"91\" data-end=\"711\">Bienvenue chez la JNR Shisha Hookah 12000 bouff\u00e9es E-cigarette jetable ! Plongez dans le monde authentique de la vapeur Shisha et vivez une exp\u00e9rience de vapotage compl\u00e8tement nouvelle. Avec une capacit\u00e9 impressionnante de 12 000 bouff\u00e9es, cette e-cigarette jetable offre non seulement une exp\u00e9rience gustative intense, mais \u00e9galement une solution portable et conviviale pour tous ceux qui souhaitent profiter des ar\u00f4mes Shisha de mani\u00e8re moderne. Cette e-cigarette combine les saveurs traditionnelles du Shisha avec les avantages d'une vape jetable et constitue ainsi un excellent choix pour les vapoteurs en Allemagne et au-del\u00e0.<\/p>\n<h3 data-start=\"713\" data-end=\"800\"><strong data-start=\"717\" data-end=\"800\">Pourquoi les<a href=\"https:\/\/alfakherwelt.de\/fr\/categorie-de-produit\/request-failed-with-status-code-534\/\"> JNR Shisha Hookah 12000 tirages<\/a> Cigarette \u00e9lectronique jetable, le choix parfait est<\/strong><\/h3>\n<p data-start=\"802\" data-end=\"1278\">La cigarette \u00e9lectronique jetable JNR Shisha Hookah 12000 tirages est con\u00e7ue pour les vapoteurs \u00e0 la recherche d'une solution de vape de haute qualit\u00e9, facile \u00e0 utiliser et durable. Ce produit est id\u00e9al pour tous ceux qui souhaitent profiter d'une exp\u00e9rience similaire \u00e0 celle d'une shisha avec un maximum de commodit\u00e9. Gr\u00e2ce au grand nombre de tirages - jusqu'\u00e0 12 000 - vous pouvez profiter pleinement du go\u00fbt de votre shisha pr\u00e9f\u00e9r\u00e9e sans avoir \u00e0 vous soucier des recharges ou de l'entretien.<\/p>\n<p data-start=\"1280\" data-end=\"1701\"><strong data-start=\"1280\" data-end=\"1313\">Exp\u00e9rience authentique de shisha<\/strong><br data-start=\"1313\" data-end=\"1316\" \/>Avec la cigarette \u00e9lectronique jetable JNR Shisha Hookah 12000 bouff\u00e9es, vous d\u00e9couvrez une nouvelle fa\u00e7on de vapoter. La combinaison de la nicotine saline de haute qualit\u00e9 et d'une bobine en maille assure un go\u00fbt intense, doux et uniform\u00e9ment r\u00e9gulier. Chaque nuage que vous expirez est non seulement riche en ar\u00f4me, mais \u00e9galement agr\u00e9able \u00e0 inhaler - exactement comme avec un narguil\u00e9 classique.<\/p>\n<p data-start=\"1703\" data-end=\"2086\"><strong data-start=\"1703\" data-end=\"1744\">Uncomplicated vaping on the go<\/strong><br data-start=\"1744\" data-end=\"1747\" \/>Gr\u00e2ce au design compact de la cigarette \u00e9lectronique jetable JNR Shisha Hookah, vous pouvez profiter de l'exp\u00e9rience Shisha partout. La taille pratique convient \u00e0 chaque poche et vous permet de profiter \u00e0 tout moment et en tout lieu d'une saveur authentique de Shisha. Id\u00e9al pour les d\u00e9placements, les voyages ou simplement pour une consommation quotidienne.<\/p>\n<p data-start=\"2088\" data-end=\"2531\"><strong data-start=\"2088\" data-end=\"2132\">Tirage direct sur les poumons pour une exp\u00e9rience intense<\/strong><br data-start=\"2132\" data-end=\"2135\" \/>Avec une batterie de 250mAh et une r\u00e9sistance Mesh de 0,6\u03a9, vous b\u00e9n\u00e9ficierez de volumes de vapeur \u00e9normes et d'une explosion de saveur extr\u00eamement intense lors de l'inhalation. La cigarette \u00e9lectronique jetable est con\u00e7ue pour produire une quantit\u00e9 g\u00e9n\u00e9reuse de vapeur \u00e0 chaque tirage et pour offrir une exp\u00e9rience de saveur compl\u00e8te. Cela procure non seulement un plaisir pour le palais, mais aussi pour les yeux, car de gros nuages de vapeur se forment.<\/p>\n<p data-start=\"2533\" data-end=\"2958\"><strong data-start=\"2533\" data-end=\"2576\">Saveur durable et constante<\/strong><br data-start=\"2576\" data-end=\"2579\" \/>L'un des plus grands avantages de la cigarette \u00e9lectronique jetable JNR Shisha Hookah 12000 bouff\u00e9es est que le go\u00fbt reste constant tout au long de sa dur\u00e9e de vie. Que vous utilisiez la cigarette \u00e9lectronique imm\u00e9diatement apr\u00e8s l'avoir ouverte ou apr\u00e8s plusieurs jours, chaque bouff\u00e9e offre la m\u00eame exp\u00e9rience intense et aromatique, de sorte que vous n'aurez jamais \u00e0 vous soucier d'un changement de go\u00fbt.<\/p>\n<h3 data-start=\"2960\" data-end=\"2993\"><strong data-start=\"2964\" data-end=\"2993\">Caract\u00e9ristiques du produit en d\u00e9tail<\/strong><\/h3>\n<ul data-start=\"2995\" data-end=\"3795\">\n<li data-start=\"2995\" data-end=\"3069\"><strong data-start=\"2997\" data-end=\"3011\">Capacit\u00e9:<\/strong> 24ml - pour jusqu'\u00e0 12 000 bouff\u00e9es et une jouissance prolong\u00e9e.<\/li>\n<li data-start=\"3070\" data-end=\"3174\"><strong data-start=\"3072\" data-end=\"3085\">Batterie<\/strong> 250mAh - offre une performance fiable qui fournit une quantit\u00e9 de vapeur constante.<\/li>\n<li data-start=\"3175\" data-end=\"3260\"><strong data-start=\"3177\" data-end=\"3186\">Trains:<\/strong> 12 000 tirages - assure une dur\u00e9e de vie particuli\u00e8rement longue de la cigarette \u00e9lectronique.<\/li>\n<li data-start=\"3261\" data-end=\"3333\"><strong data-start=\"3263\" data-end=\"3274\">Mod\u00e8le:<\/strong> JNR SHISHA - une marque fiable pour les amateurs de shisha.<\/li>\n<li data-start=\"3334\" data-end=\"3398\"><strong data-start=\"3336\" data-end=\"3348\">Poids:<\/strong> 103g - l\u00e9ger et portable, parfait pour \u00eatre emport\u00e9.<\/li>\n<li data-start=\"3399\" data-end=\"3473\"><strong data-start=\"3401\" data-end=\"3421\">Rechargeable:<\/strong> Oui \u2013 pour une utilisation plus longue sans interruptions.<\/li>\n<li data-start=\"3474\" data-end=\"3555\"><strong data-start=\"3476\" data-end=\"3490\">flux d'air<\/strong> Non r\u00e9glable - assure une production de vapeur uniforme.<\/li>\n<li data-start=\"3556\" data-end=\"3635\"><strong data-start=\"3558\" data-end=\"3570\">La nicotine<\/strong> 2% Salznikotin \u2013 pour une saveur intense et authentique.<\/li>\n<li data-start=\"3636\" data-end=\"3726\"><strong data-start=\"3638\" data-end=\"3652\">Mesh Coil<\/strong> 0,6\u03a9 - garantit une densit\u00e9 de vapeur \u00e9lev\u00e9e et une r\u00e9partition uniforme de la chaleur.<\/li>\n<li data-start=\"3727\" data-end=\"3795\"><strong data-start=\"3729\" data-end=\"3741\">Saveurs :<\/strong> 20 saveurs diff\u00e9rentes, y compris Mix Berry Ice.<\/li>\n<\/ul>\n<h3 data-start=\"3797\" data-end=\"3857\"><strong data-start=\"3801\" data-end=\"3857\">Saveurs de<a href=\"https:\/\/alfakherwelt.de\/fr\/categorie-de-produit\/request-failed-with-status-code-534\/\"> JNR Shisha Hookah 12000 tirages<\/a> E-cigarette<\/strong><\/h3>\n<p data-start=\"3859\" data-end=\"4209\">La cigarette \u00e9lectronique jetable JNR Shisha Hookah 12000 tirages offre une large gamme de saveurs qui imitent parfaitement l'exp\u00e9rience classique du narguil\u00e9. Les 20 saveurs disponibles offrent quelque chose pour chaque vapoteur, que ce soit pour les amateurs de saveurs fruit\u00e9es, sucr\u00e9es ou rafra\u00eechissantes. Parmi les options les plus populaires, citons la saveur rafra\u00eechissante <strong data-start=\"4191\" data-end=\"4208\">Glace aux Fruits Rouges M\u00e9lang\u00e9s<\/strong>.<\/p>\n<h4 data-start=\"4211\" data-end=\"4272\"><strong data-start=\"4216\" data-end=\"4272\">Mix Berry Ice - Une exp\u00e9rience gustative rafra\u00eechissante<\/strong><\/h4>\n<p data-start=\"4274\" data-end=\"4703\">Le Mix Berry Ice est une combinaison de baies juteuses et d'un effet de menthol rafra\u00eechissant qui rafra\u00eechit imm\u00e9diatement les sens lors de la vape. Le m\u00e9lange de fraises sucr\u00e9es, de framboises et de bleuets est parfaitement compl\u00e9t\u00e9 par un doux effet de refroidissement qui procure une exp\u00e9rience de vape rafra\u00eechissante inoubliable. C'est la saveur parfaite pour tous ceux qui aiment la fra\u00eecheur sucr\u00e9e des baies et la douceur agr\u00e9able du menthol.<\/p>\n<p data-start=\"4705\" data-end=\"4964\">Le Mix Berry Ice est parfaitement adapt\u00e9 aux vapoteurs qui appr\u00e9cient un \u00e9quilibre entre douceur et fra\u00eecheur. La saveur ne reste pas seulement sur la langue, mais laisse \u00e9galement une sensation rafra\u00eechissante dans la gorge qui persiste longtemps apr\u00e8s l'expiration.<\/p>\n<h4 data-start=\"4966\" data-end=\"5006\"><strong data-start=\"4971\" data-end=\"5006\">D'autres possibilit\u00e9s de saveur<\/strong><\/h4>\n<p data-start=\"5008\" data-end=\"5435\">Le JNR Shisha Hookah 12000 Z\u00fcge Einweg E Zigarette propose de nombreuses autres saveurs passionnantes. Chaque saveur a \u00e9t\u00e9 soigneusement d\u00e9velopp\u00e9e pour reproduire l'exp\u00e9rience authentique du shisha et offrir l'exp\u00e9rience de vapotage parfaite pour toutes les occasions. Que vous recherchiez une saveur fruit\u00e9es, sucr\u00e9e, \u00e9pic\u00e9e ou rafra\u00eechissante, la diversit\u00e9 est grande, vous permettant de d\u00e9couvrir \u00e0 chaque fois de nouvelles combinaisons de saveurs.<\/p>\n<p><img loading=\"lazy\" decoding=\"async\" class=\"alignnone wp-image-2539 size-full\" src=\"https:\/\/alfakherwelt.de\/wp-content\/uploads\/2025\/03\/JNR-SHISHA-Disposable-Vape-12000-puffs.webp\" alt=\"JNR Shisha Hookah 12000 tirages cigarette \u00e9lectronique jetable - MIX BERRY ICE\" width=\"800\" height=\"800\" title=\"\" srcset=\"https:\/\/alfakherwelt.de\/wp-content\/uploads\/2025\/03\/JNR-SHISHA-Disposable-Vape-12000-puffs.webp 800w, https:\/\/alfakherwelt.de\/wp-content\/uploads\/2025\/03\/JNR-SHISHA-Disposable-Vape-12000-puffs-300x300.webp 300w, https:\/\/alfakherwelt.de\/wp-content\/uploads\/2025\/03\/JNR-SHISHA-Disposable-Vape-12000-puffs-150x150.webp 150w, https:\/\/alfakherwelt.de\/wp-content\/uploads\/2025\/03\/JNR-SHISHA-Disposable-Vape-12000-puffs-768x768.webp 768w, https:\/\/alfakherwelt.de\/wp-content\/uploads\/2025\/03\/JNR-SHISHA-Disposable-Vape-12000-puffs-12x12.webp 12w, https:\/\/alfakherwelt.de\/wp-content\/uploads\/2025\/03\/JNR-SHISHA-Disposable-Vape-12000-puffs-600x600.webp 600w, https:\/\/alfakherwelt.de\/wp-content\/uploads\/2025\/03\/JNR-SHISHA-Disposable-Vape-12000-puffs-100x100.webp 100w\" sizes=\"auto, (max-width: 800px) 100vw, 800px\" \/><\/p>\n<h3 data-start=\"5437\" data-end=\"5530\"><strong data-start=\"5441\" data-end=\"5530\">Pourquoi devriez-vous les<a href=\"https:\/\/alfakherwelt.de\/fr\/categorie-de-produit\/request-failed-with-status-code-534\/\"> JNR Shisha Hookah 12000 tirages<\/a> Cigarette \u00e9lectronique jetable acheter chez nous ?<\/strong><\/h3>\n<p data-start=\"5532\" data-end=\"5838\">En tant que plus grande plate-forme de vente en ligne de vapes jetables en Allemagne, propose <strong data-start=\"5611\" data-end=\"5630\">alfakherwelt.de<\/strong> Vous offrir les produits les meilleurs et de haute qualit\u00e9 aux meilleurs prix. Nos clients appr\u00e9cient non seulement la haute qualit\u00e9 de nos produits, mais \u00e9galement le service client excellent et la livraison rapide.<\/p>\n<ul data-start=\"5840\" data-end=\"6347\">\n<li data-start=\"5840\" data-end=\"5935\"><strong data-start=\"5842\" data-end=\"5863\">Qualit\u00e9 sup\u00e9rieure :<\/strong> Nous n'offrons que des produits d'origine de marques auxquelles vous pouvez faire confiance.<\/li>\n<li data-start=\"5936\" data-end=\"6098\"><strong data-start=\"5938\" data-end=\"5962\">Choix multiple :<\/strong> Avec un large choix d'ar\u00f4mes et de mod\u00e8les de cigarettes \u00e9lectroniques, vous avez la libert\u00e9 de trouver le vape parfait pour vos besoins.<\/li>\n<li data-start=\"6099\" data-end=\"6224\"><strong data-start=\"6101\" data-end=\"6126\">Achat en ligne pratique :<\/strong> Commandez confortablement depuis chez vous et profitez de livraisons rapides et s\u00e9curis\u00e9es.<\/li>\n<li data-start=\"6225\" data-end=\"6347\"><strong data-start=\"6227\" data-end=\"6248\">Achat s\u00e9curis\u00e9 :<\/strong> Chez nous, votre paiement est s\u00e9curis\u00e9 et nous vous offrons un service client fiable \u00e0 tout moment.<\/li>\n<\/ul>\n<h3 data-start=\"6349\" data-end=\"6413\"><strong data-start=\"6353\" data-end=\"6413\">Foire aux questions sur la <a href=\"https:\/\/alfakherwelt.de\/fr\/categorie-de-produit\/request-failed-with-status-code-534\/\">JNR Shisha Hookah 12000 tirages<\/a> Cigarette \u00e9lectronique jetable<\/strong><\/h3>\n<p data-start=\"6415\" data-end=\"6654\"><strong data-start=\"6415\" data-end=\"6509\">1. Combien de bouff\u00e9es puis-je faire avec la cigarette \u00e9lectronique jetable JNR Shisha Hookah 12000 bouff\u00e9es ?<\/strong><br data-start=\"6509\" data-end=\"6512\" \/>Vous pouvez profiter jusqu'\u00e0 12 000 bouff\u00e9es avec cette cigarette \u00e9lectronique jetable - c'est plus que suffisant pour de nombreuses semaines ou mois de plaisir.<\/p>\n<p data-start=\"6656\" data-end=\"6837\"><strong data-start=\"6656\" data-end=\"6691\">2. Le produit contient-il de la nicotine ?<\/strong><br data-start=\"6691\" data-end=\"6694\" \/>Oui, la cigarette \u00e9lectronique jetable JNR Shisha Hookah 12000 bouff\u00e9es contient du nicotin sous forme de sel 2%, ce qui procure une exp\u00e9rience de shisha intense et authentique.<\/p>\n<p data-start=\"6839\" data-end=\"7004\"><strong data-start=\"6839\" data-end=\"6886\">3. Puis-je recharger la cigarette \u00e9lectronique ?<\/strong><br data-start=\"6886\" data-end=\"6889\" \/>Oui, la cigarette \u00e9lectronique JNR Shisha Hookah est rechargeable, vous pouvez donc la r\u00e9utiliser \u00e0 chaque fois que n\u00e9cessaire.<\/p>\n<p data-start=\"7006\" data-end=\"7213\"><strong data-start=\"7006\" data-end=\"7088\">4. La JNR Shisha Hookah 12000 Z\u00fcge E Zigarette est-elle disponible en Allemagne ?<\/strong><br data-start=\"7088\" data-end=\"7091\" \/>Oui, vous pouvez acheter commod\u00e9ment le JNR Shisha Hookah 12000 bouff\u00e9es cigarette \u00e9lectronique jetable sur notre site web <strong data-start=\"7186\" data-end=\"7205\">alfakherwelt.de<\/strong> acheter.<\/p>\n<h3 data-start=\"7215\" data-end=\"7239\"><strong data-start=\"7219\" data-end=\"7239\">Conclusion<\/strong><\/h3>\n<p data-start=\"7241\" data-end=\"7670\" data-is-last-node=\"\" data-is-only-node=\"\">La JNR Shisha Hookah 12000 tir\u00e9es cigarette \u00e9lectronique jetable est le choix parfait pour tous ceux qui veulent profiter de l'exp\u00e9rience traditionnelle du narguil\u00e9 dans un format moderne et pratique. Avec un grand nombre de tir\u00e9es, des ar\u00f4mes intenses et un design convivial, ce produit est un excellent choix pour les vapoteurs en Allemagne. Commandez maintenant sur <a href=\"https:\/\/alfakherwelt.de\/fr\/\"><strong data-start=\"7604\" data-end=\"7623\">alfakherwelt.de<\/strong> <\/a>et vivez l'exp\u00e9rience ultime de la chicha !<\/p>","protected":false},"excerpt":{"rendered":"<div class=\"flex-shrink-0 flex flex-col relative items-end\">\n<div class=\"pt-0\">\n<div class=\"gizmo-shadow-stroke flex h-8 w-8 items-center justify-center overflow-hidden rounded-full\">\n<div class=\"h-full w-full\">\n<div class=\"flex-shrink-0 flex flex-col relative items-end\">\n<div class=\"pt-0\">\n<div class=\"gizmo-shadow-stroke flex h-8 w-8 items-center justify-center overflow-hidden rounded-full\">\n<div class=\"h-full w-full\">\n<div class=\"gizmo-shadow-stroke overflow-hidden rounded-full\">\n<div class=\"flex-1 overflow-hidden\">\n<div class=\"h-full\">\n<div class=\"react-scroll-to-bottom--css-nphjn-79elbk h-full\">\n<div class=\"react-scroll-to-bottom--css-nphjn-1n7m0yu\">\n<div class=\"flex flex-col text-sm md:pb-9\">\n<article class=\"w-full scroll-mb-[var(--thread-trailing-height,150px)] text-token-text-primary focus-visible:outline-2 focus-visible:outline-offset-[-4px]\" dir=\"auto\" data-testid=\"conversation-turn-5\" data-scroll-anchor=\"true\">\n<div class=\"m-auto text-base py-[18px] px-3 md:px-4 w-full md:px-5 lg:px-4 xl:px-5\">\n<div class=\"mx-auto flex flex-1 gap-4 text-base md:gap-5 lg:gap-6 md:max-w-3xl lg:max-w-[40rem] xl:max-w-[48rem]\">\n<div class=\"group\/conversation-turn relative flex w-full min-w-0 flex-col agent-turn\">\n<div class=\"flex-col gap-1 md:gap-3\">\n<div class=\"flex max-w-full flex-col flex-grow\">\n<div class=\"min-h-8 text-message flex w-full flex-col items-end gap-2 whitespace-normal break-words [.text-message+&amp;]:mt-5\" dir=\"auto\" data-message-author-role=\"assistant\" data-message-id=\"1982dcee-f0f5-4cfa-a269-fdbaed43d922\" data-message-model-slug=\"gpt-4o\">\n<div class=\"flex w-full flex-col gap-1 empty:hidden first:pt-[3px]\">\n<div class=\"markdown prose w-full break-words dark:prose-invert light\">\n<div class=\"flex-1 overflow-hidden\">\n<div class=\"h-full\">\n<div class=\"react-scroll-to-bottom--css-xrsce-79elbk h-full\">\n<div class=\"react-scroll-to-bottom--css-xrsce-1n7m0yu\">\n<div class=\"flex flex-col text-sm md:pb-9\">\n<article class=\"w-full scroll-mb-[var(--thread-trailing-height,150px)] text-token-text-primary focus-visible:outline-2 focus-visible:outline-offset-[-4px]\" dir=\"auto\" data-testid=\"conversation-turn-5\" data-scroll-anchor=\"true\">\n<div class=\"m-auto text-base py-[18px] px-3 md:px-4 w-full md:px-5 lg:px-4 xl:px-5\">\n<div class=\"mx-auto flex flex-1 gap-4 text-base md:gap-5 lg:gap-6 md:max-w-3xl lg:max-w-[40rem] xl:max-w-[48rem]\">\n<div class=\"group\/conversation-turn relative flex w-full min-w-0 flex-col agent-turn\">\n<div class=\"flex-col gap-1 md:gap-3\">\n<div class=\"flex max-w-full flex-col flex-grow\">\n<div class=\"min-h-8 text-message flex w-full flex-col items-end gap-2 whitespace-normal break-words [.text-message+&amp;]:mt-5\" dir=\"auto\" data-message-author-role=\"assistant\" data-message-id=\"1a0c8d71-a6be-4cc9-b460-deb3e7ecbf47\" data-message-model-slug=\"gpt-4o\">\n<div class=\"flex w-full flex-col gap-1 empty:hidden first:pt-[3px]\">\n<div class=\"markdown prose w-full break-words dark:prose-invert light\">\n<div class=\"flex-1 overflow-hidden\">\n<div class=\"h-full\">\n<div class=\"react-scroll-to-bottom--css-gqbzc-79elbk h-full\">\n<div class=\"react-scroll-to-bottom--css-gqbzc-1n7m0yu\">\n<div class=\"flex flex-col text-sm md:pb-9\">\n<article class=\"w-full scroll-mb-[var(--thread-trailing-height,150px)] text-token-text-primary focus-visible:outline-2 focus-visible:outline-offset-[-4px]\" dir=\"auto\" data-testid=\"conversation-turn-5\" data-scroll-anchor=\"true\">\n<div class=\"m-auto text-base py-[18px] px-3 md:px-4 w-full md:px-5 lg:px-4 xl:px-5\">\n<div class=\"mx-auto flex flex-1 gap-4 text-base md:gap-5 lg:gap-6 md:max-w-3xl lg:max-w-[40rem] xl:max-w-[48rem]\">\n<div class=\"group\/conversation-turn relative flex w-full min-w-0 flex-col agent-turn\">\n<div class=\"flex-col gap-1 md:gap-3\">\n<div class=\"flex max-w-full flex-col flex-grow\">\n<div class=\"min-h-8 text-message flex w-full flex-col items-end gap-2 whitespace-normal break-words [.text-message+&amp;]:mt-5\" dir=\"auto\" data-message-author-role=\"assistant\" data-message-id=\"ca066132-0777-4603-995e-a689971b3380\" data-message-model-slug=\"gpt-4o\">\n<div class=\"flex w-full flex-col gap-1 empty:hidden first:pt-[3px]\">\n<div class=\"markdown prose w-full break-words dark:prose-invert light\">\n<div class=\"flex-1 overflow-hidden @container\/thread\">\n<div class=\"h-full\">\n<div class=\"react-scroll-to-bottom--css-rkqgb-79elbk h-full\">\n<div class=\"react-scroll-to-bottom--css-rkqgb-1n7m0yu\">\n<div class=\"flex flex-col text-sm md:pb-9\">\n<article class=\"w-full scroll-mb-[var(--thread-trailing-height,150px)] text-token-text-primary focus-visible:outline-2 focus-visible:outline-offset-[-4px]\" dir=\"auto\" data-testid=\"conversation-turn-9\" data-scroll-anchor=\"true\">\n<div class=\"m-auto text-base py-[18px] px-3 md:px-4 w-full md:px-5 lg:px-4 xl:px-5\">\n<div class=\"mx-auto flex flex-1 gap-4 text-base md:gap-5 lg:gap-6 md:max-w-3xl lg:max-w-[40rem] xl:max-w-[48rem]\">\n<div class=\"group\/conversation-turn relative flex w-full min-w-0 flex-col agent-turn\">\n<div class=\"flex-col gap-1 md:gap-3\">\n<div class=\"flex max-w-full flex-col flex-grow\">\n<div class=\"min-h-8 text-message flex w-full flex-col items-end gap-2 whitespace-normal break-words text-start [.text-message+&amp;]:mt-5\" dir=\"auto\" data-message-author-role=\"assistant\" data-message-id=\"87137e43-9a3e-4479-90ac-22c23781ee39\" data-message-model-slug=\"gpt-4o\">\n<div class=\"flex w-full flex-col gap-1 empty:hidden first:pt-[3px]\">\n<div class=\"markdown prose w-full break-words dark:prose-invert light\">\n<div class=\"flex-1 overflow-hidden @container\/thread\">\n<div class=\"h-full\">\n<div class=\"react-scroll-to-bottom--css-cgxka-79elbk h-full\">\n<div class=\"react-scroll-to-bottom--css-cgxka-1n7m0yu\">\n<div class=\"flex flex-col text-sm md:pb-9\">\n<article class=\"w-full scroll-mb-[var(--thread-trailing-height,150px)] text-token-text-primary focus-visible:outline-2 focus-visible:outline-offset-[-4px]\" dir=\"auto\" data-testid=\"conversation-turn-5\" data-scroll-anchor=\"true\">\n<div class=\"m-auto text-base py-[18px] px-3 md:px-4 w-full md:px-5 lg:px-4 xl:px-5\">\n<div class=\"mx-auto flex flex-1 gap-4 text-base md:gap-5 lg:gap-6 md:max-w-3xl lg:max-w-[40rem] xl:max-w-[48rem]\">\n<div class=\"group\/conversation-turn relative flex w-full min-w-0 flex-col agent-turn\">\n<div class=\"flex-col gap-1 md:gap-3\">\n<div class=\"flex max-w-full flex-col flex-grow\">\n<div class=\"min-h-8 text-message flex w-full flex-col items-end gap-2 whitespace-normal break-words text-start [.text-message+&amp;]:mt-5\" dir=\"auto\" data-message-author-role=\"assistant\" data-message-id=\"e1e13d20-b396-4dc4-abdf-40facc05c4de\" data-message-model-slug=\"gpt-4o\">\n<div class=\"flex w-full flex-col gap-1 empty:hidden first:pt-[3px]\">\n<div class=\"markdown prose w-full break-words dark:prose-invert light\">\n<article class=\"w-full text-token-text-primary focus-visible:outline-2 focus-visible:outline-offset-[-4px]\" dir=\"auto\" data-testid=\"conversation-turn-5\" data-scroll-anchor=\"true\">\n<div class=\"m-auto text-base py-[18px] px-6\">\n<div class=\"mx-auto flex flex-1 text-base gap-4 md:gap-5 lg:gap-6 md:max-w-3xl lg:max-w-[40rem] xl:max-w-[48rem]\">\n<div class=\"group\/conversation-turn relative flex w-full min-w-0 flex-col agent-turn @xs\/thread:px-0 @sm\/thread:px-1.5 @md\/thread:px-4\">\n<div class=\"flex-col gap-1 md:gap-3\">\n<div class=\"flex max-w-full flex-col flex-grow\">\n<div class=\"min-h-8 text-message relative flex w-full flex-col items-end gap-2 whitespace-normal break-words text-start [.text-message+&amp;]:mt-5\" dir=\"auto\" data-message-author-role=\"assistant\" data-message-id=\"51763e35-51b7-4975-b502-ef0fa0dda04b\" data-message-model-slug=\"gpt-4o\">\n<div class=\"flex w-full flex-col gap-1 empty:hidden first:pt-[3px]\">\n<div class=\"markdown prose w-full break-words dark:prose-invert light\">\n<p data-start=\"0\" data-end=\"355\" data-is-last-node=\"\" data-is-only-node=\"\">La <strong>JNR Shisha Hookah 12000 tirages<\/strong> Une cigarette \u00e9lectronique jetable offre une exp\u00e9rience de shisha authentique avec des ar\u00f4mes intenses, 12 000 bouff\u00e9es, une batterie pratique rechargeable et un design compact, parfait pour les vapoteurs qui souhaitent profiter d'une exp\u00e9rience de vapotage longue dur\u00e9e et rafra\u00eechissante en d\u00e9placement.<\/p>\n<\/div>\n<\/div>\n<\/div>\n<\/div>\n<\/div>\n<\/div>\n<\/div>\n<\/div>\n<\/article>\n<\/div>\n<\/div>\n<\/div>\n<\/div>\n<\/div>\n<\/div>\n<\/div>\n<\/div>\n<\/article>\n<\/div>\n<\/div>\n<\/div>\n<\/div>\n<\/div>\n<\/div>\n<\/div>\n<\/div>\n<\/div>\n<\/div>\n<\/div>\n<\/div>\n<\/div>\n<\/article>\n<\/div>\n<\/div>\n<\/div>\n<\/div>\n<\/div>\n<\/div>\n<\/div>\n<\/div>\n<\/div>\n<\/div>\n<\/div>\n<\/div>\n<\/div>\n<\/article>\n<\/div>\n<\/div>\n<\/div>\n<\/div>\n<\/div>\n<\/div>\n<\/div>\n<\/div>\n<\/div>\n<\/div>\n<\/div>\n<\/div>\n<\/div>\n<\/article>\n<\/div>\n<\/div>\n<\/div>\n<\/div>\n<\/div>\n<\/div>\n<\/div>\n<\/div>\n<\/div>\n<div class=\"mt-3 w-full empty:hidden\">\n<div class=\"text-center\"><\/div>\n<\/div>\n<\/div>\n<div class=\"absolute\">\n<div class=\"flex items-center justify-center\"><\/div>\n<\/div>\n<\/div>\n<\/div>\n<\/div>\n<\/article>\n<\/div>\n<\/div>\n<\/div>\n<\/div>\n<\/div>\n<div class=\"md:pt-0 dark:border-white\/20 md:border-transparent md:dark:border-transparent w-full\">\n<div>\n<div class=\"m-auto text-base px-3 md:px-4 w-full md:px-5 lg:px-4 xl:px-5\">\n<div class=\"mx-auto flex flex-1 gap-4 text-base md:gap-5 lg:gap-6 md:max-w-3xl lg:max-w-[40rem] xl:max-w-[48rem]\">\n<div class=\"flex justify-center\"><\/div>\n<\/div>\n<\/div>\n<\/div>\n<\/div>\n<\/div>\n<\/div>\n<\/div>\n<\/div>\n<\/div>\n<\/div>\n<\/div>\n<\/div>\n<\/div>","protected":false},"featured_media":2550,"comment_status":"open","ping_status":"closed","template":"","meta":[],"product_brand":[],"product_cat":[114],"product_tag":[],"class_list":{"0":"post-2549","1":"product","2":"type-product","3":"status-publish","4":"has-post-thumbnail","6":"product_cat-jnr-shisha-hookah-12000","8":"first","9":"instock","10":"sale","11":"shipping-taxable","12":"purchasable","13":"product-type-simple"},"jetpack_sharing_enabled":true,"_links":{"self":[{"href":"https:\/\/alfakherwelt.de\/fr\/wp-json\/wp\/v2\/product\/2549","targetHints":{"allow":["GET"]}}],"collection":[{"href":"https:\/\/alfakherwelt.de\/fr\/wp-json\/wp\/v2\/product"}],"about":[{"href":"https:\/\/alfakherwelt.de\/fr\/wp-json\/wp\/v2\/types\/product"}],"replies":[{"embeddable":true,"href":"https:\/\/alfakherwelt.de\/fr\/wp-json\/wp\/v2\/comments?post=2549"}],"wp:featuredmedia":[{"embeddable":true,"href":"https:\/\/alfakherwelt.de\/fr\/wp-json\/wp\/v2\/media\/2550"}],"wp:attachment":[{"href":"https:\/\/alfakherwelt.de\/fr\/wp-json\/wp\/v2\/media?parent=2549"}],"wp:term":[{"taxonomy":"product_brand","embeddable":true,"href":"https:\/\/alfakherwelt.de\/fr\/wp-json\/wp\/v2\/product_brand?post=2549"},{"taxonomy":"product_cat","embeddable":true,"href":"https:\/\/alfakherwelt.de\/fr\/wp-json\/wp\/v2\/product_cat?post=2549"},{"taxonomy":"product_tag","embeddable":true,"href":"https:\/\/alfakherwelt.de\/fr\/wp-json\/wp\/v2\/product_tag?post=2549"}],"curies":[{"name":"wp","href":"https:\/\/api.w.org\/{rel}","templated":true}]}}