{"id":2202,"date":"2025-02-05T01:26:19","date_gmt":"2025-02-05T01:26:19","guid":{"rendered":"https:\/\/alfakherwelt.de\/?post_type=product&#038;p=2202"},"modified":"2025-06-03T07:03:32","modified_gmt":"2025-06-03T07:03:32","slug":"al-fakher-crown-bar-8000-bouffees-cigarette-electronique-jetable-fruit-de-la-passion-sucre-40","status":"publish","type":"product","link":"https:\/\/alfakherwelt.de\/fr\/produit\/al-fakher-crown-bar-8000-bouffees-cigarette-electronique-jetable-fruit-de-la-passion-sucre-40\/","title":{"rendered":"Arymi Hookalit 40000 Z\u00fcge Einweg E Zigarette \u2013 Passion Fruit \n devient \n\nArymi Hookalit 40000 tirages cigarette \u00e9lectronique jetable - Fruit de la passion"},"content":{"rendered":"<div style=\"width: 1020px;\" class=\"wp-video\"><video class=\"wp-video-shortcode\" id=\"video-2202-1\" width=\"1020\" height=\"574\" preload=\"metadata\" controls=\"controls\"><source type=\"video\/mp4\" src=\"https:\/\/alfakherwelt.de\/wp-content\/uploads\/2025\/01\/arymi-hookalit-40000-\u89c6\u9891.mp4?_=1\" \/><a href=\"https:\/\/alfakherwelt.de\/wp-content\/uploads\/2025\/01\/arymi-hookalit-40000-\u89c6\u9891.mp4\">https:\/\/alfakherwelt.de\/wp-content\/uploads\/2025\/01\/arymi-hookalit-40000-\u89c6\u9891.mp4<\/a><\/video><\/div>\n<h2><strong><a href=\"https:\/\/alfakherwelt.de\/fr\/categorie-de-produit\/request-failed-with-status-code-547\/\">Arymi Hookalit 40000 Z\u00fcge \n\nbecomes \n\nArymi Hookalit 40000 trains<\/a> Cigarette \u00e9lectronique jetable : D\u00e9couvrez le plaisir ultime de la vape en Allemagne<\/strong><\/h2>\n<p>La <strong>Arymi Hookalit 40000 Z\u00fcge Einweg E-Zigarette -&gt; \nArymi Hookalit 40000 tirages cigarette \u00e9lectronique jetable<\/strong> fixe de nouvelles normes dans le monde des cigarettes \u00e9lectroniques jetables. Avec une capacit\u00e9 impressionnante pouvant aller jusqu'\u00e0 <strong>40 000 trains \nor \n40.000 trains \nor \n40 000 Z\u00fcgen -&gt; 40 000 convoi \n -&gt; 40.000 convoi \n40.000 Z\u00fcgen \nis  40 000 convois \n Convaincu  no \n Convoy -&gt; convoi \n40.000 Z\u00fcgen \n40 000 convoi \n40.000 convoi \n40.000 convois \n Convoy \nThe best  response \n40.000 Z\u00fcgen \nis \n40 000 convois<\/strong> Et avec une performance exceptionnelle, cet appareil offre une exp\u00e9rience de vapeur incomparable. Id\u00e9al pour les vapoteurs qui recherchent la qualit\u00e9, le confort et une vari\u00e9t\u00e9 d'ar\u00f4mes, l'Arymi Hookalit dispose de tout ce dont vous avez besoin pour vivre la jouissance parfaite de la vape.<\/p>\n<p>Dans cet article, nous vous pr\u00e9sentons des informations d\u00e9taill\u00e9es sur la <strong>Arymi Hookalit 40000 Z\u00fcge Einweg E-Zigarette -&gt; \nArymi Hookalit 40000 tirages cigarette \u00e9lectronique jetable<\/strong>leurs propri\u00e9t\u00e9s uniques et leurs ar\u00f4mes. Si vous \u00eates \u00e0 la recherche d'un fournisseur fiable et puissant <strong>Cigarette \u00e9lectronique jetable avec nicotine<\/strong> vous trouverez sur notre site Web, <strong>alfakherwelt.de<\/strong>la meilleure offre.<\/p>\n<h3><strong>Description du produit :<\/strong><\/h3>\n<p>La <strong>Arymi Hookalit 40000 Z\u00fcge Einweg E-Zigarette -&gt; \nArymi Hookalit 40000 tirages cigarette \u00e9lectronique jetable<\/strong> est l'un des vapes jetables les plus avanc\u00e9s et les plus puissants disponibles sur le march\u00e9. Avec un <strong>40ml E-Liquid<\/strong> offre non seulement une longue dur\u00e9e de vie, mais \u00e9galement une polyvalence impressionnante en termes de saveur et d'exp\u00e9rience de vape. Que vous soyez amateur de classique <strong>MTL<\/strong> (Mouth to Lung) Pr\u00e9f\u00e8rent vapoter ou <strong>DL<\/strong> (Vape directe) Vouloir vapoter - les <strong>Arymi Hookalit<\/strong> s'adapte parfaitement \u00e0 vos besoins.<\/p>\n<p>La <strong>int\u00e9gr\u00e9e 1300mAh<\/strong> Batterie rechargeable assure que votre <strong>Cigarette \u00e9lectronique jetable<\/strong> toujours pr\u00eat \u00e0 l'emploi et vous offre une longue dur\u00e9e d'utilisation. Gr\u00e2ce \u00e0 la <strong>Charge USB Type-C<\/strong> (C\u00e2ble non inclus) vous pouvez recharger rapidement la batterie pour continuer votre exp\u00e9rience de vapotage sans longues interruptions.<\/p>\n<p>Un autre trait remarquable est le <strong>0,6 ohm Mesh Coil<\/strong>qui assure une production de vapeur uniforme et intensive. Le <strong>Embout de goutte \u00e0 boire de type paille<\/strong> assure une sensation de tirage agr\u00e9able, et le <strong>\u00e9cran num\u00e9rique<\/strong> permet une utilisation et un contr\u00f4le faciles des param\u00e8tres.<\/p>\n<p>La <strong>Arymi Hookalit 40000 Z\u00fcge Einweg E-Zigarette -&gt; \nArymi Hookalit 40000 tirages cigarette \u00e9lectronique jetable<\/strong> viens avec une <strong>activation du train facile \u00e0 utiliser<\/strong>, de sorte que vous puissiez simplement tirer sur la cigarette \u00e9lectronique pour appr\u00e9cier la vapeur. Pour ceux qui accordent de l'importance \u00e0 la flexibilit\u00e9, la <strong>Contr\u00f4le de d\u00e9bit d'air r\u00e9glable<\/strong> le r\u00e9glage parfait pour le vapotage MTL et DL.<\/p>\n<p>Le <strong>Niveau de nicotine de 5 mg\/ml<\/strong> (0,5%) offre un m\u00e9lange \u00e9quilibr\u00e9 pour ceux qui pr\u00e9f\u00e8rent une absorption mod\u00e9r\u00e9e de nicotine. Que vous soyez un vapoteur exp\u00e9riment\u00e9 ou un d\u00e9butant, les <strong>Arymi Hookalit<\/strong> offre une exp\u00e9rience de vapeur agr\u00e9able \u00e0 chaque trajet.<\/p>\n<h2><img loading=\"lazy\" decoding=\"async\" class=\"alignnone wp-image-2120 size-full\" style=\"color: #555555; font-size: 14.4px;\" src=\"https:\/\/alfakherwelt.de\/wp-content\/uploads\/2025\/01\/arymi-hookalit-40000-.webp\" alt=\"Arymi Hookalit 40000 Z\u00fcge Einweg E Zigarette - Passion Fruit  devient Arymi Hookalit 40000 tirages cigarette \u00e9lectronique jetable - Fruit de la passion\" width=\"2000\" height=\"2000\" title=\"\" srcset=\"https:\/\/alfakherwelt.de\/wp-content\/uploads\/2025\/01\/arymi-hookalit-40000-.webp 2000w, https:\/\/alfakherwelt.de\/wp-content\/uploads\/2025\/01\/arymi-hookalit-40000--300x300.webp 300w, https:\/\/alfakherwelt.de\/wp-content\/uploads\/2025\/01\/arymi-hookalit-40000--1024x1024.webp 1024w, https:\/\/alfakherwelt.de\/wp-content\/uploads\/2025\/01\/arymi-hookalit-40000--150x150.webp 150w, https:\/\/alfakherwelt.de\/wp-content\/uploads\/2025\/01\/arymi-hookalit-40000--768x768.webp 768w, https:\/\/alfakherwelt.de\/wp-content\/uploads\/2025\/01\/arymi-hookalit-40000--1536x1536.webp 1536w, https:\/\/alfakherwelt.de\/wp-content\/uploads\/2025\/01\/arymi-hookalit-40000--12x12.webp 12w, https:\/\/alfakherwelt.de\/wp-content\/uploads\/2025\/01\/arymi-hookalit-40000--600x600.webp 600w, https:\/\/alfakherwelt.de\/wp-content\/uploads\/2025\/01\/arymi-hookalit-40000--100x100.webp 100w\" sizes=\"auto, (max-width: 2000px) 100vw, 2000px\" \/><\/h2>\n<h3><strong>Caract\u00e9ristiques du produit de la <a href=\"https:\/\/alfakherwelt.de\/fr\/categorie-de-produit\/request-failed-with-status-code-547\/\">Arymi Hookalit 40000 Z\u00fcge \n\nbecomes \n\nArymi Hookalit 40000 trains<\/a> Cigarette \u00e9lectronique jetable :<\/strong><\/h3>\n<ul>\n<li><strong>40 ml de capacit\u00e9 de liquide \u00e9lectronique :<\/strong> Offre une dur\u00e9e de vie exceptionnellement longue avec jusqu'\u00e0 40 000 bouff\u00e9es en style MTL et 20 000 bouff\u00e9es en style DL.<\/li>\n<li><strong>Batterie rechargeable de 1300mAh :<\/strong> Permet une utilisation prolong\u00e9e et est facilement rechargeable via USB Type-C.<\/li>\n<li><strong>0,6 Ohm Mesh Coil<\/strong> Garantit une production de vapeur uniforme et intensive.<\/li>\n<li><strong>Embout de goutte \u00e0 goutte en forme de paille :<\/strong> Pour une sensation de conduite agr\u00e9able et un confort simple.<\/li>\n<li><strong>Contr\u00f4le de d\u00e9bit d'air r\u00e9glable :<\/strong> Optimisez votre exp\u00e9rience de vape pour MTL ou DL selon vos pr\u00e9f\u00e9rences.<\/li>\n<li><strong>\u00c9cran num\u00e9rique :<\/strong> Offre une interface utilisateur simple pour surveiller les param\u00e8tres de la vape.<\/li>\n<li><strong>Force de nicotine :<\/strong> 0,5% de nicotine (5 mg\/ml), parfait pour une consommation mod\u00e9r\u00e9e.<\/li>\n<li><strong>Ar\u00f4mes authentiques de Shisha :<\/strong> Id\u00e9al pour le vapotage DTL (Direct to Lung) et une large gamme de saveurs.<\/li>\n<li><strong>Activation du train :<\/strong> Profitez d'une exp\u00e9rience de vapeur sans stress qui r\u00e9agit au train.<\/li>\n<li><strong>Charge USB Type-C :<\/strong> Pour un chargement rapide sans longues attentes.<\/li>\n<\/ul>\n<p><strong>Contenu de l'emballage de l'Arymi Hookalit 40000 tirages E-cigarette jetable :<\/strong><\/p>\n<ul>\n<li>1 x Arymi Hookalit 40K Kit jetable<\/li>\n<\/ul>\n<hr \/>\n<h3><strong>ar\u00f4mes de la <a href=\"https:\/\/alfakherwelt.de\/fr\/categorie-de-produit\/request-failed-with-status-code-547\/\">Arymi Hookalit 40000 Z\u00fcge \n\nbecomes \n\nArymi Hookalit 40000 trains<\/a> Cigarette \u00e9lectronique jetable :<\/strong><\/h3>\n<p>La <strong>Arymi Hookalit 40000 Z\u00fcge Einweg E-Zigarette -&gt; \nArymi Hookalit 40000 tirages cigarette \u00e9lectronique jetable<\/strong> offre une vari\u00e9t\u00e9 d'ar\u00f4mes qui \u00e9l\u00e8vent l'exp\u00e9rience de vapotage \u00e0 un nouveau niveau. Actuellement, nous proposons dans notre gamme le <strong>Fruit de la passion<\/strong>-Un ar\u00f4me qui procure une exp\u00e9rience de vape parfaite avec sa douceur fruit\u00e9e et exotique ainsi qu'une acidit\u00e9 rafra\u00eechissante. Mais ce n'est pas tout ! Voici les ar\u00f4mes d\u00e9taill\u00e9s :<\/p>\n<h3><strong>Fruit de la passion<\/strong><\/h3>\n<p>La <strong>Fruit de la passion<\/strong> est un super-ar\u00f4me tropical connu pour son \u00e9quilibre unique entre douceur et fra\u00eecheur. Les <strong>douceur fruit\u00e9e<\/strong> La passion est entour\u00e9e d'une agr\u00e9able <strong>note acide<\/strong> accompagn\u00e9, qui offrent ensemble une explosion de saveur rafra\u00eechissante et vivifiante. La saveur est vive et la fra\u00eecheur de la passion garantit que chaque bouff\u00e9e vous rappelle des vacances tropicales. Cette composition de saveurs est particuli\u00e8rement populaire aupr\u00e8s des vapoteurs qui pr\u00e9f\u00e8rent les ar\u00f4mes fruit\u00e9s et sucr\u00e9s, \u00e0 la fois rafra\u00eechissants et pas \u00e9crasants.<\/p>\n<p>Le go\u00fbt de la <strong>Fruit de la passion<\/strong> est particuli\u00e8rement bien adapt\u00e9 pour le <strong>Direct-to-Lung (DL)<\/strong> Style, car il d\u00e9veloppe pleinement la saveur et assure une exp\u00e9rience de vape riche et compl\u00e8te. La <strong>intensit\u00e9 fruit\u00e9e<\/strong> Cet ar\u00f4me est encore renforc\u00e9 par la production de vapeur exceptionnelle de l'Arymi Hookalit, de sorte que chaque tirage est une v\u00e9ritable exp\u00e9rience gustative.<\/p>\n<p>Que ce soit lors d'une relaxation en vapotant \u00e0 la maison ou en d\u00e9placement, les <strong>Fruit de la passion<\/strong> offre une explosion de saveur constante qui ravit vos papilles. Cette saveur est id\u00e9ale pour les vapoteurs qui recherchent une saveur tropicale unique, agr\u00e9able et longue \u00e0 se d\u00e9velopper sur la langue.<\/p>\n<hr \/>\n<h3><strong>Pourquoi vous les <a href=\"https:\/\/alfakherwelt.de\/fr\/categorie-de-produit\/request-failed-with-status-code-547\/\">Arymi Hookalit 40000 Z\u00fcge \n\nbecomes \n\nArymi Hookalit 40000 trains<\/a> Les cigarettes \u00e9lectroniques jetables devraient \u00eatre achet\u00e9es par :<\/strong><\/h3>\n<p>La <strong>Arymi Hookalit 40000 Z\u00fcge Einweg E-Zigarette -&gt; \nArymi Hookalit 40000 tirages cigarette \u00e9lectronique jetable<\/strong> offre une s\u00e9rie d'avantages exceptionnels qui la d\u00e9marquent des autres produits sur le march\u00e9. Voici quelques raisons pour lesquelles ce produit devrait \u00eatre votre premier choix :<\/p>\n<ol>\n<li><strong>Longue dur\u00e9e de vie :<\/strong> Avec une capacit\u00e9 impressionnante de e-liquide de <strong>40ml<\/strong> et d'un nombre de Puff jusqu'\u00e0 <strong>40 000 trains \nor \n40.000 trains \nor \n40 000 Z\u00fcgen -&gt; 40 000 convoi \n -&gt; 40.000 convoi \n40.000 Z\u00fcgen \nis  40 000 convois \n Convaincu  no \n Convoy -&gt; convoi \n40.000 Z\u00fcgen \n40 000 convoi \n40.000 convoi \n40.000 convois \n Convoy \nThe best  response \n40.000 Z\u00fcgen \nis \n40 000 convois<\/strong> (MTL) est l'une des cigarettes \u00e9lectroniques jetables les plus durables du march\u00e9.<\/li>\n<li><strong>Polyvalence :<\/strong> La <strong>Contr\u00f4le de d\u00e9bit d'air r\u00e9glable<\/strong> et la possibilit\u00e9 de passer entre <strong>MTL et DL<\/strong> permettre de passer \u00e0 un autre style, offrent une grande flexibilit\u00e9 pour diff\u00e9rents styles de vapotage.<\/li>\n<li><strong>B\u00e9qu\u00e9m\u00e8s Laden<\/strong> Gr\u00e2ce \u00e0 <strong>Fonction de charge USB Type-C<\/strong> Vous pouvez charger l'appareil rapidement et \u00eates toujours pr\u00eat \u00e0 l'emploi.<\/li>\n<li><strong>Ar\u00f4mes authentiques de Shisha :<\/strong> L'utilisation de v\u00e9ritables ar\u00f4mes de shisha garantit une exp\u00e9rience gustative authentique et de haute qualit\u00e9.<\/li>\n<li><strong>Facile \u00e0 utiliser :<\/strong> Avec la <strong>Activation du train<\/strong> est-ce que vapoter est vraiment facile et ne n\u00e9cessite pas de manipulation compliqu\u00e9e ?<\/li>\n<li><strong>Excellents ar\u00f4mes :<\/strong> Surtout les <strong>Fruit de la passion<\/strong> offre une exp\u00e9rience de vapeur vivifiante et rafra\u00eechissante.<\/li>\n<\/ol>\n<hr \/>\n<h3><strong>Foire aux questions (FAQ) :<\/strong><\/h3>\n<h4><strong>Combien de bouff\u00e9es offre la cigarette \u00e9lectronique jetable Arymi Hookalit 40000 ?<\/strong><\/h4>\n<p>La <strong>Arymi Hookalit 40000 cigarettes \u00e9lectroniques jetables<\/strong> offre <strong>jusqu'\u00e0 40 000 trains en mode MTL<\/strong> et <strong>jusqu'\u00e0 20 000 trains en mode DL<\/strong>.<\/p>\n<h4><strong>Quel est le niveau de nicotine de l'Arymi Hookalit ?<\/strong><\/h4>\n<p>L'appareil contient <strong>0,5% Nicotine<\/strong> (5 mg\/ml), ce qui offre une absorption \u00e9quilibr\u00e9e de nicotine pour la plupart des vapoteurs.<\/p>\n<h4><strong>3. Puis-je recharger l'e-cigarette jetable Arymi Hookalit 40000 ?<\/strong><\/h4>\n<p>Oui, les <strong>Arymi Hookalit 40000<\/strong> dispose d'une <strong>Batterie rechargeable 1300mAh<\/strong>qui sont au-dessus <strong>USB Type-C<\/strong> peut \u00eatre charg\u00e9 (c\u00e2ble de charge non inclus).<\/p>\n<h4><strong>Quelles saveurs sont disponibles ?<\/strong><\/h4>\n<p>Actuellement, nous offrons le <strong>Fruit de la passion<\/strong>Un ar\u00f4me, connu pour sa douceur fruit\u00e9e et rafra\u00eechissante. D'autres ar\u00f4mes pourraient suivre.<\/p>\n<h4><strong>5. Comment puis-je acheter l'Arymi Hookalit 40000 ?<\/strong><\/h4>\n<p>Visitez notre site Web<a href=\"https:\/\/alfakherwelt.de\/fr\/\"> <strong>alfakherwelt.de<\/strong><\/a>la plus grande plateforme en ligne pour <strong>E-cigarettes jetables<\/strong> dans <strong>Allemagne<\/strong>et s\u00e9curisez vos <strong>Arymi Hookalit 40000 Z\u00fcge Einweg E-Zigarette -&gt; \nArymi Hookalit 40000 tirages cigarette \u00e9lectronique jetable<\/strong> encore.<\/p>","protected":false},"excerpt":{"rendered":"<div class=\"flex-shrink-0 flex flex-col relative items-end\">\n<div class=\"pt-0\">\n<div class=\"gizmo-shadow-stroke flex h-8 w-8 items-center justify-center overflow-hidden rounded-full\">\n<div class=\"h-full w-full\">\n<div class=\"flex-shrink-0 flex flex-col relative items-end\">\n<div class=\"pt-0\">\n<div class=\"gizmo-shadow-stroke flex h-8 w-8 items-center justify-center overflow-hidden rounded-full\">\n<div class=\"h-full w-full\">\n<div class=\"gizmo-shadow-stroke overflow-hidden rounded-full\">\n<div class=\"flex-1 overflow-hidden\">\n<div class=\"h-full\">\n<div class=\"react-scroll-to-bottom--css-nphjn-79elbk h-full\">\n<div class=\"react-scroll-to-bottom--css-nphjn-1n7m0yu\">\n<div class=\"flex flex-col text-sm md:pb-9\">\n<article class=\"w-full scroll-mb-[var(--thread-trailing-height,150px)] text-token-text-primary focus-visible:outline-2 focus-visible:outline-offset-[-4px]\" dir=\"auto\" data-testid=\"conversation-turn-5\" data-scroll-anchor=\"true\">\n<div class=\"m-auto text-base py-[18px] px-3 md:px-4 w-full md:px-5 lg:px-4 xl:px-5\">\n<div class=\"mx-auto flex flex-1 gap-4 text-base md:gap-5 lg:gap-6 md:max-w-3xl lg:max-w-[40rem] xl:max-w-[48rem]\">\n<div class=\"group\/conversation-turn relative flex w-full min-w-0 flex-col agent-turn\">\n<div class=\"flex-col gap-1 md:gap-3\">\n<div class=\"flex max-w-full flex-col flex-grow\">\n<div class=\"min-h-8 text-message flex w-full flex-col items-end gap-2 whitespace-normal break-words [.text-message+&amp;]:mt-5\" dir=\"auto\" data-message-author-role=\"assistant\" data-message-id=\"1982dcee-f0f5-4cfa-a269-fdbaed43d922\" data-message-model-slug=\"gpt-4o\">\n<div class=\"flex w-full flex-col gap-1 empty:hidden first:pt-[3px]\">\n<div class=\"markdown prose w-full break-words dark:prose-invert light\">\n<div class=\"flex-1 overflow-hidden\">\n<div class=\"h-full\">\n<div class=\"react-scroll-to-bottom--css-xrsce-79elbk h-full\">\n<div class=\"react-scroll-to-bottom--css-xrsce-1n7m0yu\">\n<div class=\"flex flex-col text-sm md:pb-9\">\n<article class=\"w-full scroll-mb-[var(--thread-trailing-height,150px)] text-token-text-primary focus-visible:outline-2 focus-visible:outline-offset-[-4px]\" dir=\"auto\" data-testid=\"conversation-turn-5\" data-scroll-anchor=\"true\">\n<div class=\"m-auto text-base py-[18px] px-3 md:px-4 w-full md:px-5 lg:px-4 xl:px-5\">\n<div class=\"mx-auto flex flex-1 gap-4 text-base md:gap-5 lg:gap-6 md:max-w-3xl lg:max-w-[40rem] xl:max-w-[48rem]\">\n<div class=\"group\/conversation-turn relative flex w-full min-w-0 flex-col agent-turn\">\n<div class=\"flex-col gap-1 md:gap-3\">\n<div class=\"flex max-w-full flex-col flex-grow\">\n<div class=\"min-h-8 text-message flex w-full flex-col items-end gap-2 whitespace-normal break-words [.text-message+&amp;]:mt-5\" dir=\"auto\" data-message-author-role=\"assistant\" data-message-id=\"1a0c8d71-a6be-4cc9-b460-deb3e7ecbf47\" data-message-model-slug=\"gpt-4o\">\n<div class=\"flex w-full flex-col gap-1 empty:hidden first:pt-[3px]\">\n<div class=\"markdown prose w-full break-words dark:prose-invert light\">\n<div class=\"flex-1 overflow-hidden\">\n<div class=\"h-full\">\n<div class=\"react-scroll-to-bottom--css-gqbzc-79elbk h-full\">\n<div class=\"react-scroll-to-bottom--css-gqbzc-1n7m0yu\">\n<div class=\"flex flex-col text-sm md:pb-9\">\n<article class=\"w-full scroll-mb-[var(--thread-trailing-height,150px)] text-token-text-primary focus-visible:outline-2 focus-visible:outline-offset-[-4px]\" dir=\"auto\" data-testid=\"conversation-turn-5\" data-scroll-anchor=\"true\">\n<div class=\"m-auto text-base py-[18px] px-3 md:px-4 w-full md:px-5 lg:px-4 xl:px-5\">\n<div class=\"mx-auto flex flex-1 gap-4 text-base md:gap-5 lg:gap-6 md:max-w-3xl lg:max-w-[40rem] xl:max-w-[48rem]\">\n<div class=\"group\/conversation-turn relative flex w-full min-w-0 flex-col agent-turn\">\n<div class=\"flex-col gap-1 md:gap-3\">\n<div class=\"flex max-w-full flex-col flex-grow\">\n<div class=\"min-h-8 text-message flex w-full flex-col items-end gap-2 whitespace-normal break-words [.text-message+&amp;]:mt-5\" dir=\"auto\" data-message-author-role=\"assistant\" data-message-id=\"ca066132-0777-4603-995e-a689971b3380\" data-message-model-slug=\"gpt-4o\">\n<div class=\"flex w-full flex-col gap-1 empty:hidden first:pt-[3px]\">\n<div class=\"markdown prose w-full break-words dark:prose-invert light\">\n<div class=\"flex-1 overflow-hidden @container\/thread\">\n<div class=\"h-full\">\n<div class=\"react-scroll-to-bottom--css-rkqgb-79elbk h-full\">\n<div class=\"react-scroll-to-bottom--css-rkqgb-1n7m0yu\">\n<div class=\"flex flex-col text-sm md:pb-9\">\n<article class=\"w-full scroll-mb-[var(--thread-trailing-height,150px)] text-token-text-primary focus-visible:outline-2 focus-visible:outline-offset-[-4px]\" dir=\"auto\" data-testid=\"conversation-turn-9\" data-scroll-anchor=\"true\">\n<div class=\"m-auto text-base py-[18px] px-3 md:px-4 w-full md:px-5 lg:px-4 xl:px-5\">\n<div class=\"mx-auto flex flex-1 gap-4 text-base md:gap-5 lg:gap-6 md:max-w-3xl lg:max-w-[40rem] xl:max-w-[48rem]\">\n<div class=\"group\/conversation-turn relative flex w-full min-w-0 flex-col agent-turn\">\n<div class=\"flex-col gap-1 md:gap-3\">\n<div class=\"flex max-w-full flex-col flex-grow\">\n<div class=\"min-h-8 text-message flex w-full flex-col items-end gap-2 whitespace-normal break-words text-start [.text-message+&amp;]:mt-5\" dir=\"auto\" data-message-author-role=\"assistant\" data-message-id=\"87137e43-9a3e-4479-90ac-22c23781ee39\" data-message-model-slug=\"gpt-4o\">\n<div class=\"flex w-full flex-col gap-1 empty:hidden first:pt-[3px]\">\n<div class=\"markdown prose w-full break-words dark:prose-invert light\">\n<div class=\"flex-1 overflow-hidden @container\/thread\">\n<div class=\"h-full\">\n<div class=\"react-scroll-to-bottom--css-cgxka-79elbk h-full\">\n<div class=\"react-scroll-to-bottom--css-cgxka-1n7m0yu\">\n<div class=\"flex flex-col text-sm md:pb-9\">\n<article class=\"w-full scroll-mb-[var(--thread-trailing-height,150px)] text-token-text-primary focus-visible:outline-2 focus-visible:outline-offset-[-4px]\" dir=\"auto\" data-testid=\"conversation-turn-5\" data-scroll-anchor=\"true\">\n<div class=\"m-auto text-base py-[18px] px-3 md:px-4 w-full md:px-5 lg:px-4 xl:px-5\">\n<div class=\"mx-auto flex flex-1 gap-4 text-base md:gap-5 lg:gap-6 md:max-w-3xl lg:max-w-[40rem] xl:max-w-[48rem]\">\n<div class=\"group\/conversation-turn relative flex w-full min-w-0 flex-col agent-turn\">\n<div class=\"flex-col gap-1 md:gap-3\">\n<div class=\"flex max-w-full flex-col flex-grow\">\n<div class=\"min-h-8 text-message flex w-full flex-col items-end gap-2 whitespace-normal break-words text-start [.text-message+&amp;]:mt-5\" dir=\"auto\" data-message-author-role=\"assistant\" data-message-id=\"e1e13d20-b396-4dc4-abdf-40facc05c4de\" data-message-model-slug=\"gpt-4o\">\n<div class=\"flex w-full flex-col gap-1 empty:hidden first:pt-[3px]\">\n<div class=\"markdown prose w-full break-words dark:prose-invert light\">\n<p>La <strong>Arymi Hookalit 40000 Z\u00fcge Einweg E Zigarette -&gt; \nArymi Hookalit 40000 tirages cigarette \u00e9lectronique jetable<\/strong> offre avec leur <strong>40 ml de capacit\u00e9 de liquide \u00e9lectronique<\/strong>, <strong>1300 mAh batterie<\/strong>, <strong>40 000 trains \nor \n40.000 trains \nor \n40 000 Z\u00fcgen -&gt; 40 000 convoi \n -&gt; 40.000 convoi \n40.000 Z\u00fcgen \nis  40 000 convois \n Convaincu  no \n Convoy -&gt; convoi \n40.000 Z\u00fcgen \n40 000 convoi \n40.000 convoi \n40.000 convois \n Convoy \nThe best  response \n40.000 Z\u00fcgen \nis \n40 000 convois<\/strong> pour MTL, <strong>contr\u00f4le de d\u00e9bit d'air adaptable<\/strong> et le <strong>Fruit de la passion authentique<\/strong>Une saveur offrant une exp\u00e9rience de vape longue dur\u00e9e et personnalisable, parfaitement adapt\u00e9e \u00e0 tous les vapoteurs en Allemagne.<\/p>\n<\/div>\n<\/div>\n<\/div>\n<\/div>\n<\/div>\n<\/div>\n<\/div>\n<\/div>\n<\/article>\n<\/div>\n<\/div>\n<\/div>\n<\/div>\n<\/div>\n<div class=\"md:pt-0 dark:border-white\/20 md:border-transparent md:dark:border-transparent w-full\">\n<div>\n<div class=\"m-auto text-base px-3 md:px-4 w-full md:px-5 lg:px-4 xl:px-5\">\n<div class=\"mx-auto flex flex-1 gap-4 text-base md:gap-5 lg:gap-6 md:max-w-3xl lg:max-w-[40rem] xl:max-w-[48rem]\">\n<div class=\"flex justify-center\"><\/div>\n<\/div>\n<\/div>\n<\/div>\n<\/div>\n<\/div>\n<\/div>\n<\/div>\n<\/div>\n<div class=\"pr-2 lg:pr-0\"><\/div>\n<\/div>\n<\/div>\n<\/div>\n<\/div>\n<\/article>\n<\/div>\n<\/div>\n<\/div>\n<\/div>\n<\/div>\n<\/div>\n<\/div>\n<\/div>\n<\/div>\n<\/div>\n<\/div>\n<\/div>\n<\/div>\n<\/article>\n<\/div>\n<\/div>\n<\/div>\n<\/div>\n<\/div>\n<\/div>\n<\/div>\n<\/div>\n<\/div>\n<\/div>\n<\/div>\n<\/div>\n<\/div>\n<\/article>\n<\/div>\n<\/div>\n<\/div>\n<\/div>\n<\/div>\n<\/div>\n<\/div>\n<\/div>\n<\/div>\n<div class=\"pr-2 lg:pr-0\"><\/div>\n<div class=\"mt-3 w-full empty:hidden\">\n<div class=\"text-center\"><\/div>\n<\/div>\n<\/div>\n<div class=\"absolute\">\n<div class=\"flex items-center justify-center\"><\/div>\n<\/div>\n<\/div>\n<\/div>\n<\/div>\n<\/article>\n<\/div>\n<\/div>\n<\/div>\n<\/div>\n<\/div>\n<div class=\"md:pt-0 dark:border-white\/20 md:border-transparent md:dark:border-transparent w-full\">\n<div>\n<div class=\"m-auto text-base px-3 md:px-4 w-full md:px-5 lg:px-4 xl:px-5\">\n<div class=\"mx-auto flex flex-1 gap-4 text-base md:gap-5 lg:gap-6 md:max-w-3xl lg:max-w-[40rem] xl:max-w-[48rem]\">\n<div class=\"flex justify-center\"><\/div>\n<\/div>\n<\/div>\n<\/div>\n<\/div>\n<\/div>\n<\/div>\n<\/div>\n<\/div>\n<\/div>\n<\/div>\n<\/div>\n<\/div>\n<\/div>","protected":false},"featured_media":2204,"comment_status":"open","ping_status":"closed","template":"","meta":[],"product_brand":[],"product_cat":[110],"product_tag":[],"class_list":{"0":"post-2202","1":"product","2":"type-product","3":"status-publish","4":"has-post-thumbnail","6":"product_cat-arymi-hookalit-40000","8":"first","9":"instock","10":"sale","11":"shipping-taxable","12":"purchasable","13":"product-type-simple"},"jetpack_sharing_enabled":true,"_links":{"self":[{"href":"https:\/\/alfakherwelt.de\/fr\/wp-json\/wp\/v2\/product\/2202","targetHints":{"allow":["GET"]}}],"collection":[{"href":"https:\/\/alfakherwelt.de\/fr\/wp-json\/wp\/v2\/product"}],"about":[{"href":"https:\/\/alfakherwelt.de\/fr\/wp-json\/wp\/v2\/types\/product"}],"replies":[{"embeddable":true,"href":"https:\/\/alfakherwelt.de\/fr\/wp-json\/wp\/v2\/comments?post=2202"}],"wp:featuredmedia":[{"embeddable":true,"href":"https:\/\/alfakherwelt.de\/fr\/wp-json\/wp\/v2\/media\/2204"}],"wp:attachment":[{"href":"https:\/\/alfakherwelt.de\/fr\/wp-json\/wp\/v2\/media?parent=2202"}],"wp:term":[{"taxonomy":"product_brand","embeddable":true,"href":"https:\/\/alfakherwelt.de\/fr\/wp-json\/wp\/v2\/product_brand?post=2202"},{"taxonomy":"product_cat","embeddable":true,"href":"https:\/\/alfakherwelt.de\/fr\/wp-json\/wp\/v2\/product_cat?post=2202"},{"taxonomy":"product_tag","embeddable":true,"href":"https:\/\/alfakherwelt.de\/fr\/wp-json\/wp\/v2\/product_tag?post=2202"}],"curies":[{"name":"wp","href":"https:\/\/api.w.org\/{rel}","templated":true}]}}