{"id":1792,"date":"2025-01-03T03:22:38","date_gmt":"2025-01-03T03:22:38","guid":{"rendered":"https:\/\/alfakherwelt.de\/?post_type=product&#038;p=1792"},"modified":"2025-07-26T09:41:15","modified_gmt":"2025-07-26T09:41:15","slug":"al-fakher-crown-bar-8000-bouffees-cigarette-electronique-jetable-fruit-de-la-passion-sucre-124","status":"publish","type":"product","link":"https:\/\/alfakherwelt.de\/fr\/produit\/al-fakher-crown-bar-8000-bouffees-cigarette-electronique-jetable-fruit-de-la-passion-sucre-124\/","title":{"rendered":"Barre Magique Alpha 20000 bouff\u00e9es Cigarette \u00e9lectronique jetable - P\u00eache Glac\u00e9e"},"content":{"rendered":"<div class=\"flex-1 overflow-hidden @container\/thread\">\n<div class=\"h-full\">\n<div class=\"react-scroll-to-bottom--css-idjtv-79elbk h-full\">\n<div class=\"react-scroll-to-bottom--css-idjtv-1n7m0yu\">\n<div class=\"flex flex-col text-sm md:pb-9\">\n<article class=\"w-full scroll-mb-[var(--thread-trailing-height,150px)] text-token-text-primary focus-visible:outline-2 focus-visible:outline-offset-[-4px]\" dir=\"auto\" data-testid=\"conversation-turn-3\" data-scroll-anchor=\"true\">\n<div class=\"m-auto text-base py-[18px] px-3 md:px-4 w-full md:px-5 lg:px-4 xl:px-5\">\n<div class=\"mx-auto flex flex-1 gap-4 text-base md:gap-5 lg:gap-6 md:max-w-3xl lg:max-w-[40rem] xl:max-w-[48rem]\">\n<div class=\"group\/conversation-turn relative flex w-full min-w-0 flex-col agent-turn\">\n<div class=\"flex-col gap-1 md:gap-3\">\n<div class=\"flex max-w-full flex-col flex-grow\">\n<div class=\"min-h-8 text-message flex w-full flex-col items-end gap-2 whitespace-normal break-words text-start [.text-message+&amp;]:mt-5\" dir=\"auto\" data-message-author-role=\"assistant\" data-message-id=\"7c923f34-4235-4306-a3a8-cdf771c049c4\" data-message-model-slug=\"gpt-4o\">\n<div class=\"flex w-full flex-col gap-1 empty:hidden first:pt-[3px]\">\n<div class=\"markdown prose w-full break-words dark:prose-invert light\">\n<h2><img loading=\"lazy\" decoding=\"async\" class=\"alignnone wp-image-1769 size-full\" src=\"https:\/\/alfakherwelt.de\/wp-content\/uploads\/2025\/01\/2Magic-Bar-Alpha-20000-scaled.webp\" alt=\"Barre Magique Alpha 20000 tirages Cigarette \u00e9lectronique jetable - P\u00eache Glac\u00e9e\" width=\"2560\" height=\"2560\" title=\"\" srcset=\"https:\/\/alfakherwelt.de\/wp-content\/uploads\/2025\/01\/2Magic-Bar-Alpha-20000-scaled.webp 2560w, https:\/\/alfakherwelt.de\/wp-content\/uploads\/2025\/01\/2Magic-Bar-Alpha-20000-300x300.webp 300w, https:\/\/alfakherwelt.de\/wp-content\/uploads\/2025\/01\/2Magic-Bar-Alpha-20000-1024x1024.webp 1024w, https:\/\/alfakherwelt.de\/wp-content\/uploads\/2025\/01\/2Magic-Bar-Alpha-20000-150x150.webp 150w, https:\/\/alfakherwelt.de\/wp-content\/uploads\/2025\/01\/2Magic-Bar-Alpha-20000-768x768.webp 768w, https:\/\/alfakherwelt.de\/wp-content\/uploads\/2025\/01\/2Magic-Bar-Alpha-20000-1536x1536.webp 1536w, https:\/\/alfakherwelt.de\/wp-content\/uploads\/2025\/01\/2Magic-Bar-Alpha-20000-2048x2048.webp 2048w, https:\/\/alfakherwelt.de\/wp-content\/uploads\/2025\/01\/2Magic-Bar-Alpha-20000-12x12.webp 12w, https:\/\/alfakherwelt.de\/wp-content\/uploads\/2025\/01\/2Magic-Bar-Alpha-20000-600x600.webp 600w, https:\/\/alfakherwelt.de\/wp-content\/uploads\/2025\/01\/2Magic-Bar-Alpha-20000-100x100.webp 100w\" sizes=\"auto, (max-width: 2560px) 100vw, 2560px\" \/><\/h2>\n<h2><strong><a href=\"https:\/\/alfakherwelt.de\/fr\/categorie-de-produit\/request-failed-with-status-code-551\/\">Barre magique Alpha 20000 trajets<\/a> Cigarette \u00e9lectronique jetable - Le choix ultime pour les vapoteurs exigeants en Allemagne<\/strong><\/h2>\n<p>La <strong>Barre Magique Alpha 20000 tirages Cigarette \u00e9lectronique jetable<\/strong> est le prochain pas dans la r\u00e9volution de la technologie de vapotage. Avec un nombre impressionnant de 20 000 bouff\u00e9es, elle offre une puissance incomparable qui en fait un choix parfait autant pour les vapoteurs exp\u00e9riment\u00e9s que pour les d\u00e9butants. Gr\u00e2ce \u00e0 sa qualit\u00e9 exceptionnelle et sa facilit\u00e9 d'utilisation, la Magic Bar Alpha devient un incontournable sur le march\u00e9 des <strong>E-cigarettes jetables<\/strong> dans <strong>Allemagne<\/strong>.<\/p>\n<p>Cette e-cigarette a \u00e9t\u00e9 sp\u00e9cialement con\u00e7ue pour porter la vape \u00e0 un tout nouveau niveau. Elle combine une technologie de pointe avec un design attrayant, offrant ainsi une exp\u00e9rience de vape exceptionnelle. Parfaite pour les d\u00e9placements ou pour une consommation rapide entre deux moments, la Magic Bar Alpha ne n\u00e9cessite pas d'entretien fastidieux et est toujours pr\u00eate \u00e0 l'emploi imm\u00e9diatement.<\/p>\n<h3><strong>Caract\u00e9ristiques du produit : Les points forts de la Magic Bar Alpha<\/strong><\/h3>\n<ul>\n<li><strong>Incomparables traits :<\/strong> Avec jusqu'\u00e0 20 000 bouff\u00e9es, la Magic Bar Alpha permet une longue dur\u00e9e de vie qui d\u00e9passe largement celle des cigarettes \u00e9lectroniques jetables traditionnelles. Cela en fait un excellent choix pour une utilisation quotidienne.<\/li>\n<li><strong>Puissance \u00e9lev\u00e9e de nicotine :<\/strong> La Magic Bar Alpha est disponible en diff\u00e9rentes concentrations de nicotine (0%, 2%, 3%, 5%), vous permettant de choisir exactement le dosage adapt\u00e9 \u00e0 vos besoins.<\/li>\n<li><strong>Capacit\u00e9 polyvalente de e-liquide :<\/strong> Avec un r\u00e9servoir de e-liquide g\u00e9n\u00e9reux de 25 ml, vous pouvez profiter d'une exp\u00e9rience prolong\u00e9e sans avoir besoin de recharger constamment.<\/li>\n<li><strong>Bobine de maillage de premi\u00e8re qualit\u00e9<\/strong> \u00c9quip\u00e9e d'une bobine mesh de 0,5 \u03a9, la Magic Bar Alpha assure une saveur uniforme et intense \u00e0 chaque tirage.<\/li>\n<li><strong>Manipulation confortable :<\/strong> Avec un format compact (40 x 29 x 110 mm) et un poids l\u00e9ger (seulement 110g), la Magic Bar Alpha est \u00e0 la fois maniable et pratique pour \u00eatre emport\u00e9e partout.<\/li>\n<li><strong>Accumulateur rechargeable<\/strong> La batterie int\u00e9gr\u00e9e de 650mAh assure une performance fiable et peut \u00eatre recharg\u00e9e en cas de besoin, vous permettant d'\u00eatre toujours \u00e0 port\u00e9e de <strong>Cigarette \u00e9lectronique jetable<\/strong> acc\u00e9der peuvent.<\/li>\n<li><strong>MTL\/DTL Support :<\/strong> La Magic Bar Alpha offre \u00e0 la fois des options MTL (de la bouche aux poumons) et DTL (directement aux poumons), ce qui permet d'adapter le go\u00fbt et l'exp\u00e9rience de vapotage \u00e0 vos pr\u00e9f\u00e9rences.<\/li>\n<\/ul>\n<h3><strong>Flavors \u2013 Le go\u00fbt de la Magic Bar Alpha : Peach Ice<\/strong><\/h3>\n<p>Un aspect d\u00e9cisif pour la jouissance d'une <strong>Cigarette \u00e9lectronique jetable<\/strong> est le go\u00fbt. La Magic Bar Alpha offre avec son ar\u00f4me <strong>Peach Ice<\/strong> une combinaison de saveurs rafra\u00eechissante et sucr\u00e9e qui enthousiasme imm\u00e9diatement. La saveur de <strong>P\u00eache<\/strong> se r\u00e9v\u00e8le avec sa fra\u00eecheur et sa douceur naturelles, tandis que la fra\u00eecheur glac\u00e9e de la glace \u00e9l\u00e8ve l'exp\u00e9rience de vapotage \u00e0 un v\u00e9ritable point culminant.<\/p>\n<p><strong>Peach Ice - Une exp\u00e9rience fruit\u00e9e et fra\u00eeche<\/strong>Le go\u00fbt de <strong>Peach Ice<\/strong> Dans la Magic Bar Alpha, il existe un \u00e9quilibre parfait entre la douceur fruit\u00e9e des p\u00eaches m\u00fbres et la fra\u00eecheur agr\u00e9able de la glace. D\u00e8s la premi\u00e8re bouff\u00e9e, la douceur juteuse des p\u00eaches se d\u00e9ploie et laisse une touche de saveur fruit\u00e9e naturelle et fra\u00eeche. Mais ce qui rend cette cigarette \u00e9lectronique particuli\u00e8rement sp\u00e9ciale, c'est l'effet rafra\u00eechissant et refroidissant qui donne une note agr\u00e9ablement rafra\u00eechissante \u00e0 la saveur de p\u00eache - id\u00e9al pour tous ceux qui recherchent une exp\u00e9rience de vape fra\u00eeche.<\/p>\n<p><strong>Intensiver Genuss \u2013 Vielschichtiger Geschmack\n\n becomes \n\n Jouissance intense - Saveur complexe<\/strong>Le <strong>Peach Ice<\/strong> La saveur de la Magic Bar Alpha garantit que chaque tirage est unique et passionnant. Les notes sucr\u00e9es des p\u00eaches se m\u00e9langent de mani\u00e8re transparente avec la fra\u00eecheur rafra\u00eechissante de la glace, ce qui conduit \u00e0 une exp\u00e9rience gustative harmonieuse mais exaltante. Celui-ci <strong>go\u00fbt fruit\u00e9 et rafra\u00eechissant<\/strong> permet de profiter toute la journ\u00e9e d'une vapeur unique.<\/p>\n<p>Que ce soit comme compagnon quotidien ou comme rafra\u00eechissement r\u00e9confortant entre les deux, le <strong>Peach Ice<\/strong> Le go\u00fbt est convaincant par sa fra\u00eecheur naturelle et sa douceur agr\u00e9able. Parfait pour les chaudes journ\u00e9es d'\u00e9t\u00e9 ou simplement pour ceux qui recherchent quelque chose de sp\u00e9cial.<\/p>\n<p><img loading=\"lazy\" decoding=\"async\" class=\"alignnone wp-image-1774 size-full\" src=\"https:\/\/alfakherwelt.de\/wp-content\/uploads\/2025\/01\/9Magic-Bar-Alpha-20000-scaled.webp\" alt=\"Barre Magique Alpha 20000 tirages Cigarette \u00e9lectronique jetable - P\u00eache Glac\u00e9e\" width=\"2560\" height=\"2560\" title=\"\" srcset=\"https:\/\/alfakherwelt.de\/wp-content\/uploads\/2025\/01\/9Magic-Bar-Alpha-20000-scaled.webp 2560w, https:\/\/alfakherwelt.de\/wp-content\/uploads\/2025\/01\/9Magic-Bar-Alpha-20000-300x300.webp 300w, https:\/\/alfakherwelt.de\/wp-content\/uploads\/2025\/01\/9Magic-Bar-Alpha-20000-1024x1024.webp 1024w, https:\/\/alfakherwelt.de\/wp-content\/uploads\/2025\/01\/9Magic-Bar-Alpha-20000-150x150.webp 150w, https:\/\/alfakherwelt.de\/wp-content\/uploads\/2025\/01\/9Magic-Bar-Alpha-20000-768x768.webp 768w, https:\/\/alfakherwelt.de\/wp-content\/uploads\/2025\/01\/9Magic-Bar-Alpha-20000-1536x1536.webp 1536w, https:\/\/alfakherwelt.de\/wp-content\/uploads\/2025\/01\/9Magic-Bar-Alpha-20000-2048x2048.webp 2048w, https:\/\/alfakherwelt.de\/wp-content\/uploads\/2025\/01\/9Magic-Bar-Alpha-20000-12x12.webp 12w, https:\/\/alfakherwelt.de\/wp-content\/uploads\/2025\/01\/9Magic-Bar-Alpha-20000-600x600.webp 600w, https:\/\/alfakherwelt.de\/wp-content\/uploads\/2025\/01\/9Magic-Bar-Alpha-20000-100x100.webp 100w\" sizes=\"auto, (max-width: 2560px) 100vw, 2560px\" \/><\/p>\n<h3>Pourquoi devriez-vous les<a href=\"https:\/\/alfakherwelt.de\/fr\/categorie-de-produit\/request-failed-with-status-code-551\/\"> Barre magique Alpha 20000 trajets<\/a> Cigarette \u00e9lectronique jetable acheter ?<\/h3>\n<p>La Magic Bar Alpha se distingue non seulement par son long nombre de tirages, mais \u00e9galement par sa facilit\u00e9 d'utilisation exceptionnelle et la diversit\u00e9 des fonctionnalit\u00e9s propos\u00e9es. Quiconque recherche un produit de haute qualit\u00e9 et durable <strong>Cigarette \u00e9lectronique jetable<\/strong> est, ne passe pas \u00e0 c\u00f4t\u00e9 de la Magic Bar Alpha.<\/p>\n<p>Voici quelques raisons pour lesquelles vous devriez choisir ce produit :<\/p>\n<ul>\n<li><strong>Longue dur\u00e9e de vie :<\/strong> 20 000 tirages signifient que vous achetez l'une des cigarettes \u00e9lectroniques jetables les plus durables du march\u00e9.<\/li>\n<li><strong>Manipulation facile :<\/strong> Pas de recharge, pas de remplissage - simplement vapoter quand vous le souhaitez.<\/li>\n<li><strong>Accumulateur rechargeable<\/strong> Pratique lorsque vous \u00eates press\u00e9 et que vous souhaitez recharger votre e-cigarette sans renoncer \u00e0 la vape.<\/li>\n<li><strong>Vari\u00e9t\u00e9 de concentrations de nicotine :<\/strong> Que vous commenciez avec 0% de nicotine ou que vous pr\u00e9f\u00e9riez un dosage plus fort, la Magic Bar Alpha propose un niveau de nicotine adapt\u00e9 \u00e0 chaque go\u00fbt.<\/li>\n<li><strong>Fruit\u00e9 et rafra\u00eechissant :<\/strong> Le <strong>Peach Ice<\/strong> Le go\u00fbt procure une exp\u00e9rience de vape exquise que vous ne voudrez plus jamais manquer.<\/li>\n<\/ul>\n<h3><strong>Achetez la Magic Bar Alpha chez<a href=\"https:\/\/alfakherwelt.de\/fr\/\"> alfakherwelt.de<\/a><\/strong><\/h3>\n<p>Si vous recherchez la meilleure qualit\u00e9 et le service le plus fiable, alors vous devriez choisir vos <strong>Barre Magique Alpha 20000 tirages Cigarette \u00e9lectronique jetable<\/strong> directement chez nous sur <strong>alfakherwelt.de<\/strong> acheter. En tant que plateforme leader pour le <strong>Achat de cigarettes \u00e9lectroniques jetables en Allemagne<\/strong> Nous vous offrons un large choix de <strong>Jetables<\/strong> et <strong>Produits de vapotage<\/strong> \u00e0 des prix imbattables.<\/p>\n<p>Profitez de notre livraison rapide, de nos m\u00e9thodes de paiement s\u00e9curis\u00e9es et de notre excellent service client. Visitez maintenant notre site Web et d\u00e9couvrez les diff\u00e9rentes <strong>Magic Bar Alpha<\/strong> Mod\u00e8les ainsi que de nombreux autres produits passionnants qui rendront votre exp\u00e9rience de vapotage encore plus agr\u00e9able.<\/p>\n<hr \/>\n<p>La cigarette \u00e9lectronique jetable Magic Bar Alpha 20000 bouff\u00e9es offre tout ce que vous attendez d'une exp\u00e9rience de vapotage moderne, puissante et savoureuse. Achetez d\u00e8s aujourd'hui sur<a href=\"https:\/\/alfakherwelt.de\/fr\/\"> <strong>alfakherwelt.de<\/strong><\/a> et vivez le vapotage dans une nouvelle dimension !<\/p>\n<\/div>\n<\/div>\n<\/div>\n<\/div>\n<div class=\"mt-3 w-full empty:hidden\">\n<div class=\"text-center\"><\/div>\n<\/div>\n<\/div>\n<div class=\"absolute\">\n<div class=\"flex items-center justify-center\"><\/div>\n<\/div>\n<\/div>\n<\/div>\n<\/div>\n<\/article>\n<\/div>\n<\/div>\n<\/div>\n<\/div>\n<\/div>","protected":false},"excerpt":{"rendered":"<div class=\"flex-shrink-0 flex flex-col relative items-end\">\n<div class=\"pt-0\">\n<div class=\"gizmo-shadow-stroke flex h-8 w-8 items-center justify-center overflow-hidden rounded-full\">\n<div class=\"h-full w-full\">\n<div class=\"flex-shrink-0 flex flex-col relative items-end\">\n<div class=\"pt-0\">\n<div class=\"gizmo-shadow-stroke flex h-8 w-8 items-center justify-center overflow-hidden rounded-full\">\n<div class=\"h-full w-full\">\n<div class=\"gizmo-shadow-stroke overflow-hidden rounded-full\">\n<div class=\"flex-1 overflow-hidden\">\n<div class=\"h-full\">\n<div class=\"react-scroll-to-bottom--css-nphjn-79elbk h-full\">\n<div class=\"react-scroll-to-bottom--css-nphjn-1n7m0yu\">\n<div class=\"flex flex-col text-sm md:pb-9\">\n<article class=\"w-full scroll-mb-[var(--thread-trailing-height,150px)] text-token-text-primary focus-visible:outline-2 focus-visible:outline-offset-[-4px]\" dir=\"auto\" data-testid=\"conversation-turn-5\" data-scroll-anchor=\"true\">\n<div class=\"m-auto text-base py-[18px] px-3 md:px-4 w-full md:px-5 lg:px-4 xl:px-5\">\n<div class=\"mx-auto flex flex-1 gap-4 text-base md:gap-5 lg:gap-6 md:max-w-3xl lg:max-w-[40rem] xl:max-w-[48rem]\">\n<div class=\"group\/conversation-turn relative flex w-full min-w-0 flex-col agent-turn\">\n<div class=\"flex-col gap-1 md:gap-3\">\n<div class=\"flex max-w-full flex-col flex-grow\">\n<div class=\"min-h-8 text-message flex w-full flex-col items-end gap-2 whitespace-normal break-words [.text-message+&amp;]:mt-5\" dir=\"auto\" data-message-author-role=\"assistant\" data-message-id=\"1982dcee-f0f5-4cfa-a269-fdbaed43d922\" data-message-model-slug=\"gpt-4o\">\n<div class=\"flex w-full flex-col gap-1 empty:hidden first:pt-[3px]\">\n<div class=\"markdown prose w-full break-words dark:prose-invert light\">\n<div class=\"flex-1 overflow-hidden\">\n<div class=\"h-full\">\n<div class=\"react-scroll-to-bottom--css-xrsce-79elbk h-full\">\n<div class=\"react-scroll-to-bottom--css-xrsce-1n7m0yu\">\n<div class=\"flex flex-col text-sm md:pb-9\">\n<article class=\"w-full scroll-mb-[var(--thread-trailing-height,150px)] text-token-text-primary focus-visible:outline-2 focus-visible:outline-offset-[-4px]\" dir=\"auto\" data-testid=\"conversation-turn-5\" data-scroll-anchor=\"true\">\n<div class=\"m-auto text-base py-[18px] px-3 md:px-4 w-full md:px-5 lg:px-4 xl:px-5\">\n<div class=\"mx-auto flex flex-1 gap-4 text-base md:gap-5 lg:gap-6 md:max-w-3xl lg:max-w-[40rem] xl:max-w-[48rem]\">\n<div class=\"group\/conversation-turn relative flex w-full min-w-0 flex-col agent-turn\">\n<div class=\"flex-col gap-1 md:gap-3\">\n<div class=\"flex max-w-full flex-col flex-grow\">\n<div class=\"min-h-8 text-message flex w-full flex-col items-end gap-2 whitespace-normal break-words [.text-message+&amp;]:mt-5\" dir=\"auto\" data-message-author-role=\"assistant\" data-message-id=\"1a0c8d71-a6be-4cc9-b460-deb3e7ecbf47\" data-message-model-slug=\"gpt-4o\">\n<div class=\"flex w-full flex-col gap-1 empty:hidden first:pt-[3px]\">\n<div class=\"markdown prose w-full break-words dark:prose-invert light\">\n<div class=\"flex-1 overflow-hidden\">\n<div class=\"h-full\">\n<div class=\"react-scroll-to-bottom--css-gqbzc-79elbk h-full\">\n<div class=\"react-scroll-to-bottom--css-gqbzc-1n7m0yu\">\n<div class=\"flex flex-col text-sm md:pb-9\">\n<article class=\"w-full scroll-mb-[var(--thread-trailing-height,150px)] text-token-text-primary focus-visible:outline-2 focus-visible:outline-offset-[-4px]\" dir=\"auto\" data-testid=\"conversation-turn-5\" data-scroll-anchor=\"true\">\n<div class=\"m-auto text-base py-[18px] px-3 md:px-4 w-full md:px-5 lg:px-4 xl:px-5\">\n<div class=\"mx-auto flex flex-1 gap-4 text-base md:gap-5 lg:gap-6 md:max-w-3xl lg:max-w-[40rem] xl:max-w-[48rem]\">\n<div class=\"group\/conversation-turn relative flex w-full min-w-0 flex-col agent-turn\">\n<div class=\"flex-col gap-1 md:gap-3\">\n<div class=\"flex max-w-full flex-col flex-grow\">\n<div class=\"min-h-8 text-message flex w-full flex-col items-end gap-2 whitespace-normal break-words [.text-message+&amp;]:mt-5\" dir=\"auto\" data-message-author-role=\"assistant\" data-message-id=\"ca066132-0777-4603-995e-a689971b3380\" data-message-model-slug=\"gpt-4o\">\n<div class=\"flex w-full flex-col gap-1 empty:hidden first:pt-[3px]\">\n<div class=\"markdown prose w-full break-words dark:prose-invert light\">\n<div class=\"flex-1 overflow-hidden @container\/thread\">\n<div class=\"h-full\">\n<div class=\"react-scroll-to-bottom--css-rkqgb-79elbk h-full\">\n<div class=\"react-scroll-to-bottom--css-rkqgb-1n7m0yu\">\n<div class=\"flex flex-col text-sm md:pb-9\">\n<article class=\"w-full scroll-mb-[var(--thread-trailing-height,150px)] text-token-text-primary focus-visible:outline-2 focus-visible:outline-offset-[-4px]\" dir=\"auto\" data-testid=\"conversation-turn-9\" data-scroll-anchor=\"true\">\n<div class=\"m-auto text-base py-[18px] px-3 md:px-4 w-full md:px-5 lg:px-4 xl:px-5\">\n<div class=\"mx-auto flex flex-1 gap-4 text-base md:gap-5 lg:gap-6 md:max-w-3xl lg:max-w-[40rem] xl:max-w-[48rem]\">\n<div class=\"group\/conversation-turn relative flex w-full min-w-0 flex-col agent-turn\">\n<div class=\"flex-col gap-1 md:gap-3\">\n<div class=\"flex max-w-full flex-col flex-grow\">\n<div class=\"min-h-8 text-message flex w-full flex-col items-end gap-2 whitespace-normal break-words text-start [.text-message+&amp;]:mt-5\" dir=\"auto\" data-message-author-role=\"assistant\" data-message-id=\"87137e43-9a3e-4479-90ac-22c23781ee39\" data-message-model-slug=\"gpt-4o\">\n<div class=\"flex w-full flex-col gap-1 empty:hidden first:pt-[3px]\">\n<div class=\"markdown prose w-full break-words dark:prose-invert light\">\n<p>La <strong>Barre Magique Alpha 20000 tirages Cigarette \u00e9lectronique jetable<\/strong> offre avec son r\u00e9servoir de e-liquide de 25 ml, une batterie puissante de 650mAh et le rafra\u00eechissant <strong>Peach Ice<\/strong> Une exp\u00e9rience de vapotage exceptionnelle pour jusqu'\u00e0 20 000 trains, id\u00e9ale pour les d\u00e9butants comme pour les vapoteurs exp\u00e9riment\u00e9s.<\/p>\n<\/div>\n<\/div>\n<\/div>\n<\/div>\n<div class=\"pr-2 lg:pr-0\"><\/div>\n<\/div>\n<\/div>\n<\/div>\n<\/div>\n<\/article>\n<\/div>\n<\/div>\n<\/div>\n<\/div>\n<\/div>\n<\/div>\n<\/div>\n<\/div>\n<\/div>\n<\/div>\n<\/div>\n<\/div>\n<\/div>\n<\/article>\n<\/div>\n<\/div>\n<\/div>\n<\/div>\n<\/div>\n<\/div>\n<\/div>\n<\/div>\n<\/div>\n<\/div>\n<\/div>\n<\/div>\n<\/div>\n<\/article>\n<\/div>\n<\/div>\n<\/div>\n<\/div>\n<\/div>\n<\/div>\n<\/div>\n<\/div>\n<\/div>\n<div class=\"pr-2 lg:pr-0\"><\/div>\n<div class=\"mt-3 w-full empty:hidden\">\n<div class=\"text-center\"><\/div>\n<\/div>\n<\/div>\n<div class=\"absolute\">\n<div class=\"flex items-center justify-center\"><\/div>\n<\/div>\n<\/div>\n<\/div>\n<\/div>\n<\/article>\n<\/div>\n<\/div>\n<\/div>\n<\/div>\n<\/div>\n<div class=\"md:pt-0 dark:border-white\/20 md:border-transparent md:dark:border-transparent w-full\">\n<div>\n<div class=\"m-auto text-base px-3 md:px-4 w-full md:px-5 lg:px-4 xl:px-5\">\n<div class=\"mx-auto flex flex-1 gap-4 text-base md:gap-5 lg:gap-6 md:max-w-3xl lg:max-w-[40rem] xl:max-w-[48rem]\">\n<div class=\"flex justify-center\"><\/div>\n<\/div>\n<\/div>\n<\/div>\n<\/div>\n<\/div>\n<\/div>\n<\/div>\n<\/div>\n<\/div>\n<\/div>\n<\/div>\n<\/div>\n<\/div>","protected":false},"featured_media":1797,"comment_status":"open","ping_status":"closed","template":"","meta":[],"product_brand":[],"product_cat":[63],"product_tag":[],"class_list":{"0":"post-1792","1":"product","2":"type-product","3":"status-publish","4":"has-post-thumbnail","6":"product_cat-magic-bar-20000","8":"first","9":"instock","10":"sale","11":"shipping-taxable","12":"purchasable","13":"product-type-simple"},"jetpack_sharing_enabled":true,"_links":{"self":[{"href":"https:\/\/alfakherwelt.de\/fr\/wp-json\/wp\/v2\/product\/1792","targetHints":{"allow":["GET"]}}],"collection":[{"href":"https:\/\/alfakherwelt.de\/fr\/wp-json\/wp\/v2\/product"}],"about":[{"href":"https:\/\/alfakherwelt.de\/fr\/wp-json\/wp\/v2\/types\/product"}],"replies":[{"embeddable":true,"href":"https:\/\/alfakherwelt.de\/fr\/wp-json\/wp\/v2\/comments?post=1792"}],"wp:featuredmedia":[{"embeddable":true,"href":"https:\/\/alfakherwelt.de\/fr\/wp-json\/wp\/v2\/media\/1797"}],"wp:attachment":[{"href":"https:\/\/alfakherwelt.de\/fr\/wp-json\/wp\/v2\/media?parent=1792"}],"wp:term":[{"taxonomy":"product_brand","embeddable":true,"href":"https:\/\/alfakherwelt.de\/fr\/wp-json\/wp\/v2\/product_brand?post=1792"},{"taxonomy":"product_cat","embeddable":true,"href":"https:\/\/alfakherwelt.de\/fr\/wp-json\/wp\/v2\/product_cat?post=1792"},{"taxonomy":"product_tag","embeddable":true,"href":"https:\/\/alfakherwelt.de\/fr\/wp-json\/wp\/v2\/product_tag?post=1792"}],"curies":[{"name":"wp","href":"https:\/\/api.w.org\/{rel}","templated":true}]}}