{"id":1695,"date":"2024-12-27T06:18:50","date_gmt":"2024-12-27T06:18:50","guid":{"rendered":"https:\/\/alfakherwelt.de\/?post_type=product&#038;p=1695"},"modified":"2025-06-09T01:08:04","modified_gmt":"2025-06-09T01:08:04","slug":"al-fakher-crown-bar-8000-bouffees-cigarette-electronique-jetable-fruit-de-la-passion-sucre-82","status":"publish","type":"product","link":"https:\/\/alfakherwelt.de\/fr\/produit\/al-fakher-crown-bar-8000-bouffees-cigarette-electronique-jetable-fruit-de-la-passion-sucre-82\/","title":{"rendered":"Fumot RandM Tornado 20000 bouff\u00e9es cigarette \u00e9lectronique jetable - Fraise Glac\u00e9e"},"content":{"rendered":"<div class=\"flex-shrink-0 flex flex-col relative items-end\">\n<div>\n<div class=\"pt-0\">\n<div class=\"gizmo-shadow-stroke flex h-8 w-8 items-center justify-center overflow-hidden rounded-full\">\n<div class=\"h-full w-full\">\n<div class=\"gizmo-shadow-stroke overflow-hidden rounded-full\">\n<div style=\"width: 1020px;\" class=\"wp-video\"><video class=\"wp-video-shortcode\" id=\"video-1695-1\" width=\"1020\" height=\"573\" preload=\"metadata\" controls=\"controls\"><source type=\"video\/mp4\" src=\"https:\/\/alfakherwelt.de\/wp-content\/uploads\/2024\/12\/fumot-tornado-20000-\u89c6\u9891-\u538b\u7f29.mp4?_=1\" \/><a href=\"https:\/\/alfakherwelt.de\/wp-content\/uploads\/2024\/12\/fumot-tornado-20000-\u89c6\u9891-\u538b\u7f29.mp4\">https:\/\/alfakherwelt.de\/wp-content\/uploads\/2024\/12\/fumot-tornado-20000-\u89c6\u9891-\u538b\u7f29.mp4<\/a><\/video><\/div>\n<\/div>\n<\/div>\n<\/div>\n<\/div>\n<\/div>\n<\/div>\n<div class=\"group\/conversation-turn relative flex w-full min-w-0 flex-col agent-turn\">\n<div class=\"flex-col gap-1 md:gap-3\">\n<div class=\"flex max-w-full flex-col flex-grow\">\n<div class=\"min-h-8 text-message flex w-full flex-col items-end gap-2 whitespace-normal break-words text-start [.text-message+&amp;]:mt-5\" dir=\"auto\" data-message-author-role=\"assistant\" data-message-id=\"e9727221-eeda-4fcd-81ad-e9a8c084b859\" data-message-model-slug=\"gpt-4o\">\n<div class=\"flex w-full flex-col gap-1 empty:hidden first:pt-[3px]\">\n<h2><strong><a href=\"https:\/\/alfakherwelt.de\/fr\/categorie-de-produit\/request-failed-with-status-code-538\/\">Fumot RandM Tornado 20000 tir\u00e9es<\/a> Cigarette \u00e9lectronique jetable - L'exp\u00e9rience de vapotage ultime avec une saveur inoubliable et une performance impressionnante<\/strong><\/h2>\n<p>La <strong>Fumot RandM Tornado 20000 tirages cigarette \u00e9lectronique jetable<\/strong> est l'une des cigarettes \u00e9lectroniques jetables les plus r\u00e9centes et innovantes sur le march\u00e9, sp\u00e9cialement con\u00e7ue pour les vapoteurs \u00e0 la recherche d'une exp\u00e9rience de vapotage intense et prolong\u00e9e. Avec un nombre impressionnant de 20 000 bouff\u00e9es et la possibilit\u00e9 de passer entre deux modes de fonctionnement, cette cigarette \u00e9lectronique jetable se d\u00e9marque des autres. Elle combine une technologie puissante, des ar\u00f4mes exceptionnels et une utilisation conviviale qui \u00e9l\u00e8ve votre exp\u00e9rience de vapotage \u00e0 un nouveau niveau.<\/p>\n<p>Disponible sur <strong>alfakherwelt.de<\/strong>le plus grand magasin en ligne pour <strong>E-Zigarettes jetables en Allemagne<\/strong>offre la <strong>Fumot RandM Tornado 20000 tirages cigarette \u00e9lectronique jetable<\/strong> Une possibilit\u00e9 fiable et confortable de vapoter. Examinons de plus pr\u00e8s les fonctions, les avantages et les ar\u00f4mes de cette cigarette \u00e9lectronique jetable exceptionnelle.<\/p>\n<hr \/>\n<p><strong>Description du produit : <a href=\"https:\/\/alfakherwelt.de\/fr\/categorie-de-produit\/request-failed-with-status-code-538\/\">Fumot RandM Tornado 20000 tir\u00e9es<\/a> Cigarette \u00e9lectronique jetable<\/strong>La <strong>Fumot RandM Tornado 20000 tirages cigarette \u00e9lectronique jetable<\/strong> est le choix parfait pour les vapoteurs qui recherchent un nombre \u00e9lev\u00e9 de bouff\u00e9es, des possibilit\u00e9s de r\u00e9glage vari\u00e9es et une durabilit\u00e9 prolong\u00e9e. Cette cigarette \u00e9lectronique jetable a \u00e9t\u00e9 d\u00e9velopp\u00e9e pour les vapoteurs les plus exigeants et offre une solution conviviale aux d\u00e9butants comme aux utilisateurs exp\u00e9riment\u00e9s. Avec une s\u00e9rie de fonctionnalit\u00e9s innovantes et des mat\u00e9riaux de premi\u00e8re qualit\u00e9, elle garantit une performance \u00e9lev\u00e9e constante et des ar\u00f4mes excellents.<\/p>\n<p><strong>Double performance : Mode Single et Dual Engine<\/strong>L'un des principaux avantages de <strong>Fumot RandM Tornado 20000 tirages cigarette \u00e9lectronique jetable<\/strong> il est possible de basculer entre deux modes de fonctionnement.<\/p>\n<ul>\n<li><strong>Mode Monomoteur<\/strong>: Active le coil mesh individuel pour un rendu incroyable <strong>20 000 trains \nor \n20.000 trains \nor \n20.000 voyages en train \nis not needed \n20.000 Z\u00fcge<\/strong>Ce mode est parfait pour les vapoteurs qui pr\u00e9f\u00e8rent une production de vapeur uniforme et agr\u00e9able, sans augmenter l'intensit\u00e9.<\/li>\n<li><strong>Mode double moteur<\/strong>Pour des exp\u00e9riences de vapeur et de saveur encore plus intenses, vous pouvez activer les deux coils mesh et jusqu'\u00e0 <strong>10 000 trains \nor \n10 000 tir\u00e9es \nis not accurate \n10.000 Z\u00fcge = 10 000 trajets \nor \n10.000 voyages \n Exact translation depends on context<\/strong> appr\u00e9cier. Cette fonction fournit des nuages de vapeur \u00e9pais et intenses et renforce la saveur.<\/li>\n<\/ul>\n<p><strong>Indicateur de batterie et de liquide<\/strong>La <strong>Fumot RandM Tornado 20000 tirages cigarette \u00e9lectronique jetable<\/strong> est avec une <strong>Batterie 850 mAh<\/strong> \u00e9quip\u00e9 pour garantir des performances fiables sur l'ensemble du cycle de vie du produit. Gr\u00e2ce aux \u00e9crans de batterie et de e-liquide, vous pouvez garder un \u0153il sur le niveau de charge et le niveau de liquide \u00e0 tout moment, afin de ne jamais \u00eatre \u00e0 court de vapeur ou d'\u00e9nergie.<\/p>\n<p><strong>Contr\u00f4le du flux d'air<\/strong>Un autre point fort de cette e-cigarette est la <strong>Contr\u00f4le du flux d'air<\/strong>qui vous donne la libert\u00e9 d'adapter le flux d'air selon vos pr\u00e9f\u00e9rences. Que vous pr\u00e9f\u00e9riez une tra\u00een\u00e9e serr\u00e9e ou une tra\u00een\u00e9e ouverte et a\u00e9r\u00e9e, le Fumot Tornado offre une personnalisation qui rend le vapotage encore plus agr\u00e9able.<\/p>\n<hr \/>\n<h2><strong>Caract\u00e9ristiques du produit en d\u00e9tail<\/strong><\/h2>\n<ul>\n<li><strong>20 000 trains en mode single engine<\/strong>: Longue dur\u00e9e de vape sans recharge - id\u00e9al pour une utilisation et un plaisir prolong\u00e9s.<\/li>\n<li><strong>Mode Double Moteur pour une vapeur plus intense<\/strong>: Avec jusqu'\u00e0 10 000 bouff\u00e9es et des ar\u00f4mes extra intenses.<\/li>\n<li><strong>Batterie 850 mAh<\/strong>: Fournit des performances \u00e9lev\u00e9es constantes, sans que vous ayez \u00e0 vous soucier d'une \u00e9nergie insuffisante.<\/li>\n<li><strong>Contr\u00f4le du flux d'air<\/strong>: Flexibilit\u00e9 pour personnaliser le vapotage selon vos pr\u00e9f\u00e9rences personnelles.<\/li>\n<li><strong>Indicateur de batterie et de liquide<\/strong>Toujours inform\u00e9 lorsqu'il est temps de recharger ou de remplacer le dispositif.<\/li>\n<li><strong>Grande capacit\u00e9 de e-liquide<\/strong>: Plus de plaisir sans remplissage fr\u00e9quent.<\/li>\n<\/ul>\n<hr \/>\n<h3><strong>ar\u00f4mes de la <a href=\"https:\/\/alfakherwelt.de\/fr\/categorie-de-produit\/request-failed-with-status-code-538\/\">Fumot RandM Tornado 20000 tir\u00e9es<\/a> Cigarette \u00e9lectronique jetable<\/strong><\/h3>\n<p>La <strong>Fumot RandM Tornado 20000 tirages cigarette \u00e9lectronique jetable<\/strong> vient dans une vari\u00e9t\u00e9 de saveurs qui raviront tous les vapoteurs. Une des saveurs les plus populaires est <strong>Glace \u00e0 la fraise<\/strong>qui combine la fra\u00eecheur fruit\u00e9e de la fraise avec une touche rafra\u00eechissante de glace. Cette saveur est parfaite pour l'\u00e9t\u00e9 et procure une exp\u00e9rience de vape rafra\u00eechissante, \u00e0 la fois sucr\u00e9e et rafra\u00eechissante.<\/p>\n<p><strong>Strawberry Ice - Le plaisir rafra\u00eechissant<\/strong>Le <strong>Glace \u00e0 la fraise<\/strong> ar\u00f4me de <strong>Fumot RandM Tornado 20000 tirages cigarette \u00e9lectronique jetable<\/strong> combine le go\u00fbt complet de fraises sucr\u00e9es et m\u00fbres avec une menthe fra\u00eeche et rafra\u00eechissante. Chaque inhalation met en valeur la douceur fra\u00eeche des fraises, suivie d'une note de fra\u00eecheur agr\u00e9able qui enveloppe le palais. Cette saveur est particuli\u00e8rement populaire aupr\u00e8s des vapoteurs qui pr\u00e9f\u00e8rent les exp\u00e9riences fruit\u00e9e et rafra\u00eechissantes.<\/p>\n<p>Le go\u00fbt est tr\u00e8s bien \u00e9quilibr\u00e9 et offre une douceur naturelle qui n'est pas trop intense ou artificielle. La menthe procure une note fra\u00eeche qui compl\u00e8te l'exp\u00e9rience gustative et procure une sensation agr\u00e9able dans la gorge. <strong>Glace \u00e0 la fraise<\/strong> convient parfaitement aux vapoteurs qui recherchent une exp\u00e9rience rafra\u00eechissante et fruit\u00e9e, sans pour autant renoncer au go\u00fbt classique de menthol frais.<\/p>\n<p><img loading=\"lazy\" decoding=\"async\" class=\"alignnone wp-image-1660 size-full\" src=\"https:\/\/alfakherwelt.de\/wp-content\/uploads\/2024\/12\/Fumot-RandM-Tornado-20000-2-scaled.jpg\" alt=\"Fumot RandM Tornado 20000 bouff\u00e9es cigarette \u00e9lectronique jetable - Fraise Glac\u00e9e\" width=\"2560\" height=\"1641\" title=\"\" srcset=\"https:\/\/alfakherwelt.de\/wp-content\/uploads\/2024\/12\/Fumot-RandM-Tornado-20000-2-scaled.jpg 2560w, https:\/\/alfakherwelt.de\/wp-content\/uploads\/2024\/12\/Fumot-RandM-Tornado-20000-2-300x192.jpg 300w, https:\/\/alfakherwelt.de\/wp-content\/uploads\/2024\/12\/Fumot-RandM-Tornado-20000-2-1024x657.jpg 1024w, https:\/\/alfakherwelt.de\/wp-content\/uploads\/2024\/12\/Fumot-RandM-Tornado-20000-2-768x492.jpg 768w, https:\/\/alfakherwelt.de\/wp-content\/uploads\/2024\/12\/Fumot-RandM-Tornado-20000-2-1536x985.jpg 1536w, https:\/\/alfakherwelt.de\/wp-content\/uploads\/2024\/12\/Fumot-RandM-Tornado-20000-2-2048x1313.jpg 2048w, https:\/\/alfakherwelt.de\/wp-content\/uploads\/2024\/12\/Fumot-RandM-Tornado-20000-2-18x12.jpg 18w, https:\/\/alfakherwelt.de\/wp-content\/uploads\/2024\/12\/Fumot-RandM-Tornado-20000-2-600x385.jpg 600w\" sizes=\"auto, (max-width: 2560px) 100vw, 2560px\" \/><\/p>\n<h3><strong>Pourquoi devriez-vous les <a href=\"https:\/\/alfakherwelt.de\/fr\/categorie-de-produit\/request-failed-with-status-code-538\/\">Fumot RandM Tornado 20000 tir\u00e9es<\/a> Choisir une cigarette \u00e9lectronique jetable ?<\/strong><\/h3>\n<p>Il existe de nombreuses raisons pour lesquelles les <strong>Fumot RandM Tornado 20000 tirages cigarette \u00e9lectronique jetable<\/strong> pourrait \u00eatre le meilleur choix pour vous si vous recherchez une cigarette \u00e9lectronique jetable fiable et durable :<\/p>\n<ul>\n<li><strong>Longue dur\u00e9e de conservation<\/strong>: Avec jusqu'\u00e0 20 000 tirages (en mode moteur unique), vous pouvez profiter pendant des jours sans avoir \u00e0 recharger ou \u00e0 reconstituer le dispositif.<\/li>\n<li><strong>Intensit\u00e9 au choix<\/strong>Le mode Dual Engine vous permet de choisir entre une exp\u00e9rience de vapeur douce et une production de vapeur plus intense et puissante.<\/li>\n<li><strong>Ar\u00f4mes de haute qualit\u00e9<\/strong>Les ar\u00f4mes tels que <strong>Glace \u00e0 la fraise<\/strong> offrent une exp\u00e9rience gustative unique et agr\u00e9able tout au long de la journ\u00e9e.<\/li>\n<li><strong>Confort et convivialit\u00e9<\/strong>: La <strong>Fumot RandM Tornado<\/strong> est facile \u00e0 utiliser et ne n\u00e9cessite aucune pr\u00e9paration suppl\u00e9mentaire. Il suffit de d\u00e9baller et de profiter.<\/li>\n<li><strong>Id\u00e9al pour \u00eatre emport\u00e9 partout<\/strong>: Gr\u00e2ce \u00e0 sa taille compacte et \u00e0 son utilisation pratique \u00e0 usage unique, vous pouvez le <strong>Fumot RandM Tornado<\/strong> partout avec soi et utiliser sans probl\u00e8me.<\/li>\n<\/ul>\n<hr \/>\n<h3><strong>Conclusion : Le compagnon id\u00e9al pour les vapoteurs<\/strong><\/h3>\n<p>La <strong>Fumot RandM Tornado 20000 tirages cigarette \u00e9lectronique jetable<\/strong> est un v\u00e9ritable polyvalent, qui convainc par sa longue dur\u00e9e de vie, sa technologie puissante et ses saveurs d\u00e9licieuses. Si vous \u00eates \u00e0 la recherche d'un vape fiable et facile \u00e0 utiliser qui offre \u00e0 la fois l'intensit\u00e9 et la vari\u00e9t\u00e9 des saveurs, ce produit est le choix id\u00e9al pour vous.<\/p>\n<p>Visitez <strong>alfakherwelt.de<\/strong>le plus grand magasin en ligne pour <strong>E-Zigarettes jetables en Allemagne<\/strong>et s\u00e9curisez-les encore aujourd'hui vos <strong>Fumot RandM Tornado 20000 tirages cigarette \u00e9lectronique jetable<\/strong>Profitez de la vape \u00e0 un nouveau niveau - fiable, durable et plein de saveur !<\/p>\n<hr \/>\n<p><strong>Avantages lors de l'achat sur <a href=\"https:\/\/alfakherwelt.de\/fr\/\">alfakherwelt.de<\/a><\/strong><\/p>\n<ul>\n<li><strong>Livraison rapide<\/strong>Nous offrons des options de livraison rapides et s\u00e9curis\u00e9es en Allemagne.<\/li>\n<li><strong>Fournisseur de confiance<\/strong>En tant que leader du march\u00e9 dans le domaine des cigarettes \u00e9lectroniques jetables en Allemagne, nous garantissons la qualit\u00e9 et l'authenticit\u00e9 de nos produits.<\/li>\n<li><strong>Service client<\/strong>Notre \u00e9quipe de service client\u00e8le d\u00e9vou\u00e9e est \u00e0 votre disposition \u00e0 tout moment pour vous aider avec vos questions ou pr\u00e9occupations.<\/li>\n<\/ul>\n<\/div>\n<\/div>\n<\/div>\n<\/div>\n<\/div>","protected":false},"excerpt":{"rendered":"<div class=\"flex-shrink-0 flex flex-col relative items-end\">\n<div class=\"pt-0\">\n<div class=\"gizmo-shadow-stroke flex h-8 w-8 items-center justify-center overflow-hidden rounded-full\">\n<div class=\"h-full w-full\">\n<div class=\"flex-shrink-0 flex flex-col relative items-end\">\n<div class=\"pt-0\">\n<div class=\"gizmo-shadow-stroke flex h-8 w-8 items-center justify-center overflow-hidden rounded-full\">\n<div class=\"h-full w-full\">\n<div class=\"gizmo-shadow-stroke overflow-hidden rounded-full\">\n<div class=\"flex-1 overflow-hidden\">\n<div class=\"h-full\">\n<div class=\"react-scroll-to-bottom--css-nphjn-79elbk h-full\">\n<div class=\"react-scroll-to-bottom--css-nphjn-1n7m0yu\">\n<div class=\"flex flex-col text-sm md:pb-9\">\n<article class=\"w-full scroll-mb-[var(--thread-trailing-height,150px)] text-token-text-primary focus-visible:outline-2 focus-visible:outline-offset-[-4px]\" dir=\"auto\" data-testid=\"conversation-turn-5\" data-scroll-anchor=\"true\">\n<div class=\"m-auto text-base py-[18px] px-3 md:px-4 w-full md:px-5 lg:px-4 xl:px-5\">\n<div class=\"mx-auto flex flex-1 gap-4 text-base md:gap-5 lg:gap-6 md:max-w-3xl lg:max-w-[40rem] xl:max-w-[48rem]\">\n<div class=\"group\/conversation-turn relative flex w-full min-w-0 flex-col agent-turn\">\n<div class=\"flex-col gap-1 md:gap-3\">\n<div class=\"flex max-w-full flex-col flex-grow\">\n<div class=\"min-h-8 text-message flex w-full flex-col items-end gap-2 whitespace-normal break-words [.text-message+&amp;]:mt-5\" dir=\"auto\" data-message-author-role=\"assistant\" data-message-id=\"1982dcee-f0f5-4cfa-a269-fdbaed43d922\" data-message-model-slug=\"gpt-4o\">\n<div class=\"flex w-full flex-col gap-1 empty:hidden first:pt-[3px]\">\n<div class=\"markdown prose w-full break-words dark:prose-invert light\">\n<div class=\"flex-1 overflow-hidden\">\n<div class=\"h-full\">\n<div class=\"react-scroll-to-bottom--css-xrsce-79elbk h-full\">\n<div class=\"react-scroll-to-bottom--css-xrsce-1n7m0yu\">\n<div class=\"flex flex-col text-sm md:pb-9\">\n<article class=\"w-full scroll-mb-[var(--thread-trailing-height,150px)] text-token-text-primary focus-visible:outline-2 focus-visible:outline-offset-[-4px]\" dir=\"auto\" data-testid=\"conversation-turn-5\" data-scroll-anchor=\"true\">\n<div class=\"m-auto text-base py-[18px] px-3 md:px-4 w-full md:px-5 lg:px-4 xl:px-5\">\n<div class=\"mx-auto flex flex-1 gap-4 text-base md:gap-5 lg:gap-6 md:max-w-3xl lg:max-w-[40rem] xl:max-w-[48rem]\">\n<div class=\"group\/conversation-turn relative flex w-full min-w-0 flex-col agent-turn\">\n<div class=\"flex-col gap-1 md:gap-3\">\n<div class=\"flex max-w-full flex-col flex-grow\">\n<div class=\"min-h-8 text-message flex w-full flex-col items-end gap-2 whitespace-normal break-words [.text-message+&amp;]:mt-5\" dir=\"auto\" data-message-author-role=\"assistant\" data-message-id=\"1a0c8d71-a6be-4cc9-b460-deb3e7ecbf47\" data-message-model-slug=\"gpt-4o\">\n<div class=\"flex w-full flex-col gap-1 empty:hidden first:pt-[3px]\">\n<div class=\"markdown prose w-full break-words dark:prose-invert light\">\n<div class=\"flex-1 overflow-hidden\">\n<div class=\"h-full\">\n<div class=\"react-scroll-to-bottom--css-gqbzc-79elbk h-full\">\n<div class=\"react-scroll-to-bottom--css-gqbzc-1n7m0yu\">\n<div class=\"flex flex-col text-sm md:pb-9\">\n<article class=\"w-full scroll-mb-[var(--thread-trailing-height,150px)] text-token-text-primary focus-visible:outline-2 focus-visible:outline-offset-[-4px]\" dir=\"auto\" data-testid=\"conversation-turn-5\" data-scroll-anchor=\"true\">\n<div class=\"m-auto text-base py-[18px] px-3 md:px-4 w-full md:px-5 lg:px-4 xl:px-5\">\n<div class=\"mx-auto flex flex-1 gap-4 text-base md:gap-5 lg:gap-6 md:max-w-3xl lg:max-w-[40rem] xl:max-w-[48rem]\">\n<div class=\"group\/conversation-turn relative flex w-full min-w-0 flex-col agent-turn\">\n<div class=\"flex-col gap-1 md:gap-3\">\n<div class=\"flex max-w-full flex-col flex-grow\">\n<div class=\"min-h-8 text-message flex w-full flex-col items-end gap-2 whitespace-normal break-words [.text-message+&amp;]:mt-5\" dir=\"auto\" data-message-author-role=\"assistant\" data-message-id=\"ca066132-0777-4603-995e-a689971b3380\" data-message-model-slug=\"gpt-4o\">\n<div class=\"flex w-full flex-col gap-1 empty:hidden first:pt-[3px]\">\n<div class=\"markdown prose w-full break-words dark:prose-invert light\">\n<div class=\"flex-1 overflow-hidden @container\/thread\">\n<div class=\"h-full\">\n<div class=\"react-scroll-to-bottom--css-rkqgb-79elbk h-full\">\n<div class=\"react-scroll-to-bottom--css-rkqgb-1n7m0yu\">\n<div class=\"flex flex-col text-sm md:pb-9\">\n<article class=\"w-full scroll-mb-[var(--thread-trailing-height,150px)] text-token-text-primary focus-visible:outline-2 focus-visible:outline-offset-[-4px]\" dir=\"auto\" data-testid=\"conversation-turn-5\" data-scroll-anchor=\"true\">\n<div class=\"m-auto text-base py-[18px] px-3 md:px-4 w-full md:px-5 lg:px-4 xl:px-5\">\n<div class=\"mx-auto flex flex-1 gap-4 text-base md:gap-5 lg:gap-6 md:max-w-3xl lg:max-w-[40rem] xl:max-w-[48rem]\">\n<div class=\"group\/conversation-turn relative flex w-full min-w-0 flex-col agent-turn\">\n<div class=\"flex-col gap-1 md:gap-3\">\n<div class=\"flex max-w-full flex-col flex-grow\">\n<div class=\"min-h-8 text-message flex w-full flex-col items-end gap-2 whitespace-normal break-words text-start [.text-message+&amp;]:mt-5\" dir=\"auto\" data-message-author-role=\"assistant\" data-message-id=\"da49860f-cc89-4c1c-b272-e2a2c23c78ae\" data-message-model-slug=\"gpt-4o\">\n<div class=\"flex w-full flex-col gap-1 empty:hidden first:pt-[3px]\">\n<div class=\"markdown prose w-full break-words dark:prose-invert light\">\n<p>La <strong>Fumot RandM Tornado 20000 tirages cigarette \u00e9lectronique jetable<\/strong> offre une exp\u00e9rience de vape in\u00e9gal\u00e9e avec jusqu'\u00e0 20 000 bouff\u00e9es, un mode moteur interchangeable single et double, un contr\u00f4le pr\u00e9cis du flux d'air et des ar\u00f4mes d\u00e9licieux comme <strong>Glace \u00e0 la fraise<\/strong>Id\u00e9al pour les vapoteurs qui recherchent un produit durable, intense et convivial.<\/p>\n<\/div>\n<\/div>\n<\/div>\n<\/div>\n<div class=\"mb-2 flex gap-3 empty:hidden -ml-2\">\n<div class=\"items-center justify-start rounded-xl p-1 flex\">\n<div class=\"flex items-center\">\n<div class=\"flex\"><\/div>\n<\/div>\n<\/div>\n<\/div>\n<div class=\"pr-2 lg:pr-0\"><\/div>\n<div class=\"mt-3 w-full empty:hidden\">\n<div class=\"text-center\"><\/div>\n<\/div>\n<\/div>\n<div class=\"absolute\">\n<div class=\"flex items-center justify-center\"><\/div>\n<\/div>\n<\/div>\n<\/div>\n<\/div>\n<\/article>\n<\/div>\n<\/div>\n<\/div>\n<\/div>\n<\/div>\n<div class=\"md:pt-0 dark:border-white\/20 md:border-transparent md:dark:border-transparent w-full\">\n<div>\n<div class=\"m-auto text-base px-3 md:px-4 w-full md:px-5 lg:px-4 xl:px-5\">\n<div class=\"mx-auto flex flex-1 gap-4 text-base md:gap-5 lg:gap-6 md:max-w-3xl lg:max-w-[40rem] xl:max-w-[48rem]\">\n<div class=\"flex justify-center\"><\/div>\n<\/div>\n<\/div>\n<\/div>\n<\/div>\n<\/div>\n<\/div>\n<\/div>\n<\/div>\n<\/div>\n<\/div>\n<\/div>\n<\/div>\n<\/article>\n<\/div>\n<\/div>\n<\/div>\n<\/div>\n<\/div>\n<\/div>\n<\/div>\n<\/div>\n<\/div>\n<\/div>\n<\/div>\n<\/div>\n<\/div>\n<\/article>\n<\/div>\n<\/div>\n<\/div>\n<\/div>\n<\/div>\n<\/div>\n<\/div>\n<\/div>\n<\/div>\n<div class=\"pr-2 lg:pr-0\"><\/div>\n<div class=\"mt-3 w-full empty:hidden\">\n<div class=\"text-center\"><\/div>\n<\/div>\n<\/div>\n<div class=\"absolute\">\n<div class=\"flex items-center justify-center\"><\/div>\n<\/div>\n<\/div>\n<\/div>\n<\/div>\n<\/article>\n<\/div>\n<\/div>\n<\/div>\n<\/div>\n<\/div>\n<div class=\"md:pt-0 dark:border-white\/20 md:border-transparent md:dark:border-transparent w-full\">\n<div>\n<div class=\"m-auto text-base px-3 md:px-4 w-full md:px-5 lg:px-4 xl:px-5\">\n<div class=\"mx-auto flex flex-1 gap-4 text-base md:gap-5 lg:gap-6 md:max-w-3xl lg:max-w-[40rem] xl:max-w-[48rem]\">\n<div class=\"flex justify-center\"><\/div>\n<\/div>\n<\/div>\n<\/div>\n<\/div>\n<\/div>\n<\/div>\n<\/div>\n<\/div>\n<\/div>\n<\/div>\n<\/div>\n<\/div>\n<\/div>","protected":false},"featured_media":1698,"comment_status":"open","ping_status":"closed","template":"","meta":[],"product_brand":[],"product_cat":[61],"product_tag":[],"class_list":{"0":"post-1695","1":"product","2":"type-product","3":"status-publish","4":"has-post-thumbnail","6":"product_cat-randm-fumot-tornado-20000","8":"first","9":"instock","10":"sale","11":"shipping-taxable","12":"purchasable","13":"product-type-simple"},"jetpack_sharing_enabled":true,"_links":{"self":[{"href":"https:\/\/alfakherwelt.de\/fr\/wp-json\/wp\/v2\/product\/1695","targetHints":{"allow":["GET"]}}],"collection":[{"href":"https:\/\/alfakherwelt.de\/fr\/wp-json\/wp\/v2\/product"}],"about":[{"href":"https:\/\/alfakherwelt.de\/fr\/wp-json\/wp\/v2\/types\/product"}],"replies":[{"embeddable":true,"href":"https:\/\/alfakherwelt.de\/fr\/wp-json\/wp\/v2\/comments?post=1695"}],"wp:featuredmedia":[{"embeddable":true,"href":"https:\/\/alfakherwelt.de\/fr\/wp-json\/wp\/v2\/media\/1698"}],"wp:attachment":[{"href":"https:\/\/alfakherwelt.de\/fr\/wp-json\/wp\/v2\/media?parent=1695"}],"wp:term":[{"taxonomy":"product_brand","embeddable":true,"href":"https:\/\/alfakherwelt.de\/fr\/wp-json\/wp\/v2\/product_brand?post=1695"},{"taxonomy":"product_cat","embeddable":true,"href":"https:\/\/alfakherwelt.de\/fr\/wp-json\/wp\/v2\/product_cat?post=1695"},{"taxonomy":"product_tag","embeddable":true,"href":"https:\/\/alfakherwelt.de\/fr\/wp-json\/wp\/v2\/product_tag?post=1695"}],"curies":[{"name":"wp","href":"https:\/\/api.w.org\/{rel}","templated":true}]}}