{"id":1658,"date":"2024-12-24T03:20:03","date_gmt":"2024-12-24T03:20:03","guid":{"rendered":"https:\/\/alfakherwelt.de\/?post_type=product&#038;p=1658"},"modified":"2025-06-09T01:07:30","modified_gmt":"2025-06-09T01:07:30","slug":"al-fakher-crown-bar-8000-bouffees-cigarette-electronique-jetable-fruit-de-la-passion-sucre-79","status":"publish","type":"product","link":"https:\/\/alfakherwelt.de\/fr\/produit\/al-fakher-crown-bar-8000-bouffees-cigarette-electronique-jetable-fruit-de-la-passion-sucre-79\/","title":{"rendered":"Fumot RandM Tornado 20000 bouff\u00e9es cigarette \u00e9lectronique jetable - P\u00eache Mangue Past\u00e8que"},"content":{"rendered":"<div class=\"flex-shrink-0 flex flex-col relative items-end\">\n<div>\n<div class=\"pt-0\">\n<div class=\"gizmo-shadow-stroke flex h-8 w-8 items-center justify-center overflow-hidden rounded-full\">\n<div class=\"h-full w-full\">\n<div class=\"gizmo-shadow-stroke overflow-hidden rounded-full\">\n<div style=\"width: 1020px;\" class=\"wp-video\"><video class=\"wp-video-shortcode\" id=\"video-1658-1\" width=\"1020\" height=\"573\" preload=\"metadata\" controls=\"controls\"><source type=\"video\/mp4\" src=\"https:\/\/alfakherwelt.de\/wp-content\/uploads\/2024\/12\/fumot-tornado-20000-\u89c6\u9891-\u538b\u7f29.mp4?_=1\" \/><a href=\"https:\/\/alfakherwelt.de\/wp-content\/uploads\/2024\/12\/fumot-tornado-20000-\u89c6\u9891-\u538b\u7f29.mp4\">https:\/\/alfakherwelt.de\/wp-content\/uploads\/2024\/12\/fumot-tornado-20000-\u89c6\u9891-\u538b\u7f29.mp4<\/a><\/video><\/div>\n<\/div>\n<\/div>\n<\/div>\n<\/div>\n<\/div>\n<\/div>\n<div class=\"group\/conversation-turn relative flex w-full min-w-0 flex-col agent-turn\">\n<div class=\"flex-col gap-1 md:gap-3\">\n<div class=\"flex max-w-full flex-col flex-grow\">\n<div class=\"min-h-8 text-message flex w-full flex-col items-end gap-2 whitespace-normal break-words text-start [.text-message+&amp;]:mt-5\" dir=\"auto\" data-message-author-role=\"assistant\" data-message-id=\"e9727221-eeda-4fcd-81ad-e9a8c084b859\" data-message-model-slug=\"gpt-4o\">\n<div class=\"flex w-full flex-col gap-1 empty:hidden first:pt-[3px]\">\n<div class=\"markdown prose w-full break-words dark:prose-invert light\">\n<h2><strong><a href=\"https:\/\/alfakherwelt.de\/fr\/categorie-de-produit\/request-failed-with-status-code-538\/\">Fumot RandM Tornado 20000 tir\u00e9es<\/a> Cigarette \u00e9lectronique jetable - Perfection pour les vapoteurs exigeants en Allemagne<\/strong><\/h2>\n<p>La <strong>Fumot RandM Tornado 20000 tirages cigarette \u00e9lectronique jetable<\/strong> est le choix parfait pour tous ceux qui recherchent une exp\u00e9rience de vapotage unique avec une performance durable et une vari\u00e9t\u00e9 de saveurs d\u00e9licieuses. Avec sa technologie innovante, sa manipulation conviviale et son autonomie exceptionnelle, cette cigarette \u00e9lectronique jetable \u00e9tablit de nouvelles normes sur le march\u00e9 allemand. Elle a \u00e9t\u00e9 sp\u00e9cialement d\u00e9velopp\u00e9e pour les vapoteurs exigeants qui recherchent une cigarette \u00e9lectronique fiable, puissante et confortable. Sur <strong>alfakherwelt.de<\/strong>Sur , la plus grande plate-forme de vente en ligne de cigarettes \u00e9lectroniques jetables en Allemagne, vous pouvez acheter rapidement et facilement la cigarette \u00e9lectronique jetable Fumot RandM Tornado 20000 tirages et profiter d'une exp\u00e9rience de vapotage incomparable.<\/p>\n<h3><strong>Pourquoi choisir la cigarette \u00e9lectronique jetable Fumot RandM Tornado 20000 tirages ?<\/strong><\/h3>\n<p>La cigarette \u00e9lectronique jetable Fumot RandM Tornado 20000 bouff\u00e9es offre non seulement un nombre \u00e9lev\u00e9 de bouff\u00e9es et un large choix d'ar\u00f4mes, mais \u00e9galement une s\u00e9rie de fonctions innovantes qui font de la vapeur un v\u00e9ritable plaisir. Elle combine une technologie de pointe avec un design compact et convivial, et garantit que chaque bouff\u00e9e reste constante et agr\u00e9able. Que vous soyez un vapoteur exp\u00e9riment\u00e9 ou un d\u00e9butant, la cigarette \u00e9lectronique jetable Fumot RandM Tornado 20000 bouff\u00e9es est parfaitement adapt\u00e9e \u00e0 vos besoins.<\/p>\n<p>Gr\u00e2ce au <strong>Syst\u00e8mes de bobines \u00e0 double maille<\/strong> pouvez choisir entre deux modes de fonctionnement : le <strong>Mode Monomoteur<\/strong> pour jusqu'\u00e0 20 000 trains avec une puissance constante et le <strong>Mode double moteur<\/strong>qui assure des tirages intensifi\u00e9s et vous offre jusqu'\u00e0 10 000 tirages. Le contr\u00f4le du flux d'air vous permet d'adapter l'exp\u00e9rience de vapeur \u00e0 votre go\u00fbt, et l'affichage du niveau de la batterie vous donne une vue claire de l'\u00e9tat de charge actuel.<\/p>\n<p>Avec un <strong>Batterie 850 mAh<\/strong> et un <strong>grande capacit\u00e9 de e-liquide<\/strong> avez-vous l'impression de ne jamais \u00eatre au milieu d'un train parfait sans recharge ou sans \u00e9nergie ? Le design ergonomique garantit que la cigarette \u00e9lectronique offre toujours une exp\u00e9rience de vapotage agr\u00e9able, m\u00eame en d\u00e9placement.<\/p>\n<h3><strong>Caract\u00e9ristiques techniques de la cigarette \u00e9lectronique jetable Fumot RandM Tornado 20000 bouff\u00e9es<\/strong><\/h3>\n<ul>\n<li><strong>Mode Monomoteur<\/strong>: Activez une Mesh-Coil en mode Single Engine pour jusqu'\u00e0 20 000 tirages. Profitez d'ar\u00f4mes durables et constants ainsi que d'une production de vapeur uniforme.<\/li>\n<li><strong>Mode double moteur<\/strong>Pour des sessions de vapeur plus intenses, activez les deux coils Mesh en mode Dual Engine et profitez jusqu'\u00e0 10 000 bouff\u00e9es puissantes et aromatiques.<\/li>\n<li><strong>Batterie 850 mAh<\/strong>La batterie robuste assure une longue dur\u00e9e de fonctionnement et des performances constantes pendant toute l'exp\u00e9rience de vapotage.<\/li>\n<li><strong>Contr\u00f4le du flux d'air<\/strong>: Le Fumot Tornado 20000 Z\u00fcge offre un contr\u00f4le de d\u00e9bit d'air r\u00e9glable individuellement, vous permettant d'ajuster la r\u00e9sistance de la bouff\u00e9e selon vos pr\u00e9f\u00e9rences personnelles - que ce soit une bouff\u00e9e plus serr\u00e9e ou plus a\u00e9r\u00e9e.<\/li>\n<li><strong>Affichage de l'e-liquide et de la batterie<\/strong>: Les indicateurs pratiques pour les niveaux de e-liquide et de batterie vous tiennent toujours inform\u00e9, afin que vous ne soyez jamais pris au d\u00e9pourvu sans r\u00e9serve.<\/li>\n<li><strong>Manipulation compacte<\/strong>: Le design ergonomique rend la cigarette \u00e9lectronique facile \u00e0 utiliser, id\u00e9ale pour une utilisation quotidienne ou en d\u00e9placement.<\/li>\n<\/ul>\n<p><img loading=\"lazy\" decoding=\"async\" class=\"alignnone wp-image-1660 size-full\" src=\"https:\/\/alfakherwelt.de\/wp-content\/uploads\/2024\/12\/Fumot-RandM-Tornado-20000-2-scaled.jpg\" alt=\"Fumot RandM Tornado 20000 bouff\u00e9es E-cigarette jetable - P\u00eache Mangue Past\u00e8que\" width=\"2560\" height=\"1641\" title=\"\" srcset=\"https:\/\/alfakherwelt.de\/wp-content\/uploads\/2024\/12\/Fumot-RandM-Tornado-20000-2-scaled.jpg 2560w, https:\/\/alfakherwelt.de\/wp-content\/uploads\/2024\/12\/Fumot-RandM-Tornado-20000-2-300x192.jpg 300w, https:\/\/alfakherwelt.de\/wp-content\/uploads\/2024\/12\/Fumot-RandM-Tornado-20000-2-1024x657.jpg 1024w, https:\/\/alfakherwelt.de\/wp-content\/uploads\/2024\/12\/Fumot-RandM-Tornado-20000-2-768x492.jpg 768w, https:\/\/alfakherwelt.de\/wp-content\/uploads\/2024\/12\/Fumot-RandM-Tornado-20000-2-1536x985.jpg 1536w, https:\/\/alfakherwelt.de\/wp-content\/uploads\/2024\/12\/Fumot-RandM-Tornado-20000-2-2048x1313.jpg 2048w, https:\/\/alfakherwelt.de\/wp-content\/uploads\/2024\/12\/Fumot-RandM-Tornado-20000-2-18x12.jpg 18w, https:\/\/alfakherwelt.de\/wp-content\/uploads\/2024\/12\/Fumot-RandM-Tornado-20000-2-600x385.jpg 600w\" sizes=\"auto, (max-width: 2560px) 100vw, 2560px\" \/><\/p>\n<h3><strong>Vari\u00e9t\u00e9 d'ar\u00f4mes de la <a href=\"https:\/\/alfakherwelt.de\/fr\/categorie-de-produit\/request-failed-with-status-code-538\/\">Fumot RandM Tornado 20000 tir\u00e9es<\/a> Cigarette \u00e9lectronique jetable<\/strong><\/h3>\n<p>Un aspect d\u00e9cisif pour lequel les <strong>Fumot RandM Tornado 20000 tirages cigarette \u00e9lectronique jetable<\/strong> Ce qui distingue les produits  des autres cigarettes \u00e9lectroniques jetables sur le march\u00e9, c'est la vari\u00e9t\u00e9 des saveurs. Chaque saveur a \u00e9t\u00e9 soigneusement d\u00e9velopp\u00e9e pour vous offrir une exp\u00e9rience gustative intense et satisfaisante. Les saveurs vont des fruits, sucr\u00e9es et rafra\u00eechissantes aux d\u00e9lices exotiques et tropicaux - il y en a pour tous les vapoteurs.<\/p>\n<p>Un point fort de la cigarette \u00e9lectronique jetable Fumot RandM Tornado 20000 tirs est que <strong>Aroma \u00ab P\u00eache Mangue Past\u00e8que \u00bb<\/strong>qui se caract\u00e9rise par un m\u00e9lange rafra\u00eechissant et fruit\u00e9 de p\u00eache juteuse, de mangue tropicale et de past\u00e8que sucr\u00e9e. La combinaison de ces trois fruits populaires cr\u00e9e un go\u00fbt agr\u00e9ablement sucr\u00e9, mais pas trop envahissant, qui repr\u00e9sente un excellent choix pour les d\u00e9butants comme pour les vapoteurs exp\u00e9riment\u00e9s. C'est un choix parfait pour une utilisation quotidienne, surtout les jours d'\u00e9t\u00e9 chauds, lorsque vous cherchez une rafra\u00eechissante fra\u00eecheur.<\/p>\n<p>\u00c0 c\u00f4t\u00e9 de cela <strong>P\u00eache Mangue Past\u00e8que<\/strong> offre \u00e9galement la Fumot RandM Tornado 20000 bouff\u00e9es e-cigarette jetable de nombreuses autres saveurs attrayantes, notamment :<\/p>\n<ul>\n<li><strong>Pear Ice<\/strong>Un go\u00fbt de poire frais avec une composante de glace agr\u00e9able et rafra\u00eechissante, ce qui en fait une parfaite jouissance estivale.<\/li>\n<li><strong>Bonbon dur aux bleuets et framboises<\/strong>Une douce mixture de bleuets, de framboises et une touche de bonbons au sucre qui transforme chaque vapeur en une exp\u00e9rience d\u00e9licieuse.<\/li>\n<li><strong>Strawberry Watermelon \nFraise Past\u00e8que<\/strong>Une combinaison fruit\u00e9e de fraises fra\u00eeches et de past\u00e8que sucr\u00e9e qui vous transportera dans l'\u00e9t\u00e9.<\/li>\n<li><strong>M\u00e9lange de baies<\/strong>Un m\u00e9lange de diff\u00e9rentes esp\u00e8ces de baies offrant une exp\u00e9rience gustative sucr\u00e9e et polyvalente.<\/li>\n<li><strong>Kiwi Passion Fruit Guava<\/strong>Une combinaison exotique de kiwi, de fruit de la passion et de goyave - id\u00e9ale pour les vapoteurs \u00e0 la recherche de nouvelles exp\u00e9riences gustatives int\u00e9ressantes.<\/li>\n<\/ul>\n<h3><strong>Pourquoi devriez-vous les <a href=\"https:\/\/alfakherwelt.de\/fr\/categorie-de-produit\/request-failed-with-status-code-538\/\">Fumot RandM Tornado 20000 tir\u00e9es<\/a> Cigarette \u00e9lectronique jetable acheter ?<\/strong><\/h3>\n<p>Le Fumot RandM Tornado 20000 tir\u00e9es cigarette \u00e9lectronique jetable convainc non seulement par sa longue dur\u00e9e de vie et sa haute performance, mais \u00e9galement par sa polyvalence et son confort gustatif \u00e9lev\u00e9. Voici les principales raisons pour lesquelles vous devriez choisir ce produit :<\/p>\n<ol>\n<li><strong>Longue dur\u00e9e de vapeur<\/strong>Avec jusqu'\u00e0 20 000 bouff\u00e9es en mode moteur unique et jusqu'\u00e0 10 000 bouff\u00e9es en mode double moteur, le Fumot RandM Tornado 20000 offre une autonomie impressionnante adapt\u00e9e \u00e0 des exp\u00e9riences de vapotage prolong\u00e9es sans n\u00e9cessiter de recharge.<\/li>\n<li><strong>Saveurs vari\u00e9es<\/strong>La vari\u00e9t\u00e9 des ar\u00f4mes - allant des fruits jusqu'\u00e0 rafra\u00eechissant - fait que chaque go\u00fbt trouvera son bonheur.<\/li>\n<li><strong>Convivial<\/strong>La conception conviviale et les fonctions pratiques telles que l'affichage de l'e-liquide et de la batterie rendent la manipulation simple et confortable.<\/li>\n<li><strong>Manipulation facile<\/strong>La taille compacte et la simplicit\u00e9 d'utilisation vous permettent de facilement emporter le e-cigarette partout et de l'appr\u00e9cier.<\/li>\n<li><strong>Exclusivement sur alfakherwelt.de<\/strong>: <a href=\"https:\/\/alfakherwelt.de\/fr\/\"><strong>alfakherwelt.de<\/strong><\/a> est la plus grande plate-forme de vente en ligne de cigarettes \u00e9lectroniques jetables en Allemagne, ce qui vous offre non seulement une possibilit\u00e9 de commande facile, mais \u00e9galement une livraison rapide et un excellent service client.<\/li>\n<\/ol>\n<h3><strong>Conclusion<\/strong><\/h3>\n<p>La <strong>Fumot RandM Tornado 20000 tirages cigarette \u00e9lectronique jetable<\/strong> est le choix id\u00e9al pour tous ceux qui recherchent une exp\u00e9rience de vapotage fiable, puissante et convaincante en termes de saveur. Avec sa longue dur\u00e9e de vie, son utilisation intuitive et sa large gamme d'ar\u00f4mes, elle offre tout ce que les vapoteurs peuvent souhaiter. Commandez maintenant votre cigarette \u00e9lectronique jetable Fumot RandM Tornado 20000 tirages sur <a href=\"https:\/\/alfakherwelt.de\/fr\/\"><strong>alfakherwelt.de<\/strong><\/a>, la plus grande plateforme en ligne pour les cigarettes \u00e9lectroniques jetables en Allemagne, et profitez d'une exp\u00e9rience de vapotage unique.<\/p>\n<\/div>\n<\/div>\n<\/div>\n<\/div>\n<\/div>\n<\/div>","protected":false},"excerpt":{"rendered":"<div class=\"flex-shrink-0 flex flex-col relative items-end\">\n<div class=\"pt-0\">\n<div class=\"gizmo-shadow-stroke flex h-8 w-8 items-center justify-center overflow-hidden rounded-full\">\n<div class=\"h-full w-full\">\n<div class=\"flex-shrink-0 flex flex-col relative items-end\">\n<div class=\"pt-0\">\n<div class=\"gizmo-shadow-stroke flex h-8 w-8 items-center justify-center overflow-hidden rounded-full\">\n<div class=\"h-full w-full\">\n<div class=\"gizmo-shadow-stroke overflow-hidden rounded-full\">\n<div class=\"flex-1 overflow-hidden\">\n<div class=\"h-full\">\n<div class=\"react-scroll-to-bottom--css-nphjn-79elbk h-full\">\n<div class=\"react-scroll-to-bottom--css-nphjn-1n7m0yu\">\n<div class=\"flex flex-col text-sm md:pb-9\">\n<article class=\"w-full scroll-mb-[var(--thread-trailing-height,150px)] text-token-text-primary focus-visible:outline-2 focus-visible:outline-offset-[-4px]\" dir=\"auto\" data-testid=\"conversation-turn-5\" data-scroll-anchor=\"true\">\n<div class=\"m-auto text-base py-[18px] px-3 md:px-4 w-full md:px-5 lg:px-4 xl:px-5\">\n<div class=\"mx-auto flex flex-1 gap-4 text-base md:gap-5 lg:gap-6 md:max-w-3xl lg:max-w-[40rem] xl:max-w-[48rem]\">\n<div class=\"group\/conversation-turn relative flex w-full min-w-0 flex-col agent-turn\">\n<div class=\"flex-col gap-1 md:gap-3\">\n<div class=\"flex max-w-full flex-col flex-grow\">\n<div class=\"min-h-8 text-message flex w-full flex-col items-end gap-2 whitespace-normal break-words [.text-message+&amp;]:mt-5\" dir=\"auto\" data-message-author-role=\"assistant\" data-message-id=\"1982dcee-f0f5-4cfa-a269-fdbaed43d922\" data-message-model-slug=\"gpt-4o\">\n<div class=\"flex w-full flex-col gap-1 empty:hidden first:pt-[3px]\">\n<div class=\"markdown prose w-full break-words dark:prose-invert light\">\n<div class=\"flex-1 overflow-hidden\">\n<div class=\"h-full\">\n<div class=\"react-scroll-to-bottom--css-xrsce-79elbk h-full\">\n<div class=\"react-scroll-to-bottom--css-xrsce-1n7m0yu\">\n<div class=\"flex flex-col text-sm md:pb-9\">\n<article class=\"w-full scroll-mb-[var(--thread-trailing-height,150px)] text-token-text-primary focus-visible:outline-2 focus-visible:outline-offset-[-4px]\" dir=\"auto\" data-testid=\"conversation-turn-5\" data-scroll-anchor=\"true\">\n<div class=\"m-auto text-base py-[18px] px-3 md:px-4 w-full md:px-5 lg:px-4 xl:px-5\">\n<div class=\"mx-auto flex flex-1 gap-4 text-base md:gap-5 lg:gap-6 md:max-w-3xl lg:max-w-[40rem] xl:max-w-[48rem]\">\n<div class=\"group\/conversation-turn relative flex w-full min-w-0 flex-col agent-turn\">\n<div class=\"flex-col gap-1 md:gap-3\">\n<div class=\"flex max-w-full flex-col flex-grow\">\n<div class=\"min-h-8 text-message flex w-full flex-col items-end gap-2 whitespace-normal break-words [.text-message+&amp;]:mt-5\" dir=\"auto\" data-message-author-role=\"assistant\" data-message-id=\"1a0c8d71-a6be-4cc9-b460-deb3e7ecbf47\" data-message-model-slug=\"gpt-4o\">\n<div class=\"flex w-full flex-col gap-1 empty:hidden first:pt-[3px]\">\n<div class=\"markdown prose w-full break-words dark:prose-invert light\">\n<div class=\"flex-1 overflow-hidden\">\n<div class=\"h-full\">\n<div class=\"react-scroll-to-bottom--css-gqbzc-79elbk h-full\">\n<div class=\"react-scroll-to-bottom--css-gqbzc-1n7m0yu\">\n<div class=\"flex flex-col text-sm md:pb-9\">\n<article class=\"w-full scroll-mb-[var(--thread-trailing-height,150px)] text-token-text-primary focus-visible:outline-2 focus-visible:outline-offset-[-4px]\" dir=\"auto\" data-testid=\"conversation-turn-5\" data-scroll-anchor=\"true\">\n<div class=\"m-auto text-base py-[18px] px-3 md:px-4 w-full md:px-5 lg:px-4 xl:px-5\">\n<div class=\"mx-auto flex flex-1 gap-4 text-base md:gap-5 lg:gap-6 md:max-w-3xl lg:max-w-[40rem] xl:max-w-[48rem]\">\n<div class=\"group\/conversation-turn relative flex w-full min-w-0 flex-col agent-turn\">\n<div class=\"flex-col gap-1 md:gap-3\">\n<div class=\"flex max-w-full flex-col flex-grow\">\n<div class=\"min-h-8 text-message flex w-full flex-col items-end gap-2 whitespace-normal break-words [.text-message+&amp;]:mt-5\" dir=\"auto\" data-message-author-role=\"assistant\" data-message-id=\"ca066132-0777-4603-995e-a689971b3380\" data-message-model-slug=\"gpt-4o\">\n<div class=\"flex w-full flex-col gap-1 empty:hidden first:pt-[3px]\">\n<div class=\"markdown prose w-full break-words dark:prose-invert light\">\n<p>La <strong>Fumot RandM Tornado 20000 tirages cigarette \u00e9lectronique jetable<\/strong> offre une exp\u00e9rience de vape exceptionnelle avec jusqu'\u00e0 20 000 tirages, un d\u00e9bit d'air personnalisable, une batterie puissante de 850 mAh, une vari\u00e9t\u00e9 de saveurs d\u00e9licieuses et un design convivial d\u00e9velopp\u00e9 pour les vapoteurs exigeants en Allemagne.<\/p>\n<\/div>\n<\/div>\n<\/div>\n<\/div>\n<\/div>\n<\/div>\n<\/div>\n<\/div>\n<\/article>\n<\/div>\n<\/div>\n<\/div>\n<\/div>\n<\/div>\n<\/div>\n<\/div>\n<\/div>\n<\/div>\n<\/div>\n<\/div>\n<\/div>\n<\/div>\n<\/article>\n<\/div>\n<\/div>\n<\/div>\n<\/div>\n<\/div>\n<\/div>\n<\/div>\n<\/div>\n<\/div>\n<div class=\"pr-2 lg:pr-0\"><\/div>\n<div class=\"mt-3 w-full empty:hidden\">\n<div class=\"text-center\"><\/div>\n<\/div>\n<\/div>\n<div class=\"absolute\">\n<div class=\"flex items-center justify-center\"><\/div>\n<\/div>\n<\/div>\n<\/div>\n<\/div>\n<\/article>\n<\/div>\n<\/div>\n<\/div>\n<\/div>\n<\/div>\n<div class=\"md:pt-0 dark:border-white\/20 md:border-transparent md:dark:border-transparent w-full\">\n<div>\n<div class=\"m-auto text-base px-3 md:px-4 w-full md:px-5 lg:px-4 xl:px-5\">\n<div class=\"mx-auto flex flex-1 gap-4 text-base md:gap-5 lg:gap-6 md:max-w-3xl lg:max-w-[40rem] xl:max-w-[48rem]\">\n<div class=\"flex justify-center\"><\/div>\n<\/div>\n<\/div>\n<\/div>\n<\/div>\n<\/div>\n<\/div>\n<\/div>\n<\/div>\n<\/div>\n<\/div>\n<\/div>\n<\/div>\n<\/div>","protected":false},"featured_media":1651,"comment_status":"open","ping_status":"closed","template":"","meta":[],"product_brand":[],"product_cat":[61],"product_tag":[],"class_list":{"0":"post-1658","1":"product","2":"type-product","3":"status-publish","4":"has-post-thumbnail","6":"product_cat-randm-fumot-tornado-20000","8":"first","9":"instock","10":"sale","11":"shipping-taxable","12":"purchasable","13":"product-type-simple"},"jetpack_sharing_enabled":true,"_links":{"self":[{"href":"https:\/\/alfakherwelt.de\/fr\/wp-json\/wp\/v2\/product\/1658","targetHints":{"allow":["GET"]}}],"collection":[{"href":"https:\/\/alfakherwelt.de\/fr\/wp-json\/wp\/v2\/product"}],"about":[{"href":"https:\/\/alfakherwelt.de\/fr\/wp-json\/wp\/v2\/types\/product"}],"replies":[{"embeddable":true,"href":"https:\/\/alfakherwelt.de\/fr\/wp-json\/wp\/v2\/comments?post=1658"}],"wp:featuredmedia":[{"embeddable":true,"href":"https:\/\/alfakherwelt.de\/fr\/wp-json\/wp\/v2\/media\/1651"}],"wp:attachment":[{"href":"https:\/\/alfakherwelt.de\/fr\/wp-json\/wp\/v2\/media?parent=1658"}],"wp:term":[{"taxonomy":"product_brand","embeddable":true,"href":"https:\/\/alfakherwelt.de\/fr\/wp-json\/wp\/v2\/product_brand?post=1658"},{"taxonomy":"product_cat","embeddable":true,"href":"https:\/\/alfakherwelt.de\/fr\/wp-json\/wp\/v2\/product_cat?post=1658"},{"taxonomy":"product_tag","embeddable":true,"href":"https:\/\/alfakherwelt.de\/fr\/wp-json\/wp\/v2\/product_tag?post=1658"}],"curies":[{"name":"wp","href":"https:\/\/api.w.org\/{rel}","templated":true}]}}