{"id":1643,"date":"2024-12-24T03:06:45","date_gmt":"2024-12-24T03:06:45","guid":{"rendered":"https:\/\/alfakherwelt.de\/?post_type=product&#038;p=1643"},"modified":"2025-06-09T01:07:24","modified_gmt":"2025-06-09T01:07:24","slug":"al-fakher-crown-bar-8000-bouffees-cigarette-electronique-jetable-fruit-de-la-passion-sucre-76","status":"publish","type":"product","link":"https:\/\/alfakherwelt.de\/fr\/produit\/al-fakher-crown-bar-8000-bouffees-cigarette-electronique-jetable-fruit-de-la-passion-sucre-76\/","title":{"rendered":"Fumot RandM Tornado 20000 bouff\u00e9es cigarette \u00e9lectronique jetable - Cherry Lime"},"content":{"rendered":"<div class=\"flex-shrink-0 flex flex-col relative items-end\">\n<div>\n<div class=\"pt-0\">\n<div class=\"gizmo-shadow-stroke flex h-8 w-8 items-center justify-center overflow-hidden rounded-full\">\n<div class=\"h-full w-full\">\n<div class=\"gizmo-shadow-stroke overflow-hidden rounded-full\">\n<div style=\"width: 1020px;\" class=\"wp-video\"><video class=\"wp-video-shortcode\" id=\"video-1643-1\" width=\"1020\" height=\"573\" preload=\"metadata\" controls=\"controls\"><source type=\"video\/mp4\" src=\"https:\/\/alfakherwelt.de\/wp-content\/uploads\/2024\/12\/fumot-tornado-20000-\u89c6\u9891-\u538b\u7f29.mp4?_=1\" \/><a href=\"https:\/\/alfakherwelt.de\/wp-content\/uploads\/2024\/12\/fumot-tornado-20000-\u89c6\u9891-\u538b\u7f29.mp4\">https:\/\/alfakherwelt.de\/wp-content\/uploads\/2024\/12\/fumot-tornado-20000-\u89c6\u9891-\u538b\u7f29.mp4<\/a><\/video><\/div>\n<\/div>\n<\/div>\n<\/div>\n<\/div>\n<\/div>\n<\/div>\n<div class=\"group\/conversation-turn relative flex w-full min-w-0 flex-col agent-turn\">\n<div class=\"flex-col gap-1 md:gap-3\">\n<div class=\"flex max-w-full flex-col flex-grow\">\n<div class=\"min-h-8 text-message flex w-full flex-col items-end gap-2 whitespace-normal break-words text-start [.text-message+&amp;]:mt-5\" dir=\"auto\" data-message-author-role=\"assistant\" data-message-id=\"e9727221-eeda-4fcd-81ad-e9a8c084b859\" data-message-model-slug=\"gpt-4o\">\n<div class=\"flex w-full flex-col gap-1 empty:hidden first:pt-[3px]\">\n<div class=\"markdown prose w-full break-words dark:prose-invert light\">\n<h2><strong><a href=\"https:\/\/alfakherwelt.de\/fr\/categorie-de-produit\/request-failed-with-status-code-538\/\">Fumot RandM Tornado 20000 tir\u00e9es<\/a> Cigarette \u00e9lectronique jetable - Le choix ultime pour les amateurs de vapotage en Allemagne<\/strong><\/h2>\n<p>La cigarette \u00e9lectronique jetable Fumot RandM Tornado 20000 bouff\u00e9es est le choix parfait pour tous ceux qui recherchent une exp\u00e9rience de vapotage durable, fiable et intense en termes de saveur. En tant que fournisseur leader de cigarettes \u00e9lectroniques jetables en Allemagne, nous vous offrons <strong>alfakherwelt.de<\/strong> la derni\u00e8re innovation dans le monde des e-cigarettes. D\u00e9couvrez les performances exceptionnelles, la polyvalence et un large choix de saveurs d\u00e9licieuses qui sauront vous s\u00e9duire.<\/p>\n<h3><strong>Description du produit :<\/strong><\/h3>\n<p>La <strong>Fumot RandM Tornado 20000<\/strong> est un appareil de vape jetable de haute qualit\u00e9, \u00e9quip\u00e9 d'une technologie avanc\u00e9e et sp\u00e9cialement con\u00e7u pour enthousiasmer \u00e0 la fois les nouveaux vapoteurs et les vapoteurs exp\u00e9riment\u00e9s. Avec une remarquable <strong>Dur\u00e9e de vie pouvant atteindre 20 000 tirages<\/strong> La Tornado 20000 offre l'une des dur\u00e9es d'utilisation les plus longues du march\u00e9, ce qui en fait le choix id\u00e9al pour tous ceux qui recherchent un appareil fiable \u00e0 emporter en d\u00e9placement.<\/p>\n<p>La cigarette \u00e9lectronique jetable dispose de <strong>deux modes de fonctionnement<\/strong>den <strong>Mode Monomoteur<\/strong> et le <strong>Mode double moteur<\/strong>En mode Single Engine, une seule bobine de maille est activ\u00e9e, offrant une exp\u00e9rience de vape r\u00e9guli\u00e8re et agr\u00e9able tout au long de la dur\u00e9e de vie de l'appareil. En passant en mode Dual Engine, les deux bobines de maille sont activ\u00e9es, ce qui procure une exp\u00e9rience de vape plus intense et plus puissante. Cela signifie que vous pouvez personnaliser votre exp\u00e9rience de vape selon vos pr\u00e9f\u00e9rences.<\/p>\n<h4><strong>Caract\u00e9ristiques techniques en d\u00e9tail :<\/strong><\/h4>\n<ul>\n<li><strong>Mode double moteur :<\/strong> S\u00e9lectionnez le <strong>Mode double moteur<\/strong> pour des tirages plus intenses et une production de vapeur plus \u00e9lev\u00e9e avec jusqu'\u00e0 10 000 tirages.<\/li>\n<li><strong>Mode Monomoteur :<\/strong> Activer le <strong>Mode Monomoteur<\/strong> pour une production de vapeur durable, mais moins intensive, avec jusqu'\u00e0 20 000 bouff\u00e9es.<\/li>\n<li><strong>Batterie de 850 mAh :<\/strong> La batterie puissante garantit que votre appareil fonctionne de mani\u00e8re fiable toute la journ\u00e9e.<\/li>\n<li><strong>Affichage de e-liquide et de batterie :<\/strong> Les indicateurs pratiques vous montrent l'\u00e9tat actuel de l'e-liquide et de la batterie, vous permettant de savoir \u00e0 tout moment quand une recharge ou un remplacement est n\u00e9cessaire.<\/li>\n<li><strong>Contr\u00f4le du flux d'air :<\/strong> Avec le contr\u00f4le de flux d'air r\u00e9glable, vous pouvez adapter le comportement de tirage \u00e0 vos souhaits - pour une exp\u00e9rience de vape personnalis\u00e9e.<\/li>\n<li><strong>Taille compacte:<\/strong> Le design \u00e9l\u00e9gant et la construction compacte rendent l'appareil parfait pour \u00eatre emport\u00e9 en d\u00e9placement.<\/li>\n<\/ul>\n<p>Gr\u00e2ce \u00e0 ces propri\u00e9t\u00e9s innovantes, la <strong><a href=\"https:\/\/alfakherwelt.de\/fr\/categorie-de-produit\/request-failed-with-status-code-538\/\">Fumot RandM Tornado 20000 tir\u00e9es<\/a> Cigarette \u00e9lectronique jetable<\/strong> pour que vous puissiez profiter \u00e0 tout moment d'une production de vapeur douce et constante. Que vous optiez pour le mode Single Engine pour des trajets longs et r\u00e9guliers ou le mode Dual Engine pour des nuages de vapeur plus intenses, cet appareil d\u00e9passera vos attentes.<\/p>\n<h3><img loading=\"lazy\" decoding=\"async\" class=\"alignnone wp-image-1652 size-full\" src=\"https:\/\/alfakherwelt.de\/wp-content\/uploads\/2024\/12\/Fumot-RandM-Tornado-20000-3-scaled.jpg\" alt=\"Fumot RandM Tornado 20000 bouff\u00e9es cigarette \u00e9lectronique jetable - Cherry Lime\" width=\"2560\" height=\"1641\" title=\"\" srcset=\"https:\/\/alfakherwelt.de\/wp-content\/uploads\/2024\/12\/Fumot-RandM-Tornado-20000-3-scaled.jpg 2560w, https:\/\/alfakherwelt.de\/wp-content\/uploads\/2024\/12\/Fumot-RandM-Tornado-20000-3-300x192.jpg 300w, https:\/\/alfakherwelt.de\/wp-content\/uploads\/2024\/12\/Fumot-RandM-Tornado-20000-3-1024x657.jpg 1024w, https:\/\/alfakherwelt.de\/wp-content\/uploads\/2024\/12\/Fumot-RandM-Tornado-20000-3-768x492.jpg 768w, https:\/\/alfakherwelt.de\/wp-content\/uploads\/2024\/12\/Fumot-RandM-Tornado-20000-3-1536x985.jpg 1536w, https:\/\/alfakherwelt.de\/wp-content\/uploads\/2024\/12\/Fumot-RandM-Tornado-20000-3-2048x1313.jpg 2048w, https:\/\/alfakherwelt.de\/wp-content\/uploads\/2024\/12\/Fumot-RandM-Tornado-20000-3-18x12.jpg 18w, https:\/\/alfakherwelt.de\/wp-content\/uploads\/2024\/12\/Fumot-RandM-Tornado-20000-3-600x385.jpg 600w\" sizes=\"auto, (max-width: 2560px) 100vw, 2560px\" \/><\/h3>\n<h3><strong>Des saveurs vari\u00e9es pour tous les go\u00fbts :<\/strong><\/h3>\n<p>La s\u00e9lection d'ar\u00f4mes pour les <strong>Fumot RandM Tornado 20000 tir\u00e9es<\/strong> est tout aussi impressionnant que l'appareil lui-m\u00eame. Avec plus de 20 saveurs d\u00e9licieuses, nous vous offrons une explosion de saveurs qui ravitera vos papilles. Parmi les saveurs les plus populaires, citons :<\/p>\n<ul>\n<li><strong>Pear Ice<\/strong> Rafra\u00eechissant et frais, avec le go\u00fbt de poires juteuses, compl\u00e9t\u00e9 par une touche glac\u00e9e.<\/li>\n<li><strong>Bonbon dur aux bleuets et framboises<\/strong> Un d\u00e9lice sucr\u00e9 qui combine les saveurs de myrtilles et de framboises avec le go\u00fbt d\u00e9licieux des bonbons.<\/li>\n<li><strong>Fraise Past\u00e8que:<\/strong> Un m\u00e9lange d\u00e9licieux de fraises sucr\u00e9es et de past\u00e8que juteuse pour une exp\u00e9rience fruit\u00e9e.<\/li>\n<li><strong>M\u00e9lange de baies<\/strong> Un m\u00e9lange d\u00e9licieux de diff\u00e9rentes baies qui procure une exp\u00e9rience gustative intense et rafra\u00eechissante.<\/li>\n<li><strong>P\u00eache Ananas Orange:<\/strong> Une combinaison tropicale de p\u00eache sucr\u00e9e, d'ananas et d'orange pour une saveur exotique parfaite.<\/li>\n<\/ul>\n<p>Chaque ar\u00f4me a \u00e9t\u00e9 soigneusement s\u00e9lectionn\u00e9 pour vous offrir une exp\u00e9rience de vapotage inoubliable, \u00e0 la fois sucr\u00e9e et fra\u00eeche. Particuli\u00e8rement remarquable est la <strong>Cherry Lime<\/strong>Variante qui offre un \u00e9quilibre parfait entre douceur et fra\u00eecheur avec une lime p\u00e9tillante et l'intensit\u00e9 sucr\u00e9e des cerises.<\/p>\n<p><strong>D\u00e9tails de saveur pour Cherry Lime:<\/strong><\/p>\n<p>La combinaison de <strong>Cherry Lime<\/strong> est plus qu'un simple go\u00fbt - c'est une v\u00e9ritable f\u00eate des ar\u00f4mes. Le go\u00fbt sucr\u00e9 et juteux de la cerise est imm\u00e9diatement contrast\u00e9 par la fra\u00eecheur et l'acidit\u00e9 l\u00e9g\u00e8re du citron vert, ce qui conduit \u00e0 une exp\u00e9rience gustative harmonieuse mais exaltante. Le go\u00fbt frais du citron vert apporte une note de citron agr\u00e9able au premier plan, tandis que la cerise contribue \u00e0 une douceur fruit\u00e9e plus profonde. Ce go\u00fbt est parfait pour tous ceux qui recherchent un m\u00e9lange \u00e9quilibr\u00e9 de fra\u00eecheur et de douceur. Id\u00e9al pour l'\u00e9t\u00e9, mais \u00e9galement un plaisir \u00e0 toute saison, cet ar\u00f4me vous ravira \u00e0 chaque inspiration.<\/p>\n<h3><strong>Pourquoi devriez-vous les <a href=\"https:\/\/alfakherwelt.de\/fr\/categorie-de-produit\/request-failed-with-status-code-538\/\">Fumot RandM Tornado 20000<\/a> Cigarette \u00e9lectronique jetable acheter ?<\/strong><\/h3>\n<ul>\n<li><strong>Durabilit\u00e9 et fiabilit\u00e9 :<\/strong> Avec une dur\u00e9e de vie pouvant aller jusqu'\u00e0 20 000 bouff\u00e9es, la Fumot Tornado offre une long\u00e9vit\u00e9 exceptionnelle, presque unique dans le monde des cigarettes \u00e9lectroniques jetables.<\/li>\n<li><strong>Exp\u00e9rience de vape personnalisable :<\/strong> Gr\u00e2ce au mode double moteur et au contr\u00f4le du flux d'air, vous pouvez personnaliser votre exp\u00e9rience de vape et la fa\u00e7onner selon vos souhaits.<\/li>\n<li><strong>Vari\u00e9t\u00e9 de choix d'ar\u00f4mes :<\/strong> Peu importe si vous pr\u00e9f\u00e9rez des saveurs fruit\u00e9es, sucr\u00e9es ou rafra\u00eechissantes, avec la Fumot RandM Tornado 20000, vous trouverez certainement la saveur parfaite pour vous.<\/li>\n<li><strong>Confortable et facile \u00e0 utiliser :<\/strong> L'appareil est convivial et ne n\u00e9cessite pas de manipulation compliqu\u00e9e - simplement d\u00e9baller, activer et profiter.<\/li>\n<li><strong>Disponible sur alfakherwelt.de :<\/strong> Achetez vos <strong>Cigarette \u00e9lectronique jetable<\/strong> directement sur <strong>alfakherwelt.de<\/strong>, la plus grande plateforme en ligne pour les cigarettes \u00e9lectroniques jetables en Allemagne. Profitez de notre livraison rapide et de nos offres exclusives.<\/li>\n<\/ul>\n<h3><strong>Conclusion :<\/strong><\/h3>\n<p>La <strong>Fumot RandM Tornado 20000 tirages cigarette \u00e9lectronique jetable<\/strong> est sans aucun doute un appareil de premier ordre pour tous ceux qui appr\u00e9cient la qualit\u00e9, la durabilit\u00e9 et une exp\u00e9rience de vapotage exceptionnelle. Avec une s\u00e9lection impressionnante d'ar\u00f4mes et des fonctionnalit\u00e9s conviviales, elle vous offre tout ce que vous pouvez souhaiter d'une cigarette \u00e9lectronique jetable. N'attendez plus - commandez votre Fumot RandM Tornado d\u00e8s aujourd'hui sur <strong>alfakherwelt.de<\/strong> et profitez de l'exp\u00e9rience de vapotage ultime !<\/p>\n<p><strong>Contenu du paquet :<\/strong><\/p>\n<ul>\n<li>1 kit de cigarette \u00e9lectronique jetable<\/li>\n<\/ul>\n<p><strong>Disponible en diff\u00e9rentes saveurs :<\/strong> Pear Ice, Blueberry Raspberry, Cherry Cola, Mixed Berry, Peach Pineapple Orange et bien d'autres encore !<\/p>\n<hr \/>\n<p>Pour tous les amateurs de vapotage en Allemagne : Visitez <a href=\"https:\/\/alfakherwelt.de\/fr\/\"><strong>alfakherwelt.de<\/strong><\/a>votre premier point de r\u00e9f\u00e9rence pour des produits de haute qualit\u00e9 <strong>Cigarettes \u00e9lectroniques jetables avec nicotine<\/strong>Achetez encore aujourd'hui et vivez l'exp\u00e9rience de vape ultime !<\/p>\n<\/div>\n<\/div>\n<\/div>\n<\/div>\n<\/div>\n<\/div>","protected":false},"excerpt":{"rendered":"<div class=\"flex-shrink-0 flex flex-col relative items-end\">\n<div class=\"pt-0\">\n<div class=\"gizmo-shadow-stroke flex h-8 w-8 items-center justify-center overflow-hidden rounded-full\">\n<div class=\"h-full w-full\">\n<div class=\"flex-shrink-0 flex flex-col relative items-end\">\n<div class=\"pt-0\">\n<div class=\"gizmo-shadow-stroke flex h-8 w-8 items-center justify-center overflow-hidden rounded-full\">\n<div class=\"h-full w-full\">\n<div class=\"gizmo-shadow-stroke overflow-hidden rounded-full\">\n<div class=\"flex-1 overflow-hidden\">\n<div class=\"h-full\">\n<div class=\"react-scroll-to-bottom--css-nphjn-79elbk h-full\">\n<div class=\"react-scroll-to-bottom--css-nphjn-1n7m0yu\">\n<div class=\"flex flex-col text-sm md:pb-9\">\n<article class=\"w-full scroll-mb-[var(--thread-trailing-height,150px)] text-token-text-primary focus-visible:outline-2 focus-visible:outline-offset-[-4px]\" dir=\"auto\" data-testid=\"conversation-turn-5\" data-scroll-anchor=\"true\">\n<div class=\"m-auto text-base py-[18px] px-3 md:px-4 w-full md:px-5 lg:px-4 xl:px-5\">\n<div class=\"mx-auto flex flex-1 gap-4 text-base md:gap-5 lg:gap-6 md:max-w-3xl lg:max-w-[40rem] xl:max-w-[48rem]\">\n<div class=\"group\/conversation-turn relative flex w-full min-w-0 flex-col agent-turn\">\n<div class=\"flex-col gap-1 md:gap-3\">\n<div class=\"flex max-w-full flex-col flex-grow\">\n<div class=\"min-h-8 text-message flex w-full flex-col items-end gap-2 whitespace-normal break-words [.text-message+&amp;]:mt-5\" dir=\"auto\" data-message-author-role=\"assistant\" data-message-id=\"1982dcee-f0f5-4cfa-a269-fdbaed43d922\" data-message-model-slug=\"gpt-4o\">\n<div class=\"flex w-full flex-col gap-1 empty:hidden first:pt-[3px]\">\n<div class=\"markdown prose w-full break-words dark:prose-invert light\">\n<div class=\"flex-1 overflow-hidden\">\n<div class=\"h-full\">\n<div class=\"react-scroll-to-bottom--css-xrsce-79elbk h-full\">\n<div class=\"react-scroll-to-bottom--css-xrsce-1n7m0yu\">\n<div class=\"flex flex-col text-sm md:pb-9\">\n<article class=\"w-full scroll-mb-[var(--thread-trailing-height,150px)] text-token-text-primary focus-visible:outline-2 focus-visible:outline-offset-[-4px]\" dir=\"auto\" data-testid=\"conversation-turn-5\" data-scroll-anchor=\"true\">\n<div class=\"m-auto text-base py-[18px] px-3 md:px-4 w-full md:px-5 lg:px-4 xl:px-5\">\n<div class=\"mx-auto flex flex-1 gap-4 text-base md:gap-5 lg:gap-6 md:max-w-3xl lg:max-w-[40rem] xl:max-w-[48rem]\">\n<div class=\"group\/conversation-turn relative flex w-full min-w-0 flex-col agent-turn\">\n<div class=\"flex-col gap-1 md:gap-3\">\n<div class=\"flex max-w-full flex-col flex-grow\">\n<div class=\"min-h-8 text-message flex w-full flex-col items-end gap-2 whitespace-normal break-words [.text-message+&amp;]:mt-5\" dir=\"auto\" data-message-author-role=\"assistant\" data-message-id=\"1a0c8d71-a6be-4cc9-b460-deb3e7ecbf47\" data-message-model-slug=\"gpt-4o\">\n<div class=\"flex w-full flex-col gap-1 empty:hidden first:pt-[3px]\">\n<div class=\"markdown prose w-full break-words dark:prose-invert light\">\n<div class=\"flex-1 overflow-hidden\">\n<div class=\"h-full\">\n<div class=\"react-scroll-to-bottom--css-gqbzc-79elbk h-full\">\n<div class=\"react-scroll-to-bottom--css-gqbzc-1n7m0yu\">\n<div class=\"flex flex-col text-sm md:pb-9\">\n<article class=\"w-full scroll-mb-[var(--thread-trailing-height,150px)] text-token-text-primary focus-visible:outline-2 focus-visible:outline-offset-[-4px]\" dir=\"auto\" data-testid=\"conversation-turn-5\" data-scroll-anchor=\"true\">\n<div class=\"m-auto text-base py-[18px] px-3 md:px-4 w-full md:px-5 lg:px-4 xl:px-5\">\n<div class=\"mx-auto flex flex-1 gap-4 text-base md:gap-5 lg:gap-6 md:max-w-3xl lg:max-w-[40rem] xl:max-w-[48rem]\">\n<div class=\"group\/conversation-turn relative flex w-full min-w-0 flex-col agent-turn\">\n<div class=\"flex-col gap-1 md:gap-3\">\n<div class=\"flex max-w-full flex-col flex-grow\">\n<div class=\"min-h-8 text-message flex w-full flex-col items-end gap-2 whitespace-normal break-words [.text-message+&amp;]:mt-5\" dir=\"auto\" data-message-author-role=\"assistant\" data-message-id=\"ca066132-0777-4603-995e-a689971b3380\" data-message-model-slug=\"gpt-4o\">\n<div class=\"flex w-full flex-col gap-1 empty:hidden first:pt-[3px]\">\n<div class=\"markdown prose w-full break-words dark:prose-invert light\">\n<p>La <strong>Fumot RandM Tornado 20000 tirages cigarette \u00e9lectronique jetable<\/strong> offre une exp\u00e9rience de vapotage longue dur\u00e9e et personnalisable avec jusqu'\u00e0 20 000 bouff\u00e9es, des modes de fonctionnement puissants, une vari\u00e9t\u00e9 de saveurs d\u00e9licieuses et une manipulation conviviale, parfaite pour tous ceux qui recherchent une exp\u00e9rience de vapotage fiable et intense.<\/p>\n<\/div>\n<\/div>\n<\/div>\n<\/div>\n<\/div>\n<\/div>\n<\/div>\n<\/div>\n<\/article>\n<\/div>\n<\/div>\n<\/div>\n<\/div>\n<\/div>\n<\/div>\n<\/div>\n<\/div>\n<\/div>\n<\/div>\n<\/div>\n<\/div>\n<\/div>\n<\/article>\n<\/div>\n<\/div>\n<\/div>\n<\/div>\n<\/div>\n<\/div>\n<\/div>\n<\/div>\n<\/div>\n<div class=\"pr-2 lg:pr-0\"><\/div>\n<div class=\"mt-3 w-full empty:hidden\">\n<div class=\"text-center\"><\/div>\n<\/div>\n<\/div>\n<div class=\"absolute\">\n<div class=\"flex items-center justify-center\"><\/div>\n<\/div>\n<\/div>\n<\/div>\n<\/div>\n<\/article>\n<\/div>\n<\/div>\n<\/div>\n<\/div>\n<\/div>\n<div class=\"md:pt-0 dark:border-white\/20 md:border-transparent md:dark:border-transparent w-full\">\n<div>\n<div class=\"m-auto text-base px-3 md:px-4 w-full md:px-5 lg:px-4 xl:px-5\">\n<div class=\"mx-auto flex flex-1 gap-4 text-base md:gap-5 lg:gap-6 md:max-w-3xl lg:max-w-[40rem] xl:max-w-[48rem]\">\n<div class=\"flex justify-center\"><\/div>\n<\/div>\n<\/div>\n<\/div>\n<\/div>\n<\/div>\n<\/div>\n<\/div>\n<\/div>\n<\/div>\n<\/div>\n<\/div>\n<\/div>\n<\/div>","protected":false},"featured_media":1644,"comment_status":"open","ping_status":"closed","template":"","meta":[],"product_brand":[],"product_cat":[61],"product_tag":[],"class_list":{"0":"post-1643","1":"product","2":"type-product","3":"status-publish","4":"has-post-thumbnail","6":"product_cat-randm-fumot-tornado-20000","8":"first","9":"instock","10":"sale","11":"shipping-taxable","12":"purchasable","13":"product-type-simple"},"jetpack_sharing_enabled":true,"_links":{"self":[{"href":"https:\/\/alfakherwelt.de\/fr\/wp-json\/wp\/v2\/product\/1643","targetHints":{"allow":["GET"]}}],"collection":[{"href":"https:\/\/alfakherwelt.de\/fr\/wp-json\/wp\/v2\/product"}],"about":[{"href":"https:\/\/alfakherwelt.de\/fr\/wp-json\/wp\/v2\/types\/product"}],"replies":[{"embeddable":true,"href":"https:\/\/alfakherwelt.de\/fr\/wp-json\/wp\/v2\/comments?post=1643"}],"wp:featuredmedia":[{"embeddable":true,"href":"https:\/\/alfakherwelt.de\/fr\/wp-json\/wp\/v2\/media\/1644"}],"wp:attachment":[{"href":"https:\/\/alfakherwelt.de\/fr\/wp-json\/wp\/v2\/media?parent=1643"}],"wp:term":[{"taxonomy":"product_brand","embeddable":true,"href":"https:\/\/alfakherwelt.de\/fr\/wp-json\/wp\/v2\/product_brand?post=1643"},{"taxonomy":"product_cat","embeddable":true,"href":"https:\/\/alfakherwelt.de\/fr\/wp-json\/wp\/v2\/product_cat?post=1643"},{"taxonomy":"product_tag","embeddable":true,"href":"https:\/\/alfakherwelt.de\/fr\/wp-json\/wp\/v2\/product_tag?post=1643"}],"curies":[{"name":"wp","href":"https:\/\/api.w.org\/{rel}","templated":true}]}}