{"id":1453,"date":"2024-12-06T00:48:55","date_gmt":"2024-12-06T00:48:55","guid":{"rendered":"https:\/\/alfakherwelt.de\/?post_type=product&#038;p=1453"},"modified":"2025-12-15T12:57:46","modified_gmt":"2025-12-15T12:57:46","slug":"al-fakher-crown-bar-8000-bouffees-cigarette-electronique-jetable-fruit-de-la-passion-sucre-71","status":"publish","type":"product","link":"https:\/\/alfakherwelt.de\/fr\/produit\/al-fakher-crown-bar-8000-bouffees-cigarette-electronique-jetable-fruit-de-la-passion-sucre-71\/","title":{"rendered":"Fumot RandM Digital Box 12000 tirages cigarette \u00e9lectronique jetable - Fraise kiwi"},"content":{"rendered":"<div style=\"width: 640px;\" class=\"wp-video\"><video class=\"wp-video-shortcode\" id=\"video-1453-1\" width=\"640\" height=\"360\" preload=\"metadata\" controls=\"controls\"><source type=\"video\/mp4\" src=\"https:\/\/alfakherwelt.de\/wp-content\/uploads\/2024\/12\/Fumot-RandM-Digital-Box-120002.mp4?_=1\" \/><a href=\"https:\/\/alfakherwelt.de\/wp-content\/uploads\/2024\/12\/Fumot-RandM-Digital-Box-120002.mp4\">https:\/\/alfakherwelt.de\/wp-content\/uploads\/2024\/12\/Fumot-RandM-Digital-Box-120002.mp4<\/a><\/video><\/div>\n<h2><a href=\"https:\/\/alfakherwelt.de\/fr\/categorie-de-produit\/boitier-numerique-randm-fumot-12000\/\">Fumot RandM Digital Box 12000 Z\u00fcge \n\nbecomes \n\nFumot RandM Digital Box 12000 tirs<\/a> Cigarette \u00e9lectronique jetable : Votre choix ultime pour une exp\u00e9rience de vapotage premium<\/h2>\n<p>La <strong>Fumot RandM Digital Box 12000 tirages cigarette \u00e9lectronique jetable<\/strong> est la derni\u00e8re avanc\u00e9e dans le monde des vapes jetables et l'une des meilleures options pour tous ceux qui recherchent une exp\u00e9rience de vapotage fiable et intense. Cette technologie de pointe <strong>Cigarette \u00e9lectronique jetable<\/strong> combine l'innovation et la qualit\u00e9 pour vous offrir l'exp\u00e9rience de vapotage ultime. Avec une capacit\u00e9 impressionnante de <strong>12 000 trains \nor \n12 000 rames \n -&gt; 12000 Z\u00fcgen =  douze mille trains<\/strong>\u00e0 un <strong>Affichage LED<\/strong>et un <strong>forte option de nicotine<\/strong>offre ceci <strong>E-cigarette avec nicotine<\/strong> tout ce que vous souhaitez d'un appareil de vape moderne<\/p>\n<p>La <strong>Fumot RandM Digital Box 12000<\/strong> n'est pas seulement un appareil techniquement avanc\u00e9, mais aussi un chef-d'\u0153uvre de convivialit\u00e9. Que vous soyez un vapoteur exp\u00e9riment\u00e9 ou un novice dans ce domaine, cet appareil vous offre l'\u00e9quilibre parfait entre design, performances et fonctionnalit\u00e9. Explorons en d\u00e9tail les caract\u00e9ristiques uniques de ce produit et d\u00e9couvrons pourquoi vous devez absolument l'avoir. <strong>sur alfakherwelt.de<\/strong> acheter devraient, la plateforme leader pour <strong>Vapes jetables en Allemagne<\/strong>.<\/p>\n<h3>Description du produit<\/h3>\n<p>La <strong>Fumot RandM Digital Box 12000 tirages cigarette \u00e9lectronique jetable<\/strong> est l'un des vapes jetables les plus puissants du march\u00e9. Avec un <strong>20 ml d'e-liquide pr\u00e9rempli<\/strong>qui peut aller jusqu'\u00e0 <strong>12 000 trains \nor \n12 000 tirs \n -&gt;  12000 trains<\/strong> permet, et un <strong>puissante batterie de 550mAh<\/strong>qui dispose d'un <strong>Connecteur de type C<\/strong> \u00eatre recharg\u00e9, cet appareil est id\u00e9al pour des sessions de vapotage prolong\u00e9es. Gr\u00e2ce \u00e0 la <strong>Bobines \u00e0 mailles<\/strong> cette cigarette \u00e9lectronique procure une vapeur exceptionnellement intense et savoureuse, qui demeure agr\u00e9able et douce dans la bouche \u00e0 chaque bouff\u00e9e.<\/p>\n<p>Le design est \u00e0 la fois fonctionnel et esth\u00e9tiquement agr\u00e9able. Il offre une forme compacte et ergonomique qui repose confortablement dans la main, et est livr\u00e9 avec un <strong>Affichage LED<\/strong>qui ont <strong>Consommation d'e-liquide<\/strong> et le <strong>\u00c9tat de la batterie<\/strong> affiche en temps r\u00e9el. Les <strong>Lumi\u00e8res RGB<\/strong>Les lumi\u00e8res qui s'allument lors de la vape donnent \u00e0 l'appareil un look suppl\u00e9mentaire cool et moderne.<\/p>\n<h3>Caract\u00e9ristiques de la Fumot RandM Digital Box 12000 tirs<\/h3>\n<ul>\n<li><strong>20ml de capacit\u00e9 de liquide \u00e9lectronique<\/strong>: Profitez jusqu'\u00e0 <strong>12 000 trains \nor \n12 000 tirs \n -&gt;  12000 trains<\/strong> sans recharge.<\/li>\n<li><strong>Longue dur\u00e9e de vie<\/strong>: Le <strong>Batterie 550mAh<\/strong> est <strong>rechargeable<\/strong> sur le <strong>Connecteur de type C<\/strong>qui rend son utilisation encore plus confortable.<\/li>\n<li><strong>Options nicotiniques avanc\u00e9es<\/strong>S\u00e9lectionnez entre <strong>5%<\/strong> ou <strong>2% Nikotin -&gt; 2% Nicotine<\/strong> pour l'intensit\u00e9 souhait\u00e9e.<\/li>\n<li><strong>6 lumi\u00e8res RGB<\/strong>: Donnez une dimension visuelle passionnante \u00e0 votre exp\u00e9rience de vapotage.<\/li>\n<li><strong>Contr\u00f4le du flux d'air<\/strong>: Ajustez le flux d'air \u00e0 votre convenance pour obtenir la quantit\u00e9 de vapeur parfaite.<\/li>\n<li><strong>Mesh Coils<\/strong>Pour une saveur intense et une vapeur uniforme.<\/li>\n<li><strong>Commande confortable<\/strong>: Aucune touche, activ\u00e9 simplement en faisant glisser.<\/li>\n<\/ul>\n<h3><a href=\"https:\/\/alfakherwelt.de\/fr\/categorie-de-produit\/boitier-numerique-randm-fumot-12000\/\">Fumot RandM Digital Box 12000 Z\u00fcge \n\nbecomes \n\nFumot RandM Digital Box 12000 tirs<\/a> Saveurs de cigarettes \u00e9lectroniques jetables<\/h3>\n<p>Une des plus grandes forces de la <strong>Fumot RandM Digital Box 12000<\/strong> est la grande vari\u00e9t\u00e9 de saveurs. Il convient de souligner particuli\u00e8rement le <strong>Fraise Kiwi<\/strong>un go\u00fbt qui combine harmonieusement <strong>fruit\u00e9 de fraise<\/strong> et <strong>rafra\u00eechissant kiwi<\/strong> offre. Le <strong>saveur de fraise douce, mais pas \u00e9crasante<\/strong> est parfaitement assur\u00e9 par les <strong>une herbe, une l\u00e9g\u00e8re acidit\u00e9 de kiwi<\/strong> arrondi, ce qui conduit \u00e0 une exp\u00e9rience gustative absolument satisfaisante et \u00e9quilibr\u00e9e.<\/p>\n<h4>Saveur fraise kiwi<\/h4>\n<p>Le <strong>Fraise Kiwi<\/strong>Le go\u00fbt vous emm\u00e8ne dans un voyage fruit\u00e9 qui chouchoute vos papilles \u00e0 chaque inhalation. Le <strong>saveur sucr\u00e9e de fraise<\/strong> offre une exp\u00e9rience intense, mais agr\u00e9able, qui rappelle la d\u00e9gustation de fraises fra\u00eechement cueillies. En combinaison avec la <strong>kiwi fra\u00eeche<\/strong>qui est connue pour sa note l\u00e9g\u00e8rement acidul\u00e9e mais n\u00e9anmoins rafra\u00eechissante, cr\u00e9e un ar\u00f4me parfaitement \u00e9quilibr\u00e9. <strong>Fruit\u00e9it\u00e9 \n ou  Fruitier<\/strong> Les fruits des deux se connectent harmonieusement et procurent une exp\u00e9rience fra\u00eeche, sucr\u00e9e et l\u00e9g\u00e8rement p\u00e9tillante. Cela rend le <strong>Fraise Kiwi<\/strong>Une saveur id\u00e9ale pour les vapoteurs qui pr\u00e9f\u00e8rent des ar\u00f4mes fruit\u00e9s mais pas trop sucr\u00e9s.<\/p>\n<p>La <strong>Fumot RandM Digital Box 12000<\/strong> est id\u00e9al pour tous ceux qui ont un <strong>exp\u00e9rience gustative longue et intense<\/strong> chercher. En utilisant <strong>Bobines \u00e0 mailles<\/strong> Le go\u00fbt devient particuli\u00e8rement intense et uniforme. Avec cette e-cigarette, vous ne vivrez pas seulement le <strong>saveur de fruits<\/strong>mais aussi le <strong>vapeur abondante<\/strong>qui est lib\u00e9r\u00e9 \u00e0 chaque tirage.<\/p>\n<h4>Autres saveurs<\/h4>\n<p>\u00c0 c\u00f4t\u00e9 <strong>Fraise Kiwi<\/strong> il existe encore un large choix d'autres saveurs qui sont \u00e0 votre disposition. Avec <strong>jusqu'\u00e0 48 saveurs disponibles<\/strong> trouvez certainement quelque chose qui correspond \u00e0 vos go\u00fbts personnels. Cette vari\u00e9t\u00e9 d'options garantit qu'il y a un choix adapt\u00e9 \u00e0 chaque vapoteur - de <strong>sucr\u00e9<\/strong> et <strong>fruitueux<\/strong> jusqu'\u00e0 <strong>rafra\u00eechissants<\/strong> et <strong>\u00e0 saveur de menthol<\/strong> Saveurs. C'est comme \u00e7a que la vape ne s'ennuie jamais !<\/p>\n<h3>Pourquoi devriez-vous les <a href=\"https:\/\/alfakherwelt.de\/fr\/categorie-de-produit\/boitier-numerique-randm-fumot-12000\/\">Fumot RandM Digital Box 12000 Z\u00fcge \n\nbecomes \n\nFumot RandM Digital Box 12000 tirs<\/a> Cigarette \u00e9lectronique jetable acheter<\/h3>\n<p>La <strong>Fumot RandM Digital Box 12000 tirages cigarette \u00e9lectronique jetable<\/strong> offre une <strong>combinaison imbattable de performances, de design et de go\u00fbt<\/strong>Que vous soyez un vapoteur occasionnel ou un utilisateur r\u00e9gulier, cette cigarette \u00e9lectronique d\u00e9passera vos attentes.<\/p>\n<ul>\n<li><strong>Durable et rentable<\/strong>: Avec une <strong>Capacit\u00e9 de 12 000 trains<\/strong> vous n'avez pas \u00e0 vous inqui\u00e9ter que le <strong>R\u00e9serve de liquide \u00e9lectronique<\/strong> va trop vite \u00e0 son terme. Un <strong>achat unique<\/strong> dure longtemps, ce qui fait de cette cigarette \u00e9lectronique jetable une <strong>choix \u00e9conomique<\/strong> fait.<\/li>\n<li><strong>Fonctions innovantes<\/strong>: La <strong>Lumi\u00e8res RGB<\/strong> et cela <strong>Affichage LED<\/strong> offrent non seulement des avantages pratiques, mais aussi une <strong>am\u00e9lioration visuelle<\/strong> une exp\u00e9rience de vapotage.<\/li>\n<li><strong>Ar\u00f4mes rafra\u00eechissants<\/strong>: Le <strong>Fraise Kiwi<\/strong>go\u00fbt et la vari\u00e9t\u00e9 d'autres options offrent un <strong>vapotage fruit\u00e9 et agr\u00e9able<\/strong> pour tous les go\u00fbts.<\/li>\n<li><strong>Convivialit\u00e9<\/strong>: Facile \u00e0 utiliser - aucun r\u00e9glage compliqu\u00e9 ni bouton n'est n\u00e9cessaire. <strong>Activ\u00e9 par traction<\/strong>.<\/li>\n<\/ul>\n<p>Si vous \u00eates \u00e0 la recherche d'un <strong>pratiques, puissants<\/strong> et <strong>Vape au go\u00fbt raffin\u00e9<\/strong> alors est la <strong>Fumot RandM Digital Box 12000 tirages cigarette \u00e9lectronique jetable<\/strong> exactement ce dont vous avez besoin. Obtenez votre propre aujourd'hui <strong>Fumot RandM Bo\u00eete num\u00e9rique<\/strong> sur <strong>alfakherwelt.de<\/strong>la plus grande plate-forme de vente <strong>Vapes jetables en Allemagne<\/strong>et vivez l'exp\u00e9rience de vapotage ultime !<\/p>\n<h3>Conclusion<\/h3>\n<p>La <strong>Fumot RandM Digital Box 12000 tirages cigarette \u00e9lectronique jetable<\/strong> fixe de nouvelles normes pour <strong>E-cigarettes jetables<\/strong>Avec une <strong>grande capacit\u00e9 de e-liquide<\/strong>le <strong>batterie rechargeable<\/strong>\u00e0 un <strong>Affichage LED<\/strong>et une vari\u00e9t\u00e9 de <strong>saveurs rafra\u00eechissantes<\/strong> offre cet appareil tout ce que vous avez besoin pour un <strong>exp\u00e9rience de vapotage de haute qualit\u00e9<\/strong> Ont besoin. La technologie innovante, le design attrayant et la manipulation facile font de ce <strong>Cigarette \u00e9lectronique jetable avec nicotine<\/strong> l'une des meilleures sur le march\u00e9.<\/p>\n<p>Ne manquez pas l'occasion d'acheter cette cigarette \u00e9lectronique exceptionnelle et <strong>sur <a href=\"https:\/\/alfakherwelt.de\/fr\/\">alfakherwelt.de<\/a><\/strong> \u00e0 savourer !<\/p>\n<p><img loading=\"lazy\" decoding=\"async\" class=\"alignnone wp-image-1413 size-full\" src=\"https:\/\/alfakherwelt.de\/wp-content\/uploads\/2024\/12\/2Fumot-RandM-Digital-Box-12000.webp\" alt=\"Fumot RandM Digital Box 12000 tirages cigarette \u00e9lectronique jetable - Fraise kiwi\" width=\"1200\" height=\"769\" title=\"\" srcset=\"https:\/\/alfakherwelt.de\/wp-content\/uploads\/2024\/12\/2Fumot-RandM-Digital-Box-12000.webp 1200w, https:\/\/alfakherwelt.de\/wp-content\/uploads\/2024\/12\/2Fumot-RandM-Digital-Box-12000-300x192.webp 300w, https:\/\/alfakherwelt.de\/wp-content\/uploads\/2024\/12\/2Fumot-RandM-Digital-Box-12000-1024x656.webp 1024w, https:\/\/alfakherwelt.de\/wp-content\/uploads\/2024\/12\/2Fumot-RandM-Digital-Box-12000-768x492.webp 768w, https:\/\/alfakherwelt.de\/wp-content\/uploads\/2024\/12\/2Fumot-RandM-Digital-Box-12000-18x12.webp 18w, https:\/\/alfakherwelt.de\/wp-content\/uploads\/2024\/12\/2Fumot-RandM-Digital-Box-12000-600x385.webp 600w\" sizes=\"auto, (max-width: 1200px) 100vw, 1200px\" \/><\/p>","protected":false},"excerpt":{"rendered":"<div class=\"flex-shrink-0 flex flex-col relative items-end\">\n<div class=\"pt-0\">\n<div class=\"gizmo-shadow-stroke flex h-8 w-8 items-center justify-center overflow-hidden rounded-full\">\n<div class=\"h-full w-full\">\n<div class=\"flex-shrink-0 flex flex-col relative items-end\">\n<div class=\"pt-0\">\n<div class=\"gizmo-shadow-stroke flex h-8 w-8 items-center justify-center overflow-hidden rounded-full\">\n<div class=\"h-full w-full\">\n<div class=\"gizmo-shadow-stroke overflow-hidden rounded-full\">\n<div class=\"flex-1 overflow-hidden\">\n<div class=\"h-full\">\n<div class=\"react-scroll-to-bottom--css-nphjn-79elbk h-full\">\n<div class=\"react-scroll-to-bottom--css-nphjn-1n7m0yu\">\n<div class=\"flex flex-col text-sm md:pb-9\">\n<article class=\"w-full scroll-mb-[var(--thread-trailing-height,150px)] text-token-text-primary focus-visible:outline-2 focus-visible:outline-offset-[-4px]\" dir=\"auto\" data-testid=\"conversation-turn-5\" data-scroll-anchor=\"true\">\n<div class=\"m-auto text-base py-[18px] px-3 md:px-4 w-full md:px-5 lg:px-4 xl:px-5\">\n<div class=\"mx-auto flex flex-1 gap-4 text-base md:gap-5 lg:gap-6 md:max-w-3xl lg:max-w-[40rem] xl:max-w-[48rem]\">\n<div class=\"group\/conversation-turn relative flex w-full min-w-0 flex-col agent-turn\">\n<div class=\"flex-col gap-1 md:gap-3\">\n<div class=\"flex max-w-full flex-col flex-grow\">\n<div class=\"min-h-8 text-message flex w-full flex-col items-end gap-2 whitespace-normal break-words [.text-message+&amp;]:mt-5\" dir=\"auto\" data-message-author-role=\"assistant\" data-message-id=\"1982dcee-f0f5-4cfa-a269-fdbaed43d922\" data-message-model-slug=\"gpt-4o\">\n<div class=\"flex w-full flex-col gap-1 empty:hidden first:pt-[3px]\">\n<div class=\"markdown prose w-full break-words dark:prose-invert light\">\n<div class=\"flex-1 overflow-hidden\">\n<div class=\"h-full\">\n<div class=\"react-scroll-to-bottom--css-xrsce-79elbk h-full\">\n<div class=\"react-scroll-to-bottom--css-xrsce-1n7m0yu\">\n<div class=\"flex flex-col text-sm md:pb-9\">\n<article class=\"w-full scroll-mb-[var(--thread-trailing-height,150px)] text-token-text-primary focus-visible:outline-2 focus-visible:outline-offset-[-4px]\" dir=\"auto\" data-testid=\"conversation-turn-5\" data-scroll-anchor=\"true\">\n<div class=\"m-auto text-base py-[18px] px-3 md:px-4 w-full md:px-5 lg:px-4 xl:px-5\">\n<div class=\"mx-auto flex flex-1 gap-4 text-base md:gap-5 lg:gap-6 md:max-w-3xl lg:max-w-[40rem] xl:max-w-[48rem]\">\n<div class=\"group\/conversation-turn relative flex w-full min-w-0 flex-col agent-turn\">\n<div class=\"flex-col gap-1 md:gap-3\">\n<div class=\"flex max-w-full flex-col flex-grow\">\n<div class=\"min-h-8 text-message flex w-full flex-col items-end gap-2 whitespace-normal break-words [.text-message+&amp;]:mt-5\" dir=\"auto\" data-message-author-role=\"assistant\" data-message-id=\"1a0c8d71-a6be-4cc9-b460-deb3e7ecbf47\" data-message-model-slug=\"gpt-4o\">\n<div class=\"flex w-full flex-col gap-1 empty:hidden first:pt-[3px]\">\n<div class=\"markdown prose w-full break-words dark:prose-invert light\">\n<div class=\"flex-1 overflow-hidden\">\n<div class=\"h-full\">\n<div class=\"react-scroll-to-bottom--css-gqbzc-79elbk h-full\">\n<div class=\"react-scroll-to-bottom--css-gqbzc-1n7m0yu\">\n<div class=\"flex flex-col text-sm md:pb-9\">\n<article class=\"w-full scroll-mb-[var(--thread-trailing-height,150px)] text-token-text-primary focus-visible:outline-2 focus-visible:outline-offset-[-4px]\" dir=\"auto\" data-testid=\"conversation-turn-5\" data-scroll-anchor=\"true\">\n<div class=\"m-auto text-base py-[18px] px-3 md:px-4 w-full md:px-5 lg:px-4 xl:px-5\">\n<div class=\"mx-auto flex flex-1 gap-4 text-base md:gap-5 lg:gap-6 md:max-w-3xl lg:max-w-[40rem] xl:max-w-[48rem]\">\n<div class=\"group\/conversation-turn relative flex w-full min-w-0 flex-col agent-turn\">\n<div class=\"flex-col gap-1 md:gap-3\">\n<div class=\"flex max-w-full flex-col flex-grow\">\n<div class=\"min-h-8 text-message flex w-full flex-col items-end gap-2 whitespace-normal break-words [.text-message+&amp;]:mt-5\" dir=\"auto\" data-message-author-role=\"assistant\" data-message-id=\"ca066132-0777-4603-995e-a689971b3380\" data-message-model-slug=\"gpt-4o\">\n<div class=\"flex w-full flex-col gap-1 empty:hidden first:pt-[3px]\">\n<div class=\"markdown prose w-full break-words dark:prose-invert light\">\n<p>La <strong>Fumot RandM Digital Box 12000 tirages cigarette \u00e9lectronique jetable<\/strong> Offre une exp\u00e9rience de vapotage unique avec 20 ml de e-liquide pr\u00e9rempli, jusqu'\u00e0 12 000 bouff\u00e9es, une batterie rechargeable de 550 mAh, 6 lumi\u00e8res RGB, la possibilit\u00e9 de choisir entre deux niveaux de nicotine, ainsi qu'un large choix d'ar\u00f4mes intenses pour les vapoteurs exigeants.<\/p>\n<\/div>\n<\/div>\n<\/div>\n<\/div>\n<\/div>\n<\/div>\n<\/div>\n<\/div>\n<\/article>\n<\/div>\n<\/div>\n<\/div>\n<\/div>\n<\/div>\n<\/div>\n<\/div>\n<\/div>\n<\/div>\n<\/div>\n<\/div>\n<\/div>\n<\/div>\n<\/article>\n<\/div>\n<\/div>\n<\/div>\n<\/div>\n<\/div>\n<\/div>\n<\/div>\n<\/div>\n<\/div>\n<div class=\"pr-2 lg:pr-0\"><\/div>\n<div class=\"mt-3 w-full empty:hidden\">\n<div class=\"text-center\"><\/div>\n<\/div>\n<\/div>\n<div class=\"absolute\">\n<div class=\"flex items-center justify-center\"><\/div>\n<\/div>\n<\/div>\n<\/div>\n<\/div>\n<\/article>\n<\/div>\n<\/div>\n<\/div>\n<\/div>\n<\/div>\n<div class=\"md:pt-0 dark:border-white\/20 md:border-transparent md:dark:border-transparent w-full\">\n<div>\n<div class=\"m-auto text-base px-3 md:px-4 w-full md:px-5 lg:px-4 xl:px-5\">\n<div class=\"mx-auto flex flex-1 gap-4 text-base md:gap-5 lg:gap-6 md:max-w-3xl lg:max-w-[40rem] xl:max-w-[48rem]\">\n<div class=\"flex justify-center\"><\/div>\n<\/div>\n<\/div>\n<\/div>\n<\/div>\n<\/div>\n<\/div>\n<\/div>\n<\/div>\n<\/div>\n<\/div>\n<\/div>\n<\/div>\n<\/div>","protected":false},"featured_media":1457,"comment_status":"open","ping_status":"closed","template":"","meta":[],"product_brand":[],"product_cat":[57],"product_tag":[],"class_list":{"0":"post-1453","1":"product","2":"type-product","3":"status-publish","4":"has-post-thumbnail","6":"product_cat-randm-fumot-digital-box-12000","8":"first","9":"instock","10":"sale","11":"shipping-taxable","12":"purchasable","13":"product-type-simple"},"jetpack_sharing_enabled":true,"_links":{"self":[{"href":"https:\/\/alfakherwelt.de\/fr\/wp-json\/wp\/v2\/product\/1453","targetHints":{"allow":["GET"]}}],"collection":[{"href":"https:\/\/alfakherwelt.de\/fr\/wp-json\/wp\/v2\/product"}],"about":[{"href":"https:\/\/alfakherwelt.de\/fr\/wp-json\/wp\/v2\/types\/product"}],"replies":[{"embeddable":true,"href":"https:\/\/alfakherwelt.de\/fr\/wp-json\/wp\/v2\/comments?post=1453"}],"wp:featuredmedia":[{"embeddable":true,"href":"https:\/\/alfakherwelt.de\/fr\/wp-json\/wp\/v2\/media\/1457"}],"wp:attachment":[{"href":"https:\/\/alfakherwelt.de\/fr\/wp-json\/wp\/v2\/media?parent=1453"}],"wp:term":[{"taxonomy":"product_brand","embeddable":true,"href":"https:\/\/alfakherwelt.de\/fr\/wp-json\/wp\/v2\/product_brand?post=1453"},{"taxonomy":"product_cat","embeddable":true,"href":"https:\/\/alfakherwelt.de\/fr\/wp-json\/wp\/v2\/product_cat?post=1453"},{"taxonomy":"product_tag","embeddable":true,"href":"https:\/\/alfakherwelt.de\/fr\/wp-json\/wp\/v2\/product_tag?post=1453"}],"curies":[{"name":"wp","href":"https:\/\/api.w.org\/{rel}","templated":true}]}}