{"id":1279,"date":"2024-11-25T05:56:42","date_gmt":"2024-11-25T05:56:42","guid":{"rendered":"https:\/\/alfakherwelt.de\/?post_type=product&#038;p=1279"},"modified":"2025-09-06T00:36:48","modified_gmt":"2025-09-06T00:36:48","slug":"al-fakher-crown-bar-8000-bouffees-cigarette-electronique-jetable-fruit-de-la-passion-sucre-24","status":"publish","type":"product","link":"https:\/\/alfakherwelt.de\/fr\/produit\/al-fakher-crown-bar-8000-bouffees-cigarette-electronique-jetable-fruit-de-la-passion-sucre-24\/","title":{"rendered":"Airmez Matrix 25000 Z\u00fcge Einweg E Zigarette \u2013 Night Crawler \n Airmez Matrix 25000 tirages cigarette \u00e9lectronique jetable - Night Crawler"},"content":{"rendered":"<h2><\/h2>\n<div style=\"width: 1020px;\" class=\"wp-video\"><video class=\"wp-video-shortcode\" id=\"video-1279-1\" width=\"1020\" height=\"1020\" preload=\"metadata\" controls=\"controls\"><source type=\"video\/mp4\" src=\"https:\/\/alfakherwelt.de\/wp-content\/uploads\/2024\/11\/Airmez-Matrix-25000-3.mp4?_=1\" \/><a href=\"https:\/\/alfakherwelt.de\/wp-content\/uploads\/2024\/11\/Airmez-Matrix-25000-3.mp4\">https:\/\/alfakherwelt.de\/wp-content\/uploads\/2024\/11\/Airmez-Matrix-25000-3.mp4<\/a><\/video><\/div>\n<h2><a href=\"https:\/\/alfakherwelt.de\/fr\/categorie-de-produit\/airmez-matrice-25000\/\">Airmez Matrix 25000<\/a> Cigarette \u00e9lectronique jetable : plaisir de vape maximal en Allemagne<\/h2>\n<p>La <strong>Airmez Matrix 25000 cigarette \u00e9lectronique jetable<\/strong> est une v\u00e9ritable innovation dans le monde des vapes. Avec son design ultramoderne et une technique impressionnante, elle \u00e9l\u00e8ve l'exp\u00e9rience de vapotage \u00e0 un nouveau niveau. Con\u00e7ue pour une longue dur\u00e9e de vie et \u00e9quip\u00e9e de fonctions puissantes, elle est id\u00e9ale pour quiconque cherche un appareil de vape fiable, pratique et agr\u00e9able.<\/p>\n<hr \/>\n<h2>Qu'est-ce que \u00e7a fait la <a href=\"https:\/\/alfakherwelt.de\/fr\/categorie-de-produit\/airmez-matrice-25000\/\">Airmez Matrix 25000<\/a> particuli\u00e8rement<\/h2>\n<p>La <strong>Airmez Matrix 25000 cigarette \u00e9lectronique jetable<\/strong> combine les technologies les plus avanc\u00e9es avec une exp\u00e9rience utilisateur intuitive. Voici les principales caract\u00e9ristiques qui les distinguent :<\/p>\n<h3>Bobines double maillage<\/h3>\n<p>Deux bobines de maillage de haute qualit\u00e9 assurent une saveur intense et une vaporisation uniforme. Cette conception optimise la lib\u00e9ration des ar\u00f4mes et maximise le volume de vapeur.<\/p>\n<h3>D\u00e9bit d'air r\u00e9glable<\/h3>\n<p>Ajustez le flux d'air \u00e0 vos pr\u00e9f\u00e9rences personnelles - d'une bouff\u00e9e serr\u00e9e \u00e0 une exp\u00e9rience ouverte et a\u00e9r\u00e9e.<\/p>\n<h3>Deux modes de feu : Normal &amp; Boost<\/h3>\n<p>Le <strong>Mode normal<\/strong> offre jusqu'\u00e0 <strong>25 000 trains<\/strong>pendant que le <strong>Mode Boost<\/strong> une exp\u00e9rience plus puissante avec jusqu'\u00e0 <strong>15 000 trains<\/strong> permet.<\/p>\n<h3>\u00c9cran tactile<\/h3>\n<p>Un \u00e9cran tactile de 2,1 pouces affiche le statut de la batterie, le niveau de liquide \u00e9lectronique et d'autres informations importantes. Cette interface intuitive facilite l'utilisation et offre des possibilit\u00e9s de divertissement.<\/p>\n<h3>Prise de charge de type C<\/h3>\n<p>Gr\u00e2ce au connecteur de charge moderne de type C, vous pouvez charger l'appareil rapidement et efficacement.<\/p>\n<hr \/>\n<h2>Les avantages en un coup d'\u0153il<\/h2>\n<ul>\n<li><strong>Teneur en nicotine :<\/strong> 5 % (50 mg) \u2013 id\u00e9al pour tous ceux qui recherchent un apport intense de nicotine.<\/li>\n<li><strong>Manipulation<\/strong> Facile \u00e0 utiliser gr\u00e2ce \u00e0 l'activation par traction.<\/li>\n<li><strong>Durabilit\u00e9 :<\/strong> L'une des cigarettes \u00e9lectroniques jetables les plus durables du march\u00e9.<\/li>\n<li><strong>Innovation<\/strong> Combinaison unique de technologie et de convivialit\u00e9.<\/li>\n<\/ul>\n<hr \/>\n<h2>Exp\u00e9riences gustatives uniques : Les ar\u00f4mes \"Night Crawler\"<\/h2>\n<p>La <strong>Airmez Matrix 25000<\/strong> offre une palette fascinante d'ar\u00f4mes qui font de la vape une exp\u00e9rience agr\u00e9able pour les sens. Le go\u00fbt est particuli\u00e8rement remarquable <strong>Night Crawler<\/strong>qui offre un m\u00e9lange \u00e9quilibr\u00e9 de douceur, de fra\u00eecheur et de nuances complexes.<\/p>\n<h3>Go\u00fbt en d\u00e9tail : Night Crawler<\/h3>\n<p>Le <strong>Night Crawler<\/strong>Le go\u00fbt est une combinaison ma\u00eetresse de :<\/p>\n<ul>\n<li><strong>Doux et fruit\u00e9 :<\/strong> Une explosion de fruits m\u00fbrs, rappelant les baies juteuses et les fruits tropicaux. L'\u00e9quilibre parfait entre le sucre naturel et une acidit\u00e9 subtile.<\/li>\n<li><strong>Notes rafra\u00eechissantes :<\/strong> Une touche de fra\u00eecheur qui revitalise l'exp\u00e9rience de vapeur sans \u00eatre envahissante.<\/li>\n<li><strong>Complexit\u00e9:<\/strong> De fines nuances et une douce profondeur qui r\u00e9v\u00e8lent de nouvelles facettes \u00e0 chaque tirage.<\/li>\n<\/ul>\n<p>Cette saveur est id\u00e9ale pour les vapoteurs qui recherchent une vari\u00e9t\u00e9 et qui accordent une grande importance \u00e0 la plus haute qualit\u00e9.<\/p>\n<hr \/>\n<h2>Pourquoi les <a href=\"https:\/\/alfakherwelt.de\/fr\/categorie-de-produit\/airmez-matrice-25000\/\">Airmez Matrix 25000<\/a> chez <a href=\"https:\/\/alfakherwelt.de\/fr\/\">alfakherwelt.de<\/a> acheter ?<\/h2>\n<p>En tant que plus grand magasin en ligne pour les cigarettes \u00e9lectroniques jetables en Allemagne, nous vous offrons des avantages exclusifs :<\/p>\n<ol>\n<li><strong>Produits authentiques :<\/strong> Garantie d'origine et de la plus haute qualit\u00e9.<\/li>\n<li><strong>Grand choix :<\/strong> D\u00e9couvrez une vari\u00e9t\u00e9 de saveurs et de marques.<\/li>\n<li><strong>Livraison rapide :<\/strong> Gr\u00e2ce \u00e0 une logistique optimis\u00e9e, vous recevez votre commande dans les plus brefs d\u00e9lais.<\/li>\n<li><strong>Service de premi\u00e8re classe:<\/strong> Notre service de support client est \u00e0 votre disposition \u00e0 tout moment.<\/li>\n<\/ol>\n<p><img loading=\"lazy\" decoding=\"async\" class=\"alignnone wp-image-1247 size-full\" src=\"https:\/\/alfakherwelt.de\/wp-content\/uploads\/2024\/11\/Airmez-Matrix-25000.webp\" alt=\"Airmez Matrix 25000 Z\u00fcge Einweg E Zigarette - Night Crawler  Airmez Matrix 25000 tirages cigarette \u00e9lectronique jetable - Night Crawler \" width=\"1016\" height=\"1452\" title=\"\" srcset=\"https:\/\/alfakherwelt.de\/wp-content\/uploads\/2024\/11\/Airmez-Matrix-25000.webp 1016w, https:\/\/alfakherwelt.de\/wp-content\/uploads\/2024\/11\/Airmez-Matrix-25000-210x300.webp 210w, https:\/\/alfakherwelt.de\/wp-content\/uploads\/2024\/11\/Airmez-Matrix-25000-717x1024.webp 717w, https:\/\/alfakherwelt.de\/wp-content\/uploads\/2024\/11\/Airmez-Matrix-25000-768x1098.webp 768w, https:\/\/alfakherwelt.de\/wp-content\/uploads\/2024\/11\/Airmez-Matrix-25000-8x12.webp 8w, https:\/\/alfakherwelt.de\/wp-content\/uploads\/2024\/11\/Airmez-Matrix-25000-600x857.webp 600w\" sizes=\"auto, (max-width: 1016px) 100vw, 1016px\" \/><\/p>\n<h3>Une d\u00e9claration dans le monde des vapes jetables<\/h3>\n<p>La <strong>Airmez Matrix 25000<\/strong> fixe de nouvelles normes en termes de fonctionnalit\u00e9, de design et de saveur. Que vous soyez d\u00e9butant ou vapoteur exp\u00e9riment\u00e9, cet appareil est parfaitement adapt\u00e9 \u00e0 vos besoins.<\/p>\n<p>Visitez-nous sur <a href=\"https:\/\/alfakherwelt.de\/fr\/\"><strong>alfakherwelt.de<\/strong><\/a>Afin de <strong>Airmez Matrix 25000 cigarette \u00e9lectronique jetable<\/strong> et d'autres vapes premium \u00e0 d\u00e9couvrir. Faites de chaque bouff\u00e9e une exp\u00e9rience inoubliable !<\/p>","protected":false},"excerpt":{"rendered":"<div class=\"flex-shrink-0 flex flex-col relative items-end\">\n<div class=\"pt-0\">\n<div class=\"gizmo-shadow-stroke flex h-8 w-8 items-center justify-center overflow-hidden rounded-full\">\n<div class=\"h-full w-full\">\n<div class=\"flex-shrink-0 flex flex-col relative items-end\">\n<div class=\"pt-0\">\n<div class=\"gizmo-shadow-stroke flex h-8 w-8 items-center justify-center overflow-hidden rounded-full\">\n<div class=\"h-full w-full\">\n<div class=\"gizmo-shadow-stroke overflow-hidden rounded-full\">\n<div class=\"flex-1 overflow-hidden\">\n<div class=\"h-full\">\n<div class=\"react-scroll-to-bottom--css-nphjn-79elbk h-full\">\n<div class=\"react-scroll-to-bottom--css-nphjn-1n7m0yu\">\n<div class=\"flex flex-col text-sm md:pb-9\">\n<article class=\"w-full scroll-mb-[var(--thread-trailing-height,150px)] text-token-text-primary focus-visible:outline-2 focus-visible:outline-offset-[-4px]\" dir=\"auto\" data-testid=\"conversation-turn-5\" data-scroll-anchor=\"true\">\n<div class=\"m-auto text-base py-[18px] px-3 md:px-4 w-full md:px-5 lg:px-4 xl:px-5\">\n<div class=\"mx-auto flex flex-1 gap-4 text-base md:gap-5 lg:gap-6 md:max-w-3xl lg:max-w-[40rem] xl:max-w-[48rem]\">\n<div class=\"group\/conversation-turn relative flex w-full min-w-0 flex-col agent-turn\">\n<div class=\"flex-col gap-1 md:gap-3\">\n<div class=\"flex max-w-full flex-col flex-grow\">\n<div class=\"min-h-8 text-message flex w-full flex-col items-end gap-2 whitespace-normal break-words [.text-message+&amp;]:mt-5\" dir=\"auto\" data-message-author-role=\"assistant\" data-message-id=\"1982dcee-f0f5-4cfa-a269-fdbaed43d922\" data-message-model-slug=\"gpt-4o\">\n<div class=\"flex w-full flex-col gap-1 empty:hidden first:pt-[3px]\">\n<div class=\"markdown prose w-full break-words dark:prose-invert light\">\n<p>La <strong>Airmez Matrix 25000 cigarette \u00e9lectronique jetable<\/strong> combine les derni\u00e8res technologies, telles que les coils Dual-Mesh, un \u00e9cran tactile de 2,1 pouces et un d\u00e9bit d'air r\u00e9glable, avec jusqu'\u00e0 25 000 bouff\u00e9es et des ar\u00f4mes intenses comme \"Night Crawler\" pour une exp\u00e9rience de vapotage exceptionnelle en Allemagne.<\/p>\n<\/div>\n<\/div>\n<\/div>\n<\/div>\n<div class=\"pr-2 lg:pr-0\"><\/div>\n<div class=\"mt-3 w-full empty:hidden\">\n<div class=\"text-center\"><\/div>\n<\/div>\n<\/div>\n<div class=\"absolute\">\n<div class=\"flex items-center justify-center\"><\/div>\n<\/div>\n<\/div>\n<\/div>\n<\/div>\n<\/article>\n<\/div>\n<\/div>\n<\/div>\n<\/div>\n<\/div>\n<div class=\"md:pt-0 dark:border-white\/20 md:border-transparent md:dark:border-transparent w-full\">\n<div>\n<div class=\"m-auto text-base px-3 md:px-4 w-full md:px-5 lg:px-4 xl:px-5\">\n<div class=\"mx-auto flex flex-1 gap-4 text-base md:gap-5 lg:gap-6 md:max-w-3xl lg:max-w-[40rem] xl:max-w-[48rem]\">\n<div class=\"flex justify-center\"><\/div>\n<\/div>\n<\/div>\n<\/div>\n<\/div>\n<\/div>\n<\/div>\n<\/div>\n<\/div>\n<\/div>\n<\/div>\n<\/div>\n<\/div>\n<\/div>","protected":false},"featured_media":1281,"comment_status":"open","ping_status":"closed","template":"","meta":[],"product_brand":[],"product_cat":[53],"product_tag":[],"class_list":{"0":"post-1279","1":"product","2":"type-product","3":"status-publish","4":"has-post-thumbnail","6":"product_cat-airmez-matrix-25000","8":"first","9":"instock","10":"sale","11":"shipping-taxable","12":"purchasable","13":"product-type-simple"},"jetpack_sharing_enabled":true,"_links":{"self":[{"href":"https:\/\/alfakherwelt.de\/fr\/wp-json\/wp\/v2\/product\/1279","targetHints":{"allow":["GET"]}}],"collection":[{"href":"https:\/\/alfakherwelt.de\/fr\/wp-json\/wp\/v2\/product"}],"about":[{"href":"https:\/\/alfakherwelt.de\/fr\/wp-json\/wp\/v2\/types\/product"}],"replies":[{"embeddable":true,"href":"https:\/\/alfakherwelt.de\/fr\/wp-json\/wp\/v2\/comments?post=1279"}],"wp:featuredmedia":[{"embeddable":true,"href":"https:\/\/alfakherwelt.de\/fr\/wp-json\/wp\/v2\/media\/1281"}],"wp:attachment":[{"href":"https:\/\/alfakherwelt.de\/fr\/wp-json\/wp\/v2\/media?parent=1279"}],"wp:term":[{"taxonomy":"product_brand","embeddable":true,"href":"https:\/\/alfakherwelt.de\/fr\/wp-json\/wp\/v2\/product_brand?post=1279"},{"taxonomy":"product_cat","embeddable":true,"href":"https:\/\/alfakherwelt.de\/fr\/wp-json\/wp\/v2\/product_cat?post=1279"},{"taxonomy":"product_tag","embeddable":true,"href":"https:\/\/alfakherwelt.de\/fr\/wp-json\/wp\/v2\/product_tag?post=1279"}],"curies":[{"name":"wp","href":"https:\/\/api.w.org\/{rel}","templated":true}]}}