{"id":1268,"date":"2024-11-22T11:13:33","date_gmt":"2024-11-22T11:13:33","guid":{"rendered":"https:\/\/alfakherwelt.de\/?post_type=product&#038;p=1268"},"modified":"2025-09-06T00:40:51","modified_gmt":"2025-09-06T00:40:51","slug":"al-fakher-crown-bar-8000-bouffees-cigarette-electronique-jetable-fruit-de-la-passion-sucre-20","status":"publish","type":"product","link":"https:\/\/alfakherwelt.de\/fr\/produit\/al-fakher-crown-bar-8000-bouffees-cigarette-electronique-jetable-fruit-de-la-passion-sucre-20\/","title":{"rendered":"Airmez Matrix 25000 Z\u00fcge Einweg E Zigarette \u2013 Frozen Strawberry Drift \ndevient \n\nAirmez Matrix 25000 tirages cigarette \u00e9lectronique jetable - Frozen Strawberry Drift"},"content":{"rendered":"<h3><a href=\"https:\/\/alfakherwelt.de\/fr\/categorie-de-produit\/airmez-matrice-25000\/\">Airmez Matrix 25000<\/a> Disposable Vape - Le choix parfait pour les e-cigarettes jetables en Allemagne<\/h3>\n<div style=\"width: 1020px;\" class=\"wp-video\"><video class=\"wp-video-shortcode\" id=\"video-1268-1\" width=\"1020\" height=\"1020\" preload=\"metadata\" controls=\"controls\"><source type=\"video\/mp4\" src=\"https:\/\/alfakherwelt.de\/wp-content\/uploads\/2024\/11\/Airmez-Matrix-25000-3.mp4?_=1\" \/><a href=\"https:\/\/alfakherwelt.de\/wp-content\/uploads\/2024\/11\/Airmez-Matrix-25000-3.mp4\">https:\/\/alfakherwelt.de\/wp-content\/uploads\/2024\/11\/Airmez-Matrix-25000-3.mp4<\/a><\/video><\/div>\n<h2><\/h2>\n<p>La Airmez Matrix 25000 r\u00e9volutionne le monde des e-cigarettes jetables et offre une combinaison de technologie innovante, de saveur exquise et de facilit\u00e9 d'utilisation exceptionnelle. Cette vape est plus qu'un simple produit jetable - c'est une d\u00e9claration de qualit\u00e9 et de design avanc\u00e9. Si vous recherchez en Allemagne une e-cigarette jetable puissante, styl\u00e9e et fiable avec nicotine, l'Airmez Matrix 25000 est le choix id\u00e9al.<\/p>\n<hr \/>\n<h2><strong>Pourquoi les <a href=\"https:\/\/alfakherwelt.de\/fr\/categorie-de-produit\/airmez-matrice-25000\/\">Airmez Matrix 25000<\/a>?<\/strong><\/h2>\n<p>L'Airmez Matrix 25000 est \u00e9quip\u00e9 d'une technologie de pointe pour garantir une exp\u00e9rience de vape sup\u00e9rieure. Avec des coils mesh doubles, un \u00e9cran tactile de 2,1 pouces et deux modes de puissance, il red\u00e9finit la vape.<\/p>\n<hr \/>\n<h3><strong>Description du produit : Perfection en technique et en design<\/strong><\/h3>\n<p>La Airmez Matrix 25000 offre une puissance de vapeur in\u00e9gal\u00e9e gr\u00e2ce \u00e0 ses doubles coils en maille, qui assurent une chaleur uniforme et une saveur intense. Le d\u00e9bit d'air r\u00e9glable permet d'adapter l'exp\u00e9rience de vape \u00e0 ses pr\u00e9f\u00e9rences - d'une aspiration plus serr\u00e9e \u00e0 une vape plus ouverte et a\u00e9r\u00e9e.<\/p>\n<p>Un point culminant particulier est l'\u00e9cran tactile de 2,1 pouces, qui non seulement a l'air \u00e9l\u00e9gant, mais offre \u00e9galement des fonctions pratiques telles que l'affichage du niveau de la batterie et de l'e-liquide. Cela garantit que vous avez toujours le contr\u00f4le total. Avec jusqu'\u00e0 25 000 bouff\u00e9es en mode normal ou 15 000 bouff\u00e9es en mode Boost, l'Airmez Matrix 25000 offre une durabilit\u00e9 exceptionnelle.<\/p>\n<hr \/>\n<h3><strong>Principales caract\u00e9ristiques en un coup d'\u0153il<\/strong><\/h3>\n<ul>\n<li><strong>Bobines double maillage<\/strong> Pour un go\u00fbt intense et une vapeur dense.<\/li>\n<li><strong>D\u00e9bit d'air r\u00e9glable :<\/strong> Optimisez votre technique de tirage selon vos go\u00fbts.<\/li>\n<li><strong>\u00c9cran tactile de 2,1 pouces<\/strong> Convivial avec affichage du niveau de la batterie et de l'e-liquide.<\/li>\n<li><strong>Deux modes de performance :<\/strong> Choisissez entre le mode normal (jusqu'\u00e0 25 000 tirages) ou le mode Boost (jusqu'\u00e0 15 000 tirages).<\/li>\n<li><strong>Charge USB-C :<\/strong> Chargement rapide et efficace.<\/li>\n<li><strong>Avec la nicotine :<\/strong> Contient 5 % de nicotine pour une exp\u00e9rience satisfaisante.<\/li>\n<li><strong>Tirage activ\u00e9 :<\/strong> Commande simple sans pression de bouton.<\/li>\n<\/ul>\n<hr \/>\n<h2><strong>D\u00e9couvrez les saveurs uniques<\/strong><\/h2>\n<h3><strong>Frozen Strawberry Drift<\/strong><\/h3>\n<p>Cette saveur combine la douceur juteuse de fraises fra\u00eeches avec une touche glac\u00e9e qui procure une agr\u00e9able fra\u00eecheur. D\u00e8s la premi\u00e8re bouff\u00e9e, la saveur authentique de fraise se d\u00e9ploie, rappelant un fruit fra\u00eechement cueilli. La finale offre une note frosty qui laisse une conclusion fra\u00eeche et revigorante.<\/p>\n<p><img loading=\"lazy\" decoding=\"async\" class=\"alignnone wp-image-1246 size-full\" src=\"https:\/\/alfakherwelt.de\/wp-content\/uploads\/2024\/11\/Airmez-Matrix-25000-2.webp\" alt=\"Airmez Matrix 25000 Z\u00fcge Einweg E Zigarette - Frozen Strawberry Drift devient Airmez Matrix 25000 tirages cigarette \u00e9lectronique jetable - Frozen Strawberry Drift\" width=\"1280\" height=\"1280\" title=\"\" srcset=\"https:\/\/alfakherwelt.de\/wp-content\/uploads\/2024\/11\/Airmez-Matrix-25000-2.webp 1280w, https:\/\/alfakherwelt.de\/wp-content\/uploads\/2024\/11\/Airmez-Matrix-25000-2-300x300.webp 300w, https:\/\/alfakherwelt.de\/wp-content\/uploads\/2024\/11\/Airmez-Matrix-25000-2-1024x1024.webp 1024w, https:\/\/alfakherwelt.de\/wp-content\/uploads\/2024\/11\/Airmez-Matrix-25000-2-150x150.webp 150w, https:\/\/alfakherwelt.de\/wp-content\/uploads\/2024\/11\/Airmez-Matrix-25000-2-768x768.webp 768w, https:\/\/alfakherwelt.de\/wp-content\/uploads\/2024\/11\/Airmez-Matrix-25000-2-12x12.webp 12w, https:\/\/alfakherwelt.de\/wp-content\/uploads\/2024\/11\/Airmez-Matrix-25000-2-600x600.webp 600w, https:\/\/alfakherwelt.de\/wp-content\/uploads\/2024\/11\/Airmez-Matrix-25000-2-100x100.webp 100w\" sizes=\"auto, (max-width: 1280px) 100vw, 1280px\" \/><\/p>\n<h2><strong>Pourquoi \u00e0 <a href=\"https:\/\/alfakherwelt.de\/fr\/\">alfakherwelt.de<\/a> acheter ?<\/strong><\/h2>\n<p>En tant que plus grande plateforme pour les cigarettes \u00e9lectroniques jetables en Allemagne, nous vous proposons une gamme compl\u00e8te et une qualit\u00e9 garantie. Nos produits sont authentiques, test\u00e9s et synonymes de plaisir de premi\u00e8re qualit\u00e9.<\/p>\n<hr \/>\n<h3><strong>Maintenant <a href=\"https:\/\/alfakherwelt.de\/fr\/categorie-de-produit\/airmez-matrice-25000\/\">Airmez Matrix 25000<\/a> Acheter un vapoteur !<\/strong><\/h3>\n<p>Vivez la prochaine g\u00e9n\u00e9ration de la vapeur et commandez d\u00e8s aujourd'hui votre Airmez Matrix 25000 sur alfakherwelt.de. Profitez de la combinaison de technologie et de saveur - une cigarette \u00e9lectronique jetable qui convainc vraiment.<\/p>","protected":false},"excerpt":{"rendered":"<div class=\"flex-shrink-0 flex flex-col relative items-end\">\n<div class=\"pt-0\">\n<div class=\"gizmo-shadow-stroke flex h-8 w-8 items-center justify-center overflow-hidden rounded-full\">\n<div class=\"h-full w-full\">La <strong>Airmez Matrix 25000<\/strong> Cigarette \u00e9lectronique jetable combinant une technologie de pointe telle que des coils mesh doubles, un \u00e9cran tactile de 2,1 pouces et un d\u00e9bit d'air r\u00e9glable avec des saveurs intenses et jusqu'\u00e0 25 000 bouff\u00e9es pour une exp\u00e9rience de vapotage haut de gamme.<\/div>\n<\/div>\n<\/div>\n<\/div>","protected":false},"featured_media":1258,"comment_status":"open","ping_status":"closed","template":"","meta":[],"product_brand":[],"product_cat":[53],"product_tag":[],"class_list":{"0":"post-1268","1":"product","2":"type-product","3":"status-publish","4":"has-post-thumbnail","6":"product_cat-airmez-matrix-25000","8":"first","9":"instock","10":"sale","11":"shipping-taxable","12":"purchasable","13":"product-type-simple"},"jetpack_sharing_enabled":true,"_links":{"self":[{"href":"https:\/\/alfakherwelt.de\/fr\/wp-json\/wp\/v2\/product\/1268","targetHints":{"allow":["GET"]}}],"collection":[{"href":"https:\/\/alfakherwelt.de\/fr\/wp-json\/wp\/v2\/product"}],"about":[{"href":"https:\/\/alfakherwelt.de\/fr\/wp-json\/wp\/v2\/types\/product"}],"replies":[{"embeddable":true,"href":"https:\/\/alfakherwelt.de\/fr\/wp-json\/wp\/v2\/comments?post=1268"}],"wp:featuredmedia":[{"embeddable":true,"href":"https:\/\/alfakherwelt.de\/fr\/wp-json\/wp\/v2\/media\/1258"}],"wp:attachment":[{"href":"https:\/\/alfakherwelt.de\/fr\/wp-json\/wp\/v2\/media?parent=1268"}],"wp:term":[{"taxonomy":"product_brand","embeddable":true,"href":"https:\/\/alfakherwelt.de\/fr\/wp-json\/wp\/v2\/product_brand?post=1268"},{"taxonomy":"product_cat","embeddable":true,"href":"https:\/\/alfakherwelt.de\/fr\/wp-json\/wp\/v2\/product_cat?post=1268"},{"taxonomy":"product_tag","embeddable":true,"href":"https:\/\/alfakherwelt.de\/fr\/wp-json\/wp\/v2\/product_tag?post=1268"}],"curies":[{"name":"wp","href":"https:\/\/api.w.org\/{rel}","templated":true}]}}