{"id":1251,"date":"2024-11-22T02:49:07","date_gmt":"2024-11-22T02:49:07","guid":{"rendered":"https:\/\/alfakherwelt.de\/?post_type=product&#038;p=1251"},"modified":"2025-09-06T00:41:55","modified_gmt":"2025-09-06T00:41:55","slug":"al-fakher-crown-bar-8000-bouffees-cigarette-electronique-jetable-fruit-de-la-passion-sucre-15","status":"publish","type":"product","link":"https:\/\/alfakherwelt.de\/fr\/produit\/al-fakher-crown-bar-8000-bouffees-cigarette-electronique-jetable-fruit-de-la-passion-sucre-15\/","title":{"rendered":"Airmez Matrix 25000 Z\u00fcge Einweg E Zigarette \u2013 Cherry Lemon Zest \n\nbecomes \n\nAirmez Matrix 25000 tirages cigarette \u00e9lectronique jetable - Cherry Lemon Zest"},"content":{"rendered":"<h3><a href=\"https:\/\/alfakherwelt.de\/fr\/categorie-de-produit\/airmez-matrice-25000\/\">Airmez Matrix 25000<\/a> Cigarette \u00e9lectronique jetable : plaisir de vapotage innovant en Allemagne<\/h3>\n<div style=\"width: 1020px;\" class=\"wp-video\"><video class=\"wp-video-shortcode\" id=\"video-1251-1\" width=\"1020\" height=\"1020\" preload=\"metadata\" controls=\"controls\"><source type=\"video\/mp4\" src=\"https:\/\/alfakherwelt.de\/wp-content\/uploads\/2024\/11\/Airmez-Matrix-25000-3.mp4?_=1\" \/><a href=\"https:\/\/alfakherwelt.de\/wp-content\/uploads\/2024\/11\/Airmez-Matrix-25000-3.mp4\">https:\/\/alfakherwelt.de\/wp-content\/uploads\/2024\/11\/Airmez-Matrix-25000-3.mp4<\/a><\/video><\/div>\n<h3><\/h3>\n<h4><strong>Description du produit<\/strong><\/h4>\n<p>D\u00e9couvrez la Airmez Matrix 25000 cigarette \u00e9lectronique jetable - une merveille technologique qui se distingue par son approche futuriste et ses performances de premier ordre. Parfaite pour les vapoteurs exp\u00e9riment\u00e9s et les d\u00e9butants, ce mod\u00e8le jetable offre une exp\u00e9rience incomparable qui allie style, technologie et saveur.<\/p>\n<p>La Matrix 25000 convainc avec sa capacit\u00e9 de tirage exceptionnelle, qui fournit jusqu'\u00e0 25 000 tirages selon le mode. Elle est \u00e9quip\u00e9e d'un \u00e9cran tactile de 2,1 pouces qui permet une utilisation conviviale et un contr\u00f4le pr\u00e9cis du d\u00e9bit d'air et de la puissance. Ce vapoteuse jetable innovant red\u00e9finit les limites de la vape moderne en combinant technologie de pointe et confort utilisateur.<\/p>\n<hr \/>\n<p>&nbsp;<\/p>\n<p><img loading=\"lazy\" decoding=\"async\" class=\"alignnone wp-image-1246 size-full\" src=\"https:\/\/alfakherwelt.de\/wp-content\/uploads\/2024\/11\/Airmez-Matrix-25000-2.webp\" alt=\"Airmez Matrix 25000 Z\u00fcge Einweg E Zigarette - Cherry Lemon Zest becomes Airmez Matrix 25000 tirages cigarette \u00e9lectronique jetable - Cherry Lemon Zest\" width=\"1280\" height=\"1280\" title=\"\" srcset=\"https:\/\/alfakherwelt.de\/wp-content\/uploads\/2024\/11\/Airmez-Matrix-25000-2.webp 1280w, https:\/\/alfakherwelt.de\/wp-content\/uploads\/2024\/11\/Airmez-Matrix-25000-2-300x300.webp 300w, https:\/\/alfakherwelt.de\/wp-content\/uploads\/2024\/11\/Airmez-Matrix-25000-2-1024x1024.webp 1024w, https:\/\/alfakherwelt.de\/wp-content\/uploads\/2024\/11\/Airmez-Matrix-25000-2-150x150.webp 150w, https:\/\/alfakherwelt.de\/wp-content\/uploads\/2024\/11\/Airmez-Matrix-25000-2-768x768.webp 768w, https:\/\/alfakherwelt.de\/wp-content\/uploads\/2024\/11\/Airmez-Matrix-25000-2-12x12.webp 12w, https:\/\/alfakherwelt.de\/wp-content\/uploads\/2024\/11\/Airmez-Matrix-25000-2-600x600.webp 600w, https:\/\/alfakherwelt.de\/wp-content\/uploads\/2024\/11\/Airmez-Matrix-25000-2-100x100.webp 100w\" sizes=\"auto, (max-width: 1280px) 100vw, 1280px\" \/><\/p>\n<h4><strong>Caract\u00e9ristiques particuli\u00e8res<\/strong><\/h4>\n<ul>\n<li><strong>Bobines double maillage<\/strong>: Des \u00e9l\u00e9ments chauffants \u00e0 double maille garantissent une r\u00e9partition optimale de la chaleur, ce qui permet aux ar\u00f4mes de s'exprimer encore plus intens\u00e9ment.<\/li>\n<li><strong>Modes de traction<\/strong>Choisissez entre le mode normal (jusqu'\u00e0 25 000 bouff\u00e9es) et le mode boost (jusqu'\u00e0 15 000 bouff\u00e9es) pour une exp\u00e9rience personnalis\u00e9e.<\/li>\n<li><strong>D\u00e9bit d'air r\u00e9glable<\/strong>: Ajustez le courant d'air en fonction de vos pr\u00e9f\u00e9rences.<\/li>\n<li><strong>\u00c9cran tactile de 2,1 pouces<\/strong>: Utilisation intuitive avec affichage du statut de la batterie et du niveau de liquide \u00e9lectronique.<\/li>\n<li><strong>Charge USB-C<\/strong>: Chargement rapide et pratique pour une utilisation fluide.<\/li>\n<li><strong>5% Nicotine strength<\/strong>: Parfaitement adapt\u00e9 pour une exp\u00e9rience de vape satisfaisante.<\/li>\n<li><strong>Divertissement int\u00e9gr\u00e9<\/strong>: Profitez en outre d'options de divertissement innovantes - un v\u00e9ritable polyvalent.<\/li>\n<\/ul>\n<hr \/>\n<h4><strong>Profils de saveur uniques : Cherry Lemon Zest<\/strong><\/h4>\n<p>Le go\u00fbt \u00ab Cherry Lemon Zest \u00bb d\u00e9voile une diversit\u00e9 d'ar\u00f4mes impressionnante qui ravira vos sens. La douceur juteuse des cerises m\u00fbres rencontre la fra\u00eecheur p\u00e9tillante des zestes de citron et cr\u00e9e une harmonie d\u00e9licieuse de sucr\u00e9 et d'acide. \u00c0 chaque bouff\u00e9e, vous exp\u00e9rimenterez un go\u00fbt si vivant et rafra\u00eechissant qu'il offre l'\u00e9quilibre parfait entre la fruit\u00e9 et l'intensit\u00e9.<\/p>\n<p><strong>Description gustative :<\/strong><\/p>\n<ul>\n<li><strong>Noix de muscade<\/strong>: Notes profondes et suaves qui rappellent les fruits m\u00fbris au soleil.<\/li>\n<li><strong>Zests de citron<\/strong>: Des ar\u00f4mes de citron frais et revitalisants pour une touche exaltante.<\/li>\n<li><strong>D\u00e9part harmonieux<\/strong>: Finale doux, qui persiste longtemps sur la langue.<\/li>\n<\/ul>\n<p>Que ce soit pour la vie quotidienne ou pour des occasions sp\u00e9ciales - cette saveur vous surprendra toujours \u00e0 nouveau.<\/p>\n<hr \/>\n<h4><strong>Pourquoi vous les <a href=\"https:\/\/alfakherwelt.de\/fr\/categorie-de-produit\/airmez-matrice-25000\/\">Airmez Matrix 25000<\/a> devraient acheter<\/strong><\/h4>\n<ol>\n<li><strong>Technologie et design<\/strong>: Des fonctionnalit\u00e9s avanc\u00e9es telles qu'un \u00e9cran tactile et un d\u00e9bit d'air r\u00e9glable diff\u00e9rencient ce mod\u00e8le de la concurrence.<\/li>\n<li><strong>Durabilit\u00e9<\/strong>: Jusqu'\u00e0 25 000 trains - id\u00e9al pour les amateurs de vapeur qui appr\u00e9cient la fiabilit\u00e9.<\/li>\n<li><strong>Manipulation facile<\/strong>: Parfait pour \u00eatre emport\u00e9, sans rechargement ni r\u00e9glages compliqu\u00e9s.<\/li>\n<li><strong>D\u00e9veloppement exceptionnel du go\u00fbt<\/strong>: Gr\u00e2ce aux coils Dual-Mesh, vous appr\u00e9ciez chaque ar\u00f4me dans son intensit\u00e9 maximale.<\/li>\n<li><strong>Exclusivement disponible sur alfakherwelt.de<\/strong>Achetez ce produit exceptionnel de mani\u00e8re s\u00fbre et pratique chez le plus grand fournisseur allemand de cigarettes \u00e9lectroniques jetables.<\/li>\n<\/ol>\n<hr \/>\n<h4><strong>Conclusion<\/strong><\/h4>\n<p>La Airmez Matrix 25000 jetable E-Zigarette est plus qu'un simple vape - c'est une d\u00e9claration de technologie moderne et de qualit\u00e9. Avec des profils de saveur exceptionnels comme Cherry Lemon Zest, un nombre de tirages sans pr\u00e9c\u00e9dent et une interface utilisateur qui ne laisse aucun souhait insatisfait, elle est le choix id\u00e9al pour les vapoteurs en Allemagne. Commandez d\u00e8s aujourd'hui sur <a href=\"https:\/\/alfakherwelt.de\/fr\/\"><strong>alfakherwelt.de<\/strong> <\/a>et vivez la jouissance de la vapeur de la prochaine g\u00e9n\u00e9ration.<\/p>","protected":false},"excerpt":{"rendered":"<div class=\"flex-shrink-0 flex flex-col relative items-end\">\n<div class=\"pt-0\">\n<div class=\"gizmo-shadow-stroke flex h-8 w-8 items-center justify-center overflow-hidden rounded-full\">\n<div class=\"h-full w-full\">La <strong>Airmez Matrix 25000<\/strong> Cigarette \u00e9lectronique jetable Alfakherwelt combine une technologie innovante, un go\u00fbt intense et une facilit\u00e9 d'utilisation exceptionnelle, avec jusqu'\u00e0 25 000 bouff\u00e9es, un d\u00e9bit d'air r\u00e9glable et un \u00e9cran tactile de 2,1 pouces, disponible exclusivement sur alfakherwelt.de.<\/div>\n<\/div>\n<\/div>\n<\/div>","protected":false},"featured_media":1253,"comment_status":"open","ping_status":"closed","template":"","meta":[],"product_brand":[],"product_cat":[53],"product_tag":[],"class_list":{"0":"post-1251","1":"product","2":"type-product","3":"status-publish","4":"has-post-thumbnail","6":"product_cat-airmez-matrix-25000","8":"first","9":"instock","10":"sale","11":"shipping-taxable","12":"purchasable","13":"product-type-simple"},"jetpack_sharing_enabled":true,"_links":{"self":[{"href":"https:\/\/alfakherwelt.de\/fr\/wp-json\/wp\/v2\/product\/1251","targetHints":{"allow":["GET"]}}],"collection":[{"href":"https:\/\/alfakherwelt.de\/fr\/wp-json\/wp\/v2\/product"}],"about":[{"href":"https:\/\/alfakherwelt.de\/fr\/wp-json\/wp\/v2\/types\/product"}],"replies":[{"embeddable":true,"href":"https:\/\/alfakherwelt.de\/fr\/wp-json\/wp\/v2\/comments?post=1251"}],"wp:featuredmedia":[{"embeddable":true,"href":"https:\/\/alfakherwelt.de\/fr\/wp-json\/wp\/v2\/media\/1253"}],"wp:attachment":[{"href":"https:\/\/alfakherwelt.de\/fr\/wp-json\/wp\/v2\/media?parent=1251"}],"wp:term":[{"taxonomy":"product_brand","embeddable":true,"href":"https:\/\/alfakherwelt.de\/fr\/wp-json\/wp\/v2\/product_brand?post=1251"},{"taxonomy":"product_cat","embeddable":true,"href":"https:\/\/alfakherwelt.de\/fr\/wp-json\/wp\/v2\/product_cat?post=1251"},{"taxonomy":"product_tag","embeddable":true,"href":"https:\/\/alfakherwelt.de\/fr\/wp-json\/wp\/v2\/product_tag?post=1251"}],"curies":[{"name":"wp","href":"https:\/\/api.w.org\/{rel}","templated":true}]}}